{"id":19570,"date":"2022-08-15T18:01:27","date_gmt":"2022-08-15T18:01:27","guid":{"rendered":"https:\/\/sitechecker.pro\/?page_id=19570"},"modified":"2025-03-20T10:04:33","modified_gmt":"2025-03-20T10:04:33","slug":"google-keyword-search-volume-checker-find-volume-stats-easy","status":"publish","type":"page","link":"https:\/\/sitechecker.pro\/pt\/keyword-search-volume-checker\/","title":{"rendered":"Verificador de volume de pesquisa de palavras-chave do Google \u2611"},"content":{"rendered":"<p><\/p>\n<h2 id=\"par1\">O que \u00e9 o verificador de volume de pesquisa de palavras-chave?<\/h2>\n<p>O Keyword Search Volume Checker da <a href=\"https:\/\/sitechecker.pro\/\" target=\"_blank\" rel=\"noopener noreferrer\">Sitechecker<\/a> foi concebido para verificar o volume de pesquisa de palavras-chave e fornecer ideias com base nos dados da Consola de Pesquisa do Google, na an\u00e1lise SERP e nas informa\u00e7\u00f5es da concorr\u00eancia. Oferece funcionalidades como a dete\u00e7\u00e3o de volumes de pesquisa, verifica\u00e7\u00e3o de v\u00e1rias classifica\u00e7\u00f5es com defini\u00e7\u00f5es personaliz\u00e1veis para localiza\u00e7\u00e3o e idioma e integra\u00e7\u00e3o com contas Google para importa\u00e7\u00e3o de dados e acompanhamento do desempenho em tempo real.<\/p>\n<h3>Como \u00e9 que a ferramenta o pode ajudar?<\/h3>\n<p><strong>Detetar volumes de pesquisa: <\/strong>permite verificar o volume de palavras-chave para saber qual a popularidade de determinadas consultas<\/p>\n<p><strong>Verifica\u00e7\u00e3o de v\u00e1rias classifica\u00e7\u00f5es: <\/strong>permite-lhe personalizar a localiza\u00e7\u00e3o, o dispositivo e o idioma para obter informa\u00e7\u00f5es personalizadas.<\/p>\n<p><strong>Integra\u00e7\u00f5es de contas Google: <\/strong>A Consola de Pesquisa do Google \u00e9 suportada para importar palavras-chave e acompanhar o seu desempenho em tempo real.<\/p>\n<h3>Principais caracter\u00edsticas do Keyword Volume Finder<\/h3>\n<p><strong>Unified Dashboard: <\/strong>oferece uma vis\u00e3o geral abrangente das m\u00e9tricas de SEO, permitindo uma monitoriza\u00e7\u00e3o e an\u00e1lise simplificadas.<\/p>\n<p><strong>User-friendly Interface: <\/strong>concebida para facilitar a navega\u00e7\u00e3o, tornando-a acess\u00edvel a utilizadores de todos os n\u00edveis de compet\u00eancias.<\/p>\n<p><strong>Conjunto completo de ferramentas SEO: <\/strong>fornece um conjunto completo de ferramentas necess\u00e1rias para uma implementa\u00e7\u00e3o eficaz da estrat\u00e9gia de SEO, desde a pesquisa de palavras-chave at\u00e9 \u00e0s auditorias de s\u00edtios.<\/p>\n<h2 id=\"par2\">Como utilizar a ferramenta<\/h2>\n<p>A nossa ferramenta pode ajudar a aumentar significativamente as classifica\u00e7\u00f5es de SEO do seu s\u00edtio Web. Gra\u00e7as \u00e0 sua funcionalidade, obter\u00e1 estat\u00edsticas actualizadas sobre as palavras-chave mais bem classificadas e dicas sobre quais as que deve integrar no seu site para o fazer sobressair.<\/p>\n<p>Veja estes 3 passos r\u00e1pidos para ver como funciona:<\/p>\n<h3>Passo 1. Insira o seu dom\u00ednio<\/h3>\n<p>Para come\u00e7ar a trabalhar com a nossa ferramenta, introduza o dom\u00ednio do seu s\u00edtio Web na barra de pesquisa da p\u00e1gina inicial. Para iniciar uma verifica\u00e7\u00e3o, clique no respetivo bot\u00e3o &#8220;Verificar volume de palavras-chave&#8221;.<\/p>\n<div class=\"content__img-wrap\"><img src=\"https:\/\/sitechecker.pro\/wp-content\/uploads\/2024\/02\/keyword-search-volume-checker.png\" alt=\"Keyword Search Volume Checker\" class=\"description-img description-img-zoom\" loading=\"lazy\" ><\/div>\n<div class=\"important-block\">Para receber resultados e acesso aos recursos do Sitechecker por 14 dias, inicie seu teste GRATUITO. A inscri\u00e7\u00e3o \u00e9 f\u00e1cil com seu e-mail, conta do Google ou Facebook. N\u00e3o \u00e9 necess\u00e1rio cart\u00e3o de cr\u00e9dito.<\/div>\n<h3>Passo 2: Configura\u00e7\u00e3o de palavras-chave<\/h3>\n<p>Seleccione e avalie facilmente as classifica\u00e7\u00f5es das consultas de pesquisa utilizando um de tr\u00eas m\u00e9todos: receber sugest\u00f5es, utilizar dados da Consola de Pesquisa do Google ou carregar atrav\u00e9s de um ficheiro Excel.<\/p>\n<div class=\"content__img-wrap\"><img src=\"https:\/\/sitechecker.pro\/wp-content\/uploads\/2024\/02\/keyword-configuration.png\" alt=\"Keyword Configuration\" class=\"description-img description-img-zoom\" loading=\"lazy\" ><\/div>\n<p>O analisador facilita a descoberta de todas as palavras-chave relevantes associadas \u00e0s classifica\u00e7\u00f5es do seu site. Seleccione aquelas que se alinham com os seus objectivos de marketing e acompanhe consistentemente o seu desempenho.<\/p>\n<div class=\"content__img-wrap\"><img src=\"https:\/\/sitechecker.pro\/wp-content\/uploads\/2024\/02\/keyword-suggestions-1.png\" alt=\"Keyword Suggestions\" class=\"description-img description-img-zoom\" loading=\"lazy\" ><\/div>\n<p>Seleccione &#8220;Consola de pesquisa do Google&#8221; para importar palavras-chave e avaliar as suas classifica\u00e7\u00f5es para estes termos. \u00c9 apresentada uma caixa de di\u00e1logo que o orienta para estabelecer uma liga\u00e7\u00e3o com a Consola de Pesquisa do Google e o Analytics.<\/p>\n<div class=\"content__img-wrap\"><img src=\"https:\/\/sitechecker.pro\/wp-content\/uploads\/2024\/02\/connect-google-account.png\" alt=\"Connect Google Account\" class=\"description-img description-img-zoom\" loading=\"lazy\" ><\/div>\n<p>Esta funcionalidade permite que a nossa ferramenta extraia frases-chave diretamente da Consola de Pesquisa do Google, juntamente com as respectivas informa\u00e7\u00f5es de classifica\u00e7\u00e3o actuais, e as integre sem esfor\u00e7o na sua lista de acompanhamento.<\/p>\n<div class=\"content__img-wrap\"><img src=\"https:\/\/sitechecker.pro\/wp-content\/uploads\/2024\/02\/gsc-keywords.png\" alt=\"GSC Keywords\" class=\"description-img description-img-zoom\" loading=\"lazy\" ><\/div>\n<p>Utilize a op\u00e7\u00e3o &#8220;Ficheiro Excel&#8221; para carregar uma lista personalizada de consultas de pesquisa a partir de um documento Excel. O formato de f\u00e1cil utiliza\u00e7\u00e3o da ferramenta simplifica a adi\u00e7\u00e3o de muitas consultas espec\u00edficas para acompanhamento e an\u00e1lise personalizados.<\/p>\n<div class=\"content__img-wrap\"><img src=\"https:\/\/sitechecker.pro\/wp-content\/uploads\/2024\/02\/import-keywords-1.png\" alt=\"Import Keywords\" class=\"description-img description-img-zoom\" loading=\"lazy\" ><\/div>\n<p>Tamb\u00e9m tem a flexibilidade de ajustar as defini\u00e7\u00f5es do motor de pesquisa, permitindo-lhe definir o seu p\u00fablico-alvo com maior precis\u00e3o e refinar as suas prefer\u00eancias de pesquisa. Isto inclui a sele\u00e7\u00e3o de localiza\u00e7\u00f5es geogr\u00e1ficas, idiomas e dispositivos espec\u00edficos, tais como computadores de secret\u00e1ria e telem\u00f3veis, para melhor se alinharem com as caracter\u00edsticas do seu p\u00fablico.<\/p>\n<div class=\"content__img-wrap\"><img src=\"https:\/\/sitechecker.pro\/wp-content\/uploads\/2024\/02\/search-engine-settings-1.png\" alt=\"Search Engine Settings\" class=\"description-img description-img-zoom\" loading=\"lazy\" ><\/div>\n<p>Depois de finalizar as defini\u00e7\u00f5es, clique em &#8216;Adicionar&#8217;. Em seguida, a op\u00e7\u00e3o &#8216;Gerenciar palavras-chave&#8217; permitir\u00e1 que voc\u00ea categorize e priorize suas palavras-chave nas p\u00e1ginas para corresponder \u00e0 sua estrat\u00e9gia de marketing de forma eficaz.<\/p>\n<div class=\"content__img-wrap\"><img src=\"https:\/\/sitechecker.pro\/wp-content\/uploads\/2024\/02\/manage-keywords-1.png\" alt=\"Manage Keywords\" class=\"description-img description-img-zoom\" loading=\"lazy\" ><\/div>\n<h3>Passo 3: Recolher dados de volume de pesquisa para palavras-chave alvo<\/h3>\n<p>Uma vez adicionadas as palavras-chave, a ferramenta re\u00fane dados de resultados de pesquisa para esses termos e gera uma lista de pedidos rastre\u00e1veis. Nesta altura, pode agrupar palavras-chave relevantes para rastreio, URLs, incluindo o volume de consultas e a presen\u00e7a de snippets em destaque, entre outras m\u00e9tricas.<\/p>\n<div class=\"content__img-wrap\"><img src=\"https:\/\/sitechecker.pro\/wp-content\/uploads\/2024\/02\/keywords-volume.png\" alt=\"Keywords Volume\" class=\"description-img description-img-zoom\" loading=\"lazy\" ><\/div>\n<h2 id=\"par3\">Caracter\u00edsticas adicionais<\/h2>\n<p>O Bulk Keyword Search Volume Checker inclui uma \u00e1rea de navega\u00e7\u00e3o principal onde pode alternar entre &#8216;Palavras-chave&#8217; e &#8216;P\u00e1ginas&#8217;, indicando duas perspectivas diferentes para an\u00e1lise. Um seletor de intervalo de datas no canto superior direito permite aos utilizadores definir o per\u00edodo de tempo para os dados apresentados. Abaixo, s\u00e3o apresentadas as principais m\u00e9tricas de SEO: distribui\u00e7\u00e3o da classifica\u00e7\u00e3o, percentagem de visibilidade e progresso da indexa\u00e7\u00e3o. Estas m\u00e9tricas oferecem informa\u00e7\u00f5es sobre o desempenho da pesquisa e a visibilidade das palavras-chave ou p\u00e1ginas monitorizadas dentro do per\u00edodo especificado.<\/p>\n<div class=\"content__img-wrap\"><img src=\"https:\/\/sitechecker.pro\/wp-content\/uploads\/2024\/02\/rank-tracker-dashboard.png\" alt=\"Rank Tracker Dashboard\" class=\"description-img description-img-zoom\" loading=\"lazy\" ><\/div>\n<p>O Verificador de volume de pesquisa de palavras-chave do Google ilustra uma lista de palavras-chave juntamente com v\u00e1rias m\u00e9tricas principais. Apresenta o volume de pesquisa de cada palavra-chave, o gr\u00e1fico de tend\u00eancias e a posi\u00e7\u00e3o atual nas classifica\u00e7\u00f5es de pesquisa.<\/p>\n<p>Al\u00e9m disso, fornece uma compara\u00e7\u00e3o di\u00e1ria das altera\u00e7\u00f5es nas posi\u00e7\u00f5es de classifica\u00e7\u00e3o. Cada palavra-chave \u00e9 acompanhada por bandeiras que indicam o pa\u00eds visado e um \u00edcone de carater\u00edstica SERP, o que sugere que a ferramenta tamb\u00e9m acompanha as caracter\u00edsticas da p\u00e1gina de resultados do motor de busca associadas a cada palavra-chave.<\/p>\n<div class=\"content__img-wrap\"><img src=\"https:\/\/sitechecker.pro\/wp-content\/uploads\/2024\/02\/keywords-positions.png\" alt=\"Keywords Positions\" class=\"description-img description-img-zoom\" loading=\"lazy\" ><\/div>\n<h2 id=\"par4\">Ideia Final<\/h2>\n<p>O Keyword Search Volume Finder \u00e9 uma ferramenta digital concebida para ajudar a melhorar a SEO de um s\u00edtio Web, estimando o volume de pesquisa de palavras-chave e fornecendo ideias com base nos dados da Consola de Pesquisa do Google, na an\u00e1lise SERP e nas informa\u00e7\u00f5es da concorr\u00eancia. Oferece funcionalidades como a medi\u00e7\u00e3o de volumes de pesquisa, verifica\u00e7\u00e3o de v\u00e1rias classifica\u00e7\u00f5es com defini\u00e7\u00f5es personaliz\u00e1veis para localiza\u00e7\u00e3o e idioma e integra\u00e7\u00e3o com contas Google para importa\u00e7\u00e3o de dados e acompanhamento do desempenho em tempo real. As suas principais caracter\u00edsticas incluem um painel de controlo unificado para m\u00e9tricas de SEO, uma interface de f\u00e1cil utiliza\u00e7\u00e3o para uma navega\u00e7\u00e3o simples e um conjunto completo de ferramentas de SEO para pesquisa de palavras-chave e auditorias de s\u00edtios. A ferramenta ajuda na configura\u00e7\u00e3o de palavras-chave e fornece an\u00e1lises detalhadas para informar e melhorar as estrat\u00e9gias de SEO.<\/p>\n<div id=\"par5\"><\/div>\n<p><div class=\"front__faq-block\"><div class=\"faq__block-title\">FAQ<\/div><div class=\"panel-group\" id=\"faq-accordion\" itemscope itemtype=\"https:\/\/schema.org\/FAQPage\" role=\"tablist\" aria-multiselectable=\"true\"><div class=\"panel\" itemscope itemtype=\"https:\/\/schema.org\/Question\" itemprop=\"mainEntity\">\n                            <div class=\"panel-heading\" id=\"headingFaq-1\">\n                                <div class=\"panel-title\" data-toggle=\"collapse\" aria-expanded=\"false\" href=\"#collapseFaq-1\">\n                                    <h3 itemprop=\"name\">Posso rastrear o volume de pesquisa de palavras-chave em diferentes pa\u00edses?<\/h3>\n                                <\/div>\n                            <\/div>\n                            <div id=\"collapseFaq-1\" class=\"panel-collapse collapse\" itemprop=\"acceptedAnswer\" itemscope itemtype=\"http:\/\/schema.org\/Answer\">\n                                <div class=\"panel-body\" itemprop=\"text\">Sim, a ferramenta permite que voc\u00ea personalize sua pesquisa selecionando localiza\u00e7\u00f5es geogr\u00e1ficas espec\u00edficas para rastrear volumes de pesquisa de palavras-chave relevantes para diferentes pa\u00edses.<\/div>\n                            <\/div>\n                        <\/div><div class=\"panel\" itemscope itemtype=\"https:\/\/schema.org\/Question\" itemprop=\"mainEntity\">\n                            <div class=\"panel-heading\" id=\"headingFaq-2\">\n                                <div class=\"panel-title\" data-toggle=\"collapse\" aria-expanded=\"false\" href=\"#collapseFaq-2\">\n                                    <h3 itemprop=\"name\">A pesquisa de volume de pesquisa por palavra-chave \u00e9 \u00fatil para marketing de conte\u00fado?<\/h3>\n                                <\/div>\n                            <\/div>\n                            <div id=\"collapseFaq-2\" class=\"panel-collapse collapse\" itemprop=\"acceptedAnswer\" itemscope itemtype=\"http:\/\/schema.org\/Answer\">\n                                <div class=\"panel-body\" itemprop=\"text\">Com certeza, ajuda a identificar palavras-chave de alto volume para segmentar, alinhando seu conte\u00fado com o que seu p\u00fablico est\u00e1 procurando, melhorando assim sua estrat\u00e9gia de marketing de conte\u00fado.<\/div>\n                            <\/div>\n                        <\/div><div class=\"panel\" itemscope itemtype=\"https:\/\/schema.org\/Question\" itemprop=\"mainEntity\">\n                            <div class=\"panel-heading\" id=\"headingFaq-3\">\n                                <div class=\"panel-title\" data-toggle=\"collapse\" aria-expanded=\"false\" href=\"#collapseFaq-3\">\n                                    <h3 itemprop=\"name\">Com que frequ\u00eancia os dados de classifica\u00e7\u00e3o de palavras-chave s\u00e3o atualizados na ferramenta?<\/h3>\n                                <\/div>\n                            <\/div>\n                            <div id=\"collapseFaq-3\" class=\"panel-collapse collapse\" itemprop=\"acceptedAnswer\" itemscope itemtype=\"http:\/\/schema.org\/Answer\">\n                                <div class=\"panel-body\" itemprop=\"text\">A ferramenta fornece atualiza\u00e7\u00f5es regulares, com frequ\u00eancia dependendo das configura\u00e7\u00f5es e assinaturas espec\u00edficas que voc\u00ea escolheu na ferramenta.<\/div>\n                            <\/div>\n                        <\/div><\/div><\/div><\/p>","protected":false},"excerpt":{"rendered":"O que \u00e9 o verificador de volume de pesquisa de palavras-chave? O Keyword Search Volume Checker da Sitechecker foi concebido para verificar o volume de pesquisa de palavras-chave e fornecer ideias com base nos dados da Consola de Pesquisa do Google, na an\u00e1lise SERP e nas informa\u00e7\u00f5es da concorr\u00eancia. Oferece funcionalidades como a dete\u00e7\u00e3o de&#8230;","protected":false},"author":10718706,"featured_media":23028,"parent":0,"menu_order":0,"comment_status":"closed","ping_status":"closed","template":"pages-templates\/pages-minitools-3.php","meta":[],"categories":[71],"tags":[],"_links":{"self":[{"href":"https:\/\/sitechecker.pro\/pt\/wp-json\/wp\/v2\/pages\/19570"}],"collection":[{"href":"https:\/\/sitechecker.pro\/pt\/wp-json\/wp\/v2\/pages"}],"about":[{"href":"https:\/\/sitechecker.pro\/pt\/wp-json\/wp\/v2\/types\/page"}],"author":[{"embeddable":true,"href":"https:\/\/sitechecker.pro\/pt\/wp-json\/wp\/v2\/users\/10718706"}],"replies":[{"embeddable":true,"href":"https:\/\/sitechecker.pro\/pt\/wp-json\/wp\/v2\/comments?post=19570"}],"version-history":[{"count":15,"href":"https:\/\/sitechecker.pro\/pt\/wp-json\/wp\/v2\/pages\/19570\/revisions"}],"predecessor-version":[{"id":36079,"href":"https:\/\/sitechecker.pro\/pt\/wp-json\/wp\/v2\/pages\/19570\/revisions\/36079"}],"wp:featuredmedia":[{"embeddable":true,"href":"https:\/\/sitechecker.pro\/pt\/wp-json\/wp\/v2\/media\/23028"}],"wp:attachment":[{"href":"https:\/\/sitechecker.pro\/pt\/wp-json\/wp\/v2\/media?parent=19570"}],"wp:term":[{"taxonomy":"category","embeddable":true,"href":"https:\/\/sitechecker.pro\/pt\/wp-json\/wp\/v2\/categories?post=19570"},{"taxonomy":"post_tag","embeddable":true,"href":"https:\/\/sitechecker.pro\/pt\/wp-json\/wp\/v2\/tags?post=19570"}],"curies":[{"name":"wp","href":"https:\/\/api.w.org\/{rel}","templated":true}]}}