{"id":19062,"date":"2022-08-11T16:57:22","date_gmt":"2022-08-11T16:57:22","guid":{"rendered":"https:\/\/sitechecker.pro\/?page_id=19062"},"modified":"2026-02-16T17:01:41","modified_gmt":"2026-02-16T17:01:41","slug":"website-image-file-size-checker-optimize-images-speed-improve","status":"publish","type":"page","link":"https:\/\/sitechecker.pro\/pt\/image-size-checker\/","title":{"rendered":"Verificador do tamanho do ficheiro de imagem | Verificar a otimiza\u00e7\u00e3o da imagem do site \u2611"},"content":{"rendered":"<p>Corrigir o tamanho da imagem no seu website pode melhorar significativamente o seu desempenho e torn\u00e1-lo mais atraente para os utilizadores. A otimiza\u00e7\u00e3o dos recursos visuais melhora a velocidade de carregamento de toda a p\u00e1gina, fazendo com que os utilizadores permane\u00e7am na p\u00e1gina e n\u00e3o percam tempo \u00e0 espera que a imagem apare\u00e7a. Al\u00e9m de melhorar a experi\u00eancia do utilizador e o desempenho da p\u00e1gina, as imagens tamb\u00e9m podem melhorar o <a href=\"https:\/\/sitechecker.pro\/on-page-seo-checker\/\" target=\"_blank\" rel=\"noopener noreferrer\">SEO na p\u00e1gina<\/a>.<\/p>\n<p>Partilharemos insights sobre como melhorar e otimizar as imagens no seu website para que possam acrescentar valor \u00e0 sua p\u00e1gina e melhorar o seu desempenho. Al\u00e9m disso, vamos contar-lhe mais sobre a nossa ferramenta de verifica\u00e7\u00e3o do tamanho do ficheiro que pode utilizar para uma an\u00e1lise r\u00e1pida e eficiente.<\/p>\n<h2 id=\"ik_what_is\">O que \u00e9 um verificador de tamanho de ficheiro de imagem de site?<\/h2>\n<p>O nosso verificador de tamanho de imagem \u00e9 uma ferramenta minimalista, mas \u00fatil. Mostra se todas as imagens no seu site cumprem os requisitos de tamanho e n\u00e3o afetam o desempenho do site. \u00c9 f\u00e1cil de utilizar e n\u00e3o requer qualquer habilidade extra para configurar e iniciar a an\u00e1lise.<\/p>\n<p>A ferramenta rastreia todas as p\u00e1ginas do seu website e processa todas as imagens carregadas. Assim que o relat\u00f3rio estiver pronto, ver\u00e1 se algum deles tem problemas com o tamanho e, portanto, precisa de otimiza\u00e7\u00e3o.<\/p>\n<h2 id=\"ik_how_to_use\">Como utilizar um verificador de tamanho de ficheiro de imagem?<\/h2>\n<p>A nossa ferramenta \u00e9 bastante r\u00e1pida e f\u00e1cil de utilizar. \u00c9 por isso que a an\u00e1lise n\u00e3o demorar\u00e1 mais do que alguns minutos. Prepar\u00e1mos um breve guia passo a passo para lidar facilmente com a verifica\u00e7\u00e3o do tamanho da imagem do seu primeiro website.<\/p>\n<h3>Passo 1. Introduza o URL e inicie um teste gratuito<\/h3>\n<p>Copie o URL do seu website e insira-o na p\u00e1gina inicial da calculadora de tamanho de ficheiro de imagem. Ver\u00e1 um campo de pesquisa onde poder\u00e1 col\u00e1-lo. A an\u00e1lise come\u00e7ar\u00e1 em breve. Poder\u00e1 executar esta verifica\u00e7\u00e3o gratuitamente. Clique no bot\u00e3o Teste gratuito junto \u00e0 barra de pesquisa. N\u00e3o precisa de adicionar os dados do seu cart\u00e3o de cr\u00e9dito para trabalhar com ele.<\/p>\n<div class=\"content__img-wrap\"><img src=\"https:\/\/sitechecker.pro\/wp-content\/uploads\/2022\/08\/image_size_checker_1.png\" alt=\"Verificador de ficheiros de tamanhos de imagens do site, primeiro passo\" class=\"description-img description-img-zoom\" loading=\"lazy\" ><\/div>\n<h3>Passo 2. Receba um relat\u00f3rio<\/h3>\n<p>Em poucos minutos, receber\u00e1 o relat\u00f3rio detalhado da auditoria na p\u00e1gina. No bloco Imagens, ver\u00e1 se alguma imagem excede o tamanho de ficheiro recomendado e a quantidade exata destes problemas. A ferramenta mostra o c\u00f3digo de estado, os atributos alt e title da <a href=\"https:\/\/sitechecker.pro\/broken-image-checker\/\" data-wpil-monitor-id=\"231\">imagem<\/a>.<\/p>\n<div class=\"content__img-wrap\"><img src=\"https:\/\/sitechecker.pro\/wp-content\/uploads\/2022\/08\/image_size_checker_2.png\" alt=\"Resultado da ferramenta de teste de ficheiros de imagem\" class=\"description-img description-img-zoom\" loading=\"lazy\" ><\/div>\n<h2 id=\"ik_how_detect_issues\">Como encontrar p\u00e1ginas com imagens n\u00e3o optimizadas que pesam mais de 100 KB?<\/h2>\n<p>Se quiser detetar rapidamente quais as p\u00e1ginas do seu website que aumentam mais o peso e otimiz\u00e1-las, o verificador de tamanho de ficheiro de imagem pode ajudar. Assim que come\u00e7a a rastrear, n\u00e3o executamos apenas um rastreio de URL, mas verificamos todas as p\u00e1ginas do website. No final, informamos quantas e quais as p\u00e1ginas que cont\u00eam imagens n\u00e3o otimizadas. Encontrar\u00e1 esta informa\u00e7\u00e3o na p\u00e1gina de resumo da auditoria do website, na categoria Velocidade da p\u00e1gina. Ao clicar no bot\u00e3o \u201cVer problema\u201d, pode obter a lista de URLs.<\/p>\n<div class=\"content__img-wrap\"><img src=\"https:\/\/sitechecker.pro\/wp-content\/uploads\/2022\/08\/image_size_checker_3.png\" alt=\"Problemas com os tamanhos de imagem do resumo da auditoria do site\" class=\"description-img description-img-zoom\" loading=\"lazy\" ><\/div>\n<p>Na lista de p\u00e1ginas, poder\u00e1 \u201cVer o problema no c\u00f3digo\u201d e ler as instru\u00e7\u00f5es sobre como corrigi-lo.<\/p>\n<div class=\"content__img-wrap\"><img src=\"https:\/\/sitechecker.pro\/wp-content\/uploads\/2022\/08\/image_size_checker_4.png\" alt=\"Detalhes dos problemas de tamanho de imagem\" class=\"description-img description-img-zoom\" loading=\"lazy\" ><\/div>\n    <div class=\"blog__conversion blog__conversion-app element__logged_out\">\n        <div class=\"blog__conversion-inner\">\n            <p class=\"title\">Analise n\u00e3o s\u00f3 o tamanho das imagens, mas todo o site!<\/p>\n            <p class=\"description\">Fa\u00e7a uma auditoria completa para descobrir e corrigir o seu SEO t\u00e9cnico.<\/p>\n            <form id=\"audit__form\"\n                  class=\"article__seo-search audit__form Fa\u00e7a uma auditoria completa para descobrir e corrigir o seu SEO t\u00e9cnico.\"\n                  action=\"\"\n                  method=\"POST\"\n                  autocomplete=\"off\">\n                <span class=\"error\"><\/span>\n                <div class=\"error__limits\">Something went wrong. Please, try again later.<\/div>\n                <input name=\"url\"\n                       type=\"text\"\n                       placeholder=\"Introduza aqui o seu dom\u00ednio\">\n                                <button type=\"submit\"\n                        class=\"sitechecker__text\">\n                    <span>Iniciar auditoria<\/span>\n                    <img src=\"\/wp-content\/themes\/sitechecker\/out\/img_design\/loading.svg\"\n                         width=\"31\"\n                         height=\"30\"\n                         class=\"loading\">\n                <\/button>\n            <\/form>\n        <\/div>\n    <\/div>\n    \n<h2 id=\"ik_importance\">Porque \u00e9 que o tamanho do ficheiro de imagem \u00e9 importante para o SEO e Como \u00e9 que isso afeta a velocidade da p\u00e1gina?<\/h2>\n<p>Como as imagens representam uma parte bastante grande do peso geral do website, afetam o desempenho das p\u00e1ginas. Quanto mais pesadas forem as imagens, mais tempo as p\u00e1ginas demorar\u00e3o a carregar. Portanto, se pretende melhorar as m\u00e9tricas de SEO da sua p\u00e1gina, otimizar e comprimir cada imagem \u00e9 o melhor a fazer. O tamanho ideal seria inferior a 100 KB.<\/p>\n<p>O JPEG \u00e9 o formato mais adequado para o carregamento numa p\u00e1gina web. Um dos principais motivos \u00e9 que pode diminuir o tamanho da imagem em mais de 50% sem perdas significativas de qualidade.<\/p>\n<p>Para garantir que o seu website carrega rapidamente e bem, experimente a nossa ferramenta <a href=\"https:\/\/sitechecker.pro\/speed-test\/\" target=\"_blank\" rel=\"noopener noreferrer\">Teste de velocidade do website<\/a> \u2014 pode executar estas verifica\u00e7\u00f5es r\u00e1pidas sempre que carregar novas imagens ou p\u00e1ginas para um website.<\/p>\n<p>Al\u00e9m disso, a utiliza\u00e7\u00e3o de um <a href=\"https:\/\/sitechecker.pro\/website-image-crawler\/\">Rastreador de imagens de websites<\/a> pode ajud\u00e1-lo a identificar imagens n\u00e3o otimizadas no seu website, garantindo que todo o conte\u00fado visual \u00e9 comprimido corretamente para melhores tempos de carregamento e desempenho SEO.<\/p>\n<h2 id=\"ik_how_to_fix\">Como corrigir o problema &#8220;O tamanho da imagem \u00e9 superior a 100 KB&#8221;?<\/h2>\n<p>Existem v\u00e1rias formas principais de corrigir este problema. Pode descobrir mais sobre tudo isto no <a href=\"https:\/\/sitechecker.pro\/site-audit-issues\/image-size-100-kb\/\" target=\"_blank\" rel=\"noopener noreferrer\">guia sobre como corrigir imagens com um tamanho superior a 100 KB<\/a>. Tamb\u00e9m pode procurar as respostas neste guia de v\u00eddeo abrangente de <a href=\"https:\/\/www.youtube.com\/c\/eldargezalov\" target=\"_blank\" rel=\"noopener noreferrer\">Eldar Gezalov<\/a>.<\/p>\n<p><iframe title=\"YouTube Video Player\" src=\"https:\/\/www.youtube.com\/embed\/l8RitnDp5rU\" width=\"700\" height=\"350\" frameborder=\"0\" allowfullscreen=\"allowfullscreen\"><\/iframe><\/p>\n<p><div class=\"front__faq-block\"><div class=\"faq__block-title\">FAQ<\/div><div class=\"panel-group\" id=\"faq-accordion\" itemscope itemtype=\"https:\/\/schema.org\/FAQPage\" role=\"tablist\" aria-multiselectable=\"true\"><div class=\"panel\" itemscope itemtype=\"https:\/\/schema.org\/Question\" itemprop=\"mainEntity\">\n                            <div class=\"panel-heading\" id=\"headingFaq-1\">\n                                <div class=\"panel-title\" data-toggle=\"collapse\" aria-expanded=\"false\" href=\"#collapseFaq-1\">\n                                    <h3 itemprop=\"name\">Qual \u00e9 o tamanho de imagem ideal para um SEO eficaz?<\/h3>\n                                <\/div>\n                            <\/div>\n                            <div id=\"collapseFaq-1\" class=\"panel-collapse collapse\" itemprop=\"acceptedAnswer\" itemscope itemtype=\"http:\/\/schema.org\/Answer\">\n                                <div class=\"panel-body\" itemprop=\"text\">O melhor tamanho que deve ambicionar \u00e9 qualquer coisa abaixo dos 70 KB. Quanto mais pequeno for o tamanho, melhor ser\u00e1 a velocidade de carregamento da imagem. Isto melhora o desempenho da sua p\u00e1gina, n\u00e3o afeta o seu aspeto visual e n\u00e3o incomoda os utilizadores que esperam que todos os elementos da p\u00e1gina carreguem.<\/div>\n                            <\/div>\n                        <\/div><div class=\"panel\" itemscope itemtype=\"https:\/\/schema.org\/Question\" itemprop=\"mainEntity\">\n                            <div class=\"panel-heading\" id=\"headingFaq-2\">\n                                <div class=\"panel-title\" data-toggle=\"collapse\" aria-expanded=\"false\" href=\"#collapseFaq-2\">\n                                    <h3 itemprop=\"name\">Como otimizar o tamanho do ficheiro de imagem no WordPress?<\/h3>\n                                <\/div>\n                            <\/div>\n                            <div id=\"collapseFaq-2\" class=\"panel-collapse collapse\" itemprop=\"acceptedAnswer\" itemscope itemtype=\"http:\/\/schema.org\/Answer\">\n                                <div class=\"panel-body\" itemprop=\"text\">Existem v\u00e1rias formas simples que pode seguir para otimizar as imagens para o WordPress. Primeiro, comprima as imagens que pretende adicionar l\u00e1. Utilize aplica\u00e7\u00f5es fi\u00e1veis  ou ferramentas online como o ShortPixel ou o TinyPNG que comprimem imagens sem piorar a sua qualidade. Al\u00e9m disso, pode alterar o tamanho padr\u00e3o das imagens diretamente no WordPress. Outras op\u00e7\u00f5es incluem a execu\u00e7\u00e3o de imagens atrav\u00e9s de CDN e a limpeza da biblioteca do WordPress.<\/div>\n                            <\/div>\n                        <\/div><div class=\"panel\" itemscope itemtype=\"https:\/\/schema.org\/Question\" itemprop=\"mainEntity\">\n                            <div class=\"panel-heading\" id=\"headingFaq-3\">\n                                <div class=\"panel-title\" data-toggle=\"collapse\" aria-expanded=\"false\" href=\"#collapseFaq-3\">\n                                    <h3 itemprop=\"name\">Como \u00e9 que o tamanho da imagem afeta o tamanho do ficheiro?<\/h3>\n                                <\/div>\n                            <\/div>\n                            <div id=\"collapseFaq-3\" class=\"panel-collapse collapse\" itemprop=\"acceptedAnswer\" itemscope itemtype=\"http:\/\/schema.org\/Answer\">\n                                <div class=\"panel-body\" itemprop=\"text\">\u00c9 um equ\u00edvoco popular que a resolu\u00e7\u00e3o da imagem afeta o seu tamanho. Muitos pensam que diminuir a resolu\u00e7\u00e3o afeta o tamanho da imagem e faz com que esta carregue mais rapidamente. Embora esta \u00faltima seja verdade, diminuir a resolu\u00e7\u00e3o n\u00e3o ajudar\u00e1 um ficheiro a carregar mais rapidamente no seu website.<\/div>\n                            <\/div>\n                        <\/div><\/div><\/div><\/p>","protected":false},"excerpt":{"rendered":"Corrigir o tamanho da imagem no seu website pode melhorar significativamente o seu desempenho e torn\u00e1-lo mais atraente para os utilizadores. A otimiza\u00e7\u00e3o dos recursos visuais melhora a velocidade de carregamento de toda a p\u00e1gina, fazendo com que os utilizadores permane\u00e7am na p\u00e1gina e n\u00e3o percam tempo \u00e0 espera que a imagem apare\u00e7a. Al\u00e9m de&#8230;","protected":false},"author":10718706,"featured_media":23027,"parent":0,"menu_order":0,"comment_status":"closed","ping_status":"closed","template":"pages-templates\/pages-minitools-3.php","meta":[],"categories":[74],"tags":[],"_links":{"self":[{"href":"https:\/\/sitechecker.pro\/pt\/wp-json\/wp\/v2\/pages\/19062"}],"collection":[{"href":"https:\/\/sitechecker.pro\/pt\/wp-json\/wp\/v2\/pages"}],"about":[{"href":"https:\/\/sitechecker.pro\/pt\/wp-json\/wp\/v2\/types\/page"}],"author":[{"embeddable":true,"href":"https:\/\/sitechecker.pro\/pt\/wp-json\/wp\/v2\/users\/10718706"}],"replies":[{"embeddable":true,"href":"https:\/\/sitechecker.pro\/pt\/wp-json\/wp\/v2\/comments?post=19062"}],"version-history":[{"count":12,"href":"https:\/\/sitechecker.pro\/pt\/wp-json\/wp\/v2\/pages\/19062\/revisions"}],"predecessor-version":[{"id":39297,"href":"https:\/\/sitechecker.pro\/pt\/wp-json\/wp\/v2\/pages\/19062\/revisions\/39297"}],"wp:featuredmedia":[{"embeddable":true,"href":"https:\/\/sitechecker.pro\/pt\/wp-json\/wp\/v2\/media\/23027"}],"wp:attachment":[{"href":"https:\/\/sitechecker.pro\/pt\/wp-json\/wp\/v2\/media?parent=19062"}],"wp:term":[{"taxonomy":"category","embeddable":true,"href":"https:\/\/sitechecker.pro\/pt\/wp-json\/wp\/v2\/categories?post=19062"},{"taxonomy":"post_tag","embeddable":true,"href":"https:\/\/sitechecker.pro\/pt\/wp-json\/wp\/v2\/tags?post=19062"}],"curies":[{"name":"wp","href":"https:\/\/api.w.org\/{rel}","templated":true}]}}