{"id":19058,"date":"2022-08-11T14:10:29","date_gmt":"2022-08-11T14:10:29","guid":{"rendered":"https:\/\/sitechecker.pro\/?page_id=19058"},"modified":"2025-02-25T13:21:50","modified_gmt":"2025-02-25T13:21:50","slug":"twitter-card-validator-free-test-twitter-card-sitechecker-%e1%90%88","status":"publish","type":"page","link":"https:\/\/sitechecker.pro\/pt\/twitter-card-checker\/","title":{"rendered":"Validador de cart\u00f5es do Twitter | Teste o aspeto do seu cart\u00e3o \u2611"},"content":{"rendered":"<p><\/p>\n<h2 id=\"par1\">O que \u00e9 o Twitter Card Checker?<\/h2>\n<p>O Twitter Card Tester do <a href=\"https:\/\/sitechecker.pro\/\" target=\"_blank\" rel=\"noopener noreferrer\">Sitechecker<\/a> permite-lhe testar instantaneamente a forma como os seus cart\u00f5es do Twitter aparecem quando partilhados. Verifique rapidamente a disponibilidade dos cart\u00f5es do Twitter para qualquer p\u00e1gina ou audite todo o seu website para detetar URLs de cart\u00f5es em falta e problemas de compatibilidade com dispositivos m\u00f3veis. Obtenha um relat\u00f3rio instant\u00e2neo para uma \u00fanica p\u00e1gina ou uma an\u00e1lise completa do website com monitoriza\u00e7\u00e3o cont\u00ednua.<\/p>\n<h3>Como \u00e9 que a ferramenta o pode ajudar<\/h3>\n<p><strong>Visualiza\u00e7\u00e3o do cart\u00e3o do Twitter:<\/strong> verifique rapidamente como o seu cart\u00e3o OG aparece quando partilhado, garantindo que \u00e9 apresentado corretamente com as imagens, t\u00edtulos e descri\u00e7\u00f5es corretas.<\/p>\n<p><strong>Auditoria de Twitter Cards em todo o site:<\/strong> examine todo o seu site para detetar URLs de Twitter Cards em falta ou incompletos, ajudando-o a corrigir problemas que possam afetar o envolvimento.<\/p>\n<p><strong>Verifica\u00e7\u00e3o e monitoriza\u00e7\u00e3o da compatibilidade com dispositivos m\u00f3veis:<\/strong>identifique problemas de usabilidade em dispositivos m\u00f3veis relacionados com a visualiza\u00e7\u00e3o de redes sociais e monitorize-os ao longo do tempo para garantir uma visualiza\u00e7\u00e3o ideal em todos os dispositivos.<\/p>\n<h3>Principais caracter\u00edsticas da ferramenta<\/h3>\n<p><strong>Painel unificado:<\/strong> obtenha uma vis\u00e3o abrangente da sa\u00fade SEO do seu website num \u00fanico local, incluindo auditorias, classifica\u00e7\u00f5es, backlinks e rastreio de problemas em tempo real.<\/p>\n<p><strong>Interface amig\u00e1vel:<\/strong> navega facilmente pelos relat\u00f3rios e insights de SEO com um design intuitivo, tornando-o acess\u00edvel tanto para principiantes como para especialistas.<\/p>\n<p><strong>Conjunto completo de ferramentas de SEO:<\/strong> realize auditorias detalhadas de websites, acompanhe as classifica\u00e7\u00f5es de palavras-chave, monitorize as altera\u00e7\u00f5es no website e otimize o SEO on-page com um conjunto completo de ferramentas.<\/p>\n<h2 id=\"par2\">Como utilizar a ferramenta<\/h2>\n<p>Basta introduzir o URL da sua p\u00e1gina web e escolher uma op\u00e7\u00e3o de auditoria. Para uma verifica\u00e7\u00e3o r\u00e1pida, selecione &#8220;Testar cart\u00e3o do Twitter numa p\u00e1gina&#8221; para verificar instantaneamente a disponibilidade da visualiza\u00e7\u00e3o nas redes sociais. Para uma auditoria completa do website, escolha &#8220;Testar cart\u00e3o do Twitter em todas as p\u00e1ginas&#8221; para detetar URLs de cart\u00f5es em falta e problemas de compatibilidade com dispositivos m\u00f3veis. Clique em &#8220;Iniciar auditoria&#8221; e obtenha um relat\u00f3rio detalhado para garantir que os seus links s\u00e3o apresentados corretamente no Twitter.<\/p>\n<h2 id=\"par3\">Teste os cart\u00f5es do Twitter para o site<\/h2>\n<h3>Passo 1: Selecione uma op\u00e7\u00e3o de auditoria para analisar todas as p\u00e1ginas<\/h3>\n<div class=\"content__img-wrap\"><img src=\"https:\/\/sitechecker.pro\/wp-content\/uploads\/2025\/02\/test-twitter-card-all-pages.png\" alt=\"Testar Twitter Card Todas as P\u00e1ginas\" class=\"description-img description-img-zoom\" loading=\"lazy\" ><\/div>\n<div class=\"important-block\">Para receber resultados e acesso \u00e0s funcionalidades do Sitechecker durante 14 dias, inicie o seu teste GRATUITO. \u00c9 f\u00e1cil registar-se com o seu e-mail, conta Google ou Facebook. N\u00e3o \u00e9 necess\u00e1rio cart\u00e3o de cr\u00e9dito.<\/div>\n<h3>Passo 2: Obtenha os resultados<\/h3>\n<p>Obtenha uma an\u00e1lise detalhada da implementa\u00e7\u00e3o da sua visualiza\u00e7\u00e3o de redes sociais, incluindo URLs de cart\u00f5es em falta ou incompletos, problemas de compatibilidade com dispositivos m\u00f3veis e sugest\u00f5es de corre\u00e7\u00f5es no c\u00f3digo. Identifique facilmente as p\u00e1ginas afetadas, garanta a exibi\u00e7\u00e3o adequada do conte\u00fado no Twitter e otimize o envolvimento com insights acion\u00e1veis.<\/p>\n<div class=\"content__img-wrap\"><img src=\"https:\/\/sitechecker.pro\/wp-content\/uploads\/2025\/02\/test-content-on-twitter.png\" alt=\"Testar conte\u00fados no Twitter\" class=\"description-img description-img-zoom\" loading=\"lazy\" ><\/div>\n<h3>Caracter\u00edsticas adicionais do Twitter Card Tester<\/h3>\n<p>Obtenha insights mais profundos para al\u00e9m da valida\u00e7\u00e3o de visualiza\u00e7\u00e3o de redes sociais com uma Auditoria de Website completa. Identifique problemas cr\u00edticos de SEO, avisos e oportunidades de otimiza\u00e7\u00e3o no seu website. Analise as p\u00e1ginas afetadas por categorias principais, como compatibilidade com dispositivos m\u00f3veis, indexabilidade, relev\u00e2ncia do conte\u00fado e SEO t\u00e9cnico para garantir um desempenho e visibilidade perfeitos.<\/p>\n<div class=\"content__img-wrap\"><img src=\"https:\/\/sitechecker.pro\/wp-content\/uploads\/2025\/02\/site-audit-issues_67bdb39f47a00.png\" alt=\"Problemas de auditoria do site\" class=\"description-img description-img-zoom\" loading=\"lazy\" ><\/div>\n<h2 id=\"par4\">Testar o validador de cart\u00f5es do Twitter numa p\u00e1gina<\/h2>\n<h3>Passo 1: Escolha a op\u00e7\u00e3o de teste do Twitter Card para uma p\u00e1gina<\/h3>\n<div class=\"content__img-wrap\"><img src=\"https:\/\/sitechecker.pro\/wp-content\/uploads\/2025\/02\/test-twitter-card-one-page.png\" alt=\"Teste o Twitter Card de uma p\u00e1gina\" class=\"description-img description-img-zoom\" loading=\"lazy\" ><\/div>\n<h3>Passo 2: Obten\u00e7\u00e3o dos resultados<\/h3>\n<p>Obtenha uma an\u00e1lise precisa dos metadados de visualiza\u00e7\u00e3o de publica\u00e7\u00f5es sociais da sua p\u00e1gina, incluindo o tipo de cart\u00e3o, o t\u00edtulo, a imagem e a descri\u00e7\u00e3o. Verifique instantaneamente se os seus OG Cards est\u00e3o configurados corretamente, garantindo uma apar\u00eancia e um envolvimento ideais quando partilhados no Twitter.<\/p>\n<div class=\"content__img-wrap\"><img src=\"https:\/\/sitechecker.pro\/wp-content\/uploads\/2025\/02\/twitter-card-test-results.png\" alt=\"Resultados do teste de cart\u00f5es do Twitter\" class=\"description-img description-img-zoom\" loading=\"lazy\" ><\/div>\n<h3>Caracter\u00edsticas adicionais do Twitter Card Tester<\/h3>\n<p>Obtenha insights mais profundos para al\u00e9m dos dados de snippets de media avan\u00e7ada com uma auditoria de p\u00e1gina abrangente. Identifique problemas de SEO, avisos e oportunidades de otimiza\u00e7\u00e3o, incluindo links internos, relev\u00e2ncia de conte\u00fado e conte\u00fado duplicado. Obtenha corre\u00e7\u00f5es pr\u00e1ticas para melhorar o desempenho e a visibilidade da sua p\u00e1gina. Basta clicar na sec\u00e7\u00e3o \u201cProblemas\u201d para mais detalhes.<\/p>\n<div class=\"content__img-wrap\"><img src=\"https:\/\/sitechecker.pro\/wp-content\/uploads\/2025\/02\/sitechecker-issues.png\" alt=\"Problemas do Sitechecker\" class=\"description-img description-img-zoom\" loading=\"lazy\" ><\/div>\n<h2 id=\"par5\">Ideia Final<\/h2>\n<p>O Twitter Card Validator \u00e9 uma ferramenta concebida para garantir que o seu conte\u00fado \u00e9 apresentado corretamente no Twitter. Quer necessite de uma verifica\u00e7\u00e3o r\u00e1pida de uma \u00fanica p\u00e1gina ou de uma auditoria completa do website, esta ferramenta ajuda a identificar URLs em falta e problemas de compatibilidade com dispositivos m\u00f3veis, ao mesmo tempo que fornece informa\u00e7\u00f5es pr\u00e1ticas para a otimiza\u00e7\u00e3o.<\/p>\n<p>Al\u00e9m da valida\u00e7\u00e3o da visualiza\u00e7\u00e3o nas redes sociais, a ferramenta oferece uma auditoria SEO abrangente, permitindo detetar problemas cr\u00edticos no website, monitorizar o desempenho e melhorar o engagement. Com a sua interface de f\u00e1cil utiliza\u00e7\u00e3o, conjunto completo de ferramentas de SEO e painel unificado, otimizar o seu website nunca foi t\u00e3o f\u00e1cil.<\/p>\n<div id=\"par6\"><\/div>\n<p><div class=\"front__faq-block\"><div class=\"faq__block-title\">FAQ<\/div><div class=\"panel-group\" id=\"faq-accordion\" itemscope itemtype=\"https:\/\/schema.org\/FAQPage\" role=\"tablist\" aria-multiselectable=\"true\"><div class=\"panel\" itemscope itemtype=\"https:\/\/schema.org\/Question\" itemprop=\"mainEntity\">\n                            <div class=\"panel-heading\" id=\"headingFaq-1\">\n                                <div class=\"panel-title\" data-toggle=\"collapse\" aria-expanded=\"false\" href=\"#collapseFaq-1\">\n                                    <h3 itemprop=\"name\">Que tipos de visualiza\u00e7\u00e3o de metatags pode o Twitter Card Validator verificar?<\/h3>\n                                <\/div>\n                            <\/div>\n                            <div id=\"collapseFaq-1\" class=\"panel-collapse collapse\" itemprop=\"acceptedAnswer\" itemscope itemtype=\"http:\/\/schema.org\/Answer\">\n                                <div class=\"panel-body\" itemprop=\"text\">A ferramenta pode verificar v\u00e1rios tipos de cart\u00f5es OG, incluindo a visualiza\u00e7\u00e3o de meta tags, resumo com imagens grandes, snippet de media avan\u00e7ada da aplica\u00e7\u00e3o, garantindo que s\u00e3o apresentados corretamente quando partilhados.<\/div>\n                            <\/div>\n                        <\/div><div class=\"panel\" itemscope itemtype=\"https:\/\/schema.org\/Question\" itemprop=\"mainEntity\">\n                            <div class=\"panel-heading\" id=\"headingFaq-2\">\n                                <div class=\"panel-title\" data-toggle=\"collapse\" aria-expanded=\"false\" href=\"#collapseFaq-2\">\n                                    <h3 itemprop=\"name\">Posso utilizar o Twitter Card Validator para v\u00e1rias p\u00e1ginas ao mesmo tempo?<\/h3>\n                                <\/div>\n                            <\/div>\n                            <div id=\"collapseFaq-2\" class=\"panel-collapse collapse\" itemprop=\"acceptedAnswer\" itemscope itemtype=\"http:\/\/schema.org\/Answer\">\n                                <div class=\"panel-body\" itemprop=\"text\">Sim, pode optar por testar uma \u00fanica p\u00e1gina ou realizar uma auditoria completa do website para detetar problemas de visualiza\u00e7\u00e3o de publica\u00e7\u00f5es sociais em v\u00e1rias p\u00e1ginas.<\/div>\n                            <\/div>\n                        <\/div><div class=\"panel\" itemscope itemtype=\"https:\/\/schema.org\/Question\" itemprop=\"mainEntity\">\n                            <div class=\"panel-heading\" id=\"headingFaq-3\">\n                                <div class=\"panel-title\" data-toggle=\"collapse\" aria-expanded=\"false\" href=\"#collapseFaq-3\">\n                                    <h3 itemprop=\"name\">Como posso aceder ao relat\u00f3rio completo do Twitter Card?<\/h3>\n                                <\/div>\n                            <\/div>\n                            <div id=\"collapseFaq-3\" class=\"panel-collapse collapse\" itemprop=\"acceptedAnswer\" itemscope itemtype=\"http:\/\/schema.org\/Answer\">\n                                <div class=\"panel-body\" itemprop=\"text\">Basta introduzir o URL da sua p\u00e1gina web, selecionar o tipo de auditoria e clicar em 'Iniciar auditoria'. Ap\u00f3s concluir, pode rever os metadados detalhados, as p\u00e1ginas afetadas e as sugest\u00f5es de otimiza\u00e7\u00e3o.<\/div>\n                            <\/div>\n                        <\/div><div class=\"panel\" itemscope itemtype=\"https:\/\/schema.org\/Question\" itemprop=\"mainEntity\">\n                            <div class=\"panel-heading\" id=\"headingFaq-4\">\n                                <div class=\"panel-title\" data-toggle=\"collapse\" aria-expanded=\"false\" href=\"#collapseFaq-4\">\n                                    <h3 itemprop=\"name\">Posso descarregar o meu relat\u00f3rio de auditoria?<\/h3>\n                                <\/div>\n                            <\/div>\n                            <div id=\"collapseFaq-4\" class=\"panel-collapse collapse\" itemprop=\"acceptedAnswer\" itemscope itemtype=\"http:\/\/schema.org\/Answer\">\n                                <div class=\"panel-body\" itemprop=\"text\">Sim, o Sitechecker permite exportar o seu relat\u00f3rio de auditoria como um PDF para f\u00e1cil partilha e refer\u00eancia futura.<\/div>\n                            <\/div>\n                        <\/div><div class=\"panel\" itemscope itemtype=\"https:\/\/schema.org\/Question\" itemprop=\"mainEntity\">\n                            <div class=\"panel-heading\" id=\"headingFaq-5\">\n                                <div class=\"panel-title\" data-toggle=\"collapse\" aria-expanded=\"false\" href=\"#collapseFaq-5\">\n                                    <h3 itemprop=\"name\">A ferramenta funcionar\u00e1 em qualquer site?<\/h3>\n                                <\/div>\n                            <\/div>\n                            <div id=\"collapseFaq-5\" class=\"panel-collapse collapse\" itemprop=\"acceptedAnswer\" itemscope itemtype=\"http:\/\/schema.org\/Answer\">\n                                <div class=\"panel-body\" itemprop=\"text\">Sim, funciona para qualquer site de acesso p\u00fablico, mas se a sua p\u00e1gina estiver restrita ou estiver protegida por um login, a ferramenta poder\u00e1 n\u00e3o conseguir recuperar os metadados necess\u00e1rios.<\/div>\n                            <\/div>\n                        <\/div><\/div><\/div><\/p>","protected":false},"excerpt":{"rendered":"O que \u00e9 o Twitter Card Checker? O Twitter Card Tester do Sitechecker permite-lhe testar instantaneamente a forma como os seus cart\u00f5es do Twitter aparecem quando partilhados. Verifique rapidamente a disponibilidade dos cart\u00f5es do Twitter para qualquer p\u00e1gina ou audite todo o seu website para detetar URLs de cart\u00f5es em falta e problemas de compatibilidade&#8230;","protected":false},"author":10718706,"featured_media":23031,"parent":0,"menu_order":0,"comment_status":"closed","ping_status":"closed","template":"pages-templates\/pages-minitools-3.php","meta":[],"categories":[70],"tags":[],"_links":{"self":[{"href":"https:\/\/sitechecker.pro\/pt\/wp-json\/wp\/v2\/pages\/19058"}],"collection":[{"href":"https:\/\/sitechecker.pro\/pt\/wp-json\/wp\/v2\/pages"}],"about":[{"href":"https:\/\/sitechecker.pro\/pt\/wp-json\/wp\/v2\/types\/page"}],"author":[{"embeddable":true,"href":"https:\/\/sitechecker.pro\/pt\/wp-json\/wp\/v2\/users\/10718706"}],"replies":[{"embeddable":true,"href":"https:\/\/sitechecker.pro\/pt\/wp-json\/wp\/v2\/comments?post=19058"}],"version-history":[{"count":5,"href":"https:\/\/sitechecker.pro\/pt\/wp-json\/wp\/v2\/pages\/19058\/revisions"}],"predecessor-version":[{"id":35702,"href":"https:\/\/sitechecker.pro\/pt\/wp-json\/wp\/v2\/pages\/19058\/revisions\/35702"}],"wp:featuredmedia":[{"embeddable":true,"href":"https:\/\/sitechecker.pro\/pt\/wp-json\/wp\/v2\/media\/23031"}],"wp:attachment":[{"href":"https:\/\/sitechecker.pro\/pt\/wp-json\/wp\/v2\/media?parent=19058"}],"wp:term":[{"taxonomy":"category","embeddable":true,"href":"https:\/\/sitechecker.pro\/pt\/wp-json\/wp\/v2\/categories?post=19058"},{"taxonomy":"post_tag","embeddable":true,"href":"https:\/\/sitechecker.pro\/pt\/wp-json\/wp\/v2\/tags?post=19058"}],"curies":[{"name":"wp","href":"https:\/\/api.w.org\/{rel}","templated":true}]}}