{"id":17206,"date":"2023-12-06T18:56:38","date_gmt":"2023-12-06T18:56:38","guid":{"rendered":"https:\/\/sitechecker.pro\/?page_id=17206"},"modified":"2024-10-11T13:27:31","modified_gmt":"2024-10-11T13:27:31","slug":"google-serp-meaning-features-examples","status":"publish","type":"page","link":"https:\/\/sitechecker.pro\/pt\/google-serp-meaning-features-examples\/","title":{"rendered":"SERP do Google: significado, recursos, exemplos"},"content":{"rendered":"<p><\/p>\n<h2>\u00cdndice<\/h2>\n<ul>\n<li><a href=\"#majorfeatures\">Principais recursos de SERP que voc\u00ea deve conhecer<\/a><\/li>\n<li><a href=\"#top15\">Os 15 principais recursos de SERP mais populares<\/a>\n<ul>\n<li><a href=\"#adwords\">Google AdWords Bottom\/Top<\/a><\/li>\n<li><a href=\"#featuredsnippet\">Featured Snippet<\/a><\/li>\n<li><a href=\"#imagepack\">Image Pack<\/a><\/li>\n<li><a href=\"#indeptharticle\">In-Depth Article<\/a><\/li>\n<li><a href=\"#knowledgecard\">Knowledge Card<\/a><\/li>\n<li><a href=\"#knowldgepanel\">Knowledge Panel<\/a><\/li>\n<li><a href=\"#localpack\">Local Pack<\/a><\/li>\n<li><a href=\"#localteaserpack\">Local Teaser Pack<\/a><\/li>\n<li><a href=\"#newsbox\">News Box<\/a><\/li>\n<li><a href=\"#relatedquestions\">Related Questions<\/a><\/li>\n<li><a href=\"#reviews\">Reviews<\/a><\/li>\n<li><a href=\"#shoppingresults\">Shopping Results<\/a><\/li>\n<li><a href=\"#sitelinks\">Site Links<\/a><\/li>\n<li><a href=\"#tweet\">Twitter<\/a><\/li>\n<li><a href=\"#video\">Video<\/a><\/li>\n<\/ul>\n<\/li>\n<li><a href=\"#knowledgegraph\">O que \u00e9 o Knowledge Graph e quais informa\u00e7\u00f5es ele fornece?<\/a><\/li>\n<\/ul>\n<p>&nbsp;<\/p>\n<h2 id=\"majorfeatures\">Principais recursos de SERP que voc\u00ea deve conhecer<\/h2>\n<p>&nbsp;<\/p>\n<p>A primeira pergunta a ser respondida antes de prosseguir para os principais recursos \u00e9 \u201co que \u00e9 uma SERP?\u201d A defini\u00e7\u00e3o da SERP \u00e9 a seguinte: \u201cuma p\u00e1gina da web gerada pelo mecanismo de pesquisa como resposta a solicita\u00e7\u00e3o do usu\u00e1rio.\u201d \u00c9 uma p\u00e1gina de resultados do mecanismo de busca. Para explicar em palavras simples, digamos que \u00e9 quando voc\u00ea quer encontrar informa\u00e7\u00e3o e escreve a frase ou palavra-chave relacionada e o mecanismo de busca que voc\u00ea usa lhe oferece o feedback na forma de uma p\u00e1gina com os resultados encontrados. Esses resultados s\u00e3o aqueles links com os detalhes sobre o t\u00f3pico da sua solicita\u00e7\u00e3o.<\/p>\n<p>Os Principais Elementos da SERP s\u00e3o:<\/p>\n<ul>\n<li>Resultados de pesquisa direta, consistindo em links para sites. Esta \u00e9 a emiss\u00e3o natural de <a href=\"https:\/\/sitechecker.pro\/pt\/search-engines\/\">mecanismo de pesquisa<\/a>, onde os sites est\u00e3o lutando pelas posi\u00e7\u00f5es mais altas. A p\u00e1gina de resultados da pesquisa cont\u00e9m, por padr\u00e3o, 10 links, mas o n\u00famero pode ser alterado nas configura\u00e7\u00f5es de pesquisa;<\/li>\n<li>Blocos com publicidade contextual;<\/li>\n<li>Campos pequenos antes dos resultados da pesquisa. Eles podem conter erros de digita\u00e7\u00e3o, uma resposta r\u00e1pida para uma pergunta frequente, uma calculadora e assim por diante;<\/li>\n<li>As fotos s\u00e3o emitidas em resposta a uma consulta de pesquisas espec\u00edficas;<\/li>\n<li>Buscas Similares &#8211; a consulta de similares \u00e9 refinada. O usu\u00e1rio recebe formul\u00e1rios das palavras ou solicita\u00e7\u00f5es similares;<\/li>\n<li>Elementos de Gerenciamento &#8211; isso inclui links para ir ao site, e h\u00e1 instru\u00e7\u00f5es ao digitar as solicita\u00e7\u00f5es do usu\u00e1rio;<\/li>\n<li>Desde a apari\u00e7\u00e3o do Google, os resultados org\u00e2nicos da SERP n\u00e3o mudaram muito at\u00e9 o momento. No entanto, uso do Google AdWords contribuir para o fato de o Google ter come\u00e7ado a incluir novos resultados n\u00e3o org\u00e2nicos no SERP.<\/li>\n<\/ul>\n<p>Agora voc\u00ea sabe o que \u00e9 SERP est\u00e1 na hora de analisar suas principais caracter\u00edsticas, entre os quais se diferenciam os quatro principais recursos a seguir:<\/p>\n<ul>\n<li>Os resultados obtidos com ajuda de palavras-chave s\u00e3o chamados de resultados pagos.<\/li>\n<li>Informa\u00e7\u00f5es definidas que podem ser encontradas nas caixas s\u00e3o chamadas de Knowledge Graph.<\/li>\n<li>A visualiza\u00e7\u00e3o que aparecem al\u00e9m das que j\u00e1 foram encontradas \u00e9 conhecida como Snippets.<\/li>\n<li>Detalhes que aparecem junto com as descobertas org\u00e2nicas, s\u00e3o conhecidos como resultados universais.<\/li>\n<\/ul>\n<p>&nbsp;<\/p>\n<h2 id=\"top15\">Os 15 principais recursos de SERP mais populares<\/h2>\n<p>&nbsp;<\/p>\n<ul>\n<li> <strong id=\"adwords\">Google AdWords Bottom \/ Top:<\/strong> geralmente, os resultados podem ser vistos acima ou abaixo dos resultados org\u00e2nicos. Cada an\u00fancio tem sua classifica\u00e7\u00e3o de acordo com sua utilidade e relev\u00e2ncia.<\/li>\n<\/ul>\n<p>&nbsp;<\/p>\n<div class=\"content__img-wrap\"><img src=\"https:\/\/sitechecker.pro\/wp-content\/uploads\/2017\/12\/google-adwords-results.png\" alt=\"Google SERP checker\" class=\"description-img description-img-zoom\" loading=\"lazy\" ><\/div>\n<p>&nbsp;<\/p>\n<ul>\n<li><strong id=\"featuredsnippet\">Featured Snippet<\/strong>: o principal objetivo nessa fun\u00e7\u00e3o e obter as informa\u00e7\u00f5es necess\u00e1rias, que n\u00e3o est\u00e3o contidas no Knowledge Graph. O \u00edndice pode fornecer essa informa\u00e7\u00e3o. Esses snippets s\u00e3o usados para encontrar detalhes muito espec\u00edficos que est\u00e3o localizados em p\u00e1ginas relevantes. Aqui, o ranking SERP, de um a cinco geralmente \u00e9 bem sucedido.<\/li>\n<\/ul>\n<p>&nbsp;<\/p>\n<div class=\"content__img-wrap\"><img src=\"https:\/\/sitechecker.pro\/wp-content\/uploads\/2017\/12\/featured-snippet.png\" alt=\"What is featured snippet?\" class=\"description-img description-img-zoom\" loading=\"lazy\" ><\/div>\n<p>&nbsp;<\/p>\n<ul>\n<li><strong id=\"imagepack\">Image Pack:<\/strong> esse recurso fornece os resultados nas imagens, que uma pessoa est\u00e1 buscando. Eles s\u00e3o obtidos com a ajuda de uma solicita\u00e7\u00e3o especial do Google SERP.<\/li>\n<\/ul>\n<p>&nbsp;<\/p>\n<div class=\"content__img-wrap\"><img src=\"https:\/\/sitechecker.pro\/wp-content\/uploads\/2017\/12\/image-cards-in-google-serp.png\" alt=\"Image pack in SERP\" class=\"description-img description-img-zoom\" loading=\"lazy\" ><\/div>\n<p>&nbsp;<\/p>\n<ul>\n<li><strong id=\"indeptharticle\">In-depth Articles:<\/strong> procurando por alguns termos gerais voc\u00ea pode encontrar artigos que s\u00e3o conhecidos como \u201caprofundados\u201d. Eles s\u00e3o chamados assim porque possuem at\u00e9 cinco mil palavras e s\u00e3o fornecidos por escritores confi\u00e1veis. A busca por artigos de qualidade e de alto n\u00edvel usam diferentes regras de classifica\u00e7\u00e3o de SERPs.<\/li>\n<\/ul>\n<div class=\"content__img-wrap\"><img src=\"https:\/\/sitechecker.pro\/wp-content\/uploads\/2017\/12\/in-depth-articles-in-serp.png\" alt=\"Search engine results for informational query\" class=\"description-img description-img-zoom\" loading=\"lazy\" ><\/div>\n<p>&nbsp;<\/p>\n<ul>\n<li><strong id=\"knowledgecard\">Knowledge Card:<\/strong> Como se pode adivinhar pelo nome, esse recurso \u00e9 parte do j\u00e1 mencionado Knowledge Graph, que cont\u00e9m as informa\u00e7\u00f5es sem\u00e2nticas adicionais inseridas por pessoas ou dados que podem ser extra\u00eddos do \u00edndice. Mas uma possibilidade de obter os resultados do Knowledge Card \u00e9 ter acordos de informa\u00e7\u00e3o com parceiros. Se voc\u00ea quiser ter uma vis\u00e3o clara do mecanismo de armazenamento de dados do Google, pode se beneficiar do uso de palavras-chave.<\/li>\n<\/ul>\n<div class=\"content__img-wrap\"><img src=\"https:\/\/sitechecker.pro\/wp-content\/uploads\/2017\/12\/knowledge-graph-in-serp.png\" alt=\"Knowledge card for query population in UK\" class=\"description-img description-img-zoom\" loading=\"lazy\" ><\/div>\n<p>&nbsp;<\/p>\n<ul>\n<li><strong id=\"knowledgepanel\">Knowledge Panel:<\/strong> O mesmo que pesquisa de Knowledge Card, significa que os resultados s\u00e3o obtidos gra\u00e7as aos dados adicionados por pessoas ou gra\u00e7as a acordos com parceiros. Esses resultados podem ser encontrados \u00e0 direita dos resultados org\u00e2nicos.<\/li>\n<\/ul>\n<p>&nbsp;<\/p>\n<div class=\"content__img-wrap\"><img src=\"https:\/\/sitechecker.pro\/wp-content\/uploads\/2017\/12\/knowledge-panel-in-serp.png\" alt=\"Knowledge panel screenshot\" class=\"description-img description-img-zoom\" loading=\"lazy\" ><\/div>\n<p>&nbsp;<\/p>\n<ul>\n<li><strong id=\"localpack\">Pacote Local:<\/strong> este \u00e9 um pacote com tr\u00eas locais mais relevantes que o Google fornece para essas frases-chave que cont\u00e9m um significado geogr\u00e1fico, ex. \u201ccaf\u00e9s baratos de Londres\u201d. Isso \u00e9 mais usado atualmente em smartphones. Os dispositivos m\u00f3veis causaram o h\u00e1bito de ver os resultados na vertical em vez de na horizontal. Os usu\u00e1rios est\u00e3o procurando o caminho mais r\u00e1pido para o conte\u00fado necess\u00e1rio. O conhecimento de SEO local \u00e9 uma grande vantagem aqui.<\/li>\n<\/ul>\n<p>&nbsp;<\/p>\n<div class=\"content__img-wrap\"><img src=\"https:\/\/sitechecker.pro\/wp-content\/uploads\/2017\/12\/local-pack-in-SERP.png\" alt=\"Local pack screenshot\" class=\"description-img description-img-zoom\" loading=\"lazy\" ><\/div>\n<p>&nbsp;<\/p>\n<ul>\n<li><strong id=\"localteaserpack\">Local Teaser Pack:<\/strong> esse recurso fornece dicas \u00fateis. Onde os restaurantes e hot\u00e9is est\u00e3o situados, hor\u00e1rio de funcionamento. Al\u00e9m disso, todas as informa\u00e7\u00f5es que podem ser \u00fateis, por exemplo, fotos do lugar que voc\u00ea est\u00e1 procurando, bem como os coment\u00e1rios sobre ele.<\/li>\n<\/ul>\n<div class=\"content__img-wrap\"><img src=\"https:\/\/sitechecker.pro\/wp-content\/uploads\/2017\/12\/local-teaser-pack-in-serp.png\" alt=\"Local teaser pack screenshot for hotels in london query\" class=\"description-img description-img-zoom\" loading=\"lazy\" ><\/div>\n<ul>\n<li><strong id=\"newsbox\">News Box:<\/strong> esta \u00e9 uma categoria de resultados, que s\u00e3o do Google Not\u00edcias. O procedimento para entrar no bloco de not\u00edcias \u00e9 muito diferente dos processos que aparecem nos resultados org\u00e2nicos.<\/li>\n<\/ul>\n<div class=\"content__img-wrap\"><img src=\"https:\/\/sitechecker.pro\/wp-content\/uploads\/2017\/12\/news-box-in-serp.png\" alt=\"News and top stories in SERP\" class=\"description-img description-img-zoom\" loading=\"lazy\" ><\/div>\n<ul>\n<li><strong id=\"relatedquestions\">Related Questions:<\/strong> estas s\u00e3o todas as perguntas que o mecanismo de pesquisa considera em rela\u00e7\u00e3o ao seu t\u00f3pico. Elas podem estar situadas em v\u00e1rios locais devido ao fato de que se assemelham a um trecho de destaque. Para ser exato, essas perguntas s\u00e3o palavras-chaves com Snippets. \u00c9 poss\u00edvel se beneficiar do uso das perguntas relacionadas para descobrir as oportunidades de palavras-chave de Snippet.<\/li>\n<\/ul>\n<div class=\"content__img-wrap\"><img src=\"https:\/\/sitechecker.pro\/wp-content\/uploads\/2017\/12\/related-questions-in-serp.png\" alt=\"Screenshot of related questions block in SERP\" class=\"description-img description-img-zoom\" loading=\"lazy\" ><\/div>\n<ul>\n<li><strong id=\"reviews\">Reviews:<\/strong> este recurso realmente ajuda muito quando precisamos saber mais sobre servi\u00e7os e produtos. As informa\u00e7\u00f5es de classifica\u00e7\u00e3o na ordem de SERPs podem ser encontradas em algum lugar entre o URL e o Snippet.<\/li>\n<\/ul>\n<div class=\"content__img-wrap\"><img src=\"https:\/\/sitechecker.pro\/wp-content\/uploads\/2017\/12\/reviews-results-in-SERP.png\" alt=\"Reviews in organic results\" class=\"description-img description-img-zoom\" loading=\"lazy\" ><\/div>\n<ul>\n<li><strong id=\"shoppingresults\">Shopping Results:<\/strong> S\u00e3o resultados pagos para obter produtos e servi\u00e7os. Haver\u00e1 sempre o pre\u00e7o e fotos relevantes. Uma combina\u00e7\u00e3o de an\u00fancios pagos e resultados de pesquisa org\u00e2nica para promover a marca. Um estudo sobre a visibilidade da Honda nos resultados de pesquisa revelou que a combina\u00e7\u00e3o dessas duas informa\u00e7\u00f5es levam a um aumento significativo na associa\u00e7\u00e3o com a marca, promove o recall da marca e a forma\u00e7\u00e3o de uma decis\u00e3o de compra. Este posicionamento \u00e9 semelhante ao do AdWords.<br \/>\nOs itens de texto pagos no Google funcionam melhor quando est\u00e3o intimamente relacionados com a exist\u00eancia da consulta de pesquisa. Ao navegar, as pessoas geralmente examinam rapidamente os resultados da emiss\u00e3o at\u00e9 encontrarem a marca em quem confiam. Uma pesquisa de informa\u00e7\u00f5es, com os resultados est\u00e3o mais voltados para o feedback e para a compara\u00e7\u00e3o de sites.<br \/>\nPense nas inten\u00e7\u00f5es dos usu\u00e1rios (que tipo de pesquisa eles preferem) e de acordo com esse fato crie sua estrat\u00e9gia de publicidade. Por exemplo, preste aten\u00e7\u00e3o ao fato de que os cabe\u00e7alhos cont\u00eam palavras-chave para as quais voc\u00ea fez buscas. As palavras-chave devem se basear nas inten\u00e7\u00f5es dos usu\u00e1rios.<\/li>\n<\/ul>\n<div class=\"content__img-wrap\"><img src=\"https:\/\/sitechecker.pro\/wp-content\/uploads\/2017\/12\/shopping-results-in-serp.png\" alt=\"Shopping results block in Google SERP\" class=\"description-img description-img-zoom\" loading=\"lazy\" ><\/div>\n<ul>\n<li><strong id=\"sitelinks\">Sitelinks:<\/strong> aqueles que procuram sites definidos v\u00e3o enfrentar a escolha de at\u00e9 10 links. A apar\u00eancia dos links est\u00e1 sobre influ\u00eancia de tr\u00eas fatores entre os quais o principal crit\u00e9rio para verificar a classifica\u00e7\u00e3o SERP \u00e9 que ele deve ser um site de marca. Al\u00e9m disso, o tr\u00e1fego n\u00e3o \u00e9 o \u00faltimo fator aqui.<\/li>\n<\/ul>\n<div class=\"content__img-wrap\"><img src=\"https:\/\/sitechecker.pro\/wp-content\/uploads\/2017\/12\/site-links-in-serp.png\" alt=\"Website links in Google SERP\" class=\"description-img description-img-zoom\" loading=\"lazy\" ><\/div>\n<ul>\n<li><strong id=\"tweet\">Twitter:<\/strong> desde 2015, podemos encontrar os resultados do Twitter em combina\u00e7\u00e3o com os resultados org\u00e2nicos. No entanto, eles s\u00e3o org\u00e2nicos, embora esses tweets sejam usados para adicionar algum efeito visual.<\/li>\n<\/ul>\n<div class=\"content__img-wrap\"><img src=\"https:\/\/sitechecker.pro\/wp-content\/uploads\/2017\/12\/tweets-in-Google-SERP.png\" alt=\"Tweets in Google search\" class=\"description-img description-img-zoom\" loading=\"lazy\" ><\/div>\n<ul>\n<li><strong id=\"video\">V\u00eddeo:<\/strong> os resultados, como v\u00eddeos do YouTube, s\u00e3o exibidos quando voc\u00ea usar palavras-chaves espec\u00edficas. O recurso de v\u00eddeo hoje em dia \u00e9 considerado mais um resultado org\u00e2nico.<\/li>\n<\/ul>\n<div class=\"content__img-wrap\"><img src=\"https:\/\/sitechecker.pro\/wp-content\/uploads\/2017\/12\/video-results-in-serp.png\" alt=\"Video results in organic search\" class=\"description-img description-img-zoom\" loading=\"lazy\" ><\/div>\n<p>&nbsp;<\/p>\n<h2 id=\"knowledgegraph\">O que \u00e9 o Knowledge Graph e quais informa\u00e7\u00f5es ele fornece?<\/h2>\n<p>&nbsp;<\/p>\n<p>O Knowledge Graph fornece dados detalhados e bem estruturados nos casos em que as pessoas recorrem ao mecanismo de pesquisa em busca de determinados fatos. Ele permite que voc\u00ea encontre o SERP que voc\u00ea est\u00e1 procurando, sem ter que clicar em determinados sites. Alocar uma rede de conhecimento \u00e9 relevante e irrelevante:<\/p>\n<ul>\n<li> Knowledge Graph irrelevante: fornece as informa\u00e7\u00f5es, o que acaba direcionando aten\u00e7\u00e3o do usu\u00e1rio para os resultados da emiss\u00e3o org\u00e2nica. A rede de conhecimento aparece como resposta a  buscas sobre fatos ou valores num\u00e9ricos ou relacionadas a personalidades, lugares e fen\u00f4menos conhecidos. Em sua estrat\u00e9gia de conte\u00fado tenta criar respostas para poss\u00edveis solicita\u00e7\u00f5es de usu\u00e1rios.<\/li>\n<li>Knowledge Graph Relevante: pode se desviar uma parte significativa da aten\u00e7\u00e3o dos resultados org\u00e2nicos. Por exemplo, imagine que voc\u00ea est\u00e1 indo para Nova Orleans e quer um conhecimento relevante, o usu\u00e1rio nem sequer deseja clicar nos links, o que pode afetar a redu\u00e7\u00e3o de tr\u00e1fego em determinadas empresas.<\/li>\n<\/ul>\n<p>Portanto, nesse caso, \u00e9 importante entrar na primeira ou segunda linha de emiss\u00e3o org\u00e2nica. Inclua conte\u00fado interessante em metadatas e Tags de t\u00edtulos e aplique, quando poss\u00edvel, esquemas de marca\u00e7\u00f5es para que sua empresa se destaque na lista de resultado gerais, chamando a aten\u00e7\u00e3o do usu\u00e1rio da rede de conhecimento para o seu site.<\/p>\n<p>Apesar do fato de que pode haver uma diminui\u00e7\u00e3o dos cliques nos principais resultados org\u00e2nicos no caso do Google emitir uma rede de conhecimento relevantes, as primeiras linhas ainda s\u00e3o as mais populares entre os usu\u00e1rios. Lembre-se de que o conhecimento da marca ainda \u00e9 afetado pela impress\u00e3o criada pelos usu\u00e1rios a partir dos resultados org\u00e2nicos.<\/p>","protected":false},"excerpt":{"rendered":"\u00cdndice Principais recursos de SERP que voc\u00ea deve conhecer Os 15 principais recursos de SERP mais populares Google AdWords Bottom\/Top Featured Snippet Image Pack In-Depth Article Knowledge Card Knowledge Panel Local Pack Local Teaser Pack News Box Related Questions Reviews Shopping Results Site Links Twitter Video O que \u00e9 o Knowledge Graph e quais informa\u00e7\u00f5es&#8230;","protected":false},"author":11474150,"featured_media":3416,"parent":0,"menu_order":0,"comment_status":"closed","ping_status":"closed","template":"pages-templates\/pages-v2.php","meta":[],"categories":[27],"tags":[],"_links":{"self":[{"href":"https:\/\/sitechecker.pro\/pt\/wp-json\/wp\/v2\/pages\/17206"}],"collection":[{"href":"https:\/\/sitechecker.pro\/pt\/wp-json\/wp\/v2\/pages"}],"about":[{"href":"https:\/\/sitechecker.pro\/pt\/wp-json\/wp\/v2\/types\/page"}],"author":[{"embeddable":true,"href":"https:\/\/sitechecker.pro\/pt\/wp-json\/wp\/v2\/users\/11474150"}],"replies":[{"embeddable":true,"href":"https:\/\/sitechecker.pro\/pt\/wp-json\/wp\/v2\/comments?post=17206"}],"version-history":[{"count":5,"href":"https:\/\/sitechecker.pro\/pt\/wp-json\/wp\/v2\/pages\/17206\/revisions"}],"predecessor-version":[{"id":33909,"href":"https:\/\/sitechecker.pro\/pt\/wp-json\/wp\/v2\/pages\/17206\/revisions\/33909"}],"wp:featuredmedia":[{"embeddable":true,"href":"https:\/\/sitechecker.pro\/pt\/wp-json\/wp\/v2\/media\/3416"}],"wp:attachment":[{"href":"https:\/\/sitechecker.pro\/pt\/wp-json\/wp\/v2\/media?parent=17206"}],"wp:term":[{"taxonomy":"category","embeddable":true,"href":"https:\/\/sitechecker.pro\/pt\/wp-json\/wp\/v2\/categories?post=17206"},{"taxonomy":"post_tag","embeddable":true,"href":"https:\/\/sitechecker.pro\/pt\/wp-json\/wp\/v2\/tags?post=17206"}],"curies":[{"name":"wp","href":"https:\/\/api.w.org\/{rel}","templated":true}]}}