{"id":17065,"date":"2023-11-23T14:41:24","date_gmt":"2023-11-23T14:41:24","guid":{"rendered":"https:\/\/sitechecker.pro\/?page_id=17065"},"modified":"2026-02-19T14:33:52","modified_gmt":"2026-02-19T14:33:52","slug":"relcanonical-implement-full-guide","status":"publish","type":"page","link":"https:\/\/sitechecker.pro\/pt\/what-is-canonical-url\/","title":{"rendered":"URL Canonical Tag: Defini\u00e7\u00e3o e Todas as Situa\u00e7\u00f5es em Que Voc\u00ea Ir\u00e1"},"content":{"rendered":"<p>No momento, a elimina\u00e7\u00e3o do problema das p\u00e1ginas duplicadas \u00e9 um dos mais importantes ao otimizar um site. Na maioria dos casos, para resolver esse problema, \u00e9 melhor utilizar o redirecionamento 301.<br \/>\nMas, quando n\u00e3o podemos utilizar o <a href=\"https:\/\/sitechecker.pro\/pt\/301-redirect\/\">redirecionamento 301<\/a>, ou precisamos das p\u00e1ginas para a visualiza\u00e7\u00e3o pelos usu\u00e1rios, ent\u00e3o o rel=&#8221;canonical&#8221; vem para nos ajudar.<br \/>\nCom esse atributo voc\u00ea ir\u00e1 resolver rapidamente o problema dos conte\u00fados duplicados.<\/p>\n<h2 id=\"howtoregister\">Como registrar rel=&#8221;canonical&#8221;?<\/h2>\n<h3 id=\"sitepage\">Na p\u00e1gina do site (Principal Maneira)<\/h3>\n<p>Para especificar o link can\u00f4nico para uma p\u00e1gina atual na se\u00e7\u00e3o, voc\u00ea precisa fazer da seguinte forma: \u00e9 importante se registrar na se\u00e7\u00e3o HEAD, pois se voc\u00ea registrar acidentalmente esse atributo fora dessa se\u00e7\u00e3o, esta instru\u00e7\u00e3o ser\u00e1 ignorada pelos mecanismos de busca.<\/p>\n<div class=\"code\"><code>&lt;link rel=\"canonical\" href=\"http:\/\/site.com\/canonical-link.html\"\/&gt;<\/code><\/div>\n<h3 id=\"xmlsitemap\">Via xml-site map<\/h3>\n<p>Para cada p\u00e1gina <a href=\"https:\/\/sitechecker.pro\/pt\/xml-sitemap\/\">xml-map do site<\/a> voc\u00ea pode registrar seu link can\u00f4nico. Mas, neste caso, os <a href=\"https:\/\/sitechecker.pro\/pt\/search-engines\/\">mecanismos de busca<\/a> podem ignorar essas recomenda\u00e7\u00f5es.<\/p>\n    <div class=\"blog__conversion blog__conversion-app element__logged_out\">\n        <div class=\"blog__conversion-inner\">\n            <p class=\"title\">Detectar p\u00e1ginas de sites n\u00e3o index\u00e1veis<\/p>\n            <p class=\"description\">Inicie a auditoria e descubra quais URLs can\u00f4nicos est\u00e3o fechados na verifica\u00e7\u00e3o pelos rob\u00f4s dos mecanismos de pesquisa<\/p>\n            <form id=\"audit__form\"\n                  class=\"article__seo-search audit__form Inicie a auditoria e descubra quais URLs can\u00f4nicos est\u00e3o fechados na verifica\u00e7\u00e3o pelos rob\u00f4s dos mecanismos de pesquisa\"\n                  action=\"\"\n                  method=\"POST\"\n                  autocomplete=\"off\">\n                <span class=\"error\"><\/span>\n                <div class=\"error__limits\">Something went wrong. Please, try again later.<\/div>\n                <input name=\"url\"\n                       type=\"text\"\n                       placeholder=\"Digite seu dom\u00ednio\">\n                                <button type=\"submit\"\n                        class=\"sitechecker__text\">\n                    <span>Come\u00e7ar<\/span>\n                    <img src=\"\/wp-content\/themes\/sitechecker\/out\/img_design\/loading.svg\"\n                         width=\"31\"\n                         height=\"30\"\n                         class=\"loading\">\n                <\/button>\n            <\/form>\n        <\/div>\n    <\/div>\n    \n<h3 id=\"serversresponse\">Atrav\u00e9s da resposta do servidor (indicados para documentos n\u00e3o HTML)<\/h3>\n<p>Se voc\u00ea precisa especificar links can\u00f4nicos para documentos que n\u00e3o sejam html, para Arquivos em PDF, por exemplo, voc\u00ea pode especificar um link can\u00f4nico no cabe\u00e7alho http.<br \/>\nPara isso, o servidor, ao solicitar um arquivo duplicado deve oferecer o seguinte:<\/p>\n<div class=\"code\"><code>Link: &lt;http:\/\/site.com\/main-file.pdf&gt;; rel=\"canonical\".<\/code><\/div>\n<p>mas lembre-se de que no momento em que o Google oferece suporte a este elemento do cabe\u00e7alho apenas para busca na web.<\/p>\n<h2 id=\"whentouse\">Quando usar refer\u00eancias can\u00f4nicas?<\/h2>\n<h3 id=\"whentouse1\">Se voc\u00ea sabe exatamente em quais casos voc\u00ea tem duplica\u00e7\u00f5es no seu site<\/h3>\n<p>Quando voc\u00ea compreende claramente o motivo do aparecimento de p\u00e1ginas semelhantes ou muito semelhantes e, ao mesmo tempo, cada uma dessas p\u00e1gina precisa existir no site, \u00e9 desej\u00e1vel determinar qual dessas p\u00e1ginas da s\u00e9rie \u00e9 a principal e em todas as outras p\u00e1ginas colocar o link can\u00f4nico para esta principal.<\/p>\n<h3 id=\"whentouse2\">Quando \u00e9 dif\u00edcil ou imposs\u00edvel implementar o redirecionamento 301<\/h3>\n<p>Em geral, \u00e9 melhor usar o redirecionamento 301, mas se for dif\u00edcil ou extenso de implementar, ent\u00e3o voc\u00ea poder\u00e1 utilizar o atributo rel=&#8221;canonical&#8221;. De acordo com o Google, passamos o peso atrav\u00e9s dos links can\u00f4nicos absolutamente id\u00eantico ao peso que \u00e9 transferido em um redirecionamento 301.<\/p>\n<h3 id=\"whentouse3\">M\u00faltiplas p\u00e1ginas para uma s\u00e9rie de produtos<\/h3>\n<p>Se voc\u00ea tem uma s\u00e9rie de produtos na loja online, que difere, por exemplo, apenas em cores, \u00e9 melhor escolher um produto como principal (t\u00edpico) e colocar links can\u00f4nicos de outros produtos.<\/p>\n<h3 id=\"whentouse4\">Para diferentes tipos de produtos em um cat\u00e1logo<\/h3>\n<p>Se no seu site as mercadorias podem ser separadas de diferentes formas e o par\u00e2metro de classifica\u00e7\u00e3o \u00e9 especificado no URL:<\/p>\n<div class=\"code\"><code>http:\/\/site.com\/dresses.html?sort=price<\/code><\/div>\n<p>ent\u00e3o, \u00e9 necess\u00e1rio, para todas as diferentes combina\u00e7\u00f5es de classifica\u00e7\u00e3o, colocar os links can\u00f4nicos no cat\u00e1logo com a classifica\u00e7\u00e3o padr\u00e3o. Normalmente, essa \u00e9 uma categoria de URL sem par\u00e2metros, que s\u00e3o respons\u00e1veis pela classifica\u00e7\u00e3o dos produtos:<\/p>\n<div class=\"code\"><code>&lt;link rel=\"canonical\" href=\"http:\/\/site.com\/dresses.html\" \/&gt;<\/code><\/div>\n<h3 id=\"whentouse5\">Quando criamos uma p\u00e1gina de cat\u00e1logo com todos os produtos<\/h3>\n<p>De acordo com a recomenda\u00e7\u00e3o do Google, a maneira com que voc\u00ea faz um link can\u00f4nico de todas as p\u00e1ginas do cat\u00e1logo para uma p\u00e1gina com os produtos\/artigos \u00e9 ideal para a indexa\u00e7\u00e3o como p\u00e1ginas do diret\u00f3rio do site e de todos os produtos\/artigos no site. Com este m\u00e9todo, para cada se\u00e7\u00e3o do site voc\u00ea precisa criar uma p\u00e1gina \u201cVisualiza\u00e7\u00e3o\u201d e, em cada p\u00e1gina da pagina\u00e7\u00e3o, coloque um link can\u00f4nico na p\u00e1gina \u201cVisualiza\u00e7\u00e3o\u201d.<\/p>\n<h3 id=\"whentouse6\">P\u00e1gina de impress\u00e3o<\/h3>\n<p>Se a impress\u00e3o de p\u00e1ginas em um site \u00e9 realizada atrav\u00e9s de um aprenderei adicional, por exemplo,<\/p>\n<div class=\"code\"><code>http:\/\/site.com\/news-1.html?print=yes<\/code><\/div>\n<p>ent\u00e3o \u00e9 necess\u00e1rio colocar o link can\u00f4nico na vers\u00e3o principal da p\u00e1gina<\/p>\n<div class=\"code\"><code>&lt;link rel=\"canonical\" href=\"http:\/\/site.com\/news-1.html\" \/&gt;<\/code><\/div>\n<h3 id=\"whentouse7\">Ao usar um programa de afiliado em seu site<\/h3>\n<p>Se no seu site h\u00e1 um sistema de afiliados ou qualquer outro sistema de refer\u00eancia, ent\u00e3o \u00e9 muito importante lembrar de prescrever os links can\u00f4nicos para todas as p\u00e1ginas que podem ser links de afiliados. Se voc\u00ea esquecer de publicar, ent\u00e3o, rapidamente poder\u00e1 aparecer no \u00edndice de p\u00e1ginas de pesquisa dezenas, ou mesmo centenas de p\u00e1ginas duplicadas do site, porque com os links externos os rob\u00f4s de busca indexam rapidamente as p\u00e1ginas necess\u00e1rias.<br \/>\nPortanto, para todas as p\u00e1ginas que s\u00e3o links de afiliados<\/p>\n<div class=\"code\"><code>http:\/\/site.com\/dresses.html?partner=dkfEi3dj1<\/code><\/div>\n<p>n\u00f3s prescrevemos as seguintes instru\u00e7\u00f5es:<\/p>\n<div class=\"code\"><code>&lt;link rel=\"canonical\" href=\"http:\/\/site.com\/dresses.html\" \/&gt;<\/code><\/div>\n<p>Al\u00e9m disso, voc\u00ea poder\u00e1 dizer ao Google todos os par\u00e2metros que n\u00e3o precisam ser indexados atrav\u00e9s de <a href=\"https:\/\/sitechecker.pro\/pt\/what-is-url\/\">par\u00e2metros de URL<\/a> ( na se\u00e7\u00e3o Google Webmasters, Digitaliza\u00e7\u00e3o). Neste caso, voc\u00ea deve especificar o par\u00e2metro parceiro, de modo que n\u00e3o altere o conte\u00fado da p\u00e1gina.<\/p>\n<h3 id=\"whentouse8\">Para colar o arquivo de \u00edndice do diret\u00f3rio<\/h3>\n<p>\u00c9 importante verificar se os arquivos do diret\u00f3rio do tipo index.html n\u00e3o possuem duplicatas: isso pode acontecer quando dois desses endere\u00e7os est\u00e3o dispon\u00edveis para indexa\u00e7\u00e3o http:\/\/site.com\/dresses\/ e http:\/\/site.com\/dresses\/index. html. Nesses casos, para resolver esses problemas, \u00e9 mais f\u00e1cil registrar cada link can\u00f4nico no http:\/\/site.com\/dresses\/index.html file<\/p>\n<div class=\"code\"><code>&lt;link rel=\"canonical\" href=\"http:\/\/site.com\/dresses\/\" \/&gt;<\/code><\/div>\n<h3 id=\"whentouse9\">Quando usamos o mesmo conte\u00fado em diferentes dom\u00ednios ou vers\u00f5es de idiomas diferentes<\/h3>\n<p>Quando voc\u00ea cria sites semelhantes ou cria diferentes vers\u00f5es de idiomas do seu conte\u00fado, mas ao mesmo tempo usa o mesmo conte\u00fado em diferentes vers\u00f5es dome sites\/idiomas, ent\u00e3o voc\u00ea precisa usar o rel=&#8221;canonical&#8221; na vers\u00e3o principal do conte\u00fado.<\/p>\n<h2 id=\"mistakes\">Os principais erros ao utilizar o rel=&#8221;canonical&#8221;<\/h2>\n<h3 id=\"mistake1\">Uso em p\u00e1ginas de pagina\u00e7\u00e3o<\/h3>\n<p>Muitas vezes, com a pagina\u00e7\u00e3o ou com algumas s\u00e9ries de p\u00e1ginas do site para todas as p\u00e1ginas desta s\u00e9rie, a primeira p\u00e1gina can\u00f4nica \u00e9 prescrita. Isto n\u00e3o \u00e9 correto pois torna imposs\u00edvel a indexa\u00e7\u00e3o de todas as p\u00e1ginas da s\u00e9rie.<\/p>\n<h3 id=\"mistake2\">O link can\u00f4nico n\u00e3o \u00e9 index\u00e1vel<\/h3>\n<p>Se colocamos um link can\u00f4nico em outra p\u00e1gina, devemos garantir que esta p\u00e1gina seja index\u00e1vel:<\/p>\n<ul>\n<li>p\u00e1gina lhe d\u00e1 o c\u00f3digo 200 do servidor<\/li>\n<li>na p\u00e1gina n\u00e3o h\u00e1 proibi\u00e7\u00e3o de indexa\u00e7\u00e3o (atrav\u00e9s de meta tag de rob\u00f4s e noindex).<\/li>\n<\/ul>\n<h3 id=\"mistake3\">Muitos links rel=&#8221;canonical&#8221; para uma p\u00e1gina<\/h3>\n<p>Para uma p\u00e1gina, deve haver uma p\u00e1gina can\u00f4nica. Se v\u00e1rias p\u00e1ginas forem especificadas, somente a primeira instru\u00e7\u00e3o ser\u00e1 levada em considera\u00e7\u00e3o.<\/p>\n<h3 id=\"mistake4\">Diferentes URL can\u00f4nicos<\/h3>\n<p>Certifique-se de sempre especificar as mesmas p\u00e1ginas can\u00f4nicas para diferentes implementa\u00e7\u00f5es (por exemplo, atrav\u00e9s do xml-map do site e atrav\u00e9s do rel=&#8221;canonical&#8221; na pr\u00f3pria p\u00e1gina).<\/p>\n<h3 id=\"mistake5\">Uso incorreto de links relativo<\/h3>\n<p>No caso geral, ao especificar as refer\u00eancias can\u00f4nicas, \u00e9 sempre desej\u00e1vel prescrever refer\u00eancias absolutas<\/p>\n<div class=\"code\"><code>&lt;link rel=\"canonical\" href=\"http:\/\/site.com\/dresses.html\" \/&gt;<\/code><\/div>\n<p>uma vez que quando voc\u00ea especifica refer\u00eancias relativas, existe a probabilidade muito alta de cometer um erro:<\/p>\n<div class=\"code\"><code>&lt;link rel=\"canonical\" href=\"site.com\/dresses.html\" \/&gt;<\/code><\/div>\n<p>Em seguida, os mecanismos de busca simplesmente ignorar\u00e3o essa instru\u00e7\u00e3o.<\/p>\n<p id=\"check\">\n<p><\/p>","protected":false},"excerpt":{"rendered":"No momento, a elimina\u00e7\u00e3o do problema das p\u00e1ginas duplicadas \u00e9 um dos mais importantes ao otimizar um site. Na maioria dos casos, para resolver esse problema, \u00e9 melhor utilizar o redirecionamento 301. Mas, quando n\u00e3o podemos utilizar o redirecionamento 301, ou precisamos das p\u00e1ginas para a visualiza\u00e7\u00e3o pelos usu\u00e1rios, ent\u00e3o o rel=&#8221;canonical&#8221; vem para nos&#8230;","protected":false},"author":11474150,"featured_media":3352,"parent":0,"menu_order":0,"comment_status":"closed","ping_status":"closed","template":"pages-templates\/pages-v2.php","meta":[],"categories":[28],"tags":[],"_links":{"self":[{"href":"https:\/\/sitechecker.pro\/pt\/wp-json\/wp\/v2\/pages\/17065"}],"collection":[{"href":"https:\/\/sitechecker.pro\/pt\/wp-json\/wp\/v2\/pages"}],"about":[{"href":"https:\/\/sitechecker.pro\/pt\/wp-json\/wp\/v2\/types\/page"}],"author":[{"embeddable":true,"href":"https:\/\/sitechecker.pro\/pt\/wp-json\/wp\/v2\/users\/11474150"}],"replies":[{"embeddable":true,"href":"https:\/\/sitechecker.pro\/pt\/wp-json\/wp\/v2\/comments?post=17065"}],"version-history":[{"count":26,"href":"https:\/\/sitechecker.pro\/pt\/wp-json\/wp\/v2\/pages\/17065\/revisions"}],"predecessor-version":[{"id":39353,"href":"https:\/\/sitechecker.pro\/pt\/wp-json\/wp\/v2\/pages\/17065\/revisions\/39353"}],"wp:featuredmedia":[{"embeddable":true,"href":"https:\/\/sitechecker.pro\/pt\/wp-json\/wp\/v2\/media\/3352"}],"wp:attachment":[{"href":"https:\/\/sitechecker.pro\/pt\/wp-json\/wp\/v2\/media?parent=17065"}],"wp:term":[{"taxonomy":"category","embeddable":true,"href":"https:\/\/sitechecker.pro\/pt\/wp-json\/wp\/v2\/categories?post=17065"},{"taxonomy":"post_tag","embeddable":true,"href":"https:\/\/sitechecker.pro\/pt\/wp-json\/wp\/v2\/tags?post=17065"}],"curies":[{"name":"wp","href":"https:\/\/api.w.org\/{rel}","templated":true}]}}