{"id":17059,"date":"2022-02-23T11:56:45","date_gmt":"2022-02-23T11:56:45","guid":{"rendered":"https:\/\/sitechecker.pro\/?page_id=17059"},"modified":"2026-02-19T14:30:51","modified_gmt":"2026-02-19T14:30:51","slug":"snippet-checker","status":"publish","type":"page","link":"https:\/\/sitechecker.pro\/pt\/snippet-checker\/","title":{"rendered":"Google Snippet Checker | Analisar Snippet para qualquer p\u00e1gina \u2611"},"content":{"rendered":"<p><\/p>\n<h2 id=\"par1\">O que \u00e9 o Verificador de Snippet?<\/h2>\n<p>O Snippet Checker do <a href=\"https:\/\/sitechecker.pro\/\" target=\"_blank\" rel=\"noopener noreferrer\">Sitechecker<\/a> \u00e9 uma ferramenta online que analisa a forma como o metat\u00edtulo, a descri\u00e7\u00e3o e o O URL aparecer\u00e1 nos resultados do motor de busca. Oferece duas op\u00e7\u00f5es: analisar todas as p\u00e1ginas com insights detalhados de meta tags e monitoriza\u00e7\u00e3o ou um relat\u00f3rio instant\u00e2neo para testar a visualiza\u00e7\u00e3o de uma \u00fanica p\u00e1gina.<\/p>\n<h3>Como \u00e9 que a ferramenta o pode ajudar<\/h3>\n<p><strong>Visualiza\u00e7\u00e3o de snippet:<\/strong> visualiza a forma como o metat\u00edtulo, a descri\u00e7\u00e3o e o URL do seu website aparecem nos resultados de pesquisa do Google.<\/p>\n<p><strong>An\u00e1lise de meta tags:<\/strong> identifica e fornece insights sobre <a href=\"https:\/\/sitechecker.pro\/meta-tags\/\" target=\"_blank\" rel=\"noopener noreferrer\">dados de meta tags<\/a> e quest\u00f5es para optimiza\u00e7\u00e3o.<\/p>\n<p><strong>Monitoriza\u00e7\u00e3o:<\/strong> rastreia e monitoriza problemas de metatags ao longo do tempo.<\/p>\n<h3>Principais caracter\u00edsticas do Featured Snippet Checker<\/h3>\n<p><strong>Painel unificado:<\/strong> plataforma centralizada para rastrear e gerir todo o <a href=\"https:\/\/sitechecker.pro\/seo-dashboard\/\" target=\"_blank\" rel=\"noopener noreferrer\">SEO do seu site m\u00e9tricas num s\u00f3 lugar<\/a>.<\/p>\n<p><strong>Interface amig\u00e1vel:<\/strong> Design intuitivo e f\u00e1cil de navegar para uma experi\u00eancia de utilizador perfeita.<\/p>\n<p><strong>Conjunto completo de ferramentas de SEO:<\/strong> ferramentas abrangentes para auditoria, monitoriza\u00e7\u00e3o e otimiza\u00e7\u00e3o do desempenho SEO do seu website.<\/p>\n<h2 id=\"par2\">Como utilizar a ferramenta<\/h2>\n<p>Introduza um endere\u00e7o de nome de dom\u00ednio ou o URL da p\u00e1gina:<\/p>\n<div class=\"content__img-wrap\"><img src=\"https:\/\/sitechecker.pro\/wp-content\/uploads\/2025\/01\/google-snippet-checker.png\" alt=\"Verificador de snippets do Google\" class=\"description-img description-img-zoom\" loading=\"lazy\" ><\/div>\n<h2 id=\"par3\">Teste os snippets do site<\/h2>\n<h3>Passo 1: Escolha a inspe\u00e7\u00e3o do dom\u00ednio para obter informa\u00e7\u00f5es sobre a visualiza\u00e7\u00e3o de cada p\u00e1gina<\/h3>\n<div class=\"content__img-wrap\"><img src=\"https:\/\/sitechecker.pro\/wp-content\/uploads\/2025\/01\/choose-audit-option.png\" alt=\"Escolha a op\u00e7\u00e3o de auditoria\" class=\"description-img description-img-zoom\" loading=\"lazy\" ><\/div>\n<div class=\"important-block\">Para receber resultados e acesso \u00e0s funcionalidades do Sitechecker durante 14 dias, inicie o seu teste GRATUITO. \u00c9 f\u00e1cil registar-se com o seu e-mail, conta Google ou Facebook. N\u00e3o \u00e9 necess\u00e1rio cart\u00e3o de cr\u00e9dito.<\/div>\n<h3>Passo 2: Obtenha os resultados<\/h3>\n<p>Receba informa\u00e7\u00f5es detalhadas sobre a otimiza\u00e7\u00e3o do conte\u00fado da sua p\u00e1gina, incluindo o desempenho das meta tags, a apar\u00eancia no Google, o estado da p\u00e1gina e relat\u00f3rios pr\u00e1ticos de problemas de SEO para melhorar a visibilidade e as classifica\u00e7\u00f5es.<\/p>\n<div class=\"content__img-wrap\"><img src=\"https:\/\/sitechecker.pro\/wp-content\/uploads\/2025\/01\/check-google-snippet-results.png\" alt=\"Verificar resultados do Google Snippet\" class=\"description-img description-img-zoom\" loading=\"lazy\" ><\/div>\n<p>Selecione qualquer p\u00e1gina cujo <a href=\"https:\/\/sitechecker.pro\/rich-snippets\/\" target=\"_blank\" rel=\"noopener noreferrer\">snippet<\/a> pretende visualizar e clique em &#8220;Detalhes da p\u00e1gina&#8221; .<\/p>\n<div class=\"content__img-wrap\"><img src=\"https:\/\/sitechecker.pro\/wp-content\/uploads\/2025\/01\/page-details-google-preview.png\" alt=\"Detalhes da p\u00e1gina Google Preview\" class=\"description-img description-img-zoom\" loading=\"lazy\" ><\/div>\n<p>Visualize e analise como o snippet da sua p\u00e1gina aparece na <a href=\"https:\/\/sitechecker.pro\/serp\/\" target=\"_blank\" rel=\"noopener noreferrer\">pesquisa Google<\/a>, incluindo <a href=\"https:\/\/sitechecker.pro\/meta-title\/\" target=\"_blank\" rel=\"noopener noreferrer\">meta t\u00edtulo<\/a>, descri\u00e7\u00e3o, URL e vista geral da pesquisa.<\/p>\n<h3>Caracter\u00edsticas adicionais do verificador de snippets de site<\/h3>\n<p>Identifique e analise problemas que afetam as visualiza\u00e7\u00f5es da sua p\u00e1gina no Google SERP, incluindo <a href=\"https:\/\/sitechecker.pro\/duplicate-content\/\" target=\"_blank\" rel=\"noopener noreferrer\">conte\u00fado duplicado<\/ a>, t\u00edtulos impr\u00f3prios e erros can\u00f3nicos, com insights acion\u00e1veis \u200b\u200bpara melhorar <a href=\"https:\/\/sitechecker.pro\/what-is-website-visibility\/\" target=\"_blank\" rel=\"noopener noreferrer\"> a visibilidade<\/a >.<\/p>\n<p>Para visualizar estes erros, clique na sec\u00e7\u00e3o Auditoria do Site e abra a sec\u00e7\u00e3o Conte\u00fado Duplicado.<\/p>\n<div class=\"content__img-wrap\"><img src=\"https:\/\/sitechecker.pro\/wp-content\/uploads\/2025\/01\/duplicate-content-section.png\" alt=\"Sec\u00e7\u00e3o de conte\u00fado duplicado\" class=\"description-img description-img-zoom\" loading=\"lazy\" ><\/div>\n<h2 id=\"par5\">Teste o snippet de p\u00e1gina<\/h2>\n<h3>Passo 1: Escolha a op\u00e7\u00e3o Auditoria de p\u00e1gina no ecr\u00e3 do seletor<\/h3>\n<div class=\"content__img-wrap\"><img src=\"https:\/\/sitechecker.pro\/wp-content\/uploads\/2025\/01\/page-audit.png\" alt=\"Auditoria de p\u00e1ginas\" class=\"description-img description-img-zoom\" loading=\"lazy\" ><\/div>\n<h3>Passo 2: Obtenha os resultados<\/h3>\n<p>Veja uma pr\u00e9-visualiza\u00e7\u00e3o detalhada do snippet do Google da sua p\u00e1gina, incluindo o metat\u00edtulo, a descri\u00e7\u00e3o e a estrutura do URL, para garantir uma formata\u00e7\u00e3o precisa e melhores taxas de cliques.<\/p>\n<div class=\"content__img-wrap\"><img src=\"https:\/\/sitechecker.pro\/wp-content\/uploads\/2025\/01\/google-preview-page-audit.png\" alt=\"Auditoria da p\u00e1gina de visualiza\u00e7\u00e3o do Google\" class=\"description-img description-img-zoom\" loading=\"lazy\" ><\/div>\n<h3>Caracter\u00edsticas adicionais do teste de snippet de p\u00e1gina<\/h3>\n<p>Clique em Vis\u00e3o geral dos problemas para receber informa\u00e7\u00f5es detalhadas sobre elementos adicionais de SEO, incluindo dados estruturados, velocidade da p\u00e1gina e otimiza\u00e7\u00e3o de imagens, garantindo a m\u00e1xima visibilidade e desempenho no Google SERP.<\/p>\n<div class=\"content__img-wrap\"><img src=\"https:\/\/sitechecker.pro\/wp-content\/uploads\/2025\/01\/issues-overview.png\" alt=\"Vis\u00e3o geral dos problemas\" class=\"description-img description-img-zoom\" loading=\"lazy\" ><\/div>\n<h2 id=\"par7\">Ideia Final<\/h2>\n<p>O Google Preview Checker analisa e otimiza a forma como o metat\u00edtulo, a descri\u00e7\u00e3o e o URL de uma p\u00e1gina web aparecem nos resultados de pesquisa do Google. Fornece visualiza\u00e7\u00f5es de snippets, identifica problemas de metatags e oferece insights acion\u00e1veis \u200b\u200bpara melhorar o SEO e a visibilidade. Com ferramentas para dados estruturados, velocidade de p\u00e1gina e otimiza\u00e7\u00e3o de conte\u00fado, ajuda a melhorar as classifica\u00e7\u00f5es e as taxas de cliques.<\/p>\n<div id=\"par8\"><\/div>\n<p><div class=\"front__faq-block\"><div class=\"faq__block-title\">FAQ<\/div><div class=\"panel-group\" id=\"faq-accordion\" itemscope itemtype=\"https:\/\/schema.org\/FAQPage\" role=\"tablist\" aria-multiselectable=\"true\"><div class=\"panel\" itemscope itemtype=\"https:\/\/schema.org\/Question\" itemprop=\"mainEntity\">\n                            <div class=\"panel-heading\" id=\"headingFaq-1\">\n                                <div class=\"panel-title\" data-toggle=\"collapse\" aria-expanded=\"false\" href=\"#collapseFaq-1\">\n                                    <h3 itemprop=\"name\">Qual \u00e9 o objectivo da ferramenta Verificador de snippets do Google?<\/h3>\n                                <\/div>\n                            <\/div>\n                            <div id=\"collapseFaq-1\" class=\"panel-collapse collapse\" itemprop=\"acceptedAnswer\" itemscope itemtype=\"http:\/\/schema.org\/Answer\">\n                                <div class=\"panel-body\" itemprop=\"text\">A ferramenta ajuda a analisar e otimizar a forma como o snippet de uma p\u00e1gina web aparece nos resultados de pesquisa do Google para melhorar as taxas de cliques e a visibilidade.<\/div>\n                            <\/div>\n                        <\/div><div class=\"panel\" itemscope itemtype=\"https:\/\/schema.org\/Question\" itemprop=\"mainEntity\">\n                            <div class=\"panel-heading\" id=\"headingFaq-2\">\n                                <div class=\"panel-title\" data-toggle=\"collapse\" aria-expanded=\"false\" href=\"#collapseFaq-2\">\n                                    <h3 itemprop=\"name\">A ferramenta pode analisar v\u00e1rias p\u00e1ginas ao mesmo tempo?<\/h3>\n                                <\/div>\n                            <\/div>\n                            <div id=\"collapseFaq-2\" class=\"panel-collapse collapse\" itemprop=\"acceptedAnswer\" itemscope itemtype=\"http:\/\/schema.org\/Answer\">\n                                <div class=\"panel-body\" itemprop=\"text\">Sim, oferece uma op\u00e7\u00e3o para analisar todas as p\u00e1ginas de um dom\u00ednio com insights detalhados de meta tags e monitoriza\u00e7\u00e3o.<\/div>\n                            <\/div>\n                        <\/div><div class=\"panel\" itemscope itemtype=\"https:\/\/schema.org\/Question\" itemprop=\"mainEntity\">\n                            <div class=\"panel-heading\" id=\"headingFaq-3\">\n                                <div class=\"panel-title\" data-toggle=\"collapse\" aria-expanded=\"false\" href=\"#collapseFaq-3\">\n                                    <h3 itemprop=\"name\">Como \u00e9 que a ferramenta lida com os fatores de tr\u00e1fego sazonais?<\/h3>\n                                <\/div>\n                            <\/div>\n                            <div id=\"collapseFaq-3\" class=\"panel-collapse collapse\" itemprop=\"acceptedAnswer\" itemscope itemtype=\"http:\/\/schema.org\/Answer\">\n                                <div class=\"panel-body\" itemprop=\"text\">Embora a ferramenta identifique problemas t\u00e9cnicos, a interpreta\u00e7\u00e3o dos padr\u00f5es sazonais de tr\u00e1fego requer an\u00e1lise externa juntamente com os insights fornecidos.<\/div>\n                            <\/div>\n                        <\/div><div class=\"panel\" itemscope itemtype=\"https:\/\/schema.org\/Question\" itemprop=\"mainEntity\">\n                            <div class=\"panel-heading\" id=\"headingFaq-4\">\n                                <div class=\"panel-title\" data-toggle=\"collapse\" aria-expanded=\"false\" href=\"#collapseFaq-4\">\n                                    <h3 itemprop=\"name\">Quais s\u00e3o os problemas comuns relacionados com snippets identificados pela ferramenta?<\/h3>\n                                <\/div>\n                            <\/div>\n                            <div id=\"collapseFaq-4\" class=\"panel-collapse collapse\" itemprop=\"acceptedAnswer\" itemscope itemtype=\"http:\/\/schema.org\/Answer\">\n                                <div class=\"panel-body\" itemprop=\"text\">Os problemas incluem conte\u00fado duplicado, t\u00edtulos impr\u00f3prios, dados estruturados em falta e meta tags n\u00e3o otimizadas.<\/div>\n                            <\/div>\n                        <\/div><div class=\"panel\" itemscope itemtype=\"https:\/\/schema.org\/Question\" itemprop=\"mainEntity\">\n                            <div class=\"panel-heading\" id=\"headingFaq-5\">\n                                <div class=\"panel-title\" data-toggle=\"collapse\" aria-expanded=\"false\" href=\"#collapseFaq-5\">\n                                    <h3 itemprop=\"name\">Posso testar um \u00fanico snippet de p\u00e1gina sem analisar todo o site?<\/h3>\n                                <\/div>\n                            <\/div>\n                            <div id=\"collapseFaq-5\" class=\"panel-collapse collapse\" itemprop=\"acceptedAnswer\" itemscope itemtype=\"http:\/\/schema.org\/Answer\">\n                                <div class=\"panel-body\" itemprop=\"text\">Sim, a ferramenta permite a an\u00e1lise instant\u00e2nea da visualiza\u00e7\u00e3o de p\u00e1ginas individuais.<\/div>\n                            <\/div>\n                        <\/div><\/div><\/div><\/p>","protected":false},"excerpt":{"rendered":"O que \u00e9 o Verificador de Snippet? O Snippet Checker do Sitechecker \u00e9 uma ferramenta online que analisa a forma como o metat\u00edtulo, a descri\u00e7\u00e3o e o O URL aparecer\u00e1 nos resultados do motor de busca. Oferece duas op\u00e7\u00f5es: analisar todas as p\u00e1ginas com insights detalhados de meta tags e monitoriza\u00e7\u00e3o ou um relat\u00f3rio instant\u00e2neo&#8230;","protected":false},"author":10504980,"featured_media":3755,"parent":0,"menu_order":0,"comment_status":"closed","ping_status":"closed","template":"pages-templates\/pages-minitools-3.php","meta":[],"categories":[70],"tags":[],"_links":{"self":[{"href":"https:\/\/sitechecker.pro\/pt\/wp-json\/wp\/v2\/pages\/17059"}],"collection":[{"href":"https:\/\/sitechecker.pro\/pt\/wp-json\/wp\/v2\/pages"}],"about":[{"href":"https:\/\/sitechecker.pro\/pt\/wp-json\/wp\/v2\/types\/page"}],"author":[{"embeddable":true,"href":"https:\/\/sitechecker.pro\/pt\/wp-json\/wp\/v2\/users\/10504980"}],"replies":[{"embeddable":true,"href":"https:\/\/sitechecker.pro\/pt\/wp-json\/wp\/v2\/comments?post=17059"}],"version-history":[{"count":4,"href":"https:\/\/sitechecker.pro\/pt\/wp-json\/wp\/v2\/pages\/17059\/revisions"}],"predecessor-version":[{"id":39350,"href":"https:\/\/sitechecker.pro\/pt\/wp-json\/wp\/v2\/pages\/17059\/revisions\/39350"}],"wp:featuredmedia":[{"embeddable":true,"href":"https:\/\/sitechecker.pro\/pt\/wp-json\/wp\/v2\/media\/3755"}],"wp:attachment":[{"href":"https:\/\/sitechecker.pro\/pt\/wp-json\/wp\/v2\/media?parent=17059"}],"wp:term":[{"taxonomy":"category","embeddable":true,"href":"https:\/\/sitechecker.pro\/pt\/wp-json\/wp\/v2\/categories?post=17059"},{"taxonomy":"post_tag","embeddable":true,"href":"https:\/\/sitechecker.pro\/pt\/wp-json\/wp\/v2\/tags?post=17059"}],"curies":[{"name":"wp","href":"https:\/\/api.w.org\/{rel}","templated":true}]}}