{"id":16614,"date":"2023-05-15T15:00:22","date_gmt":"2023-05-15T15:00:22","guid":{"rendered":"https:\/\/sitechecker.pro\/?page_id=16614"},"modified":"2025-06-02T14:45:50","modified_gmt":"2025-06-02T14:45:50","slug":"url-address-make-seo-friendly","status":"publish","type":"page","link":"https:\/\/sitechecker.pro\/pt\/what-is-seo-friendly-url\/","title":{"rendered":"O que \u00e9 um endere\u00e7o de URL e como torn\u00e1-lo amig\u00e1vel para SEO?"},"content":{"rendered":"<p><\/p>\n<h2 id=\"url\">O que \u00e9 URL?<\/h2>\n<p><strong>URL (o endere\u00e7o de URL)<\/strong> \u00e9 uma forma especial de endere\u00e7o individual de uma determinada fonte na internet. Pode referir-se ao site, a um documento espec\u00edfico ou a uma imagem. O usu\u00e1rio da internet s\u00f3 precisa inserir esse c\u00f3digo na barra de endere\u00e7o para localizar o site, documento, pasta ou imagem necess\u00e1rias. Em linguagem simples, isso significa o seguinte: gra\u00e7as ao endere\u00e7o da URL, o usu\u00e1rio ir\u00e1 obter informa\u00e7\u00f5es sobre onde os dados necess\u00e1rios est\u00e3o localizadas.<\/p>\n<p><strong>O que \u00e9 um endere\u00e7o URL?<\/strong> URL endere\u00e7o \u00e9 uma abrevia\u00e7\u00e3o que significa o termo Universal Resource Locator. Ele cont\u00e9m o link para o servidor que \u00e9 um armazenamento da fonte pesquisada.<\/p>\n<p>Em geral, o <strong>significado do URL\u00a0endere\u00e7o<\/strong> \u00e9 o caminho do servidor at\u00e9 o gadget final (que \u00e9 uma plataforma de trabalho do usu\u00e1rio) que pode ser ilustrada de maneira bastante simples. O elemento superior \u00e9 o servidor de recursos, mais baixo, o dispositivo do usu\u00e1rio. Todos os pontos entre os dois s\u00e3o servidores adicionais.<\/p>\n<h2 id=\"estrutura\">Estrutura do URL<\/h2>\n<p>O endere\u00e7o do URL tem uma estrutura determinada que inclui:<\/p>\n<ul>\n<li>\u00a0m\u00e9todos de acesso ao recurso que tamb\u00e9m \u00e9 chamado de protocolo de rede;<\/li>\n<li>autoriza\u00e7\u00e3o de acesso;<\/li>\n<li>host &#8211; endere\u00e7o de DNS que \u00e9 inscrito como endere\u00e7o IP;<\/li>\n<li>port &#8211; mais um detalhe obrigat\u00f3rio inclu\u00eddo em combina\u00e7\u00e3o com endere\u00e7o IP;<\/li>\n<li>track &#8211; determina as informa\u00e7\u00f5es sobre o m\u00e9todo de obten\u00e7\u00e3o de acesso;<\/li>\n<li>par\u00e2metro &#8211; as informa\u00e7\u00f5es internas do recurso sobre o arquivo<\/li>\n<\/ul>\n<h2 id=\"obter\">Como Obter Informa\u00e7\u00f5es Sobre o Endere\u00e7o URL<\/h2>\n<p>Alguns usu\u00e1rios enfrentam problemas quando tentam determinar o endere\u00e7o do URL. O m\u00e9todo mais simples que n\u00e3o oferece obst\u00e1culos \u00e9 visualizar e copiar o endere\u00e7o diretamente da barra de localiza\u00e7\u00e3o. Basta selecionar e copiar clicando CTRL + C. Ou, usando o menu de contexto, escolha \u201ccopiar\u201c.<\/p>\n<p>N\u00e3o apenas os recursos do site tem um URL, mas tamb\u00e9m as imagens, arquivos e pastas. Para obter os dados quanto ao endere\u00e7o de URL, voc\u00ea deve clicar no bot\u00e3o direito do mouse na imagem que est\u00e1 interessado e escolher no menu com a op\u00e7\u00e3o \u201ccopiar imagens de URL\u201d.<\/p>\n<p>Se voc\u00ea estiver disposto a aprender o endere\u00e7o URL do documento, siga os mesmos passos da imagem, escolhendo no menu a op\u00e7\u00e3o \u201ccopiar o endere\u00e7o do link\u201c. Tendo c\u00f3pia do link, voc\u00ea \u00e9 o transporta para \u00e1rea de transfer\u00eancia. Al\u00e9m disso voc\u00ea pode us\u00e1-lo na nova barra de endere\u00e7os para encontrar o documento necess\u00e1rio, enviar o link anexado a mensagem inclu\u00eddo no texto existente no documento.<\/p>\n<div class=\"content__img-wrap\"><img src=\"https:\/\/sitechecker.pro\/wp-content\/uploads\/2017\/12\/what-does-url-stand-for.png\" alt=\"URL meaning\" class=\"description-img description-img-zoom\" loading=\"lazy\" ><\/div>\n<h2 id=\"exemplos\">Exemplos de URL<\/h2>\n<p>A parte principal do endere\u00e7o de URL \u00e9 o nome do dom\u00ednio do site. Para escolher o pr\u00f3prio, e assim, possibilitar efetiva promo\u00e7\u00e3o do site nos sistemas de busca, leve em considera\u00e7\u00e3o um conjunto de peculiaridades.<\/p>\n<p><strong><em>Existem alguns exemplos de URL endere\u00e7os:<\/em><\/strong><\/p>\n<p><div class=\"content__img-wrap\"><img src=\"https:\/\/sitechecker.pro\/wp-content\/uploads\/2017\/12\/user-friendly-url-1.png\" alt=\"Example of user friendly URL\" class=\"description-img description-img-zoom\" loading=\"lazy\" ><\/div><br \/>\n<div class=\"content__img-wrap\"><img src=\"https:\/\/sitechecker.pro\/wp-content\/uploads\/2017\/12\/user-friendly-url-2.png\" alt=\"An example of non user-friendly URL\" class=\"description-img description-img-zoom\" loading=\"lazy\" ><\/div><\/p>\n    <div class=\"blog__conversion blog__conversion-app element__logged_out\">\n        <div class=\"blog__conversion-inner\">\n            <p class=\"title\">Detectar URLs n\u00e3o compreens\u00edveis para usu\u00e1rios<\/p>\n            <p class=\"description\">Verifique seu site e descubra quantos URLs t\u00eam mais de 100 sinais<\/p>\n            <form id=\"audit__form\"\n                  class=\"article__seo-search audit__form Verifique seu site e descubra quantos URLs t\u00eam mais de 100 sinais\"\n                  action=\"\"\n                  method=\"POST\"\n                  autocomplete=\"off\">\n                <span class=\"error\"><\/span>\n                <div class=\"error__limits\">Something went wrong. Please, try again later.<\/div>\n                <input name=\"url\"\n                       type=\"text\"\n                       placeholder=\"Adicione seu dom\u00ednio aqui\">\n                                <button type=\"submit\"\n                        class=\"sitechecker__text\">\n                    <span>Come\u00e7ar<\/span>\n                    <img src=\"\/wp-content\/themes\/sitechecker\/out\/img_design\/loading.svg\"\n                         width=\"31\"\n                         height=\"30\"\n                         class=\"loading\">\n                <\/button>\n            <\/form>\n        <\/div>\n    <\/div>\n    \n<h2 id=\"criptografia\">Criptografia de URL<\/h2>\n<p>At\u00e9 agora, \u00e9 bastante claro onde obter o endere\u00e7o de URL de um recurso espec\u00edfico. Mas, tendo copiado o endere\u00e7o de algum recurso russo, alguns usu\u00e1rios est\u00e3o confusos com o que veem como resultado. O conjunto de caracteres que eles veem pode ser dificilmente identificado.<\/p>\n<p><strong>Como podemos aprender\u00a0o que significa URL?<\/strong> Certamente n\u00e3o \u00e9 parecido ao da barra de endere\u00e7os, e a raz\u00e3o \u00e9 que as inscri\u00e7\u00f5es de endere\u00e7o s\u00f3 podem ser formadas com ajuda dos s\u00edmbolos da lista oferecida. Alfabeto cir\u00edlico n\u00e3o est\u00e1 inclu\u00eddo nessa lista. Se o endere\u00e7o incluir esses caracteres, o endere\u00e7o ser\u00e1 criptografia, mas de qualquer forma o conte\u00fado do link n\u00e3o ser\u00e1 alterado.<\/p>\n<h2 id=\"hist\u00f3ria\">Hist\u00f3ria do URL<\/h2>\n<p>Como qualquer outro conceito, URL tem sua pr\u00f3pria hist\u00f3ria. Hoje sua principal fun\u00e7\u00e3o \u00e9 apontar o servidor de terminal onde as informa\u00e7\u00f5es ser\u00e3o armazenadas. Criada em 1990 pelo reconhecido inventor brit\u00e2nico Sir Timothy John, foi primeiramente apresentado em Genebra. Nos primeiros dias, era usado para determinar localiza\u00e7\u00e3o de arquivos espec\u00edficos na internet. Mas os desenvolvedores chegaram ao ponto em que o endere\u00e7o de URL pode servir para fornecer os usu\u00e1rios acesso a outros recursos.<\/p>\n<h2 id=\"forma\u00e7\u00e3o\">Forma\u00e7\u00e3o de Endere\u00e7os URL<\/h2>\n<p>A parte principal do endere\u00e7o de URL \u00e9 seu nome de dom\u00ednio, que deve ser deliberadamente escolhido. Deseja selecionar o melhor nome de dom\u00ednio para o seu recurso? Leve em conta v\u00e1rias peculiaridades que ir\u00e3o salv\u00e1-lo do desastre. Desde que voc\u00ea tenha escolhido uma abordagem eficaz ao escolher o nome do seu dom\u00ednio, voc\u00ea n\u00e3o encontrar\u00e1 nenhuma dificuldade na promo\u00e7\u00e3o do site, e os usu\u00e1rios interessados na sua oferta poder\u00e3o memoriz\u00e1-la facilmente.<\/p>","protected":false},"excerpt":{"rendered":"O que \u00e9 URL? URL (o endere\u00e7o de URL) \u00e9 uma forma especial de endere\u00e7o individual de uma determinada fonte na internet. Pode referir-se ao site, a um documento espec\u00edfico ou a uma imagem. O usu\u00e1rio da internet s\u00f3 precisa inserir esse c\u00f3digo na barra de endere\u00e7o para localizar o site, documento, pasta ou imagem&#8230;","protected":false},"author":11474150,"featured_media":23735,"parent":0,"menu_order":0,"comment_status":"closed","ping_status":"closed","template":"pages-templates\/pages-v2.php","meta":[],"categories":[27],"tags":[],"_links":{"self":[{"href":"https:\/\/sitechecker.pro\/pt\/wp-json\/wp\/v2\/pages\/16614"}],"collection":[{"href":"https:\/\/sitechecker.pro\/pt\/wp-json\/wp\/v2\/pages"}],"about":[{"href":"https:\/\/sitechecker.pro\/pt\/wp-json\/wp\/v2\/types\/page"}],"author":[{"embeddable":true,"href":"https:\/\/sitechecker.pro\/pt\/wp-json\/wp\/v2\/users\/11474150"}],"replies":[{"embeddable":true,"href":"https:\/\/sitechecker.pro\/pt\/wp-json\/wp\/v2\/comments?post=16614"}],"version-history":[{"count":21,"href":"https:\/\/sitechecker.pro\/pt\/wp-json\/wp\/v2\/pages\/16614\/revisions"}],"predecessor-version":[{"id":37274,"href":"https:\/\/sitechecker.pro\/pt\/wp-json\/wp\/v2\/pages\/16614\/revisions\/37274"}],"wp:featuredmedia":[{"embeddable":true,"href":"https:\/\/sitechecker.pro\/pt\/wp-json\/wp\/v2\/media\/23735"}],"wp:attachment":[{"href":"https:\/\/sitechecker.pro\/pt\/wp-json\/wp\/v2\/media?parent=16614"}],"wp:term":[{"taxonomy":"category","embeddable":true,"href":"https:\/\/sitechecker.pro\/pt\/wp-json\/wp\/v2\/categories?post=16614"},{"taxonomy":"post_tag","embeddable":true,"href":"https:\/\/sitechecker.pro\/pt\/wp-json\/wp\/v2\/tags?post=16614"}],"curies":[{"name":"wp","href":"https:\/\/api.w.org\/{rel}","templated":true}]}}