{"id":16485,"date":"2023-11-24T14:16:16","date_gmt":"2023-11-24T14:16:16","guid":{"rendered":"https:\/\/sitechecker.pro\/?page_id=16485"},"modified":"2024-10-09T17:54:51","modified_gmt":"2024-10-09T17:54:51","slug":"h1-tag-requirements-writing-properly","status":"publish","type":"page","link":"https:\/\/sitechecker.pro\/pt\/h1-tag-requirements-writing-properly\/","title":{"rendered":"O que \u00e9 Tag H1 e Requisitos para Escrev\u00ea-lo Corretamente"},"content":{"rendered":"<p><\/p>\n<h2>Um exemplo de tag H1 e tag de t\u00edtulo em html<\/h2>\n<p>&nbsp;<\/p>\n<div class=\"code\"><code>&lt;html&gt;<br \/>\n&lt;head&gt;<br \/>\n&lt;title&gt;What is H1 Tag &amp; How Important Is This For SEO?&lt;\/title&gt;<br \/>\n&lt;\/head&gt;<br \/>\n&lt;body&gt;<br \/>\n<span class=\"html-tag\">&lt;h1&gt;Explore an Importance of H1 Tag and the Requirements of Its Writing<\/span><span class=\"html-tag\">&lt;\/h1&gt;<\/span><br \/>\n&lt;\/body&gt;<br \/>\n&lt;\/html&gt;<br \/>\n<\/code><\/div>\n<p>&nbsp;<\/p>\n<h2>O que \u00e9 uma Tag H1<\/h2>\n<p>&nbsp;<\/p>\n<p>A tag h1 \u00e9 um sum\u00e1rio do conte\u00fado do texto (\u00e9 como um t\u00edtulo de livro ou t\u00edtulo de artigo no jornal). Em cada p\u00e1gina, deve haver uma \u00fanica tag h1.<\/p>\n<p>Em termos de atratividade para o usu\u00e1rio, \u00e9 de primordial import\u00e2ncia. Mas para a promo\u00e7\u00e3o de SEO, a <a href=\"https:\/\/sitechecker.pro\/pt\/meta-title\/\">meta tag do t\u00edtulo<\/a> tem maior peso.<\/p>\n<p>O t\u00edtulo tamb\u00e9m \u00e9 um cabe\u00e7alho da p\u00e1gina, mas n\u00e3o \u00e9 escrito apenas para pessoas, mas tamb\u00e9m para rob\u00f4s. Ele \u00e9 exibido n\u00e3o na pr\u00f3pria p\u00e1gina, mas na guia do navegador e no trecho ter\u00e1 o link ativo para o site. De fato, o t\u00edtulo n\u00e3o \u00e9 apenas uma alternativa, mas o cabe\u00e7alho principal para o documento html. Se estiver ausente, o mecanismo de busca toma o h1 e o usa na busca.<\/p>\n<div class=\"box\">\n<p>&nbsp;<\/p>\n<h2 style=\"text-align: center;\">Por qu\u00ea H1 deve ser diferente do t\u00edtulo?<\/h2>\n<p>&nbsp;<\/p>\n<p>\u00c9 importante entender que o H1 e o t\u00edtulo s\u00e3o t\u00edtulos diferentes. Eles devem ser habilmente combinados. Aqui est\u00e3o os conceitos b\u00e1sicos para esse t\u00f3pico:<\/p>\n<p>Ao desconsiderar as regras de singularidade e relev\u00e2ncia dos t\u00edtulos devemos levar e considera\u00e7\u00e3o o fato de que o site est\u00e1 sob filtro. Recentemente, os mecanismos de busca come\u00e7aram a prestar especial aten\u00e7\u00e3o \u00e0 qualidade do conte\u00fado e suas configura\u00e7\u00f5es de SEO. Duplicidade, oversampling, distribui\u00e7\u00e3o irregular de cabe\u00e7alhos e sua inconsist\u00eancia em rela\u00e7\u00e3o ao conte\u00fado \u00e9 punida.<\/p>\n<\/div>\n<p>&nbsp;<\/p>\n<h2>Requisitos para o Comprimento do H1<\/h2>\n<p>&nbsp;<\/p>\n<p>\u00c9 aconselhado que o H1 seja mais conciso que o T\u00edtulo, n\u00e3o excedendo um n\u00famero maior que 50 caracteres. Mais n\u00e3o ser\u00e1 nenhuma cat\u00e1strofe se o t\u00edtulo for mais longo, quando for imposs\u00edvel colocar toda a ess\u00eancia do assunto na quantidade indicada.<br \/>\nOs plugins especiais para o WordPress permitem que voc\u00ea analise o preenchimento correto de todos os meta diretamente do editor.<\/p>\n<p>&nbsp;<\/p>\n<h2>Regras para alfabetiza\u00e7\u00e3o em H1<\/h2>\n<p>&nbsp;<\/p>\n<ul>\n<li>Deve ser exclusivo para todo o site e absolutamente leg\u00edvel;<\/li>\n<li>N\u00e3o repete a tag do t\u00edtulo, mas n\u00e3o a contradiz;<\/li>\n<li>N\u00e3o o fa\u00e7a muito longo (voc\u00ea pode fazer um t\u00edtulo usando mais espa\u00e7o);<\/li>\n<li>Use-o apenas uma vez por p\u00e1gina;<\/li>\n<li>Deve ser relevante para o texto e exibir a ess\u00eancia sem\u00e2ntica do material;<\/li>\n<li>Interessante e atraente para o usu\u00e1rio;<\/li>\n<li>Voc\u00ea n\u00e3o deve colocar um ponto final e \u00e9 recomend\u00e1vel colocar o m\u00ednimo de pontua\u00e7\u00f5es.<\/li>\n<\/ul>\n<p>&nbsp;<\/p>\n<h2>Aplica\u00e7\u00e3o das palavras-chave<\/h2>\n<p>As principais frases-chave, em primeiro lugar, devem conter o t\u00edtulo. Mas voc\u00ea deve escrev\u00ea-las na H1. Em um ou outro \u00e9 melhor faz\u00ea-lo no in\u00edcio. Mas seria melhor se as palavras-chave n\u00e3o se duplicassem nessas duas tags. Voc\u00ea precisa usar as palavras de diferentes formas ou dilu\u00ed-las na h1 e nas linhas do t\u00edtulo.<br \/>\nAlguns colocam todas as chaves na p\u00e1gina e formam a estrutura de seus artigos. Apenas lembre-se &#8211; sem os fatores comportamentais legais, como a dispers\u00e3o das palavras-chave nas legendas haver\u00e1 a puni\u00e7\u00e3o com o filtro de overshooting.<\/p>","protected":false},"excerpt":{"rendered":"Um exemplo de tag H1 e tag de t\u00edtulo em html &nbsp; &lt;html&gt; &lt;head&gt; &lt;title&gt;What is H1 Tag &amp; How Important Is This For SEO?&lt;\/title&gt; &lt;\/head&gt; &lt;body&gt; &lt;h1&gt;Explore an Importance of H1 Tag and the Requirements of Its Writing&lt;\/h1&gt; &lt;\/body&gt; &lt;\/html&gt; &nbsp; O que \u00e9 uma Tag H1 &nbsp; A tag h1 \u00e9 um sum\u00e1rio&#8230;","protected":false},"author":11474150,"featured_media":3427,"parent":0,"menu_order":0,"comment_status":"closed","ping_status":"closed","template":"pages-templates\/pages-v2.php","meta":[],"categories":[27],"tags":[],"_links":{"self":[{"href":"https:\/\/sitechecker.pro\/pt\/wp-json\/wp\/v2\/pages\/16485"}],"collection":[{"href":"https:\/\/sitechecker.pro\/pt\/wp-json\/wp\/v2\/pages"}],"about":[{"href":"https:\/\/sitechecker.pro\/pt\/wp-json\/wp\/v2\/types\/page"}],"author":[{"embeddable":true,"href":"https:\/\/sitechecker.pro\/pt\/wp-json\/wp\/v2\/users\/11474150"}],"replies":[{"embeddable":true,"href":"https:\/\/sitechecker.pro\/pt\/wp-json\/wp\/v2\/comments?post=16485"}],"version-history":[{"count":10,"href":"https:\/\/sitechecker.pro\/pt\/wp-json\/wp\/v2\/pages\/16485\/revisions"}],"predecessor-version":[{"id":38192,"href":"https:\/\/sitechecker.pro\/pt\/wp-json\/wp\/v2\/pages\/16485\/revisions\/38192"}],"wp:featuredmedia":[{"embeddable":true,"href":"https:\/\/sitechecker.pro\/pt\/wp-json\/wp\/v2\/media\/3427"}],"wp:attachment":[{"href":"https:\/\/sitechecker.pro\/pt\/wp-json\/wp\/v2\/media?parent=16485"}],"wp:term":[{"taxonomy":"category","embeddable":true,"href":"https:\/\/sitechecker.pro\/pt\/wp-json\/wp\/v2\/categories?post=16485"},{"taxonomy":"post_tag","embeddable":true,"href":"https:\/\/sitechecker.pro\/pt\/wp-json\/wp\/v2\/tags?post=16485"}],"curies":[{"name":"wp","href":"https:\/\/api.w.org\/{rel}","templated":true}]}}