{"id":1531,"date":"2018-02-19T12:06:26","date_gmt":"2018-02-19T12:06:26","guid":{"rendered":"https:\/\/sitechecker.pro\/?page_id=1531"},"modified":"2025-03-27T09:21:03","modified_gmt":"2025-03-27T09:21:03","slug":"domain-authority","status":"publish","type":"page","link":"https:\/\/sitechecker.pro\/pt\/domain-authority\/","title":{"rendered":"Domain Authority Checker (Verificador de Autoridade de Dom\u00ednio)"},"content":{"rendered":"<p>Para construir um perfil de link usando sites de parceiros e doadores e colocando backlinks neles, voc\u00ea precisa saber quais sites s\u00e3o bons e n\u00e3o v\u00e3o te prejudicar. Existem muitos sites na Internet. Todos s\u00e3o igualmente bons? Claro que n\u00e3o. Por isso, \u00e9 essencial usar um Verificador de Autoridade de Dom\u00ednio para testar o dom\u00ednio antes de decidir onde colocar seus backlinks.<\/p>\n<p>Quais s\u00e3o os crit\u00e9rios para avaliar sites, al\u00e9m dos mais \u00f3bvios? Vamos falar sobre o <b>sistema de classifica\u00e7\u00e3o<\/b>, que o ajudar\u00e1 a selecionar apenas sites de qualidade para colocar backlinks para eles. \u00c9 o <a href=\"https:\/\/sitechecker.pro\/moz-rank\/\">MozRank<\/a>. Todos os sites t\u00eam classifica\u00e7\u00f5es diferentes. Alguns s\u00e3o respeit\u00e1veis \u200b\u200be t\u00eam \u201crespeito e reputa\u00e7\u00e3o\u201d. Outros ainda est\u00e3o tentando ganhar for\u00e7a. Existem apenas sites cadastrados. Al\u00e9m disso, voc\u00ea deve se lembrar de que os sites em massa usam m\u00e9todos de promo\u00e7\u00e3o pretos. E se esses sites forem vinculados a voc\u00ea, os mecanismos de pesquisa podem puni-lo e diminuir seu <a href=\"https:\/\/sitechecker.pro\/serp\/\">posicionamento do mecanismo de pesquisa<\/a>.<\/p>\n<p>Todos os sites t\u00eam classifica\u00e7\u00f5es diferentes. A classifica\u00e7\u00e3o \u00e9 o significado afetado pela pureza do dom\u00ednio. Muitas inconsist\u00eancias criam a necessidade de melhorar o sistema de classifica\u00e7\u00e3o e faz\u00ea-lo considerar muitas nuances. Existe um sistema chamado <b>Autoridade de Dom\u00ednio<\/b> (DA). Este sistema \u00e9 muito \u00fatil para avaliar o conte\u00fado de sites. Se voc\u00ea conversar com <b>especialistas em SEO<\/b> por tempo suficiente, saber\u00e1 que um termo sempre aparecer\u00e1: <b>autoridade de dom\u00ednio<\/b>. Qu\u00e3o significativo \u00e9 este crit\u00e9rio? Os mecanismos de pesquisa o usam durante a classifica\u00e7\u00e3o? Como voc\u00ea influencia esse ranking? E o mais importante, como voc\u00ea verifica o ranking do DA?<\/p>\n<p>Este artigo responder\u00e1 a essas perguntas e ensinar\u00e1 como aumentar a autoridade de seu dom\u00ednio com nossa nova caixa <b>Verificador de autoridade de dom\u00ednio<\/b>.<\/p>\n<h2 id=\"ik_What\">O que \u00e9 um verificador de autoridade de dom\u00ednio?<\/h2>\n<p>Domain Authority Checker de <b>sitechecker.pro<\/b> \u00e9 a maneira mais f\u00e1cil de verificar sites MOZ DA. O DA Checker gratuito e r\u00e1pido \u00e9 f\u00e1cil de usar e mostrar\u00e1 o DA exato de qualquer site, seja o seu site ou o site do seu concorrente.<\/p>\n<p>O poder da ferramenta online permite que voc\u00ea determine rapidamente a classifica\u00e7\u00e3o de um URL espec\u00edfico e a probabilidade de que ele seja bem classificado. \u00c9 o melhor programa para verificar os rankings. Constru\u00edmos a ferramenta em uma plataforma robusta.<\/p>\n<p>Tudo \u00e9 muito f\u00e1cil! Simplificando, se voc\u00ea deseja verificar rapidamente se deve lidar com algum site de troca de links e cria\u00e7\u00e3o de links, veio ao lugar certo. Antes de come\u00e7ar a colaborar, verifique que tipo de classifica\u00e7\u00e3o este site possui. E somente quando voc\u00ea tiver certeza de que este site n\u00e3o prejudicar\u00e1 sua classifica\u00e7\u00e3o, voc\u00ea poder\u00e1 come\u00e7ar a trabalhar com ele.<\/p>\n<h2 id=\"ik_Guide\">Usando o verificador de autoridade de dom\u00ednio: um guia passo a passo<\/h2>\n<p>Como dissemos, nossa nova ferramenta permitir\u00e1 que voc\u00ea descubra rapidamente a classifica\u00e7\u00e3o do site. E voc\u00ea n\u00e3o vai acreditar como \u00e9 confort\u00e1vel de usar. Preparamos instru\u00e7\u00f5es detalhadas sobre o exemplo do nosso site sitechecker.pro. Descubra a classifica\u00e7\u00e3o de dom\u00ednio de seus concorrentes ou parceiros, pois isso ser\u00e1 \u00fatil para voc\u00ea criar uma estrat\u00e9gia de promo\u00e7\u00e3o de m\u00eddia social. Nossa ferramenta funciona online, ent\u00e3o voc\u00ea n\u00e3o precisa baixar o software para o seu dispositivo. Ent\u00e3o, vamos dar uma olhada nas <b>instru\u00e7\u00f5es<\/b>.<\/p>\n<h3>Etapa 1: insira seu dom\u00ednio<\/h3>\n<p>V\u00e1 para a p\u00e1gina da ferramenta e insira o dom\u00ednio do site cuja classifica\u00e7\u00e3o voc\u00ea deseja descobrir. Comece o diy de pesquisa clicando no bot\u00e3o de seta azul.<\/p>\n<div class=\"content__img-wrap\"><img src=\"https:\/\/sitechecker.pro\/wp-content\/uploads\/2022\/04\/DA-checker-new-1.jpg\" alt=\"verifica\u00e7\u00e3o do verificador de autoridade de dom\u00ednio - verifique a autoridade do site\" class=\"description-img description-img-zoom\" loading=\"lazy\" ><\/div>\n<h3>Etapa 2: an\u00e1lise dos resultados do verificador de autoridade de dom\u00ednio<\/h3>\n<p>Quando a verifica\u00e7\u00e3o for conclu\u00edda, voc\u00ea ver\u00e1 o resultado do tr\u00e1fego de <a href=\"https:\/\/sitechecker.pro\/ahrefs-rank\/\">classifica\u00e7\u00e3o de dom\u00ednio<\/a>. Em seguida, voc\u00ea deve analisar o resultado, quais aspectos precisam continuar melhorando em seu site, caso voc\u00ea tenha analisado seu site.<\/p>\n<p>Sites com <b>links externos de alta qualidade<\/b>, como diret\u00f3rios online e enciclop\u00e9dias, classificam a autoridade do dom\u00ednio. Compreensivelmente, sites com menos links externos t\u00eam uma pontua\u00e7\u00e3o de DA mais baixa.<\/p>\n<div class=\"content__img-wrap\"><img src=\"https:\/\/sitechecker.pro\/wp-content\/uploads\/2022\/04\/DA-checker-new-2.jpg\" alt=\"Ferramenta de verifica\u00e7\u00e3o de autoridade de dom\u00ednio ALT - verifica\u00e7\u00e3o de teste de pontua\u00e7\u00e3o de autoridade de dom\u00ednio alta\" class=\"description-img description-img-zoom\" loading=\"lazy\" ><\/div>\n<p>Nossa ferramenta de verifica\u00e7\u00e3o de dom\u00ednio \u00e9 uma ferramenta de compara\u00e7\u00e3o. Todos os sites t\u00eam resultados diferentes, o que significa que suas classifica\u00e7\u00f5es podem mudar ao longo do tempo.<\/p>\n<h2 id=\"ik_authority\">O que \u00e9 autoridade de dom\u00ednio?<\/h2>\n<p>V\u00e1rios fatores podem afetar a classifica\u00e7\u00e3o de qualquer site na Internet. DA \u00e9 uma pontua\u00e7\u00e3o de classifica\u00e7\u00e3o do <b>MOZ <\/b>que descreve a relev\u00e2ncia de um site para um determinado t\u00f3pico e consulta de pesquisa. A classifica\u00e7\u00e3o DA pode passar de 1 a 100. Quanto maior a autoridade do dom\u00ednio de um site, maior a classifica\u00e7\u00e3o que o Google atribui a ele. Este sistema est\u00e1 vinculado \u00e0s p\u00e1ginas de resultados do mecanismo de pesquisa. Quanto maior a defini\u00e7\u00e3o, mais alto os <b>resultados do mecanismo de pesquisa<\/b> classificar\u00e3o o site.<br \/>\nSimplificando, o <b>DA de um site \u00e9 uma pontua\u00e7\u00e3o<\/b> que indica a autoridade e a relev\u00e2ncia de um site. N\u00e3o confunda autoridade de nome de site (autoridade de dom\u00ednio) com autoridade de p\u00e1gina. Estes s\u00e3o rankings diferentes para avaliar a qualidade de um site.<\/p>\n<p>Website DA informa o potencial de classifica\u00e7\u00e3o geral de um dom\u00ednio ou site inteiro, mas a autoridade da p\u00e1gina (<b>PA<\/b>) mede o potencial de classifica\u00e7\u00e3o de uma p\u00e1gina da web individual. Ambas as m\u00e9tricas precisam de ferramentas espec\u00edficas. E n\u00f3s temos os dois. Verifique a p\u00e1gina da ferramenta <a href=\"https:\/\/sitechecker.pro\/page-authority\/\">Autoridade da p\u00e1gina<\/a>.<\/p>\n<h2 id=\"ik_calculate\">Como calcular a autoridade de dom\u00ednio?<\/h2>\n<p>A autoridade de dom\u00ednio calculada \u00e9 um processo complexo que combina as principais caracter\u00edsticas em uma s\u00f3. Primeiro, o n\u00famero de <a href=\"https:\/\/sitechecker.pro\/root-domain\/\">dom\u00ednios raiz<\/a> exclusivos no site \u00e9 considerado. Este indicador \u00e9 necess\u00e1rio para todos os pontos fortes e fracos do recurso.<\/p>\n<p>Depois disso, a ferramenta ahrefs descobre o n\u00famero total de links <a href=\"https:\/\/sitechecker.pro\/external-links\/\">externos<\/a>. Dessa forma, um verificador de autoridade de dom\u00ednio monitora a confiabilidade e a autoridade de um site ao longo do tempo. Voc\u00ea pode simplesmente pesquisar todo o fluxo de links e saber mais sobre <a href=\"https:\/\/sitechecker.pro\/domain-authority\/#:~:text=all%20links%20on%20a%20website\">todos os links em um site<\/a> com nossas ferramentas.<\/p>\n<p>Para manter seu site competitivo e cooperar apenas com bons sites, voc\u00ea deve verificar constantemente o ranking com nossa ferramenta.<\/p>\n<h2 id=\"ik_scored\">Como a Autoridade de Dom\u00ednio \u00e9 classificada?<\/h2>\n<p>A escala geral de autoridade de dom\u00ednio \u00e9 de <b>0 a 100<\/b>. Mas n\u00e3o basta saber apenas o n\u00famero. Voc\u00ea precisa ser capaz de analisar os dados corretamente. Lembre-se que melhorar sua pontua\u00e7\u00e3o de 15 para 35 \u00e9 muito mais f\u00e1cil do que em um n\u00edvel mais alto. De acordo com este ponto, voc\u00ea pode aprender a idade do seu site a autoridade aos olhos dos motores de busca.<\/p>\n<p>Por exemplo, se voc\u00ea foi de 0 a 25, esse \u00e9 um novo site da Internet rec\u00e9m-criado no qual o Google pode n\u00e3o confiar muito. 0-10 \u00e9 uma classifica\u00e7\u00e3o terr\u00edvel. <b>25\u201350 <\/b>pontos s\u00e3o sites muito bons, n\u00e3o grandes, mas podem ser \u00fateis para os usu\u00e1rios e t\u00eam potencial para se desenvolver ainda mais e obter uma pontua\u00e7\u00e3o alta. Se um site tem mais de 60 pontos, \u00e9 um site de boa reputa\u00e7\u00e3o e confi\u00e1vel.<\/p>\n<h2 id=\"ik_important\">A autoridade do dom\u00ednio \u00e9 importante para SEO?<\/h2>\n<p>Uma <b>pontua\u00e7\u00e3o de autoridade de dom\u00ednio<\/b> positiva n\u00e3o deve ser seu \u00fanico objetivo ao otimizar seu site para mecanismos de pesquisa. Este indicador \u00e9 \u00fatil para os propriet\u00e1rios de sites identificarem erros na cria\u00e7\u00e3o de um perfil de link. Ele n\u00e3o garante os melhores resultados do mecanismo de pesquisa para o seu site.<\/p>\n<p>Vale a pena realizar auditorias no site regularmente para procurar erros que dificultam a promo\u00e7\u00e3o nos recursos de busca. Use ferramentas especiais sempre para saber o estado atual do seu site e o n\u00famero de problemas cr\u00edticos que precisam ser corrigidos.<br \/>\n    <div class=\"blog__conversion blog__conversion-app element__logged_out\">\n        <div class=\"blog__conversion-inner\">\n            <p class=\"title\">Analise n\u00e3o apenas a Autoridade de Dom\u00ednio, mas todo o site!<\/p>\n            <p class=\"description\">Rastreie seu site e descubra todos os tipos de problemas que podem prejudicar seus usu\u00e1rios ou o SEO do seu site.<\/p>\n            <form id=\"audit__form\"\n                  class=\"article__seo-search audit__form Rastreie seu site e descubra todos os tipos de problemas que podem prejudicar seus usu\u00e1rios ou o SEO do seu site.\"\n                  action=\"\"\n                  method=\"POST\"\n                  autocomplete=\"off\">\n                <span class=\"error\"><\/span>\n                <div class=\"error__limits\">Something went wrong. Please, try again later.<\/div>\n                <input name=\"url\"\n                       type=\"text\"\n                       placeholder=\"Digite seu dom\u00ednio aqui\">\n                                <button type=\"submit\"\n                        class=\"sitechecker__text\">\n                    <span>Iniciar auditoria<\/span>\n                    <img src=\"\/wp-content\/themes\/sitechecker\/out\/img_design\/loading.svg\"\n                         width=\"31\"\n                         height=\"30\"\n                         class=\"loading\">\n                <\/button>\n            <\/form>\n        <\/div>\n    <\/div>\n    <\/p>\n<h3>O que o Google diz?<\/h3>\n<p>Os algoritmos de classifica\u00e7\u00e3o do Google e decidir quais sites ser\u00e3o classificados para determinadas palavras-chave s\u00e3o um mist\u00e9rio para todos os usu\u00e1rios. H\u00e1 uma recomenda\u00e7\u00e3o b\u00e1sica para todos os propriet\u00e1rios de sites \u2014 voc\u00ea precisa criar sites principalmente para usu\u00e1rios, n\u00e3o para rob\u00f4s. O Google compartilha seus fatores de classifica\u00e7\u00e3o, mas nunca divulga exatamente como usa esses algoritmos. Os representantes do <b>Google<\/b> negam o uso de &#8220;autoridade de dom\u00ednio&#8221; como m\u00e9trica de classifica\u00e7\u00e3o. No entanto, de acordo com a cita\u00e7\u00e3o de John Mueller, eles t\u00eam uma pontua\u00e7\u00e3o geral do site de um DA.<\/p>\n<h3>O que dizem os especialistas em SEO?<\/h3>\n<p>Especialistas acreditam que a autoridade de dom\u00ednio \u00e9 a representa\u00e7\u00e3o mais precisa dos resultados de pesquisa e por que alguns sites t\u00eam mais for\u00e7a do que outros nos resultados de pesquisa. Portanto, existe uma correla\u00e7\u00e3o direta entre altas pontua\u00e7\u00f5es de DA e classifica\u00e7\u00f5es mais altas.<\/p>\n<p>O especialista em SEO Cyrus Shepard explica sobre Autoridade de Dom\u00ednio; confira o v\u00eddeo:<br \/>\n<iframe title=\"YouTube video player\" src=\"https:\/\/www.youtube.com\/embed\/bflrQ3EiDo8\" width=\"770\" height=\"350\" frameborder=\"0\" allowfullscreen=\"allowfullscreen\"><\/iframe><\/p>\n<p><div class=\"front__faq-block\"><div class=\"faq__block-title\">FAQ<\/div><div class=\"panel-group\" id=\"faq-accordion\" itemscope itemtype=\"https:\/\/schema.org\/FAQPage\" role=\"tablist\" aria-multiselectable=\"true\"><div class=\"panel\" itemscope itemtype=\"https:\/\/schema.org\/Question\" itemprop=\"mainEntity\">\n                            <div class=\"panel-heading\" id=\"headingFaq-1\">\n                                <div class=\"panel-title\" data-toggle=\"collapse\" aria-expanded=\"false\" href=\"#collapseFaq-1\">\n                                    <h3 itemprop=\"name\">O que \u00e9 uma boa pontua\u00e7\u00e3o de autoridade de dom\u00ednio?<\/h3>\n                                <\/div>\n                            <\/div>\n                            <div id=\"collapseFaq-1\" class=\"panel-collapse collapse\" itemprop=\"acceptedAnswer\" itemscope itemtype=\"http:\/\/schema.org\/Answer\">\n                                <div class=\"panel-body\" itemprop=\"text\">A pontua\u00e7\u00e3o boa ou m\u00e9dia para sites pequenos define de 20 a 40 pontos. Um site com uma pontua\u00e7\u00e3o de 10 a 20 \u00e9 mais f\u00e1cil de otimizar. Um site com uma pontua\u00e7\u00e3o baixa tem algumas otimiza\u00e7\u00f5es simples para obter uma pontua\u00e7\u00e3o mais alta. Voc\u00ea deve se esfor\u00e7ar para obter a pontua\u00e7\u00e3o mais alta poss\u00edvel para seu site, mais de 50. Ao colaborar com outros servi\u00e7os, voc\u00ea tamb\u00e9m deve procurar uma classifica\u00e7\u00e3o reservada alta.<\/div>\n                            <\/div>\n                        <\/div><div class=\"panel\" itemscope itemtype=\"https:\/\/schema.org\/Question\" itemprop=\"mainEntity\">\n                            <div class=\"panel-heading\" id=\"headingFaq-2\">\n                                <div class=\"panel-title\" data-toggle=\"collapse\" aria-expanded=\"false\" href=\"#collapseFaq-2\">\n                                    <h3 itemprop=\"name\">Por que meu DA mudou?<\/h3>\n                                <\/div>\n                            <\/div>\n                            <div id=\"collapseFaq-2\" class=\"panel-collapse collapse\" itemprop=\"acceptedAnswer\" itemscope itemtype=\"http:\/\/schema.org\/Answer\">\n                                <div class=\"panel-body\" itemprop=\"text\">Pode ser afetado pelos seguintes motivos:<\/p>\n<ul>\n<li>Dom\u00ednios de link raiz (o n\u00famero de backlinks exclusivos para seu site).<\/li>\n<li>O n\u00famero total de links de entrada para seu site.<\/li>\n<li>O n\u00edvel de spam de sites com links para seu site.<\/li>\n<\/ul>\n<p><\/div>\n                            <\/div>\n                        <\/div><div class=\"panel\" itemscope itemtype=\"https:\/\/schema.org\/Question\" itemprop=\"mainEntity\">\n                            <div class=\"panel-heading\" id=\"headingFaq-3\">\n                                <div class=\"panel-title\" data-toggle=\"collapse\" aria-expanded=\"false\" href=\"#collapseFaq-3\">\n                                    <h3 itemprop=\"name\">Como posso influenciar a Autoridade de Dom\u00ednio?<\/h3>\n                                <\/div>\n                            <\/div>\n                            <div id=\"collapseFaq-3\" class=\"panel-collapse collapse\" itemprop=\"acceptedAnswer\" itemscope itemtype=\"http:\/\/schema.org\/Answer\">\n                                <div class=\"panel-body\" itemprop=\"text\">Voc\u00ea pode aumentar melhor a autoridade de seu dom\u00ednio otimizando seu site para mecanismos de busca por seus algoritmos. Fa\u00e7a disso uma prioridade para construir seu perfil de link. Isso pode ser alcan\u00e7ado obtendo mais links de direitos de outras p\u00e1ginas autorizadas.<\/div>\n                            <\/div>\n                        <\/div><\/div><\/div><\/p>","protected":false},"excerpt":{"rendered":"Para construir um perfil de link usando sites de parceiros e doadores e colocando backlinks neles, voc\u00ea precisa saber quais sites s\u00e3o bons e n\u00e3o v\u00e3o te prejudicar. Existem muitos sites na Internet. Todos s\u00e3o igualmente bons? Claro que n\u00e3o. Por isso, \u00e9 essencial usar um Verificador de Autoridade de Dom\u00ednio para testar o dom\u00ednio&#8230;","protected":false},"author":10409641,"featured_media":3749,"parent":0,"menu_order":0,"comment_status":"closed","ping_status":"closed","template":"pages-templates\/pages-minitools.php","meta":[],"categories":[75],"tags":[],"_links":{"self":[{"href":"https:\/\/sitechecker.pro\/pt\/wp-json\/wp\/v2\/pages\/1531"}],"collection":[{"href":"https:\/\/sitechecker.pro\/pt\/wp-json\/wp\/v2\/pages"}],"about":[{"href":"https:\/\/sitechecker.pro\/pt\/wp-json\/wp\/v2\/types\/page"}],"author":[{"embeddable":true,"href":"https:\/\/sitechecker.pro\/pt\/wp-json\/wp\/v2\/users\/10409641"}],"replies":[{"embeddable":true,"href":"https:\/\/sitechecker.pro\/pt\/wp-json\/wp\/v2\/comments?post=1531"}],"version-history":[{"count":36,"href":"https:\/\/sitechecker.pro\/pt\/wp-json\/wp\/v2\/pages\/1531\/revisions"}],"predecessor-version":[{"id":36273,"href":"https:\/\/sitechecker.pro\/pt\/wp-json\/wp\/v2\/pages\/1531\/revisions\/36273"}],"wp:featuredmedia":[{"embeddable":true,"href":"https:\/\/sitechecker.pro\/pt\/wp-json\/wp\/v2\/media\/3749"}],"wp:attachment":[{"href":"https:\/\/sitechecker.pro\/pt\/wp-json\/wp\/v2\/media?parent=1531"}],"wp:term":[{"taxonomy":"category","embeddable":true,"href":"https:\/\/sitechecker.pro\/pt\/wp-json\/wp\/v2\/categories?post=1531"},{"taxonomy":"post_tag","embeddable":true,"href":"https:\/\/sitechecker.pro\/pt\/wp-json\/wp\/v2\/tags?post=1531"}],"curies":[{"name":"wp","href":"https:\/\/api.w.org\/{rel}","templated":true}]}}