{"id":1526,"date":"2024-02-16T10:56:20","date_gmt":"2024-02-16T10:56:20","guid":{"rendered":"https:\/\/sitechecker.pro\/?page_id=1526"},"modified":"2024-10-11T06:56:32","modified_gmt":"2024-10-11T06:56:32","slug":"domain-age","status":"publish","type":"page","link":"https:\/\/sitechecker.pro\/pt\/domain-age\/","title":{"rendered":"Verificador de idade do dom\u00ednio do site | Ferramenta de SEO Online \u1408"},"content":{"rendered":"<p><\/p>\n<h2 id=\"par1\">O que \u00e9 o Domain Age Checker?<\/h2>\n<p>O Website Age Checker da <a href=\"https:\/\/sitechecker.pro\/\" target=\"_blank\" rel=\"noopener noreferrer\">Sitechecker<\/a> \u00e9 uma ferramenta de SEO online concebida para determinar a idade de um <a href=\"https:\/\/sitechecker.pro\/what-is-dom\u00ednio\/\" target=\"_blank\" rel=\"noopener noreferrer\">domain<\/a>, que \u00e9 considerado um fator importante em SEO e <a href=\"https:\/\/sitechecker.pro\/what-is-domain-authority\/\" target=\"_blank\" rel=\"noopener noreferrer\">autoridade do dom\u00ednio<\/a>. Os s\u00edtios Web com 10 anos ou mais s\u00e3o geralmente considerados como tendo maior autoridade e valor de SEO. Antes de comprar um dom\u00ednio, recomenda-se que verifique a idade do s\u00edtio Web, a sua <a href=\"https:\/\/sitechecker.pro\/blacklist-checker\/\" target=\"_blank\" rel=\"noopener noreferrer\">reputa\u00e7\u00e3o<\/a> e o seu historial de spam, para garantir que est\u00e1 de acordo com as suas necessidades.<\/p>\n<h3>Como \u00e9 que a ferramenta o pode ajudar?<\/h3>\n<p><strong>Monitorizar a idade dos seus s\u00edtios: <\/strong>simplifica o controlo da idade dos seus s\u00edtios Web e ajuda a saber como saber quando um site foi criado, fornecendo informa\u00e7\u00f5es actualizadas sem esfor\u00e7o.<\/p>\n<p><strong>Avalia\u00e7\u00e3o de potenciais compras: <\/strong>oferece detalhes abrangentes sobre a idade de um site, <a href=\"https:\/\/sitechecker.pro\/hosting-checker\/\" target=\"_blank\" rel=\"noopener noreferrer\">hosting<\/a>, <a href=\"https:\/\/sitechecker.pro\/what-is-url-blacklist\/\" target=\"_blank\" rel=\"noopener noreferrer\">blacklist<\/a> status, e uma auditoria completa de todas as p\u00e1ginas, ajudando a tomar decis\u00f5es informadas antes da compra.<\/p>\n<p><strong>Avalia\u00e7\u00e3o de sites rec\u00e9m-adquiridos para promo\u00e7\u00e3o: <\/strong>Para planear eficazmente uma estrat\u00e9gia de promo\u00e7\u00e3o de um novo s\u00edtio, \u00e9 crucial conhecer a sua idade e condi\u00e7\u00e3o t\u00e9cnica. Esta ferramenta fornece rapidamente dados precisos sobre a idade do site e a autoridade potencial do dom\u00ednio.<\/p>\n<h3>Principais caracter\u00edsticas da ferramenta<\/h3>\n<p><strong>Painel Unificado: <\/strong>oferece uma vista centralizada para monitorizar as m\u00e9tricas de SEO, apresentando dados em tempo real sobre a sa\u00fade, o desempenho e as classifica\u00e7\u00f5es do s\u00edtio Web. Permite que os widgets personaliz\u00e1veis d\u00eaem prioridade aos dados essenciais, simplificando a gest\u00e3o de SEO a partir de uma \u00fanica interface.<\/p>\n<p><strong>Interface amig\u00e1vel: <\/strong>concebida para ser f\u00e1cil de utilizar, acomodando tanto principiantes como especialistas. Simplifica a navega\u00e7\u00e3o atrav\u00e9s das tarefas de SEO com instru\u00e7\u00f5es claras e ajudas visuais, reduzindo a curva de aprendizagem e aumentando a efici\u00eancia.<\/p>\n<p><strong>Conjunto completo de ferramentas de SEO: <\/strong>abrange todos os aspectos da otimiza\u00e7\u00e3o de SEO, incluindo pesquisa de palavras-chave, <a href=\"https:\/\/sitechecker.pro\/on-page-seo-checker\/\" target=\"_blank\" rel=\"noopener noreferrer\">auditorias de s\u00edtios<\/a>, an\u00e1lise de backlinks e recomenda\u00e7\u00f5es na p\u00e1gina. Oferece uma abordagem hol\u00edstica para melhorar o desempenho do s\u00edtio Web atrav\u00e9s de um conjunto integrado de ferramentas.<\/p>\n<h2 id=\"par2\">Como utilizar a ferramenta<\/h2>\n<p>Para verificar a idade do s\u00edtio, basta iniciar a verifica\u00e7\u00e3o. Demora apenas um momento e, para al\u00e9m do tempo de vida do s\u00edtio Web, receber\u00e1 informa\u00e7\u00f5es valiosas que o ajudar\u00e3o a saber mais sobre o recurso Web.<\/p>\n<h3>Passo 1: Inserir o endere\u00e7o do dom\u00ednio<\/h3>\n<div class=\"content__img-wrap\"><img src=\"https:\/\/sitechecker.pro\/wp-content\/uploads\/2024\/02\/domain-age-checker.png\" alt=\"Domain Age Checker\" class=\"description-img description-img-zoom\" loading=\"lazy\" ><\/div>\n<h3>Passo 2: An\u00e1lise dos resultados<\/h3>\n<p>Depois de efetuar uma pesquisa, poder\u00e1 aceder aos dados de informa\u00e7\u00e3o, que incluem a idade, a data de cria\u00e7\u00e3o e a data de expira\u00e7\u00e3o.<\/p>\n<div class=\"content__img-wrap\"><img src=\"https:\/\/sitechecker.pro\/wp-content\/uploads\/2024\/02\/domain-age-info.png\" alt=\"Domain Age Info\" class=\"description-img description-img-zoom\" loading=\"lazy\" ><\/div>\n<h2 id=\"par3\">Caracter\u00edsticas adicionais<\/h2>\n<p>Se est\u00e1 a verificar o seu s\u00edtio web ou o recurso web do projeto em que planeia investir financeiramente, temos grandes oportunidades para si. Ap\u00f3s a conclus\u00e3o do processo de rastreio do site, ser\u00e1 fornecido um relat\u00f3rio detalhado de auditoria do site para ajudar a identificar quaisquer problemas existentes e compreender a condi\u00e7\u00e3o t\u00e9cnica de SEO do site. O relat\u00f3rio incluir\u00e1 recomenda\u00e7\u00f5es \u00fateis para a resolu\u00e7\u00e3o dos problemas identificados. Al\u00e9m disso, o tipo ou categoria do problema (por exemplo, Links, Indexabilidade, Relev\u00e2ncia do conte\u00fado) pode ser determinado para se concentrar naqueles que s\u00e3o mais importantes para melhorar o desempenho geral do site. Desta forma, os utilizadores podem resolver eficazmente quaisquer problemas existentes e garantir um sucesso \u00f3timo no futuro.<\/p>\n<div class=\"content__img-wrap\"><img src=\"https:\/\/sitechecker.pro\/wp-content\/uploads\/2024\/02\/site-audit-results_65cf4eac5a428.png\" alt=\"Site Audit Results\" class=\"description-img description-img-zoom\" loading=\"lazy\" ><\/div>\n<h2 id=\"par4\">Ideia Final<\/h2>\n<p>O Free Domain Age Checker \u00e9 a ferramenta para determinar a idade de um dom\u00ednio, um fator chave na avalia\u00e7\u00e3o de SEO e autoridade de dom\u00ednio. \u00c9 especialmente \u00fatil para quem est\u00e1 a pensar em comprar, pois fornece informa\u00e7\u00f5es sobre o hist\u00f3rico dos sites, incluindo a sua idade, reputa\u00e7\u00e3o e quaisquer problemas anteriores com spam. Esta ferramenta n\u00e3o s\u00f3 calcula a idade a partir da sua data de registo, como tamb\u00e9m ajuda a tomar decis\u00f5es informadas, comparando potenciais sites e as suas vantagens de SEO. Com caracter\u00edsticas como um painel de controlo unificado, uma interface de f\u00e1cil utiliza\u00e7\u00e3o e um conjunto completo de ferramentas de SEO, simplifica o processo de an\u00e1lise e otimiza\u00e7\u00e3o de s\u00edtios Web. Al\u00e9m disso, oferece relat\u00f3rios de auditoria detalhados para uma an\u00e1lise mais aprofundada e melhoria da sa\u00fade t\u00e9cnica e de SEO de um s\u00edtio Web.<\/p>\n<div id=\"par5\"><\/div>\n<p><div class=\"front__faq-block\"><div class=\"faq__block-title\">FAQ<\/div><div class=\"panel-group\" id=\"faq-accordion\" itemscope itemtype=\"https:\/\/schema.org\/FAQPage\" role=\"tablist\" aria-multiselectable=\"true\"><div class=\"panel\" itemscope itemtype=\"https:\/\/schema.org\/Question\" itemprop=\"mainEntity\">\n                            <div class=\"panel-heading\" id=\"headingFaq-1\">\n                                <div class=\"panel-title\" data-toggle=\"collapse\" aria-expanded=\"false\" href=\"#collapseFaq-1\">\n                                    <h3 itemprop=\"name\">O Site Age Checker pode ajudar a identificar dom\u00ednios expirados?<\/h3>\n                                <\/div>\n                            <\/div>\n                            <div id=\"collapseFaq-1\" class=\"panel-collapse collapse\" itemprop=\"acceptedAnswer\" itemscope itemtype=\"http:\/\/schema.org\/Answer\">\n                                <div class=\"panel-body\" itemprop=\"text\">Sim, a ferramenta pode fornecer informa\u00e7\u00f5es sobre uma data de expira\u00e7\u00e3o, o que pode ser \u00fatil na identifica\u00e7\u00e3o de sites que expiraram recentemente ou est\u00e3o prestes a expirar.<\/div>\n                            <\/div>\n                        <\/div><div class=\"panel\" itemscope itemtype=\"https:\/\/schema.org\/Question\" itemprop=\"mainEntity\">\n                            <div class=\"panel-heading\" id=\"headingFaq-2\">\n                                <div class=\"panel-title\" data-toggle=\"collapse\" aria-expanded=\"false\" href=\"#collapseFaq-2\">\n                                    <h3 itemprop=\"name\">Qu\u00e3o preciso \u00e9 o c\u00e1lculo da vida \u00fatil do site fornecido por esta ferramenta?<\/h3>\n                                <\/div>\n                            <\/div>\n                            <div id=\"collapseFaq-2\" class=\"panel-collapse collapse\" itemprop=\"acceptedAnswer\" itemscope itemtype=\"http:\/\/schema.org\/Answer\">\n                                <div class=\"panel-body\" itemprop=\"text\">O Detector de Idade de Nomes de Dom\u00ednio fornece informa\u00e7\u00f5es precisas sobre a idade de um recurso da web com base na data de registro inicial, assumindo que os detalhes de registro estejam atualizados e dispon\u00edveis publicamente.<\/div>\n                            <\/div>\n                        <\/div><div class=\"panel\" itemscope itemtype=\"https:\/\/schema.org\/Question\" itemprop=\"mainEntity\">\n                            <div class=\"panel-heading\" id=\"headingFaq-3\">\n                                <div class=\"panel-title\" data-toggle=\"collapse\" aria-expanded=\"false\" href=\"#collapseFaq-3\">\n                                    <h3 itemprop=\"name\">O Domain Age Checker pode ajudar a identificar oportunidades de aquisi\u00e7\u00e3o de dom\u00ednios expirados ou antigos com valor de SEO?<\/h3>\n                                <\/div>\n                            <\/div>\n                            <div id=\"collapseFaq-3\" class=\"panel-collapse collapse\" itemprop=\"acceptedAnswer\" itemscope itemtype=\"http:\/\/schema.org\/Answer\">\n                                <div class=\"panel-body\" itemprop=\"text\">Sim, ao revelar a idade e fornecer uma base para investiga\u00e7\u00f5es adicionais, o Domain Age Checker pode ajudar a identificar sites expirados ou antigos que ainda possam ter valor de SEO para aquisi\u00e7\u00e3o.<\/div>\n                            <\/div>\n                        <\/div><\/div><\/div><\/p>","protected":false},"excerpt":{"rendered":"O que \u00e9 o Domain Age Checker? O Website Age Checker da Sitechecker \u00e9 uma ferramenta de SEO online concebida para determinar a idade de um domain, que \u00e9 considerado um fator importante em SEO e autoridade do dom\u00ednio. Os s\u00edtios Web com 10 anos ou mais s\u00e3o geralmente considerados como tendo maior autoridade e&#8230;","protected":false},"author":10409641,"featured_media":3748,"parent":0,"menu_order":0,"comment_status":"closed","ping_status":"closed","template":"pages-templates\/pages-minitools.php","meta":[],"categories":[73],"tags":[],"_links":{"self":[{"href":"https:\/\/sitechecker.pro\/pt\/wp-json\/wp\/v2\/pages\/1526"}],"collection":[{"href":"https:\/\/sitechecker.pro\/pt\/wp-json\/wp\/v2\/pages"}],"about":[{"href":"https:\/\/sitechecker.pro\/pt\/wp-json\/wp\/v2\/types\/page"}],"author":[{"embeddable":true,"href":"https:\/\/sitechecker.pro\/pt\/wp-json\/wp\/v2\/users\/10409641"}],"replies":[{"embeddable":true,"href":"https:\/\/sitechecker.pro\/pt\/wp-json\/wp\/v2\/comments?post=1526"}],"version-history":[{"count":35,"href":"https:\/\/sitechecker.pro\/pt\/wp-json\/wp\/v2\/pages\/1526\/revisions"}],"predecessor-version":[{"id":34851,"href":"https:\/\/sitechecker.pro\/pt\/wp-json\/wp\/v2\/pages\/1526\/revisions\/34851"}],"wp:featuredmedia":[{"embeddable":true,"href":"https:\/\/sitechecker.pro\/pt\/wp-json\/wp\/v2\/media\/3748"}],"wp:attachment":[{"href":"https:\/\/sitechecker.pro\/pt\/wp-json\/wp\/v2\/media?parent=1526"}],"wp:term":[{"taxonomy":"category","embeddable":true,"href":"https:\/\/sitechecker.pro\/pt\/wp-json\/wp\/v2\/categories?post=1526"},{"taxonomy":"post_tag","embeddable":true,"href":"https:\/\/sitechecker.pro\/pt\/wp-json\/wp\/v2\/tags?post=1526"}],"curies":[{"name":"wp","href":"https:\/\/api.w.org\/{rel}","templated":true}]}}