{"id":15208,"date":"2021-11-19T17:25:27","date_gmt":"2021-11-19T15:25:27","guid":{"rendered":"https:\/\/sitechecker.pro\/?page_id=15208"},"modified":"2025-08-06T17:01:40","modified_gmt":"2025-08-06T17:01:40","slug":"http-https-redirect","status":"publish","type":"page","link":"https:\/\/sitechecker.pro\/pt\/site-audit-issues\/http-https-redirect\/","title":{"rendered":"Como corrigir problemas de redireccionamento HTTP e HTTPS | Sitechecker"},"content":{"rendered":"<p><\/p>\n<h2 id=\"par1\">O que significam os erros de redirecionamento HTTP e HTTPS?<\/h2>\n<p>Um erro de redirecionamento HTTP ou HTTPS ocorre quando um servidor web encaminha inadequadamente solicita\u00e7\u00f5es de URL, frequentemente causando loops infinitos, destinos incorretos ou problemas de certificado, impedindo o carregamento correto da p\u00e1gina.<\/p>\n<p>URLs que usam o protocolo HTTP que <a href=\"https:\/\/sitechecker.pro\/what-are-3xx-status-codes\/\" target=\"_blank\" rel=\"noopener noreferrer\">redirecionam<\/a> para Hypertext Transfer Protocol Secure geralmente resultam em erros de redirecionamento. O Hypertext Transfer Protocol \u00e9 a base da troca de dados na World Wide Web. \u00c9 um protocolo cliente-servidor onde o destinat\u00e1rio, ou navegador, faz solicita\u00e7\u00f5es. HTTPS, por outro lado, \u00e9 a vers\u00e3o segura do Hypertext Transfer Protocol, com camadas de criptografia SSL.<\/p>\n<p>Isso significa que a <a href=\"https:\/\/sitechecker.pro\/website-migration-checker\/\"  data-wpil-monitor-id=\"305\">migra\u00e7\u00e3o<\/a> pode resultar em erros na seguran\u00e7a dos dados, fazendo com que o redirecionamento falhe. Em geral, isso pode acontecer por v\u00e1rios motivos, mas todos resultam na impossibilidade dos usu\u00e1rios acessarem o site.<\/p>\n<h2 id=\"par2\">O que causa esse problema?<\/h2>\n<p>Problemas ao redirecionar do protocolo web para o protocolo seguro podem ser causados pelos seguintes motivos:<\/p>\n<ul>\n<li>Transfer\u00eancia ou altera\u00e7\u00e3o incompleta do dom\u00ednio do site para HTTPS<\/li>\n<li>N\u00e3o atualiza\u00e7\u00e3o das URLs<\/li>\n<li>Uso de certificados SSL expirados<\/li>\n<li>O provedor de hospedagem n\u00e3o suporta o certificado SSL<\/li>\n<li>N\u00e3o fazer backup do site antes de convert\u00ea-lo para o protocolo seguro<\/li>\n<li>O servidor se recusa a estabelecer uma conex\u00e3o criptografada com SSL<\/li>\n<\/ul>\n<h2 id=\"par3\">Como verificar o problema<\/h2>\n<p>Depois de converter com sucesso um HTTP para HTTPS, o site em Hypertext Transfer Protocol ser\u00e1 redirecionado automaticamente para Hypertext Transfer Protocol Secure. Principalmente, para verificar se h\u00e1 problemas, voc\u00ea pode testar e verificar as URLs por conta pr\u00f3pria. Avisos de indexa\u00e7\u00e3o aparecem quando h\u00e1 problemas. Siga estes passos simples:<\/p>\n<ul>\n<li>Abra o navegador usando o computador host.<\/li>\n<li>Insira a URL especificada para redirecionamento que deseja verificar.<\/li>\n<li>Verifique se a p\u00e1gina \u00e9 carregada no navegador.<\/li>\n<li>Repita este processo para cada URL que deseja redirecionar para Hypertext Transfer Protocol Secure.<\/li>\n<\/ul>\n<p>A captura de tela da ferramenta SEO da Sitechecker destaca a capacidade da ferramenta de identificar e analisar problemas relacionados a redirecionamentos de HTTP para HTTPS em um site. Esse recurso \u00e9 crucial para garantir que os protocolos de seguran\u00e7a do seu site estejam corretamente implementados, pois afeta a confian\u00e7a dos usu\u00e1rios e o posicionamento nos mecanismos de busca. A se\u00e7\u00e3o marcada espec\u00edfica mostra que h\u00e1 inst\u00e2ncias em que p\u00e1ginas est\u00e3o sendo redirecionadas de HTTP para HTTPS e vice-versa, o que pode gerar alertas de seguran\u00e7a para os usu\u00e1rios e impactar negativamente a percep\u00e7\u00e3o do seu site pelos mecanismos de busca.<\/p>\n<div class=\"content__img-wrap\"><img src=\"https:\/\/sitechecker.pro\/wp-content\/uploads\/2024\/06\/http-https-redirects.png\" alt=\"HTTP and HTTPS Redirects\" class=\"description-img description-img-zoom\" loading=\"lazy\" ><\/div>\n<p>Ao clicar no link &#8220;View issue&#8221;, os usu\u00e1rios podem acessar uma lista detalhada das p\u00e1ginas afetadas por esses problemas de redirecionamento.<\/p>\n    <div class=\"blog__conversion blog__conversion-app element__logged_out\">\n        <div class=\"blog__conversion-inner\">\n            <p class=\"title\">Otimize os redirecionamentos do seu site hoje mesmo!<\/p>\n            <p class=\"description\">Encontre e corrija redirecionamentos HTTP e HTTPS com facilidade, melhorando a experi\u00eancia do usu\u00e1rio e a confian\u00e7a dos mecanismos de busca.<\/p>\n            <form id=\"audit__form\"\n                  class=\"article__seo-search audit__form Encontre e corrija redirecionamentos HTTP e HTTPS com facilidade, melhorando a experi\u00eancia do usu\u00e1rio e a confian\u00e7a dos mecanismos de busca.\"\n                  action=\"\"\n                  method=\"POST\"\n                  autocomplete=\"off\">\n                <span class=\"error\"><\/span>\n                <div class=\"error__limits\">Something went wrong. Please, try again later.<\/div>\n                <input name=\"url\"\n                       type=\"text\"\n                       placeholder=\"Cole o nome do seu dom\u00ednio aqui\">\n                <input name=\"register_url\" type=\"hidden\" value=\"redirect-checker\">                <button type=\"submit\"\n                        class=\"sitechecker__text\">\n                    <span>Verificar redirecionamentos<\/span>\n                    <img src=\"\/wp-content\/themes\/sitechecker\/out\/img_design\/loading.svg\"\n                         width=\"31\"\n                         height=\"30\"\n                         class=\"loading\">\n                <\/button>\n            <\/form>\n        <\/div>\n    <\/div>\n    \n<h2 id=\"par4\">Como corrigir o problema HTTP n\u00e3o redirecionando para HTTPS<\/h2>\n<h3>1. Atualizar o arquivo .htaccess (para servidores Apache)<\/h3>\n<p>Adicione as seguintes linhas ao seu arquivo .htaccess para garantir que as solicita\u00e7\u00f5es do protocolo web sejam redirecionadas para HTTPS:<\/p>\n<div class=\"code\"><code><br \/>\n    RewriteEngine On<br \/>\nRewriteCond %{HTTPS} off<br \/>\nRewriteRule ^(.*)$ https:\/\/%{HTTP_HOST}%{REQUEST_URI} [L,R=301]<br \/>\n<\/code><\/div>\n<h3>2. Atualizar a configura\u00e7\u00e3o do Nginx (para servidores Nginx)<\/h3>\n<p>Adicione as seguintes linhas ao seu arquivo de configura\u00e7\u00e3o do Nginx (geralmente localizado em \/etc\/nginx\/nginx.conf ou \/etc\/nginx\/sites-available\/default):<\/p>\n<div class=\"code\"><code><br \/>\n    server {<br \/>\n        listen 80;<br \/>\n        server_name yourdomain.com www.yourdomain.com;<br \/>\n        return 301 https:\/\/$host$request_uri;<br \/>\n    }<br \/>\n<\/code><\/div>\n<h3>3. Configurar Certificados SSL<\/h3>\n<p>Garanta que voc\u00ea tenha um certificado SSL v\u00e1lido instalado. \u00c9 poss\u00edvel obter certificados SSL gratuitos com o Let&#8217;s Encrypt.<\/p>\n<h3>4. Atualizar configura\u00e7\u00f5es da aplica\u00e7\u00e3o<\/h3>\n<p><strong>WordPress: <\/strong>Instale e ative o plugin &#8220;Really Simple SSL&#8221;, que gerencia automaticamente o redirecionamento.<\/p>\n<p><strong>Django: <\/strong>Use a configura\u00e7\u00e3o SECURE_SSL_REDIRECT no seu arquivo settings.py:<br \/>\npython<\/p>\n<div class=\"code\"><code><br \/>\n    SECURE_SSL_REDIRECT = True<br \/>\n<\/code><\/div>\n<p><strong>Express.js: <\/strong>Use o middleware helmet para for\u00e7ar o protocolo web:<\/p>\n<div class=\"code\"><code><br \/>\n    const helmet = require('helmet');<br \/>\n    app.use(helmet({<br \/>\n        hsts: {<br \/>\n            maxAge: 31536000,<br \/>\n            includeSubDomains: true,<br \/>\n            preload: true<br \/>\n        }<br \/>\n    }));<br \/>\n<\/code><\/div>\n<h3>5. Atualizar configura\u00e7\u00f5es de DNS<\/h3>\n<p>Certifique-se de que as configura\u00e7\u00f5es de DNS apontem para o endere\u00e7o IP do servidor onde o <a href=\"https:\/\/sitechecker.pro\/ssl-certificate-monitoring\/\"  data-wpil-monitor-id=\"94\">certificado SSL<\/a> est\u00e1 instalado.<\/p>\n<h3>6. Verificar firewall e grupos de seguran\u00e7a do servidor<\/h3>\n<p>Garanta que a porta 443 esteja aberta no firewall do seu servidor e nos grupos de seguran\u00e7a.<\/p>\n<h3>7. Testar sua configura\u00e7\u00e3o<\/h3>\n<p>Use ferramentas como o SSL Test do SSL Labs para garantir que sua configura\u00e7\u00e3o SSL esteja correta e segura.<\/p>\n<h3>8. Informar usu\u00e1rios e atualizar links<\/h3>\n<p>Atualize todos os links internos e externos para utilizar o protocolo seguro. Informe os usu\u00e1rios sobre a mudan\u00e7a para manter a transpar\u00eancia.<\/p>\n<p>Seguindo esses passos, voc\u00ea poder\u00e1 configurar corretamente seu site para redirecionar o tr\u00e1fego ao protocolo seguro, melhorando a seguran\u00e7a e a confiabilidade do seu site.<\/p>\n<h2 id=\"par5\">Considera\u00e7\u00e3o Final<\/h2>\n<p>Para corrigir erros de redirecionamento de Hypertext Transfer Protocol e Hypertext Transfer Protocol Secure, que ocorrem devido ao encaminhamento inadequado de URLs, atualize os arquivos de configura\u00e7\u00e3o modificando o .htaccess para Apache ou a configura\u00e7\u00e3o do Nginx para servidores Nginx, a fim de garantir o redirecionamento adequado. Certifique-se de instalar certificados SSL v\u00e1lidos, que podem ser obtidos em fontes como o Let&#8217;s Encrypt. Atualize as configura\u00e7\u00f5es da aplica\u00e7\u00e3o usando configura\u00e7\u00f5es ou plugins espec\u00edficos para plataformas como WordPress, Django ou Express.js para impor HTTPS. Verifique as configura\u00e7\u00f5es de DNS e firewall para garantir que o DNS aponte para o IP correto do servidor e que a porta 443 esteja aberta. Teste as configura\u00e7\u00f5es usando ferramentas como o SSL Labs e atualize todos os links internos e externos para HTTPS. Ao implementar essas etapas, voc\u00ea garante redirecionamentos seguros e eficazes de protocolo web para protocolo seguro, melhorando a seguran\u00e7a e a confiabilidade do site.<\/p>\n<div id=\"par6\"><\/div>\n<p><div class=\"front__faq-block\"><div class=\"faq__block-title\">FAQ<\/div><div class=\"panel-group\" id=\"faq-accordion\" itemscope itemtype=\"https:\/\/schema.org\/FAQPage\" role=\"tablist\" aria-multiselectable=\"true\"><div class=\"panel\" itemscope itemtype=\"https:\/\/schema.org\/Question\" itemprop=\"mainEntity\">\n                            <div class=\"panel-heading\" id=\"headingFaq-1\">\n                                <div class=\"panel-title\" data-toggle=\"collapse\" aria-expanded=\"false\" href=\"#collapseFaq-1\">\n                                    <h3 itemprop=\"name\">O que significam os erros de redirecionamento HTTP e HTTPS?<\/h3>\n                                <\/div>\n                            <\/div>\n                            <div id=\"collapseFaq-1\" class=\"panel-collapse collapse\" itemprop=\"acceptedAnswer\" itemscope itemtype=\"http:\/\/schema.org\/Answer\">\n                                <div class=\"panel-body\" itemprop=\"text\">Um erro de redirecionamento HTTP ou HTTPS ocorre quando um servidor web encaminha inadequadamente solicita\u00e7\u00f5es de URL, causando problemas como loops infinitos, destinos incorretos ou problemas de certificado, impedindo o carregamento correto das p\u00e1ginas.<\/div>\n                            <\/div>\n                        <\/div><div class=\"panel\" itemscope itemtype=\"https:\/\/schema.org\/Question\" itemprop=\"mainEntity\">\n                            <div class=\"panel-heading\" id=\"headingFaq-2\">\n                                <div class=\"panel-title\" data-toggle=\"collapse\" aria-expanded=\"false\" href=\"#collapseFaq-2\">\n                                    <h3 itemprop=\"name\">O que causa problemas de redirecionamento de HTTP para HTTPS?<\/h3>\n                                <\/div>\n                            <\/div>\n                            <div id=\"collapseFaq-2\" class=\"panel-collapse collapse\" itemprop=\"acceptedAnswer\" itemscope itemtype=\"http:\/\/schema.org\/Answer\">\n                                <div class=\"panel-body\" itemprop=\"text\">Esses problemas podem ser causados por transfer\u00eancia ou altera\u00e7\u00e3o incompleta do dom\u00ednio para o protocolo seguro, n\u00e3o atualiza\u00e7\u00e3o das URLs, uso de certificados SSL expirados, o provedor de hospedagem n\u00e3o suportar o certificado SSL, n\u00e3o fazer backup do site antes da convers\u00e3o ou o servidor se recusar a estabelecer uma conex\u00e3o criptografada com SSL.<\/div>\n                            <\/div>\n                        <\/div><div class=\"panel\" itemscope itemtype=\"https:\/\/schema.org\/Question\" itemprop=\"mainEntity\">\n                            <div class=\"panel-heading\" id=\"headingFaq-3\">\n                                <div class=\"panel-title\" data-toggle=\"collapse\" aria-expanded=\"false\" href=\"#collapseFaq-3\">\n                                    <h3 itemprop=\"name\">Como posso verificar se h\u00e1 um problema com meu redirecionamento de Hypertext Transfer Protocol para protocolo seguro?<\/h3>\n                                <\/div>\n                            <\/div>\n                            <div id=\"collapseFaq-3\" class=\"panel-collapse collapse\" itemprop=\"acceptedAnswer\" itemscope itemtype=\"http:\/\/schema.org\/Answer\">\n                                <div class=\"panel-body\" itemprop=\"text\">Voc\u00ea pode verificar o problema inserindo a URL no navegador e verificando se a p\u00e1gina abre corretamente. Repita esse processo para cada URL que deseja redirecionar para o protocolo seguro. Avisos de indexa\u00e7\u00e3o podem aparecer se houver problemas.<\/div>\n                            <\/div>\n                        <\/div><div class=\"panel\" itemscope itemtype=\"https:\/\/schema.org\/Question\" itemprop=\"mainEntity\">\n                            <div class=\"panel-heading\" id=\"headingFaq-4\">\n                                <div class=\"panel-title\" data-toggle=\"collapse\" aria-expanded=\"false\" href=\"#collapseFaq-4\">\n                                    <h3 itemprop=\"name\">Como posso garantir que tenho um certificado SSL v\u00e1lido instalado?<\/h3>\n                                <\/div>\n                            <\/div>\n                            <div id=\"collapseFaq-4\" class=\"panel-collapse collapse\" itemprop=\"acceptedAnswer\" itemscope itemtype=\"http:\/\/schema.org\/Answer\">\n                                <div class=\"panel-body\" itemprop=\"text\">Obtenha um certificado SSL gratuito do Let's Encrypt ou de outra autoridade certificadora confi\u00e1vel e garanta que ele esteja instalado corretamente no seu servidor.<\/div>\n                            <\/div>\n                        <\/div><div class=\"panel\" itemscope itemtype=\"https:\/\/schema.org\/Question\" itemprop=\"mainEntity\">\n                            <div class=\"panel-heading\" id=\"headingFaq-5\">\n                                <div class=\"panel-title\" data-toggle=\"collapse\" aria-expanded=\"false\" href=\"#collapseFaq-5\">\n                                    <h3 itemprop=\"name\">Como atualizar as configura\u00e7\u00f5es da aplica\u00e7\u00e3o para impor o protocolo web no WordPress?<\/h3>\n                                <\/div>\n                            <\/div>\n                            <div id=\"collapseFaq-5\" class=\"panel-collapse collapse\" itemprop=\"acceptedAnswer\" itemscope itemtype=\"http:\/\/schema.org\/Answer\">\n                                <div class=\"panel-body\" itemprop=\"text\">Instale e ative o plugin 'Really Simple SSL', que gerencia automaticamente o redirecionamento.<\/div>\n                            <\/div>\n                        <\/div><\/div><\/div><\/p>","protected":false},"excerpt":{"rendered":"O que significam os erros de redirecionamento HTTP e HTTPS? Um erro de redirecionamento HTTP ou HTTPS ocorre quando um servidor web encaminha inadequadamente solicita\u00e7\u00f5es de URL, frequentemente causando loops infinitos, destinos incorretos ou problemas de certificado, impedindo o carregamento correto da p\u00e1gina. URLs que usam o protocolo HTTP que redirecionam para Hypertext Transfer Protocol&#8230;","protected":false},"author":11474150,"featured_media":14416,"parent":0,"menu_order":0,"comment_status":"closed","ping_status":"closed","template":"pages-templates\/pages-v2.php","meta":[],"categories":[43],"tags":[],"_links":{"self":[{"href":"https:\/\/sitechecker.pro\/pt\/wp-json\/wp\/v2\/pages\/15208"}],"collection":[{"href":"https:\/\/sitechecker.pro\/pt\/wp-json\/wp\/v2\/pages"}],"about":[{"href":"https:\/\/sitechecker.pro\/pt\/wp-json\/wp\/v2\/types\/page"}],"author":[{"embeddable":true,"href":"https:\/\/sitechecker.pro\/pt\/wp-json\/wp\/v2\/users\/11474150"}],"replies":[{"embeddable":true,"href":"https:\/\/sitechecker.pro\/pt\/wp-json\/wp\/v2\/comments?post=15208"}],"version-history":[{"count":7,"href":"https:\/\/sitechecker.pro\/pt\/wp-json\/wp\/v2\/pages\/15208\/revisions"}],"predecessor-version":[{"id":38201,"href":"https:\/\/sitechecker.pro\/pt\/wp-json\/wp\/v2\/pages\/15208\/revisions\/38201"}],"wp:featuredmedia":[{"embeddable":true,"href":"https:\/\/sitechecker.pro\/pt\/wp-json\/wp\/v2\/media\/14416"}],"wp:attachment":[{"href":"https:\/\/sitechecker.pro\/pt\/wp-json\/wp\/v2\/media?parent=15208"}],"wp:term":[{"taxonomy":"category","embeddable":true,"href":"https:\/\/sitechecker.pro\/pt\/wp-json\/wp\/v2\/categories?post=15208"},{"taxonomy":"post_tag","embeddable":true,"href":"https:\/\/sitechecker.pro\/pt\/wp-json\/wp\/v2\/tags?post=15208"}],"curies":[{"name":"wp","href":"https:\/\/api.w.org\/{rel}","templated":true}]}}