{"id":1489,"date":"2018-02-09T16:40:49","date_gmt":"2018-02-09T16:40:49","guid":{"rendered":"https:\/\/sitechecker.pro\/?page_id=1489"},"modified":"2025-05-29T14:02:55","modified_gmt":"2025-05-29T14:02:55","slug":"google-index","status":"publish","type":"page","link":"https:\/\/sitechecker.pro\/pt\/google-index\/","title":{"rendered":"Verificador de \u00edndices do Google: Quantidade e din\u00e2mica de indexa\u00e7\u00e3o \u2611"},"content":{"rendered":"<p><\/p>\n<h2 id=\"par1\">O que \u00e9 o Google Index Checker?<\/h2>\n<p>O Indexing Checker do <a href=\"https:\/\/sitechecker.pro\/\" target=\"_blank\" rel=\"noopener noreferrer\">Sitechecker<\/a> \u00e9 uma ferramenta online que permite aos utilizadores auditar o estado do \u00edndice de um site ou p\u00e1ginas individuais. Fornece insights sobre p\u00e1ginas indexadas, meta tags noindex e problemas de rastreabilidade. Pode analisar todas as p\u00e1ginas ou testar um relat\u00f3rio instant\u00e2neo para uma \u00fanica p\u00e1gina.<\/p>\n<h3>Como \u00e9 que a ferramenta o pode ajudar<\/h3>\n<p><strong>Verifica\u00e7\u00e3o instant\u00e2nea do \u00edndice:<\/strong> verifica rapidamente se o Google indexa um site ou p\u00e1gina.<\/p>\n<p><strong>Identificar problemas de indexa\u00e7\u00e3o:<\/strong> deteta p\u00e1ginas que n\u00e3o s\u00e3o indexadas devido a erros t\u00e9cnicos, meta tags noindex ou outros problemas de SEO.<\/p>\n<p><strong>Monitorizar altera\u00e7\u00f5es no website:<\/strong> fornece um rastreio e alertas cont\u00ednuos sobre altera\u00e7\u00f5es no estado de rastreio, ajudando os utilizadores a manter uma forte presen\u00e7a online.<\/p>\n<h3>Principais caracter\u00edsticas da ferramenta<\/h3>\n<p><strong>Painel unificado:<\/strong> fornece um hub centralizado para monitorizar a integridade do website, o desempenho de SEO e o estado de rastreio num \u00fanico local.<\/p>\n<p><strong>Interface amig\u00e1vel:<\/strong> concebida para principiantes e especialistas, oferecendo uma navega\u00e7\u00e3o intuitiva, insights claros e recomenda\u00e7\u00f5es pr\u00e1ticas.<\/p>\n<p><strong>Conjunto completo de ferramentas de SEO:<\/strong> inclui auditorias de websites, rastreio de classifica\u00e7\u00f5es, verifica\u00e7\u00f5es de SEO na p\u00e1gina e monitoriza\u00e7\u00e3o de altera\u00e7\u00f5es de estado de rastreio para melhorar a visibilidade da pesquisa.<\/p>\n<h2 id=\"par2\">Como utilizar a ferramenta<\/h2>\n<p>Pode realizar uma auditoria completa do website ou executar uma verifica\u00e7\u00e3o instant\u00e2nea da p\u00e1gina. Basta selecionar a op\u00e7\u00e3o que melhor se adapta \u00e0s suas necessidades e executar a auditoria.<\/p>\n<div class=\"content__img-wrap\"><img src=\"https:\/\/sitechecker.pro\/wp-content\/uploads\/2025\/02\/choose-audit-option.png\" alt=\"Escolha a op\u00e7\u00e3o de auditoria\" class=\"description-img description-img-zoom\" loading=\"lazy\" ><\/div>\n<h2 id=\"par3\">Verifica\u00e7\u00e3o completa do \u00edndice do site<\/h2>\n<h3>Passo 1: Escolha uma op\u00e7\u00e3o de verifica\u00e7\u00e3o do site<\/h3>\n<div class=\"content__img-wrap\"><img src=\"https:\/\/sitechecker.pro\/wp-content\/uploads\/2025\/02\/check-site-index.png\" alt=\"Verificar \u00edndice do site\" class=\"description-img description-img-zoom\" loading=\"lazy\" ><\/div>\n<div class=\"important-block\">Para receber resultados e acesso \u00e0s funcionalidades do Sitechecker durante 14 dias, inicie o seu teste GRATUITO. \u00c9 f\u00e1cil registar-se com o seu e-mail, conta Google ou Facebook. N\u00e3o \u00e9 necess\u00e1rio cart\u00e3o de cr\u00e9dito.<\/div>\n<h3>Passo 2: Obter resultados<\/h3>\n<p>Obtenha uma an\u00e1lise detalhada da rastreabilidade do seu website, incluindo problemas cr\u00edticos de SEO, avisos, oportunidades e altera\u00e7\u00f5es no estado de rastreio. Identifique p\u00e1ginas bloqueadas, tags em falta e erros t\u00e9cnicos que afetam a visibilidade da pesquisa, com corre\u00e7\u00f5es pr\u00e1ticas.<\/p>\n<div class=\"content__img-wrap\"><img src=\"https:\/\/sitechecker.pro\/wp-content\/uploads\/2025\/02\/check-indexability-issues.png\" alt=\"Verificar problemas de indexabilidade\" class=\"description-img description-img-zoom\" loading=\"lazy\" ><\/div>\n<h3>Caracter\u00edsticas adicionais<\/h3>\n<p>Obtenha insights detalhados de SEO para al\u00e9m do rastreio de altera\u00e7\u00f5es de estado, incluindo erros cr\u00edticos, avisos, oportunidades e integridade geral do website. Analise as p\u00e1ginas afetadas por categoria, detete problemas t\u00e9cnicos e aceda a relat\u00f3rios detalhados com corre\u00e7\u00f5es pr\u00e1ticas para otimizar o desempenho da pesquisa.<\/p>\n<div class=\"content__img-wrap\"><img src=\"https:\/\/sitechecker.pro\/wp-content\/uploads\/2025\/02\/site-audit-issues.png\" alt=\"Problemas de auditoria do site\" class=\"description-img description-img-zoom\" loading=\"lazy\" ><\/div>\n<h2 id=\"par4\">Verificador de \u00edndice de p\u00e1ginas Google<\/h2>\n<h3>Passo 1: Escolha uma op\u00e7\u00e3o de verifica\u00e7\u00e3o de p\u00e1gina<\/h3>\n<div class=\"content__img-wrap\"><img src=\"https:\/\/sitechecker.pro\/wp-content\/uploads\/2025\/02\/check-page-index.png\" alt=\"Verificar \u00edndice da p\u00e1gina\" class=\"description-img description-img-zoom\" loading=\"lazy\" ><\/div>\n<h3>Passo 2: Obtenha os resultados<\/h3>\n<p>Obtenha insights instant\u00e2neos sobre a rastreabilidade de uma p\u00e1gina, incluindo c\u00f3digos de estado, meta tags, defini\u00e7\u00f5es de robots.txt e diretivas noindex. Identifique problemas de estado de rastreio e garanta que os motores de busca podem rastrear e classificar a sua p\u00e1gina corretamente.<\/p>\n<div class=\"content__img-wrap\"><img src=\"https:\/\/sitechecker.pro\/wp-content\/uploads\/2025\/02\/check-indexation.png\" alt=\"Verificar indexa\u00e7\u00e3o\" class=\"description-img description-img-zoom\" loading=\"lazy\" ><\/div>\n<p>Para explorar todas as funcionalidades da ferramenta, aceda \u00e0 sec\u00e7\u00e3o Auditoria do Site. A\u00ed, pode visualizar a vers\u00e3o de demonstra\u00e7\u00e3o e ver que tarefas t\u00e9cnicas de SEO o Sitechecker pode resolver.<\/p>\n<div class=\"content__img-wrap\"><img src=\"https:\/\/sitechecker.pro\/wp-content\/uploads\/2025\/02\/site-audit.png\" alt=\"Auditoria do Site\" class=\"description-img description-img-zoom\" loading=\"lazy\" ><\/div>\n<h3>Caracter\u00edsticas adicionais da verifica\u00e7\u00e3o de p\u00e1ginas<\/h3>\n<p>Obtenha uma an\u00e1lise SEO abrangente para al\u00e9m do estado de rastreio, incluindo problemas cr\u00edticos, avisos e insights de desempenho. Identifique links quebrados, velocidade lenta da p\u00e1gina, lacunas de otimiza\u00e7\u00e3o de conte\u00fado e erros de dados estruturados. Aceda a recomenda\u00e7\u00f5es detalhadas para aumentar a visibilidade, melhorar a experi\u00eancia do utilizador e impulsionar as classifica\u00e7\u00f5es de pesquisa.<\/p>\n<div class=\"content__img-wrap\"><img src=\"https:\/\/sitechecker.pro\/wp-content\/uploads\/2025\/02\/issues-overview.png\" alt=\"Vis\u00e3o geral dos problemas\" class=\"description-img description-img-zoom\" loading=\"lazy\" ><\/div>\n<h2 id=\"par5\">Ideia Final<\/h2>\n<p>O Google Indexing Checker ajuda os utilizadores a analisar a rastreabilidade de sites e p\u00e1ginas, identificando problemas de SEO que afetam a visibilidade da pesquisa. Oferece verifica\u00e7\u00f5es instant\u00e2neas de p\u00e1ginas ou auditorias completas do website, detetando erros de indexa\u00e7\u00e3o, meta tags noindex e problemas t\u00e9cnicos. Com um painel unificado, interface de f\u00e1cil utiliza\u00e7\u00e3o e conjunto completo de ferramentas de SEO, proporciona um rastreio cont\u00ednuo, insights de desempenho e corre\u00e7\u00f5es acion\u00e1veis. Os utilizadores podem aceder a relat\u00f3rios detalhados sobre indexa\u00e7\u00e3o, integridade do website e otimiza\u00e7\u00e3o de conte\u00fados.<\/p>\n<div id=\"par6\"><\/div>\n<p><div class=\"front__faq-block\"><div class=\"faq__block-title\">FAQ<\/div><div class=\"panel-group\" id=\"faq-accordion\" itemscope itemtype=\"https:\/\/schema.org\/FAQPage\" role=\"tablist\" aria-multiselectable=\"true\"><div class=\"panel\" itemscope itemtype=\"https:\/\/schema.org\/Question\" itemprop=\"mainEntity\">\n                            <div class=\"panel-heading\" id=\"headingFaq-1\">\n                                <div class=\"panel-title\" data-toggle=\"collapse\" aria-expanded=\"false\" href=\"#collapseFaq-1\">\n                                    <h3 itemprop=\"name\">Como \u00e9 que a indexa\u00e7\u00e3o do Google afeta a visibilidade do site?<\/h3>\n                                <\/div>\n                            <\/div>\n                            <div id=\"collapseFaq-1\" class=\"panel-collapse collapse\" itemprop=\"acceptedAnswer\" itemscope itemtype=\"http:\/\/schema.org\/Answer\">\n                                <div class=\"panel-body\" itemprop=\"text\">A indexa\u00e7\u00e3o do Google determina se as p\u00e1ginas de um website aparecem nos resultados de pesquisa. Se uma p\u00e1gina n\u00e3o for indexada, n\u00e3o pode ser descoberta pela Pesquisa Google.<\/div>\n                            <\/div>\n                        <\/div><div class=\"panel\" itemscope itemtype=\"https:\/\/schema.org\/Question\" itemprop=\"mainEntity\">\n                            <div class=\"panel-heading\" id=\"headingFaq-2\">\n                                <div class=\"panel-title\" data-toggle=\"collapse\" aria-expanded=\"false\" href=\"#collapseFaq-2\">\n                                    <h3 itemprop=\"name\">A ferramenta consegue detetar porque \u00e9 que uma p\u00e1gina n\u00e3o est\u00e1 indexada?<\/h3>\n                                <\/div>\n                            <\/div>\n                            <div id=\"collapseFaq-2\" class=\"panel-collapse collapse\" itemprop=\"acceptedAnswer\" itemscope itemtype=\"http:\/\/schema.org\/Answer\">\n                                <div class=\"panel-body\" itemprop=\"text\">Sim, identifica erros t\u00e9cnicos, meta tags noindex e restri\u00e7\u00f5es de rastreio que podem impedir o rastreio.<\/div>\n                            <\/div>\n                        <\/div><div class=\"panel\" itemscope itemtype=\"https:\/\/schema.org\/Question\" itemprop=\"mainEntity\">\n                            <div class=\"panel-heading\" id=\"headingFaq-3\">\n                                <div class=\"panel-title\" data-toggle=\"collapse\" aria-expanded=\"false\" href=\"#collapseFaq-3\">\n                                    <h3 itemprop=\"name\">Com que frequ\u00eancia devo verificar o estado do \u00edndice do meu site?<\/h3>\n                                <\/div>\n                            <\/div>\n                            <div id=\"collapseFaq-3\" class=\"panel-collapse collapse\" itemprop=\"acceptedAnswer\" itemscope itemtype=\"http:\/\/schema.org\/Answer\">\n                                <div class=\"panel-body\" itemprop=\"text\">As verifica\u00e7\u00f5es regulares s\u00e3o recomendadas, especialmente ap\u00f3s atualiza\u00e7\u00f5es de conte\u00fado, migra\u00e7\u00f5es de websites ou otimiza\u00e7\u00f5es de SEO.<\/div>\n                            <\/div>\n                        <\/div><div class=\"panel\" itemscope itemtype=\"https:\/\/schema.org\/Question\" itemprop=\"mainEntity\">\n                            <div class=\"panel-heading\" id=\"headingFaq-4\">\n                                <div class=\"panel-title\" data-toggle=\"collapse\" aria-expanded=\"false\" href=\"#collapseFaq-4\">\n                                    <h3 itemprop=\"name\">A ferramenta suporta o rastreio de altera\u00e7\u00f5es de indexa\u00e7\u00e3o ao longo do tempo?<\/h3>\n                                <\/div>\n                            <\/div>\n                            <div id=\"collapseFaq-4\" class=\"panel-collapse collapse\" itemprop=\"acceptedAnswer\" itemscope itemtype=\"http:\/\/schema.org\/Answer\">\n                                <div class=\"panel-body\" itemprop=\"text\">Sim, fornece monitoriza\u00e7\u00e3o cont\u00ednua e alertas para altera\u00e7\u00f5es de rastreabilidade para ajudar a manter a visibilidade da pesquisa.<\/div>\n                            <\/div>\n                        <\/div><div class=\"panel\" itemscope itemtype=\"https:\/\/schema.org\/Question\" itemprop=\"mainEntity\">\n                            <div class=\"panel-heading\" id=\"headingFaq-5\">\n                                <div class=\"panel-title\" data-toggle=\"collapse\" aria-expanded=\"false\" href=\"#collapseFaq-5\">\n                                    <h3 itemprop=\"name\">O que acontece se a minha p\u00e1gina n\u00e3o estiver indexada?<\/h3>\n                                <\/div>\n                            <\/div>\n                            <div id=\"collapseFaq-5\" class=\"panel-collapse collapse\" itemprop=\"acceptedAnswer\" itemscope itemtype=\"http:\/\/schema.org\/Answer\">\n                                <div class=\"panel-body\" itemprop=\"text\">A ferramenta sugere corre\u00e7\u00f5es, como ajustar meta tags, atualizar robots.txt e melhorar a estrutura do site para aumentar a visibilidade.<\/div>\n                            <\/div>\n                        <\/div><\/div><\/div><\/p>","protected":false},"excerpt":{"rendered":"O que \u00e9 o Google Index Checker? O Indexing Checker do Sitechecker \u00e9 uma ferramenta online que permite aos utilizadores auditar o estado do \u00edndice de um site ou p\u00e1ginas individuais. Fornece insights sobre p\u00e1ginas indexadas, meta tags noindex e problemas de rastreabilidade. Pode analisar todas as p\u00e1ginas ou testar um relat\u00f3rio instant\u00e2neo para uma&#8230;","protected":false},"author":10409641,"featured_media":3426,"parent":0,"menu_order":0,"comment_status":"closed","ping_status":"closed","template":"pages-templates\/pages-minitools-3.php","meta":[],"categories":[73],"tags":[],"_links":{"self":[{"href":"https:\/\/sitechecker.pro\/pt\/wp-json\/wp\/v2\/pages\/1489"}],"collection":[{"href":"https:\/\/sitechecker.pro\/pt\/wp-json\/wp\/v2\/pages"}],"about":[{"href":"https:\/\/sitechecker.pro\/pt\/wp-json\/wp\/v2\/types\/page"}],"author":[{"embeddable":true,"href":"https:\/\/sitechecker.pro\/pt\/wp-json\/wp\/v2\/users\/10409641"}],"replies":[{"embeddable":true,"href":"https:\/\/sitechecker.pro\/pt\/wp-json\/wp\/v2\/comments?post=1489"}],"version-history":[{"count":3,"href":"https:\/\/sitechecker.pro\/pt\/wp-json\/wp\/v2\/pages\/1489\/revisions"}],"predecessor-version":[{"id":37213,"href":"https:\/\/sitechecker.pro\/pt\/wp-json\/wp\/v2\/pages\/1489\/revisions\/37213"}],"wp:featuredmedia":[{"embeddable":true,"href":"https:\/\/sitechecker.pro\/pt\/wp-json\/wp\/v2\/media\/3426"}],"wp:attachment":[{"href":"https:\/\/sitechecker.pro\/pt\/wp-json\/wp\/v2\/media?parent=1489"}],"wp:term":[{"taxonomy":"category","embeddable":true,"href":"https:\/\/sitechecker.pro\/pt\/wp-json\/wp\/v2\/categories?post=1489"},{"taxonomy":"post_tag","embeddable":true,"href":"https:\/\/sitechecker.pro\/pt\/wp-json\/wp\/v2\/tags?post=1489"}],"curies":[{"name":"wp","href":"https:\/\/api.w.org\/{rel}","templated":true}]}}