{"id":1484,"date":"2018-02-09T15:11:40","date_gmt":"2018-02-09T15:11:40","guid":{"rendered":"https:\/\/sitechecker.pro\/?page_id=1484"},"modified":"2025-02-21T16:14:56","modified_gmt":"2025-02-21T16:14:56","slug":"check-cost","status":"publish","type":"page","link":"https:\/\/sitechecker.pro\/pt\/check-cost\/","title":{"rendered":"Verificador do pre\u00e7o do site | Calcular o valor do site \u2611"},"content":{"rendered":"<p><\/p>\n<h2 id=\"par1\">O que \u00e9 o Verificador de Pre\u00e7os de Sites?<\/h2>\n<p>O Site Price Checker do <a href=\"https:\/\/sitechecker.pro\/\" target=\"_blank\" rel=\"noopener noreferrer\">Sitechecker<\/a> \u00e9 uma ferramenta online concebida para estimar o valor potencial de um site com base no valor do tr\u00e1fego org\u00e2nico. Esta ferramenta analisa o tr\u00e1fego org\u00e2nico de um website, como a m\u00e9trica chave para fornecer um valor monet\u00e1rio estimado.<\/p>\n<h3>Como \u00e9 que a Calculadora de Valor de Sites o pode ajudar<\/h3>\n<p><strong>Estimativa de custos do website:<\/strong>calcula o pre\u00e7o potencial de mercado de um website com base no tr\u00e1fego e no potencial de monetiza\u00e7\u00e3o.<\/p>\n<p><strong>An\u00e1lise de tr\u00e1fego e SEO:<\/strong> avalia o n\u00famero de visitantes, as classifica\u00e7\u00f5es nos motores de busca e os fatores de SEO na p\u00e1gina para determinar o desempenho de um website.<\/p>\n<p><strong>Insights sobre o potencial de monetiza\u00e7\u00e3o:<\/strong> estima a poss\u00edvel receita de publicidade, marketing de afiliados ou com\u00e9rcio eletr\u00f3nico com base no envolvimento na web e nas m\u00e9tricas de envolvimento.<\/p>\n<h3>Principais caracter\u00edsticas do Estimador de Valor do Site<\/h3>\n<p><strong>Painel unificado:<\/strong> fornece uma vis\u00e3o centralizada de todas as m\u00e9tricas de SEO, incluindo a integridade do website e os insights dos visitantes, permitindo aos utilizadores gerir v\u00e1rios aspetos de SEO a partir de uma \u00fanica interface.<\/p>\n<p><strong>Interface amig\u00e1vel:<\/strong> concebida para principiantes e especialistas, oferecendo uma navega\u00e7\u00e3o intuitiva, uma visualiza\u00e7\u00e3o clara dos dados e recomenda\u00e7\u00f5es pr\u00e1ticas para melhorar o desempenho do website sem esfor\u00e7o.<\/p>\n<p><strong>Conjunto completo de ferramentas de SEO:<\/strong> inclui recursos de SEO abrangentes, tais como auditorias de websites, rastreio de classifica\u00e7\u00f5es, an\u00e1lise de palavras-chave e dete\u00e7\u00e3o de problemas em tempo real para melhorar a visibilidade e as classifica\u00e7\u00f5es de pesquisa.<\/p>\n<h2 id=\"par2\">Como utilizar o verificador de valor do site<\/h2>\n<h3>Passo 1: Introduza o URL do dom\u00ednio e clique no bot\u00e3o \u201cVerificar custo\u201d<\/h3>\n<div class=\"content__img-wrap\"><img src=\"https:\/\/sitechecker.pro\/wp-content\/uploads\/2025\/02\/website-price-checker.png\" alt=\"Verificador de pre\u00e7os de sites\" class=\"description-img description-img-zoom\" loading=\"lazy\" ><\/div>\n<h3>Passo 2: Obtenha os resultados<\/h3>\n<p>Receba instantaneamente m\u00e9tricas importantes, incluindo tr\u00e1fego org\u00e2nico estimado, valor de envolvimento na web e classifica\u00e7\u00f5es de palavras-chave, que s\u00e3o cruciais para determinar o valor de um website.<\/p>\n<div class=\"content__img-wrap\"><img src=\"https:\/\/sitechecker.pro\/wp-content\/uploads\/2025\/02\/website-price-checker-results.png\" alt=\"Resultados do verificador de pre\u00e7os de sites\" class=\"description-img description-img-zoom\" loading=\"lazy\" ><\/div>\n<h4>Valor do tr\u00e1fego<\/h4>\n<p>Representa o valor monet\u00e1rio potencial do tr\u00e1fego org\u00e2nico com base em dados de CPC (custo por clique), indicando quanto custaria esse tr\u00e1fego se fosse adquirido atrav\u00e9s de publicidade paga. Um valor de tr\u00e1fego mais elevado sugere um forte potencial de monetiza\u00e7\u00e3o.<\/p>\n<h4>Classifica\u00e7\u00e3o de palavras-chave<\/h4>\n<p>Mostra o qu\u00e3o bem um dom\u00ednio est\u00e1 classificado para palavras-chave de alto valor nos resultados de pesquisa. As classifica\u00e7\u00f5es fortes para palavras-chave competitivas aumentam a visibilidade, atraem mais visitantes e aumentam o valor de mercado.<\/p>\n<p>Estes insights ajudam os propriet\u00e1rios, compradores e profissionais de SEO a avaliar a rentabilidade e o potencial de crescimento a longo prazo de um website.<\/p>\n<h2 id=\"par3\">Conclus\u00e3o<\/h2>\n<p>A Calculadora de Pre\u00e7os de Websites \u00e9 uma ferramenta poderosa que fornece uma estimativa r\u00e1pida e fi\u00e1vel do valor de um website com base no tr\u00e1fego org\u00e2nico e no potencial de monetiza\u00e7\u00e3o. Os utilizadores podem obter insights valiosos sobre o desempenho, a rentabilidade e as oportunidades de crescimento de um website, analisando m\u00e9tricas importantes, como o valor de envolvimento na web e as classifica\u00e7\u00f5es de palavras-chave.<\/p>\n<div id=\"par4\"><\/div>\n<p><div class=\"front__faq-block\"><div class=\"faq__block-title\">FAQ<\/div><div class=\"panel-group\" id=\"faq-accordion\" itemscope itemtype=\"https:\/\/schema.org\/FAQPage\" role=\"tablist\" aria-multiselectable=\"true\"><div class=\"panel\" itemscope itemtype=\"https:\/\/schema.org\/Question\" itemprop=\"mainEntity\">\n                            <div class=\"panel-heading\" id=\"headingFaq-1\">\n                                <div class=\"panel-title\" data-toggle=\"collapse\" aria-expanded=\"false\" href=\"#collapseFaq-1\">\n                                    <h3 itemprop=\"name\">Qu\u00e3o precisa \u00e9 a estimativa de custos do dom\u00ednio?<\/h3>\n                                <\/div>\n                            <\/div>\n                            <div id=\"collapseFaq-1\" class=\"panel-collapse collapse\" itemprop=\"acceptedAnswer\" itemscope itemtype=\"http:\/\/schema.org\/Answer\">\n                                <div class=\"panel-body\" itemprop=\"text\">A estimativa \u00e9 baseada no valor do tr\u00e1fego org\u00e2nico, nas classifica\u00e7\u00f5es de palavras-chave e nos fatores de SEO. Embora forne\u00e7a uma refer\u00eancia forte, os pre\u00e7os de venda reais podem variar com base em fatores adicionais, como o reconhecimento da marca e os fluxos de rendimento.<\/div>\n                            <\/div>\n                        <\/div><div class=\"panel\" itemscope itemtype=\"https:\/\/schema.org\/Question\" itemprop=\"mainEntity\">\n                            <div class=\"panel-heading\" id=\"headingFaq-2\">\n                                <div class=\"panel-title\" data-toggle=\"collapse\" aria-expanded=\"false\" href=\"#collapseFaq-2\">\n                                    <h3 itemprop=\"name\">A ferramenta analisa o tr\u00e1fego pago ou apenas o tr\u00e1fego org\u00e2nico?<\/h3>\n                                <\/div>\n                            <\/div>\n                            <div id=\"collapseFaq-2\" class=\"panel-collapse collapse\" itemprop=\"acceptedAnswer\" itemscope itemtype=\"http:\/\/schema.org\/Answer\">\n                                <div class=\"panel-body\" itemprop=\"text\">O Website Price Checker foca-se exclusivamente no tr\u00e1fego org\u00e2nico e no seu valor estimado com base em dados de CPC. N\u00e3o considera o tr\u00e1fego de publicidade paga.<\/div>\n                            <\/div>\n                        <\/div><div class=\"panel\" itemscope itemtype=\"https:\/\/schema.org\/Question\" itemprop=\"mainEntity\">\n                            <div class=\"panel-heading\" id=\"headingFaq-3\">\n                                <div class=\"panel-title\" data-toggle=\"collapse\" aria-expanded=\"false\" href=\"#collapseFaq-3\">\n                                    <h3 itemprop=\"name\">Posso verificar o valor de qualquer site?<\/h3>\n                                <\/div>\n                            <\/div>\n                            <div id=\"collapseFaq-3\" class=\"panel-collapse collapse\" itemprop=\"acceptedAnswer\" itemscope itemtype=\"http:\/\/schema.org\/Answer\">\n                                <div class=\"panel-body\" itemprop=\"text\">Sim, pode analisar qualquer site p\u00fablico, desde que tenha dados de envolvimento org\u00e2nico mensur\u00e1veis  na web. Sites privados ou rec\u00e9m-criados com tr\u00e1fego m\u00ednimo podem n\u00e3o gerar resultados.<\/div>\n                            <\/div>\n                        <\/div><div class=\"panel\" itemscope itemtype=\"https:\/\/schema.org\/Question\" itemprop=\"mainEntity\">\n                            <div class=\"panel-heading\" id=\"headingFaq-4\">\n                                <div class=\"panel-title\" data-toggle=\"collapse\" aria-expanded=\"false\" href=\"#collapseFaq-4\">\n                                    <h3 itemprop=\"name\">Com que frequ\u00eancia devo verificar o valor do meu site?<\/h3>\n                                <\/div>\n                            <\/div>\n                            <div id=\"collapseFaq-4\" class=\"panel-collapse collapse\" itemprop=\"acceptedAnswer\" itemscope itemtype=\"http:\/\/schema.org\/Answer\">\n                                <div class=\"panel-body\" itemprop=\"text\">\u00c9 recomend\u00e1vel verificar periodicamente, especialmente ap\u00f3s grandes atualiza\u00e7\u00f5es de SEO, altera\u00e7\u00f5es de tr\u00e1fego ou melhorias de conte\u00fado, para monitorizar o crescimento e o potencial de monetiza\u00e7\u00e3o.<\/div>\n                            <\/div>\n                        <\/div><div class=\"panel\" itemscope itemtype=\"https:\/\/schema.org\/Question\" itemprop=\"mainEntity\">\n                            <div class=\"panel-heading\" id=\"headingFaq-5\">\n                                <div class=\"panel-title\" data-toggle=\"collapse\" aria-expanded=\"false\" href=\"#collapseFaq-5\">\n                                    <h3 itemprop=\"name\">Como \u00e9 que a ferramenta determina um valor de tr\u00e1fego?<\/h3>\n                                <\/div>\n                            <\/div>\n                            <div id=\"collapseFaq-5\" class=\"panel-collapse collapse\" itemprop=\"acceptedAnswer\" itemscope itemtype=\"http:\/\/schema.org\/Answer\">\n                                <div class=\"panel-body\" itemprop=\"text\">Calcula o valor do tr\u00e1fego com base no n\u00famero estimado de visitantes org\u00e2nicos e no custo por clique (CPC) das palavras-chave classificadas, refletindo quanto custaria o tr\u00e1fego atrav\u00e9s de an\u00fancios pagos.<\/div>\n                            <\/div>\n                        <\/div><div class=\"panel\" itemscope itemtype=\"https:\/\/schema.org\/Question\" itemprop=\"mainEntity\">\n                            <div class=\"panel-heading\" id=\"headingFaq-6\">\n                                <div class=\"panel-title\" data-toggle=\"collapse\" aria-expanded=\"false\" href=\"#collapseFaq-6\">\n                                    <h3 itemprop=\"name\">Posso comparar v\u00e1rios sites?<\/h3>\n                                <\/div>\n                            <\/div>\n                            <div id=\"collapseFaq-6\" class=\"panel-collapse collapse\" itemprop=\"acceptedAnswer\" itemscope itemtype=\"http:\/\/schema.org\/Answer\">\n                                <div class=\"panel-body\" itemprop=\"text\">Embora a ferramenta analise o dom\u00ednio individualmente, pode verificar manualmente v\u00e1rios dom\u00ednios para comparar os seus valores estimados e o desempenho de SEO.<\/div>\n                            <\/div>\n                        <\/div><\/div><\/div><\/p>","protected":false},"excerpt":{"rendered":"O que \u00e9 o Verificador de Pre\u00e7os de Sites? O Site Price Checker do Sitechecker \u00e9 uma ferramenta online concebida para estimar o valor potencial de um site com base no valor do tr\u00e1fego org\u00e2nico. Esta ferramenta analisa o tr\u00e1fego org\u00e2nico de um website, como a m\u00e9trica chave para fornecer um valor monet\u00e1rio estimado. Como&#8230;","protected":false},"author":10409641,"featured_media":3747,"parent":0,"menu_order":0,"comment_status":"closed","ping_status":"closed","template":"pages-templates\/pages-minitools-3.php","meta":[],"categories":[73],"tags":[],"_links":{"self":[{"href":"https:\/\/sitechecker.pro\/pt\/wp-json\/wp\/v2\/pages\/1484"}],"collection":[{"href":"https:\/\/sitechecker.pro\/pt\/wp-json\/wp\/v2\/pages"}],"about":[{"href":"https:\/\/sitechecker.pro\/pt\/wp-json\/wp\/v2\/types\/page"}],"author":[{"embeddable":true,"href":"https:\/\/sitechecker.pro\/pt\/wp-json\/wp\/v2\/users\/10409641"}],"replies":[{"embeddable":true,"href":"https:\/\/sitechecker.pro\/pt\/wp-json\/wp\/v2\/comments?post=1484"}],"version-history":[{"count":3,"href":"https:\/\/sitechecker.pro\/pt\/wp-json\/wp\/v2\/pages\/1484\/revisions"}],"predecessor-version":[{"id":35658,"href":"https:\/\/sitechecker.pro\/pt\/wp-json\/wp\/v2\/pages\/1484\/revisions\/35658"}],"wp:featuredmedia":[{"embeddable":true,"href":"https:\/\/sitechecker.pro\/pt\/wp-json\/wp\/v2\/media\/3747"}],"wp:attachment":[{"href":"https:\/\/sitechecker.pro\/pt\/wp-json\/wp\/v2\/media?parent=1484"}],"wp:term":[{"taxonomy":"category","embeddable":true,"href":"https:\/\/sitechecker.pro\/pt\/wp-json\/wp\/v2\/categories?post=1484"},{"taxonomy":"post_tag","embeddable":true,"href":"https:\/\/sitechecker.pro\/pt\/wp-json\/wp\/v2\/tags?post=1484"}],"curies":[{"name":"wp","href":"https:\/\/api.w.org\/{rel}","templated":true}]}}