{"id":14761,"date":"2021-10-26T22:41:22","date_gmt":"2021-10-26T20:41:22","guid":{"rendered":"https:\/\/sitechecker.pro\/?page_id=14761"},"modified":"2025-04-22T17:03:17","modified_gmt":"2025-04-22T17:03:17","slug":"fix-non-canonical-url-sitemap","status":"publish","type":"page","link":"https:\/\/sitechecker.pro\/pt\/site-audit-issues\/fix-non-canonical-url-sitemap\/","title":{"rendered":"Como corrigir p\u00e1ginas n\u00e3o can\u00f3nicas no mapa do site | Sitechecker"},"content":{"rendered":"<p><\/p>\n<h2 id=\"par1\">O que \u00e9 uma URL N\u00e3o Can\u00f4nica em um Sitemap?<\/h2>\n<p>Uma &#8220;URL n\u00e3o can\u00f4nica no meu sitemap&#8221; refere-se a uma situa\u00e7\u00e3o em que as URLs listadas no sitemap do seu site n\u00e3o s\u00e3o as vers\u00f5es can\u00f4nicas dessas p\u00e1ginas. As <a href=\"https:\/\/sitechecker.pro\/what-is-canonical-url\/\" target=\"_blank\" rel=\"noopener noreferrer\">URLs can\u00f4nicas<\/a> s\u00e3o as vers\u00f5es preferenciais de um conjunto de p\u00e1ginas duplicadas ou muito semelhantes em seu site. A URL can\u00f4nica \u00e9 aquela que voc\u00ea deseja que os mecanismos de busca considerem como a vers\u00e3o principal ou autorizada.<\/p>\n<p>Quando uma p\u00e1gina n\u00e3o can\u00f4nica est\u00e1 presente no sitemap, o c\u00f3digo-fonte HTML da p\u00e1gina pode incluir uma tag can\u00f4nica apontando para um link diferente do listado no sitemap. Veja um exemplo:<\/p>\n<p><strong>Cen\u00e1rio de Exemplo<\/strong><\/p>\n<p>Sitemap: <i>https:\/\/example.com\/page-a<\/i><br \/>\nCan\u00f4nica: <i>https:\/\/example.com\/page-b<\/i><\/p>\n<p>C\u00f3digo-fonte HTML de <i>https:\/\/example.com\/page-a<\/i><\/p>\n<div class=\"code\"><code><br \/>\n  &lt;!DOCTYPE html&gt;<br \/>\n&lt;html lang=\"en\"&gt;<br \/>\n&lt;head&gt;<br \/>\n    &lt;meta charset=\"UTF-8\"&gt;<br \/>\n    &lt;meta name=\"viewport\" content=\"width=device-width, initial-scale=1.0\"&gt;<br \/>\n    &lt;title&gt;P\u00e1gina A&lt;\/title&gt;<br \/>\n    &lt;!-- Tag can\u00f4nica apontando para a P\u00e1gina B --&gt;<br \/>\n    &lt;link rel=\"canonical\" href=\"https:\/\/example.com\/page-b\"&gt;<br \/>\n&lt;\/head&gt;<br \/>\n&lt;body&gt;<br \/>\n    &lt;h1&gt;Esta \u00e9 a P\u00e1gina A&lt;\/h1&gt;<br \/>\n    &lt;p&gt;Conte\u00fado da P\u00e1gina A...&lt;\/p&gt;<br \/>\n&lt;\/body&gt;<br \/>\n&lt;\/html&gt;<br \/>\n<\/code><\/div>\n<h3>Problemas Demonstrados<\/h3>\n<p>1. <strong>URL no Sitemap:<\/strong> O sitemap cont\u00e9m <i>https:\/\/example.com\/page-a<\/i>.<\/p>\n<p>2. <strong>Tag Can\u00f4nica:<\/strong> O HTML de <i>https:\/\/example.com\/page-a<\/i> cont\u00e9m uma tag can\u00f4nica apontando para <i>https:\/\/example.com\/page-b<\/i><\/p>\n<h3>Implica\u00e7\u00f5es<\/h3>\n<p>1. <strong>Confus\u00e3o para os mecanismos de busca.<\/strong> Os buscadores veem <i>https:\/\/example.com\/page-a<\/i> no sitemap, mas a tag can\u00f4nica informa que <i>https:\/\/example.com\/page-b<\/i> \u00e9 a vers\u00e3o principal.<\/p>\n<p>2. <strong>Conte\u00fado duplicado.<\/strong> Os motores de busca podem tratar <i>https:\/\/example.com\/page-a<\/i> como conte\u00fado duplicado e n\u00e3o index\u00e1-lo ou ranque\u00e1-lo conforme o desejado.<\/p>\n<h3>Abordagem Correta<\/h3>\n<p>Para corrigir isso, certifique-se de que a p\u00e1gina listada no seu sitemap seja a URL can\u00f4nica.<\/p>\n<h3>Sitemap Atualizado<\/h3>\n<div class=\"code\"><code><br \/>\n  &lt;urlset xmlns=\"http:\/\/www.sitemaps.org\/schemas\/sitemap\/0.9\"&gt;<br \/>\n    &lt;url&gt;<br \/>\n        &lt;loc&gt;https:\/\/example.com\/page-b&lt;\/loc&gt;<br \/>\n        &lt;lastmod&gt;2023-06-01&lt;\/lastmod&gt;<br \/>\n        &lt;priority&gt;0.8&lt;\/priority&gt;<br \/>\n    &lt;\/url&gt;<br \/>\n&lt;\/urlset&gt;<br \/>\n<\/code><\/div>\n<p>C\u00f3digo-fonte HTML de <i>https:\/\/example.com\/page-b<\/i><\/p>\n<div class=\"code\"><code><br \/>\n  &lt;!DOCTYPE html&gt;<br \/>\n  &lt;html lang=\"en\"&gt;<br \/>\n  &lt;head&gt;<br \/>\n      &lt;meta charset=\"UTF-8\"&gt;<br \/>\n      &lt;meta name=\"viewport\" content=\"width=device-width, initial-scale=1.0\"&gt;<br \/>\n      &lt;title&gt;P\u00e1gina B&lt;\/title&gt;<br \/>\n      &lt;!-- Tag can\u00f4nica apontando para si mesma --&gt;<br \/>\n      &lt;link rel=\"canonical\" href=\"https:\/\/example.com\/page-b\"&gt;<br \/>\n  &lt;\/head&gt;<br \/>\n  &lt;body&gt;<br \/>\n      &lt;h1&gt;Esta \u00e9 a P\u00e1gina B&lt;\/h1&gt;<br \/>\n      &lt;p&gt;Conte\u00fado da P\u00e1gina B...&lt;\/p&gt;<br \/>\n  &lt;\/body&gt;<br \/>\n  &lt;\/html&gt;<br \/>\n<\/code><\/div>\n<p>Ao garantir que a URL no sitemap corresponda \u00e0 URL can\u00f4nica, voc\u00ea fornece orienta\u00e7\u00f5es claras aos mecanismos de busca, ajudando-os a indexar e classificar corretamente o seu conte\u00fado.<\/p>\n<h2 id=\"par2\">O que causa esse problema?<\/h2>\n<p>Diversos fatores podem fazer com que URLs n\u00e3o can\u00f4nicas apare\u00e7am no seu sitemap. Abaixo est\u00e3o alguns dos gatilhos mais comuns:<\/p>\n<h3>1. M\u00faltiplas vers\u00f5es de uma mesma p\u00e1gina<\/h3>\n<ul>\n<li>HTTP vs. HTTPS: Podem existir as vers\u00f5es <i>http:\/\/example.com<\/i> e <i>https:\/\/example.com<\/i>.<\/li>\n<li>WWW vs. sem WWW: Tanto <i>http:\/\/www.example.com<\/i> quanto <i>http:\/\/example.com<\/i> podem estar acess\u00edveis.<\/li>\n<li>Barras finais: As URLs <i>http:\/\/example.com\/page<\/i> e <i>http:\/\/example.com\/page\/<\/i> podem ser tratadas como diferentes.<\/li>\n<\/ul>\n<h3>2. Par\u00e2metros de URL<\/h3>\n<p>As p\u00e1ginas podem ser acessadas com diferentes par\u00e2metros de URL (ex: <i>http:\/\/example.com\/page?ref=google<\/i> vs. <i>http:\/\/example.com\/page<\/i>). Embora o conte\u00fado seja o mesmo, diferentes links podem ser usados para fins de rastreamento ou sess\u00e3o.<\/p>\n<h3>3. Configura\u00e7\u00e3o do CMS (Sistema de Gerenciamento de Conte\u00fado)<\/h3>\n<p>Alguns CMSs podem gerar m\u00faltiplas URLs para o mesmo conte\u00fado, dependendo da forma como as p\u00e1ginas s\u00e3o vinculadas ou categorizadas. Por exemplo, o WordPress pode criar URLs diferentes para o mesmo post com base na categoria ou nos arquivos de tags.<\/p>\n<h3>4. Pagina\u00e7\u00e3o<\/h3>\n<p>Conte\u00fado paginado pode gerar diferentes URLs para a mesma p\u00e1gina can\u00f4nica (ex: <i>http:\/\/example.com\/page\/2<\/i> pode ter como can\u00f4nica a <i>http:\/\/example.com\/page<\/i>).<\/p>\n<h3>5. Conte\u00fado duplicado<\/h3>\n<p>A duplica\u00e7\u00e3o intencional ou acidental de conte\u00fado em diferentes URLs pode resultar em v\u00e1rias vers\u00f5es acess\u00edveis do mesmo conte\u00fado.<\/p>\n<h3>6. Tags can\u00f4nicas incorretas<\/h3>\n<p>Tags can\u00f4nicas mal configuradas podem apontar para a URL errada, fazendo com que a URL do sitemap seja diferente da que est\u00e1 definida como can\u00f4nica.<\/p>\n<h3>7. Geradores autom\u00e1ticos de sitemap<\/h3>\n<p>Algumas ferramentas autom\u00e1ticas de gera\u00e7\u00e3o de sitemaps podem incluir URLs sem verificar corretamente as tags can\u00f4nicas, gerando inconsist\u00eancias.<\/p>\n<h3>8. Erros manuais no sitemap<\/h3>\n<p>Quando os sitemaps s\u00e3o criados ou editados manualmente, erros humanos podem levar \u00e0 inclus\u00e3o de URLs n\u00e3o can\u00f4nicas.<\/p>\n<h2 id=\"par3\">Como verificar isso?<\/h2>\n<h3>1. Ferramenta de Auditoria SEO do Sitechecker<\/h3>\n<p>Na se\u00e7\u00e3o de Auditoria do Site, em \u201cIndexabilidade\u201d, voc\u00ea pode encontrar diferentes problemas relacionados a URLs can\u00f4nicas. Este recurso da nossa ferramenta foi desenvolvido para ajudar voc\u00ea a identificar e resolver diversos problemas relacionados a canonical tags que podem afetar o desempenho de SEO do seu site. A ferramenta aponta problemas como can\u00f4nicas apontando para links sem HTTPS, can\u00f4nicas ausentes ou configuradas com \u2018noindex, nofollow\u2019, entre outros.<\/p>\n<div class=\"content__img-wrap\"><img src=\"https:\/\/sitechecker.pro\/wp-content\/uploads\/2024\/05\/canonical-issues.png\" alt=\"Problemas de Canonical\" class=\"description-img description-img-zoom\" loading=\"lazy\" ><\/div>\n<p>Ao clicar em \u201cVer problema\u201d em cada categoria, voc\u00ea acessa uma lista detalhada das p\u00e1ginas afetadas por esses problemas espec\u00edficos.<\/p>\n<div class=\"content__img-wrap\"><img src=\"https:\/\/sitechecker.pro\/wp-content\/uploads\/2024\/05\/canonical-issues-page-list.png\" alt=\"Lista de P\u00e1ginas com Problemas Can\u00f4nicos\" class=\"description-img description-img-zoom\" loading=\"lazy\" ><\/div>\n    <div class=\"blog__conversion blog__conversion-app element__logged_out\">\n        <div class=\"blog__conversion-inner\">\n            <p class=\"title\">Otimize seu SEO com Tags Can\u00f4nicas Precisas!<\/p>\n            <p class=\"description\">Descubra o poder do uso correto de canonical tags com nosso verificador f\u00e1cil de usar.<\/p>\n            <form id=\"audit__form\"\n                  class=\"article__seo-search audit__form Descubra o poder do uso correto de canonical tags com nosso verificador f\u00e1cil de usar.\"\n                  action=\"\"\n                  method=\"POST\"\n                  autocomplete=\"off\">\n                <span class=\"error\"><\/span>\n                <div class=\"error__limits\">Something went wrong. Please, try again later.<\/div>\n                <input name=\"url\"\n                       type=\"text\"\n                       placeholder=\"Cole aqui o nome do seu dom\u00ednio\">\n                <input name=\"register_url\" type=\"hidden\" value=\"canonical-url\">                <button type=\"submit\"\n                        class=\"sitechecker__text\">\n                    <span>Verificar can\u00f4nica<\/span>\n                    <img src=\"\/wp-content\/themes\/sitechecker\/out\/img_design\/loading.svg\"\n                         width=\"31\"\n                         height=\"30\"\n                         class=\"loading\">\n                <\/button>\n            <\/form>\n        <\/div>\n    <\/div>\n    \n<h3>2. Google Search Console<\/h3>\n<ol>\n<li><a href=\"https:\/\/sitechecker.pro\/upload-sitemap-to-google-search-console\/\" data-wpil-monitor-id=\"331\">Envie seu sitemap<\/a> ao Google Search Console.<\/li>\n<div class=\"content__img-wrap\"><img src=\"https:\/\/sitechecker.pro\/wp-content\/uploads\/2024\/06\/upload-sitemap-gsc.png\" alt=\"Enviar Sitemap no GSC\" class=\"description-img description-img-zoom\" loading=\"lazy\" ><\/div>\n<li>No menu <a href=\"https:\/\/support.google.com\/webmasters\/answer\/7440203#valid-status\" target=\"_blank\" rel=\"nofollow noopener noreferrer\">\u201c\u00cdndice\u201d<\/a>, v\u00e1 at\u00e9 \u201cSitemaps\u201d para verificar se h\u00e1 problemas com as URLs.<\/li>\n<li>Use o relat\u00f3rio de \u201cCobertura\u201d para identificar discrep\u00e2ncias entre os links enviados e os indexados.<\/li>\n<\/ol>\n<p><iframe width=\"700\" height=\"350\" src=\"https:\/\/www.youtube.com\/embed\/L0UqvdHJaXE?si=_mpBIjWiJuoJXdtO\" title=\"Reprodutor de v\u00eddeo do YouTube\" frameborder=\"0\" allow=\"accelerometer; autoplay; clipboard-write; encrypted-media; gyroscope; picture-in-picture; web-share\" referrerpolicy=\"strict-origin-when-cross-origin\" allowfullscreen><\/iframe><\/p>\n<h3>3. Inspe\u00e7\u00e3o manual<\/h3>\n<h4>Baixe e analise o sitemap<\/h4>\n<ul>\n<li>Baixe o arquivo do seu sitemap (geralmente dispon\u00edvel em https:\/\/example.com\/sitemap.xml).<\/li>\n<li>Verifique manualmente uma amostra dos links do sitemap comparando com as URLs can\u00f4nicas indicadas no HTML de cada p\u00e1gina.<\/li>\n<\/ul>\n<h4>Visualizar o c\u00f3digo-fonte da p\u00e1gina<\/h4>\n<ul>\n<li>Abra o c\u00f3digo-fonte HTML dos links listados no seu sitemap.<\/li>\n<li>Procure pela tag &lt;link rel=&#8221;canonical&#8221; href=&#8221;URL&#8221;&gt;.<\/li>\n<li>Verifique se o link da tag can\u00f4nica corresponde ao link listado no sitemap.<\/li>\n<\/ul>\n<h3>4. Scripts automatizados<\/h3>\n<p>Voc\u00ea pode usar scripts automatizados para verificar URLs n\u00e3o can\u00f4nicas. Aqui est\u00e1 um script b\u00e1sico em Python usando as bibliotecas requests e <a href=\"https:\/\/en.wikipedia.org\/wiki\/Beautiful_Soup_(HTML_parser)\" target=\"_blank\" rel=\"noopener noreferrer\">BeautifulSoup<\/a>:<\/p>\n<div class=\"code\"><code><br \/>\n  import requests<br \/>\nfrom bs4 import BeautifulSoup<\/p>\n<p>def get_canonical_url(page_url):<br \/>\n    response = requests.get(page_url)<br \/>\n    soup = BeautifulSoup(response.content, 'html.parser')<br \/>\n    canonical_link = soup.find('link', rel='canonical')<br \/>\n    if canonical_link:<br \/>\n        return canonical_link['href']<br \/>\n    return None<\/p>\n<p>def check_sitemap(sitemap_url):<br \/>\n    response = requests.get(sitemap_url)<br \/>\n    soup = BeautifulSoup(response.content, 'xml')<br \/>\n    urls = [loc.text for loc in soup.find_all('loc')]<\/p>\n<p>    for url in urls:<br \/>\n        canonical_url = get_canonical_url(url)<br \/>\n        if canonical_url and canonical_url != url:<br \/>\n            print(f\"URL n\u00e3o can\u00f4nica encontrada:\\n URL no Sitemap: {url}\\n URL Can\u00f4nica: {canonical_url}\")<br \/>\nsitemap_url = 'https:\/\/example.com\/sitemap.xml'<br \/>\ncheck_sitemap(sitemap_url)<br \/>\n<\/code><\/div>\n<p>Ao usar esses m\u00e9todos, voc\u00ea pode identificar e corrigir com efici\u00eancia os links n\u00e3o can\u00f4nicos em seu sitemap, garantindo melhor desempenho SEO e instru\u00e7\u00f5es mais claras para os motores de busca.<\/p>\n<h2 id=\"par4\">Como prevenir e corrigir o problema<\/h2>\n<p>Para prevenir e corrigir o problema de p\u00e1ginas n\u00e3o can\u00f4nicas no seu sitemap, existem algumas boas pr\u00e1ticas que voc\u00ea deve seguir.<\/p>\n<p>Primeiro, certifique-se de que cada p\u00e1gina do seu site contenha uma tag can\u00f4nica. Isso envolve adicionar a tag &lt;link rel=&#8221;canonical&#8221; href=&#8221;URL&#8221;&gt; no HTML de cada p\u00e1gina, apontando para sua vers\u00e3o can\u00f4nica.<\/p>\n<p>Em seguida, mantenha uma estrutura de URL consistente em todo o site. Isso significa padronizar o uso de HTTP versus HTTPS, decidir se deve usar ou n\u00e3o \u201cwww\u201d nas URLs e ser consistente com o uso de barras finais.<\/p>\n<p>Uma configura\u00e7\u00e3o correta do seu CMS (Sistema de Gerenciamento de Conte\u00fado) tamb\u00e9m \u00e9 essencial. Garanta que ele gere URLs consistentes e trate o conte\u00fado duplicado adequadamente.<\/p>\n<p>O uso de redirecionamentos 301 \u00e9 outra estrat\u00e9gia eficaz. Implemente esses redirecionamentos para conduzir usu\u00e1rios e motores de busca de p\u00e1ginas n\u00e3o can\u00f4nicas para suas vers\u00f5es can\u00f4nicas. Isso ajuda a consolidar a autoridade dos links e a evitar problemas com conte\u00fado duplicado.<\/p>\n<p>Tamb\u00e9m \u00e9 importante revisar como seu sitemap \u00e9 gerado. Use ferramentas confi\u00e1veis que respeitem as tags can\u00f4nicas e configura\u00e7\u00f5es definidas no seu site. Verifique regularmente a precis\u00e3o do seu sitemap e atualize-o conforme necess\u00e1rio.<\/p>\n<p>Por fim, monitore e audite seu site com frequ\u00eancia. Utilize o <a href=\"https:\/\/sitechecker.pro\/\" target=\"_blank\" rel=\"noopener noreferrer\">Sitechecker<\/a> para escanear seu site e identificar URLs n\u00e3o can\u00f4nicas, resolvendo rapidamente quaisquer problemas encontrados.<\/p>\n<p>Seguindo essas pr\u00e1ticas, voc\u00ea garante que seu sitemap represente corretamente as p\u00e1ginas can\u00f4nicas do seu site, melhorando o desempenho em SEO e reduzindo a confus\u00e3o para os motores de busca.<\/p>\n<h2 id=\"par5\">Considera\u00e7\u00e3o final<\/h2>\n<p>Um &#8220;link n\u00e3o can\u00f4nico no meu sitemap&#8221; refere-se a URLs no seu sitemap que n\u00e3o s\u00e3o as vers\u00f5es can\u00f4nicas. URLs can\u00f4nicas s\u00e3o as vers\u00f5es preferidas das p\u00e1ginas que voc\u00ea quer que os motores de busca indexem. Se um link n\u00e3o can\u00f4nico estiver no seu sitemap, o HTML da p\u00e1gina pode apontar para outra p\u00e1gina como can\u00f4nica, o que causa confus\u00e3o nos motores de busca e pode levar a problemas com conte\u00fado duplicado. Para resolver isso, certifique-se de que seu sitemap inclua apenas p\u00e1ginas can\u00f4nicas, padronize suas estruturas de URL, configure corretamente seu CMS, use redirecionamentos 301 e audite regularmente seu site com ferramentas de SEO para manter a precis\u00e3o e melhorar o desempenho.<\/p>\n<div id=\"par6\"><\/div>\n<p><div class=\"front__faq-block\"><div class=\"faq__block-title\">FAQ<\/div><div class=\"panel-group\" id=\"faq-accordion\" itemscope itemtype=\"https:\/\/schema.org\/FAQPage\" role=\"tablist\" aria-multiselectable=\"true\"><div class=\"panel\" itemscope itemtype=\"https:\/\/schema.org\/Question\" itemprop=\"mainEntity\">\n                            <div class=\"panel-heading\" id=\"headingFaq-1\">\n                                <div class=\"panel-title\" data-toggle=\"collapse\" aria-expanded=\"false\" href=\"#collapseFaq-1\">\n                                    <h3 itemprop=\"name\">Os par\u00e2metros URL podem causar problemas com URLs n\u00e3o can\u00f3nicos?<\/h3>\n                                <\/div>\n                            <\/div>\n                            <div id=\"collapseFaq-1\" class=\"panel-collapse collapse\" itemprop=\"acceptedAnswer\" itemscope itemtype=\"http:\/\/schema.org\/Answer\">\n                                <div class=\"panel-body\" itemprop=\"text\">Sim, os par\u00e2metros URL podem criar v\u00e1rias vers\u00f5es de uma p\u00e1gina, levando a problemas de p\u00e1ginas n\u00e3o can\u00f3nicas se n\u00e3o forem geridos adequadamente.<\/div>\n                            <\/div>\n                        <\/div><div class=\"panel\" itemscope itemtype=\"https:\/\/schema.org\/Question\" itemprop=\"mainEntity\">\n                            <div class=\"panel-heading\" id=\"headingFaq-2\">\n                                <div class=\"panel-title\" data-toggle=\"collapse\" aria-expanded=\"false\" href=\"#collapseFaq-2\">\n                                    <h3 itemprop=\"name\">Quais s\u00e3o alguns gatilhos comuns para links n\u00e3o can\u00f3nicos num sitemap?<\/h3>\n                                <\/div>\n                            <\/div>\n                            <div id=\"collapseFaq-2\" class=\"panel-collapse collapse\" itemprop=\"acceptedAnswer\" itemscope itemtype=\"http:\/\/schema.org\/Answer\">\n                                <div class=\"panel-body\" itemprop=\"text\">Os gatilhos comuns incluem v\u00e1rias vers\u00f5es de uma p\u00e1gina (HTTP\/HTTPS, WWW\/n\u00e3o WWW), par\u00e2metros de liga\u00e7\u00e3o, defini\u00e7\u00f5es de CMS, pagina\u00e7\u00e3o, conte\u00fado duplicado, etiquetas can\u00f3nicas incorrectas e erros na gera\u00e7\u00e3o autom\u00e1tica ou manual do mapa do site.<\/div>\n                            <\/div>\n                        <\/div><div class=\"panel\" itemscope itemtype=\"https:\/\/schema.org\/Question\" itemprop=\"mainEntity\">\n                            <div class=\"panel-heading\" id=\"headingFaq-3\">\n                                <div class=\"panel-title\" data-toggle=\"collapse\" aria-expanded=\"false\" href=\"#collapseFaq-3\">\n                                    <h3 itemprop=\"name\">O que \u00e9 um redireccionamento 301 e como ajuda com p\u00e1ginas n\u00e3o can\u00f3nicas?<\/h3>\n                                <\/div>\n                            <\/div>\n                            <div id=\"collapseFaq-3\" class=\"panel-collapse collapse\" itemprop=\"acceptedAnswer\" itemscope itemtype=\"http:\/\/schema.org\/Answer\">\n                                <div class=\"panel-body\" itemprop=\"text\">Um redireccionamento 301 \u00e9 um redireccionamento permanente de uma p\u00e1gina para outra. Ajuda a guiar os utilizadores e os motores de busca de p\u00e1ginas n\u00e3o can\u00f3nicas para as suas contrapartes can\u00f3nicas, consolidando a equidade dos links e evitando conte\u00fado duplicado.<\/div>\n                            <\/div>\n                        <\/div><\/div><\/div><\/p>","protected":false},"excerpt":{"rendered":"O que \u00e9 uma URL N\u00e3o Can\u00f4nica em um Sitemap? Uma &#8220;URL n\u00e3o can\u00f4nica no meu sitemap&#8221; refere-se a uma situa\u00e7\u00e3o em que as URLs listadas no sitemap do seu site n\u00e3o s\u00e3o as vers\u00f5es can\u00f4nicas dessas p\u00e1ginas. As URLs can\u00f4nicas s\u00e3o as vers\u00f5es preferenciais de um conjunto de p\u00e1ginas duplicadas ou muito semelhantes em&#8230;","protected":false},"author":10409641,"featured_media":14450,"parent":0,"menu_order":0,"comment_status":"closed","ping_status":"closed","template":"pages-templates\/pages-v2.php","meta":[],"categories":[43],"tags":[],"_links":{"self":[{"href":"https:\/\/sitechecker.pro\/pt\/wp-json\/wp\/v2\/pages\/14761"}],"collection":[{"href":"https:\/\/sitechecker.pro\/pt\/wp-json\/wp\/v2\/pages"}],"about":[{"href":"https:\/\/sitechecker.pro\/pt\/wp-json\/wp\/v2\/types\/page"}],"author":[{"embeddable":true,"href":"https:\/\/sitechecker.pro\/pt\/wp-json\/wp\/v2\/users\/10409641"}],"replies":[{"embeddable":true,"href":"https:\/\/sitechecker.pro\/pt\/wp-json\/wp\/v2\/comments?post=14761"}],"version-history":[{"count":3,"href":"https:\/\/sitechecker.pro\/pt\/wp-json\/wp\/v2\/pages\/14761\/revisions"}],"predecessor-version":[{"id":38161,"href":"https:\/\/sitechecker.pro\/pt\/wp-json\/wp\/v2\/pages\/14761\/revisions\/38161"}],"wp:featuredmedia":[{"embeddable":true,"href":"https:\/\/sitechecker.pro\/pt\/wp-json\/wp\/v2\/media\/14450"}],"wp:attachment":[{"href":"https:\/\/sitechecker.pro\/pt\/wp-json\/wp\/v2\/media?parent=14761"}],"wp:term":[{"taxonomy":"category","embeddable":true,"href":"https:\/\/sitechecker.pro\/pt\/wp-json\/wp\/v2\/categories?post=14761"},{"taxonomy":"post_tag","embeddable":true,"href":"https:\/\/sitechecker.pro\/pt\/wp-json\/wp\/v2\/tags?post=14761"}],"curies":[{"name":"wp","href":"https:\/\/api.w.org\/{rel}","templated":true}]}}