{"id":142,"date":"2017-11-14T14:42:08","date_gmt":"2017-11-14T14:42:08","guid":{"rendered":"http:\/\/test.wp.sitechecker.pro\/?page_id=142"},"modified":"2026-02-16T17:06:10","modified_gmt":"2026-02-16T17:06:10","slug":"meta-tag-description","status":"publish","type":"page","link":"https:\/\/sitechecker.pro\/pt\/meta-tag-description\/","title":{"rendered":"Verificador de Comprimento da Meta Descri\u00e7\u00e3o | Teste qualquer URL no Website \u2611"},"content":{"rendered":"<p><\/p>\n<h2 id=\"par1\">O que \u00e9 o Meta Tag Description Length Checker?<\/h2>\n<p>O Meta Tag Description Length Checker do <a href=\"https:\/\/sitechecker.pro\/\" target=\"_blank\" rel=\"noopener noreferrer\">Sitechecker<\/a> \u00e9 uma ferramenta concebida para analisar o comprimento das meta tags de descri\u00e7\u00e3o numa p\u00e1gina web ou num website inteiro. Ajuda-o a garantir que as meta descri\u00e7\u00f5es est\u00e3o dentro das diretrizes de comprimento ideais para melhorar o desempenho de SEO e a visibilidade dos resultados de pesquisa. Ao identificar descri\u00e7\u00f5es muito curtas, muito longas ou em falta, esta ferramenta otimiza os seus metadados para melhores classifica\u00e7\u00f5es nos motores de busca e envolvimento do utilizador.<\/p>\n<h3>Como \u00e9 que a ferramenta o pode ajudar<\/h3>\n<p><strong>An\u00e1lise do comprimento da meta descri\u00e7\u00e3o:<\/strong> verifica se as meta descri\u00e7\u00f5es est\u00e3o dentro dos limites de caracteres recomendados para garantir que n\u00e3o s\u00e3o nem demasiado curtas nem demasiado longas para um desempenho SEO ideal.<\/p>\n<p><strong>Varrimento de p\u00e1ginas em massa:<\/strong> permite aos utilizadores analisar meta descri\u00e7\u00f5es em v\u00e1rias p\u00e1ginas de um website, identificando p\u00e1ginas com descri\u00e7\u00f5es em falta, demasiado curtas ou demasiado longas.<\/p>\n<p><strong>Gera\u00e7\u00e3o instant\u00e2nea de relat\u00f3rios:<\/strong> fornece informa\u00e7\u00f5es r\u00e1pidas sobre problemas de meta descri\u00e7\u00e3o, ajudando os utilizadores a fazer ajustes imediatos para melhorar a visibilidade nos motores de busca.<\/p>\n<h3>Principais caracter\u00edsticas da ferramenta<\/h3>\n<p><strong>Painel unificado:<\/strong> fornece um hub centralizado onde os utilizadores podem monitorizar a integridade do website, o desempenho de SEO e os resultados de auditoria em tempo real num \u00fanico local, garantindo um fluxo de trabalho eficiente e f\u00e1cil acesso a insights cr\u00edticos.<\/p>\n<p><strong>Interface de f\u00e1cil utiliza\u00e7\u00e3o:<\/strong>concebida com simplicidade e clareza, a ferramenta oferece uma experi\u00eancia intuitiva, tornando-a acess\u00edvel para principiantes e profissionais de SEO sem exigir conhecimentos t\u00e9cnicos.<\/p>\n<p><strong>Conjunto completo de ferramentas de SEO:<\/strong> inclui uma gama completa de ferramentas de SEO, tais como auditoria de websites, rastreio de classifica\u00e7\u00e3o e an\u00e1lise na p\u00e1gina, ajudando os utilizadores a otimizar os seus websites de forma abrangente para um melhor desempenho nos motores de busca.<\/p>\n<h2 id=\"par2\">Como utilizar a ferramenta<\/h2>\n<p>Para utilizar a ferramenta, escolha entre analisar uma \u00fanica p\u00e1gina para um relat\u00f3rio instant\u00e2neo ou todas as p\u00e1ginas. Clique em &#8220;Iniciar auditoria&#8221; para gerar um relat\u00f3rio que destaque as meta descri\u00e7\u00f5es demasiado curtas, demasiado longas ou em falta.<\/p>\n<h2 id=\"par3\">Teste o comprimento da descri\u00e7\u00e3o de todas as p\u00e1ginas<\/h2>\n<h3>Passo 1: Selecione uma op\u00e7\u00e3o para testar todas as p\u00e1ginas<\/h3>\n<div class=\"content__img-wrap\"><img src=\"https:\/\/sitechecker.pro\/wp-content\/uploads\/2025\/02\/check-description-all-pages.png\" alt=\"Testar o comprimento da descri\u00e7\u00e3o de todas as p\u00e1ginas\" class=\"description-img description-img-zoom\" loading=\"lazy\" ><\/div>\n<div class=\"important-block\">Para receber resultados e acesso \u00e0s funcionalidades do Sitechecker durante 14 dias, inicie o seu teste GRATUITO. A inscri\u00e7\u00e3o \u00e9 f\u00e1cil com o seu e-mail, Google ou conta do Facebook. N\u00e3o \u00e9 necess\u00e1rio cart\u00e3o de cr\u00e9dito.<\/div>\n<h3>Etapa 2: An\u00e1lise de resultados<\/h3>\n<p>Identifique instantaneamente p\u00e1ginas com meta descri\u00e7\u00f5es muito curtas, muito longas ou em falta. Obtenha recomenda\u00e7\u00f5es detalhadas, visualize as p\u00e1ginas afetadas e aplique corre\u00e7\u00f5es no c\u00f3digo para otimizar o seu desempenho SEO.<\/p>\n<div class=\"content__img-wrap\"><img src=\"https:\/\/sitechecker.pro\/wp-content\/uploads\/2025\/02\/description-length-issues.png\" alt=\"Problemas com o comprimento da descri\u00e7\u00e3o\" class=\"description-img description-img-zoom\" loading=\"lazy\" ><\/div>\n<h3>Caracter\u00edsticas adicionais da ferramenta<\/h3>\n<p>Al\u00e9m da an\u00e1lise de meta-descri\u00e7\u00e3o, aceda a relat\u00f3rios detalhados sobre problemas cr\u00edticos de SEO, integridade do website, indexabilidade e relev\u00e2ncia do conte\u00fado. Acompanhe os avisos, oportunidades e pontua\u00e7\u00e3o do website para otimizar o desempenho e melhorar a visibilidade da pesquisa.<\/p>\n<div class=\"content__img-wrap\"><img src=\"https:\/\/sitechecker.pro\/wp-content\/uploads\/2025\/02\/site-audit-issues_67bdd1f07818c.png\" alt=\"Problemas de auditoria do site\" class=\"description-img description-img-zoom\" loading=\"lazy\" ><\/div>\n<h2 id=\"par4\">Teste o comprimento da meta descri\u00e7\u00e3o da p\u00e1gina<\/h2>\n<h3>Passo 1: Clique na p\u00e1gina de auditoria<\/h3>\n<div class=\"content__img-wrap\"><img src=\"https:\/\/sitechecker.pro\/wp-content\/uploads\/2025\/02\/check-description-one-page.png\" alt=\"Testar o comprimento da meta descri\u00e7\u00e3o da p\u00e1gina\" class=\"description-img description-img-zoom\" loading=\"lazy\" ><\/div>\n<h3>Passo 2: Obtenha os resultados<\/h3>\n<p>A ferramenta rastreia a sua p\u00e1gina web e extrai dados da meta tag description do seu URL. Este processo demora apenas alguns segundos. Depois disso, pode visualizar os resultados, incluindo a contagem da descri\u00e7\u00e3o da p\u00e1gina, o metatexto e o comprimento.<\/p>\n<div class=\"content__img-wrap\"><img src=\"https:\/\/sitechecker.pro\/wp-content\/uploads\/2025\/02\/description-check-results.png\" alt=\"Resultados da verifica\u00e7\u00e3o da descri\u00e7\u00e3o\" class=\"description-img description-img-zoom\" loading=\"lazy\" ><\/div>\n<p>Visite a sec\u00e7\u00e3o Auditoria do Site para explorar todas as funcionalidades da ferramenta. Experimente a vers\u00e3o de demonstra\u00e7\u00e3o para ver como o Sitechecker deteta e corrige os principais problemas t\u00e9cnicos de SEO.<\/p>\n<div class=\"content__img-wrap\"><img src=\"https:\/\/sitechecker.pro\/wp-content\/uploads\/2025\/02\/sitechecker-site-audit.png\" alt=\"Auditoria do site do Sitechecker\" class=\"description-img description-img-zoom\" loading=\"lazy\" ><\/div>\n<h3>Caracter\u00edsticas adicionais da an\u00e1lise do comprimento da meta-descri\u00e7\u00e3o<\/h3>\n<p>Obtenha uma an\u00e1lise detalhada de problemas cr\u00edticos, dados estruturados, imagens e desempenho do PageSpeed. Clique no menu Navega\u00e7\u00e3o da p\u00e1gina para verificar Vis\u00e3o geral dos problemas, Dados estruturados, Imagens, Otimiza\u00e7\u00e3o de pesquisa, Links e PageSpeed \u200b\u200b\u200b\u200bInsights.<\/p>\n<div class=\"content__img-wrap\"><img src=\"https:\/\/sitechecker.pro\/wp-content\/uploads\/2025\/02\/issues-overview_67bdd1edc76a7.png\" alt=\"Vis\u00e3o geral dos problemas\" class=\"description-img description-img-zoom\" loading=\"lazy\" ><\/div>\n<h2 id=\"par5\">Ideia Final<\/h2>\n<p>O Meta Tag Description Length Checker analisa as meta descri\u00e7\u00f5es numa p\u00e1gina web ou em todo o website, garantindo que estas cumprem as diretrizes ideais de SEO. Deteta descri\u00e7\u00f5es em falta, curtas ou longas e fornece relat\u00f3rios instant\u00e2neos para corre\u00e7\u00f5es r\u00e1pidas. Os utilizadores podem digitalizar v\u00e1rias p\u00e1ginas, rever os principais problemas de SEO e otimizar metadados para obter melhores classifica\u00e7\u00f5es. Com um painel unificado, interface de f\u00e1cil utiliza\u00e7\u00e3o e conjunto completo de ferramentas de SEO, a ferramenta simplifica as auditorias de websites. Experimente a funcionalidade Auditoria do Website para explorar insights detalhados, incluindo dados estruturados, PageSpeed \u200b\u200be indexabilidade.<\/p>\n<div id=\"par6\"><\/div>\n<p><div class=\"front__faq-block\"><div class=\"faq__block-title\">FAQ<\/div><div class=\"panel-group\" id=\"faq-accordion\" itemscope itemtype=\"https:\/\/schema.org\/FAQPage\" role=\"tablist\" aria-multiselectable=\"true\"><div class=\"panel\" itemscope itemtype=\"https:\/\/schema.org\/Question\" itemprop=\"mainEntity\">\n                            <div class=\"panel-heading\" id=\"headingFaq-1\">\n                                <div class=\"panel-title\" data-toggle=\"collapse\" aria-expanded=\"false\" href=\"#collapseFaq-1\">\n                                    <h3 itemprop=\"name\">Qual \u00e9 o comprimento ideal para uma meta descri\u00e7\u00e3o?<\/h3>\n                                <\/div>\n                            <\/div>\n                            <div id=\"collapseFaq-1\" class=\"panel-collapse collapse\" itemprop=\"acceptedAnswer\" itemscope itemtype=\"http:\/\/schema.org\/Answer\">\n                                <div class=\"panel-body\" itemprop=\"text\">O comprimento recomendado para uma meta descri\u00e7\u00e3o \u00e9 entre 150 e 160 caracteres para garantir que \u00e9 apresentada na \u00edntegra nos resultados da pesquisa sem ser truncada.<\/div>\n                            <\/div>\n                        <\/div><div class=\"panel\" itemscope itemtype=\"https:\/\/schema.org\/Question\" itemprop=\"mainEntity\">\n                            <div class=\"panel-heading\" id=\"headingFaq-2\">\n                                <div class=\"panel-title\" data-toggle=\"collapse\" aria-expanded=\"false\" href=\"#collapseFaq-2\">\n                                    <h3 itemprop=\"name\">Esta ferramenta pode detetar meta descri\u00e7\u00f5es em falta?<\/h3>\n                                <\/div>\n                            <\/div>\n                            <div id=\"collapseFaq-2\" class=\"panel-collapse collapse\" itemprop=\"acceptedAnswer\" itemscope itemtype=\"http:\/\/schema.org\/Answer\">\n                                <div class=\"panel-body\" itemprop=\"text\">Sim, a ferramenta verifica p\u00e1ginas web e identifica meta descri\u00e7\u00f5es em falta, demasiado curtas ou excessivamente longas, ajudando-o a otimiz\u00e1-las para um melhor desempenho de SEO.<\/div>\n                            <\/div>\n                        <\/div><div class=\"panel\" itemscope itemtype=\"https:\/\/schema.org\/Question\" itemprop=\"mainEntity\">\n                            <div class=\"panel-heading\" id=\"headingFaq-3\">\n                                <div class=\"panel-title\" data-toggle=\"collapse\" aria-expanded=\"false\" href=\"#collapseFaq-3\">\n                                    <h3 itemprop=\"name\">A ferramenta fornece insights em tempo real?<\/h3>\n                                <\/div>\n                            <\/div>\n                            <div id=\"collapseFaq-3\" class=\"panel-collapse collapse\" itemprop=\"acceptedAnswer\" itemscope itemtype=\"http:\/\/schema.org\/Answer\">\n                                <div class=\"panel-body\" itemprop=\"text\">Sim, a ferramenta gera um relat\u00f3rio instant\u00e2neo ap\u00f3s a digitaliza\u00e7\u00e3o da sua p\u00e1gina, permitindo visualizar e resolver rapidamente quaisquer problemas de meta descri\u00e7\u00e3o.<\/div>\n                            <\/div>\n                        <\/div><div class=\"panel\" itemscope itemtype=\"https:\/\/schema.org\/Question\" itemprop=\"mainEntity\">\n                            <div class=\"panel-heading\" id=\"headingFaq-4\">\n                                <div class=\"panel-title\" data-toggle=\"collapse\" aria-expanded=\"false\" href=\"#collapseFaq-4\">\n                                    <h3 itemprop=\"name\">Posso analisar v\u00e1rias p\u00e1ginas de uma s\u00f3 vez?<\/h3>\n                                <\/div>\n                            <\/div>\n                            <div id=\"collapseFaq-4\" class=\"panel-collapse collapse\" itemprop=\"acceptedAnswer\" itemscope itemtype=\"http:\/\/schema.org\/Answer\">\n                                <div class=\"panel-body\" itemprop=\"text\">Sim, a funcionalidade de varrimento em massa de p\u00e1ginas permite verificar meta descri\u00e7\u00f5es em todo o seu website, identificando problemas em v\u00e1rias p\u00e1ginas numa \u00fanica auditoria.<\/div>\n                            <\/div>\n                        <\/div><div class=\"panel\" itemscope itemtype=\"https:\/\/schema.org\/Question\" itemprop=\"mainEntity\">\n                            <div class=\"panel-heading\" id=\"headingFaq-5\">\n                                <div class=\"panel-title\" data-toggle=\"collapse\" aria-expanded=\"false\" href=\"#collapseFaq-5\">\n                                    <h3 itemprop=\"name\">Como \u00e9 que esta ferramenta melhora as classifica\u00e7\u00f5es de SEO?<\/h3>\n                                <\/div>\n                            <\/div>\n                            <div id=\"collapseFaq-5\" class=\"panel-collapse collapse\" itemprop=\"acceptedAnswer\" itemscope itemtype=\"http:\/\/schema.org\/Answer\">\n                                <div class=\"panel-body\" itemprop=\"text\">Ao garantir que as meta descri\u00e7\u00f5es cumprem as diretrizes de comprimento ideal, cont\u00eam palavras-chave relevantes e est\u00e3o estruturadas adequadamente, a ferramenta melhora a visibilidade do motor de busca e as taxas de cliques (CTR).<\/div>\n                            <\/div>\n                        <\/div><div class=\"panel\" itemscope itemtype=\"https:\/\/schema.org\/Question\" itemprop=\"mainEntity\">\n                            <div class=\"panel-heading\" id=\"headingFaq-6\">\n                                <div class=\"panel-title\" data-toggle=\"collapse\" aria-expanded=\"false\" href=\"#collapseFaq-6\">\n                                    <h3 itemprop=\"name\">Que outros insights de SEO oferece esta ferramenta?<\/h3>\n                                <\/div>\n                            <\/div>\n                            <div id=\"collapseFaq-6\" class=\"panel-collapse collapse\" itemprop=\"acceptedAnswer\" itemscope itemtype=\"http:\/\/schema.org\/Answer\">\n                                <div class=\"panel-body\" itemprop=\"text\">Para al\u00e9m da an\u00e1lise de meta descri\u00e7\u00e3o, a ferramenta fornece insights sobre a sa\u00fade do website, indexabilidade, dados estruturados, PageSpeed  e relev\u00e2ncia do conte\u00fado.<\/div>\n                            <\/div>\n                        <\/div><\/div><\/div><\/p>","protected":false},"excerpt":{"rendered":"O que \u00e9 o Meta Tag Description Length Checker? O Meta Tag Description Length Checker do Sitechecker \u00e9 uma ferramenta concebida para analisar o comprimento das meta tags de descri\u00e7\u00e3o numa p\u00e1gina web ou num website inteiro. Ajuda-o a garantir que as meta descri\u00e7\u00f5es est\u00e3o dentro das diretrizes de comprimento ideais para melhorar o desempenho&#8230;","protected":false},"author":10409641,"featured_media":3439,"parent":0,"menu_order":0,"comment_status":"closed","ping_status":"closed","template":"pages-templates\/pages-minitools-3.php","meta":[],"categories":[70],"tags":[],"_links":{"self":[{"href":"https:\/\/sitechecker.pro\/pt\/wp-json\/wp\/v2\/pages\/142"}],"collection":[{"href":"https:\/\/sitechecker.pro\/pt\/wp-json\/wp\/v2\/pages"}],"about":[{"href":"https:\/\/sitechecker.pro\/pt\/wp-json\/wp\/v2\/types\/page"}],"author":[{"embeddable":true,"href":"https:\/\/sitechecker.pro\/pt\/wp-json\/wp\/v2\/users\/10409641"}],"replies":[{"embeddable":true,"href":"https:\/\/sitechecker.pro\/pt\/wp-json\/wp\/v2\/comments?post=142"}],"version-history":[{"count":99,"href":"https:\/\/sitechecker.pro\/pt\/wp-json\/wp\/v2\/pages\/142\/revisions"}],"predecessor-version":[{"id":39300,"href":"https:\/\/sitechecker.pro\/pt\/wp-json\/wp\/v2\/pages\/142\/revisions\/39300"}],"wp:featuredmedia":[{"embeddable":true,"href":"https:\/\/sitechecker.pro\/pt\/wp-json\/wp\/v2\/media\/3439"}],"wp:attachment":[{"href":"https:\/\/sitechecker.pro\/pt\/wp-json\/wp\/v2\/media?parent=142"}],"wp:term":[{"taxonomy":"category","embeddable":true,"href":"https:\/\/sitechecker.pro\/pt\/wp-json\/wp\/v2\/categories?post=142"},{"taxonomy":"post_tag","embeddable":true,"href":"https:\/\/sitechecker.pro\/pt\/wp-json\/wp\/v2\/tags?post=142"}],"curies":[{"name":"wp","href":"https:\/\/api.w.org\/{rel}","templated":true}]}}