{"id":1407,"date":"2018-02-05T12:02:10","date_gmt":"2018-02-05T12:02:10","guid":{"rendered":"https:\/\/sitechecker.pro\/?page_id=1407"},"modified":"2025-08-07T12:21:51","modified_gmt":"2025-08-07T12:21:51","slug":"xml-sitemap","status":"publish","type":"page","link":"https:\/\/sitechecker.pro\/pt\/xml-sitemap\/","title":{"rendered":"Verificador de mapa do site: teste se o seu mapa do site XML foi encontrado \u1408"},"content":{"rendered":"<p><\/p>\n<h2 id=\"par1\">O que \u00e9 um verificador de mapa do site?<\/h2>\n<p>O XML Sitemap Finder \u00e9 uma ferramenta para verificar se um site tem um mapa XML.<\/p>\n<p>Pode utilizar o Google Sitemap Checker para verificar se o seu Web site tem um <a href=\"https:\/\/sitechecker.pro\/what-is-sitemap\/\" target=\"_blank\" rel=\"noopener noreferrer\">Mapa do Web site XML<\/a> e para identificar quaisquer erros. Se a ferramenta encontrar algum erro, dir-lhe-\u00e1 como corrigi-lo.<\/p>\n<h3>O XML Sitemap Checker pode ajud\u00e1-lo em v\u00e1rias \u00e1reas importantes:<\/h3>\n<ul>\n<li>Verifica a presen\u00e7a de um ficheiro XML no seu site.<\/li>\n<li>Ele detecta quaisquer problemas dentro do arquivo xml do mapa do seu site.<\/li>\n<li>Aumenta a efici\u00eancia com que os motores de busca indexam o seu site.<\/li>\n<\/ul>\n<h3>Principais Caracter\u00edsticas do Sitemap Tester<\/h3>\n<p><strong>Dashboard unificado. <\/strong>Um painel unificado fornece uma vis\u00e3o \u00fanica dos dados t\u00e9cnicos de SEO, facilitando o rastreamento e o gerenciamento de seu desempenho.<\/p>\n<p><strong>Interface amig\u00e1vel. <\/strong>A interface amig\u00e1vel facilita o uso do Sitechecker, mesmo que voc\u00ea n\u00e3o seja um especialista t\u00e9cnico.<\/p>\n<p><strong>Conjunto completo de ferramentas de SEO. <\/strong>A Sitemap Lookup Tool \u00e9 parte de um conjunto completo de ferramentas de SEO que pode ajud\u00e1-lo a melhorar a classifica\u00e7\u00e3o do seu site nas p\u00e1ginas de resultados dos motores de busca (SERPs).<\/p>\n<h2 id=\"par2\">Como usar o XML Sitemap Finder<\/h2>\n<p>Felizmente, n\u00e3o h\u00e1 necessidade de verificar manualmente o c\u00f3digo do seu site para perceber se tem o ficheiro que lista as p\u00e1ginas essenciais de um site. Com a ajuda do Sitemap Detetor, \u00e9 poss\u00edvel consultar qualquer site para obter essas informa\u00e7\u00f5es.<\/p>\n<h3>Passo 1: Insira o seu nome de dom\u00ednio<\/h3>\n<p>O primeiro passo \u00e9 introduzir o URL do seu s\u00edtio Web:<\/p>\n<div class=\"content__img-wrap\"><img src=\"https:\/\/sitechecker.pro\/wp-content\/uploads\/2023\/11\/xml-sitemap-checker.png\" alt=\"XML Sitemap Checker\" class=\"description-img description-img-zoom\" loading=\"lazy\" ><\/div>\n<div class=\"important-block\">Para receber resultados e aceder \u00e0s funcionalidades do Sitechecker&apos;s durante 14 dias, inicie a sua avalia\u00e7\u00e3o GRATUITA. O registo \u00e9 f\u00e1cil com a sua conta de e-mail, Google ou Facebook. N\u00e3o \u00e9 necess\u00e1rio cart\u00e3o de cr\u00e9dito.<\/div>\n<h3>Passo 2: Interpretando os resultados do Sitemap Tester<\/h3>\n<p>A an\u00e1lise efectuada gera uma auditoria do site para o dom\u00ednio introduzido. Na categoria &#8220;XML sitemaps&#8221;, pode encontrar problemas que podem levar ao rastreio de URLs n\u00e3o-200 ou p\u00e1ginas em falta com tr\u00e1fego de pesquisa em mapas XML. Clique em qualquer problema para ver as p\u00e1ginas afectadas, os guias de corre\u00e7\u00e3o e os avisos no c\u00f3digo.<\/p>\n<div class=\"content__img-wrap\"><img src=\"https:\/\/sitechecker.pro\/wp-content\/uploads\/2023\/11\/sitemap-checker-results.png\" alt=\"Sitemap Checker Results\" class=\"description-img description-img-zoom\" loading=\"lazy\" ><\/div>\n<p>O testador de mapas do site permite-lhe identificar erros de mapas do site e obter instru\u00e7\u00f5es sobre como resolv\u00ea-los para reduzir o efeito dos erros de mapas do site na sua indexa\u00e7\u00e3o:<\/p>\n<ul>\n<li>Non 2xx status code URL in sitemap (<a href=\"https:\/\/sitechecker.pro\/what-are-3xx-status-codes\/\" target=\"_blank\" rel=\"noopener noreferrer\">3xx redirects<\/a>, <a href=\"https:\/\/sitechecker.pro\/site-audit-issues\/page-sitemap-timed\/\" target=\"_blank\" rel=\"noopener noreferrer\">5xx server errors<\/a>, <a href=\"https:\/\/sitechecker.pro\/what-are-4xx-status-codes\/\" target=\"_blank\" rel=\"noopener noreferrer\">4xx errors<\/a>)<\/li>\n<li><a href=\"https:\/\/sitechecker.pro\/site-audit-issues\/noindex-page-sitemap\/\" target=\"_blank\" rel=\"noopener noreferrer\">Noindex URL<\/a> e Disallowed URL<\/li>\n<li><a href=\"https:\/\/sitechecker.pro\/site-audit-issues\/robots-without-link-xml-sitemap\/\" target=\"_blank\" rel=\"noopener noreferrer\">Arquivo Robots.txt sem link para sitemap XML<\/a>, URL em m\u00faltiplos XML, <a href=\"https:\/\/sitechecker.pro\/site-audit-issues\/sitemap-xml-files-large\/\" target=\"_blank\" rel=\"noopener noreferrer\">Arquivo Sitemap.xml muito grande<\/a>, etc.<\/li>\n<\/ul>\n<div class=\"content__img-wrap\"><img src=\"https:\/\/sitechecker.pro\/wp-content\/uploads\/2023\/11\/sitemap-checker-view-issue.png\" alt=\"Sitemap Checker View Issue\" class=\"description-img description-img-zoom\" loading=\"lazy\" ><\/div>\n<p>Al\u00e9m disso, oferecemos funcionalidades espec\u00edficas no caso de n\u00e3o ter a certeza de que todas as p\u00e1ginas est\u00e3o inclu\u00eddas no seu mapa do site, ou se pretender simplesmente utilizar a nossa ferramenta como um validador de mapas do site XML. Utilize os separadores &#8220;Exportar&#8221; e &#8220;Gerar mapa do site&#8221; para selecionar os tipos de URLs por c\u00f3digo de estado que devem ser inclu\u00eddos no seu mapa.<\/p>\n<div class=\"content__img-wrap\"><img src=\"https:\/\/sitechecker.pro\/wp-content\/uploads\/2023\/11\/generate-sitemap.png\" alt=\"Generate Sitemap\" class=\"description-img description-img-zoom\" loading=\"lazy\" ><\/div>\n<h3>Caracter\u00edsticas adicionais do verificador de mapas do site XML<\/h3>\n<p>Ap\u00f3s o rastreamento do site, voc\u00ea tamb\u00e9m receber\u00e1 um relat\u00f3rio abrangente de auditoria do site, destacando quaisquer problemas potenciais e fornecendo instru\u00e7\u00f5es sobre como corrigi-los. O relat\u00f3rio \u00e9 classificado por tipo ou categoria de problema, permitindo-lhe abordar eficientemente os problemas mais cruciais para o sucesso do seu site.<\/p>\n<div class=\"content__img-wrap\"><img src=\"https:\/\/sitechecker.pro\/wp-content\/uploads\/2023\/11\/sitemap-checker-issues-list.png\" alt=\"Lista de problemas do verificador de mapa do site\" class=\"description-img description-img-zoom\" loading=\"lazy\" ><\/div>\n<p>Ao clicar no bot\u00e3o &#8220;Ver todas as p\u00e1ginas&#8221;, pode identificar problemas em p\u00e1ginas individuais. Ordene os problemas por prioridades ou categorias ou adicione manualmente os dados \u00e0s p\u00e1ginas que lhe interessam.<\/p>\n<div class=\"content__img-wrap\"><img src=\"https:\/\/sitechecker.pro\/wp-content\/uploads\/2023\/11\/sitemap-checker-all-html-pages.png\" alt=\"Verificador do mapa do site Todas as p\u00e1ginas HTML\" class=\"description-img description-img-zoom\" loading=\"lazy\" ><\/div>\n<h2 id=\"par3\">Ideia final<\/h2>\n<p>O Website Sitemap Checker \u00e9 uma ferramenta concebida para garantir que um site tem um ficheiro XML, identificar quaisquer erros presentes e ajudar a melhorar a efici\u00eancia de indexa\u00e7\u00e3o do motor de pesquisa do site. Oferece uma interface de f\u00e1cil utiliza\u00e7\u00e3o num painel de controlo unificado para uma gest\u00e3o SEO f\u00e1cil, como parte de um conjunto completo de ferramentas SEO. A ferramenta simplifica o processo de verifica\u00e7\u00e3o de um mapa do s\u00edtio, introduzindo um nome de dom\u00ednio e analisando os resultados, que incluem um relat\u00f3rio de auditoria abrangente com instru\u00e7\u00f5es detalhadas sobre a corre\u00e7\u00e3o dos problemas identificados. Isto ajuda a manter um site bem estruturado e optimizado para SEO.<\/p>\n<div id=\"par4\"><\/div>\n<p><div class=\"front__faq-block\"><div class=\"faq__block-title\">FAQ<\/div><div class=\"panel-group\" id=\"faq-accordion\" itemscope itemtype=\"https:\/\/schema.org\/FAQPage\" role=\"tablist\" aria-multiselectable=\"true\"><div class=\"panel\" itemscope itemtype=\"https:\/\/schema.org\/Question\" itemprop=\"mainEntity\">\n                            <div class=\"panel-heading\" id=\"headingFaq-1\">\n                                <div class=\"panel-title\" data-toggle=\"collapse\" aria-expanded=\"false\" href=\"#collapseFaq-1\">\n                                    <h3 itemprop=\"name\">Como verificar o mapa do site em XML?<\/h3>\n                                <\/div>\n                            <\/div>\n                            <div id=\"collapseFaq-1\" class=\"panel-collapse collapse\" itemprop=\"acceptedAnswer\" itemscope itemtype=\"http:\/\/schema.org\/Answer\">\n                                <div class=\"panel-body\" itemprop=\"text\">Utilize uma ferramenta gratuita de verifica\u00e7\u00e3o do mapa do site online ou aceda a <strong>yourdomain.com\/sitemap.xml<\/strong> no seu browser.<\/div>\n                            <\/div>\n                        <\/div><div class=\"panel\" itemscope itemtype=\"https:\/\/schema.org\/Question\" itemprop=\"mainEntity\">\n                            <div class=\"panel-heading\" id=\"headingFaq-2\">\n                                <div class=\"panel-title\" data-toggle=\"collapse\" aria-expanded=\"false\" href=\"#collapseFaq-2\">\n                                    <h3 itemprop=\"name\">Como verifico os erros do mapa do site?<\/h3>\n                                <\/div>\n                            <\/div>\n                            <div id=\"collapseFaq-2\" class=\"panel-collapse collapse\" itemprop=\"acceptedAnswer\" itemscope itemtype=\"http:\/\/schema.org\/Answer\">\n                                <div class=\"panel-body\" itemprop=\"text\">Utilize ferramentas para webmasters, como o Sitechecker Sitemap detetor ou o Google Search Console, para identificar e resolver erros no \u00edndice ou na \u00e1rvore do site.<\/div>\n                            <\/div>\n                        <\/div><div class=\"panel\" itemscope itemtype=\"https:\/\/schema.org\/Question\" itemprop=\"mainEntity\">\n                            <div class=\"panel-heading\" id=\"headingFaq-3\">\n                                <div class=\"panel-title\" data-toggle=\"collapse\" aria-expanded=\"false\" href=\"#collapseFaq-3\">\n                                    <h3 itemprop=\"name\">Existe um limite para o n\u00famero de URLs que posso incluir no meu ficheiro XML?<\/h3>\n                                <\/div>\n                            <\/div>\n                            <div id=\"collapseFaq-3\" class=\"panel-collapse collapse\" itemprop=\"acceptedAnswer\" itemscope itemtype=\"http:\/\/schema.org\/Answer\">\n                                <div class=\"panel-body\" itemprop=\"text\">Sim, um \u00fanico ficheiro XML pode conter liga\u00e7\u00f5es para um m\u00e1ximo de 50.000 URLs. Se o seu s\u00edtio for maior, ter\u00e1 de criar v\u00e1rios ficheiros de mapa do s\u00edtio e lig\u00e1-los entre si.<\/div>\n                            <\/div>\n                        <\/div><\/div><\/div><\/p>","protected":false},"excerpt":{"rendered":"O que \u00e9 um verificador de mapa do site? O XML Sitemap Finder \u00e9 uma ferramenta para verificar se um site tem um mapa XML. Pode utilizar o Google Sitemap Checker para verificar se o seu Web site tem um Mapa do Web site XML e para identificar quaisquer erros. Se a ferramenta encontrar algum&#8230;","protected":false},"author":10409641,"featured_media":3440,"parent":0,"menu_order":0,"comment_status":"closed","ping_status":"closed","template":"pages-templates\/pages-minitools.php","meta":[],"categories":[73],"tags":[],"_links":{"self":[{"href":"https:\/\/sitechecker.pro\/pt\/wp-json\/wp\/v2\/pages\/1407"}],"collection":[{"href":"https:\/\/sitechecker.pro\/pt\/wp-json\/wp\/v2\/pages"}],"about":[{"href":"https:\/\/sitechecker.pro\/pt\/wp-json\/wp\/v2\/types\/page"}],"author":[{"embeddable":true,"href":"https:\/\/sitechecker.pro\/pt\/wp-json\/wp\/v2\/users\/10409641"}],"replies":[{"embeddable":true,"href":"https:\/\/sitechecker.pro\/pt\/wp-json\/wp\/v2\/comments?post=1407"}],"version-history":[{"count":79,"href":"https:\/\/sitechecker.pro\/pt\/wp-json\/wp\/v2\/pages\/1407\/revisions"}],"predecessor-version":[{"id":38179,"href":"https:\/\/sitechecker.pro\/pt\/wp-json\/wp\/v2\/pages\/1407\/revisions\/38179"}],"wp:featuredmedia":[{"embeddable":true,"href":"https:\/\/sitechecker.pro\/pt\/wp-json\/wp\/v2\/media\/3440"}],"wp:attachment":[{"href":"https:\/\/sitechecker.pro\/pt\/wp-json\/wp\/v2\/media?parent=1407"}],"wp:term":[{"taxonomy":"category","embeddable":true,"href":"https:\/\/sitechecker.pro\/pt\/wp-json\/wp\/v2\/categories?post=1407"},{"taxonomy":"post_tag","embeddable":true,"href":"https:\/\/sitechecker.pro\/pt\/wp-json\/wp\/v2\/tags?post=1407"}],"curies":[{"name":"wp","href":"https:\/\/api.w.org\/{rel}","templated":true}]}}