{"id":1396,"date":"2018-02-05T10:24:46","date_gmt":"2018-02-05T10:24:46","guid":{"rendered":"https:\/\/sitechecker.pro\/?page_id=1396"},"modified":"2024-10-09T15:52:54","modified_gmt":"2024-10-09T15:52:54","slug":"search-engines","status":"publish","type":"page","link":"https:\/\/sitechecker.pro\/pt\/search-engines\/","title":{"rendered":"Melhores Mecanismos de Busca Alternativos: Progrida no seu Processo de Pesquisa"},"content":{"rendered":"<p>As \u00faltimas melhorias reca\u00edram no chamado peso, o sistema se torna mais orientado por palavras-chave. Ele encontra o site de acordo com a solicita\u00e7\u00e3o, embora o sites com menor quantidade e maior preenchimento informativo sejam frequentemente deixados no final da lista. Parte do melhor conte\u00fado \u00e9 exclu\u00eddo da p\u00e1gina de <a href=\"https:\/\/sitechecker.pro\/pt\/serp\/\">resultados do mecanismo de pesquisa<\/a>. \u00c9 triste, deprimente e at\u00e9 mesmo irritante que o Google tenha o monop\u00f3lio sobre os mecanismos de busca, enquanto muitos deles s\u00e3o, em alguns aspectos, melhores e mais eficazes.<\/p>\n<p>Agora, mais e mais pessoas que se cansaram do sistema de pesquisa do Google sentem a necessidade de obter algo novo e que n\u00e3o registre todas as etapas ou sobrecarregue o usu\u00e1rio com toneladas de an\u00fancios in\u00fateis. No entanto, uma pessoa precisa entender o que \u00e9 um mecanismo de busca em sua ess\u00eancia. Este \u00e9 um algoritmo de busca na web para obter resultados correspondentes. O princ\u00edpio \u00e9 bastante simples e facilmente ajust\u00e1vel. Existem in\u00fameras op\u00e7\u00f5es que podem ser usadas em vez do Google, e cada uma delas pode se gabar de ter benef\u00edcios especiais e campos peculiares de uso.<\/p>\n<p>No momento, o usu\u00e1rio precisa rejeitar qualquer estere\u00f3tipo ou preconceito de o Google \u00e9 a melhor variante quando a pessoa precisa encontrar algo nesse campo desconhecido que a internet. \u00c9 preciso abrir os olhos para o novo, e essa lista de mecanismos de pesquisas alternativas abrir\u00e1 novas oportunidades para encontrar as informa\u00e7\u00f5es que voc\u00ea busca.<\/p>\n<p>&nbsp;<\/p>\n<h2><a href=\"https:\/\/www.bing.com\/\">Bing<\/a><\/h2>\n<p>&nbsp;<\/p>\n<p>Entre as grandes varia\u00e7\u00f5es de ideias alternativas ao Google e o mais pr\u00f3ximo atingir essa popularidade, com 16% de usu\u00e1rios fi\u00e9is est\u00e1 o Bing. Esse \u00e9 \u00fanico mecanismo de pesquisa da Microsoft projetado especificamente para sistemas Windows e que pode ser usado por todos os outros atrav\u00e9s de seus dom\u00ednios p\u00fablicos. O que \u00e9 t\u00e3o bom sobre isso?<\/p>\n<p>Ele tem alguns recursos de pesquisa de v\u00eddeos muito bons que s\u00e3o ainda melhores que os do Google. Existem mais op\u00e7\u00f5es de preenchimento autom\u00e1tico, para os usu\u00e1rios digitarem as solicita\u00e7\u00f5es. Tra\u00e7a mas interconex\u00f5es entre sites distantes. \u00a0Portanto encontrar resultados semelhantes n\u00e3o ser\u00e1 um problema. Al\u00e9m disso, o Bing fornece ao sistema de pesquisa no Yahoo c\u00e1lculos de servidores.<\/p>\n<p>&nbsp;<\/p>\n<h2><a href=\"https:\/\/yandex.com\/\">Yandex<\/a><\/h2>\n<p>&nbsp;<\/p>\n<p>Usu\u00e1rios geralmente chamam de equivalente Russo do Google, pois a interface \u00e9 bem semelhante, inclusive os servi\u00e7os adicionais. Esse servi\u00e7o \u00e9 conhecido por uma algoritmo l\u00f3gico bem projetado que distribui resultados com fun\u00e7\u00f5es adicionais.<\/p>\n<p>&nbsp;<\/p>\n<h2><a href=\"https:\/\/duckduckgo.com\/\">DuckDuckGo<\/a><\/h2>\n<p>&nbsp;<\/p>\n<p>Aqui est\u00e1 outra variante de pesquisa popular pr\u00e9-instalada em alguns navegadores famosos como o Firefox. Essa \u00e9 uma op\u00e7\u00e3o muito \u00fatil para aqueles que n\u00e3o desejam que seus dados sejam rastreados. Geralmente \u00e9 comparado ao Google e \u00e9 semelhante ao Big Brother pois est\u00e1 constantemente observado cada etapa e entrada de dados.<\/p>\n<p>&nbsp;<\/p>\n<h2><a href=\"http:\/\/boardreader.com\">Boardreader<\/a><\/h2>\n<p>&nbsp;<\/p>\n<p>As pessoas que est\u00e3o interessadas em sistemas de pesquisa incomuns v\u00e3o gostar deste. Ele \u00e9 projetado como um quadro de mensagens simples e navega com resultados exclusivos atrav\u00e9s de f\u00f3runs em todo mundo onde as pessoas reais compartilham suas experi\u00eancias em rela\u00e7\u00e3o ao t\u00f3pico especificado.<\/p>\n<p>&nbsp;<\/p>\n<h2><a href=\"http:\/\/www.dogpile.com\/\">Dogiple<\/a><\/h2>\n<p>&nbsp;<\/p>\n<p>O Dogiple \u00e9 um verdadeiro agrupador de dados, que analisa os resultados de pesquisa dos tr\u00eas sistemas de pesquisa mais populares: Google, Yandex e Yahoo, e seleciona os melhores resultados de cada um. A simplicidade da interface permite concentrar-se na pesquisa, enquanto todos as propagandas s\u00e3o eliminadas por esse servi\u00e7o que \u00e9 simples e bastante poderoso.<\/p>\n<p>&nbsp;<\/p>\n<h2><a href=\"https:\/\/search.creativecommons.org\/\">Creative Commons Search<\/a><\/h2>\n<p>&nbsp;<\/p>\n<p>Creative Commons Search ou CC Search \u00e9 um incr\u00edvel motor de busca an\u00f4nimo para quando se quer adquirir o material exclusivo sem direitos autorais e que possa ser armazenado para uso pessoal. Quem faz a busca pode selecionar o material por tipo de assunto e categoriz\u00e1-lo da maneira mais confort\u00e1vel. Se algu\u00e9m est\u00e1 planejando criar uma p\u00e1gina pessoal, esse \u00e9 um excelente lugar para reunir material de designer.<\/p>\n<p>&nbsp;<\/p>\n<h2><a href=\"https:\/\/giphy.com\/\">Giphy<\/a><\/h2>\n<p>&nbsp;<\/p>\n<p>Para as pessoas que s\u00e3o apaixonadas por Gifs, este \u00e9 um motor de busca perfeito. Foi especificamente projetado para procurar por miniaturas de v\u00eddeos. O sistema pode nos oferecer uma sensa\u00e7\u00e3o muito agrad\u00e1vel ao ver gatinhos engra\u00e7ados ou situa\u00e7\u00f5es hilariantes em um loop infinito. Esse mecanismo de pesquisa sem censura ir\u00e1 adicionar alguns momentos muito bons \u00e0 vida do usu\u00e1rio.<\/p>\n<p>&nbsp;<\/p>\n<h2><a href=\"https:\/\/www.quora.com\/\">Quora<\/a><\/h2>\n<p>&nbsp;<\/p>\n<p>O Quora \u00e9 mais com um portal de informa\u00e7\u00f5es do que um mecanismo de pesquisa. Aqui podemos nos comunicar com pessoas sobre v\u00e1rios t\u00f3picos e obter respostas de pessoas de todo mundo sobre algumas quest\u00f5es importantes. Al\u00e9m disso, existe uma categoria especial de perguntas tem\u00e1ticas que foram feitas, e pode se encontrar algo semelhante nas p\u00e1ginas compartilhadas.<\/p>\n<p>&nbsp;<\/p>\n<h2><a href=\"https:\/\/vimeo.com\/\">Vimeo<\/a><\/h2>\n<p>&nbsp;<\/p>\n<p>O YouTube \u00e9 o departamento do Google que est\u00e1 repleto de an\u00fancios. O Vimeo \u00e9 uma alternativa popular que \u00e9 extremamente confort\u00e1vel para o uso e \u00e9 baseada em um sistema simples de compartilhamento de v\u00eddeo. A melhor coisa de todas \u00e9 total aus\u00eancia de an\u00fancios e a enorme sele\u00e7\u00e3o de V\u00eddeos em HD.<\/p>\n<p>&nbsp;<\/p>\n<h2><a href=\"https:\/\/www.wolframalpha.com\/\">WolframAlpha<\/a><\/h2>\n<p>&nbsp;<\/p>\n<p>Pessoas que s\u00e3o apaixonadas por sistemas de computador v\u00e3o se sentir em casa ao conhecer esse mecanismo de busca. \u00c9 um servi\u00e7o especial que funciona como um banco de dados de computadores gigantes e que apresentam uma solu\u00e7\u00e3o para qualquer quest\u00e3o relacionada ao mundo digital.<\/p>\n<p>&nbsp;<\/p>\n<h2><a href=\"https:\/\/www.startpage.com\/\">StartPage<\/a><\/h2>\n<p>&nbsp;<\/p>\n<p>As pessoas que s\u00e3o loucas por sua privacidade e que n\u00e3o gostam da pol\u00edtica transfer\u00eancia de dados Google para uso comercial, ir\u00e3o gostar desse servi\u00e7o an\u00f4nimo que n\u00e3o apenas permite realizar uma pesquisa totalmente segura, mas tamb\u00e9m ocultam os dados da m\u00e1quina com endere\u00e7os IP e Mac. Ele permite a inser\u00e7\u00e3o de qualquer tipo de site por meio de um servidor proxy especial e n\u00e3o deixa nenhum remanescente da presen\u00e7a do usu\u00e1rio no site.<\/p>\n<p>&nbsp;<\/p>\n<h2><a href=\"https:\/\/www.ask.com\/\">Ask.com<\/a><\/h2>\n<p>&nbsp;<\/p>\n<p>Aqui est\u00e1 outro mecanismo de busca universal. Esse servi\u00e7o une todos os sistemas de pesquisas populares e os gera em uma p\u00e1gina de t\u00f3pico especial, na qual os usu\u00e1rios podem marcar os resultados da pesquisa mais interessantes. Al\u00e9m disso, voc\u00ea poder\u00e1 pedir ajuda a outras pessoas.<\/p>\n<p>&nbsp;<\/p>\n<h2><a href=\"https:\/\/www.slideshare.net\/\">SlideShare<\/a><\/h2>\n<p>&nbsp;<\/p>\n<p>Precisa de alguma apresenta\u00e7\u00e3o o material para cria\u00e7\u00e3o de uma? O SlideShare ser\u00e1 uma fonte para encontrar algum material \u00fatil. Ele tem uma base limitada de apresenta\u00e7\u00f5es de slides que est\u00e3o dispon\u00edveis para todos os usu\u00e1rios registrados e s\u00e3o atualizadas regularmente.<\/p>\n<p>&nbsp;<\/p>\n<p>Esperamos que, depois de ler essa lista de mecanismos de busca, as pessoas descubram alguns meios novos de encontrar as informa\u00e7\u00f5es necess\u00e1rias, incluindo op\u00e7\u00f5es de v\u00eddeo, \u00e1udios e texto. H\u00e1 sempre algo novo para aprender e novas op\u00e7\u00f5es aparecem, e essa \u00e9 uma \u00f3tima ideia de test\u00e1-las. Talvez haja algumas boas varia\u00e7\u00f5es desses mecanismos para pesquisas no futuro.<\/p>","protected":false},"excerpt":{"rendered":"As \u00faltimas melhorias reca\u00edram no chamado peso, o sistema se torna mais orientado por palavras-chave. Ele encontra o site de acordo com a solicita\u00e7\u00e3o, embora o sites com menor quantidade e maior preenchimento informativo sejam frequentemente deixados no final da lista. Parte do melhor conte\u00fado \u00e9 exclu\u00eddo da p\u00e1gina de resultados do mecanismo de pesquisa&#8230;.","protected":false},"author":11474150,"featured_media":3438,"parent":0,"menu_order":0,"comment_status":"closed","ping_status":"closed","template":"pages-templates\/pages-v2.php","meta":[],"categories":[31],"tags":[],"_links":{"self":[{"href":"https:\/\/sitechecker.pro\/pt\/wp-json\/wp\/v2\/pages\/1396"}],"collection":[{"href":"https:\/\/sitechecker.pro\/pt\/wp-json\/wp\/v2\/pages"}],"about":[{"href":"https:\/\/sitechecker.pro\/pt\/wp-json\/wp\/v2\/types\/page"}],"author":[{"embeddable":true,"href":"https:\/\/sitechecker.pro\/pt\/wp-json\/wp\/v2\/users\/11474150"}],"replies":[{"embeddable":true,"href":"https:\/\/sitechecker.pro\/pt\/wp-json\/wp\/v2\/comments?post=1396"}],"version-history":[{"count":66,"href":"https:\/\/sitechecker.pro\/pt\/wp-json\/wp\/v2\/pages\/1396\/revisions"}],"predecessor-version":[{"id":33792,"href":"https:\/\/sitechecker.pro\/pt\/wp-json\/wp\/v2\/pages\/1396\/revisions\/33792"}],"wp:featuredmedia":[{"embeddable":true,"href":"https:\/\/sitechecker.pro\/pt\/wp-json\/wp\/v2\/media\/3438"}],"wp:attachment":[{"href":"https:\/\/sitechecker.pro\/pt\/wp-json\/wp\/v2\/media?parent=1396"}],"wp:term":[{"taxonomy":"category","embeddable":true,"href":"https:\/\/sitechecker.pro\/pt\/wp-json\/wp\/v2\/categories?post=1396"},{"taxonomy":"post_tag","embeddable":true,"href":"https:\/\/sitechecker.pro\/pt\/wp-json\/wp\/v2\/tags?post=1396"}],"curies":[{"name":"wp","href":"https:\/\/api.w.org\/{rel}","templated":true}]}}