{"id":13793,"date":"2021-07-21T14:09:48","date_gmt":"2021-07-21T12:09:48","guid":{"rendered":"https:\/\/sitechecker.pro\/?page_id=13793"},"modified":"2022-11-24T11:13:47","modified_gmt":"2022-11-24T11:13:47","slug":"careers","status":"publish","type":"page","link":"https:\/\/sitechecker.pro\/pt\/careers\/","title":{"rendered":"Sitechecker Jobs: Join the Team"},"content":{"rendered":"<p class=\"qtranxs-available-languages-message qtranxs-available-languages-message-pt\">Desculpe, este conte\u00fado s\u00f3 est\u00e1 dispon\u00edvel em <a href=\"https:\/\/sitechecker.pro\/en\/wp-json\/wp\/v2\/pages\/13793\" class=\"qtranxs-available-language-link qtranxs-available-language-link-en\" title=\"English\">English<\/a> e <a href=\"https:\/\/sitechecker.pro\/ru\/wp-json\/wp\/v2\/pages\/13793\" class=\"qtranxs-available-language-link qtranxs-available-language-link-ru\" title=\"\u0420\u0443\u0441\u0441\u043a\u0438\u0439\">\u0420\u0443\u0441\u0441\u043a\u0438\u0439<\/a>.<\/p>","protected":false},"excerpt":{"rendered":"Desculpe, este conte\u00fado s\u00f3 est\u00e1 dispon\u00edvel em English e \u0420\u0443\u0441\u0441\u043a\u0438\u0439.","protected":false},"author":10504980,"featured_media":0,"parent":0,"menu_order":0,"comment_status":"closed","ping_status":"closed","template":"pages-templates\/careers-page-tmp.php","meta":[],"categories":[],"tags":[],"_links":{"self":[{"href":"https:\/\/sitechecker.pro\/pt\/wp-json\/wp\/v2\/pages\/13793"}],"collection":[{"href":"https:\/\/sitechecker.pro\/pt\/wp-json\/wp\/v2\/pages"}],"about":[{"href":"https:\/\/sitechecker.pro\/pt\/wp-json\/wp\/v2\/types\/page"}],"author":[{"embeddable":true,"href":"https:\/\/sitechecker.pro\/pt\/wp-json\/wp\/v2\/users\/10504980"}],"replies":[{"embeddable":true,"href":"https:\/\/sitechecker.pro\/pt\/wp-json\/wp\/v2\/comments?post=13793"}],"version-history":[{"count":4,"href":"https:\/\/sitechecker.pro\/pt\/wp-json\/wp\/v2\/pages\/13793\/revisions"}],"predecessor-version":[{"id":13809,"href":"https:\/\/sitechecker.pro\/pt\/wp-json\/wp\/v2\/pages\/13793\/revisions\/13809"}],"wp:attachment":[{"href":"https:\/\/sitechecker.pro\/pt\/wp-json\/wp\/v2\/media?parent=13793"}],"wp:term":[{"taxonomy":"category","embeddable":true,"href":"https:\/\/sitechecker.pro\/pt\/wp-json\/wp\/v2\/categories?post=13793"},{"taxonomy":"post_tag","embeddable":true,"href":"https:\/\/sitechecker.pro\/pt\/wp-json\/wp\/v2\/tags?post=13793"}],"curies":[{"name":"wp","href":"https:\/\/api.w.org\/{rel}","templated":true}]}}