{"id":1291,"date":"2018-01-23T10:43:33","date_gmt":"2018-01-23T10:43:33","guid":{"rendered":"https:\/\/sitechecker.pro\/?page_id=1291"},"modified":"2025-02-24T13:05:38","modified_gmt":"2025-02-24T13:05:38","slug":"open-graph","status":"publish","type":"page","link":"https:\/\/sitechecker.pro\/pt\/open-graph\/","title":{"rendered":"Verificador do Open Graph \u2611 Validar e Prever Etiquetas OG"},"content":{"rendered":"<p><\/p>\n<h2 id=\"par1\">O que \u00e9 o Open Graph Validator?<\/h2>\n<p>O Open Graph Checker do <a href=\"https:\/\/sitechecker.pro\/\" target=\"_blank\" rel=\"noopener noreferrer\">Sitechecker<\/a> analisa as etiquetas de gr\u00e1ficos abertos para garantir a gera\u00e7\u00e3o adequada de snippets de redes sociais. Oferece uma verifica\u00e7\u00e3o de p\u00e1gina \u00fanica para verifica\u00e7\u00e3o instant\u00e2nea de tags e uma auditoria em todo o site para detetar tags em falta e problemas de snippet, al\u00e9m de fornecer uma monitoriza\u00e7\u00e3o cont\u00ednua.<\/p>\n<h3>Como \u00e9 que a ferramenta o pode ajudar<\/h3>\n<p><strong>Verificar implementa\u00e7\u00e3o de gr\u00e1fico aberto:<\/strong> garante que as etiquetas OG est\u00e3o configuradas corretamente para uma partilha ideal nas redes sociais.<\/p>\n<p><strong>Detetar etiquetas em falta ou incorretas:<\/strong>identificar etiquetas Open Graph em falta, incompletas ou configuradas incorretamente que afetam as visualiza\u00e7\u00f5es de liga\u00e7\u00f5es.<\/p>\n<p><strong>Analisar o desempenho dos snippets das redes sociais:<\/strong> testa como as p\u00e1ginas web aparecem nas plataformas de redes sociais e destaca os problemas que podem afetar o envolvimento.<\/p>\n<h3>Principais caracter\u00edsticas da ferramenta<\/h3>\n<p><strong>Painel unificado:<\/strong> fornece uma vis\u00e3o centralizada do desempenho do website, m\u00e9tricas de SEO e rastreio de problemas num \u00fanico local.<\/p>\n<p><strong>Interface de f\u00e1cil utiliza\u00e7\u00e3o:<\/strong> concebida para facilitar a utiliza\u00e7\u00e3o com navega\u00e7\u00e3o intuitiva, relat\u00f3rios claros e insights acion\u00e1veis.<\/p>\n<p><strong>Conjunto completo de ferramentas de SEO:<\/strong> oferece um conjunto completo de ferramentas de SEO, incluindo auditorias de websites, rastreio de classifica\u00e7\u00e3o e monitoriza\u00e7\u00e3o de websites.<\/p>\n<h2 id=\"par2\">Como utilizar o Open Graph Tester<\/h2>\n<p>Para utilizar a ferramenta, comece por selecionar uma op\u00e7\u00e3o de auditoria. Selecione &#8220;Testar gr\u00e1fico aberto numa p\u00e1gina&#8221; para uma verifica\u00e7\u00e3o instant\u00e2nea de um URL espec\u00edfico ou &#8220;Testar gr\u00e1fico aberto em todas as p\u00e1ginas&#8221; para digitalizar todo o seu website. Depois de selecionado, clique em &#8220;Iniciar auditoria&#8221; para analisar as etiquetas OG e detetar quaisquer problemas que afetem as visualiza\u00e7\u00f5es das redes sociais.<\/p>\n<h2 id=\"par3\">Teste Open Graphs em todas as p\u00e1ginas<\/h2>\n<h3>Passo 1: Escolha a op\u00e7\u00e3o de auditoria &#8220;Testar gr\u00e1fico aberto em todas as p\u00e1ginas&#8221;<\/h3>\n<div class=\"content__img-wrap\"><img src=\"https:\/\/sitechecker.pro\/wp-content\/uploads\/2025\/02\/test-open-graph-all-pages.png\" alt=\"Testar Open Graph Todas as P\u00e1ginas\" class=\"description-img description-img-zoom\" loading=\"lazy\" ><\/div>\n<div class=\"important-block\">Para receber resultados e acesso \u00e0s funcionalidades do Sitechecker durante 14 dias, inicie o seu teste GRATUITO. \u00c9 f\u00e1cil registar-se com o seu e-mail, conta Google ou Facebook. N\u00e3o \u00e9 necess\u00e1rio cart\u00e3o de cr\u00e9dito.<\/div>\n<h3>Passo 2: Obtenha os resultados<\/h3>\n<p>Obtenha insights instant\u00e2neos sobre como as suas p\u00e1ginas aparecem nas redes sociais. Identifique as etiquetas Open Graph em falta ou incorretas, visualize o aspeto dos links quando partilhados e receba recomenda\u00e7\u00f5es pr\u00e1ticas para otimizar o envolvimento e as taxas de cliques.<\/p>\n<div class=\"content__img-wrap\"><img src=\"https:\/\/sitechecker.pro\/wp-content\/uploads\/2025\/02\/fix-social-media-issues.png\" alt=\"Corrigir problemas de redes sociais\" class=\"description-img description-img-zoom\" loading=\"lazy\" ><\/div>\n<h3>Caracter\u00edsticas adicionais da ferramenta<\/h3>\n<p>Descubra problemas cr\u00edticos de SEO que afetam a visibilidade do seu website e a experi\u00eancia do utilizador. Analise as \u00e1reas problem\u00e1ticas categorizadas, incluindo a presen\u00e7a nas redes sociais, indexabilidade, velocidade da p\u00e1gina, seguran\u00e7a e muito mais. Obtenha insights sobre as p\u00e1ginas afetadas, priorize corre\u00e7\u00f5es e otimize o seu website para um melhor desempenho e envolvimento.<\/p>\n<div class=\"content__img-wrap\"><img src=\"https:\/\/sitechecker.pro\/wp-content\/uploads\/2025\/02\/site-audit-issues_67bc52cd4af2b.png\" alt=\"Problemas de auditoria do site\" class=\"description-img description-img-zoom\" loading=\"lazy\" ><\/div>\n<h2 id=\"par4\">Teste o Open Graph na p\u00e1gina<\/h2>\n<h3>Passo 1: Depois de selecionar a op\u00e7\u00e3o preferida, clique em &#8220;Iniciar auditoria&#8221; para prosseguir<\/h3>\n<div class=\"content__img-wrap\"><img src=\"https:\/\/sitechecker.pro\/wp-content\/uploads\/2025\/02\/test-open-graph-one-page.png\" alt=\"Teste Open Graph Uma P\u00e1gina\" class=\"description-img description-img-zoom\" loading=\"lazy\" ><\/div>\n<h3>Passo 2: Obtenha os resultados<\/h3>\n<p>Verifique instantaneamente se a marca\u00e7\u00e3o OG est\u00e1 presente numa p\u00e1gina. Detete tags em falta, garanta a gera\u00e7\u00e3o adequada de pr\u00e9-visualiza\u00e7\u00e3o nas redes sociais e otimize a partilha de conte\u00fado para um melhor envolvimento na plataforma.<\/p>\n<div class=\"content__img-wrap\"><img src=\"https:\/\/sitechecker.pro\/wp-content\/uploads\/2025\/02\/open-graph-results.png\" alt=\"Resultados do Open Graph\" class=\"description-img description-img-zoom\" loading=\"lazy\" ><\/div>\n<p>Desbloqueie todo o potencial do Sitechecker explorando a sec\u00e7\u00e3o Auditoria do Site. Experimente a vers\u00e3o de demonstra\u00e7\u00e3o para ver como deteta e corrige problemas t\u00e9cnicos cr\u00edticos de SEO de forma eficiente.<\/p>\n<div class=\"content__img-wrap\"><img src=\"https:\/\/sitechecker.pro\/wp-content\/uploads\/2025\/02\/site-audit_67bc52ca5722d.png\" alt=\"Auditoria do Site\" class=\"description-img description-img-zoom\" loading=\"lazy\" ><\/div>\n<h3>Recursos adicionais da auditoria de p\u00e1ginas<\/h3>\n<p>Obtenha uma vis\u00e3o geral abrangente da sa\u00fade SEO da sua p\u00e1gina, incluindo avisos e problemas cr\u00edticos. Identifique problemas como robots.txt em falta, insights do PageSpeed \u200b\u200be lacunas na otimiza\u00e7\u00e3o de conte\u00fados. Navegue facilmente por dados estruturados, links e desempenho de pesquisa para melhorar a visibilidade do website e a experi\u00eancia do utilizador.<\/p>\n<div class=\"content__img-wrap\"><img src=\"https:\/\/sitechecker.pro\/wp-content\/uploads\/2025\/02\/issues-overview_67bc52c3c3117.png\" alt=\"Vis\u00e3o geral dos problemas\" class=\"description-img description-img-zoom\" loading=\"lazy\" ><\/div>\n<h2 id=\"par5\">Ideia Final<\/h2>\n<p>O Open Graph Checker \u00e9 uma ferramenta poderosa para garantir que os snippets de redes sociais do seu website est\u00e3o corretamente otimizados. Quer esteja a realizar uma verifica\u00e7\u00e3o r\u00e1pida de uma \u00fanica p\u00e1gina ou uma auditoria abrangente em todo o website, ajuda a identificar etiquetas Open Graph em falta ou incorretas, visualiza como os links aparecem quando partilhados e fornece recomenda\u00e7\u00f5es pr\u00e1ticas para melhorar o envolvimento e as taxas de cliques.<\/p>\n<div id=\"par6\"><\/div>\n<p><div class=\"front__faq-block\"><div class=\"faq__block-title\">FAQ<\/div><div class=\"panel-group\" id=\"faq-accordion\" itemscope itemtype=\"https:\/\/schema.org\/FAQPage\" role=\"tablist\" aria-multiselectable=\"true\"><div class=\"panel\" itemscope itemtype=\"https:\/\/schema.org\/Question\" itemprop=\"mainEntity\">\n                            <div class=\"panel-heading\" id=\"headingFaq-1\">\n                                <div class=\"panel-title\" data-toggle=\"collapse\" aria-expanded=\"false\" href=\"#collapseFaq-1\">\n                                    <h3 itemprop=\"name\">Posso testar as tags Open Graph para uma \u00fanica p\u00e1gina e um site inteiro?<\/h3>\n                                <\/div>\n                            <\/div>\n                            <div id=\"collapseFaq-1\" class=\"panel-collapse collapse\" itemprop=\"acceptedAnswer\" itemscope itemtype=\"http:\/\/schema.org\/Answer\">\n                                <div class=\"panel-body\" itemprop=\"text\">Sim, pode escolher entre uma verifica\u00e7\u00e3o de p\u00e1gina \u00fanica para verifica\u00e7\u00e3o instant\u00e2nea de tags do Open Graph ou uma auditoria completa do website para detetar tags em falta e problemas de snippet em todas as p\u00e1ginas.<\/div>\n                            <\/div>\n                        <\/div><div class=\"panel\" itemscope itemtype=\"https:\/\/schema.org\/Question\" itemprop=\"mainEntity\">\n                            <div class=\"panel-heading\" id=\"headingFaq-2\">\n                                <div class=\"panel-title\" data-toggle=\"collapse\" aria-expanded=\"false\" href=\"#collapseFaq-2\">\n                                    <h3 itemprop=\"name\">O Sitechecker fornece recomenda\u00e7\u00f5es para corrigir problemas do Open Graph?<\/h3>\n                                <\/div>\n                            <\/div>\n                            <div id=\"collapseFaq-2\" class=\"panel-collapse collapse\" itemprop=\"acceptedAnswer\" itemscope itemtype=\"http:\/\/schema.org\/Answer\">\n                                <div class=\"panel-body\" itemprop=\"text\">Sim, oferece insights pr\u00e1ticos e corre\u00e7\u00f5es passo a passo para otimizar a sua implementa\u00e7\u00e3o original e obter melhores visualiza\u00e7\u00f5es nas redes sociais.<\/div>\n                            <\/div>\n                        <\/div><div class=\"panel\" itemscope itemtype=\"https:\/\/schema.org\/Question\" itemprop=\"mainEntity\">\n                            <div class=\"panel-heading\" id=\"headingFaq-3\">\n                                <div class=\"panel-title\" data-toggle=\"collapse\" aria-expanded=\"false\" href=\"#collapseFaq-3\">\n                                    <h3 itemprop=\"name\">Posso acompanhar os problemas cont\u00ednuos do Open Graph com o Sitechecker?<\/h3>\n                                <\/div>\n                            <\/div>\n                            <div id=\"collapseFaq-3\" class=\"panel-collapse collapse\" itemprop=\"acceptedAnswer\" itemscope itemtype=\"http:\/\/schema.org\/Answer\">\n                                <div class=\"panel-body\" itemprop=\"text\">Sim, a ferramenta oferece monitoriza\u00e7\u00e3o cont\u00ednua e alertas para OG e outros problemas de SEO, ajudando-o a manter o desempenho ideal do website.<\/div>\n                            <\/div>\n                        <\/div><\/div><\/div><\/p>","protected":false},"excerpt":{"rendered":"O que \u00e9 o Open Graph Validator? O Open Graph Checker do Sitechecker analisa as etiquetas de gr\u00e1ficos abertos para garantir a gera\u00e7\u00e3o adequada de snippets de redes sociais. Oferece uma verifica\u00e7\u00e3o de p\u00e1gina \u00fanica para verifica\u00e7\u00e3o instant\u00e2nea de tags e uma auditoria em todo o site para detetar tags em falta e problemas de&#8230;","protected":false},"author":10409641,"featured_media":3349,"parent":0,"menu_order":0,"comment_status":"closed","ping_status":"closed","template":"pages-templates\/pages-minitools-3.php","meta":[],"categories":[70],"tags":[],"_links":{"self":[{"href":"https:\/\/sitechecker.pro\/pt\/wp-json\/wp\/v2\/pages\/1291"}],"collection":[{"href":"https:\/\/sitechecker.pro\/pt\/wp-json\/wp\/v2\/pages"}],"about":[{"href":"https:\/\/sitechecker.pro\/pt\/wp-json\/wp\/v2\/types\/page"}],"author":[{"embeddable":true,"href":"https:\/\/sitechecker.pro\/pt\/wp-json\/wp\/v2\/users\/10409641"}],"replies":[{"embeddable":true,"href":"https:\/\/sitechecker.pro\/pt\/wp-json\/wp\/v2\/comments?post=1291"}],"version-history":[{"count":65,"href":"https:\/\/sitechecker.pro\/pt\/wp-json\/wp\/v2\/pages\/1291\/revisions"}],"predecessor-version":[{"id":35675,"href":"https:\/\/sitechecker.pro\/pt\/wp-json\/wp\/v2\/pages\/1291\/revisions\/35675"}],"wp:featuredmedia":[{"embeddable":true,"href":"https:\/\/sitechecker.pro\/pt\/wp-json\/wp\/v2\/media\/3349"}],"wp:attachment":[{"href":"https:\/\/sitechecker.pro\/pt\/wp-json\/wp\/v2\/media?parent=1291"}],"wp:term":[{"taxonomy":"category","embeddable":true,"href":"https:\/\/sitechecker.pro\/pt\/wp-json\/wp\/v2\/categories?post=1291"},{"taxonomy":"post_tag","embeddable":true,"href":"https:\/\/sitechecker.pro\/pt\/wp-json\/wp\/v2\/tags?post=1291"}],"curies":[{"name":"wp","href":"https:\/\/api.w.org\/{rel}","templated":true}]}}