{"id":12897,"date":"2024-02-16T09:46:17","date_gmt":"2024-02-16T09:46:17","guid":{"rendered":"https:\/\/sitechecker.pro\/?page_id=12897"},"modified":"2024-09-05T08:45:05","modified_gmt":"2024-09-05T08:45:05","slug":"expired-domain-checker","status":"publish","type":"page","link":"https:\/\/sitechecker.pro\/pt\/expired-domain-checker\/","title":{"rendered":"Verificador de expira\u00e7\u00e3o de dom\u00ednio | Encontre a data de expira\u00e7\u00e3o do dom\u00ednio do site \u2611"},"content":{"rendered":"<p><\/p>\n<h2 id=\"par1\">O que \u00e9 o verificador de expira\u00e7\u00e3o de dom\u00ednios?<\/h2>\n<p>O Verificador de Expira\u00e7\u00e3o de Dom\u00ednios da <a href=\"https:\/\/sitechecker.pro\/\" target=\"_blank\" rel=\"noopener noreferrer\">Sitechecker<\/a> foi concebido para seguir e monitorizar o estado dos dom\u00ednios, concentrando-se especialmente nas respectivas datas de expira\u00e7\u00e3o. Esta ferramenta proactiva assegura a presen\u00e7a online cont\u00ednua de s\u00edtios Web e evita interrup\u00e7\u00f5es de servi\u00e7o causadas por expira\u00e7\u00f5es de dom\u00ednios. Al\u00e9m disso, ajuda a identificar e a resolver vulnerabilidades de seguran\u00e7a no seu s\u00edtio Web, melhorando a seguran\u00e7a geral da Web.<\/p>\n<h3>Como \u00e9 que o Website Expiry Checker o pode ajudar?<\/h3>\n<p><strong>Prevenir a expira\u00e7\u00e3o do dom\u00ednio: <\/strong>mostrar que o seu dom\u00ednio expira, garantindo que tem tempo suficiente para o renovar. Isto evita que o seu s\u00edtio Web fique offline, mantendo a sua presen\u00e7a e credibilidade online.<\/p>\n<p><strong>Identifica\u00e7\u00e3o de vulnerabilidades de seguran\u00e7a: <\/strong>identifica problemas de seguran\u00e7a associados ao seu s\u00edtio, permitindo-lhe resolv\u00ea-los prontamente e manter o seu s\u00edtio seguro.<\/p>\n<p><strong>Gest\u00e3o eficiente do dom\u00ednio: <\/strong>simplifica a monitoriza\u00e7\u00e3o, fornecendo uma plataforma centralizada para controlar as datas de expira\u00e7\u00e3o e o estado de seguran\u00e7a de todos os seus s\u00edtios.<\/p>\n<h3>Principais caracter\u00edsticas da ferramenta<\/h3>\n<p><strong>Painel de controlo unificado: <\/strong>agrega dados de v\u00e1rias m\u00e9tricas de SEO e indicadores de desempenho do s\u00edtio Web numa vis\u00e3o \u00fanica e coesa. Isto permite-lhe monitorizar facilmente a sa\u00fade de SEO do seu s\u00edtio, acompanhar o progresso ao longo do tempo e identificar rapidamente as \u00e1reas que necessitam de aten\u00e7\u00e3o.<\/p>\n<p><strong>Interface de f\u00e1cil utiliza\u00e7\u00e3o: <\/strong>Concebida para ser acess\u00edvel a utilizadores de todos os n\u00edveis de compet\u00eancias, desde principiantes a profissionais de SEO experientes. A sua interface intuitiva simplifica a navega\u00e7\u00e3o pelas funcionalidades da ferramenta, facilitando a realiza\u00e7\u00e3o de auditorias SEO abrangentes, o acompanhamento das classifica\u00e7\u00f5es e a implementa\u00e7\u00e3o de estrat\u00e9gias de otimiza\u00e7\u00e3o.<\/p>\n<p><strong>Conjunto completo de ferramentas de SEO: <\/strong>oferece um conjunto abrangente de ferramentas de SEO que cobrem todos os aspectos da otimiza\u00e7\u00e3o para motores de busca. Inclui verifica\u00e7\u00f5es da sa\u00fade do s\u00edtio Web para identificar problemas t\u00e9cnicos de SEO, an\u00e1lise de SEO na p\u00e1gina para otimizar o conte\u00fado e as meta-etiquetas, rastreio de backlinks para monitorizar e analisar os seus esfor\u00e7os de cria\u00e7\u00e3o de links, rastreio de posi\u00e7\u00f5es para manter o controlo das classifica\u00e7\u00f5es de palavras-chave em diferentes motores de busca e monitoriza\u00e7\u00e3o do s\u00edtio para o alertar para quaisquer altera\u00e7\u00f5es que possam ter impacto no seu desempenho de SEO.<\/p>\n<h2 id=\"par2\">Como utilizar a ferramenta<\/h2>\n<p>Para gerir eficazmente o estado do seu dom\u00ednio, basta criar uma conta. Introduza o endere\u00e7o do seu s\u00edtio Web para iniciar a verifica\u00e7\u00e3o. Para al\u00e9m de controlar as datas de expira\u00e7\u00e3o, a nossa ferramenta tamb\u00e9m identifica problemas relacionados com a seguran\u00e7a no seu site, permitindo a dete\u00e7\u00e3o e corre\u00e7\u00e3o atempada de quaisquer vulnerabilidades.<\/p>\n<p>[Passo 1: Introduza o endere\u00e7o URL do seu dom\u00ednio<\/h3>\n<div class=\"content__img-wrap\"><img src=\"https:\/\/sitechecker.pro\/wp-content\/uploads\/2024\/02\/domain-expiry-checker.png\" alt=\"Domain Expiry Checker\" class=\"description-img description-img-zoom\" loading=\"lazy\" ><\/div>\n<div class=\"important-block\">Para receber resultados e acesso aos recursos do Sitechecker por 14 dias, inicie seu teste GRATUITO. A inscri\u00e7\u00e3o \u00e9 f\u00e1cil com seu e-mail, conta do Google ou Facebook. N\u00e3o \u00e9 necess\u00e1rio cart\u00e3o de cr\u00e9dito.<\/div>\n<h3>Passo 2: Obter resultados<\/h3>\n<p>A ferramenta apresenta uma interface de an\u00e1lise do s\u00edtio e da seguran\u00e7a a partir de uma ferramenta de auditoria de s\u00edtios Web. A principal carater\u00edstica destacada \u00e9 um lembrete da expira\u00e7\u00e3o do dom\u00ednio para incentivar a renova\u00e7\u00e3o atempada e evitar o tempo de inatividade do s\u00edtio Web. A interface tamb\u00e9m apresenta uma an\u00e1lise de quest\u00f5es de seguran\u00e7a, identificando potenciais vulnerabilidades que podem comprometer a seguran\u00e7a do s\u00edtio Web e os dados do utilizador.<\/p>\n<div class=\"content__img-wrap\"><img src=\"https:\/\/sitechecker.pro\/wp-content\/uploads\/2024\/02\/domain-expire-date.png\" alt=\"Domain Expire Date\" class=\"description-img description-img-zoom\" loading=\"lazy\" ><\/div>\n<p>A ferramenta mostra um painel de informa\u00e7\u00f5es do dom\u00ednio, destacando os principais detalhes do s\u00edtio Web. Inclui as datas de cria\u00e7\u00e3o e expira\u00e7\u00e3o do dom\u00ednio, a sua idade e os detalhes de alojamento, como o fornecedor, o servidor e a localiza\u00e7\u00e3o do IP.<\/p>\n<div class=\"content__img-wrap\"><img src=\"https:\/\/sitechecker.pro\/wp-content\/uploads\/2024\/02\/domain-info.png\" alt=\"Domain Info\" class=\"description-img description-img-zoom\" loading=\"lazy\" ><\/div>\n<h2 id=\"par3\">Caracter\u00edsticas adicionais<\/h2>\n<p>A ferramenta fornece uma m\u00e9trica de desempenho sob a forma de uma pontua\u00e7\u00e3o do s\u00edtio Web, que d\u00e1 uma vis\u00e3o geral r\u00e1pida da sa\u00fade do s\u00edtio com base nos resultados da auditoria. Esta pontua\u00e7\u00e3o \u00e9 derivada da avalia\u00e7\u00e3o de m\u00faltiplos aspectos, incluindo o n\u00famero de p\u00e1ginas rastreadas pela ferramenta, que reflecte a extens\u00e3o do conte\u00fado do site avaliado durante a an\u00e1lise.<\/p>\n<p>Al\u00e9m disso, a ferramenta segmenta os problemas do s\u00edtio Web em v\u00e1rias categorias relacionadas com a SEO e a sa\u00fade do s\u00edtio. Oferece solu\u00e7\u00f5es para resolver quaisquer problemas identificados. Esta classifica\u00e7\u00e3o ajuda os utilizadores a identificar \u00e1reas espec\u00edficas que precisam de ser melhoradas, como a relev\u00e2ncia do conte\u00fado ou a velocidade da p\u00e1gina, para melhorar o desempenho do seu s\u00edtio Web nas classifica\u00e7\u00f5es de pesquisa e na experi\u00eancia do utilizador.<\/p>\n<div class=\"content__img-wrap\"><img src=\"https:\/\/sitechecker.pro\/wp-content\/uploads\/2024\/02\/site-audit-issues.png\" alt=\"Site Audit Issues\" class=\"description-img description-img-zoom\" loading=\"lazy\" ><\/div>\n<h2 id=\"par4\">Ideia Final<\/h2>\n<p>O Verificador de Validade de Dom\u00ednios \u00e9 uma ferramenta abrangente que garante que os s\u00edtios Web se mant\u00eam activos, alertando os propriet\u00e1rios sobre as pr\u00f3ximas expira\u00e7\u00f5es de dom\u00ednios e identificando vulnerabilidades de seguran\u00e7a. Simplifica a gest\u00e3o do s\u00edtio Web com um painel de controlo unificado que fornece uma vis\u00e3o clara da sa\u00fade do SEO e dos indicadores de desempenho. Com uma interface de f\u00e1cil utiliza\u00e7\u00e3o, a ferramenta \u00e9 adequada tanto para principiantes como para especialistas em SEO, oferecendo um conjunto completo de ferramentas de SEO para uma auditoria completa da presen\u00e7a online. Para utilizar, basta introduzir o seu endere\u00e7o Web e a ferramenta destacar\u00e1 detalhes essenciais, como informa\u00e7\u00f5es de alojamento e idade do s\u00edtio, sugerindo tamb\u00e9m resolu\u00e7\u00f5es para quaisquer problemas encontrados.<\/p>\n<div id=\"par5\"><\/div>\n<p><div class=\"front__faq-block\"><div class=\"faq__block-title\">FAQ<\/div><div class=\"panel-group\" id=\"faq-accordion\" itemscope itemtype=\"https:\/\/schema.org\/FAQPage\" role=\"tablist\" aria-multiselectable=\"true\"><div class=\"panel\" itemscope itemtype=\"https:\/\/schema.org\/Question\" itemprop=\"mainEntity\">\n                            <div class=\"panel-heading\" id=\"headingFaq-1\">\n                                <div class=\"panel-title\" data-toggle=\"collapse\" aria-expanded=\"false\" href=\"#collapseFaq-1\">\n                                    <h3 itemprop=\"name\">Como um verificador de expira\u00e7\u00e3o de dom\u00ednio melhora a seguran\u00e7a do site?<\/h3>\n                                <\/div>\n                            <\/div>\n                            <div id=\"collapseFaq-1\" class=\"panel-collapse collapse\" itemprop=\"acceptedAnswer\" itemscope itemtype=\"http:\/\/schema.org\/Answer\">\n                                <div class=\"panel-body\" itemprop=\"text\">Ao identificar vulnerabilidades de seguran\u00e7a relacionadas a um dom\u00ednio, o verificador permite que os webmasters resolvam os problemas de forma proativa, mantendo a integridade e a confiabilidade do site.<\/div>\n                            <\/div>\n                        <\/div><div class=\"panel\" itemscope itemtype=\"https:\/\/schema.org\/Question\" itemprop=\"mainEntity\">\n                            <div class=\"panel-heading\" id=\"headingFaq-2\">\n                                <div class=\"panel-title\" data-toggle=\"collapse\" aria-expanded=\"false\" href=\"#collapseFaq-2\">\n                                    <h3 itemprop=\"name\">A ferramenta Verificador de expira\u00e7\u00e3o de dom\u00ednio pode lidar com v\u00e1rios dom\u00ednios ao mesmo tempo?<\/h3>\n                                <\/div>\n                            <\/div>\n                            <div id=\"collapseFaq-2\" class=\"panel-collapse collapse\" itemprop=\"acceptedAnswer\" itemscope itemtype=\"http:\/\/schema.org\/Answer\">\n                                <div class=\"panel-body\" itemprop=\"text\">Sim, a ferramenta foi projetada para gerenciar e monitorar v\u00e1rios sites a partir de um \u00fanico painel, tornando-a ideal para usu\u00e1rios com v\u00e1rios sites.<\/div>\n                            <\/div>\n                        <\/div><div class=\"panel\" itemscope itemtype=\"https:\/\/schema.org\/Question\" itemprop=\"mainEntity\">\n                            <div class=\"panel-heading\" id=\"headingFaq-3\">\n                                <div class=\"panel-title\" data-toggle=\"collapse\" aria-expanded=\"false\" href=\"#collapseFaq-3\">\n                                    <h3 itemprop=\"name\">Que tipo de problemas de seguran\u00e7a a Pesquisa de Expira\u00e7\u00e3o de Dom\u00ednio pode detectar?<\/h3>\n                                <\/div>\n                            <\/div>\n                            <div id=\"collapseFaq-3\" class=\"panel-collapse collapse\" itemprop=\"acceptedAnswer\" itemscope itemtype=\"http:\/\/schema.org\/Answer\">\n                                <div class=\"panel-body\" itemprop=\"text\">A ferramenta pode detectar uma s\u00e9rie de problemas de seguran\u00e7a, desde vulnerabilidades comuns, como problemas de certificados SSL, at\u00e9 problemas mais complexos, como suscetibilidade a ataques XSS ou clickjacking.<\/div>\n                            <\/div>\n                        <\/div><\/div><\/div><\/p>","protected":false},"excerpt":{"rendered":"O que \u00e9 o verificador de expira\u00e7\u00e3o de dom\u00ednios? O Verificador de Expira\u00e7\u00e3o de Dom\u00ednios da Sitechecker foi concebido para seguir e monitorizar o estado dos dom\u00ednios, concentrando-se especialmente nas respectivas datas de expira\u00e7\u00e3o. Esta ferramenta proactiva assegura a presen\u00e7a online cont\u00ednua de s\u00edtios Web e evita interrup\u00e7\u00f5es de servi\u00e7o causadas por expira\u00e7\u00f5es de dom\u00ednios&#8230;.","protected":false},"author":10504980,"featured_media":13003,"parent":0,"menu_order":0,"comment_status":"closed","ping_status":"closed","template":"pages-templates\/pages-minitools.php","meta":[],"categories":[73],"tags":[],"_links":{"self":[{"href":"https:\/\/sitechecker.pro\/pt\/wp-json\/wp\/v2\/pages\/12897"}],"collection":[{"href":"https:\/\/sitechecker.pro\/pt\/wp-json\/wp\/v2\/pages"}],"about":[{"href":"https:\/\/sitechecker.pro\/pt\/wp-json\/wp\/v2\/types\/page"}],"author":[{"embeddable":true,"href":"https:\/\/sitechecker.pro\/pt\/wp-json\/wp\/v2\/users\/10504980"}],"replies":[{"embeddable":true,"href":"https:\/\/sitechecker.pro\/pt\/wp-json\/wp\/v2\/comments?post=12897"}],"version-history":[{"count":19,"href":"https:\/\/sitechecker.pro\/pt\/wp-json\/wp\/v2\/pages\/12897\/revisions"}],"predecessor-version":[{"id":33302,"href":"https:\/\/sitechecker.pro\/pt\/wp-json\/wp\/v2\/pages\/12897\/revisions\/33302"}],"wp:featuredmedia":[{"embeddable":true,"href":"https:\/\/sitechecker.pro\/pt\/wp-json\/wp\/v2\/media\/13003"}],"wp:attachment":[{"href":"https:\/\/sitechecker.pro\/pt\/wp-json\/wp\/v2\/media?parent=12897"}],"wp:term":[{"taxonomy":"category","embeddable":true,"href":"https:\/\/sitechecker.pro\/pt\/wp-json\/wp\/v2\/categories?post=12897"},{"taxonomy":"post_tag","embeddable":true,"href":"https:\/\/sitechecker.pro\/pt\/wp-json\/wp\/v2\/tags?post=12897"}],"curies":[{"name":"wp","href":"https:\/\/api.w.org\/{rel}","templated":true}]}}