{"id":1217,"date":"2023-05-03T14:04:13","date_gmt":"2023-05-03T14:04:13","guid":{"rendered":"https:\/\/sitechecker.pro\/?page_id=1217"},"modified":"2025-06-20T10:38:00","modified_gmt":"2025-06-20T10:38:00","slug":"anchor-text","status":"publish","type":"page","link":"https:\/\/sitechecker.pro\/pt\/anchor-text\/","title":{"rendered":"O que \u00e9 texto \u00e2ncora e por que \u00e9 t\u00e3o importante para sua estrat\u00e9gia de SEO?"},"content":{"rendered":"<p><\/p>\n<h2>O Que \u00e9 um Link de Texto \u00c2ncora<\/h2>\n<p>&nbsp;<\/p>\n<p>A otimiza\u00e7\u00e3o interna pressup\u00f5e a compra de links de outras fontes da web &#8211; \u00e9 a\u00ed que a import\u00e2ncia de posicionar adequadamente os textos \u00e2ncora \u00e9 vital, pois esses elementos t\u00eam impacto direto na classifica\u00e7\u00e3o do site divulgado. Primeiramente, vamos entender a terminologia b\u00e1sica.<\/p>\n<p>Uma \u00e2ncora \u00e9 a parte de texto do link que \u00e9 observada pelo usu\u00e1rio do site ( \u00e9 colocado entre as tags\u2026). Depois de ativ\u00e1-lo, o visitante chegar\u00e1 a uma determinada fonte da internet.<\/p>\n<div class=\"code\"><code>&lt;a href=\"url site\"&gt;anchor&lt;\/a&gt;<br \/>\n&lt;a href=\"https:\/\/sitechecker.pro\/external-links\/\"&gt;external links&lt;\/a&gt;<\/code><\/div>\n<p>Ent\u00e3o, o que \u00e9 texto \u00e2ncora? \u00c9 uma frase clic\u00e1vel que consiste em palavras-chave ou frases que se referem diretamente ao assunto do site. \u00c9 assim que, mesmo antes da visita real do usu\u00e1rio a fonte da web, voc\u00ea descobre qual \u00e9 o tipo de neg\u00f3cio do site. No entanto, ele n\u00e3o pode ver o endere\u00e7o completo de um site. Est\u00e1 oculto \u201csob o texto\u201c, que \u00e9 destacado de forma diferente em compara\u00e7\u00e3o com a parte principal do artigo.<\/p>\n<p>Links \u00e2ncora s\u00e3o as palavras-chave que o levam ao conte\u00fado de um determinado site. Eles s\u00e3o usados para substituir alguns links simples para um site tem\u00e1tico com alguma parte do texto relacionada ao assunto.<\/p>\n<p>&nbsp;<\/p>\n<h2>Por Que Usamos Links \u00c2ncora e Qual \u00e9 a Influ\u00eancia Deles?<\/h2>\n<p>&nbsp;<\/p>\n<p>O texto clic\u00e1vel \u00e9 o link \u00e2ncora e ele tem uma influ\u00eancia no ranking do site no <a href=\"https:\/\/sitechecker.pro\/pt\/serp\/\">SERP<\/a> oferecido pelos mecanismos de busca, pois aumenta o peso din\u00e2mico da p\u00e1gina a qual ele conduz.<\/p>\n<p>O peso din\u00e2mico \u00e9 uma classifica\u00e7\u00e3o da web da \u00e2ncora. Ele \u00e9 transmitido por um hiperlink ativo e depende diretamente do texto \u00e2ncora: quanto mais relevante ele \u00e9, mais significativo \u00e9 o peso din\u00e2mico transmitido pelo link. O link deve levar o usu\u00e1rio a essa mesma p\u00e1gina que \u00e9 divulgada.<\/p>\n<p>Os <a href=\"https:\/\/sitechecker.pro\/pt\/google-bot\/\">bots de busca <\/a>sempre levam em considera\u00e7\u00e3o esses links. \u00c9 por isso que, ao empreg\u00e1-lo, voc\u00ea deve selecionar corretamente o texto \u00e2ncora, pois influencia diretamente na classifica\u00e7\u00e3o da web realizada pelo sistema de pesquisa. Assim, uma frase escolhida sabiamente ajuda a p\u00e1gina a entrar na lista TOP do sistema de pesquisa. Funciona!<\/p>\n<p>A adi\u00e7\u00e3o de links \u00e0 fonte \u00e9 um passo importante em todo processo de otimiza\u00e7\u00e3o, cuja efici\u00eancia depende, em grande parte, do texto escolhido para eles. A forma\u00e7\u00e3o e otimiza\u00e7\u00e3o de links s\u00e3o duas etapas para divulga\u00e7\u00e3o do site que n\u00e3o podem ser negligenciadas!<\/p>\n<p>Esse tipo de link tamb\u00e9m \u00e9 de grande import\u00e2ncia para interliga\u00e7\u00e3o interna, pois ele serve como elemento de jun\u00e7\u00e3o para as p\u00e1ginas com a mesma fonte da web. Eles s\u00e3o \u00fateis em muitos n\u00edveis: ajudam ao usu\u00e1rio a encontrar \u00a0as p\u00e1ginas<\/p>\n<p>necess\u00e1rias no site; gra\u00e7as a eles, rob\u00f4s de busca podem indexar p\u00e1ginas de segundo n\u00edvel, ou maior na profundidade de aninhamento; eles simplificam a tarefa de um webmaster de dividir o peso dentro da fonte da web.<\/p>\n<p>&nbsp;<\/p>\n<h2>Tipos de \u00c2ncoras. Descri\u00e7\u00e3o e Exemplos<\/h2>\n<p>&nbsp;<\/p>\n<p>Se certifique de incluir uma \u00e2ncora exclusiva. Id\u00eanticos links de textos \u00e2ncoras se fundem com \u00e2ncoras que podem diminuir o significado do link inteiro. D\u00ea o seu melhor para superar isso!<\/p>\n<p>Os tipos de \u00e2ncoras que voc\u00ea pode encontrar:<\/p>\n<ul>\n<li>\u00c2ncoras de correspond\u00eancia exata. esse tipo \u00e9 representado pelas solicita\u00e7\u00f5es de pesquisa distintas, sem que nenhuma palavra adicional seja inserida no texto de um link (por exemplo, \u201clink de \u00e2ncora\u201d).<\/li>\n<li>\u00c2ncoras de correspond\u00eancia parcial. Al\u00e9m da solicita\u00e7\u00e3o de pesquisa direta, as \u00e2ncoras desse tipo cont\u00e9m algum texto adicional (exemplo de texto \u00e2ncora parcial: \u201co que \u00e9 um link de \u00e2ncora\u201d).<\/li>\n<\/ul>\n<p>Ao se esfor\u00e7ar para otimizar seu recurso da web, n\u00e3o se concentre um tipo queridinho mesmo que traga bons resultados. Use a variedade! Para tornar suas \u00e2ncoras mais variadas, divida a solicita\u00e7\u00e3o de pesquisa principal em sin\u00f4nimos e ep\u00edtetos.<\/p>\n<div class=\"box\">A principal condi\u00e7\u00e3o est\u00e1 na aus\u00eancia de os erros ortogr\u00e1ficos, imprecis\u00f5es nas pontua\u00e7\u00e3o e na legibilidade, pois uma mera cole\u00e7\u00e3o de palavras pode ser interpretada pelo sistema de busca como spam.<\/div>\n<p>&nbsp;<\/p>\n<h2>Quais Tipos de \u00c2ncoras de Texto s\u00e3o melhores para a Promo\u00e7\u00e3o e Por Qu\u00ea?<\/h2>\n<p>&nbsp;<\/p>\n<p>N\u00e3o h\u00e1 uma resposta clara para quest\u00e3o sobre a escolha ideal do tipo de \u00e2ncora para promo\u00e7\u00e3o do site. Voc\u00ea pode tentar investigar a escolha de \u00e2ncoras na web de fontes concorrentes. Realize esse tipo de experi\u00eancia para encontrar a variante mais eficiente. A verdade \u00e9 que, para promo\u00e7\u00e3o eficiente no site, voc\u00ea precisa usar links de \u00e2ncoras diretos e parciais.<\/p>\n<p>Mas uma coisa a ter em mente \u00e9 que as \u00e2ncoras tamb\u00e9m devem ser aplicadas para permitir algumas mudan\u00e7as simplificadas entre p\u00e1ginas da mesma fonte na web. Essa \u00e9 uma dica muito \u00fatil! Assim, usando \u00e2ncoras diretas e parciais, voc\u00ea compartilhar\u00e1 o peso est\u00e1tico com outras p\u00e1ginas do seu site.<\/p>\n<p>&nbsp;<\/p>\n<h2>Onde Incluir o Link \u00c2ncora?<\/h2>\n<p>&nbsp;<\/p>\n<p>Agora que voc\u00ea tem a resposta para a pergunta \u201co que \u00e9 um link de \u00e2ncora\u201d, \u00e9 a hora de aprender: o link de texto \u00e2ncora n\u00e3o \u00e9 adequado para lugar algum. Quando essa oportunidade for exclu\u00edda, voc\u00ea precisar\u00e1 incluir um link simples e original \u00e0 sua fonte.<\/p>\n<p>Quando Voc\u00ea Pode Usar Links de \u00c2ncora:<\/p>\n<ul>\n<li><strong>Cat\u00e1logos do Site<\/strong>. Como regra geral, os cat\u00e1logos de sites solicitam informa\u00e7\u00f5es relacionadas ao nome e endere\u00e7o da fonte, que posteriormente se tornar\u00e1 um link para a sua fonte.<\/li>\n<li><strong>Coment\u00e1rios de blog<\/strong>. A maioria dos blogs permite publica\u00e7\u00f5es do endere\u00e7o do site e do texto que \u00e9 uma apresenta\u00e7\u00e3o do seu link sob seus coment\u00e1rios.<\/li>\n<li><strong>Troca de Links<\/strong>. ao compartilhar os links com outros usu\u00e1rios, voc\u00ea inclui t\u00edtulo, endere\u00e7o e descri\u00e7\u00e3o onde o t\u00edtulo \u00e9 o texto de uma \u00e2ncora que leva o usu\u00e1rio a uma determinada fonte.<\/li>\n<\/ul>\n<h2>Onde Escolher Links de \u00c2ncora?<\/h2>\n<p>&nbsp;<\/p>\n<p>Existem v\u00e1rias abordagens para forma\u00e7\u00e3o de links de \u00e2ncoras, dentre as quais as mais utilizadas s\u00e3o as seguintes:<\/p>\n<ul>\n<li>Constru\u00e7\u00e3o autom\u00e1tica de links. Voc\u00ea pode encontrar muitos servi\u00e7os especializados e redes para promover sites independentes. Esses recursos, voc\u00ea pode selecionar para o seu site. Para obter o resultado, voc\u00ea deve incluir suas palavras-chave e o nome da fonte na base e deixar o restante do trabalho para geradores.<\/li>\n<li>Forma\u00e7\u00e3o de \u00e2ncora independente ou a pedido de um copywriter. Claro que sempre h\u00e1 a oportunidade de tentar encontrar o melhor texto \u00e2ncora, mas voc\u00ea tamb\u00e9m pode redirecionar essa parte da divulga\u00e7\u00e3o do site para um copywriter. N\u00e3o h\u00e1 ningu\u00e9m melhor que voc\u00ea para descrever os requisitos t\u00e9cnicos para essa tarefa! Na web, voc\u00ea encontrar\u00e1 muitas plataformas onde pode solicitar um conte\u00fado de qualidade para o seu site.<\/li>\n<li>Cria\u00e7\u00e3o de \u00e2ncoras com base na replica\u00e7\u00e3o de solicita\u00e7\u00f5es de pesquisa de outros sites relacionados ao seu t\u00f3pico. O algoritmo \u00e9 muito simples. Voc\u00ea precisa inserir a solicita\u00e7\u00e3o de busca na barra de pesquisa, visitar as fontes TOP, encontrar as senten\u00e7as, incluindo a solicita\u00e7\u00e3o necess\u00e1ria, e dar um exemplo para criar a sua pr\u00f3pria.<\/li>\n<\/ul>\n<h2>O Que \u00e9 um Link N\u00e3o Ancorado?<\/h2>\n<p>&nbsp;<\/p>\n<p>Este \u00e9 o tipo de link que n\u00e3o cont\u00e9m nenhuma palavra-chave (diferente dos links do texto \u00e2ncora).<\/p>\n<p>A esse tipo pertencem:<\/p>\n<p>O endere\u00e7o do site (muitas vezes eles s\u00e3o usados para modificar a homepage da fonte da internet)<\/p>\n<p>Por exemplo:<\/p>\n<div class=\"code\"><code>&lt;a href=\"https:\/\/sitechecker.pro\/\"&gt;https:\/\/sitechecker.pro\/&lt;\/a&gt;<\/code><\/div>\n<p>O texto alternativo \u00e9 diferente das palavras-chave. Esses links cont\u00e9m palavras como \u201caqui\u201d, \u201cler tamb\u00e9m\u201d e assim por diante. Por exemplo:<\/p>\n<div class=\"code\"><code>&lt;a href=\"https:\/\/sitechecker.pro\/\"&gt;https:\/\/sitechecker.pro\/&lt;\/a&gt;<\/code><\/div>\n<p>&nbsp;<\/p>\n<h2>Como os Links Sem \u00c2ncora Podem ser \u00dateis?<\/h2>\n<p>&nbsp;<\/p>\n<p>Esses links costumam ser usados para quebrar os links de massa do website. N\u00e3o faz muito tempo, o Google anunciou que, via de regra, os links de \u00e2ncora seriam tratados como comerciais e, a partir desse momento, n\u00e3o seriam levados t\u00e3o a s\u00e9rio. Por outro lado, n\u00e3o adianta tentar promover uma fonte da web sem a ajuda de links \u00e2ncora. Da mesma forma, voc\u00ea n\u00e3o deveria confiar completamente nesse tipo de texto \u00e2ncora.<\/p>\n<p>Nenhum link \u00e2ncora fornece:<\/p>\n<ul>\n<li>Efici\u00eancia duradoura<\/li>\n<li>Seguran\u00e7a devido a naturalidade<\/li>\n<li>Aumento da confiabilidade na fonte<\/li>\n<\/ul>\n<p>O link em massa deve consistir em uma massa de textos \u00e2ncora e aqueles que n\u00e3o cont\u00e9m nenhuma. \u00c9 altamente recomend\u00e1vel incluir diferentes \u00e2ncoras. Claro \u00e9 um trabalho demorado e meticuloso, mas o resultado vale os esfor\u00e7os e o tempo.<\/p>\n<p>&nbsp;<\/p>\n<h2>Como Obter Links sem \u00c2ncoras Gratuitamente<\/h2>\n<p>&nbsp;<\/p>\n<p>Voc\u00ea pode lidar com isso devido aos seus pr\u00f3prios esfor\u00e7os, mas voc\u00ea precisa dedicar seu tempo para obter algum resultado. Como algu\u00e9m pode fazer isso? Voc\u00ea deve navegar na web deixando links para as p\u00e1ginas do seu site em diferentes fontes da web. Use as redes sociais, blogs, f\u00f3runs e outras plataformas.<\/p>\n<p>A segunda abordagem \u00e9 mais natural e por isso mais aconselh\u00e1vel. Segundo ela, os usu\u00e1rios deixam links para a sua fonte em outros sites, como blogs, f\u00f3runs, redes sociais. Esses links t\u00eam efeito mais duradouro, j\u00e1 que s\u00e3o \u201cao vivo\u201d e atrair\u00e3o mais visitantes, possibilitando maior divulga\u00e7\u00e3o. O que voc\u00ea precisa para isso? O principal requisito \u00e9 um conte\u00fado exclusivo e envolvente. Se o material em seu site for \u00fatil para os \u00a0usu\u00e1rios, logo ser\u00e1 reconhecido pelo grande p\u00fablico, e o n\u00famero de links de texto \u00e2ncora e aqueles sem nenhum tipo de \u00e2ncora para o seu site ir\u00e1 crescer rapidamente (e naturalmente, o que \u00e9 de grande import\u00e2ncia!)<\/p>","protected":false},"excerpt":{"rendered":"O Que \u00e9 um Link de Texto \u00c2ncora &nbsp; A otimiza\u00e7\u00e3o interna pressup\u00f5e a compra de links de outras fontes da web &#8211; \u00e9 a\u00ed que a import\u00e2ncia de posicionar adequadamente os textos \u00e2ncora \u00e9 vital, pois esses elementos t\u00eam impacto direto na classifica\u00e7\u00e3o do site divulgado. Primeiramente, vamos entender a terminologia b\u00e1sica. Uma \u00e2ncora&#8230;","protected":false},"author":10718706,"featured_media":3420,"parent":0,"menu_order":0,"comment_status":"closed","ping_status":"closed","template":"pages-templates\/pages-v2.php","meta":[],"categories":[27],"tags":[],"_links":{"self":[{"href":"https:\/\/sitechecker.pro\/pt\/wp-json\/wp\/v2\/pages\/1217"}],"collection":[{"href":"https:\/\/sitechecker.pro\/pt\/wp-json\/wp\/v2\/pages"}],"about":[{"href":"https:\/\/sitechecker.pro\/pt\/wp-json\/wp\/v2\/types\/page"}],"author":[{"embeddable":true,"href":"https:\/\/sitechecker.pro\/pt\/wp-json\/wp\/v2\/users\/10718706"}],"replies":[{"embeddable":true,"href":"https:\/\/sitechecker.pro\/pt\/wp-json\/wp\/v2\/comments?post=1217"}],"version-history":[{"count":65,"href":"https:\/\/sitechecker.pro\/pt\/wp-json\/wp\/v2\/pages\/1217\/revisions"}],"predecessor-version":[{"id":37521,"href":"https:\/\/sitechecker.pro\/pt\/wp-json\/wp\/v2\/pages\/1217\/revisions\/37521"}],"wp:featuredmedia":[{"embeddable":true,"href":"https:\/\/sitechecker.pro\/pt\/wp-json\/wp\/v2\/media\/3420"}],"wp:attachment":[{"href":"https:\/\/sitechecker.pro\/pt\/wp-json\/wp\/v2\/media?parent=1217"}],"wp:term":[{"taxonomy":"category","embeddable":true,"href":"https:\/\/sitechecker.pro\/pt\/wp-json\/wp\/v2\/categories?post=1217"},{"taxonomy":"post_tag","embeddable":true,"href":"https:\/\/sitechecker.pro\/pt\/wp-json\/wp\/v2\/tags?post=1217"}],"curies":[{"name":"wp","href":"https:\/\/api.w.org\/{rel}","templated":true}]}}