{"id":1208,"date":"2018-01-19T10:25:11","date_gmt":"2018-01-19T10:25:11","guid":{"rendered":"https:\/\/sitechecker.pro\/?page_id=1208"},"modified":"2025-02-12T11:56:07","modified_gmt":"2025-02-12T11:56:07","slug":"broken-links","status":"publish","type":"page","link":"https:\/\/sitechecker.pro\/pt\/broken-links\/","title":{"rendered":"Verificador de Links Quebrados Gratuito: Encontrar 404 p\u00e1ginas de erro no site"},"content":{"rendered":"<p><\/p>\n<h2 id=\"par1\">O que \u00e9 um verificador de p\u00e1ginas 404?<\/h2>\n<p>Um verificador de links 404 \u00e9 uma solu\u00e7\u00e3o de software que ajuda os sites com links quebrados ou inativos. Estes hiperlinks, quando clicados, levam a p\u00e1ginas indispon\u00edveis ou <a href=\"https:\/\/sitechecker.pro\/what-is-404-status-code\/\" target=\"_blank\" rel=\"noopener noreferrer\">erros 404<\/a>, impactando negativamente a experi\u00eancia do utilizador e o SEO. Os motores de pesquisa podem considerar os sites com v\u00e1rios links inativos como mal mantidos.<\/p>\n<h3>A nossa ferramenta online gratuita de verifica\u00e7\u00e3o de links mortos ajuda-o<\/h3>\n<p><strong>Verifica\u00e7\u00e3o de hiperliga\u00e7\u00f5es inativas: <\/strong>A ferramenta verifica se existem links inativos no seu website ou blog, oferecendo at\u00e9 150 verifica\u00e7\u00f5es gratuitas e verifica\u00e7\u00f5es ilimitadas com planos pagos.<\/p>\n<p><strong>Reportar c\u00f3digos de erro: <\/strong>a ferramenta reporta c\u00f3digos de erro para URLs partidos, incluindo 404 e <a href=\"https:\/\/sitechecker.pro\/what-is-502-status-code\/\" target=\" _blank\" rel=\"noopener noreferrer\">502 erros<\/a>, bem como <a href=\"https:\/\/sitechecker.pro\/301-redirect\/\" target=\"_blank\" rel=\"noopener noreferrer\">301 redireccionamentos<\/a>.<\/p>\n<p><strong>Recursos de divulga\u00e7\u00e3o de links quebrados: <\/strong>Disponibiliza recursos de divulga\u00e7\u00e3o de links quebrados, ajudando a adquirir links de alto valor para o seu website.<\/p>\n<p><strong>Verifica\u00e7\u00e3o de hiperliga\u00e7\u00f5es internas e externas: <\/strong>A ferramenta verifica tanto <a href=\"https:\/\/sitechecker.pro\/internal-links\/\" target=\"_blank\" rel=\"noopener noreferrer\">internos<\/a> e hiperliga\u00e7\u00f5es <a href=\"https:\/\/sitechecker.pro\/external-links\/\" target=\"_blank\" rel=\"noopener noreferrer\">externos<\/a> no seu site.<\/p>\n<p><strong>Identifica\u00e7\u00e3o de erros e sugest\u00f5es de otimiza\u00e7\u00e3o: <\/strong>Identifica erros e fornece sugest\u00f5es para otimizar o seu website.<\/p>\n<p><strong>Monitoriza\u00e7\u00e3o regular e corre\u00e7\u00e3o imediata: <\/strong>Ele <a href=\"https:\/\/sitechecker.pro\/404-errors-monitoring\/\" target=\"_blank\" rel=\"noopener noreferrer\">monitoriza regularmente o site para novos links partidos<\/a> e corrige-os imediatamente.<\/p>\n<h3>Principais caracter\u00edsticas do verificador de sites 404<\/h3>\n<p><strong>Painel de controlo unificado: <\/strong>oferece uma plataforma centralizada para acompanhar todas as m\u00e9tricas de SEO e indicadores de desempenho, fornecendo uma vis\u00e3o geral abrangente para facilitar a monitoriza\u00e7\u00e3o do progresso e a tomada de decis\u00f5es.<\/p>\n<p><strong>Interface de f\u00e1cil utiliza\u00e7\u00e3o: <\/strong>Concebida para principiantes e profissionais, esta interface \u00e9 intuitiva e simples, permitindo um f\u00e1cil acesso aos recursos e visualiza\u00e7\u00f5es claras dos dados.<\/p>\n<p><strong>Conjunto completo de ferramentas de SEO: <\/strong>inclui uma grande variedade de <a href=\"https:\/\/sitechecker.pro\/on-page-seo-checker\/\" target=\"_blank\" rel=\"noopener noreferrer\"> ferramentas de SEO on-page<\/a> e off-page, tais como auditorias de websites, pesquisa de palavras-chave, an\u00e1lise de backlinks, otimiza\u00e7\u00e3o de conte\u00fados e insights t\u00e9cnicos de SEO, abordando todos os aspetos da gest\u00e3o de SEO .<\/p>\n<h2 id=\"par2\">Recursos de verifica\u00e7\u00e3o de dom\u00ednio e URL distinto do verificador de erros de sites gratuito<\/h2>\n<p>Est\u00e3o dispon\u00edveis duas op\u00e7\u00f5es para verificar erros 404 num website: verifica\u00e7\u00f5es de todo o dom\u00ednio ou de p\u00e1ginas espec\u00edficas. A verifica\u00e7\u00e3o de dom\u00ednio, que requer o registo de conta, \u00e9 ideal para uma an\u00e1lise abrangente, cobrindo todos os links do website para detetar URLs mortos. Este m\u00e9todo \u00e9 completo, permitindo uma ampla vis\u00e3o geral da sa\u00fade do link do site.<\/p>\n<p>Por outro lado, a verifica\u00e7\u00e3o de URL, dispon\u00edvel sem registo de conta, est\u00e1 adaptada para examinar uma \u00fanica p\u00e1gina. Esta abordagem \u00e9 melhor quando o seu foco est\u00e1 numa p\u00e1gina espec\u00edfica, examinando todos os seus links e informa\u00e7\u00f5es relacionadas, como os c\u00f3digos de estado HTTP. Dependendo da sua necessidade, escolha inserir um dom\u00ednio ou um URL espec\u00edfico e clique no bot\u00e3o \u201cEncontrar links quebrados\u201d para iniciar a an\u00e1lise. A ferramenta come\u00e7a ent\u00e3o a avaliar os dados relevantes do website em conformidade.<\/p>\n<div class=\"content__img-wrap\"><img src=\"https:\/\/sitechecker.pro\/wp-content\/uploads\/2024\/08\/1-broken-links-selector.png\" alt=\"Verificador de link quebrado de site\" class=\"description-img description-img-zoom\" loading=\"lazy\" ><\/div>\n<h2 id=\"par3\">Verifica\u00e7\u00e3o de dom\u00ednios<\/h2>\n<h3>Passo 1: escolha \u201cVerificar dom\u00ednio\u201d, introduza o seu URL e clique no bot\u00e3o \u201cEncontrar links partidos\u201d para iniciar a verifica\u00e7\u00e3o<\/h3>\n<div class=\"content__img-wrap\"><img src=\"https:\/\/sitechecker.pro\/wp-content\/uploads\/2024\/08\/2-broken-link-selector.png\" alt=\"Verifica\u00e7\u00e3o de dom\u00ednio Verificador de liga\u00e7\u00e3o quebrada\" class=\"description-img description-img-zoom\" loading=\"lazy\" ><\/div>\n<div class=\"important-block\">Para receber resultados e acesso \u00e0s funcionalidades do Sitechecker durante 14 dias, inicie o seu teste GRATUITO. A inscri\u00e7\u00e3o \u00e9 f\u00e1cil com o seu e-mail, conta Google ou Facebook. N\u00e3o \u00e9 necess\u00e1rio cart\u00e3o de cr\u00e9dito.<\/div>\n<h3>Etapa 2: An\u00e1lise de resultados<\/h3>\n<p>A verifica\u00e7\u00e3o de um dom\u00ednio vem com uma auditoria completa gratuita do site. Pode identificar URLs 404 e determinar a sua localiza\u00e7\u00e3o em qualquer plataforma CMS, como WordPress, Joomla, Drupal, etc.<\/p>\n<p>O nosso rastreador descobrir\u00e1 a lista de URLs com <a href=\"https:\/\/sitechecker.pro\/what-are-4xx-status-codes\/\" target=\"_blank\" rel=\"noopener noreferrer\">c\u00f3digos de estado 4xx<\/a>, que outras p\u00e1ginas do seu site fa\u00e7am refer\u00eancia aos mesmos. Isto ir\u00e1 ajud\u00e1-lo a corrigir o problema de URLs inativos para todo o site e a determinar se os novos hiperlinks inativos aparecer\u00e3o.<\/p>\n<div class=\"content__img-wrap\"><img src=\"https:\/\/sitechecker.pro\/wp-content\/uploads\/2024\/01\/4xx-client-errors-issue.png\" alt=\"Problema de erros do cliente 4xx\" class=\"description-img description-img-zoom\" loading=\"lazy\" ><\/div>\n<p>Ao clicar em \u201cVer problema\u201d encontrar\u00e1 a lista de URLs com este tipo de problema, um bot\u00e3o para descobrir as refer\u00eancias internas daquelas p\u00e1ginas partidas e instru\u00e7\u00f5es de como corrigir:<\/p>\n<div class=\"content__img-wrap\"><img src=\"https:\/\/sitechecker.pro\/wp-content\/uploads\/2024\/01\/4xx-client-errors-view-issue.png\" alt=\"4xx erros do cliente visualizar problema\" class=\"description-img description-img-zoom\" loading=\"lazy\" ><\/div>\n<h3>Caracter\u00edsticas adicionais do verificador de liga\u00e7\u00e3o quebrada de dom\u00ednio\/site<\/h3>\n<p>Clicado em \u201cTodas as p\u00e1ginas HTML\u201d, obter\u00e1 a lista completa de URLs do seu website e outros problemas internos do seu website. Os problemas est\u00e3o organizados por categorias e tipos, e pode alternar facilmente entre eles. Os tipos s\u00e3o problemas cr\u00edticos, avisos, oportunidades e avisos. Categorias, por exemplo, Links, Indexabilidade, Relev\u00e2ncia do Conte\u00fado, etc.<\/p>\n<div class=\"content__img-wrap\"><img src=\"https:\/\/sitechecker.pro\/wp-content\/uploads\/2024\/01\/all-html-pages-by-category.png\" alt=\"Todas as p\u00e1ginas HTML por categoria\" class=\"description-img description-img-zoom\" loading=\"lazy\" ><\/div>\n<p>Se necess\u00e1rio, pode filtrar pelos URLs ou configurar dados adicionais para as p\u00e1ginas que o ajudar\u00e3o a trabalhar com eles.<\/p>\n<div class=\"content__img-wrap\"><img src=\"https:\/\/sitechecker.pro\/wp-content\/uploads\/2024\/01\/all-html-pages-manage-columns.png\" alt=\"Todas as p\u00e1ginas HTML gerem colunas\" class=\"description-img description-img-zoom\" loading=\"lazy\" ><\/div>\n<p>Al\u00e9m disso, pode descarregar e exportar os resultados do rastreador para ficheiros PDF ou CSV, Google Sheets ou simplesmente copi\u00e1-los conforme necess\u00e1rio.<\/p>\n<div class=\"content__img-wrap\"><img src=\"https:\/\/sitechecker.pro\/wp-content\/uploads\/2024\/01\/export-data.png\" alt=\"Exportar dados\" class=\"description-img description-img-zoom\" loading=\"lazy\" ><\/div>\n<p>Descarregar e exportar resultados do rastreador em v\u00e1rios formatos beneficia os freelancers e os gestores de SEO, fornecendo dados vers\u00e1teis para an\u00e1lise e manipula\u00e7\u00e3o.<\/p>\n<p>Esta funcionalidade permite a gera\u00e7\u00e3o eficiente de relat\u00f3rios para clientes ou partes interessadas, facilitando a comunica\u00e7\u00e3o clara de descobertas e estrat\u00e9gias futuras.<\/p>\n<p>Quando os dados s\u00e3o exportados para o Google Sheets, o trabalho colaborativo \u00e9 simplificado, promovendo uma abordagem baseada em equipas. Por \u00faltimo, a capacidade de copiar dados diretamente oferece acesso instant\u00e2neo a informa\u00e7\u00f5es essenciais, agilizando a an\u00e1lise e a integra\u00e7\u00e3o com outras ferramentas digitais.<\/p>\n<h4>Rastreadores autom\u00e1ticos regulares do site e notifica\u00e7\u00e3o autom\u00e1tica de dete\u00e7\u00e3o de poss\u00edveis erros<\/h4>\n<p>Tire partido dos nossos rastreadores automatizados regulares de websites, que realizam verifica\u00e7\u00f5es de rotina para identificar poss\u00edveis erros no seu website. Com uma verifica\u00e7\u00e3o consistente de erros 404 no website a cada tr\u00eas dias, pode estar \u00e0 frente de quaisquer problemas que possam afetar o desempenho do seu website.<\/p>\n<div class=\"content__img-wrap\"><img src=\"https:\/\/sitechecker.pro\/wp-content\/uploads\/2024\/01\/auto-crawler.png\" alt=\"Rastreador autom\u00e1tico\" class=\"description-img description-img-zoom\" loading=\"lazy\" ><\/div>\n<h2 id=\"par4\">Verifica\u00e7\u00e3o de p\u00e1gina<\/h2>\n<h3>Passo 1: escolha \u201cVerificar p\u00e1gina\u201d, introduza o seu URL e clique no bot\u00e3o \u201cEncontrar links partidos\u201d para iniciar a verifica\u00e7\u00e3o<\/h3>\n<div class=\"content__img-wrap\"><img src=\"https:\/\/sitechecker.pro\/wp-content\/uploads\/2024\/08\/3-broken-link-selector.png\" alt=\"Verifica\u00e7\u00e3o de p\u00e1gina Verificador de liga\u00e7\u00e3o quebrada\" class=\"description-img description-img-zoom\" loading=\"lazy\" ><\/div>\n<h3>Passo 2: Interpreta\u00e7\u00e3o dos resultados do detetor de site 404 atrav\u00e9s da verifica\u00e7\u00e3o de p\u00e1gina<\/h3>\n<p>Uma sec\u00e7\u00e3o lista os links externos e internos e mostra os c\u00f3digos de estado correspondentes, indicando a integridade de cada link. Se aceder \u00e0 coluna de c\u00f3digos de resposta, poder\u00e1 ver uma lista de links que devolveram um erro 404, desde que estejam acess\u00edveis.<\/p>\n<p>A \u00e1rea central apresenta um instant\u00e2neo da sa\u00fade SEO de uma p\u00e1gina web, exibindo uma pontua\u00e7\u00e3o e detalhes essenciais como o c\u00f3digo de estado e o tamanho da p\u00e1gina. A p\u00e1gina de resultados apresenta links externos, internos e de subdom\u00ednio, juntamente com os seus c\u00f3digos de resposta, permitindo identificar facilmente um erro 404, quer este apare\u00e7a num site externo, no seu site principal ou num subdom\u00ednio.<\/p>\n<div class=\"content__img-wrap\"><img src=\"https:\/\/sitechecker.pro\/wp-content\/uploads\/2024\/01\/on-page-seo-checker.png\" alt=\"Verificador SEO na p\u00e1gina\" class=\"description-img description-img-zoom\" loading=\"lazy\" ><\/div>\n<div class=\"content__img-wrap\"><img src=\"https:\/\/sitechecker.pro\/wp-content\/uploads\/2024\/01\/internal-subdomain-links.png\" alt=\"Links internos de subdom\u00ednio\" class=\"description-img description-img-zoom\" loading=\"lazy\" ><\/div>\n<p>Para auditar todo o seu website em vez de apenas uma p\u00e1gina, selecione \u201cExecutar uma auditoria completa do website\u201d ou consulte a primeira sec\u00e7\u00e3o deste guia para verifica\u00e7\u00e3o de dom\u00ednio.<\/p>\n<p>A ferramenta apresenta um projeto de demonstra\u00e7\u00e3o que mostra as suas capacidades. Ao escolher \u2018Auditoria de Sites\u2019, os utilizadores podem explorar as funcionalidades e compreender como a ferramenta pode melhorar o SEO do seu site.<\/p>\n<div class=\"content__img-wrap\"><img src=\"https:\/\/sitechecker.pro\/wp-content\/uploads\/2024\/01\/run-full-site-audit-1.png\" alt=\"Executar auditoria completa do site\" class=\"description-img description-img-zoom\" loading=\"lazy\" ><\/div>\n<h3>Caracter\u00edsticas adicionais da ferramenta<\/h3>\n<p>O Broken Link Checker melhora o SEO atrav\u00e9s da melhoria da qualidade do conte\u00fado, estruturando dados para otimiza\u00e7\u00e3o de motores de busca, otimiza\u00e7\u00e3o de imagens na web, fornecendo insights sobre o desempenho da pesquisa e avaliando as velocidades de carregamento para elevar a experi\u00eancia do utilizador e as classifica\u00e7\u00f5es dos motores de pesquisa.<\/p>\n<div class=\"content__img-wrap\"><img src=\"https:\/\/sitechecker.pro\/wp-content\/uploads\/2024\/01\/issues-overview-1.png\" alt=\"Vis\u00e3o geral dos problemas\" class=\"description-img description-img-zoom\" loading=\"lazy\" ><\/div>\n<h2 id=\"par5\">Extens\u00e3o Sitechecker do Chrome para detec\u00e7\u00e3o de links partidos<\/h2>\n<p>Tem tamb\u00e9m a op\u00e7\u00e3o de realizar uma breve an\u00e1lise da p\u00e1gina web e verificar o estado do c\u00f3digo utilizando a extens\u00e3o do browser.<\/p>\n<p><a href=\"https:\/\/chrome.google.com\/webstore\/detail\/website-seo-checker-free\/nljcdkjpjnhlilgepggmmagnmebhadnk\" target=\"_blank\" rel=\"nofollow noopener noreferrer\">extens\u00e3o do Chrome do Sitechecker<\/a > \u00e9 uma ferramenta para identificar e corrigir hiperliga\u00e7\u00f5es inv\u00e1lidas. Depois de o instalar no seu navegador Chrome, pode facilmente verificar qualquer p\u00e1gina web, analisando todos os links quanto \u00e0 sua validade.<\/p>\n<div class=\"content__img-wrap\"><img src=\"https:\/\/sitechecker.pro\/wp-content\/uploads\/2024\/01\/sitecheckers-extension.png\" alt=\"Extens\u00e3o do Sitechecker\" class=\"description-img description-img-zoom\" loading=\"lazy\" ><\/div>\n<p>A ferramenta classifica os links com base nos seus c\u00f3digos de estado HTTP, destaca os problem\u00e1ticos e ainda oferece solu\u00e7\u00f5es para a sua retifica\u00e7\u00e3o.<\/p>\n<p>Para uma compreens\u00e3o mais detalhada, pode ver um tutorial no nosso canal Sitechecker no YouTube, onde explicamos o conceito de links partidos e os seus poss\u00edveis impactos e fornecemos instru\u00e7\u00f5es sobre como corrigi-los:<\/p>\n<p><iframe title=\"Leitor de v\u00eddeo do YouTube\" src=\"https:\/\/www.youtube.com\/embed\/bxpEtw6oOwY?si=opSzDXD-SH1fq4s0\" width=\"700\" height=\"350\" frameborder=\"0\"allowfullscreen =\" permitir ecr\u00e3 completo\"><\/iframe><\/p>\n<h2 id=\"par6\">Considera\u00e7\u00f5es Finais<\/h2>\n<p>O verificador de erros 404 \u00e9 uma ferramenta de software abrangente, concebida para melhorar o desempenho de SEO e a experi\u00eancia do utilizador, identificando e retificando liga\u00e7\u00f5es de erros 404. A ferramenta realiza verifica\u00e7\u00f5es detalhadas, oferece sugest\u00f5es de otimiza\u00e7\u00e3o e fornece relat\u00f3rios acion\u00e1veis \u200b\u200bsobre URLs problem\u00e1ticos. Tamb\u00e9m realiza rastreios autom\u00e1ticos regulares para monitoriza\u00e7\u00e3o constante.<\/p>\n<p>Com interfaces f\u00e1ceis de utilizar, dois m\u00e9todos de verifica\u00e7\u00e3o para an\u00e1lise completa ou espec\u00edfica do website e uma extens\u00e3o do Chrome para verifica\u00e7\u00f5es em tempo real, \u00e9 uma funcionalidade valiosa para a otimiza\u00e7\u00e3o e manuten\u00e7\u00e3o proativa de websites. Al\u00e9m disso, a sua capacidade de descarregar e exportar dados em diversos formatos facilita a an\u00e1lise posterior e a colabora\u00e7\u00e3o em equipa.<\/p>\n<div id=\"par7\"><\/div>\n<p><div class=\"front__faq-block\"><div class=\"faq__block-title\">FAQ<\/div><div class=\"panel-group\" id=\"faq-accordion\" itemscope itemtype=\"https:\/\/schema.org\/FAQPage\" role=\"tablist\" aria-multiselectable=\"true\"><div class=\"panel\" itemscope itemtype=\"https:\/\/schema.org\/Question\" itemprop=\"mainEntity\">\n                            <div class=\"panel-heading\" id=\"headingFaq-1\">\n                                <div class=\"panel-title\" data-toggle=\"collapse\" aria-expanded=\"false\" href=\"#collapseFaq-1\">\n                                    <h3 itemprop=\"name\">Como se verifica se um URL est\u00e1 avariado?<\/h3>\n                                <\/div>\n                            <\/div>\n                            <div id=\"collapseFaq-1\" class=\"panel-collapse collapse\" itemprop=\"acceptedAnswer\" itemscope itemtype=\"http:\/\/schema.org\/Answer\">\n                                <div class=\"panel-body\" itemprop=\"text\">Pode verificar se um URL da Web est\u00e1 quebrado utilizando a ferramenta de verifica\u00e7\u00e3o de URL 404. Basta introduzir o URL que pretende verificar e a ferramenta identificar\u00e1 quaisquer links quebrados ou inativos.<\/div>\n                            <\/div>\n                        <\/div><div class=\"panel\" itemscope itemtype=\"https:\/\/schema.org\/Question\" itemprop=\"mainEntity\">\n                            <div class=\"panel-heading\" id=\"headingFaq-2\">\n                                <div class=\"panel-title\" data-toggle=\"collapse\" aria-expanded=\"false\" href=\"#collapseFaq-2\">\n                                    <h3 itemprop=\"name\">O Verificador de Liga\u00e7\u00f5es Quebradas \u00e9 gratuito?<\/h3>\n                                <\/div>\n                            <\/div>\n                            <div id=\"collapseFaq-2\" class=\"panel-collapse collapse\" itemprop=\"acceptedAnswer\" itemscope itemtype=\"http:\/\/schema.org\/Answer\">\n                                <div class=\"panel-body\" itemprop=\"text\">Sim, a ferramenta 404 Page Checker \u00e9 de utiliza\u00e7\u00e3o gratuita durante o per\u00edodo de teste (14 dias).<\/div>\n                            <\/div>\n                        <\/div><div class=\"panel\" itemscope itemtype=\"https:\/\/schema.org\/Question\" itemprop=\"mainEntity\">\n                            <div class=\"panel-heading\" id=\"headingFaq-3\">\n                                <div class=\"panel-title\" data-toggle=\"collapse\" aria-expanded=\"false\" href=\"#collapseFaq-3\">\n                                    <h3 itemprop=\"name\">Como fa\u00e7o para corrigir um link URL quebrado?<\/h3>\n                                <\/div>\n                            <\/div>\n                            <div id=\"collapseFaq-3\" class=\"panel-collapse collapse\" itemprop=\"acceptedAnswer\" itemscope itemtype=\"http:\/\/schema.org\/Answer\">\n                                <div class=\"panel-body\" itemprop=\"text\">Para corrigir um link URL quebrado, primeiro \u00e9 necess\u00e1rio identific\u00e1-lo. Uma vez identificado, restaure o conte\u00fado ligado ou substitua o endere\u00e7o web inacess\u00edvel por um v\u00e1lido.<\/div>\n                            <\/div>\n                        <\/div><div class=\"panel\" itemscope itemtype=\"https:\/\/schema.org\/Question\" itemprop=\"mainEntity\">\n                            <div class=\"panel-heading\" id=\"headingFaq-4\">\n                                <div class=\"panel-title\" data-toggle=\"collapse\" aria-expanded=\"false\" href=\"#collapseFaq-4\">\n                                    <h3 itemprop=\"name\">Como verifico se um link \u00e9 v\u00e1lido?<\/h3>\n                                <\/div>\n                            <\/div>\n                            <div id=\"collapseFaq-4\" class=\"panel-collapse collapse\" itemprop=\"acceptedAnswer\" itemscope itemtype=\"http:\/\/schema.org\/Answer\">\n                                <div class=\"panel-body\" itemprop=\"text\">A nossa ferramenta Broken Link Finder pode validar um link. Introduza o URL que pretende verificar e a ferramenta confirmar\u00e1 se a p\u00e1gina est\u00e1 funcional ou n\u00e3o.<\/div>\n                            <\/div>\n                        <\/div><\/div><\/div><\/p>","protected":false},"excerpt":{"rendered":"O que \u00e9 um verificador de p\u00e1ginas 404? Um verificador de links 404 \u00e9 uma solu\u00e7\u00e3o de software que ajuda os sites com links quebrados ou inativos. Estes hiperlinks, quando clicados, levam a p\u00e1ginas indispon\u00edveis ou erros 404, impactando negativamente a experi\u00eancia do utilizador e o SEO. Os motores de pesquisa podem considerar os sites&#8230;","protected":false},"author":10409641,"featured_media":3422,"parent":0,"menu_order":0,"comment_status":"closed","ping_status":"closed","template":"pages-templates\/pages-minitools-3.php","meta":[],"categories":[72],"tags":[],"_links":{"self":[{"href":"https:\/\/sitechecker.pro\/pt\/wp-json\/wp\/v2\/pages\/1208"}],"collection":[{"href":"https:\/\/sitechecker.pro\/pt\/wp-json\/wp\/v2\/pages"}],"about":[{"href":"https:\/\/sitechecker.pro\/pt\/wp-json\/wp\/v2\/types\/page"}],"author":[{"embeddable":true,"href":"https:\/\/sitechecker.pro\/pt\/wp-json\/wp\/v2\/users\/10409641"}],"replies":[{"embeddable":true,"href":"https:\/\/sitechecker.pro\/pt\/wp-json\/wp\/v2\/comments?post=1208"}],"version-history":[{"count":225,"href":"https:\/\/sitechecker.pro\/pt\/wp-json\/wp\/v2\/pages\/1208\/revisions"}],"predecessor-version":[{"id":36962,"href":"https:\/\/sitechecker.pro\/pt\/wp-json\/wp\/v2\/pages\/1208\/revisions\/36962"}],"wp:featuredmedia":[{"embeddable":true,"href":"https:\/\/sitechecker.pro\/pt\/wp-json\/wp\/v2\/media\/3422"}],"wp:attachment":[{"href":"https:\/\/sitechecker.pro\/pt\/wp-json\/wp\/v2\/media?parent=1208"}],"wp:term":[{"taxonomy":"category","embeddable":true,"href":"https:\/\/sitechecker.pro\/pt\/wp-json\/wp\/v2\/categories?post=1208"},{"taxonomy":"post_tag","embeddable":true,"href":"https:\/\/sitechecker.pro\/pt\/wp-json\/wp\/v2\/tags?post=1208"}],"curies":[{"name":"wp","href":"https:\/\/api.w.org\/{rel}","templated":true}]}}