{"id":11848,"date":"2021-02-18T18:39:03","date_gmt":"2021-02-18T16:39:03","guid":{"rendered":"https:\/\/sitechecker.pro\/?page_id=11848"},"modified":"2022-11-16T14:12:38","modified_gmt":"2022-11-16T14:12:38","slug":"educational-partnership","status":"publish","type":"page","link":"https:\/\/sitechecker.pro\/pt\/educational-partnership\/","title":{"rendered":"SEO Education Software for Universities, Training Centers &#038; Students \u1408"},"content":{"rendered":"<p><div class=\"partners-block__item\">\n                    <a href=\"https:\/\/netology.ru\/programs\/seo-specialist\" rel=\"dofollow\" target=\"_blank\">\n                        <div class=\"img-wrap\"><img src=\"https:\/\/sitechecker.pro\/wp-content\/uploads\/2021\/02\/log-netologia.png\" alt=\"netologia logo\" loading=\"lazy\"><\/div>\n                        <p>\u041d\u0435\u0442\u043e\u043b\u043e\u0433\u0438\u044f<\/p>\n                        <span>All-in-one educational platform with professional courses on digital marketing, programming, web design, analytics, and project management fields<\/span>\n                    <\/a>\n                <\/div><div class=\"partners-block__item\">\n                    <a href=\"https:\/\/prjctr.online\/?utm_source=zmi&utm_campaign=s&utm_content=brand\" rel=\"dofollow\" target=\"_blank\">\n                        <div class=\"img-wrap\"><img src=\"https:\/\/sitechecker.pro\/wp-content\/uploads\/2021\/02\/log-projector.png\" alt=\"projector creative logo\" loading=\"lazy\"><\/div>\n                        <p>Projector Creative & Tech Online School<\/p>\n                        <span>Practical skills courses for all levels: from junior to senior<\/span>\n                    <\/a>\n                <\/div><div class=\"partners-block__item\">\n                    <a href=\"https:\/\/webpromoexperts.net\/courses\/kursi-seo-optimizacii\/\" rel=\"dofollow\" target=\"_blank\">\n                        <div class=\"img-wrap\"><img src=\"https:\/\/sitechecker.pro\/wp-content\/uploads\/2021\/02\/log-webpromo.png\" alt=\"WebPromo logo\" loading=\"lazy\"><\/div>\n                        <p>WebPromo Experts<\/p>\n                        <span>Online academy for specialist training in the field of digital marketing<\/span>\n                    <\/a>\n                <\/div><\/p>","protected":false},"excerpt":{"rendered":"Desculpe, este conte\u00fado s\u00f3 est\u00e1 dispon\u00edvel em English e \u0420\u0443\u0441\u0441\u043a\u0438\u0439.","protected":false},"author":10409641,"featured_media":0,"parent":0,"menu_order":0,"comment_status":"closed","ping_status":"closed","template":"front-page.php","meta":[],"categories":[],"tags":[],"_links":{"self":[{"href":"https:\/\/sitechecker.pro\/pt\/wp-json\/wp\/v2\/pages\/11848"}],"collection":[{"href":"https:\/\/sitechecker.pro\/pt\/wp-json\/wp\/v2\/pages"}],"about":[{"href":"https:\/\/sitechecker.pro\/pt\/wp-json\/wp\/v2\/types\/page"}],"author":[{"embeddable":true,"href":"https:\/\/sitechecker.pro\/pt\/wp-json\/wp\/v2\/users\/10409641"}],"replies":[{"embeddable":true,"href":"https:\/\/sitechecker.pro\/pt\/wp-json\/wp\/v2\/comments?post=11848"}],"version-history":[{"count":61,"href":"https:\/\/sitechecker.pro\/pt\/wp-json\/wp\/v2\/pages\/11848\/revisions"}],"predecessor-version":[{"id":21332,"href":"https:\/\/sitechecker.pro\/pt\/wp-json\/wp\/v2\/pages\/11848\/revisions\/21332"}],"wp:attachment":[{"href":"https:\/\/sitechecker.pro\/pt\/wp-json\/wp\/v2\/media?parent=11848"}],"wp:term":[{"taxonomy":"category","embeddable":true,"href":"https:\/\/sitechecker.pro\/pt\/wp-json\/wp\/v2\/categories?post=11848"},{"taxonomy":"post_tag","embeddable":true,"href":"https:\/\/sitechecker.pro\/pt\/wp-json\/wp\/v2\/tags?post=11848"}],"curies":[{"name":"wp","href":"https:\/\/api.w.org\/{rel}","templated":true}]}}