{"id":1148,"date":"2018-01-10T09:47:14","date_gmt":"2018-01-10T09:47:14","guid":{"rendered":"https:\/\/sitechecker.pro\/?page_id=1148"},"modified":"2025-02-04T19:05:57","modified_gmt":"2025-02-04T19:05:57","slug":"mobile-friendly-test","status":"publish","type":"page","link":"https:\/\/sitechecker.pro\/pt\/mobile-friendly-test\/","title":{"rendered":"Teste de compatibilidade com dispositivos m\u00f3veis | Prepare-se para o Mobile-first no Google \u2611"},"content":{"rendered":"<p><\/p>\n<h2 id=\"par1\">O que \u00e9 o teste de compatibilidade com dispositivos m\u00f3veis?<\/h2>\n<p>O teste de compatibilidade com dispositivos m\u00f3veis do <a href=\"https:\/\/sitechecker.pro\/\" target=\"_blank\" rel=\"noopener noreferrer\">Sitechecker<\/a> avalia o desempenho de uma p\u00e1gina web ou de um site inteiro em dispositivos m\u00f3veis. Oferece uma auditoria completa para todas as p\u00e1ginas, para verificar os dados da janela de visualiza\u00e7\u00e3o, detetar plug-ins de browser n\u00e3o suportados, identificar problemas de compatibilidade com dispositivos m\u00f3veis e fornecer monitoriza\u00e7\u00e3o cont\u00ednua ou um relat\u00f3rio instant\u00e2neo para uma \u00fanica p\u00e1gina, analisando os dados da janela de visualiza\u00e7\u00e3o.<\/p>\n<h3>Como \u00e9 que a ferramenta o pode ajudar<\/h3>\n<p><strong>Facilidade de utiliza\u00e7\u00e3o em dispositivos m\u00f3veis de todas as p\u00e1ginas do site:<\/strong> identifica problemas de viewport, plugins de browser n\u00e3o suportados e outros problemas de usabilidade com monitoriza\u00e7\u00e3o cont\u00ednua (requer uma conta gratuita).<\/p>\n<p><strong>Teste m\u00f3vel de p\u00e1gina \u00fanica:<\/strong>analisa uma p\u00e1gina web espec\u00edfica para a configura\u00e7\u00e3o da janela de visualiza\u00e7\u00e3o e a compatibilidade m\u00f3vel b\u00e1sica.<\/p>\n<p><strong>Relat\u00f3rio detalhado de usabilidade m\u00f3vel:<\/strong> fornece informa\u00e7\u00f5es e recomenda\u00e7\u00f5es claras para melhorar o desempenho m\u00f3vel, a experi\u00eancia do utilizador e as classifica\u00e7\u00f5es de SEO.<\/p>\n<h3>Principais caracter\u00edsticas da ferramenta<\/h3>\n<p><strong>Painel unificado:<\/strong> fornece uma vis\u00e3o centralizada do desempenho do website, problemas de SEO e an\u00e1lises, facilitando a monitoriza\u00e7\u00e3o e gest\u00e3o de todas as auditorias do website num \u00fanico local.<\/p>\n<p><strong>Interface amig\u00e1vel:<\/strong> concebida para principiantes e especialistas, oferece uma navega\u00e7\u00e3o intuitiva, relat\u00f3rios claros e insights acion\u00e1veis \u200b\u200bsem exigir um conhecimento t\u00e9cnico profundo.<\/p>\n<p><strong>Conjunto completo de ferramentas de SEO:<\/strong> inclui auditorias de websites, rastreio de palavras-chave, testes de compatibilidade com dispositivos m\u00f3veis e outras ferramentas essenciais para otimizar o desempenho do website e as classifica\u00e7\u00f5es nos motores de busca.<\/p>\n<h2 id=\"par2\">Como utilizar a ferramenta<\/h2>\n<p>Para utilizar o Teste de compatibilidade com dispositivos m\u00f3veis, selecione o tipo de auditoria necess\u00e1ria. Selecione &#8220;Compatibilidade com dispositivos m\u00f3veis para todas as p\u00e1ginas&#8221; para uma an\u00e1lise abrangente do website ou &#8220;Compatibilidade com dispositivos m\u00f3veis da p\u00e1gina&#8221; para um relat\u00f3rio instant\u00e2neo de uma \u00fanica p\u00e1gina. Ap\u00f3s selecionar uma op\u00e7\u00e3o, clique no bot\u00e3o &#8220;Iniciar auditoria&#8221; para iniciar a an\u00e1lise.<\/p>\n<div class=\"content__img-wrap\"><img src=\"https:\/\/sitechecker.pro\/wp-content\/uploads\/2025\/02\/choose-audit-option-1.png\" alt=\"Escolha a op\u00e7\u00e3o de auditoria\" class=\"description-img description-img-zoom\" loading=\"lazy\" ><\/div>\n<h2 id=\"par3\">Teste de compatibilidade de sites para dispositivos m\u00f3veis<\/h2>\n<h3>Passo 1: Introduza o endere\u00e7o URL do dom\u00ednio<\/h3>\n<div class=\"content__img-wrap\"><img src=\"https:\/\/sitechecker.pro\/wp-content\/uploads\/2025\/02\/mobile-friendliness-all-pages.png\" alt=\"Compatibilidade com dispositivos m\u00f3veis em todas as p\u00e1ginas\" class=\"description-img description-img-zoom\" loading=\"lazy\" ><\/div>\n<div class=\"important-block\">Para receber resultados e acesso \u00e0s funcionalidades do Sitechecker durante 14 dias, inicie o seu teste GRATUITO. \u00c9 f\u00e1cil registar-se com o seu e-mail, conta Google ou Facebook. N\u00e3o \u00e9 necess\u00e1rio cart\u00e3o de cr\u00e9dito.<\/div>\n<h3>Passo 2: Obtenha os resultados<\/h3>\n<p>Identifique problemas que afetam a utiliza\u00e7\u00e3o m\u00f3vel do seu website, incluindo m\u00e1 experi\u00eancia do utilizador, problemas de navega\u00e7\u00e3o e inconsist\u00eancias de exibi\u00e7\u00e3o. Obtenha insights pr\u00e1ticos, p\u00e1ginas afetadas e corre\u00e7\u00f5es passo a passo para otimizar o seu website e obter um desempenho perfeito em dispositivos m\u00f3veis.<\/p>\n<div class=\"content__img-wrap\"><img src=\"https:\/\/sitechecker.pro\/wp-content\/uploads\/2025\/02\/mobile-friendliness-issues.png\" alt=\"Problemas de compatibilidade com dispositivos m\u00f3veis\" class=\"description-img description-img-zoom\" loading=\"lazy\" ><\/div>\n<h3>Caracter\u00edsticas adicionais da ferramenta<\/h3>\n<p>V\u00e1 al\u00e9m da compatibilidade com dispositivos m\u00f3veis com uma auditoria completa do website. Obtenha relat\u00f3rios detalhados sobre erros cr\u00edticos, avisos e oportunidades de otimiza\u00e7\u00e3o. Analise problemas de indexa\u00e7\u00e3o, relev\u00e2ncia do conte\u00fado, vulnerabilidades de seguran\u00e7a, conte\u00fado duplicado e velocidade da p\u00e1gina. Filtre, priorize e resolva problemas facilmente com recomenda\u00e7\u00f5es pr\u00e1ticas para um website totalmente otimizado.<\/p>\n<div class=\"content__img-wrap\"><img src=\"https:\/\/sitechecker.pro\/wp-content\/uploads\/2025\/02\/site-audit-issues-1.png\" alt=\"Problemas de auditoria do site\" class=\"description-img description-img-zoom\" loading=\"lazy\" ><\/div>\n<h2 id=\"par4\">Teste a compatibilidade da p\u00e1gina com dispositivos m\u00f3veis<\/h2>\n<h3>Passo 1: Escolha a p\u00e1gina de inspe\u00e7\u00e3o de compatibilidade com dispositivos m\u00f3veis e inicie a auditoria<\/h3>\n<div class=\"content__img-wrap\"><img src=\"https:\/\/sitechecker.pro\/wp-content\/uploads\/2025\/02\/mobile-friendliness-one-page.png\" alt=\"Compatibilidade com dispositivos m\u00f3veis numa p\u00e1gina\" class=\"description-img description-img-zoom\" loading=\"lazy\" ><\/div>\n<h3>Passo 2: Obtenha os resultados<\/h3>\n<p>Analise a compatibilidade e o desempenho da sua p\u00e1gina web com dispositivos m\u00f3veis com o Google PageSpeed \u200b\u200bInsights em tempo real. Identifique problemas cr\u00edticos de carregamento, estrangulamentos de velocidade e oportunidades de otimiza\u00e7\u00e3o para melhorar a experi\u00eancia do utilizador e as classifica\u00e7\u00f5es de pesquisa. Obtenha recomenda\u00e7\u00f5es pr\u00e1ticas para melhorar a capacidade de resposta e os tempos de carregamento em todos os dispositivos.<\/p>\n<p>[url da imagem=&#8221;https:\/\/sitechecker.pro\/wp-content\/uploads\/2025\/02\/mobile-pagespeed-insights.png&#8221; alt=&#8221;Insights do Mobile PageSpeed&#8221;]<\/p>\n<p>Descubra todas as funcionalidades da ferramenta na sec\u00e7\u00e3o Auditoria do Site. Explore a vers\u00e3o de demonstra\u00e7\u00e3o para ver como o Sitechecker aborda os principais desafios t\u00e9cnicos de SEO e otimiza o desempenho do seu website.<\/p>\n<div class=\"content__img-wrap\"><img src=\"https:\/\/sitechecker.pro\/wp-content\/uploads\/2025\/02\/site-audit-1.png\" alt=\"Auditoria do Site\" class=\"description-img description-img-zoom\" loading=\"lazy\" ><\/div>\n<h3>Caracter\u00edsticas adicionais do Teste de compatibilidade com dispositivos m\u00f3veis da Google<\/h3>\n<p>Obtenha insights mais profundos para al\u00e9m da compatibilidade com dispositivos m\u00f3veis com uma vis\u00e3o geral detalhada do problema. Identifique erros cr\u00edticos, avisos e estrangulamentos de desempenho, como tempos de carregamento lentos, liga\u00e7\u00f5es quebradas e problemas de indexa\u00e7\u00e3o. O painel de navega\u00e7\u00e3o de p\u00e1ginas simplifica as melhorias de SEO ao otimizar a velocidade, corrigir erros, refinar o conte\u00fado, validar esquemas, melhorar imagens, analisar palavras-chave, etc.<\/p>\n<div class=\"content__img-wrap\"><img src=\"https:\/\/sitechecker.pro\/wp-content\/uploads\/2025\/02\/issues-overview-1.png\" alt=\"Vis\u00e3o geral dos problemas\" class=\"description-img description-img-zoom\" loading=\"lazy\" ><\/div>\n<h2 id=\"par5\">Ideia Final<\/h2>\n<p>O teste de compatibilidade de sites com dispositivos m\u00f3veis avalia o desempenho do seu site em dispositivos m\u00f3veis, detetando problemas de usabilidade e fornecendo corre\u00e7\u00f5es pr\u00e1ticas. Oferece uma auditoria completa do website ou uma an\u00e1lise de p\u00e1gina \u00fanica, juntamente com uma auditoria SEO abrangente para identificar problemas de indexa\u00e7\u00e3o, seguran\u00e7a e velocidade. Com um painel de f\u00e1cil utiliza\u00e7\u00e3o, simplifica as melhorias de SEO para melhorar as classifica\u00e7\u00f5es e a experi\u00eancia do utilizador.<\/p>\n<div id=\"par6\"><\/div>\n<p><div class=\"front__faq-block\"><div class=\"faq__block-title\">FAQ<\/div><div class=\"panel-group\" id=\"faq-accordion\" itemscope itemtype=\"https:\/\/schema.org\/FAQPage\" role=\"tablist\" aria-multiselectable=\"true\"><div class=\"panel\" itemscope itemtype=\"https:\/\/schema.org\/Question\" itemprop=\"mainEntity\">\n                            <div class=\"panel-heading\" id=\"headingFaq-1\">\n                                <div class=\"panel-title\" data-toggle=\"collapse\" aria-expanded=\"false\" href=\"#collapseFaq-1\">\n                                    <h3 itemprop=\"name\">O que analisa o Mobile-Friendly Checker para al\u00e9m das defini\u00e7\u00f5es da janela de visualiza\u00e7\u00e3o?<\/h3>\n                                <\/div>\n                            <\/div>\n                            <div id=\"collapseFaq-1\" class=\"panel-collapse collapse\" itemprop=\"acceptedAnswer\" itemscope itemtype=\"http:\/\/schema.org\/Answer\">\n                                <div class=\"panel-body\" itemprop=\"text\">Deteta plugins de browser n\u00e3o suportados, problemas de navega\u00e7\u00e3o e inconsist\u00eancias de exibi\u00e7\u00e3o, garantindo uma experi\u00eancia m\u00f3vel perfeita.<\/div>\n                            <\/div>\n                        <\/div><div class=\"panel\" itemscope itemtype=\"https:\/\/schema.org\/Question\" itemprop=\"mainEntity\">\n                            <div class=\"panel-heading\" id=\"headingFaq-2\">\n                                <div class=\"panel-title\" data-toggle=\"collapse\" aria-expanded=\"false\" href=\"#collapseFaq-2\">\n                                    <h3 itemprop=\"name\">Como \u00e9 que a ferramenta ajuda com o SEO para al\u00e9m da compatibilidade com dispositivos m\u00f3veis?<\/h3>\n                                <\/div>\n                            <\/div>\n                            <div id=\"collapseFaq-2\" class=\"panel-collapse collapse\" itemprop=\"acceptedAnswer\" itemscope itemtype=\"http:\/\/schema.org\/Answer\">\n                                <div class=\"panel-body\" itemprop=\"text\">Fornece uma auditoria completa do website, analisando a indexa\u00e7\u00e3o, conte\u00fado duplicado, vulnerabilidades de seguran\u00e7a, velocidade da p\u00e1gina e links partidos.<\/div>\n                            <\/div>\n                        <\/div><div class=\"panel\" itemscope itemtype=\"https:\/\/schema.org\/Question\" itemprop=\"mainEntity\">\n                            <div class=\"panel-heading\" id=\"headingFaq-3\">\n                                <div class=\"panel-title\" data-toggle=\"collapse\" aria-expanded=\"false\" href=\"#collapseFaq-3\">\n                                    <h3 itemprop=\"name\">Posso monitorizar o desempenho do telem\u00f3vel ao longo do tempo?<\/h3>\n                                <\/div>\n                            <\/div>\n                            <div id=\"collapseFaq-3\" class=\"panel-collapse collapse\" itemprop=\"acceptedAnswer\" itemscope itemtype=\"http:\/\/schema.org\/Answer\">\n                                <div class=\"panel-body\" itemprop=\"text\">Sim, a monitoriza\u00e7\u00e3o cont\u00ednua est\u00e1 dispon\u00edvel com uma conta gratuita, ajudando-o a rastrear e resolver problemas de forma proativa.<\/div>\n                            <\/div>\n                        <\/div><div class=\"panel\" itemscope itemtype=\"https:\/\/schema.org\/Question\" itemprop=\"mainEntity\">\n                            <div class=\"panel-heading\" id=\"headingFaq-4\">\n                                <div class=\"panel-title\" data-toggle=\"collapse\" aria-expanded=\"false\" href=\"#collapseFaq-4\">\n                                    <h3 itemprop=\"name\">Como come\u00e7o a utilizar a Ferramenta de Teste de Compatibilidade com Dispositivos M\u00f3veis?<\/h3>\n                                <\/div>\n                            <\/div>\n                            <div id=\"collapseFaq-4\" class=\"panel-collapse collapse\" itemprop=\"acceptedAnswer\" itemscope itemtype=\"http:\/\/schema.org\/Answer\">\n                                <div class=\"panel-body\" itemprop=\"text\">Introduza o URL do seu website, selecione uma auditoria de website completa ou de p\u00e1gina \u00fanica e clique em 'Iniciar auditoria' para receber insights e recomenda\u00e7\u00f5es instant\u00e2neas.<\/div>\n                            <\/div>\n                        <\/div><\/div><\/div><\/p>","protected":false},"excerpt":{"rendered":"O que \u00e9 o teste de compatibilidade com dispositivos m\u00f3veis? O teste de compatibilidade com dispositivos m\u00f3veis do Sitechecker avalia o desempenho de uma p\u00e1gina web ou de um site inteiro em dispositivos m\u00f3veis. Oferece uma auditoria completa para todas as p\u00e1ginas, para verificar os dados da janela de visualiza\u00e7\u00e3o, detetar plug-ins de browser n\u00e3o&#8230;","protected":false},"author":10409641,"featured_media":3433,"parent":0,"menu_order":0,"comment_status":"closed","ping_status":"closed","template":"pages-templates\/pages-minitools-3.php","meta":[],"categories":[74],"tags":[],"_links":{"self":[{"href":"https:\/\/sitechecker.pro\/pt\/wp-json\/wp\/v2\/pages\/1148"}],"collection":[{"href":"https:\/\/sitechecker.pro\/pt\/wp-json\/wp\/v2\/pages"}],"about":[{"href":"https:\/\/sitechecker.pro\/pt\/wp-json\/wp\/v2\/types\/page"}],"author":[{"embeddable":true,"href":"https:\/\/sitechecker.pro\/pt\/wp-json\/wp\/v2\/users\/10409641"}],"replies":[{"embeddable":true,"href":"https:\/\/sitechecker.pro\/pt\/wp-json\/wp\/v2\/comments?post=1148"}],"version-history":[{"count":33,"href":"https:\/\/sitechecker.pro\/pt\/wp-json\/wp\/v2\/pages\/1148\/revisions"}],"predecessor-version":[{"id":35299,"href":"https:\/\/sitechecker.pro\/pt\/wp-json\/wp\/v2\/pages\/1148\/revisions\/35299"}],"wp:featuredmedia":[{"embeddable":true,"href":"https:\/\/sitechecker.pro\/pt\/wp-json\/wp\/v2\/media\/3433"}],"wp:attachment":[{"href":"https:\/\/sitechecker.pro\/pt\/wp-json\/wp\/v2\/media?parent=1148"}],"wp:term":[{"taxonomy":"category","embeddable":true,"href":"https:\/\/sitechecker.pro\/pt\/wp-json\/wp\/v2\/categories?post=1148"},{"taxonomy":"post_tag","embeddable":true,"href":"https:\/\/sitechecker.pro\/pt\/wp-json\/wp\/v2\/tags?post=1148"}],"curies":[{"name":"wp","href":"https:\/\/api.w.org\/{rel}","templated":true}]}}