{"id":1133,"date":"2020-07-08T14:32:58","date_gmt":"2020-07-08T12:32:58","guid":{"rendered":"https:\/\/sitechecker.pro\/?page_id=1133"},"modified":"2026-02-16T17:01:21","modified_gmt":"2026-02-16T17:01:21","slug":"page-size","status":"publish","type":"page","link":"https:\/\/sitechecker.pro\/pt\/page-size\/","title":{"rendered":"Verificador do tamanho da p\u00e1gina Web: Teste o tamanho da p\u00e1gina HTML em Kilobytes \u2611"},"content":{"rendered":"<p><\/p>\n<h2 id=\"par1\">O que \u00e9 o Verificador de Tamanho de P\u00e1gina?<\/h2>\n<p>O Page Size Checker do <a href=\"https:\/\/sitechecker.pro\/\" target=\"_blank\" rel=\"noopener noreferrer\">Sitechecker<\/a> \u00e9 uma ferramenta que analisa o tamanho das p\u00e1ginas web em megabytes para ajudar a otimizar o desempenho. Oferece duas op\u00e7\u00f5es de auditoria: uma verifica\u00e7\u00e3o r\u00e1pida do tamanho de uma \u00fanica p\u00e1gina e uma an\u00e1lise abrangente de todos os URLs do website, identificando os grandes, problemas relacionados com o tamanho e monitoriza\u00e7\u00e3o cont\u00ednua.<\/p>\n<h3>Como \u00e9 que a ferramenta o pode ajudar<\/h3>\n<p><strong>Identifica conte\u00fado demasiado grande:<\/strong>analisa os tamanhos das p\u00e1ginas e destaca ficheiros grandes que tornam o carregamento mais lento.<\/p>\n<p><strong>Otimiza as dimens\u00f5es do conte\u00fado:<\/strong> garante que os URLs se mant\u00eam dentro dos limites de tamanho ideais para uma melhor indexa\u00e7\u00e3o e classifica\u00e7\u00e3o nos motores de busca.<\/p>\n<p><strong>Monitoriza os tamanhos das p\u00e1ginas:<\/strong> acompanha as varia\u00e7\u00f5es ao longo do tempo, ajudando a detetar e gerir os tamanhos crescentes antes que estes afetem o desempenho.<\/p>\n<h3>Principais caracter\u00edsticas da ferramenta<\/h3>\n<p><strong>Painel unificado:<\/strong> fornece um hub centralizado para monitorizar o desempenho do website e os problemas de SEO num \u00fanico local.<\/p>\n<p><strong>Interface amig\u00e1vel:<\/strong> concebida para uma f\u00e1cil utiliza\u00e7\u00e3o com uma navega\u00e7\u00e3o intuitiva, tornando a an\u00e1lise do website acess\u00edvel para todos os utilizadores.<\/p>\n<p><strong>Conjunto completo de ferramentas de SEO:<\/strong> oferece uma gama abrangente de ferramentas para an\u00e1lise de SEO, auditorias de websites, rastreio de classifica\u00e7\u00f5es e otimiza\u00e7\u00e3o cont\u00ednua.<\/p>\n<h2 id=\"par2\">Como utilizar a ferramenta<\/h2>\n<p>Para utilizar o Verificador de Peso de P\u00e1gina, basta escolher uma op\u00e7\u00e3o de auditoria com base nas suas necessidades. Selecione &#8220;Testar tamanho da p\u00e1gina&#8221; para uma verifica\u00e7\u00e3o instant\u00e2nea do tamanho de uma \u00fanica p\u00e1gina ou &#8220;Testar tamanhos de p\u00e1gina de todas as p\u00e1ginas&#8221; para uma an\u00e1lise completa do website. Depois de selecionar a sua op\u00e7\u00e3o preferida, clique em &#8220;Iniciar auditoria&#8221; para gerar o relat\u00f3rio e identificar quaisquer problemas relacionados com o tamanho.<\/p>\n<h2 id=\"par3\">Verificador do tamanho da p\u00e1gina de todos os URLs dos sites<\/h2>\n<h3>Passo 1: Introduza o endere\u00e7o URL do seu dom\u00ednio e escolha a op\u00e7\u00e3o todas as p\u00e1ginas<\/h3>\n<div class=\"content__img-wrap\"><img src=\"https:\/\/sitechecker.pro\/wp-content\/uploads\/2025\/02\/test-page-sizes-all-pages.png\" alt=\"Tamanhos das p\u00e1ginas de teste Todas as p\u00e1ginas\" class=\"description-img description-img-zoom\" loading=\"lazy\" ><\/div>\n<div class=\"important-block\">Para receber resultados e acesso \u00e0s funcionalidades do Sitechecker durante 14 dias, inicie o seu teste GRATUITO. \u00c9 f\u00e1cil registar-se com o seu e-mail, conta Google ou Facebook. N\u00e3o \u00e9 necess\u00e1rio cart\u00e3o de cr\u00e9dito.<\/div>\n<h3>Passo 2: Obtenha os resultados<\/h3>\n<p>Identifique URLs muito grandes que podem tornar o seu website lento, afetar as classifica\u00e7\u00f5es de SEO e reduzir as convers\u00f5es. Obtenha uma an\u00e1lise detalhada dos pesos, p\u00e1ginas afetadas e recomenda\u00e7\u00f5es de otimiza\u00e7\u00e3o para melhorar o desempenho.<\/p>\n<div class=\"content__img-wrap\"><img src=\"https:\/\/sitechecker.pro\/wp-content\/uploads\/2025\/02\/check-page-size-issues.png\" alt=\"Verificar problemas de tamanho de p\u00e1gina\" class=\"description-img description-img-zoom\" loading=\"lazy\" ><\/div>\n<h3>Caracter\u00edsticas adicionais<\/h3>\n<p>Obtenha insights mais profundos para al\u00e9m do tamanho da p\u00e1gina, incluindo problemas cr\u00edticos de SEO, desempenho de velocidade, estado de indexa\u00e7\u00e3o e integridade dos links. Identifique URLs afetados, categorize problemas e aceda a relat\u00f3rios detalhados com recomenda\u00e7\u00f5es de otimiza\u00e7\u00e3o para melhorar a efici\u00eancia do website.<\/p>\n<div class=\"content__img-wrap\"><img src=\"https:\/\/sitechecker.pro\/wp-content\/uploads\/2025\/02\/site-audit-issues-2.png\" alt=\"Problemas de auditoria do site\" class=\"description-img description-img-zoom\" loading=\"lazy\" ><\/div>\n<h2 id=\"par4\">Verificador do tamanho da p\u00e1gina Web<\/h2>\n<h3>Passo 1: Introduza o endere\u00e7o URL da p\u00e1gina e clique em \u201cIniciar auditoria\u201d<\/h3>\n<div class=\"content__img-wrap\"><img src=\"https:\/\/sitechecker.pro\/wp-content\/uploads\/2025\/02\/test-page-size.png\" alt=\"Tamanho da p\u00e1gina de teste\" class=\"description-img description-img-zoom\" loading=\"lazy\" ><\/div>\n<h3>Passo 2: Obtenha os resultados<\/h3>\n<p>Obtenha insights instant\u00e2neos sobre o peso do seu URL, incluindo o peso total em MB, c\u00f3digo de estado, indexabilidade e impacto no desempenho. Identifique aqueles muito grandes que podem afetar a velocidade de carregamento e o SEO, garantindo a efici\u00eancia ideal do website.<\/p>\n<div class=\"content__img-wrap\"><img src=\"https:\/\/sitechecker.pro\/wp-content\/uploads\/2025\/02\/on-page-seo-checker-page-size.png\" alt=\"Tamanho da p\u00e1gina do On Page SEO Checker\" class=\"description-img description-img-zoom\" loading=\"lazy\" ><\/div>\n<p>Desbloqueie todo o potencial da ferramenta na sec\u00e7\u00e3o Auditoria do Website. Experimente a demonstra\u00e7\u00e3o para ver como deteta problemas cr\u00edticos de SEO, melhora o desempenho do website e simplifica a otimiza\u00e7\u00e3o t\u00e9cnica.<\/p>\n<div class=\"content__img-wrap\"><img src=\"https:\/\/sitechecker.pro\/wp-content\/uploads\/2025\/02\/site-audit-2.png\" alt=\"Auditoria do Site\" class=\"description-img description-img-zoom\" loading=\"lazy\" ><\/div>\n<h3>Caracter\u00edsticas adicionais da verifica\u00e7\u00e3o do tamanho da p\u00e1gina<\/h3>\n<p>Obtenha uma an\u00e1lise completa da p\u00e1gina web, incluindo insights de velocidade, avisos de SEO, otimiza\u00e7\u00e3o de conte\u00fado e estado de indexa\u00e7\u00e3o. Identifique tempos de carregamento lentos, links partidos e problemas de indexa\u00e7\u00e3o. O painel de navega\u00e7\u00e3o simplifica as corre\u00e7\u00f5es de SEO, melhora a velocidade, otimiza o conte\u00fado e melhora as imagens com recomenda\u00e7\u00f5es pr\u00e1ticas.<\/p>\n<div class=\"content__img-wrap\"><img src=\"https:\/\/sitechecker.pro\/wp-content\/uploads\/2025\/02\/issues-overview-2.png\" alt=\"Vis\u00e3o geral dos problemas\" class=\"description-img description-img-zoom\" loading=\"lazy\" ><\/div>\n<h2 id=\"par5\">Ideia Final<\/h2>\n<p>O verificador de tamanho de websites online ajuda a analisar o tamanho das p\u00e1ginas web para otimizar o desempenho e o SEO. Oferece verifica\u00e7\u00f5es r\u00e1pidas de URLs individuais e auditorias completas do website para identificar p\u00e1ginas muito grandes e problemas relacionados. A ferramenta acompanha as varia\u00e7\u00f5es de peso, garante uma indexa\u00e7\u00e3o ideal e fornece recomenda\u00e7\u00f5es pr\u00e1ticas para melhorias. Com um painel unificado, interface de f\u00e1cil utiliza\u00e7\u00e3o e conjunto completo de ferramentas de SEO, simplifica a an\u00e1lise do website. As caracter\u00edsticas adicionais incluem insights cr\u00edticos de SEO, avalia\u00e7\u00e3o de desempenho de velocidade e monitoriza\u00e7\u00e3o do estado de indexa\u00e7\u00e3o.<\/p>\n<div id=\"par6\"><\/div>\n<p><div class=\"front__faq-block\"><div class=\"faq__block-title\">FAQ<\/div><div class=\"panel-group\" id=\"faq-accordion\" itemscope itemtype=\"https:\/\/schema.org\/FAQPage\" role=\"tablist\" aria-multiselectable=\"true\"><div class=\"panel\" itemscope itemtype=\"https:\/\/schema.org\/Question\" itemprop=\"mainEntity\">\n                            <div class=\"panel-heading\" id=\"headingFaq-1\">\n                                <div class=\"panel-title\" data-toggle=\"collapse\" aria-expanded=\"false\" href=\"#collapseFaq-1\">\n                                    <h3 itemprop=\"name\">Qual \u00e9 a diferen\u00e7a entre verificar o tamanho de um \u00fanico URL e auditar todas as p\u00e1ginas?<\/h3>\n                                <\/div>\n                            <\/div>\n                            <div id=\"collapseFaq-1\" class=\"panel-collapse collapse\" itemprop=\"acceptedAnswer\" itemscope itemtype=\"http:\/\/schema.org\/Answer\">\n                                <div class=\"panel-body\" itemprop=\"text\">Verificar um \u00fanico URL fornece insights instant\u00e2neos sobre o peso, enquanto uma auditoria completa do website deteta conte\u00fado muito grande e problemas de desempenho.<\/div>\n                            <\/div>\n                        <\/div><div class=\"panel\" itemscope itemtype=\"https:\/\/schema.org\/Question\" itemprop=\"mainEntity\">\n                            <div class=\"panel-heading\" id=\"headingFaq-2\">\n                                <div class=\"panel-title\" data-toggle=\"collapse\" aria-expanded=\"false\" href=\"#collapseFaq-2\">\n                                    <h3 itemprop=\"name\">O Detector de Tamanho de P\u00e1gina suporta a monitoriza\u00e7\u00e3o cont\u00ednua?<\/h3>\n                                <\/div>\n                            <\/div>\n                            <div id=\"collapseFaq-2\" class=\"panel-collapse collapse\" itemprop=\"acceptedAnswer\" itemscope itemtype=\"http:\/\/schema.org\/Answer\">\n                                <div class=\"panel-body\" itemprop=\"text\">Sim, a ferramenta acompanha as altera\u00e7\u00f5es no peso da p\u00e1gina ao longo do tempo, ajudando a detetar e gerir aumentos antes que estes afetem o desempenho.<\/div>\n                            <\/div>\n                        <\/div><div class=\"panel\" itemscope itemtype=\"https:\/\/schema.org\/Question\" itemprop=\"mainEntity\">\n                            <div class=\"panel-heading\" id=\"headingFaq-3\">\n                                <div class=\"panel-title\" data-toggle=\"collapse\" aria-expanded=\"false\" href=\"#collapseFaq-3\">\n                                    <h3 itemprop=\"name\">Existe uma forma de automatizar auditorias de sites?<\/h3>\n                                <\/div>\n                            <\/div>\n                            <div id=\"collapseFaq-3\" class=\"panel-collapse collapse\" itemprop=\"acceptedAnswer\" itemscope itemtype=\"http:\/\/schema.org\/Answer\">\n                                <div class=\"panel-body\" itemprop=\"text\">Sim, o Sitechecker oferece rastreio agendado e monitoriza\u00e7\u00e3o autom\u00e1tica para acompanhar as altera\u00e7\u00f5es de SEO e desempenho.<\/div>\n                            <\/div>\n                        <\/div><div class=\"panel\" itemscope itemtype=\"https:\/\/schema.org\/Question\" itemprop=\"mainEntity\">\n                            <div class=\"panel-heading\" id=\"headingFaq-4\">\n                                <div class=\"panel-title\" data-toggle=\"collapse\" aria-expanded=\"false\" href=\"#collapseFaq-4\">\n                                    <h3 itemprop=\"name\">O que acontece se o tamanho da minha p\u00e1gina for demasiado grande?<\/h3>\n                                <\/div>\n                            <\/div>\n                            <div id=\"collapseFaq-4\" class=\"panel-collapse collapse\" itemprop=\"acceptedAnswer\" itemscope itemtype=\"http:\/\/schema.org\/Answer\">\n                                <div class=\"panel-body\" itemprop=\"text\">A ferramenta fornece recomenda\u00e7\u00f5es como a compress\u00e3o de imagens, minimiza\u00e7\u00e3o de c\u00f3digo e otimiza\u00e7\u00e3o de recursos para reduzir o peso e melhorar o desempenho.<\/div>\n                            <\/div>\n                        <\/div><div class=\"panel\" itemscope itemtype=\"https:\/\/schema.org\/Question\" itemprop=\"mainEntity\">\n                            <div class=\"panel-heading\" id=\"headingFaq-5\">\n                                <div class=\"panel-title\" data-toggle=\"collapse\" aria-expanded=\"false\" href=\"#collapseFaq-5\">\n                                    <h3 itemprop=\"name\">A ferramenta fornece recomenda\u00e7\u00f5es para corrigir os problemas detetados?<\/h3>\n                                <\/div>\n                            <\/div>\n                            <div id=\"collapseFaq-5\" class=\"panel-collapse collapse\" itemprop=\"acceptedAnswer\" itemscope itemtype=\"http:\/\/schema.org\/Answer\">\n                                <div class=\"panel-body\" itemprop=\"text\">Sim, cada problema identificado vem com corre\u00e7\u00f5es pr\u00e1ticas para otimizar o desempenho do site e o SEO.<\/div>\n                            <\/div>\n                        <\/div><\/div><\/div><\/p>","protected":false},"excerpt":{"rendered":"O que \u00e9 o Verificador de Tamanho de P\u00e1gina? O Page Size Checker do Sitechecker \u00e9 uma ferramenta que analisa o tamanho das p\u00e1ginas web em megabytes para ajudar a otimizar o desempenho. Oferece duas op\u00e7\u00f5es de auditoria: uma verifica\u00e7\u00e3o r\u00e1pida do tamanho de uma \u00fanica p\u00e1gina e uma an\u00e1lise abrangente de todos os URLs&#8230;","protected":false},"author":10409641,"featured_media":3353,"parent":0,"menu_order":0,"comment_status":"closed","ping_status":"closed","template":"pages-templates\/pages-minitools-3.php","meta":[],"categories":[74],"tags":[],"_links":{"self":[{"href":"https:\/\/sitechecker.pro\/pt\/wp-json\/wp\/v2\/pages\/1133"}],"collection":[{"href":"https:\/\/sitechecker.pro\/pt\/wp-json\/wp\/v2\/pages"}],"about":[{"href":"https:\/\/sitechecker.pro\/pt\/wp-json\/wp\/v2\/types\/page"}],"author":[{"embeddable":true,"href":"https:\/\/sitechecker.pro\/pt\/wp-json\/wp\/v2\/users\/10409641"}],"replies":[{"embeddable":true,"href":"https:\/\/sitechecker.pro\/pt\/wp-json\/wp\/v2\/comments?post=1133"}],"version-history":[{"count":10,"href":"https:\/\/sitechecker.pro\/pt\/wp-json\/wp\/v2\/pages\/1133\/revisions"}],"predecessor-version":[{"id":39296,"href":"https:\/\/sitechecker.pro\/pt\/wp-json\/wp\/v2\/pages\/1133\/revisions\/39296"}],"wp:featuredmedia":[{"embeddable":true,"href":"https:\/\/sitechecker.pro\/pt\/wp-json\/wp\/v2\/media\/3353"}],"wp:attachment":[{"href":"https:\/\/sitechecker.pro\/pt\/wp-json\/wp\/v2\/media?parent=1133"}],"wp:term":[{"taxonomy":"category","embeddable":true,"href":"https:\/\/sitechecker.pro\/pt\/wp-json\/wp\/v2\/categories?post=1133"},{"taxonomy":"post_tag","embeddable":true,"href":"https:\/\/sitechecker.pro\/pt\/wp-json\/wp\/v2\/tags?post=1133"}],"curies":[{"name":"wp","href":"https:\/\/api.w.org\/{rel}","templated":true}]}}