{"id":11266,"date":"2021-01-04T18:17:45","date_gmt":"2021-01-04T16:17:45","guid":{"rendered":"https:\/\/sitechecker.pro\/?page_id=11266"},"modified":"2024-10-03T13:51:23","modified_gmt":"2024-10-03T13:51:23","slug":"game-hosting","status":"publish","type":"page","link":"https:\/\/sitechecker.pro\/pt\/web-hosting\/game-hosting\/","title":{"rendered":"Melhores Servi\u00e7os de Hospedagem Para Servidores de Jogos | Sitechecker"},"content":{"rendered":"<p><span style=\"font-weight: 400;\">O que \u00e9 um servidor dedicado de jogos e por que isso importa hoje? A hospedagem de jogos \u00e9 feita basicamente atrav\u00e9s de VPS e da hospedagem dedicada. Mas ela \u00e9 diferenciada por ter um painel de controlo espec\u00edfico (ou complementos sobre o sistema padr\u00e3o), e por um servidor de software totalmente personalizado para jogos espec\u00edficos com base nos seus requisitos.\u00a0<\/span><\/p>\n<p><span style=\"font-weight: 400;\">A hospedagem dedicada de servidores de jogos tornou-se popular devido \u00e0 crescente demanda de clientes online que buscam por entretenimento. Al\u00e9m disso, a ascens\u00e3o de jogos multiplayer como Minecraft, CS: GO ou Counter Strike1.6 tamb\u00e9m nos leva a escolher o melhor servidor de jogos entre todas as variedades do mercado.<\/span><\/p>\n<p>&nbsp;<\/p>\n<p><span style=\"font-weight: 400;\">Uma s\u00e9rie de requisitos s\u00e3o impostos a essa hospedagem, tanto para os componentes de hardware quanto de software, para que o projeto s\u00f3 se torne demanda em um ambiente competitivo. Se voc\u00ea est\u00e1 a pensar em usar um servidor de hospedagem de jogos, ent\u00e3o as nossas avalia\u00e7\u00f5es permitir\u00e3o que voc\u00ea hospede o seu jogo favorito nos melhores servidores do mercado.\u00a0<\/span><\/p>\n<h2><span style=\"font-weight: 400;\">5 Melhores Provedores de Hospedagem de Jogos<\/span><\/h2>\n<ol>\n<li><a href=\"#ik_knownhost\">KnownHost<\/a> \u2013 Hospedagem de servidor de jogos barata (de US$ 28 a US$ 158)<\/li>\n<li><a href=\"#ik_gameservers\">GameServers<\/a> \u2013 A melhor hospedagem dedicada de servidores de jogos (de US$ 69,99 a US$ 179,99)<\/li>\n<li><a href=\"#ik_servermania\">Servermania<\/a> \u2013 Hospedagem acess\u00edvel de servidores de jogos (de US$ 90 a US$ 980)<\/li>\n<li><a href=\"#ik_a2hosting\">A2Hosting<\/a> \u2013 A hospedagem mais r\u00e1pida de servidores de jogos (de US$ 99,59 a US$ 141,09)<\/li>\n<li><a href=\"#ik_inmotion\">InMotion<\/a> \u2013 Os melhores servi\u00e7os de hospedagem de jogos (de US$ 99,99 a US$ 139,99)<\/li>\n<\/ol>\n<h2><span style=\"font-weight: 400;\">Como Escolher a Melhor Hospedagem do Servidor de Jogos?<\/span><\/h2>\n<p><span style=\"font-weight: 400;\">Para garantir o funcionamento est\u00e1vel do servidor de jogos, voc\u00ea deve escolher um provedor confi\u00e1vel. Os crit\u00e9rios a serem considerados ao escolher servi\u00e7os s\u00e3o semelhantes aos crit\u00e9rios para escolher servidores para outros tipos de hospedagem, mas s\u00e3o v\u00e1rios recursos fundamentais a serem considerados. Considere os seguintes fatores de sele\u00e7\u00e3o:<\/span><\/p>\n<h3><span style=\"font-weight: 400;\">Fator 1 &#8211; Tempo de Atividade e Banda Larga<\/span><\/h3>\n<p><span style=\"font-weight: 400;\">Uma das caracter\u00edsticas mais importantes da hospedagem \u00e9 o tempo de atividade e a banda larga. O primeiro \u00e9 o tempo de opera\u00e7\u00e3o desde a \u00faltima ativa\u00e7\u00e3o. Quanto maior for, mais confi\u00e1vel ser\u00e1 o servidor. A \u00faltima \u00e9 a taxa na qual os dados s\u00e3o transferidos por uma rede de computadores. Imagine que a rodovia tem duas pistas. Neste caso, apenas dois carros podem passar por ela. Quanto mais pistas voc\u00ea tem, mais carros podem viajar pela rodovia. Ambos os par\u00e2metros significam que voc\u00ea pode contar com o servidor para trabalhar sem interrup\u00e7\u00f5es por um longo tempo. Portanto, coloque o jogo apenas em plataformas confi\u00e1veis com muito tempo de atividade e banda larga ilimitada.<\/span><\/p>\n<h3><span style=\"font-weight: 400;\">Fator 2 &#8211; Velocidade e Desempenho<\/span><\/h3>\n<p><span style=\"font-weight: 400;\">\u00c9 importante a velocidade da conex\u00e3o com o servidor e a velocidade da sua resposta ao cliente. Quanto maior a velocidade, menor a lat\u00eancia. Assim, o jogo n\u00e3o fica lento, o que cria um campo de jogo nivelado para os jogadores e estabelece um equil\u00edbrio competitivo do jogo. Quando se trata de desempenho, os jogos colocam uma carga pesada na CPU\/ RAM do servidor. Ent\u00e3o, pense no hardware, os requisitos espec\u00edficos para os quais dependem do jogo que voc\u00ea escolher.\u00a0<\/span><\/p>\n<h3><span style=\"font-weight: 400;\">Fator 3 &#8211; Gest\u00e3o e Automa\u00e7\u00e3o<\/span><\/h3>\n<p><span style=\"font-weight: 400;\">Gerenciar um servidor nem sempre \u00e9 f\u00e1cil. Portanto, se este \u00e9 o seu primeiro projeto, ent\u00e3o vale a pena escolher um servidor de hospedagem de jogos com atualiza\u00e7\u00f5es autom\u00e1ticas, uma grande sele\u00e7\u00e3o de pain\u00e9is de controlo para administra\u00e7\u00e3o, instala\u00e7\u00e3o de software com um clique e automa\u00e7\u00e3o da atualiza\u00e7\u00e3o do kernel do sistema operacional sem reiniciar o servidor.\u00a0<\/span><\/p>\n<p><span style=\"font-weight: 400;\">Na verdade, h\u00e1 uma diferen\u00e7a entre os pain\u00e9is de controlo oferecidos na hospedagem regular e orientada ao local, e aqueles usados ao hospedar servidores de jogos. Voc\u00ea precisar\u00e1 de mais detalhes sobre o estado do hardware e a carga individual dos componentes dos servidores alugados.<\/span><\/p>\n<h2><span style=\"font-weight: 400;\">Diferentes Tipos de Hospedagem de Servidores de Jogos<\/span><\/h2>\n<p><span style=\"font-weight: 400;\">Antes de escolher entre v\u00e1rias ofertas de prestadores de servi\u00e7os, voc\u00ea precisa decidir qual tipo de hospedagem \u00e9 melhor para o seu pr\u00f3prio projeto. Vamos consider\u00e1-los com mais detalhes.<\/span><\/p>\n<h3><span style=\"font-weight: 400;\">Servidores de Jogos Dedicados<\/span><\/h3>\n<p><span style=\"font-weight: 400;\">Isso significa que o cliente pode colocar projetos de jogos em equipamentos f\u00edsicos separados no data center e gerenciar independentemente os recursos alocados. Esta solu\u00e7\u00e3o permite que voc\u00ea instale qualquer software, mantenha grandes bancos de dados e implante projetos m\u00faltiplos. A depender das necessidades do neg\u00f3cio, \u00e9 poss\u00edvel escolher configura\u00e7\u00f5es prontas ou completamente personalizadas.<\/span><\/p>\n<p>&nbsp;<\/p>\n<p><span style=\"font-weight: 400;\">Voc\u00ea pode escolher entre uma grande variedade de servi\u00e7os de <\/span><span style=\"font-weight: 400;\">hospedagem dedicados baratos,<\/span><span style=\"font-weight: 400;\"> a depender das suas necessidades.<\/span><\/p>\n<h3><span style=\"font-weight: 400;\">VPS<\/span><\/h3>\n<p><span style=\"font-weight: 400;\">De acordo com o princ\u00edpio da opera\u00e7\u00e3o e as peculiaridades do funcionamento, um servidor virtual privado n\u00e3o \u00e9 muito diferente de um servidor f\u00edsico. Ele n\u00e3o tem restri\u00e7\u00f5es no n\u00famero de sites hospedados, bancos de dados, zonas de dom\u00ednio, e o seu propriet\u00e1rio-administrador tem o direito de trabalhar com arquivos, instalar aplicativos e executar outras opera\u00e7\u00f5es atrav\u00e9s do acesso root. Um servidor virtual custa ao utilizador um valor muito mais baixo do que alugar um servidor f\u00edsico compar\u00e1vel em capacidade. Ao mesmo tempo, voc\u00ea pode ver que o desempenho do VDS \/ VPS pode at\u00e9 ser maior. Al\u00e9m disso, \u00e9 muito f\u00e1cil para um servidor virtual adicionar mais capacidade na forma de RAM adicional, n\u00facleos de processador ou espa\u00e7o em disco r\u00edgido. Isso se torna uma necessidade com o crescente p\u00fablico de jogos populares.<\/span><\/p>\n<p>&nbsp;<\/p>\n<p><span style=\"font-weight: 400;\">Ent\u00e3o, d\u00ea uma olhada mais de perto no <\/span><span style=\"font-weight: 400;\">servi\u00e7o de hospedagem VPS <\/span><span style=\"font-weight: 400;\">para ver os benef\u00edcios reais para os seus pr\u00f3prios projetos.<\/span><\/p>\n<h3><span style=\"font-weight: 400;\">Hospedagem em Nuvem<\/span><\/h3>\n<p><span style=\"font-weight: 400;\">Se essa op\u00e7\u00e3o for usada para armazenar dados, o cliente ter\u00e1 acesso aos recursos de v\u00e1rios servidores. Essa abordagem garante o funcionamento ininterrupto do recurso mesmo que um dos servidores falhe. Esse m\u00e9todo de armazenamento de dados tem mais duas vantagens: voc\u00ea paga apenas pelo poder consumido: quanto espa\u00e7o voc\u00ea ocupou, tanto que voc\u00ea pagou; n\u00e3o h\u00e1 necessidade de calcular os volumes necess\u00e1rios, haver\u00e1 tanto espa\u00e7o na nuvem quanto o cliente precisa, os recursos alocados s\u00e3o ajustados automaticamente. Com a nuvem, voc\u00ea \u00e9 capaz de dimensionar a capacidade de hospedagem rapidamente para atender aos requisitos do cliente.<\/span><\/p>\n<p>&nbsp;<\/p>\n<p><span style=\"font-weight: 400;\">Aqui est\u00e3o os <\/span><span style=\"font-weight: 400;\">provedores de hospedagem<\/span><span style=\"font-weight: 400;\"> em nuvem que voc\u00ea pode utilizar com total confian\u00e7a.<\/span><\/p>\n<h2 id=\"ik_knownhost\">#1 <a style=\"font-size: 32px;\" href=\"https:\/\/www.knownhost.com?aid=37a3de62\">KnownHost<\/a> \u2013 Hospedagem de Servidor de Jogos Barata<\/h2>\n<p><span style=\"font-weight: 400;\">O KnownHost fornece um conjunto de solu\u00e7\u00f5es de hospedagem. Mas a companhia \u00e9 focada principalmente em fornecer VPS 100% totalmente gerenciado alimentado por SSD e hospedagem dedicada gerenciada com 99,99% + tempo de atividade garantido. As op\u00e7\u00f5es de VPS SSD (por US$ 28\/m\u00eas) incluem armazenamento de raid premium e atualiza\u00e7\u00f5es autom\u00e1ticas. O KnownHost tamb\u00e9m \u00e9 conhecido pelos seus servidores VPS de Nuvem KVM totalmente gerenciados (por US$ 50,40\/m\u00eas). Eles v\u00eam com atualiza\u00e7\u00f5es autom\u00e1ticas e armazenamento em nuvem. Os seus servidores dedicados gerenciados (por US$ 158\/m\u00eas) tamb\u00e9m s\u00e3o atualizados automaticamente. O KnownHost oferece migra\u00e7\u00f5es gratuitas para todos esses planos.\u00a0<\/span><\/p>\n<div class=\"content__img-wrap\"><img src=\"https:\/\/sitechecker.pro\/wp-content\/uploads\/2021\/01\/Best-game-hosting-KnownHost.png\" alt=\"Cheap Game Server Hosting - KnownHost\" class=\"description-img description-img-zoom\" loading=\"lazy\" ><\/div>\n<p><span style=\"font-weight: 400;\">Caracter\u00edsticas e benef\u00edcios:<\/span><\/p>\n<ul>\n<li style=\"font-weight: 400;\" aria-level=\"1\"><span style=\"font-weight: 400;\">Atualiza\u00e7\u00f5es autom\u00e1ticas,<\/span><\/li>\n<li style=\"font-weight: 400;\" aria-level=\"1\"><span style=\"font-weight: 400;\">Migra\u00e7\u00f5es livres,<\/span><\/li>\n<li style=\"font-weight: 400;\" aria-level=\"1\"><span style=\"font-weight: 400;\">Prote\u00e7\u00e3o DDoS gratuita,<\/span><\/li>\n<li style=\"font-weight: 400;\" aria-level=\"1\"><span style=\"font-weight: 400;\">Backups gratuitos de dados,<\/span><\/li>\n<li style=\"font-weight: 400;\" aria-level=\"1\"><span style=\"font-weight: 400;\">Suporte t\u00e9cnico 24\/7\/365<\/span><\/li>\n<\/ul>\n<p>&nbsp;<\/p>\n<p><b>Localiza\u00e7\u00e3o do servidor:<\/b><span style=\"font-weight: 400;\"> EUA<\/span><\/p>\n<h2 id=\"ik_gameservers\">#2 <a style=\"font-size: 32px;\" href=\"https:\/\/www.gameservers.com\/?ref=1666975\">GameServers.com<\/a> \u2013 A Melhor Hospedagem Dedicada de Servidores de Jogos<\/h2>\n<p><span style=\"font-weight: 400;\">GameServers.com foi fundada em 2004 para trabalhar diretamente com desenvolvedores, com a cobertura de todos os aspectos-chave da hospedagem de servidores de jogos. Hoje, a equipa se orgulha de atender mais de 500.000 clientes em todo o mundo. No geral, GameServers.com \u00e9 a empresa l\u00edder de hospedagem de servidores de jogos que oferece os recursos para hospedar os jogos mais populares e muito mais. Os servidores de jogos populares dessa empresa incluem Minecraft, Call of Duty, Rust, etc. Ent\u00e3o, esta lista torna esta empresa confi\u00e1vel. Al\u00e9m disso, oferece pre\u00e7os acess\u00edveis. Eles permitem que os clientes instalem jogos no seu pr\u00f3prio servidor dedicado a partir de US$ 69,99 por m\u00eas.<\/span><\/p>\n<div class=\"content__img-wrap\"><img src=\"https:\/\/sitechecker.pro\/wp-content\/uploads\/2021\/01\/Best-game-hosting-GameServers.png\" alt=\"The Best Dedicated Game Server Hosting - GameServers\" class=\"description-img description-img-zoom\" loading=\"lazy\" ><\/div>\n<p><span style=\"font-weight: 400;\">Caracter\u00edsticas e benef\u00edcios:<\/span><\/p>\n<ul>\n<li style=\"font-weight: 400;\" aria-level=\"1\"><span style=\"font-weight: 400;\">Servidores dedicados com conex\u00f5es de 1000Mbps e \/29 espa\u00e7o IP,<\/span><\/li>\n<li style=\"font-weight: 400;\" aria-level=\"1\"><span style=\"font-weight: 400;\">Infraestrutura HDD \/ SSD,<\/span><\/li>\n<li style=\"font-weight: 400;\" aria-level=\"1\"><span style=\"font-weight: 400;\">Pacotes totalmente personalizados com v\u00e1rios complementos, etc.<\/span><\/li>\n<\/ul>\n<p>&nbsp;<\/p>\n<p><b>Localiza\u00e7\u00e3o do servidor:<\/b><span style=\"font-weight: 400;\"> Global<\/span><\/p>\n<h2 id=\"ik_servermania\">#3 <a style=\"font-size: 32px;\" href=\"https:\/\/idev.servermania.com\/idevaffiliate.php?id=10272\">Servermania<\/a> \u2013 Hospedagem Acess\u00edvel de Servidores de Jogos<\/h2>\n<p><span style=\"font-weight: 400;\">Desde 2002, o ServerMania \u00e9 um dos principais servi\u00e7os de hospedagem canadense que fornece VPS em nuvem e servidores dedicados (no Windows\/Linux) de jogos. A equipa est\u00e1 pronta para fornecer complementos para solu\u00e7\u00f5es de armazenamento e seguran\u00e7a para o seu servi\u00e7o. A empresa fornece pacotes otimizados e competitivos a partir de US$ 90 por m\u00eas com uma grande variedade de configura\u00e7\u00f5es b\u00e1sicas.<\/span><\/p>\n<div class=\"content__img-wrap\"><img src=\"https:\/\/sitechecker.pro\/wp-content\/uploads\/2021\/01\/Best-game-hosting-ServerMania.png\" alt=\"Affordable Gaming Server Hosting - ServerMania\" class=\"description-img description-img-zoom\" loading=\"lazy\" ><\/div>\n<p><span style=\"font-weight: 400;\">Caracter\u00edsticas e benef\u00edcios:<\/span><\/p>\n<ul>\n<li style=\"font-weight: 400;\" aria-level=\"1\"><span style=\"font-weight: 400;\">Contrato de n\u00edvel de servi\u00e7o 100% tempo de atividade da rede,<\/span><\/li>\n<li style=\"font-weight: 400;\" aria-level=\"1\"><span style=\"font-weight: 400;\">Velocidades de rede de at\u00e9 20 Gbps,<\/span><\/li>\n<li style=\"font-weight: 400;\" aria-level=\"1\"><span style=\"font-weight: 400;\">Localiza\u00e7\u00e3o global do servidor,\u00a0<\/span><\/li>\n<li style=\"font-weight: 400;\" aria-level=\"1\"><span style=\"font-weight: 400;\">Solu\u00e7\u00f5es de hospedagem personalizadas,<\/span><\/li>\n<li style=\"font-weight: 400;\" aria-level=\"1\"><span style=\"font-weight: 400;\">Suporte personalizado 24 horas nos 7 dias da semana.\u00a0<\/span><\/li>\n<\/ul>\n<p>&nbsp;<\/p>\n<p><b>Localiza\u00e7\u00e3o do servidor:<\/b><span style=\"font-weight: 400;\"> EUA, Reino Unido, Holanda, Canad\u00e1, Nova Zel\u00e2ndia<\/span><\/p>\n<h2 id=\"ik_a2hosting\">#4 <a style=\"font-size: 32px;\" href=\"https:\/\/www.a2hosting.com?aid=5fdcbd252ad90\">A2 Hosting<\/a> \u2013 A Hospedagem Mais R\u00e1pida de Servidores de Jogos<\/h2>\n<p><span style=\"font-weight: 400;\">A A2 Hosting \u00e9 uma empresa verde que opera desde 2003, que voc\u00ea pode considerar como a melhor hospedagem de servidores dedicada para games. Eles ganharam o reconhecimento da ind\u00fastria pelas suas solu\u00e7\u00f5es de hospedagem, como a hospedagem mais r\u00e1pida. Todas elas v\u00eam com uma op\u00e7\u00e3o Turbo Server para carregamento r\u00e1pido da p\u00e1gina. VPS e servidores dedicados s\u00e3o divididos em duas categorias: gerenciados (por US$ 141,09\/m\u00eas) e n\u00e3o gerenciados (por US$ 99,59\/m\u00eas). Ambos t\u00eam uma boa rela\u00e7\u00e3o pre\u00e7o-desempenho.\u00a0<\/span><\/p>\n<div class=\"content__img-wrap\"><img src=\"https:\/\/sitechecker.pro\/wp-content\/uploads\/2021\/01\/Best-game-hosting-A2Hosting.png\" alt=\"The Fastest Gaming Server Hosting - A2Hosting\" class=\"description-img description-img-zoom\" loading=\"lazy\" ><\/div>\n<p><span style=\"font-weight: 400;\">Caracter\u00edsticas e benef\u00edcios:<\/span><\/p>\n<ul>\n<li style=\"font-weight: 400;\" aria-level=\"1\"><span style=\"font-weight: 400;\">Servidores turbo 20x mais r\u00e1pido que outros,\u00a0<\/span><\/li>\n<li style=\"font-weight: 400;\" aria-level=\"1\"><span style=\"font-weight: 400;\">Servidores ultra confi\u00e1veis com 99,9% de tempo de atividade<\/span><\/li>\n<li style=\"font-weight: 400;\" aria-level=\"1\"><span style=\"font-weight: 400;\">Painel de controlo f\u00e1cil do cPanel, etc.<\/span><\/li>\n<\/ul>\n<p>&nbsp;<\/p>\n<p><b>Localiza\u00e7\u00e3o do servidor:<\/b><span style=\"font-weight: 400;\"> EUA, Holanda e Cingapura<\/span><\/p>\n<h2 id=\"ik_inmotion\">#5 <a style=\"font-size: 32px;\" href=\"https:\/\/ua.inmotionhosting.com\/cgi-bin\/gby\/clickthru.cgi?id=gmmediagroup\">InMotion<\/a> \u2013 Os Melhores Servi\u00e7os de Hospedagem de Jogos<\/h2>\n<p><span style=\"font-weight: 400;\">A InMotion presta servi\u00e7os desde 2001. Hoje ainda \u00e9 um dos provedores mais populares com infraestrutura de classe mundial otimizado para desempenho de alta velocidade e excelente suporte t\u00e9cnico. Com os seus planos bem definidos, voc\u00ea ter\u00e1 uma solu\u00e7\u00e3o precisa de hospedagem com as ferramentas poderosas que voc\u00ea precisa para o seu projeto de jogo. As ofertas de pre\u00e7os j\u00e1 incluem descontos em assinaturas por um ou dois anos.\u00a0<\/span><\/p>\n<div class=\"content__img-wrap\"><img src=\"https:\/\/sitechecker.pro\/wp-content\/uploads\/2021\/01\/Best-game-hosting-InMotion.png\" alt=\"The Best Game Hosting Servers - InMotion\" class=\"description-img description-img-zoom\" loading=\"lazy\" ><\/div>\n<p><span style=\"font-weight: 400;\">Caracter\u00edsticas e benef\u00edcios:<\/span><\/p>\n<ul>\n<li style=\"font-weight: 400;\" aria-level=\"1\"><span style=\"font-weight: 400;\">99,9% de garantia de opera\u00e7\u00e3o ininterrupta,<\/span><\/li>\n<li style=\"font-weight: 400;\" aria-level=\"1\"><span style=\"font-weight: 400;\">Atualiza\u00e7\u00f5es sem reinicializa\u00e7\u00e3o sem tempo de inatividade,<\/span><\/li>\n<li style=\"font-weight: 400;\" aria-level=\"1\"><span style=\"font-weight: 400;\">V\u00e1rios data centers,<\/span><\/li>\n<li style=\"font-weight: 400;\" aria-level=\"1\"><span style=\"font-weight: 400;\">Configura\u00e7\u00f5es avan\u00e7adas, etc.<\/span><\/li>\n<\/ul>\n<p>&nbsp;<\/p>\n<p><b>Localiza\u00e7\u00e3o do servidor:<\/b><span style=\"font-weight: 400;\"> EUA<\/span><\/p>\n<h2><span style=\"font-weight: 400;\">Compara\u00e7\u00f5es de Hospedagem na Web<\/span><\/h2>\n<p><span style=\"font-weight: 400;\">E se voc\u00ea ainda estiver indeciso sobre a escolha entre os dois provedores? Bem, ent\u00e3o, nossas an\u00e1lises de hospedagem de servidores ser\u00e3o \u00fateis para voc\u00ea. Em nossas an\u00e1lises detalhadas de compara\u00e7\u00e3o, pegamos os dois melhores provedores de hospedagem para compar\u00e1-los um com o outro. Vamos avaliar os pr\u00f3s e contras de cada um, olhar para \u00e1reas-chave e discutir o que \u00e9 melhor para certos tipos de jogos online. Depois de ler, voc\u00ea deve ter uma ideia clara do que funciona para voc\u00ea e o que n\u00e3o funciona.<\/span><\/p>\n<h2><span style=\"font-weight: 400;\">Ferramentas \u00dateis de Hospedagem e SEO<\/span><\/h2>\n<ul>\n<li style=\"font-weight: 400;\" aria-level=\"1\"><span style=\"font-weight: 400;\">Verificador de hospedagem &#8211; Descubra em qual hospedagem e em que pa\u00eds o site est\u00e1 localizado.\u00a0<\/span><\/li>\n<li style=\"font-weight: 400;\" aria-level=\"1\"><span style=\"font-weight: 400;\">Site fora do ar &#8211; Verifique a disponibilidade do site &#8211; n\u00e3o funciona para todos ou apenas para voc\u00ea?<\/span><\/li>\n<li style=\"font-weight: 400;\" aria-level=\"1\"><span style=\"font-weight: 400;\">Teste de velocidade &#8211; Me\u00e7a a velocidade do seu projeto da web e obtenha dicas \u00fateis sobre como aument\u00e1-la.\u00a0<\/span><\/li>\n<li style=\"font-weight: 400;\" aria-level=\"1\"><span style=\"font-weight: 400;\">Verificador de dom\u00ednio expirado &#8211; Obtenha uma lista de dom\u00ednios expirados e veja se voc\u00ea pode compr\u00e1-los.\u00a0<\/span><\/li>\n<li style=\"font-weight: 400;\" aria-level=\"1\"><span style=\"font-weight: 400;\">Seguran\u00e7a do site &#8211; Verifique se um determinado site \u00e9 suspeito do ponto de vista da seguran\u00e7a.\u00a0<\/span><\/li>\n<li style=\"font-weight: 400;\" aria-level=\"1\"><span style=\"font-weight: 400;\">Disponibilidade de dom\u00ednio &#8211; Comece a procurar o seu nome de dom\u00ednio e encontre facilmente dom\u00ednios dispon\u00edveis para o seu pr\u00f3prio projeto.\u00a0<\/span><\/li>\n<\/ul>\n<h2><span style=\"font-weight: 400;\">Perguntas Frequentes Sobre a Melhor Hospedagem de Servidores de Jogos<\/span><\/h2>\n<h3><span style=\"font-weight: 400;\">Existem hospedagens gratuitas de servidores de jogos?<\/span><\/h3>\n<p><span style=\"font-weight: 400;\">\u00c9 bastante improv\u00e1vel encontrar servidores de jogos gratuitos de hospedagem com servi\u00e7os de alta qualidade. O m\u00e1ximo que voc\u00ea pode obter de gra\u00e7a \u00e9 um certo per\u00edodo de teste (7-14 dias). \u00c9 bom poder testar o produto antes de compr\u00e1-lo. Ao testar, verifique a velocidade da conex\u00e3o de rede, o desempenho do subsistema de disco e, se poss\u00edvel, teste se o servidor pode lidar com a carga necess\u00e1ria. Mesmo se voc\u00ea encontrar provedores gratuitos de servidores de hospedagem de jogos, voc\u00ea n\u00e3o pode esperar nenhum suporte, tempo de atividade ou servidores r\u00e1pidos.<\/span><\/p>\n<h3><span style=\"font-weight: 400;\">\u00c9 uma boa ideia comprar hospedagem barata de servidor de jogos?<\/span><\/h3>\n<p><span style=\"font-weight: 400;\">Ao considerar o pre\u00e7o como um fator-chave na escolha, voc\u00ea pode optar pela hospedagem barata do servidor de jogos se esse for um projeto bastante simples. Diferentes jogos ter\u00e3o requisitos diferentes de desempenho, velocidade, etc. Portanto, vale sempre a pena verificar todas as informa\u00e7\u00f5es. N\u00e3o se esque\u00e7a da confiabilidade, seguran\u00e7a, tempo de atividade e outros fatores. Hospedagem com 99% do tempo de atividade pode ser considerada n\u00e3o confi\u00e1vel (o que, no entanto, depende dos requisitos), e com 99,99% do tempo de atividade, \u00e9 bastante est\u00e1vel. Hospedagem barata de servidor de jogos com travamentos regulares \u00e9 claramente menos valiosa do que as op\u00e7\u00f5es acess\u00edveis que voc\u00ea pode escolher em nossas avalia\u00e7\u00f5es.<\/span><\/p>\n<h3><span style=\"font-weight: 400;\">O que \u00e9 um servidor dedicado em jogos?<\/span><\/h3>\n<p><span style=\"font-weight: 400;\">Este \u00e9 um servidor separado, que em termos de capacidade deve atender aos requisitos m\u00ednimos do jogo. Os videojogos exigem significativamente mais recursos do que sites est\u00e1ticos e outros projetos da Web. Portanto, as empresas de hospedagem de jogos mant\u00eam os seus data centers em m\u00e1quinas com os processadores multi-core mais relevantes e adaptados para trabalhar com tarefas que exigem muitos recursos. Esses servidores armazenam dados do jogador e executam a l\u00f3gica em tempo real com a descri\u00e7\u00e3o, localiza\u00e7\u00e3o e as a\u00e7\u00f5es dos personagens no mundo virtual.<\/span><\/p>","protected":false},"excerpt":{"rendered":"O que \u00e9 um servidor dedicado de jogos e por que isso importa hoje? A hospedagem de jogos \u00e9 feita basicamente atrav\u00e9s de VPS e da hospedagem dedicada. Mas ela \u00e9 diferenciada por ter um painel de controlo espec\u00edfico (ou complementos sobre o sistema padr\u00e3o), e por um servidor de software totalmente personalizado para jogos&#8230;","protected":false},"author":10504980,"featured_media":11388,"parent":9033,"menu_order":0,"comment_status":"closed","ping_status":"closed","template":"pages-templates\/pages-v2.php","meta":[],"categories":[44],"tags":[],"_links":{"self":[{"href":"https:\/\/sitechecker.pro\/pt\/wp-json\/wp\/v2\/pages\/11266"}],"collection":[{"href":"https:\/\/sitechecker.pro\/pt\/wp-json\/wp\/v2\/pages"}],"about":[{"href":"https:\/\/sitechecker.pro\/pt\/wp-json\/wp\/v2\/types\/page"}],"author":[{"embeddable":true,"href":"https:\/\/sitechecker.pro\/pt\/wp-json\/wp\/v2\/users\/10504980"}],"replies":[{"embeddable":true,"href":"https:\/\/sitechecker.pro\/pt\/wp-json\/wp\/v2\/comments?post=11266"}],"version-history":[{"count":8,"href":"https:\/\/sitechecker.pro\/pt\/wp-json\/wp\/v2\/pages\/11266\/revisions"}],"predecessor-version":[{"id":33652,"href":"https:\/\/sitechecker.pro\/pt\/wp-json\/wp\/v2\/pages\/11266\/revisions\/33652"}],"up":[{"embeddable":true,"href":"https:\/\/sitechecker.pro\/pt\/wp-json\/wp\/v2\/pages\/9033"}],"wp:featuredmedia":[{"embeddable":true,"href":"https:\/\/sitechecker.pro\/pt\/wp-json\/wp\/v2\/media\/11388"}],"wp:attachment":[{"href":"https:\/\/sitechecker.pro\/pt\/wp-json\/wp\/v2\/media?parent=11266"}],"wp:term":[{"taxonomy":"category","embeddable":true,"href":"https:\/\/sitechecker.pro\/pt\/wp-json\/wp\/v2\/categories?post=11266"},{"taxonomy":"post_tag","embeddable":true,"href":"https:\/\/sitechecker.pro\/pt\/wp-json\/wp\/v2\/tags?post=11266"}],"curies":[{"name":"wp","href":"https:\/\/api.w.org\/{rel}","templated":true}]}}