{"id":11222,"date":"2020-12-31T11:50:06","date_gmt":"2020-12-31T09:50:06","guid":{"rendered":"https:\/\/sitechecker.pro\/?page_id=11222"},"modified":"2024-10-09T16:04:02","modified_gmt":"2024-10-09T16:04:02","slug":"ghost-hosting","status":"publish","type":"page","link":"https:\/\/sitechecker.pro\/pt\/web-hosting\/ghost-hosting\/","title":{"rendered":"A Melhor Hospedagem Ghost Para o seu Neg\u00f3cio | Sitechecker"},"content":{"rendered":"<p><span style=\"font-weight: 400;\">Quando voc\u00ea come\u00e7a a criar um blog, voc\u00ea deve escolher a hospedagem apropriada que abrange todos os aspetos para um blog de sucesso. Por exemplo, a hospedagem ghost de blogs permite escrever, editar e publicar postagens de forma bastante f\u00e1cil e r\u00e1pida. Ent\u00e3o, permite que voc\u00ea se concentre em escrever sem se distrair com quest\u00f5es t\u00e9cnicas desnecess\u00e1rias.<\/span><\/p>\n<p>&nbsp;<\/p>\n<p><span style=\"font-weight: 400;\">Reunimos os melhores servi\u00e7os para hospedagem ghost e descrevemos os seus recursos e funcionalidades para aproxim\u00e1-lo do melhor provedor de servi\u00e7os.<\/span><\/p>\n<h2><span style=\"font-weight: 400;\">7 Melhores Plataformas de Hospedagem Ghost Para o seu Blog<\/span><\/h2>\n<ol>\n<li><a href=\"#ik_a2hosting\">A2 Hosting<\/a> &#8211; Melhor Hospedagem Ghost &#8220;Geral&#8221;<\/li>\n<li><a href=\"#ik_interserver\">InterServer<\/a> \u2013 Melhor Hospedagem Ghost &#8220;Barata&#8221;<\/li>\n<li><a href=\"#ik_hostpapa\">HostPapa<\/a> \u2013 Melhor Hospedagem Ghost &#8220;Startup&#8221;<\/li>\n<li><a href=\"#ik_hostwinds\">Hostwinds<\/a> \u2013 Melhor Hospedagem Ghost &#8220;ISO&#8221;<\/li>\n<li><a href=\"#ik_inmotion\">InMotion<\/a> \u2013 Melhor Hospedagem Ghost &#8220;SSD&#8221;<\/li>\n<li><a href=\"#ik_bluehost\">BlueHost<\/a> \u2013 Melhor Hospedagem Ghost &#8220;Escalabilidade&#8221;<\/li>\n<li><a href=\"#ik_hostgator\">HostGator<\/a> \u2013 Melhor Hospedagem Ghost &#8220;All-inclusive&#8221;<\/li>\n<\/ol>\n<h2><span style=\"font-weight: 400;\">Como Escolher a Melhor Hospedagem Ghost?<\/span><\/h2>\n<p><span style=\"font-weight: 400;\">Antes de escolher a hospedagem apropriada, voc\u00ea deve prestar aten\u00e7\u00e3o a tr\u00eas pontos principais: recursos, confiabilidade e pre\u00e7os. Abaixo descrevemos cada um deles com mais detalhes.<\/span><\/p>\n<h3><span style=\"font-weight: 400;\">Fator 1 &#8211; Recursos<\/span><\/h3>\n<p><span style=\"font-weight: 400;\">Bastante \u00f3bvio, mas sim, voc\u00ea deve analisar o que exatamente voc\u00ea precisa para o seu blog. Quais recursos devem ter o servi\u00e7o? Talvez voc\u00ea precise de backups gratuitos ou um local de armazenamento ilimitado? N\u00e3o tente obter todos os recursos do mercado, tente entender qual deles ser\u00e1 essencial para o seu neg\u00f3cio e encontre o servi\u00e7o adequado.<\/span><\/p>\n<h3><span style=\"font-weight: 400;\">Fator 2 &#8211; Confiabilidade<\/span><\/h3>\n<p><span style=\"font-weight: 400;\">H\u00e1 muitos servi\u00e7os novos e antigos. Os novos podem oferecer pre\u00e7os melhores e recursos mais interessantes, mas voc\u00ea deve estimar riscos e encontrar revis\u00f5es de clientes anteriores. Isso vai ajud\u00e1-lo a entender se o seu futuro parceiro \u00e9 uma empresa confi\u00e1vel que fornecer\u00e1 servi\u00e7os de qualidade. Se voc\u00ea tem um blog pessoal, um pequeno tempo de inatividade pode n\u00e3o o prejudicar muito, mas quando falamos de neg\u00f3cios, isso \u00e9 uma coisa importante.<\/span><\/p>\n<h3><span style=\"font-weight: 400;\">Fator 3 &#8211; Pre\u00e7os<\/span><\/h3>\n<p><span style=\"font-weight: 400;\">Apesar do tamanho da sua empresa, voc\u00ea dever\u00e1 ter algum or\u00e7amento para atividades de marketing e blogs. O servi\u00e7o de hospedagem ghost deve atender a este or\u00e7amento e ser acess\u00edvel para a sua empresa. Voc\u00ea pode precisar de hospedagem ghost gr\u00e1tis ou dever\u00e1 estar pronto para pagar por isso. \u00c9 por esse motivo que escrevemos pre\u00e7os para cada servi\u00e7o, para que voc\u00ea possa decidir durante a leitura deste texto.<\/span><\/p>\n<h2><span style=\"font-weight: 400;\">Diferentes Tipos das Melhores Hospedagens Ghost<\/span><\/h2>\n<p><span style=\"font-weight: 400;\">Existem tr\u00eas tipos de hospedagem ghost. Elas t\u00eam pre\u00e7os e caracter\u00edsticas diferentes. Voc\u00ea pode ler as nossas descri\u00e7\u00f5es e decidir o que \u00e9 melhor para voc\u00ea.<\/span><\/p>\n<h3><span style=\"font-weight: 400;\">Hospedagem Compartilhada<\/span><\/h3>\n<p><span style=\"font-weight: 400;\">Este \u00e9 um tipo muito popular de hospedagem, especialmente para pessoas que criam os primeiros sites de blogs. Como voc\u00ea pode adivinhar a partir do nome, na hospedagem compartilhada voc\u00ea compartilha o espa\u00e7o do servidor com outros. Assim, muitos sites s\u00e3o lan\u00e7ados em um servidor. Todos os utilizadores devem compartilhar o espa\u00e7o do disco, mem\u00f3ria, CPU e outros recursos. A analogia mais pr\u00f3xima \u00e9 um pr\u00e9dio de apartamentos onde voc\u00ea tem \u00e1reas comuns e compartilh\u00e1veis, como estacionamento e elevadores. Este \u00e9 o tipo mais simples e barato de hospedagem. Ele atende blogs pessoais ou blogs de pequenas empresas.<\/span><\/p>\n<p><span style=\"font-weight: 400;\">Saiba mais sobre a <\/span><span style=\"font-weight: 400;\">melhor hospedagem compartilhada<\/span><span style=\"font-weight: 400;\">, a maneira correta de iniciar o seu projeto na web hoje.<\/span><\/p>\n<h3><span style=\"font-weight: 400;\">Hospedagem VPS (Servidor Privado Virtual)<\/span><\/h3>\n<p><span style=\"font-weight: 400;\">Tem recursos semelhantes \u00e0 hospedagem compartilhada. Voc\u00ea compartilha recursos com outros utilizadores, mas h\u00e1 menos sites e o armazenamento \u00e9 dividido em um ambiente diferente para cada pessoa (site). Este tipo de hospedagem fornece o pacote b\u00e1sico de recursos para cada cliente, mas voc\u00ea tamb\u00e9m pode aproveitar recursos adicionais. Por falar sobre a analogia, VPS \u00e9 como um condom\u00ednio. Voc\u00ea ainda compartilha territ\u00f3rio com outras pessoas, mas voc\u00ea tem mais liberdade e a sua pr\u00f3pria vaga de estacionamento.\u00a0<\/span><\/p>\n<p><span style=\"font-weight: 400;\">Veja em detalhes o que <\/span><span style=\"font-weight: 400;\">a hospedagem de VPS barata<\/span><span style=\"font-weight: 400;\"> pode oferecer.<\/span><\/p>\n<h3><span style=\"font-weight: 400;\">Hospedagem Dedicada<\/span><\/h3>\n<p><span style=\"font-weight: 400;\">Ele fornece o seu pr\u00f3prio servidor para uso pessoal. Voc\u00ea tem todos os direitos e pode personalizar o ambiente conforme voc\u00ea precisar. Este \u00e9 o tipo mais caro de hospedagem. Mas voc\u00ea receber\u00e1 um servidor totalmente personalizado com toda a capacidade apenas para o seu blog ou website. Assim, o n\u00edvel de seguran\u00e7a e o desempenho s\u00e3o muito mais altos do que em outros tipos. A analogia mais pr\u00f3xima \u00e9 a pr\u00f3pria casa. Voc\u00ea pode fazer o que quiser, mas toda responsabilidade \u00e9 vossa tamb\u00e9m.<\/span><\/p>\n<p><span style=\"font-weight: 400;\">Aproveite a <\/span><span style=\"font-weight: 400;\">hospedagem dedicada barata<\/span><span style=\"font-weight: 400;\"> com um servidor completo para o seu site.<\/span><\/p>\n<h2 id=\"ik_a2hosting\">#1 \u2013 <a style=\"font-size: 32px;\" href=\"https:\/\/www.a2hosting.com?aid=5fdcbd252ad90\">A2 Hosting<\/a> \u2013 Melhor Hospedagem Ghost &#8220;Geral&#8221;<\/h2>\n<p><span style=\"font-weight: 400;\">Este servi\u00e7o possui uma infraestrutura SSD que pode aumentar o desempenho em at\u00e9 20 vezes. Com a plataforma nativa eficiente chamada SwiftServer, oferece hospedagem gerenciada e n\u00e3o gerenciada. Este servi\u00e7o tem cPanel, cache otimizado, op\u00e7\u00f5es ilimitadas, garantia de dinheiro de volta a qualquer momento. O pre\u00e7o agora come\u00e7a a partir de \u20ac2,48 por m\u00eas.<\/span><\/p>\n<div class=\"content__img-wrap\"><img src=\"https:\/\/sitechecker.pro\/wp-content\/uploads\/2020\/12\/Best-ghost-hosting-A2-hosting.png\" alt=\"Melhor hospedagem fantasma - hospedagem A2\" class=\"description-img description-img-zoom\" loading=\"lazy\" ><\/div>\n<p><span style=\"font-weight: 400;\">Outras caracter\u00edsticas e benef\u00edcios:<\/span><\/p>\n<ul>\n<li style=\"font-weight: 400;\" aria-level=\"1\"><span style=\"font-weight: 400;\">HackScan gratuito e seguran\u00e7a avan\u00e7ada;<\/span><\/li>\n<li style=\"font-weight: 400;\" aria-level=\"1\"><span style=\"font-weight: 400;\">E-mails e bancos de dados ilimitados;<\/span><\/li>\n<li style=\"font-weight: 400;\" aria-level=\"1\"><span style=\"font-weight: 400;\">Suporte 24\/7(e-mail, tickets e telefone.)<\/span><\/li>\n<\/ul>\n<p><b>Localiza\u00e7\u00e3o do servidor: <\/b><span style=\"font-weight: 400;\">EUA, Holanda, Cingapura<\/span><\/p>\n<h2 id=\"ik_interserver\">#2 \u2013 <a style=\"font-size: 32px;\" href=\"https:\/\/www.interserver.net\/r\/692607\">InterServer<\/a> \u2013 Melhor Hospedagem Ghost &#8220;Barata&#8221;<\/h2>\n<p><span style=\"font-weight: 400;\">InterServer tem uma longa hist\u00f3ria. O projeto come\u00e7ou em 1999, ent\u00e3o agora tem mais de 20 anos de experi\u00eancia. Este \u00e9 um servi\u00e7o confi\u00e1vel que fornece hospedagem web, armazenamento, servidores e VPS em nuvem. Por falar em hospedagem, o InterServer oferece um painel de controle f\u00e1cil de usar, garantia de pre\u00e7o fixo, servi\u00e7os de migra\u00e7\u00e3o gratuitos, entrega de e-mail garantida e com a utiliza\u00e7\u00e3o de apenas 50% da capacidade do servidor para suportar o crescimento dos sites dos clientes.<\/span><\/p>\n<div class=\"content__img-wrap\"><img src=\"https:\/\/sitechecker.pro\/wp-content\/uploads\/2020\/12\/Best-ghost-hosting-InterServer.jpg\" alt=\"Melhor Hospedagem Fantasma Barata - InterServer\" class=\"description-img description-img-zoom\" loading=\"lazy\" ><\/div>\n<p><span style=\"font-weight: 400;\">Outras caracter\u00edsticas e benef\u00edcios:<\/span><\/p>\n<ul>\n<li style=\"font-weight: 400;\" aria-level=\"1\"><span style=\"font-weight: 400;\">Pre\u00e7o fixo sem aumentos repentinos (bloqueio de pre\u00e7os);<\/span><\/li>\n<li style=\"font-weight: 400;\" aria-level=\"1\"><span style=\"font-weight: 400;\">Tempo de atividade de 99,9%;<\/span><\/li>\n<li style=\"font-weight: 400;\" aria-level=\"1\"><span style=\"font-weight: 400;\">E-mails ilimitados e transfer\u00eancia de dados.<\/span><\/li>\n<\/ul>\n<p><b>Localiza\u00e7\u00e3o do servidor: <\/b><span style=\"font-weight: 400;\">EUA<\/span><\/p>\n<h2 id=\"ik_hostpapa\">#3 \u2013 <a style=\"font-size: 32px;\" href=\"https:\/\/tracking.opienetwork.com\/aff_c?offer_id=437\">HostPapa<\/a> \u2013 Melhor Hospedagem Ghost &#8220;Startup&#8221;<\/h2>\n<p><span style=\"font-weight: 400;\">Este servi\u00e7o se autodenomina uma &#8220;solu\u00e7\u00e3o web inteligente para pequenas empresas&#8221;. Ent\u00e3o, se voc\u00ea se enquadra, tente HostPapa. Ele inclui hospedagem, e-mail e mais de 400 aplicativos. Este servi\u00e7o tamb\u00e9m tem suporte r\u00e1pido, eles respondem as solicita\u00e7\u00f5es de suporte em 10 minutos e voc\u00ea pode escrever por e-mail ou chat online ou ligar para o suporte e receber uma resposta r\u00e1pida. E se o HostPapa n\u00e3o atender \u00e0s suas expectativas, eles oferecem uma garantia de reembolso de 30 dias sem risco.<\/span><\/p>\n<div class=\"content__img-wrap\"><img src=\"https:\/\/sitechecker.pro\/wp-content\/uploads\/2020\/12\/Best-ghost-hosting-HostPapa.jpg\" alt=\"Best Startup Ghost Hosting - HostPapa\" class=\"description-img description-img-zoom\" loading=\"lazy\" ><\/div>\n<p><span style=\"font-weight: 400;\">Outras caracter\u00edsticas e benef\u00edcios:<\/span><\/p>\n<ul>\n<li style=\"font-weight: 400;\" aria-level=\"1\"><span style=\"font-weight: 400;\">Servidores SSD aprimorados;<\/span><\/li>\n<li style=\"font-weight: 400;\" aria-level=\"1\"><span style=\"font-weight: 400;\">Migra\u00e7\u00e3o VPS gratuita;<\/span><\/li>\n<li style=\"font-weight: 400;\" aria-level=\"1\"><span style=\"font-weight: 400;\">Hospedagem de dom\u00ednios ilimitados.<\/span><\/li>\n<\/ul>\n<p><b>Localiza\u00e7\u00e3o do servidor: <\/b><span style=\"font-weight: 400;\">EUA, Canad\u00e1<\/span><\/p>\n<h2 id=\"ik_hostwinds\">#4 \u2013 <a style=\"font-size: 32px;\" href=\"https:\/\/www.hostwinds.com\/9435.html\">Hostwinds<\/a> \u2013 Melhor Hospedagem Ghost &#8220;ISO&#8221;<\/h2>\n<p><span style=\"font-weight: 400;\">Esta ferramenta fornece hospedagem em nuvem com faturamento por hora ou mensal, backups noturnos autom\u00e1ticos e monitoramento 24 horas por dia gratuito. Voc\u00ea pode us\u00e1-lo no Windows e Linux. O Hostwinds permite personalizar os seus servidores com ISO instant\u00e2neo. Eles tamb\u00e9m oferecem monitoramento em tempo real, solu\u00e7\u00f5es gerenciadas e n\u00e3o gerenciadas, aplicativos e biblioteca de scripts.<\/span><\/p>\n<div class=\"content__img-wrap\"><img src=\"https:\/\/sitechecker.pro\/wp-content\/uploads\/2020\/12\/Best-ghost-hosting-Hostwinds.jpg\" alt=\"Melhor hospedagem ISO Ghost - Hostwinds\" class=\"description-img description-img-zoom\" loading=\"lazy\" ><\/div>\n<p><span style=\"font-weight: 400;\">Outras caracter\u00edsticas e benef\u00edcios:<\/span><\/p>\n<ul>\n<li style=\"font-weight: 400;\" aria-level=\"1\"><span style=\"font-weight: 400;\">Atualiza\u00e7\u00f5es instant\u00e2neas sem tempo de inatividade;<\/span><\/li>\n<li style=\"font-weight: 400;\" aria-level=\"1\"><span style=\"font-weight: 400;\">Backups noturnos autom\u00e1ticos;<\/span><\/li>\n<li style=\"font-weight: 400;\" aria-level=\"1\"><span style=\"font-weight: 400;\">ISO personalizado.<\/span><\/li>\n<\/ul>\n<p><b>Localiza\u00e7\u00e3o do servidor: <\/b><span style=\"font-weight: 400;\">EUA, Pa\u00edses Baixos<\/span><\/p>\n<h2 id=\"ik_inmotion\">#5 \u2013 <a style=\"font-size: 32px;\" href=\"https:\/\/ua.inmotionhosting.com\/cgi-bin\/gby\/clickthru.cgi?id=gmmediagroup\">InMotion<\/a> \u2013 Melhor Hospedagem Ghost &#8220;SSD&#8221;<\/h2>\n<p><span style=\"font-weight: 400;\">Este servi\u00e7o foi o primeiro que forneceu ativamente o uso de servidores SSD e uma rede de roteamento inteligente para hospedagem r\u00e1pida e perfeita. A empresa oferece cPanel gratuito, gerenciamento de servidor com atualiza\u00e7\u00f5es e patches, infraestrutura em nuvem, sistema operacional de n\u00edvel corporativo e redund\u00e2ncia em tempo real. Voc\u00ea tamb\u00e9m pode obter uma garantia de devolu\u00e7\u00e3o de dinheiro em 90 dias.<\/span><\/p>\n<div class=\"content__img-wrap\"><img src=\"https:\/\/sitechecker.pro\/wp-content\/uploads\/2021\/03\/InMotion-\u2013-Best-SSD-Ghost-Hosting.png\" alt=\"Melhor hospedagem SSD Ghost - InMotion\" class=\"description-img description-img-zoom\" loading=\"lazy\" ><\/div>\n<p><span style=\"font-weight: 400;\">Outras caracter\u00edsticas e benef\u00edcios:<\/span><\/p>\n<ul>\n<li style=\"font-weight: 400;\" aria-level=\"1\"><span style=\"font-weight: 400;\">Redund\u00e2ncia em tempo real;<\/span><\/li>\n<li style=\"font-weight: 400;\" aria-level=\"1\"><span style=\"font-weight: 400;\">Gerenciamento gratuito de servidores;<\/span><\/li>\n<li style=\"font-weight: 400;\" aria-level=\"1\"><span style=\"font-weight: 400;\">Bancos de dados ilimitados.<\/span><\/li>\n<\/ul>\n<p><b>Localiza\u00e7\u00e3o do servidor: <\/b><span style=\"font-weight: 400;\">EUA<\/span><\/p>\n<h2 id=\"ik_bluehost\">#6 \u2013 <a style=\"font-size: 32px;\" href=\"https:\/\/www.bluehost.com\/track\/gmmediagroup\/\" target=\"_blank\" rel=\"noopener noreferrer\">BlueHost<\/a> \u2013 Melhor Hospedagem Ghost Escalon\u00e1vel<\/h2>\n<p><span style=\"font-weight: 400;\">O BlueHost fornece controle e flexibilidade para o ambiente Ghost. Voc\u00ea pode usar migra\u00e7\u00e3o perfeita, backups do CodeGuard e seguran\u00e7a do SiteLock. BlueHost fornece um nome de dom\u00ednio gratuito para o primeiro ano, suporte 24 horas por dia, 7 dias por semana, e uma garantia de dinheiro de volta de 30 dias. Ele usa KVM e OpenStack para garantir escalabilidade instant\u00e2nea para os seus recursos.<\/span><\/p>\n<div class=\"content__img-wrap\"><img src=\"https:\/\/sitechecker.pro\/wp-content\/uploads\/2020\/12\/Best-ghost-hosting-BlueHost.jpg\" alt=\"Melhor hospedagem fantasma escalon\u00e1vel - BlueHost\" class=\"description-img description-img-zoom\" loading=\"lazy\" ><\/div>\n<p><span style=\"font-weight: 400;\">Outras caracter\u00edsticas e benef\u00edcios:<\/span><\/p>\n<ul>\n<li style=\"font-weight: 400;\" aria-level=\"1\"><span style=\"font-weight: 400;\">Banda larga ilimitada;<\/span><\/li>\n<li style=\"font-weight: 400;\" aria-level=\"1\"><span style=\"font-weight: 400;\">Migra\u00e7\u00e3o perfeita de planos compartilhados;<\/span><\/li>\n<li style=\"font-weight: 400;\" aria-level=\"1\"><span style=\"font-weight: 400;\">Gerenciamento 24 horas por dia, 7 dias por semana.<\/span><\/li>\n<\/ul>\n<p><b>Localiza\u00e7\u00e3o do servidor: <\/b><span style=\"font-weight: 400;\">EUA<\/span><\/p>\n<h2 id=\"ik_hostgator\">#7 \u2013 <a style=\"font-size: 32px;\" href=\"https:\/\/partners.hostgator.com\/jMrDa\">HostGator<\/a> \u2013 Melhor Hospedagem Ghost &#8220;All-inclusive&#8221;<\/h2>\n<p><span style=\"font-weight: 400;\">Voc\u00ea pode ter ouvido falar sobre o HostGator como um construtor de sites, mas agora a sua funcionalidade \u00e9 bastante mais ampla. Ele inclui hospedagem web, constru\u00e7\u00e3o de sites e dom\u00ednios. Aqui voc\u00ea pode ordenar diferentes tipos de hospedagem. Por exemplo, hospedagem VPS, compartilhada ou dedicada. O servi\u00e7o oferece uma garantia de tempo de atividade de 99,9% e ferramentas para novatos e profissionais, inclusive escalabilidade. HostGator existe desde 2002 e tem uma boa reputa\u00e7\u00e3o no mercado.<\/span><\/p>\n<div class=\"content__img-wrap\"><img src=\"https:\/\/sitechecker.pro\/wp-content\/uploads\/2020\/12\/Best-ghost-hosting-HostGator.jpg\" alt=\"Melhor hospedagem fantasma com tudo inclu\u00eddo - HostGator\" class=\"description-img description-img-zoom\" loading=\"lazy\" ><\/div>\n<p><span style=\"font-weight: 400;\">Outras caracter\u00edsticas e benef\u00edcios:<\/span><\/p>\n<ul>\n<li style=\"font-weight: 400;\" aria-level=\"1\"><span style=\"font-weight: 400;\">Dom\u00ednio gratuito, transfer\u00eancia de script e MySQL;<\/span><\/li>\n<li style=\"font-weight: 400;\" aria-level=\"1\"><span style=\"font-weight: 400;\">Backups semanais;<\/span><\/li>\n<li style=\"font-weight: 400;\" aria-level=\"1\"><span style=\"font-weight: 400;\">Personaliza\u00e7\u00e3o completa.<\/span><\/li>\n<\/ul>\n<p><b>Localiza\u00e7\u00e3o do servidor: <\/b><span style=\"font-weight: 400;\">EUA<\/span><\/p>\n<h2><span style=\"font-weight: 400;\">Compara\u00e7\u00f5es de Hospedagem na Web<\/span><\/h2>\n<p><span style=\"font-weight: 400;\">Se voc\u00ea ainda tem d\u00favidas sobre o que escolher, voc\u00ea pode comparar diferentes servi\u00e7os um a um. \u00c9 muito dif\u00edcil porque \u00e0 primeira vista eles s\u00e3o semelhantes. Ent\u00e3o, escrevemos artigos detalhados com uma compara\u00e7\u00e3o de diferentes ferramentas. Depois de ler, voc\u00ea ter\u00e1 uma ideia de qual servi\u00e7o combina com o seu blog pessoal ou comercial.<\/span><\/p>\n<ul>\n<li><a href=\"https:\/\/sitechecker.pro\/web-hosting\/namecheap-vs-bluehost\/\">Namecheap vs Bluehost: 2021 Ultimate Hosting Comparison<\/a><\/li>\n<li><a href=\"https:\/\/sitechecker.pro\/web-hosting\/siteground-vs-hostgator\/\">Siteground vs Hostgator: 2021 Ultimate Hosting Comparison<\/a><\/li>\n<li><a href=\"https:\/\/sitechecker.pro\/web-hosting\/namecheap-vs-godaddy\/\">Namecheap vs Godaddy: 2021 Ultimate Hosting Comparison<\/a><\/li>\n<\/ul>\n<h2><span style=\"font-weight: 400;\">Ferramentas \u00dateis de Hospedagem e SEO<\/span><\/h2>\n<ul>\n<li style=\"font-weight: 400;\" aria-level=\"1\"><a href=\"https:\/\/sitechecker.pro\/hosting-checker\/\"><b>Verificador de Hospedagem<\/b><\/a><span style=\"font-weight: 400;\"> &#8211; Descubra onde o site est\u00e1 hospedado e quem est\u00e1 a hosped\u00e1-lo.<\/span><\/li>\n<\/ul>\n<ul>\n<li style=\"font-weight: 400;\" aria-level=\"1\"><a href=\"https:\/\/sitechecker.pro\/website-down\/\"><b>Site Fora do Ar<\/b><\/a><span style=\"font-weight: 400;\"> &#8211; Verifique se o site est\u00e1 fora do ar para todos os clientes ou apenas para voc\u00ea.<\/span><\/li>\n<\/ul>\n<ul>\n<li style=\"font-weight: 400;\" aria-level=\"1\"><a href=\"https:\/\/sitechecker.pro\/speed-test\/\"><b>Teste de<\/b> <b>Velocidade<\/b><\/a><span style=\"font-weight: 400;\"> &#8211; Verifique a velocidade da p\u00e1gina atual e veja o que voc\u00ea pode melhorar para aumentar a velocidade.<\/span><\/li>\n<\/ul>\n<ul>\n<li style=\"font-weight: 400;\" aria-level=\"1\"><a href=\"https:\/\/sitechecker.pro\/expired-domain-checker\/\"><b>Verificador de Dom\u00ednio Expirado<\/b><\/a><span style=\"font-weight: 400;\"> &#8211; Obtenha informa\u00e7\u00f5es de data de validade do dom\u00ednio para ver se voc\u00ea pode compr\u00e1-lo ou n\u00e3o.<\/span><\/li>\n<\/ul>\n<ul>\n<li style=\"font-weight: 400;\" aria-level=\"1\"><a href=\"https:\/\/sitechecker.pro\/domain-availability\/\"><b>Disponibilidade de<\/b> <b>Dom\u00ednio<\/b><\/a><span style=\"font-weight: 400;\"> &#8211; Encontre nomes de dom\u00ednio dispon\u00edveis para o seu site.<\/span><\/li>\n<\/ul>\n<h2><span style=\"font-weight: 400;\">Perguntas Frequentes &#8211; Melhores Hospedagens Ghost\u00a0<\/span><\/h2>\n<h3><span style=\"font-weight: 400;\">Ghost \u00e9 melhor que o WordPress?<\/span><\/h3>\n<p><span style=\"font-weight: 400;\">\u00c9 dif\u00edcil dizer o que \u00e9 melhor. Ambas as ferramentas t\u00eam as suas pr\u00f3prias vantagens. Ghost e WordPress s\u00e3o ferramentas de c\u00f3digo aberto. Ambas s\u00e3o flex\u00edveis, confi\u00e1veis e seguras. E tanto voc\u00ea pode usar para criar um blog pessoal ou comercial conveniente.<\/span><\/p>\n<p><span style=\"font-weight: 400;\">Agora vamos dar uma olhada nas diferen\u00e7as. WordPress est\u00e1 escrito em PHP e Ghost in Node.js. Ghost \u00e9 mais focado em blogs, enquanto o WordPress permite que voc\u00ea crie sites muito diferentes. Ghost tem ferramentas pr\u00f3prias para SEO e WordPress precisa de plugins adicionais. WordPress \u00e9 mais popular e tem um n\u00famero maior de temas. Mas Ghost \u00e9 mais r\u00e1pido que o WordPress e suporta Markdown.<\/span><\/p>\n<p><span style=\"font-weight: 400;\">Assim, se voc\u00ea est\u00e1 a procurar um servi\u00e7o de blog, Ghost ser\u00e1 melhor porque ele foi criado para blogs. Mas se voc\u00ea precisar de um site totalmente funcional, voc\u00ea pode tentar o WordPress.<\/span><\/p>\n<h3><span style=\"font-weight: 400;\">Existem provedores de hospedagem ghost gratuitos?<\/span><\/h3>\n<p><span style=\"font-weight: 400;\">Quase todos os provedores de hospedagem ghost que listamos t\u00eam planos ou testes gratuitos. Alguns deles t\u00eam ofertas especiais de vendas. Mas, infelizmente, n\u00e3o h\u00e1 provedores de servi\u00e7os totalmente gratuitos. Voc\u00ea pode escolher um plano n\u00e3o muito caro ou verificar condi\u00e7\u00f5es especiais e promo\u00e7\u00f5es.<\/span><\/p>\n<h3><span style=\"font-weight: 400;\">Quais s\u00e3o os custos da hospedagem ghost?<\/span><\/h3>\n<p><span style=\"font-weight: 400;\">Como voc\u00ea pode ver em nossa lista, h\u00e1 pre\u00e7os diferentes.\u00a0 Eles dependem da ferramenta, dos recursos que voc\u00ea precisa, do plano e das ofertas especiais. Em geral, os pre\u00e7os partem de $4-5 para planos b\u00e1sicos. Os planos PRO custar\u00e3o de US $40 a US $100.<\/span><\/p>\n<p>&nbsp;<\/p>","protected":false},"excerpt":{"rendered":"Quando voc\u00ea come\u00e7a a criar um blog, voc\u00ea deve escolher a hospedagem apropriada que abrange todos os aspetos para um blog de sucesso. Por exemplo, a hospedagem ghost de blogs permite escrever, editar e publicar postagens de forma bastante f\u00e1cil e r\u00e1pida. Ent\u00e3o, permite que voc\u00ea se concentre em escrever sem se distrair com quest\u00f5es&#8230;","protected":false},"author":10504980,"featured_media":11400,"parent":9033,"menu_order":0,"comment_status":"closed","ping_status":"closed","template":"pages-templates\/pages-v2.php","meta":[],"categories":[44],"tags":[],"_links":{"self":[{"href":"https:\/\/sitechecker.pro\/pt\/wp-json\/wp\/v2\/pages\/11222"}],"collection":[{"href":"https:\/\/sitechecker.pro\/pt\/wp-json\/wp\/v2\/pages"}],"about":[{"href":"https:\/\/sitechecker.pro\/pt\/wp-json\/wp\/v2\/types\/page"}],"author":[{"embeddable":true,"href":"https:\/\/sitechecker.pro\/pt\/wp-json\/wp\/v2\/users\/10504980"}],"replies":[{"embeddable":true,"href":"https:\/\/sitechecker.pro\/pt\/wp-json\/wp\/v2\/comments?post=11222"}],"version-history":[{"count":8,"href":"https:\/\/sitechecker.pro\/pt\/wp-json\/wp\/v2\/pages\/11222\/revisions"}],"predecessor-version":[{"id":33800,"href":"https:\/\/sitechecker.pro\/pt\/wp-json\/wp\/v2\/pages\/11222\/revisions\/33800"}],"up":[{"embeddable":true,"href":"https:\/\/sitechecker.pro\/pt\/wp-json\/wp\/v2\/pages\/9033"}],"wp:featuredmedia":[{"embeddable":true,"href":"https:\/\/sitechecker.pro\/pt\/wp-json\/wp\/v2\/media\/11400"}],"wp:attachment":[{"href":"https:\/\/sitechecker.pro\/pt\/wp-json\/wp\/v2\/media?parent=11222"}],"wp:term":[{"taxonomy":"category","embeddable":true,"href":"https:\/\/sitechecker.pro\/pt\/wp-json\/wp\/v2\/categories?post=11222"},{"taxonomy":"post_tag","embeddable":true,"href":"https:\/\/sitechecker.pro\/pt\/wp-json\/wp\/v2\/tags?post=11222"}],"curies":[{"name":"wp","href":"https:\/\/api.w.org\/{rel}","templated":true}]}}