{"id":1115,"date":"2023-11-23T12:51:03","date_gmt":"2023-11-23T12:51:03","guid":{"rendered":"https:\/\/sitechecker.pro\/?page_id=1115"},"modified":"2025-01-02T16:17:04","modified_gmt":"2025-01-02T16:17:04","slug":"hreflang-tags","status":"publish","type":"page","link":"https:\/\/sitechecker.pro\/pt\/hreflang-tags\/","title":{"rendered":"Quais s\u00e3o as Tags Hreflang e como implement\u00e1-las corretamente?"},"content":{"rendered":"<p>Em primeiro lugar, vamos descobrir o que \u00e9 isso? O Hreflang \u00e9 uma solu\u00e7\u00e3o t\u00e9cnica para sites com o mesmo conte\u00fado em v\u00e1rios idiomas, por exemplo, usu\u00e1rio \u00e9 um residente da Fran\u00e7a, a p\u00e1gina do site est\u00e1 no <a href=\"https:\/\/sitechecker.pro\/pt\/serp\/\">SERP <\/a>em ingl\u00eas, mas h\u00e1 tamb\u00e9m uma vers\u00e3o em franc\u00eas. Qual \u00e9 o seu objetivo? Voc\u00ea precisa se certificar de que esse usu\u00e1rio espec\u00edfico do Google visualize a p\u00e1gina em franc\u00eas. Com tags Hreflang, voc\u00ea pode especificar que uma p\u00e1gina \u00e9 para residentes dos Estados Unidos e a outra para brit\u00e2nicos, ou voc\u00ea pode criar duas p\u00e1ginas diferentes para usu\u00e1rios da Alemanha e \u00c1ustria &#8211; este \u00e9 exatamente o prop\u00f3sito para qual o atributo Hreflang foi desenvolvido.<\/p>\n<p>Antes de ler esse artigo, recomenda-se ler as <a href=\"https:\/\/support.google.com\/webmasters\/answer\/189077?hl=pt\">instru\u00e7\u00f5es do Google<\/a>.<\/p>\n<p>&nbsp;<\/p>\n<h2>#1: Vamos ver se voc\u00ea precisa de tags Hreflang no seu site?<\/h2>\n<p>&nbsp;<\/p>\n<p>Claro, este \u00e9 o passo mais simples em todo processo, mas para tomar uma decis\u00e3o fundamentada, voc\u00ea tem que considerar v\u00e1rias nuances &#8211; se voc\u00ea:<\/p>\n<ul>\n<li>\u00a0Tem o mesmo conte\u00fado em diferentes idiomas;<\/li>\n<li>Tem conte\u00fado voltado para diferentes regi\u00f5es geogr\u00e1ficas, mas o idioma \u00e9 o mesmo.<\/li>\n<\/ul>\n<p>Para maior clareza, aqui est\u00e3o alguns exemplos :<\/p>\n<p><strong>Exemplo 1:<\/strong> O site em ingl\u00eas que possui tr\u00eas vers\u00f5es diferentes: uma para os Estados Unidos, outra para o Reino Unido e a \u00faltima para o resto do mundo;<\/p>\n<p><strong>Exemplo 2:<\/strong> um site com tr\u00eas vers\u00f5es de idiomas internacionais: ingl\u00eas, espanhol e franc\u00eas;<\/p>\n<p><strong>Exemplo 3:<\/strong> um site global com tr\u00eas vers\u00f5es para diferentes continentes com base no idioma ingl\u00eas: para Europa, \u00c1sia, Estados Unidos e Canad\u00e1;<\/p>\n<p><strong>Exemplo 4:<\/strong> um site com vers\u00f5es em ingl\u00eas e espanhol, mas apenas para os Estados Unidos;<\/p>\n<p><strong>Exemplo 5:<\/strong> um site para um pa\u00eds com diferentes idiomas nativos.<\/p>\n<p>Se algum desses exemplos for semelhante \u00e0 sua situa\u00e7\u00e3o, voc\u00ea definitivamente ir\u00e1 precisar de um atributo hreflang<\/p>\n<p>&nbsp;<\/p>\n<h2>#2: Crie um mapa com vers\u00f5es dos pa\u00edses e idiomas do seu website<\/h2>\n<p>&nbsp;<\/p>\n<p>A localiza\u00e7\u00e3o atual do usu\u00e1rio e as configura\u00e7\u00f5es do seu idioma determinam o <a href=\"https:\/\/sitechecker.pro\/pt\/what-is-url\/\">URL <\/a>mais apropriado. Usu\u00e1rio pode ter v\u00e1rios idiomas nas configura\u00e7\u00f5es do navegador. A ordem em que esses idiomas aparecem nas configura\u00e7\u00f5es determina o idioma mais apropriado para uma experi\u00eancia vantajosa para o usu\u00e1rio.<\/p>\n<p>A melhor ideia \u00e9 criar uma tabela de tr\u00eas colunas:<\/p>\n<ul>\n<li>\u00a0Idioma: uma vers\u00e3o do site tem apenas 1 idioma e \u00e9 importante n\u00e3o misturar idiomas<\/li>\n<li>Vers\u00e3o do site: voc\u00ea pode criar v\u00e1rias vers\u00f5es de site em um dos v\u00e1rios dom\u00ednios ou em subdom\u00ednios diferentes;<\/li>\n<li>Pa\u00edses: Todos os sites podem segmentar o p\u00fablico de um pa\u00eds para todo mundo.<\/li>\n<\/ul>\n<p>Para o idioma ou sites de um pa\u00eds, essa tabela \u00e9 muito simples. No entanto, para todos os outros, existem alguns exemplos mais detalhados.<\/p>\n<p>&nbsp;<\/p>\n<p><strong>Exemplo 1:<\/strong> um site em ingl\u00eas com tr\u00eas vers\u00f5es diferentes: para os Estados Unidos, para o Reino Unido e para o resto do mundo.<\/p>\n<p>Voc\u00ea pode usar dom\u00ednios diferentes. Por exemplo, o site para os Estados Unidos e o resto do mundo pode usar dom\u00ednios como .com\/ us \/ ou .com \/ en \/, quando o site do Reino Unido pode ser hospedado em .co \/ uk, este \u00e9 um bom exemplo.<\/p>\n<p>&nbsp;<\/p>\n<p><strong>Exemplo 2:<\/strong> Um site com tr\u00eas idiomas internacionais: ingl\u00eas, espanhol e franc\u00eas.<\/p>\n<p>\u00c9 principalmente para usu\u00e1rios de empresas globais com diferentes idiomas e pa\u00edses como SaaS ou ind\u00fastrias semelhantes (observe que o mesmo dom\u00ednio .com \u00e9 usado para todas as tr\u00eas vers\u00f5es, mas em subdiret\u00f3rios diferentes).<\/p>\n<p>&nbsp;<\/p>\n<p><strong>Exemplo 3:<\/strong> O site global com tr\u00eas vers\u00f5es para diferentes continentes com base no idioma ingl\u00eas: Europa, \u00c1sia, Estados Unidos e Canad\u00e1.<\/p>\n<p>Voc\u00ea tem a mesma l\u00edngua, mas o p\u00fablico vem de todos os continentes. Portanto, deve haver tr\u00eas op\u00e7\u00f5es diferentes:<\/p>\n<ul>\n<li>Pa\u00edses da Europa: B\u00e9lgica, Isl\u00e2ndia, Alemanha, \u00c1ustria, Su\u00ed\u00e7a, Portugal, Rep\u00fablica Tcheca, Hungria, Dinamarca, Finl\u00e2ndia, Reino Unido, Cro\u00e1cia, It\u00e1lia, Luxemburgo, Fran\u00e7a, Noruega, Su\u00e9cia, Holanda , Pol\u00f4nia e outros;<\/li>\n<li>Canada, EUA;<\/li>\n<li>Pa\u00edses da \u00c1sia: China, Austr\u00e1lia, \u00cdndia, Jap\u00e3o, Hong Kong, Nova Zel\u00e2ndia, Indon\u00e9sia.<\/li>\n<\/ul>\n<p>&nbsp;<\/p>\n<p><strong>Exemplo 4:<\/strong> uma plataforma com ingl\u00eas espanhol, mas apenas para os residentes dos Estados Unidos. Essa op\u00e7\u00e3o \u00e9 para os pa\u00edses com diferentes idiomas em um estado ou em ambientes multil\u00edngues, nesse caso, voc\u00ea deve considerar o uso de um dom\u00ednio espec\u00edfico do pa\u00eds, como https:\/\/ es. e http:\/\/ en.<\/p>\n<p>&nbsp;<\/p>\n<p><strong>Exemplo 5:<\/strong> um site para um pa\u00eds com diferentes idiomas nativos.<\/p>\n<p>Normalmente, essa op\u00e7\u00e3o \u00e9 usada para propriet\u00e1rios de com\u00e9rcio eletr\u00f4nico (lojas on-line, peri\u00f3dicos globais on-line, servi\u00e7os de viagens ou educacionais e outros) em todo mundo. As empresas B2B geralmente usam ingl\u00eas como pa\u00eds nativo.<\/p>\n<p>&nbsp;<\/p>\n<table style=\"height: 374px;\" width=\"804\">\n<tbody>\n<tr>\n<td><b>dom\u00ednio<\/b><\/td>\n<td><b>linguagem<\/b><\/td>\n<td><b>pa\u00eds<\/b><\/td>\n<\/tr>\n<tr>\n<td>.ch\/fr\/<\/td>\n<td><span style=\"font-weight: 400;\">Franc\u00eas<\/span><\/td>\n<td><span style=\"font-weight: 400;\">Su\u00ed\u00e7a<\/span><\/td>\n<\/tr>\n<tr>\n<td>.de\/<\/td>\n<td><span style=\"font-weight: 400;\">Alem\u00e3o<\/span><\/td>\n<td><span style=\"font-weight: 400;\">Alemanha<\/span><\/td>\n<\/tr>\n<tr>\n<td>.com.uk\/<\/td>\n<td><span style=\"font-weight: 400;\">Ingl\u00eas<\/span><\/td>\n<td><span style=\"font-weight: 400;\">Reino\/<\/span><span style=\"font-weight: 400;\">Unido<\/span><\/td>\n<\/tr>\n<tr>\n<td>.be\/fr\/<\/td>\n<td><span style=\"font-weight: 400;\">Franc\u00eas<\/span><\/td>\n<td><span style=\"font-weight: 400;\">B\u00e9lgica<\/span><\/td>\n<\/tr>\n<tr>\n<td>.ch\/de\/<\/td>\n<td><span style=\"font-weight: 400;\">Alem\u00e3o<\/span><\/td>\n<td><span style=\"font-weight: 400;\">Su\u00ed\u00e7a<\/span><\/td>\n<\/tr>\n<tr>\n<td>.be\/nl\/<\/td>\n<td><span style=\"font-weight: 400;\">Holand\u00eas<\/span><\/td>\n<td><span style=\"font-weight: 400;\">Holanda<\/span><\/td>\n<\/tr>\n<\/tbody>\n<\/table>\n<p>&nbsp;<\/p>\n<p>H\u00e1 uma mistura de subdom\u00ednios e estrat\u00e9gias de subdiret\u00f3rios com a ideia de mostrar que as op\u00e7\u00f5es no site podem ser diferentes com uso da tag Hreflang.<\/p>\n<p>&nbsp;<\/p>\n<h2># 3: estrutura do site e estrat\u00e9gia de dom\u00ednio<\/h2>\n<p>&nbsp;<\/p>\n<p>Existe uma regra muito importante. O Google interpreta o conte\u00fado automaticamente em dom\u00ednios espec\u00edficos do pa\u00eds (ccTLDs), conforme segmentado para usu\u00e1rios de um pa\u00eds. Ainda assim, como j\u00e1 foi notado, o atributo hreflang pode implementar quase todas as com combina\u00e7\u00f5es de dom\u00ednio, subdom\u00ednios e subdiret\u00f3rios:<\/p>\n<ul>\n<li>\u00a0v g TLD (dom\u00ednio de primeiro n\u00edvel geral) \u00e9 um dom\u00ednio de n\u00edvel superior criado para segmenta\u00e7\u00e3o de endere\u00e7os de recursos eletr\u00f4nicos de uma determinada classe de organiza\u00e7\u00f5es ou comunidades;<\/li>\n<li>v vc TLD(dom\u00ednio gen\u00e9rico de primeiro n\u00edvel) \u00e9 um dom\u00ednio de n\u00edvel superior dedicado a um pa\u00eds espec\u00edfico; por exemplo: .de para Alemanha, .fe para Fran\u00e7a, etc.<\/li>\n<\/ul>\n<p>O ccTLDs est\u00e3o associados a um pa\u00eds espec\u00edfico. Pelo contr\u00e1rio, os gTLDs n\u00e3o s\u00e3o espec\u00edficos de um pa\u00eds. Nem todos precisam considerar essas informa\u00e7\u00f5es, mas para fins de segmenta\u00e7\u00e3o internacional, isso \u00e9 muito importante porque, ao usar um subdom\u00ednio ou subdiret\u00f3rio ccTLDs, voc\u00ea segmentar\u00e1 apenas o p\u00fablico alvo do pa\u00eds associado a um ccTLD.<\/p>\n<p>Usando o Google Search Console do gTLD, voc\u00ea pode optar por segmentar o conte\u00fado para usu\u00e1rios de um pa\u00eds espec\u00edfico. Ao usar o ccTLDs, \u00e9 imposs\u00edvel especificar um pa\u00eds porque ele j\u00e1 foi escolhido pelo seu ccTLD. \u00c9 complicado mas vamos ver o que podemos fazer.<\/p>\n<p>Usando o ccTLDs, Voc\u00ea segmenta o p\u00fablico-alvo do site do pa\u00eds correspondente, mas n\u00e3o o p\u00fablico de outros pa\u00edses com conte\u00fado do website de seu dom\u00ednio. Certifique-se de criar uma estrutura com as op\u00e7\u00f5es de segmenta\u00e7\u00e3o \u201ctodos os pa\u00edses\u201c ou \u201cresto do mundo\u201d para segmentar usu\u00e1rios em um gTLDs. O que isso significa ?<\/p>\n<p>Por exemplo, voc\u00ea tem um site com vers\u00f5es para v\u00e1rios pa\u00edses, mas nenhuma vers\u00e3o de idioma gen\u00e9rico para o p\u00fablico dos pa\u00edses. Seria razo\u00e1vel adicionar vers\u00f5es de idioma gen\u00e9rico em um gTLD de idiomas j\u00e1 criados para usu\u00e1rios fora do mercado do pr\u00f3prio site. Assim, indicando uma boa estrutura de dom\u00ednio internacional e multil\u00edngue, podemos definir facilmente valor do hreflang para cada vers\u00e3o do site. Isso \u00e9 algo que voc\u00ea deve ter em mente.<\/p>\n<p>&nbsp;<\/p>\n<h2>#4: valor Hreflang para cada pa\u00eds e op\u00e7\u00f5es de idioma<\/h2>\n<p>&nbsp;<\/p>\n<ul>\n<li>\u00a0O valor de hreflang tem um c\u00f3digo de idioma e um c\u00f3digo do pa\u00eds, separados por um h\u00edfen;<\/li>\n<li>os c\u00f3digos de idioma tem formato ISO 639-1, os c\u00f3digos de pa\u00eds tem formato ISO 3166-1 Alpha-2;<\/li>\n<li>O valor do Hreflang pode ser atribu\u00eddo apenas uma vez e, de acordo com isso, voc\u00ea n\u00e3o pode ter duas vers\u00f5es do seu site que s\u00e3o direcionadas ao mesmo idioma e aos mesmos usu\u00e1rios do pa\u00eds (todas as combina\u00e7\u00f5es de idiomas e pa\u00eds devem ser exclusivas);<\/li>\n<li>URLs podem receber v\u00e1rios valores de hreflang de uma s\u00f3 vez.<\/li>\n<\/ul>\n<p>Agora podemos adicionar a quarta coluna no exemplo 5 (segundo passo).<\/p>\n<p>&nbsp;<\/p>\n<table style=\"height: 374px;\" width=\"804\">\n<tbody>\n<tr>\n<td><b>dom\u00ednio<\/b><\/td>\n<td><b>Idioma<\/b><\/td>\n<td><b>Pa\u00eds<\/b><\/td>\n<td><b>valores <\/b> <b>do hreflang <\/b><\/td>\n<\/tr>\n<tr>\n<td>.ch\/fr\/<\/td>\n<td><span style=\"font-weight: 400;\">Franc\u00eas<\/span><\/td>\n<td><span style=\"font-weight: 400;\">Su\u00ed\u00e7a<\/span><\/td>\n<td>de-CH<\/td>\n<\/tr>\n<tr>\n<td>.de\/<\/td>\n<td><span style=\"font-weight: 400;\">Alem\u00e3o<\/span><\/td>\n<td><span style=\"font-weight: 400;\">Alemanha<\/span><\/td>\n<td>de-DE<\/td>\n<\/tr>\n<tr>\n<td>.com.uk\/<\/td>\n<td><span style=\"font-weight: 400;\">Ingl\u00eas<\/span><\/td>\n<td><span style=\"font-weight: 400;\">Reino <\/span> <span style=\"font-weight: 400;\">Unido<\/span><\/td>\n<td>en-GB<\/td>\n<\/tr>\n<tr>\n<td>.be\/fr\/<\/td>\n<td><span style=\"font-weight: 400;\">Franc\u00eas<\/span><\/td>\n<td><span style=\"font-weight: 400;\">B\u00e9lgica<\/span><\/td>\n<td>fr-BE<\/td>\n<\/tr>\n<tr>\n<td>.ch\/de\/<\/td>\n<td><span style=\"font-weight: 400;\">Alemanha<\/span><\/td>\n<td><span style=\"font-weight: 400;\">Su\u00ed\u00e7a<\/span><\/td>\n<td>de-CH<\/td>\n<\/tr>\n<tr>\n<td>.be\/nl\/<\/td>\n<td><span style=\"font-weight: 400;\">Holand\u00eas<\/span><\/td>\n<td><span style=\"font-weight: 400;\">Holanda<\/span><\/td>\n<td>dt-NL<\/td>\n<\/tr>\n<\/tbody>\n<\/table>\n<p>&nbsp;<\/p>\n<p>&nbsp;<\/p>\n<p>&nbsp;<\/p>\n<p>Todas as vers\u00f5es do \u201cexemplo 5\u201c s\u00e3o direcionadas ao pa\u00eds exato hospedado em um ccTLD, portanto, todos recebem os c\u00f3digos de pa\u00edses opcionais e, embora as vers\u00f5es do site estejam hospedadas em ccTLDs, os c\u00f3digos dos pa\u00edses n\u00e3o s\u00e3o necess\u00e1rios, porque os ccTLDs s\u00e3o automaticamente associados ao pa\u00eds. Os valores hreflang corretos do c\u00f3digo do pa\u00eds devem sempre receber URLs nos ccTLDs.<\/p>\n<p>&nbsp;<\/p>\n<h2>#5: Hreflang = \u201cx-default\u201d<\/h2>\n<p>&nbsp;<\/p>\n<p>Esse \u00e9 um valor especial para o atributo hreflang chamado \u201cx-default\u201d, que especifica onde os usu\u00e1rios devem ir se nenhum dos idiomas corresponder \u00e0s configura\u00e7\u00f5es do navegador nos links hreflang. Pela primeira vez, tal oportunidade ser\u00e1 apresentada para p\u00e1ginas de destino internacionais &#8211; isso quer dizer as p\u00e1ginas para as quais voc\u00ea redireciona os usu\u00e1rios, dependendo da sua localiza\u00e7\u00e3o.<\/p>\n<p>Ao mesmo tempo, serve como uma ferramenta universal. Se a localiza\u00e7\u00e3o e o idioma do p\u00fablico n\u00e3o correspondem aos estabelecidos, eles ser\u00e3o redirecionados. Por exemplo, um usu\u00e1rio da Alemanha est\u00e1 procurando por algo no idioma ingl\u00eas \u2014 como regra, n\u00e3o h\u00e1 um URL adequado e, nesses casos, o X-default \u00e9 usado. O quarto link \u00e9 adicionado e acontece:<\/p>\n<ul>\n<li>\u00a0De;<\/li>\n<li>De-at;<\/li>\n<li>De-ch;<\/li>\n<li>X-default<\/li>\n<\/ul>\n<h2># 6: anota\u00e7\u00f5es do hreflang<\/h2>\n<p>&nbsp;<\/p>\n<p>As anota\u00e7\u00f5es de hreflang devem ser implementadas em um n\u00edvel de URL. Portanto, cada conjunto de URL de um pa\u00eds ou idiomas diferentes recebem seu pr\u00f3prio conjunto de anota\u00e7\u00f5es.<\/p>\n<ul>\n<li>\u00a0Nem todas as p\u00e1ginas podem existir em todos os locais e idiomas. Voc\u00ea n\u00e3o deve usar anota\u00e7\u00f5es hreflang para contar p\u00e1ginas ausentes.<\/li>\n<li>Voc\u00ea precisa de anota\u00e7\u00f5es para mudar apenas para p\u00e1ginas que deseja indexar o sistema de pesquisa, o que \u00e9 um ponto importante a ser considerado.<\/li>\n<li>URLs n\u00e3o can\u00f4nicos n\u00e3o devem ter anota\u00e7\u00f5es hreflang.<\/li>\n<\/ul>\n<p>Escolher anota\u00e7\u00f5es hreflang pode ser uma coisa muito complicada. A coisa mais importante que voc\u00ea precisa cuidar \u00e9 que as p\u00e1ginas de sua conta devem estar ligadas a anota\u00e7\u00f5es hreflang recebidas.<\/p>\n<p>&nbsp;<\/p>\n<h2>#7: m\u00e9todos de implementa\u00e7\u00e3o Hreflang<\/h2>\n<p>&nbsp;<\/p>\n<p>Existem tr\u00eas m\u00e9todos comuns:<br \/>\n<strong>1.Sitemaps XML<\/strong><br \/>\nExistem v\u00e1rios problemas com o processamento das informa\u00e7\u00f5es nos sitemaps pelo Google, porque ele n\u00e3o processa p\u00e1ginas XML com frequ\u00eancia. Portanto, ao escolher esse m\u00e9todo, voc\u00ea pode enfrentar alguns erros no Google Search Console.<\/p>\n<p>Geralmente, os desenvolvedores preferem usar <a href=\"https:\/\/sitechecker.pro\/pt\/xml-sitemap\/\">sitemaps XML<\/a> para implement\u00e1-lo no c\u00f3digo-fonte HTML com cada p\u00e1gina para sites globais (mundiais). Acreditamos que muitas anota\u00e7\u00f5es hreflang causam mais problemas em um sitemap XML do que na se\u00e7\u00e3o de cabe\u00e7alho de c\u00f3digos de uma p\u00e1gina.<\/p>\n<p>O que devemos ter em mente? A decis\u00e3o depende, mas se voc\u00ea ainda usar o m\u00e9todo de implementa\u00e7\u00e3o de sitemaps XML, recomendamos que voc\u00ea consulte mais informa\u00e7\u00f5es sobre as recomenda\u00e7\u00f5es do Google antes de cometer alguns erros.<\/p>\n<p><strong>2.O cabe\u00e7alho HTTP de cada p\u00e1gina<\/strong><br \/>\nTeoricamente, o cabe\u00e7alho HTTP de cada m\u00e9todo de implementa\u00e7\u00e3o de p\u00e1gina tem todas as vantagens de que voc\u00ea precisa:<\/p>\n<ul>\n<li>O Google recebe as informa\u00e7\u00f5es do cabe\u00e7alho HTTP o tempo todo, diferentemente do caso dos sitemaps XML;<\/li>\n<li>Voc\u00ea pode definir cabe\u00e7alhos HTTP para cada URL, mesmo sem c\u00f3digo de fonte pr\u00f3prio, bem como para PDFs e outro arquivos n\u00e3o HTML.<\/li>\n<\/ul>\n<p>No entanto, este m\u00e9todo tamb\u00e9m \u00e9 bastante complicado de usar. As ferramentas de SEO n\u00e3o verificam com a aten\u00e7\u00e3o suficiente os cabe\u00e7alhos HTTP. Portanto, muitas vezes, provocam mais dificuldades do que benef\u00edcios, mas, por outro lado, o c\u00f3digo por si s\u00f3 \u00e9 bastante f\u00e1cil de escrever e \u00e9 muito semelhante ao cabe\u00e7alho HTML.<\/p>\n<p>A se\u00e7\u00e3o de cabe\u00e7alho do c\u00f3digo HTML de cada p\u00e1gina<br \/>\n\u00c9 definitivamente o m\u00e9todo mais popular e simples de implementa\u00e7\u00e3o do hreflang na internet. E o mais recomendado para uso em todos os desenvolvedores tamb\u00e9m. No entanto, infelizmente, tamb\u00e9m existem alguns contras para este m\u00e9todo.<\/p>\n<p>Pode haver um problema de erro a usar o valor padr\u00e3o X para suas p\u00e1ginas, portanto, se a p\u00e1gina inicial do seu site tiver como objetivo redirecionar o p\u00fablico para o local ou idioma do navegador, \u00e9 melhor usar os outros dois m\u00e9todos hreflang de implementa\u00e7\u00e3o.<\/p>\n<p>Al\u00e9m disso, se voc\u00ea tiver muitas op\u00e7\u00f5es diferentes de local ou idioma, precisar\u00e1 fazer muitas anota\u00e7\u00f5es hreflang, o que tem algumas consequ\u00eancias negativas. Quais? O c\u00f3digo adicional longo aumenta o tamanho da p\u00e1gina da web e, portanto, pode diminuir o tempo de carregamento e, se voc\u00ea n\u00e3o quiser aumentar o tamanho do site, deve considerar o uso de outro m\u00e9todo. No entanto, existe outra coisa a ter em mente. Na verdade, nem sempre os tamanhos de p\u00e1ginas da web padr\u00e3o s\u00e3o os ideais (devido a in\u00fameras raz\u00f5es, incluindo problemas de internet de diferentes pa\u00edses), portanto, \u00e9 necess\u00e1rio fazer algumas pesquisas para encontrar a op\u00e7\u00e3o mais eficiente para o seu recurso e seus usu\u00e1rios.<\/p>\n<p>H\u00e1 tamb\u00e9m algumas dicas importantes que voc\u00ea deve prestar aten\u00e7\u00e3o ao trabalhar com hreflang:<\/p>\n<ul>\n<li>\u00a0Voc\u00ea deve criar um Google Search Console para todas as op\u00e7\u00f5es de local e idioma<\/li>\n<li>Voc\u00ea deve alinhar sua implementa\u00e7\u00e3o hreflang com as op\u00e7\u00f5es de segmenta\u00e7\u00e3o internacional. Voc\u00ea deve lan\u00e7ar e resolver todos os erros no Google Search Console.<\/li>\n<li>Fique atento a um grande aumento nos tamanhos das p\u00e1ginas da web, se voc\u00ea n\u00e3o quiser incomodar os usu\u00e1rios com carregamento lento;<\/li>\n<li>N\u00e3o se esque\u00e7a de controlar suas impress\u00f5es das ferramentas do Google para webmasters.<\/li>\n<\/ul>\n<p>Agora que voc\u00ea sabe tudo! O uso do atributo hreflang \u00e9 parte integrante da otimiza\u00e7\u00e3o de recursos globais da web para uma percep\u00e7\u00e3o correta dos mecanismos de pesquisa e para determina\u00e7\u00e3o exata e adequada de exibi\u00e7\u00e3o de uma vers\u00e3o de idioma espec\u00edfica para um usu\u00e1rio espec\u00edfico.<\/p>\n<p>O cumprimento desta condi\u00e7\u00e3o fornecer\u00e1 ao seu recurso da web estat\u00edsticas positivas dos principais indicadores levados em considera\u00e7\u00e3o pelos <a href=\"https:\/\/sitechecker.pro\/pt\/search-engines\/\">mecanismos de busca<\/a>, o que, sem d\u00favida, afetar\u00e1 os resultados gerais de sua divulga\u00e7\u00e3o.<\/p>\n<p>&nbsp;<\/p>\n<p>&nbsp;<\/p>","protected":false},"excerpt":{"rendered":"Em primeiro lugar, vamos descobrir o que \u00e9 isso? O Hreflang \u00e9 uma solu\u00e7\u00e3o t\u00e9cnica para sites com o mesmo conte\u00fado em v\u00e1rios idiomas, por exemplo, usu\u00e1rio \u00e9 um residente da Fran\u00e7a, a p\u00e1gina do site est\u00e1 no SERP em ingl\u00eas, mas h\u00e1 tamb\u00e9m uma vers\u00e3o em franc\u00eas. Qual \u00e9 o seu objetivo? Voc\u00ea precisa&#8230;","protected":false},"author":11474150,"featured_media":3428,"parent":0,"menu_order":0,"comment_status":"closed","ping_status":"closed","template":"pages-templates\/pages-v2.php","meta":[],"categories":[28],"tags":[],"_links":{"self":[{"href":"https:\/\/sitechecker.pro\/pt\/wp-json\/wp\/v2\/pages\/1115"}],"collection":[{"href":"https:\/\/sitechecker.pro\/pt\/wp-json\/wp\/v2\/pages"}],"about":[{"href":"https:\/\/sitechecker.pro\/pt\/wp-json\/wp\/v2\/types\/page"}],"author":[{"embeddable":true,"href":"https:\/\/sitechecker.pro\/pt\/wp-json\/wp\/v2\/users\/11474150"}],"replies":[{"embeddable":true,"href":"https:\/\/sitechecker.pro\/pt\/wp-json\/wp\/v2\/comments?post=1115"}],"version-history":[{"count":55,"href":"https:\/\/sitechecker.pro\/pt\/wp-json\/wp\/v2\/pages\/1115\/revisions"}],"predecessor-version":[{"id":34734,"href":"https:\/\/sitechecker.pro\/pt\/wp-json\/wp\/v2\/pages\/1115\/revisions\/34734"}],"wp:featuredmedia":[{"embeddable":true,"href":"https:\/\/sitechecker.pro\/pt\/wp-json\/wp\/v2\/media\/3428"}],"wp:attachment":[{"href":"https:\/\/sitechecker.pro\/pt\/wp-json\/wp\/v2\/media?parent=1115"}],"wp:term":[{"taxonomy":"category","embeddable":true,"href":"https:\/\/sitechecker.pro\/pt\/wp-json\/wp\/v2\/categories?post=1115"},{"taxonomy":"post_tag","embeddable":true,"href":"https:\/\/sitechecker.pro\/pt\/wp-json\/wp\/v2\/tags?post=1115"}],"curies":[{"name":"wp","href":"https:\/\/api.w.org\/{rel}","templated":true}]}}