{"id":1104,"date":"2018-01-09T09:34:19","date_gmt":"2018-01-09T09:34:19","guid":{"rendered":"https:\/\/sitechecker.pro\/?page_id=1104"},"modified":"2026-02-03T13:08:36","modified_gmt":"2026-02-03T13:08:36","slug":"external-links","status":"publish","type":"page","link":"https:\/\/sitechecker.pro\/pt\/external-links\/","title":{"rendered":"Ferramenta de Verifica\u00e7\u00e3o de Links Externos | Verificar Links de Sa\u00edda \u2611"},"content":{"rendered":"<p><\/p>\n<h2 id=\"par1\">O que \u00e9 um verificador de liga\u00e7\u00f5es externas?<\/h2>\n<p>O analisador de links externos \u00e9 uma ferramenta criada profissionalmente que lhe permite identificar e rastrear todos os hiperlinks de sa\u00edda de qualquer p\u00e1gina espec\u00edfica do seu website, cobrindo cada URL. Al\u00e9m disso, auxilia na identifica\u00e7\u00e3o e retifica\u00e7\u00e3o de quaisquer problemas relacionados com hiperliga\u00e7\u00f5es externas externas no seu website. Al\u00e9m disso, esta ferramenta tamb\u00e9m ajuda a desenvolver e implementar uma estrat\u00e9gia eficaz de links externos.<\/p>\n<h3>Como \u00e9 que a ferramenta o pode ajudar?<\/h3>\n<p><strong>An\u00e1lise da qualidade e quantidade de links: <\/strong>Avalie a quantidade e a qualidade dos sites externos ligados ao seu site, distinguindo entre destinos de alta qualidade e de baixa qualidade.<\/p>\n<p><strong>Verifica\u00e7\u00e3o de spam e relev\u00e2ncia: <\/strong>Analise a relev\u00e2ncia do conte\u00fado dos links externos para garantir que n\u00e3o s\u00e3o percecionados como spam e contribuem positivamente para a autoridade do seu website.<\/p>\n<p><strong>Gest\u00e3o do peso das hiperliga\u00e7\u00f5es: <\/strong>Ajuda a manter um perfil equilibrado de URLs de entrada e sa\u00edda, fundamental para a classifica\u00e7\u00e3o de p\u00e1ginas e otimiza\u00e7\u00e3o de motores de busca (SEO).<\/p>\n<h3>Principais caracter\u00edsticas da ferramenta<\/h3>\n<p><strong>Painel Unificado: <\/strong>Fornece uma plataforma centralizada onde os utilizadores podem aceder e analisar todos os dados e m\u00e9tricas de SEO. Este painel permite uma f\u00e1cil monitoriza\u00e7\u00e3o e gest\u00e3o de v\u00e1rios aspetos de SEO de um website, incluindo tr\u00e1fego, classifica\u00e7\u00f5es de palavras-chave e integridade do website.<\/p>\n<p><strong>Interface amig\u00e1vel: <\/strong>Projetada a pensar na simplicidade, a interface do Sitechecker \u00e9 intuitiva, tornando-a acess\u00edvel mesmo para quem n\u00e3o \u00e9 especialista em SEO. Isto garante que os utilizadores podem navegar e utilizar o conjunto de ferramentas de forma eficiente.<\/p>\n<p><strong>Conjunto completo de ferramentas de SEO: <\/strong><a href=\"https:\/\/sitechecker.pro\/\" target=\"_blank\" rel=\"noopener noreferrer\">Sitechecker<\/a> inclui um conjunto abrangente de ferramentas de SEO que abrangem v\u00e1rios aspetos, tais como auditoria de websites, rastreio de classifica\u00e7\u00f5es, verifica\u00e7\u00e3o de backlinks e muito mais. Este conjunto de ferramentas fornece insights detalhados e recomenda\u00e7\u00f5es pr\u00e1ticas para melhorar o desempenho do website nos resultados dos motores de pesquisa.<\/p>\n<h2 id=\"par2\">Como utilizar a ferramenta Verificador de liga\u00e7\u00f5es de sa\u00edda?<\/h2>\n<p>Suponha que pretende examinar todo o seu website e auditar cada URL individualmente para verificar se existem links externos. Vamos examinar passo a passo a ferramenta de verifica\u00e7\u00e3o de liga\u00e7\u00f5es externas.<\/p>\n<p>Os resultados da verifica\u00e7\u00e3o de uma \u00fanica p\u00e1gina ser\u00e3o apresentados no ecr\u00e3 imediatamente. Para verificar o dom\u00ednio e enviar todos os links externos que levam ao seu site, aproveite o per\u00edodo de teste gratuito oferecido.<\/p>\n<div class=\"content__img-wrap\"><img src=\"https:\/\/sitechecker.pro\/wp-content\/uploads\/2024\/08\/1-External-links-selector-min.png\" alt=\"Verificador de liga\u00e7\u00e3o externa de sa\u00edda\" class=\"description-img description-img-zoom\" loading=\"lazy\" ><\/div>\n<h2 id=\"par3\">Verifica\u00e7\u00e3o de dom\u00ednios<\/h2>\n<h3>Passo 1: Selecione a op\u00e7\u00e3o de dom\u00ednio, introduza o dom\u00ednio que pretende examinar e clique no bot\u00e3o \u201cVerificar liga\u00e7\u00f5es externas\u201d<\/h3>\n<div class=\"content__img-wrap\"><img src=\"https:\/\/sitechecker.pro\/wp-content\/uploads\/2024\/08\/2-External-links-Website-Check-min.png\" alt=\"Verifica\u00e7\u00e3o de dom\u00ednio do verificador de liga\u00e7\u00e3o externa de sa\u00edda \" class=\"description-img description-img-zoom\" loading=\"lazy\" ><\/div>\n<div class=\"important-block\">Para receber resultados e acesso \u00e0s funcionalidades do Sitechecker durante 14 dias, inicie o seu teste GRATUITO. A inscri\u00e7\u00e3o \u00e9 f\u00e1cil com o seu e-mail, conta Google ou Facebook. N\u00e3o \u00e9 necess\u00e1rio cart\u00e3o de cr\u00e9dito.<\/div>\n<h3>Passo 2: Obter o resultado do verificador de liga\u00e7\u00e3o externa do site<\/h3>\n<p>Uma auditoria completa gratuita do website est\u00e1 inclu\u00edda quando verifica um dom\u00ednio. O nosso rastreador descobre problemas com URLs externos, como problemas de c\u00f3digo de estado, entre outras coisas. Isto ir\u00e1 ajud\u00e1-lo a corrigir o problema do hiperlink externo de todo o site e a determinar se ocorreu algum novo problema.<\/p>\n<p>Encontre a lista de URLs com este problema clicando no problema. Existe um bot\u00e3o para mostrar a liga\u00e7\u00e3o interna de p\u00e1ginas partidas e dicas de como corrigir.<\/p>\n<div class=\"content__img-wrap\"><img src=\"https:\/\/sitechecker.pro\/wp-content\/uploads\/2024\/01\/links-issues.png\" alt=\"Problemas de links\" class=\"description-img description-img-zoom\" loading=\"lazy\" ><\/div>\n<p>A ferramenta apresenta uma funcionalidade de \u2018Links Externos\u2019 concebida para auditar links externos de um website. Fornece uma lista de URLs aos quais as p\u00e1ginas do site ligam externamente, com o n\u00famero de p\u00e1ginas associado a cada URL. Existe funcionalidade para filtrar URLs e gerir colunas de exibi\u00e7\u00e3o, melhorando o controlo do utilizador sobre os dados. O painel direito categoriza os problemas por tipo e prioridade, com uma sec\u00e7\u00e3o dedicada de \u201cLiga\u00e7\u00f5es Externas\u201d. Esta funcionalidade auxilia na identifica\u00e7\u00e3o e gest\u00e3o da estrat\u00e9gia do website para fins de SEO, garantindo que os URLs contribuem positivamente para a autoridade e relev\u00e2ncia online do website.<\/p>\n<div class=\"content__img-wrap\"><img src=\"https:\/\/sitechecker.pro\/wp-content\/uploads\/2024\/01\/external-links-issues.png\" alt=\"Problemas de links externos\" class=\"description-img description-img-zoom\" loading=\"lazy\" ><\/div>\n<div class=\"content__img-wrap\"><img src=\"https:\/\/sitechecker.pro\/wp-content\/uploads\/2024\/01\/pages-external-links.png\" alt=\"Links externos das p\u00e1ginas\" class=\"description-img description-img-zoom\" loading=\"lazy\" ><\/div>\n<h3>O verificador de liga\u00e7\u00f5es externas de dom\u00ednio\/site tamb\u00e9m possui as seguintes caracter\u00edsticas<\/h3>\n<p>Na p\u00e1gina de resumo da auditoria do site, encontrar\u00e1 uma vis\u00e3o geral dos <a href=\"https:\/\/sitechecker.pro\/internal-links\/\" target=\"_blank\" rel=\"noopener noreferrer\">problemas de links internos<\/a>. Pode filtrar os problemas por categorias, como Problemas Cr\u00edticos, Avisos, Oportunidades e Avisos. Em alternativa, pode analis\u00e1-los com base no tipo de t\u00f3pico \u2013 por exemplo, Indexabilidade, Seguran\u00e7a, Velocidade da p\u00e1gina, etc.<\/p>\n<p>Isto torna muito mais f\u00e1cil concentrar-se nos problemas mais importantes para o sucesso do seu website.<\/p>\n<div class=\"content__img-wrap\"><img src=\"https:\/\/sitechecker.pro\/wp-content\/uploads\/2024\/01\/all-issues-sort.png\" alt=\"Classifica\u00e7\u00e3o de todos os problemas\" class=\"description-img description-img-zoom\" loading=\"lazy\" ><\/div>\n<h2 id=\"par4\">Verifica\u00e7\u00e3o de p\u00e1gina<\/h2>\n<h3>Passo 1: selecione a op\u00e7\u00e3o URL, introduza o URL que pretende examinar e clique no bot\u00e3o \u201cVerificar liga\u00e7\u00f5es externas\u201d.<\/h3>\n<div class=\"content__img-wrap\"><img src=\"https:\/\/sitechecker.pro\/wp-content\/uploads\/2024\/08\/3-External-link-Page-Check-min.png\" alt=\"Verifica\u00e7\u00e3o da p\u00e1gina do verificador de liga\u00e7\u00f5es externas\" class=\"description-img description-img-zoom\" loading=\"lazy\" ><\/div>\n<h3>Passo 2: Obter o resultado<\/h3>\n<p>Uma sec\u00e7\u00e3o denominada \u201cLinks\u201d, focada em \u201cLinks externos\u201d, lista os links externos que se encontram na p\u00e1gina. Para cada URL externo listado, fornece o endere\u00e7o, o texto \u00e2ncora utilizado e o c\u00f3digo de estado HTTP para indicar a resposta do servidor.<\/p>\n<div class=\"content__img-wrap\"><img src=\"https:\/\/sitechecker.pro\/wp-content\/uploads\/2024\/01\/on-page-seo-checker-1.png\" alt=\"Verificador SEO na p\u00e1gina\" class=\"description-img description-img-zoom\" loading=\"lazy\" ><\/div>\n<p>Da mesma forma, a sec\u00e7\u00e3o \u201cLinks\u201d tamb\u00e9m teria categorias para \u201cLinks internos\u201d e \u201cLinks de subdom\u00ednio\u201d. Tamb\u00e9m listam URLs que fornecem o endere\u00e7o, o texto \u00e2ncora utilizado e o c\u00f3digo de estado HTTP.<\/p>\n<div class=\"content__img-wrap\"><img src=\"https:\/\/sitechecker.pro\/wp-content\/uploads\/2024\/01\/internal-subdomain-links-1.png\" alt=\"Links internos de subdom\u00ednio\" class=\"description-img description-img-zoom\" loading=\"lazy\" ><\/div>\n<p>Para obter uma compreens\u00e3o completa da funcionalidade da ferramenta para al\u00e9m dos links externos numa \u00fanica p\u00e1gina, consulte os ecr\u00e3s de confirma\u00e7\u00e3o de dom\u00ednio que se encontram na sec\u00e7\u00e3o inicial do guia ap\u00f3s uma verifica\u00e7\u00e3o de dom\u00ednio.<\/p>\n<p>Ou simplesmente clique em \u2018Auditoria do site\u2019 para explorar as funcionalidades da ferramenta.<br \/>\nPode explorar as caracter\u00edsticas da ferramenta e imaginar como pode funcionar no seu site.<\/p>\n<div class=\"content__img-wrap\"><img src=\"https:\/\/sitechecker.pro\/wp-content\/uploads\/2024\/01\/run-full-website-audit.png\" alt=\"Executar auditoria completa do site\" class=\"description-img description-img-zoom\" loading=\"lazy\" ><\/div>\n<h2 id=\"par5\">Caracter\u00edsticas adicionais da ferramenta<\/h2>\n<p>O Testador de Hiperliga\u00e7\u00f5es Externo impulsiona o SEO melhorando a qualidade do conte\u00fado, garantindo que os dados estruturados s\u00e3o amig\u00e1veis \u200b\u200bpara os motores de pesquisa, otimizando as imagens para a web, oferecendo insights de desempenho de pesquisa e analisando as velocidades de carregamento para uma melhor experi\u00eancia do utilizador e classifica\u00e7\u00f5es de pesquisa.<\/p>\n<div class=\"content__img-wrap\"><img src=\"https:\/\/sitechecker.pro\/wp-content\/uploads\/2024\/01\/issues-overview-2.png\" alt=\"Vis\u00e3o geral dos problemas\" class=\"description-img description-img-zoom\" loading=\"lazy\" ><\/div>\n<h2 id=\"par6\">Coment\u00e1rios Finais<\/h2>\n<p>O verificador de URL externo de sa\u00edda \u00e9 uma ferramenta concebida profissionalmente que ajuda a encontrar links externos e a segui-los para p\u00e1ginas espec\u00edficas do seu website. As principais caracter\u00edsticas incluem a recolha de dados extensos para cada URL, a identifica\u00e7\u00e3o de erros e o fornecimento de monitoriza\u00e7\u00e3o 24 horas por dia. Esta ferramenta ajuda a encontrar um equil\u00edbrio no Page Rank, a verificar e a manter as refer\u00eancias enviadas relevantes e fi\u00e1veis. O <a href=\"https:\/\/sitechecker.pro\/on-page-seo-checker\/\" target=\"_blank\" rel=\"noopener noreferrer\">verificador SEO<\/a> oferece verifica\u00e7\u00f5es de dom\u00ednio e de p\u00e1gina, fornecendo aos utilizadores com resultados detalhados e sugest\u00f5es de melhoria.<\/p>\n<div id=\"par7\"><\/div>\n<p><div class=\"front__faq-block\"><div class=\"faq__block-title\">FAQ<\/div><div class=\"panel-group\" id=\"faq-accordion\" itemscope itemtype=\"https:\/\/schema.org\/FAQPage\" role=\"tablist\" aria-multiselectable=\"true\"><div class=\"panel\" itemscope itemtype=\"https:\/\/schema.org\/Question\" itemprop=\"mainEntity\">\n                            <div class=\"panel-heading\" id=\"headingFaq-1\">\n                                <div class=\"panel-title\" data-toggle=\"collapse\" aria-expanded=\"false\" href=\"#collapseFaq-1\">\n                                    <h3 itemprop=\"name\">Como verificar links externos no site?<\/h3>\n                                <\/div>\n                            <\/div>\n                            <div id=\"collapseFaq-1\" class=\"panel-collapse collapse\" itemprop=\"acceptedAnswer\" itemscope itemtype=\"http:\/\/schema.org\/Answer\">\n                                <div class=\"panel-body\" itemprop=\"text\">Para inspecionar URLs externos de sa\u00edda num site, utilize a ferramenta Sitechecker. Selecione a op\u00e7\u00e3o de verifica\u00e7\u00e3o de dom\u00ednio ou p\u00e1gina, introduza o URL ou dom\u00ednio e inicie o teste gratuito. A ferramenta analisar\u00e1 os dados e preparar\u00e1 resultados abrangentes, incluindo detalhes sobre URLs de sa\u00edda, estado dofollow e texto \u00e2ncora. Este processo ir\u00e1 ajud\u00e1-lo a identificar e resolver quaisquer problemas relacionados com refer\u00eancias de sa\u00edda, ao mesmo tempo que lhe fornece informa\u00e7\u00f5es sobre uma estrat\u00e9gia eficaz.<\/div>\n                            <\/div>\n                        <\/div><div class=\"panel\" itemscope itemtype=\"https:\/\/schema.org\/Question\" itemprop=\"mainEntity\">\n                            <div class=\"panel-heading\" id=\"headingFaq-2\">\n                                <div class=\"panel-title\" data-toggle=\"collapse\" aria-expanded=\"false\" href=\"#collapseFaq-2\">\n                                    <h3 itemprop=\"name\">Como posso verificar se um link \u00e9 seguro?<\/h3>\n                                <\/div>\n                            <\/div>\n                            <div id=\"collapseFaq-2\" class=\"panel-collapse collapse\" itemprop=\"acceptedAnswer\" itemscope itemtype=\"http:\/\/schema.org\/Answer\">\n                                <div class=\"panel-body\" itemprop=\"text\">Se precisar de verificar se um recurso para o qual pretende ligar \u00e9 seguro e n\u00e3o spam, pode utilizar o Sitechecker <a href=\"https:\/\/sitechecker.pro\/website-safety\/\" target=\"_blank\" rel=\"noopener noreferrer\">ferramenta de seguran\u00e7a de sites<\/a><\/div>\n                            <\/div>\n                        <\/div><div class=\"panel\" itemscope itemtype=\"https:\/\/schema.org\/Question\" itemprop=\"mainEntity\">\n                            <div class=\"panel-heading\" id=\"headingFaq-3\">\n                                <div class=\"panel-title\" data-toggle=\"collapse\" aria-expanded=\"false\" href=\"#collapseFaq-3\">\n                                    <h3 itemprop=\"name\">Como se verifica se um link \u00e9 externo ou interno?<\/h3>\n                                <\/div>\n                            <\/div>\n                            <div id=\"collapseFaq-3\" class=\"panel-collapse collapse\" itemprop=\"acceptedAnswer\" itemscope itemtype=\"http:\/\/schema.org\/Answer\">\n                                <div class=\"panel-body\" itemprop=\"text\">Para verificar se um URL \u00e9 interno ou externo, utilize um Analisador de URL Externo como o nosso Sitechecker. Ao digitalizar um dom\u00ednio ou uma p\u00e1gina espec\u00edfica, a solu\u00e7\u00e3o analisa dados e fornece informa\u00e7\u00f5es sobre URLs externos e internos, facilitando a diferencia\u00e7\u00e3o entre os dois tipos.<\/div>\n                            <\/div>\n                        <\/div><div class=\"panel\" itemscope itemtype=\"https:\/\/schema.org\/Question\" itemprop=\"mainEntity\">\n                            <div class=\"panel-heading\" id=\"headingFaq-4\">\n                                <div class=\"panel-title\" data-toggle=\"collapse\" aria-expanded=\"false\" href=\"#collapseFaq-4\">\n                                    <h3 itemprop=\"name\">Como tornar a sua p\u00e1gina relevante?<\/h3>\n                                <\/div>\n                            <\/div>\n                            <div id=\"collapseFaq-4\" class=\"panel-collapse collapse\" itemprop=\"acceptedAnswer\" itemscope itemtype=\"http:\/\/schema.org\/Answer\">\n                                <div class=\"panel-body\" itemprop=\"text\">Para melhorar a relev\u00e2ncia da p\u00e1gina, torne todas as suas partes relevantes, crie uma estrutura de site de qualidade e trabalhe na interliga\u00e7\u00e3o. Dica importante: a \u00e2ncora deve estar repleta de palavras-chave sobre o mesmo tema das p\u00e1ginas alvo. Assim, as palavras-chave selecionadas atrair\u00e3o tr\u00e1fego direcionado. No entanto, \u00e9 fundamental utilizar textos de palavras-chave diferentes, pois os detetores de spam podem banir o seu site.<\/div>\n                            <\/div>\n                        <\/div><div class=\"panel\" itemscope itemtype=\"https:\/\/schema.org\/Question\" itemprop=\"mainEntity\">\n                            <div class=\"panel-heading\" id=\"headingFaq-5\">\n                                <div class=\"panel-title\" data-toggle=\"collapse\" aria-expanded=\"false\" href=\"#collapseFaq-5\">\n                                    <h3 itemprop=\"name\">Quais s\u00e3o as outras formas de encontrar links externos no meu site?<\/h3>\n                                <\/div>\n                            <\/div>\n                            <div id=\"collapseFaq-5\" class=\"panel-collapse collapse\" itemprop=\"acceptedAnswer\" itemscope itemtype=\"http:\/\/schema.org\/Answer\">\n                                <div class=\"panel-body\" itemprop=\"text\">Existem outras formas de verificar refer\u00eancias externas, por exemplo, Google Search Console ou ferramentas semelhantes ao nosso analisador de links externos.<\/div>\n                            <\/div>\n                        <\/div><\/div><\/div><\/p>","protected":false},"excerpt":{"rendered":"O que \u00e9 um verificador de liga\u00e7\u00f5es externas? O analisador de links externos \u00e9 uma ferramenta criada profissionalmente que lhe permite identificar e rastrear todos os hiperlinks de sa\u00edda de qualquer p\u00e1gina espec\u00edfica do seu website, cobrindo cada URL. Al\u00e9m disso, auxilia na identifica\u00e7\u00e3o e retifica\u00e7\u00e3o de quaisquer problemas relacionados com hiperliga\u00e7\u00f5es externas externas no&#8230;","protected":false},"author":10409641,"featured_media":3741,"parent":0,"menu_order":0,"comment_status":"closed","ping_status":"closed","template":"pages-templates\/pages-minitools-3.php","meta":[],"categories":[72],"tags":[],"_links":{"self":[{"href":"https:\/\/sitechecker.pro\/pt\/wp-json\/wp\/v2\/pages\/1104"}],"collection":[{"href":"https:\/\/sitechecker.pro\/pt\/wp-json\/wp\/v2\/pages"}],"about":[{"href":"https:\/\/sitechecker.pro\/pt\/wp-json\/wp\/v2\/types\/page"}],"author":[{"embeddable":true,"href":"https:\/\/sitechecker.pro\/pt\/wp-json\/wp\/v2\/users\/10409641"}],"replies":[{"embeddable":true,"href":"https:\/\/sitechecker.pro\/pt\/wp-json\/wp\/v2\/comments?post=1104"}],"version-history":[{"count":57,"href":"https:\/\/sitechecker.pro\/pt\/wp-json\/wp\/v2\/pages\/1104\/revisions"}],"predecessor-version":[{"id":39246,"href":"https:\/\/sitechecker.pro\/pt\/wp-json\/wp\/v2\/pages\/1104\/revisions\/39246"}],"wp:featuredmedia":[{"embeddable":true,"href":"https:\/\/sitechecker.pro\/pt\/wp-json\/wp\/v2\/media\/3741"}],"wp:attachment":[{"href":"https:\/\/sitechecker.pro\/pt\/wp-json\/wp\/v2\/media?parent=1104"}],"wp:term":[{"taxonomy":"category","embeddable":true,"href":"https:\/\/sitechecker.pro\/pt\/wp-json\/wp\/v2\/categories?post=1104"},{"taxonomy":"post_tag","embeddable":true,"href":"https:\/\/sitechecker.pro\/pt\/wp-json\/wp\/v2\/tags?post=1104"}],"curies":[{"name":"wp","href":"https:\/\/api.w.org\/{rel}","templated":true}]}}