{"id":1063,"date":"2020-07-08T13:23:40","date_gmt":"2020-07-08T11:23:40","guid":{"rendered":"https:\/\/sitechecker.pro\/?page_id=1063"},"modified":"2026-02-19T15:27:13","modified_gmt":"2026-02-19T15:27:13","slug":"speed-test","status":"publish","type":"page","link":"https:\/\/sitechecker.pro\/pt\/speed-test\/","title":{"rendered":"Teste de velocidade do site | Verificar a velocidade de qualquer URL no site \u2611"},"content":{"rendered":"<p><\/p>\n<h2 id=\"par1\">O que \u00e9 um teste de velocidade de um site?<\/h2>\n<p>O Teste de Velocidade do Site do <a href=\"https:\/\/sitechecker.pro\/\" target=\"_blank\" rel=\"noopener noreferrer\">Sitechecker<\/a> \u00e9 uma ferramenta que avalia o desempenho das p\u00e1ginas web analisando v\u00e1rias m\u00e9tricas, como <a href=\"https:\/\/sitechecker.pro\/what-is-first-contentful-paint\/\" target=\"_blank\" rel=\"noopener noreferrer\">FCP<\/a>, FID, <a href=\"https:\/\/sitechecker.pro\/what-is-largest-contentful-paint\/\" target=\"_blank\" rel=\"noopener noreferrer\">LCP<\/a>, <a href=\"https:\/\/sitechecker.pro\/what-is-cumulative-layout-shift\/\" target=\"_blank\" rel=\"noopener noreferrer\">CLS<\/a> e muito mais. Estas m\u00e9tricas avaliam a rapidez com que o conte\u00fado \u00e9 apresentado visualmente e o qu\u00e3o responsiva \u00e9 uma p\u00e1gina \u00e0s suas intera\u00e7\u00f5es.<\/p>\n<p>Com a tecnologia da API Google PageSpeed \u200b\u200b\u200b\u200bInsights, esta ferramenta classifica a velocidade do website numa escala de 0 a 100, sendo que pontua\u00e7\u00f5es mais elevadas indicam um desempenho superior. Facilita os testes para vers\u00f5es de um website para desktop e dispositivos m\u00f3veis, fornecendo insights para identificar e resolver fatores que contribuem para a lat\u00eancia do website.<\/p>\n<h3>Como \u00e9 que a ferramenta o pode ajudar?<\/h3>\n<p><strong>Classifica\u00e7\u00e3o de desempenho:<\/strong> utiliza a API Google PageSpeed \u200b\u200b\u200b\u200bInsights para pontuar a velocidade de um website numa escala de 0 a 100.<\/p>\n<p><strong>Testes para desktop e dispositivos m\u00f3veis:<\/strong> oferece a capacidade de analisar o desempenho das vers\u00f5es de sites para desktop e dispositivos m\u00f3veis.<\/p>\n<p><strong>Avalia\u00e7\u00e3o Core Web Vitals:<\/strong> avalia m\u00e9tricas cr\u00edticas de experi\u00eancia do utilizador, como FCP, FID, LCP e CLS.<\/p>\n<p><strong>Recomenda\u00e7\u00f5es para resolver problemas de velocidade de carregamento de p\u00e1ginas:<\/strong> Fornece relat\u00f3rios detalhados e sugest\u00f5es para melhorar os tempos de carregamento das p\u00e1ginas e o desempenho geral do website.<\/p>\n<p><strong>Resultados em tempo real:<\/strong> Oferece uma verifica\u00e7\u00e3o r\u00e1pida e feedback imediato sobre as m\u00e9tricas de desempenho do website.<\/p>\n<h3>Principais caracter\u00edsticas da ferramenta<\/h3>\n<p><strong>Painel unificado:<\/strong> uma plataforma centralizada onde pode visualizar an\u00e1lises e relat\u00f3rios abrangentes sobre o desempenho SEO do seu website.<\/p>\n<p><strong>Interface amig\u00e1vel:<\/strong> Um design intuitivo que simplifica a navega\u00e7\u00e3o e facilita o acesso e a utiliza\u00e7\u00e3o de ferramentas de SEO por utilizadores de todos os n\u00edveis de habilidade.<\/p>\n<p><strong>Conjunto completo de ferramentas de SEO:<\/strong> Uma cole\u00e7\u00e3o robusta de ferramentas para pesquisa de palavras-chave, auditoria de websites, rastreio de classifica\u00e7\u00e3o, an\u00e1lise de backlinks e muito mais, fornecendo um conjunto completo de recursos para otimizar a presen\u00e7a de um website nos motores de busca.<\/p>\n<h2 id=\"par2\">Como utilizar a ferramenta?<\/h2>\n<p>Obtenha informa\u00e7\u00f5es detalhadas sobre a taxa de carregamento e o tamanho da p\u00e1gina ou encontre p\u00e1ginas com problemas de velocidade em todo o site. Um teste de velocidade \u00e9 uma forma muito conveniente de obter resultados de testes e compar\u00e1-los com os indicadores ap\u00f3s corrigir bugs no seu website.<\/p>\n<p>O Speed \u200b\u200b\u200b\u200bChecker pode ser utilizado de duas formas: testando a velocidade de um website ou de uma p\u00e1gina espec\u00edfica. Escolha a op\u00e7\u00e3o pretendida, cole o URL ou o dom\u00ednio e verifique. Depois disso, a ferramenta come\u00e7ar\u00e1 a digitalizar os dados. Pode ver como iniciar o processo de digitaliza\u00e7\u00e3o abaixo.<\/p>\n<div class=\"content__img-wrap\"><img src=\"https:\/\/sitechecker.pro\/wp-content\/uploads\/2024\/08\/1-Site-Speed-Selector-min.png\" alt=\"Teste de velocidade do site\" class=\"description-img description-img-zoom\" loading=\"lazy\" ><\/div>\n<h2 id=\"par3\">Teste de velocidade para site<\/h2>\n<h3>Passo 1: Introduza o seu dom\u00ednio<\/h3>\n<p>Se pretender verificar um dom\u00ednio, pressione o bot\u00e3o \u201cverificar dom\u00ednio\u201d. Insira o seu nome de dom\u00ednio no campo abaixo, clique no bot\u00e3o e j\u00e1 est\u00e1!<\/p>\n<div class=\"content__img-wrap\"><img src=\"https:\/\/sitechecker.pro\/wp-content\/uploads\/2024\/08\/2-Site-Speed-Test-min.png\" alt=\"Verifica\u00e7\u00e3o do dom\u00ednio do teste de velocidade\" class=\"description-img description-img-zoom\" loading=\"lazy\" ><\/div>\n<div class=\"important-block\">Para receber resultados e acesso \u00e0s funcionalidades do Sitechecker durante 14 dias, inicie o seu teste GRATUITO. A inscri\u00e7\u00e3o \u00e9 f\u00e1cil com o seu e-mail, Google ou conta do Facebook. N\u00e3o \u00e9 necess\u00e1rio cart\u00e3o de cr\u00e9dito.<\/div>\n<h3>Passo 2: Obter o resultado<\/h3>\n<p>A verifica\u00e7\u00e3o de um dom\u00ednio criar\u00e1 uma auditoria do website para esse dom\u00ednio, revelando v\u00e1rios problemas com a velocidade da p\u00e1gina, como uma pontua\u00e7\u00e3o baixa no Page Speed \u200b\u200bInsight, um tamanho de p\u00e1gina grande de mais de 4 MB, tamanhos de ficheiro CSS superiores a 15 KB e assim por diante. Pode descobrir quais as p\u00e1ginas afetadas clicando em qualquer problema e obter um relat\u00f3rio detalhado sobre a velocidade da p\u00e1gina. Desta forma, pode identificar e corrigir rapidamente quaisquer falhas existentes.<\/p>\n<div class=\"content__img-wrap\"><img src=\"https:\/\/sitechecker.pro\/wp-content\/uploads\/2024\/01\/page-speed-issues.png\" alt=\"Problemas de velocidade da p\u00e1gina\" class=\"description-img description-img-zoom\" loading=\"lazy\" ><\/div>\n<h3>Caracter\u00edsticas adicionais de teste de velocidade em caso de verifica\u00e7\u00e3o de dom\u00ednio<\/h3>\n<p>Al\u00e9m disso, ap\u00f3s concluir a verifica\u00e7\u00e3o do dom\u00ednio, receber\u00e1 um relat\u00f3rio de auditoria do website abrangente que o ajudar\u00e1 a encontrar quaisquer problemas no seu website. O estudo incluir\u00e1 tamb\u00e9m sugest\u00f5es sobre como abordar as preocupa\u00e7\u00f5es identificadas.<\/p>\n<p>O relat\u00f3rio categoriza os problemas por tipo, como Cr\u00edticos, Avisos, Oportunidades, Avisos e Problemas zero, ou por categoria, como Links, Indexabilidade, Relev\u00e2ncia do conte\u00fado, etc. Este recurso ajuda-o a identificar e a resolver as preocupa\u00e7\u00f5es mais relevantes para o sucesso do seu website.<\/p>\n<div class=\"content__img-wrap\"><img src=\"https:\/\/sitechecker.pro\/wp-content\/uploads\/2024\/01\/issues-list-2.png\" alt=\"Lista de problemas\" class=\"description-img description-img-zoom\" loading=\"lazy\" ><\/div>\n<h2 id=\"par4\">Teste de velocidade da p\u00e1gina<\/h2>\n<h3>Passo 1: Introduza o seu URL<\/h3>\n<p>Se pretender verificar uma p\u00e1gina espec\u00edfica, pressione o bot\u00e3o \u201cverificar p\u00e1gina\u201d. Insira o seu URL no campo abaixo e clique no bot\u00e3o .<\/p>\n<div class=\"content__img-wrap\"><img src=\"https:\/\/sitechecker.pro\/wp-content\/uploads\/2024\/08\/3-Page-Speed-Test-min.png\" alt=\"Verifica\u00e7\u00e3o da p\u00e1gina de teste de velocidade\" class=\"description-img description-img-zoom\" loading=\"lazy\" ><\/div>\n<h3>Passo 2: Analisar o resultado<\/h3>\n<p>Analisaremos a sua p\u00e1gina e detetaremos a velocidade de carregamento da p\u00e1gina. Levar\u00e1 apenas alguns segundos e obter\u00e1 os resultados para o seu URL imediatamente.<\/p>\n<p>A p\u00e1gina de resultados apresenta a pontua\u00e7\u00e3o geral da p\u00e1gina e, abaixo desta, o \u00cdndice de Velocidade do Google, juntamente com as m\u00e9tricas de velocidade de carregamento.<\/p>\n<div class=\"content__img-wrap\"><img src=\"https:\/\/sitechecker.pro\/wp-content\/uploads\/2024\/01\/page-speed-results.png\" alt=\"Resultados do Page Speed\" class=\"description-img description-img-zoom\" loading=\"lazy\" ><\/div>\n<p>A ferramenta Page Speed \u200b\u200b\u200b\u200bChecker apresenta as m\u00e9tricas de desempenho de um website. Os &#8216;dados de campo&#8217; indicam uma falha no cumprimento dos Core Web Vitals, detalhando os tempos de carregamento e a estabilidade. Os \u2018dados de laborat\u00f3rio\u2019 revelam atrasos de intera\u00e7\u00e3o em tempo real e velocidade de carregamento visual, orientando os esfor\u00e7os de otimiza\u00e7\u00e3o.<\/p>\n<p>O Page Speed \u200b\u200b\u200b\u200bChecker fornece dicas \u00fateis sobre como acelerar as p\u00e1ginas do seu website e que erros precisa de cometer para o fazer.<\/p>\n<div class=\"content__img-wrap\"><img src=\"https:\/\/sitechecker.pro\/wp-content\/uploads\/2024\/01\/page-speed-checker-metrics.png\" alt=\"M\u00e9tricas do Page Speed  Checker\" class=\"description-img description-img-zoom\" loading=\"lazy\" ><\/div>\n<p>Al\u00e9m disso, pode alternar facilmente entre os resultados de velocidade da p\u00e1gina para desktop e dispositivos m\u00f3veis. Isto ir\u00e1 ajud\u00e1-lo a melhorar a velocidade da p\u00e1gina e a otimiz\u00e1-la para todos os tipos de dispositivos.<\/p>\n<p>[url da imagem=&#8221;https:\/\/sitechecker.pro\/wp-content\/uploads\/2024\/01\/page-speed-mobile-desktop.png&#8221; alt=&#8221;Page Speed \u200b\u200b\u200b\u200bMobile Desktop&#8221;]<\/p>\n<p>Para uma compreens\u00e3o abrangente das caracter\u00edsticas da ferramenta Teste de Velocidade do Website ap\u00f3s a digitaliza\u00e7\u00e3o de um \u00fanico URL, considere selecionar &#8220;Executar uma auditoria completa do website&#8221;. Tamb\u00e9m pode consultar a sec\u00e7\u00e3o inicial do manual sobre a verifica\u00e7\u00e3o de dom\u00ednios para identificar todos os problemas relacionados com a velocidade no seu website.<\/p>\n<p>Al\u00e9m disso, est\u00e1 dispon\u00edvel um projeto de demonstra\u00e7\u00e3o interativo para demonstrar os benef\u00edcios pr\u00e1ticos da utiliza\u00e7\u00e3o desta ferramenta.<\/p>\n<p>Na sec\u00e7\u00e3o &#8216;Auditoria do Website&#8217;, a ferramenta apresenta um projeto de exemplo que lhe permite familiarizar-se com as suas funcionalidades e aprender como tirar partido delas para a avalia\u00e7\u00e3o SEO do seu website.<\/p>\n<div class=\"content__img-wrap\"><img src=\"https:\/\/sitechecker.pro\/wp-content\/uploads\/2024\/01\/run-full-website-audit-1.png\" alt=\"Executar auditoria completa do site\" class=\"description-img description-img-zoom\" loading=\"lazy\" ><\/div>\n<h3>Caracter\u00edsticas adicionais<\/h3>\n<p>O Page Loading Speed \u200b\u200b\u200b\u200bTester apresenta uma auditoria detalhada do desempenho da p\u00e1gina, destacando os insights cr\u00edticos numa interface simplificada.<\/p>\n<p>Na sec\u00e7\u00e3o Vis\u00e3o geral dos problemas, pode compreender imediatamente a gravidade dos problemas categorizados em &#8220;Cr\u00edticos&#8221; e &#8220;Avisos&#8221;.<\/p>\n<p>A barra de navega\u00e7\u00e3o da p\u00e1gina \u00e0 direita permite o acesso r\u00e1pido a v\u00e1rias sec\u00e7\u00f5es do relat\u00f3rio, incluindo otimiza\u00e7\u00e3o de conte\u00fado, dados estruturados, imagens, otimiza\u00e7\u00e3o de pesquisa e links, permitindo-lhe navegar eficientemente pela an\u00e1lise.<\/p>\n<div class=\"content__img-wrap\"><img src=\"https:\/\/sitechecker.pro\/wp-content\/uploads\/2024\/01\/issues-overview-4.png\" alt=\"Vis\u00e3o geral dos problemas\" class=\"description-img description-img-zoom\" loading=\"lazy\" ><\/div>\n<p>O relat\u00f3rio tamb\u00e9m avalia problemas relacionados com o desempenho, em que a ativa\u00e7\u00e3o da <a href=\"https:\/\/sitechecker.pro\/gzip-test\/\">Compress\u00e3o GZIP<\/a> pode melhorar significativamente a velocidade do seu website. A compress\u00e3o de dados de texto reduz os tempos de carregamento e melhora a experi\u00eancia do utilizador, o que afeta diretamente o SEO. Para garantir que o seu website \u00e9 facilmente acess\u00edvel aos rob\u00f4s dos motores de busca, pode utilizar o <a href=\"https:\/\/sitechecker.pro\/crawlability-checker\/\">Verificador de Rastreabilidade<\/a> para identificar quaisquer problemas que impe\u00e7am que as suas p\u00e1ginas sejam rastreadas e indexadas corretamente, melhorando a sua estrat\u00e9gia global de otimiza\u00e7\u00e3o do website.<\/p>\n<h2 id=\"par5\">Ideia Final<\/h2>\n<p>O Website Speed \u200b\u200b\u200b\u200bChecker \u00e9 uma ferramenta abrangente que mede o desempenho de p\u00e1ginas web utilizando m\u00e9tricas como FCP, FID, LCP e CLS, oferecendo classifica\u00e7\u00e3o de desempenho e insights acion\u00e1veis \u200b\u200bpara sites para desktop e dispositivos m\u00f3veis. As suas principais caracter\u00edsticas incluem um painel unificado, uma interface de f\u00e1cil utiliza\u00e7\u00e3o e um conjunto completo de ferramentas de SEO. Para utiliza\u00e7\u00e3o, oferece testes gratuitos para dom\u00ednios ou p\u00e1ginas espec\u00edficas, com a op\u00e7\u00e3o de uma auditoria completa do site. A ferramenta tamb\u00e9m fornece auditorias detalhadas, identifica problemas e sugere otimiza\u00e7\u00f5es para melhorar o desempenho do SEO, tudo acess\u00edvel atrav\u00e9s de uma interface intuitiva.<\/p>\n<div id=\"par6\"><\/div>\n<p><div class=\"front__faq-block\"><div class=\"faq__block-title\">FAQ<\/div><div class=\"panel-group\" id=\"faq-accordion\" itemscope itemtype=\"https:\/\/schema.org\/FAQPage\" role=\"tablist\" aria-multiselectable=\"true\"><div class=\"panel\" itemscope itemtype=\"https:\/\/schema.org\/Question\" itemprop=\"mainEntity\">\n                            <div class=\"panel-heading\" id=\"headingFaq-1\">\n                                <div class=\"panel-title\" data-toggle=\"collapse\" aria-expanded=\"false\" href=\"#collapseFaq-1\">\n                                    <h3 itemprop=\"name\">A ferramenta de teste de velocidade do site do Sitechecker pode analisar v\u00e1rias p\u00e1ginas de uma s\u00f3 vez?<\/h3>\n                                <\/div>\n                            <\/div>\n                            <div id=\"collapseFaq-1\" class=\"panel-collapse collapse\" itemprop=\"acceptedAnswer\" itemscope itemtype=\"http:\/\/schema.org\/Answer\">\n                                <div class=\"panel-body\" itemprop=\"text\">Sim, a ferramenta pode verificar a velocidade do site, analisando v\u00e1rias p\u00e1ginas em simult\u00e2neo em busca de problemas de velocidade e desempenho.<\/div>\n                            <\/div>\n                        <\/div><div class=\"panel\" itemscope itemtype=\"https:\/\/schema.org\/Question\" itemprop=\"mainEntity\">\n                            <div class=\"panel-heading\" id=\"headingFaq-2\">\n                                <div class=\"panel-title\" data-toggle=\"collapse\" aria-expanded=\"false\" href=\"#collapseFaq-2\">\n                                    <h3 itemprop=\"name\">Existe algum custo associado \u00e0 utiliza\u00e7\u00e3o da ferramenta Teste de Velocidade do Website para verifica\u00e7\u00f5es de dom\u00ednio ou de p\u00e1gina?<\/h3>\n                                <\/div>\n                            <\/div>\n                            <div id=\"collapseFaq-2\" class=\"panel-collapse collapse\" itemprop=\"acceptedAnswer\" itemscope itemtype=\"http:\/\/schema.org\/Answer\">\n                                <div class=\"panel-body\" itemprop=\"text\">A ferramenta oferece um teste gratuito para verifica\u00e7\u00f5es de dom\u00ednio e de p\u00e1gina, n\u00e3o sendo necess\u00e1rio cart\u00e3o de cr\u00e9dito para a inscri\u00e7\u00e3o.<\/div>\n                            <\/div>\n                        <\/div><div class=\"panel\" itemscope itemtype=\"https:\/\/schema.org\/Question\" itemprop=\"mainEntity\">\n                            <div class=\"panel-heading\" id=\"headingFaq-3\">\n                                <div class=\"panel-title\" data-toggle=\"collapse\" aria-expanded=\"false\" href=\"#collapseFaq-3\">\n                                    <h3 itemprop=\"name\">A ferramenta Teste de Velocidade do Website oferece sugest\u00f5es para melhorar o desempenho do website?<\/h3>\n                                <\/div>\n                            <\/div>\n                            <div id=\"collapseFaq-3\" class=\"panel-collapse collapse\" itemprop=\"acceptedAnswer\" itemscope itemtype=\"http:\/\/schema.org\/Answer\">\n                                <div class=\"panel-body\" itemprop=\"text\">Sim, fornece um relat\u00f3rio detalhado com recomenda\u00e7\u00f5es de otimiza\u00e7\u00e3o para melhorar o desempenho do website.<\/div>\n                            <\/div>\n                        <\/div><div class=\"panel\" itemscope itemtype=\"https:\/\/schema.org\/Question\" itemprop=\"mainEntity\">\n                            <div class=\"panel-heading\" id=\"headingFaq-4\">\n                                <div class=\"panel-title\" data-toggle=\"collapse\" aria-expanded=\"false\" href=\"#collapseFaq-4\">\n                                    <h3 itemprop=\"name\">Quanto tempo demora a obter os resultados do Teste de Velocidade do Website?<\/h3>\n                                <\/div>\n                            <\/div>\n                            <div id=\"collapseFaq-4\" class=\"panel-collapse collapse\" itemprop=\"acceptedAnswer\" itemscope itemtype=\"http:\/\/schema.org\/Answer\">\n                                <div class=\"panel-body\" itemprop=\"text\">A ferramenta oferece uma verifica\u00e7\u00e3o r\u00e1pida e fornece feedback imediato sobre as m\u00e9tricas de desempenho do website.<\/div>\n                            <\/div>\n                        <\/div><\/div><\/div><\/p>","protected":false},"excerpt":{"rendered":"O que \u00e9 um teste de velocidade de um site? O Teste de Velocidade do Site do Sitechecker \u00e9 uma ferramenta que avalia o desempenho das p\u00e1ginas web analisando v\u00e1rias m\u00e9tricas, como FCP, FID, LCP, CLS e muito mais. Estas m\u00e9tricas avaliam a rapidez com que o conte\u00fado \u00e9 apresentado visualmente e o qu\u00e3o responsiva&#8230;","protected":false},"author":10409641,"featured_media":3348,"parent":0,"menu_order":0,"comment_status":"closed","ping_status":"closed","template":"pages-templates\/pages-minitools-3.php","meta":[],"categories":[74],"tags":[],"_links":{"self":[{"href":"https:\/\/sitechecker.pro\/pt\/wp-json\/wp\/v2\/pages\/1063"}],"collection":[{"href":"https:\/\/sitechecker.pro\/pt\/wp-json\/wp\/v2\/pages"}],"about":[{"href":"https:\/\/sitechecker.pro\/pt\/wp-json\/wp\/v2\/types\/page"}],"author":[{"embeddable":true,"href":"https:\/\/sitechecker.pro\/pt\/wp-json\/wp\/v2\/users\/10409641"}],"replies":[{"embeddable":true,"href":"https:\/\/sitechecker.pro\/pt\/wp-json\/wp\/v2\/comments?post=1063"}],"version-history":[{"count":247,"href":"https:\/\/sitechecker.pro\/pt\/wp-json\/wp\/v2\/pages\/1063\/revisions"}],"predecessor-version":[{"id":39384,"href":"https:\/\/sitechecker.pro\/pt\/wp-json\/wp\/v2\/pages\/1063\/revisions\/39384"}],"wp:featuredmedia":[{"embeddable":true,"href":"https:\/\/sitechecker.pro\/pt\/wp-json\/wp\/v2\/media\/3348"}],"wp:attachment":[{"href":"https:\/\/sitechecker.pro\/pt\/wp-json\/wp\/v2\/media?parent=1063"}],"wp:term":[{"taxonomy":"category","embeddable":true,"href":"https:\/\/sitechecker.pro\/pt\/wp-json\/wp\/v2\/categories?post=1063"},{"taxonomy":"post_tag","embeddable":true,"href":"https:\/\/sitechecker.pro\/pt\/wp-json\/wp\/v2\/tags?post=1063"}],"curies":[{"name":"wp","href":"https:\/\/api.w.org\/{rel}","templated":true}]}}