{"id":1003,"date":"2017-12-27T09:37:14","date_gmt":"2017-12-27T09:37:14","guid":{"rendered":"https:\/\/sitechecker.pro\/?page_id=1003"},"modified":"2025-02-27T13:39:56","modified_gmt":"2025-02-27T13:39:56","slug":"http-status-codes","status":"publish","type":"page","link":"https:\/\/sitechecker.pro\/pt\/http-status-codes\/","title":{"rendered":"Verificador do c\u00f3digo de estado HTTP: Teste os c\u00f3digos de resposta \u2611"},"content":{"rendered":"<p><\/p>\n<h2 id=\"par1\">O que \u00e9 o HTTP Status Code Tester?<\/h2>\n<p>O HTTP Status Code Validator no <a href=\"https:\/\/sitechecker.pro\/\" target=\"_blank\" rel=\"noopener noreferrer\">Sitechecker<\/a> ajuda os utilizadores a verificar o estado da resposta HTTP de uma p\u00e1gina web espec\u00edfica ou de todas as p\u00e1ginas de um site. Permite que os propriet\u00e1rios de sites, programadores e especialistas em SEO identifiquem rapidamente poss\u00edveis problemas com a acessibilidade da p\u00e1gina, redireccionamentos, erros de servidor e links quebrados, garantindo um desempenho sem problemas do site e uma indexa\u00e7\u00e3o ideal nos motores de busca.<\/p>\n<h3>Como \u00e9 que a ferramenta o pode ajudar?<\/h3>\n<p><strong>Verifica\u00e7\u00e3o do c\u00f3digo de estado HTTP:<\/strong> permite aos utilizadores verificar rapidamente o c\u00f3digo de estado HTTP de uma p\u00e1gina web espec\u00edfica em tempo real, ajudando a diagnosticar problemas de acessibilidade imediatamente.<\/p>\n<p><strong>Auditoria de estado do website:<\/strong> fornece uma auditoria completa de todas as p\u00e1ginas de um website, identificando c\u00f3digos de estado diferentes de 200 (por exemplo, 404, 301, 500), links quebrados e cadeias de redireccionamento que podem afetar o SEO e a experi\u00eancia do utilizador.<\/p>\n<p><strong>Monitoriza\u00e7\u00e3o e alertas automatizados:<\/strong> acompanha os c\u00f3digos de estado do website e envia alertas por e-mail sobre links quebrados, tempos de inatividade e tempos de atividade, permitindo aos utilizadores resolver proactivamente problemas de acessibilidade e garantir a estabilidade do website.<\/p>\n<h3>Principais funcionalidades da ferramenta<\/h3>\n<p><strong>Painel unificado:<\/strong> fornece um hub centralizado onde os utilizadores podem monitorizar o desempenho do website, acompanhar as m\u00e9tricas de SEO e aceder a relat\u00f3rios de auditoria num \u00fanico local, garantindo uma gest\u00e3o de fluxo de trabalho perfeita.<\/p>\n<p><strong>Interface amig\u00e1vel:<\/strong> concebido com a simplicidade em mente, tornando f\u00e1cil para principiantes e profissionais navegar, interpretar insights e tomar medidas sem conhecimento t\u00e9cnico.<\/p>\n<p><strong>Conjunto completo de ferramentas de SEO:<\/strong> oferece um conjunto abrangente de ferramentas de SEO, incluindo auditorias de websites, rastreio de palavras-chave e monitoriza\u00e7\u00e3o em tempo real, ajudando os utilizadores a otimizar os seus websites de forma eficaz.<\/p>\n<h2 id=\"par2\">Como utilizar a ferramenta<\/h2>\n<p>Para utilizar a ferramenta, selecione uma op\u00e7\u00e3o de auditoria: uma verifica\u00e7\u00e3o r\u00e1pida para uma \u00fanica p\u00e1gina ou uma auditoria completa do website. Clique em Iniciar auditoria para come\u00e7ar e, em seguida, reveja o relat\u00f3rio em busca de c\u00f3digos de estado, links partidos e outros problemas que afetam o desempenho do seu website.<\/p>\n<h2 id=\"par3\">Teste os c\u00f3digos de estado para todas as p\u00e1ginas do site<\/h2>\n<h3>Passo 1: Escolha a op\u00e7\u00e3o &#8216;Testar os c\u00f3digos de estado para todas as p\u00e1ginas&#8217;<\/h3>\n<div class=\"content__img-wrap\"><img src=\"https:\/\/sitechecker.pro\/wp-content\/uploads\/2025\/02\/test-status-codes-all-pages.png\" alt=\"Teste os c\u00f3digos de estado para todas as p\u00e1ginas\" class=\"description-img description-img-zoom\" loading=\"lazy\" ><\/div>\n<div class=\"important-block\">Para receber resultados e acesso aos recursos do Sitechecker durante 14 dias, inicie o seu teste GRATUITO. A inscri\u00e7\u00e3o \u00e9 f\u00e1cil com o seu e-mail, conta Google ou Facebook. N\u00e3o \u00e9 necess\u00e1rio cart\u00e3o de cr\u00e9dito.<\/div>\n<h3>Passo 2: An\u00e1lise de resultados<\/h3>\n<p>Obtenha uma vis\u00e3o geral abrangente dos c\u00f3digos de estado HTTP do seu website, identificando p\u00e1ginas bem-sucedidas, redireccionamentos, erros e links quebrados para garantir o desempenho ideal do website e a visibilidade do motor de busca.<\/p>\n<div class=\"content__img-wrap\"><img src=\"https:\/\/sitechecker.pro\/wp-content\/uploads\/2025\/02\/all-html-pages-status-codes.png\" alt=\"Todos os c\u00f3digos de estado das p\u00e1ginas HTML\" class=\"description-img description-img-zoom\" loading=\"lazy\" ><\/div>\n<h3>Recursos adicionais de teste de c\u00f3digo de estado completo<\/h3>\n<p>Clique na sec\u00e7\u00e3o Auditoria do site para aceder a um relat\u00f3rio abrangente de sa\u00fade do site. Obtenha insights mais profundos para al\u00e9m dos c\u00f3digos de estado HTTP com uma auditoria detalhada que identifica problemas cr\u00edticos, problemas de indexa\u00e7\u00e3o, relev\u00e2ncia do conte\u00fado, riscos de seguran\u00e7a, redireccionamentos, velocidade da p\u00e1gina e erros de valida\u00e7\u00e3o de c\u00f3digo &#8211; ajudando-o a otimizar a sa\u00fade e o desempenho do seu website.<\/p>\n<div class=\"content__img-wrap\"><img src=\"https:\/\/sitechecker.pro\/wp-content\/uploads\/2025\/02\/site-audit-issues_67bf156dd1a7a.png\" alt=\"Problemas de auditoria do site\" class=\"description-img description-img-zoom\" loading=\"lazy\" ><\/div>\n<h2 id=\"par4\">Verificador de c\u00f3digo de estado de URL<\/h2>\n<h3>Passo 1: escolha a op\u00e7\u00e3o &#8220;Teste de c\u00f3digo de estado&#8221; para a p\u00e1gina<\/h3>\n<div class=\"content__img-wrap\"><img src=\"https:\/\/sitechecker.pro\/wp-content\/uploads\/2025\/02\/test-status-code-one-page.png\" alt=\"Teste de c\u00f3digo de estado de uma p\u00e1gina\" class=\"description-img description-img-zoom\" loading=\"lazy\" ><\/div>\n<h3>Passo 2: obten\u00e7\u00e3o dos resultados<\/h3>\n<p>Quando adiciona um URL \u00e0 nossa ferramenta online, iremos rastrear o seu website para recolher dados para esse URL. Este processo demora apenas alguns segundos. Na p\u00e1gina de resultados, encontrar\u00e1 o estado de resposta do URL e outros dados de auditoria SEO na p\u00e1gina.<\/p>\n<p><strong>Resultado do verificador de estado HTTP para a p\u00e1gina:<\/strong> <\/p>\n<div class=\"content__img-wrap\"><img src=\"https:\/\/sitechecker.pro\/wp-content\/uploads\/2025\/02\/test-status-code-result.png\" alt=\"Resultado do c\u00f3digo de estado do teste\" class=\"description-img description-img-zoom\" loading=\"lazy\" ><\/div>\n<p>Visite a sec\u00e7\u00e3o Auditoria do site para desbloquear todas as funcionalidades da ferramenta. Experimente a vers\u00e3o de demonstra\u00e7\u00e3o para ver como o Sitechecker deteta e resolve problemas t\u00e9cnicos cr\u00edticos de SEO.<\/p>\n<div class=\"content__img-wrap\"><img src=\"https:\/\/sitechecker.pro\/wp-content\/uploads\/2025\/02\/sitechecker-site-audit_67bf1571df51a.png\" alt=\"Auditoria de Site do Sitechecker\" class=\"description-img description-img-zoom\" loading=\"lazy\" ><\/div>\n<h3>Recursos adicionais do teste de c\u00f3digo de estado de p\u00e1gina<\/h3>\n<p>Navegue at\u00e9 ao painel Navega\u00e7\u00e3o de P\u00e1gina no lado direito para explorar diferentes categorias de auditoria, como Vis\u00e3o Geral de Problemas, Otimiza\u00e7\u00e3o de Conte\u00fado, Dados Estruturados , Imagens, Otimiza\u00e7\u00e3o de Pesquisa e Insights do PageSpeed. Cada sec\u00e7\u00e3o fornece insights espec\u00edficos para ajudar a melhorar o desempenho da sua p\u00e1gina web.<\/p>\n<div class=\"content__img-wrap\"><img src=\"https:\/\/sitechecker.pro\/wp-content\/uploads\/2025\/02\/issues-overview_67bf1569d5d82.png\" alt=\"Vis\u00e3o geral dos problemas\" class=\"description-img description-img-zoom\" loading=\"lazy\" ><\/div>\n<p>Obtenha uma an\u00e1lise completa da sa\u00fade da sua p\u00e1gina, incluindo problemas cr\u00edticos e de aviso. Identifique problemas de desempenho, analise o estado dos dados estruturados, otimize as imagens e aborde os fatores t\u00e9cnicos de SEO para melhorar a visibilidade da pesquisa e a efic\u00e1cia do conte\u00fado.<\/p>\n<h2 id=\"par5\">Ideia final<\/h2>\n<p>O HTTP Status Code Checker ajuda os utilizadores a verificar rapidamente os c\u00f3digos de resposta do servidor para p\u00e1ginas individuais ou sites inteiros. Identifica problemas de acessibilidade, redireccionamentos, links quebrados e erros de servidor para garantir um desempenho e otimiza\u00e7\u00e3o SEO sem problemas. A ferramenta oferece uma verifica\u00e7\u00e3o de estado em tempo real, uma auditoria completa do website e monitoriza\u00e7\u00e3o automatizada com alertas. As caracter\u00edsticas adicionais incluem um painel unificado, uma interface intuitiva e um conjunto abrangente de ferramentas de SEO. Os utilizadores podem analisar problemas cr\u00edticos do website para al\u00e9m dos c\u00f3digos de estado, incluindo a relev\u00e2ncia do conte\u00fado, a seguran\u00e7a e a velocidade da p\u00e1gina.<\/p>\n<div id=\"par6\"><\/div>\n<p><div class=\"front__faq-block\"><div class=\"faq__block-title\">FAQ<\/div><div class=\"panel-group\" id=\"faq-accordion\" itemscope itemtype=\"https:\/\/schema.org\/FAQPage\" role=\"tablist\" aria-multiselectable=\"true\"><div class=\"panel\" itemscope itemtype=\"https:\/\/schema.org\/Question\" itemprop=\"mainEntity\">\n                            <div class=\"panel-heading\" id=\"headingFaq-1\">\n                                <div class=\"panel-title\" data-toggle=\"collapse\" aria-expanded=\"false\" href=\"#collapseFaq-1\">\n                                    <h3 itemprop=\"name\">Qual \u00e9 a diferen\u00e7a entre a verifica\u00e7\u00e3o de uma \u00fanica p\u00e1gina e uma auditoria completa do site?<\/h3>\n                                <\/div>\n                            <\/div>\n                            <div id=\"collapseFaq-1\" class=\"panel-collapse collapse\" itemprop=\"acceptedAnswer\" itemscope itemtype=\"http:\/\/schema.org\/Answer\">\n                                <div class=\"panel-body\" itemprop=\"text\">Uma verifica\u00e7\u00e3o de p\u00e1gina \u00fanica fornece uma resposta instant\u00e2nea de c\u00f3digo de estado HTTP para um URL espec\u00edfico, enquanto uma auditoria completa do website analisa todas as p\u00e1ginas, detetando redireccionamentos, links partidos e problemas de SEO.<\/div>\n                            <\/div>\n                        <\/div><div class=\"panel\" itemscope itemtype=\"https:\/\/schema.org\/Question\" itemprop=\"mainEntity\">\n                            <div class=\"panel-heading\" id=\"headingFaq-2\">\n                                <div class=\"panel-title\" data-toggle=\"collapse\" aria-expanded=\"false\" href=\"#collapseFaq-2\">\n                                    <h3 itemprop=\"name\">A ferramenta suporta a monitoriza\u00e7\u00e3o de problemas cont\u00ednuos no site?<\/h3>\n                                <\/div>\n                            <\/div>\n                            <div id=\"collapseFaq-2\" class=\"panel-collapse collapse\" itemprop=\"acceptedAnswer\" itemscope itemtype=\"http:\/\/schema.org\/Answer\">\n                                <div class=\"panel-body\" itemprop=\"text\">Sim, a ferramenta inclui monitoriza\u00e7\u00e3o e alertas automatizados, notificando os utilizadores sobre links quebrados, tempos de inatividade e tempos de atividade por e-mail.<\/div>\n                            <\/div>\n                        <\/div><div class=\"panel\" itemscope itemtype=\"https:\/\/schema.org\/Question\" itemprop=\"mainEntity\">\n                            <div class=\"panel-heading\" id=\"headingFaq-3\">\n                                <div class=\"panel-title\" data-toggle=\"collapse\" aria-expanded=\"false\" href=\"#collapseFaq-3\">\n                                    <h3 itemprop=\"name\">Como posso aceder aos relat\u00f3rios de auditoria anteriores?<\/h3>\n                                <\/div>\n                            <\/div>\n                            <div id=\"collapseFaq-3\" class=\"panel-collapse collapse\" itemprop=\"acceptedAnswer\" itemscope itemtype=\"http:\/\/schema.org\/Answer\">\n                                <div class=\"panel-body\" itemprop=\"text\">Os utilizadores podem revisitar relat\u00f3rios de auditoria anteriores no painel de Auditoria do Site, onde s\u00e3o armazenados dados hist\u00f3ricos e tend\u00eancias para an\u00e1lise.<\/div>\n                            <\/div>\n                        <\/div><div class=\"panel\" itemscope itemtype=\"https:\/\/schema.org\/Question\" itemprop=\"mainEntity\">\n                            <div class=\"panel-heading\" id=\"headingFaq-4\">\n                                <div class=\"panel-title\" data-toggle=\"collapse\" aria-expanded=\"false\" href=\"#collapseFaq-4\">\n                                    <h3 itemprop=\"name\">Posso integrar esta ferramenta com o Google Search Console?<\/h3>\n                                <\/div>\n                            <\/div>\n                            <div id=\"collapseFaq-4\" class=\"panel-collapse collapse\" itemprop=\"acceptedAnswer\" itemscope itemtype=\"http:\/\/schema.org\/Answer\">\n                                <div class=\"panel-body\" itemprop=\"text\">Sim, a ferramenta permite a integra\u00e7\u00e3o com o Google Search Console para melhorar a an\u00e1lise e fornecer insights de indexa\u00e7\u00e3o e classifica\u00e7\u00e3o mais precisos.<\/div>\n                            <\/div>\n                        <\/div><div class=\"panel\" itemscope itemtype=\"https:\/\/schema.org\/Question\" itemprop=\"mainEntity\">\n                            <div class=\"panel-heading\" id=\"headingFaq-5\">\n                                <div class=\"panel-title\" data-toggle=\"collapse\" aria-expanded=\"false\" href=\"#collapseFaq-5\">\n                                    <h3 itemprop=\"name\">Quanto tempo demora uma auditoria ao site?<\/h3>\n                                <\/div>\n                            <\/div>\n                            <div id=\"collapseFaq-5\" class=\"panel-collapse collapse\" itemprop=\"acceptedAnswer\" itemscope itemtype=\"http:\/\/schema.org\/Answer\">\n                                <div class=\"panel-body\" itemprop=\"text\">Uma verifica\u00e7\u00e3o de uma \u00fanica p\u00e1gina demora segundos, enquanto uma auditoria completa de um website depende do n\u00famero de p\u00e1ginas, mas \u00e9 normalmente conclu\u00edda em poucos minutos.<\/div>\n                            <\/div>\n                        <\/div><div class=\"panel\" itemscope itemtype=\"https:\/\/schema.org\/Question\" itemprop=\"mainEntity\">\n                            <div class=\"panel-heading\" id=\"headingFaq-6\">\n                                <div class=\"panel-title\" data-toggle=\"collapse\" aria-expanded=\"false\" href=\"#collapseFaq-6\">\n                                    <h3 itemprop=\"name\">Posso acompanhar as altera\u00e7\u00f5es nos c\u00f3digos de estado do meu site ao longo do tempo?<\/h3>\n                                <\/div>\n                            <\/div>\n                            <div id=\"collapseFaq-6\" class=\"panel-collapse collapse\" itemprop=\"acceptedAnswer\" itemscope itemtype=\"http:\/\/schema.org\/Answer\">\n                                <div class=\"panel-body\" itemprop=\"text\">Sim, o Sitechecker regista dados hist\u00f3ricos, permitindo aos utilizadores acompanhar as altera\u00e7\u00f5es no c\u00f3digo de estado e monitorizar as tend\u00eancias de integridade do site.<\/div>\n                            <\/div>\n                        <\/div><\/div><\/div><\/p>","protected":false},"excerpt":{"rendered":"O que \u00e9 o HTTP Status Code Tester? O HTTP Status Code Validator no Sitechecker ajuda os utilizadores a verificar o estado da resposta HTTP de uma p\u00e1gina web espec\u00edfica ou de todas as p\u00e1ginas de um site. Permite que os propriet\u00e1rios de sites, programadores e especialistas em SEO identifiquem rapidamente poss\u00edveis problemas com a&#8230;","protected":false},"author":10409641,"featured_media":3418,"parent":0,"menu_order":0,"comment_status":"closed","ping_status":"closed","template":"pages-templates\/pages-minitools-3.php","meta":[],"categories":[73],"tags":[],"_links":{"self":[{"href":"https:\/\/sitechecker.pro\/pt\/wp-json\/wp\/v2\/pages\/1003"}],"collection":[{"href":"https:\/\/sitechecker.pro\/pt\/wp-json\/wp\/v2\/pages"}],"about":[{"href":"https:\/\/sitechecker.pro\/pt\/wp-json\/wp\/v2\/types\/page"}],"author":[{"embeddable":true,"href":"https:\/\/sitechecker.pro\/pt\/wp-json\/wp\/v2\/users\/10409641"}],"replies":[{"embeddable":true,"href":"https:\/\/sitechecker.pro\/pt\/wp-json\/wp\/v2\/comments?post=1003"}],"version-history":[{"count":97,"href":"https:\/\/sitechecker.pro\/pt\/wp-json\/wp\/v2\/pages\/1003\/revisions"}],"predecessor-version":[{"id":35759,"href":"https:\/\/sitechecker.pro\/pt\/wp-json\/wp\/v2\/pages\/1003\/revisions\/35759"}],"wp:featuredmedia":[{"embeddable":true,"href":"https:\/\/sitechecker.pro\/pt\/wp-json\/wp\/v2\/media\/3418"}],"wp:attachment":[{"href":"https:\/\/sitechecker.pro\/pt\/wp-json\/wp\/v2\/media?parent=1003"}],"wp:term":[{"taxonomy":"category","embeddable":true,"href":"https:\/\/sitechecker.pro\/pt\/wp-json\/wp\/v2\/categories?post=1003"},{"taxonomy":"post_tag","embeddable":true,"href":"https:\/\/sitechecker.pro\/pt\/wp-json\/wp\/v2\/tags?post=1003"}],"curies":[{"name":"wp","href":"https:\/\/api.w.org\/{rel}","templated":true}]}}