{"id":10026,"date":"2020-06-12T12:45:55","date_gmt":"2020-06-12T10:45:55","guid":{"rendered":"https:\/\/sitechecker.pro\/?page_id=10026"},"modified":"2026-02-16T17:22:27","modified_gmt":"2026-02-16T17:22:27","slug":"website-word-counter","status":"publish","type":"page","link":"https:\/\/sitechecker.pro\/pt\/website-word-counter\/","title":{"rendered":"Contador de palavras do site | Obter contagem de palavras para qualquer p\u00e1gina do site"},"content":{"rendered":"<p><\/p>\n<h2 id=\"par1\">O que \u00e9 o contador de palavras do site?<\/h2>\n<p>O contador de palavras do site do <a href=\"https:\/\/sitechecker.pro\/\" target=\"_blank\" rel=\"noopener noreferrer\">Sitechecker<\/a> \u00e9 uma ferramenta concebida para calcular a contagem de palavras para p\u00e1ginas espec\u00edficas e sites inteiros. \u00c9 essencial para o SEO, ajudando-o a compreender o volume de conte\u00fado no seu website, o que impacta diretamente na classifica\u00e7\u00e3o, na experi\u00eancia do utilizador e na vantagem competitiva. A ferramenta identifica ainda poss\u00edveis problemas, oferecendo um guia detalhado para a resolu\u00e7\u00e3o. \u00c9 ben\u00e9fico para escritores, especialistas em SEO e aqueles que analisam os concorrentes, uma vez que fornece informa\u00e7\u00f5es sobre a densidade de palavras-chave e a otimiza\u00e7\u00e3o do comprimento do conte\u00fado.<\/p>\n<h3>Como \u00e9 que a ferramenta o pode ajudar?<\/h3>\n<p><strong>C\u00e1lculo de contagem de palavras:<\/strong>calcula o n\u00famero total de caracteres em p\u00e1ginas web ou sites inteiros, crucial para uma an\u00e1lise SEO abrangente.<\/p>\n<p><strong>Dete\u00e7\u00e3o de problemas:<\/strong> identifica poss\u00edveis problemas no conte\u00fado e p\u00e1ginas com baixa contagem de palavras, oferecendo solu\u00e7\u00f5es acion\u00e1veis.<\/p>\n<p><strong>Insights sobre a densidade de palavras-chave:<\/strong> fornece insights detalhados sobre a densidade de palavras-chave do conte\u00fado, auxiliando na otimiza\u00e7\u00e3o das p\u00e1ginas web para uma melhor visibilidade nos motores de busca.<\/p>\n<h3>Principais caracter\u00edsticas da ferramenta<\/h3>\n<p><strong>Painel unificado:<\/strong> fornece uma vis\u00e3o geral abrangente das m\u00e9tricas e do desempenho de SEO num \u00fanico local.<\/p>\n<p><strong>Interface de f\u00e1cil utiliza\u00e7\u00e3o:<\/strong> concebida para ser f\u00e1cil de utilizar, permitindo que utilizadores de todos os n\u00edveis de habilidade naveguem e utilizem ferramentas de SEO de forma eficaz.<\/p>\n<p><strong>Conjunto completo de ferramentas de SEO:<\/strong> oferece uma vasta gama de ferramentas de SEO para uma an\u00e1lise e otimiza\u00e7\u00e3o abrangentes de websites, abrangendo tudo, desde a pesquisa de palavras-chave at\u00e9 \u00e0 an\u00e1lise de backlinks.<\/p>\n<h2 id=\"par2\">Como utilizar a ferramenta<\/h2>\n<p>Come\u00e7ar com uma an\u00e1lise abrangente do website \u00e9 f\u00e1cil: basta optar por verificar a contagem de caracteres em todas as p\u00e1ginas. Esta funcionalidade aprofunda o seu website, oferecendo uma avalia\u00e7\u00e3o completa do volume de conte\u00fado e revelando quaisquer \u00e1reas de conte\u00fado de baixa qualidade.<\/p>\n<p>Se precisar de uma avalia\u00e7\u00e3o mais r\u00e1pida, a ferramenta tamb\u00e9m oferece a op\u00e7\u00e3o de obter links externos de uma p\u00e1gina. Esta funcionalidade \u00e9 perfeita quando precisa de uma contagem r\u00e1pida de palavras e an\u00e1lise de qualidade de uma p\u00e1gina espec\u00edfica, tudo isto sem precisar de uma conta.<\/p>\n<p>Para come\u00e7ar a melhorar o conte\u00fado do seu website, basta escolher o tipo de auditoria pretendido e clicar em &#8220;Iniciar auditoria&#8221;.<\/p>\n<div class=\"content__img-wrap\"><img src=\"https:\/\/sitechecker.pro\/wp-content\/uploads\/2024\/07\/choose-audit-option.png\" alt=\"Escolha a op\u00e7\u00e3o de auditoria\" class=\"description-img description-img-zoom\" loading=\"lazy\" ><\/div>\n<h2 id=\"par3\">Determinar a contagem de palavras para o site<\/h2>\n<h3>Passo 1: Introduza o seu endere\u00e7o URL<\/h3>\n<div class=\"content__img-wrap\"><img src=\"https:\/\/sitechecker.pro\/wp-content\/uploads\/2024\/07\/check-website-content.png\" alt=\"Verificar conte\u00fado do site\" class=\"description-img description-img-zoom\" loading=\"lazy\" ><\/div>\n<div class=\"important-block\">Para receber resultados e acesso \u00e0s funcionalidades do Sitechecker durante 14 dias, inicie o seu teste GRATUITO. \u00c9 f\u00e1cil registar-se com o seu e-mail, conta Google ou Facebook. N\u00e3o \u00e9 necess\u00e1rio cart\u00e3o de cr\u00e9dito.<\/div>\n<h3>Passo 2: Obter resultados<\/h3>\n<p>Depois de executar a Calculadora de palavras do site, ver\u00e1 uma an\u00e1lise clara dos problemas de conte\u00fado que afetam a relev\u00e2ncia da pesquisa do seu site. A sec\u00e7\u00e3o &#8220;Relev\u00e2ncia do conte\u00fado&#8221; lista problemas como a baixa contagem de palavras, t\u00edtulos vazios ou texto alternativo em falta, para al\u00e9m do n\u00famero de p\u00e1ginas afetadas. Cada problema \u00e9 acompanhado por uma barra de progresso, dando uma indica\u00e7\u00e3o visual da preval\u00eancia do problema.<\/p>\n<div class=\"content__img-wrap\"><img src=\"https:\/\/sitechecker.pro\/wp-content\/uploads\/2024\/07\/content-relevance-issues.png\" alt=\"Problemas de relev\u00e2ncia de conte\u00fado\" class=\"description-img description-img-zoom\" loading=\"lazy\" ><\/div>\n<h2 id=\"par4\">Caracter\u00edsticas adicionais<\/h2>\n<p>Clique no separador \u201cVer todas as p\u00e1ginas\u201d para verificar a contagem de palavras de qualquer artigo no seu website.<\/p>\n<div class=\"content__img-wrap\"><img src=\"https:\/\/sitechecker.pro\/wp-content\/uploads\/2024\/07\/view-all-pages.png\" alt=\"Ver todas as p\u00e1ginas\" class=\"description-img description-img-zoom\" loading=\"lazy\" ><\/div>\n<p>Selecione a p\u00e1gina que pretende analisar e clique para visualizar os seus detalhes t\u00e9cnicos e o comprimento do texto por palavras e caracteres.<\/p>\n<div class=\"content__img-wrap\"><img src=\"https:\/\/sitechecker.pro\/wp-content\/uploads\/2024\/07\/all-html-pages-list.png\" alt=\"Lista de todas as p\u00e1ginas HTML\" class=\"description-img description-img-zoom\" loading=\"lazy\" ><\/div>\n<div class=\"content__img-wrap\"><img src=\"https:\/\/sitechecker.pro\/wp-content\/uploads\/2024\/07\/text-length.png\" alt=\"Comprimento do texto\" class=\"description-img description-img-zoom\" loading=\"lazy\" ><\/div>\n<p>A ferramenta fornece uma an\u00e1lise da frequ\u00eancia de palavras-chave que impactam o SEO. Pode determinar a percentagem de ocorr\u00eancias diretas de palavras-chave sobre o volume total de texto da p\u00e1gina. Selecione frases-chave que consistam em 1, 2 ou 3 palavras para maior conveni\u00eancia. Em seguida, reveja a frequ\u00eancia destas frases-chave no texto para garantir que a sua utiliza\u00e7\u00e3o n\u00e3o tem um impacto negativo na otimiza\u00e7\u00e3o dos motores de busca, resultando numa otimiza\u00e7\u00e3o excessiva.<\/p>\n<div class=\"content__img-wrap\"><img src=\"https:\/\/sitechecker.pro\/wp-content\/uploads\/2024\/07\/page-details-content-relevance.png\" alt=\"Relev\u00e2ncia do conte\u00fado dos detalhes da p\u00e1gina\" class=\"description-img description-img-zoom\" loading=\"lazy\" ><\/div>\n<h2 id=\"par5\">Contador de palavras da p\u00e1gina Web<\/h2>\n<h3>Passo 1: Para detetar a contagem de palavras da p\u00e1gina &#8211; basta clicar na inspe\u00e7\u00e3o de uma \u00fanica p\u00e1gina<\/h3>\n<div class=\"content__img-wrap\"><img src=\"https:\/\/sitechecker.pro\/wp-content\/uploads\/2024\/07\/word-count-for-all-pages.png\" alt=\"Contagem de palavras para todas as p\u00e1ginas\" class=\"description-img description-img-zoom\" loading=\"lazy\" ><\/div>\n<h3>Passo 2: Obter resultados do contador de palavras URL<\/h3>\n<p>A ferramenta calcula o comprimento do texto da sua p\u00e1gina, fornecendo contagens exatas de caracteres e palavras \u2014 essencial para que o SEO cumpra os padr\u00f5es recomendados de profundidade e legibilidade do conte\u00fado.<\/p>\n<p>Exibe tamb\u00e9m a propor\u00e7\u00e3o entre texto e c\u00f3digo, indicando a riqueza do conte\u00fado em rela\u00e7\u00e3o ao c\u00f3digo HTML, uma m\u00e9trica essencial de SEO.<\/p>\n<p>Utilize este recurso para avaliar se o seu conte\u00fado est\u00e1 alinhado com os objetivos de SEO, permitindo-lhe fazer ajustes para obter o desempenho ideal do website.<\/p>\n<div class=\"content__img-wrap\"><img src=\"https:\/\/sitechecker.pro\/wp-content\/uploads\/2024\/07\/word-counter-results.png\" alt=\"Resultados do contador de palavras\" class=\"description-img description-img-zoom\" loading=\"lazy\" ><\/div>\n<p>Esta informa\u00e7\u00e3o diz respeito exclusivamente a uma \u00fanica p\u00e1gina do seu site. Para uma an\u00e1lise abrangente que cubra todas as p\u00e1ginas e identifique erros de conte\u00fado que afetam o seu desempenho de SEO, inicie uma auditoria completa do website.<\/p>\n<h2 id=\"par6\">Ideia Final<\/h2>\n<p>O Website Word Count Checker \u00e9 uma ferramenta de SEO inestim\u00e1vel que fornece uma an\u00e1lise detalhada da contagem de conte\u00fados e identifica problemas tanto em p\u00e1ginas individuais como em sites inteiros. Auxilia na otimiza\u00e7\u00e3o do conte\u00fado para visibilidade nos motores de busca, oferecendo insights sobre a densidade de palavras-chave e garantindo que o conte\u00fado cumpre os padr\u00f5es de SEO. Com uma interface de f\u00e1cil utiliza\u00e7\u00e3o e um conjunto abrangente de ferramentas de SEO, simplifica o processo de otimiza\u00e7\u00e3o de conte\u00fados, desde a an\u00e1lise inicial at\u00e9 \u00e0 identifica\u00e7\u00e3o de \u00e1reas de melhoria. Seja para uma revis\u00e3o r\u00e1pida da p\u00e1gina ou para uma auditoria completa do website, \u00e9 um recurso essencial para melhorar o conte\u00fado e o desempenho do seu website.<\/p>\n<div id=\"par7\"><\/div>\n<p><div class=\"front__faq-block\"><div class=\"faq__block-title\">FAQ<\/div><div class=\"panel-group\" id=\"faq-accordion\" itemscope itemtype=\"https:\/\/schema.org\/FAQPage\" role=\"tablist\" aria-multiselectable=\"true\"><div class=\"panel\" itemscope itemtype=\"https:\/\/schema.org\/Question\" itemprop=\"mainEntity\">\n                            <div class=\"panel-heading\" id=\"headingFaq-1\">\n                                <div class=\"panel-title\" data-toggle=\"collapse\" aria-expanded=\"false\" href=\"#collapseFaq-1\">\n                                    <h3 itemprop=\"name\">O Contador Total de Palavras \u00e9 adequado para utilizadores ocasionais ou apenas para trabalhos regulares de SEO?<\/h3>\n                                <\/div>\n                            <\/div>\n                            <div id=\"collapseFaq-1\" class=\"panel-collapse collapse\" itemprop=\"acceptedAnswer\" itemscope itemtype=\"http:\/\/schema.org\/Answer\">\n                                <div class=\"panel-body\" itemprop=\"text\">A ferramenta \u00e9 vers\u00e1til o suficiente tanto para utilizadores ocasionais que precisam de uma verifica\u00e7\u00e3o r\u00e1pida como para profissionais de SEO que exigem auditorias detalhadas e regulares do website.<\/div>\n                            <\/div>\n                        <\/div><div class=\"panel\" itemscope itemtype=\"https:\/\/schema.org\/Question\" itemprop=\"mainEntity\">\n                            <div class=\"panel-heading\" id=\"headingFaq-2\">\n                                <div class=\"panel-title\" data-toggle=\"collapse\" aria-expanded=\"false\" href=\"#collapseFaq-2\">\n                                    <h3 itemprop=\"name\">Como \u00e9 que o Contador de Conte\u00fados do Site ajuda a melhorar o conte\u00fado do site?<\/h3>\n                                <\/div>\n                            <\/div>\n                            <div id=\"collapseFaq-2\" class=\"panel-collapse collapse\" itemprop=\"acceptedAnswer\" itemscope itemtype=\"http:\/\/schema.org\/Answer\">\n                                <div class=\"panel-body\" itemprop=\"text\">Ao fornecer contagens precisas de palavras, identificar conte\u00fado de baixa qualidade e oferecer insights sobre a densidade de palavras-chave, a ferramenta ajuda os utilizadores a otimizar o seu conte\u00fado para um melhor desempenho de SEO.<\/div>\n                            <\/div>\n                        <\/div><div class=\"panel\" itemscope itemtype=\"https:\/\/schema.org\/Question\" itemprop=\"mainEntity\">\n                            <div class=\"panel-heading\" id=\"headingFaq-3\">\n                                <div class=\"panel-title\" data-toggle=\"collapse\" aria-expanded=\"false\" href=\"#collapseFaq-3\">\n                                    <h3 itemprop=\"name\">O Verificador de palavras do site consegue identificar problemas espec\u00edficos de SEO numa p\u00e1gina?<\/h3>\n                                <\/div>\n                            <\/div>\n                            <div id=\"collapseFaq-3\" class=\"panel-collapse collapse\" itemprop=\"acceptedAnswer\" itemscope itemtype=\"http:\/\/schema.org\/Answer\">\n                                <div class=\"panel-body\" itemprop=\"text\">Sim, pode detetar uma variedade de problemas de SEO, como baixa contagem de palavras, t\u00edtulos vazios ou texto alternativo em falta, e fornece solu\u00e7\u00f5es pr\u00e1ticas para os resolver.<\/div>\n                            <\/div>\n                        <\/div><div class=\"panel\" itemscope itemtype=\"https:\/\/schema.org\/Question\" itemprop=\"mainEntity\">\n                            <div class=\"panel-heading\" id=\"headingFaq-4\">\n                                <div class=\"panel-title\" data-toggle=\"collapse\" aria-expanded=\"false\" href=\"#collapseFaq-4\">\n                                    <h3 itemprop=\"name\">O Detector de Contagem de Palavras do Website oferece solu\u00e7\u00f5es ou apenas identifica problemas?<\/h3>\n                                <\/div>\n                            <\/div>\n                            <div id=\"collapseFaq-4\" class=\"panel-collapse collapse\" itemprop=\"acceptedAnswer\" itemscope itemtype=\"http:\/\/schema.org\/Answer\">\n                                <div class=\"panel-body\" itemprop=\"text\">Al\u00e9m de identificar problemas, a ferramenta oferece orienta\u00e7\u00e3o detalhada para resolver problemas identificados e melhorar a classifica\u00e7\u00e3o e o desempenho do seu website.<\/div>\n                            <\/div>\n                        <\/div><\/div><\/div><\/p>","protected":false},"excerpt":{"rendered":"O que \u00e9 o contador de palavras do site? O contador de palavras do site do Sitechecker \u00e9 uma ferramenta concebida para calcular a contagem de palavras para p\u00e1ginas espec\u00edficas e sites inteiros. \u00c9 essencial para o SEO, ajudando-o a compreender o volume de conte\u00fado no seu website, o que impacta diretamente na classifica\u00e7\u00e3o, na&#8230;","protected":false},"author":10409641,"featured_media":10030,"parent":0,"menu_order":0,"comment_status":"closed","ping_status":"closed","template":"pages-templates\/pages-minitools-3.php","meta":[],"categories":[70],"tags":[],"_links":{"self":[{"href":"https:\/\/sitechecker.pro\/pt\/wp-json\/wp\/v2\/pages\/10026"}],"collection":[{"href":"https:\/\/sitechecker.pro\/pt\/wp-json\/wp\/v2\/pages"}],"about":[{"href":"https:\/\/sitechecker.pro\/pt\/wp-json\/wp\/v2\/types\/page"}],"author":[{"embeddable":true,"href":"https:\/\/sitechecker.pro\/pt\/wp-json\/wp\/v2\/users\/10409641"}],"replies":[{"embeddable":true,"href":"https:\/\/sitechecker.pro\/pt\/wp-json\/wp\/v2\/comments?post=10026"}],"version-history":[{"count":29,"href":"https:\/\/sitechecker.pro\/pt\/wp-json\/wp\/v2\/pages\/10026\/revisions"}],"predecessor-version":[{"id":39305,"href":"https:\/\/sitechecker.pro\/pt\/wp-json\/wp\/v2\/pages\/10026\/revisions\/39305"}],"wp:featuredmedia":[{"embeddable":true,"href":"https:\/\/sitechecker.pro\/pt\/wp-json\/wp\/v2\/media\/10030"}],"wp:attachment":[{"href":"https:\/\/sitechecker.pro\/pt\/wp-json\/wp\/v2\/media?parent=10026"}],"wp:term":[{"taxonomy":"category","embeddable":true,"href":"https:\/\/sitechecker.pro\/pt\/wp-json\/wp\/v2\/categories?post=10026"},{"taxonomy":"post_tag","embeddable":true,"href":"https:\/\/sitechecker.pro\/pt\/wp-json\/wp\/v2\/tags?post=10026"}],"curies":[{"name":"wp","href":"https:\/\/api.w.org\/{rel}","templated":true}]}}