{"id":7885,"date":"2019-09-05T13:51:52","date_gmt":"2019-09-05T13:51:52","guid":{"rendered":"https:\/\/sitechecker.pro\/?page_id=7885"},"modified":"2025-02-06T11:00:13","modified_gmt":"2025-02-06T11:00:13","slug":"page-counter","status":"publish","type":"page","link":"https:\/\/sitechecker.pro\/pl\/page-counter\/","title":{"rendered":"Licznik stron internetowych | Sitechecker licznika stron za darmo \u1408"},"content":{"rendered":"<p><\/p>\n<h2 id=\"par1\">Co to jest narz\u0119dzie do sprawdzania numer\u00f3w stron internetowych?<\/h2>\n<p>    Licznik stron to narz\u0119dzie, kt\u00f3re pomaga policzy\u0107 liczb\u0119 adres\u00f3w URL w witrynie. Mo\u017ce by\u0107 przydatne do \u015bledzenia stanu indeksowania i identyfikowania wszelkich problem\u00f3w technicznych. Narz\u0119dzie licznika adres\u00f3w URL witryny Sitechecker jest \u0142atwe w u\u017cyciu i zapewnia szereg funkcji.<\/p>\n<h3>Sitechecker mo\u017ce pom\u00f3c w nast\u0119puj\u0105cych kwestiach<\/h3>\n<ul>\n<li>Okre\u015blenie ca\u0142kowitej liczby wszystkich adres\u00f3w URL w witrynie.<\/li>\n<li>Okre\u015blenie, kt\u00f3re adresy URL z mapy witryny XML s\u0105 indeksowane przez wyszukiwarki Google.<\/li>\n<li>Wykrywanie b\u0142\u0119d\u00f3w w adresach URL w\u0142asnej witryny.<\/li>\n<li>Zrozumienie, jak skutecznie dystrybuowa\u0107 linki w ca\u0142ej witrynie.<\/li>\n<\/ul>\n<h3>Kluczowe cechy licznika stron internetowych<\/h3>\n<p>    <strong>Ujednolicony pulpit nawigacyjny: <\/strong>Ujednolicony pulpit nawigacyjny zapewnia jedno miejsce, w kt\u00f3rym mo\u017cna przegl\u0105da\u0107 dane techniczne dotycz\u0105ce stanu Twojej witryny. Mo\u017cesz przegl\u0105da\u0107 te dane dla okre\u015blonych okres\u00f3w, np. dzisiaj, wczoraj, ostatni tydzie\u0144, ostatni miesi\u0105c i od pocz\u0105tku roku.<\/p>\n<p>    <strong>Przyjazny dla u\u017cytkownika interfejs: <\/strong>Przyjazny dla u\u017cytkownika interfejs u\u0142atwia korzystanie i analizowanie danych o ruchu. Pulpit nawigacyjny jest dobrze zorganizowany i \u0142atwy w nawigacji.<\/p>\n<p>    <strong>Kompletny zestaw narz\u0119dzi SEO: <\/strong>Kompletny zestaw narz\u0119dzi SEO zawiera r\u00f3\u017cnorodne instrumenty, kt\u00f3re pomog\u0105 Ci poprawi\u0107 ranking Twojej witryny w wynikach wyszukiwania (SERP). Mo\u017ce to obejmowa\u0107 narz\u0119dzia do badania s\u0142\u00f3w kluczowych, budowania link\u00f3w i technicznego SEO.<\/p>\n<h2 id=\"par2\">Jak korzysta\u0107 z licznika stron witryny internetowej?<\/h2>\n<p>    Czy zadajesz sobie pytanie, jak \u0142atwo znale\u017a\u0107 liczb\u0119 stron HTML w witrynie? Nasze narz\u0119dzie daje ci odpowied\u017a.<\/p>\n<h3>Krok 1: Wstaw swoj\u0105 domen\u0119 <\/h3>\n<p>    Wszystko, co musisz zrobi\u0107, to wpisa\u0107 nazw\u0119 domeny, a nast\u0119pnie wy\u015bwietli\u0107 wszystkie adresy URL w witrynie.<\/p>\n<div class=\"content__img-wrap\"><img src=\"https:\/\/sitechecker.pro\/wp-content\/uploads\/2023\/11\/website-page-counter.png\" alt=\"Licznik stron witryny\" class=\"description-img description-img-zoom\" loading=\"lazy\" ><\/div>\n<div class=\"important-block\">Aby otrzyma\u0107 wyniki i dost\u0119p do funkcji Sitechecker przez 14 dni, rozpocznij BEZP\u0141ATNY okres pr\u00f3bny. Rejestracja jest \u0142atwa przy u\u017cyciu konta e-mail, Google lub Facebook. Karta kredytowa nie jest wymagana.<\/div>\n<h3>Krok 2: Uzyskaj wynik<\/h3>\n<p>    Po indeksowaniu mo\u017cna zobaczy\u0107 &#8220;ile jest adres\u00f3w URL&#8221;. Liczba ta wskazuje, ile adres\u00f3w URL ma <a href=\"https:\/\/sitechecker.pro\/what-is-google-index\/\" target=\"_blank\" rel=\"noopener noreferrer\">indeks Google<\/a>:<\/p>\n<div class=\"content__img-wrap\"><img src=\"https:\/\/sitechecker.pro\/wp-content\/uploads\/2023\/11\/website-page-counter-results.png\" alt=\"Website Page Counter Results\" class=\"description-img description-img-zoom\" loading=\"lazy\" ><\/div>\n<p>    Poni\u017cej znajduje si\u0119 lista b\u0142\u0119d\u00f3w znalezionych w zaindeksowanych adresach URL. Aby sprawdzi\u0107 wszystkie adresy URL w witrynie pod k\u0105tem b\u0142\u0119d\u00f3w, nale\u017cy rozwa\u017cy\u0107 uaktualnienie planu taryfowego.<\/p>\n<div class=\"content__img-wrap\"><img src=\"https:\/\/sitechecker.pro\/wp-content\/uploads\/2023\/11\/page-counter-issues-list.png\" alt=\"Lista b\u0142\u0119d\u00f3w licznika stron\" class=\"description-img description-img-zoom\" loading=\"lazy\" ><\/div>\n<p>    Dla ka\u017cdego zidentyfikowanego b\u0142\u0119du lista zawiera sugestie dotycz\u0105ce rozwi\u0105zywania problem\u00f3w i okre\u015bla adresy URL, w kt\u00f3rych wyst\u0105pi\u0142.<\/p>\n<div class=\"content__img-wrap\"><img src=\"https:\/\/sitechecker.pro\/wp-content\/uploads\/2023\/11\/view-issue-option.png\" alt=\"View Issue Option\" class=\"description-img description-img-zoom\" loading=\"lazy\" ><\/div>\n<h2 id=\"par3\">Dodatkowe funkcje narz\u0119dzia licznika stron internetowych<\/h2>\n<p>    Ponadto, klikaj\u0105c na &#8220;Przeszukane strony&#8221; lub &#8220;Wy\u015bwietl wszystkie strony&#8221;, mo\u017cna otworzy\u0107 list\u0119 adres\u00f3w URL z informacjami o problemach, statusie i innych rodzajach adres\u00f3w URL <a href=\"https:\/\/sitechecker.pro\/\" target=\"_blank\" rel=\"noopener noreferrer\">Audyt SEO<\/a>.<\/p>\n<div class=\"content__img-wrap\"><img src=\"https:\/\/sitechecker.pro\/wp-content\/uploads\/2023\/11\/page-counter-view-all-pages.png\" alt=\"Page Counter View All Pages\" class=\"description-img description-img-zoom\" loading=\"lazy\" ><\/div>\n<div class=\"content__img-wrap\"><img src=\"https:\/\/sitechecker.pro\/wp-content\/uploads\/2023\/11\/page-counter-additional-features.png\" alt=\"Page Counter Dodatkowe funkcje\" class=\"description-img description-img-zoom\" loading=\"lazy\" ><\/div>\n<p>    Ta sekcja wy\u015bwietla skategoryzowan\u0105 list\u0119 b\u0142\u0119d\u00f3w, umo\u017cliwiaj\u0105c sortowanie ich wed\u0142ug priorytetu lub kategorii. Je\u015bli witryna zawiera uszkodzone adresy URL lub przekierowania, mo\u017cna je odfiltrowa\u0107 w tabeli. Wska\u017anik wagi strony zapewnia wgl\u0105d w skuteczno\u015b\u0107 wewn\u0119trznej struktury link\u00f3w.<\/p>\n<p>    Dzi\u0119ki tym informacjom mo\u017cna szybko rozwi\u0105za\u0107 krytyczne problemy na w\u0142asnej stronie internetowej i uzyska\u0107 wskaz\u00f3wki dotycz\u0105ce optymalizacji witryny.<\/p>\n<p>    Zapoznaj si\u0119 r\u00f3wnie\u017c z naszym przewodnikiem wideo na temat korzystania z licznika stron na platformie SiteChecker:<\/p>\n<p>    <iframe width=\"700\" height=\"350\" src=\"https:\/\/www.youtube.com\/embed\/-cexaqBe4KQ?si=4doM2SLEO-4z_i69&amp;start=213\" title=\"YouTube video player\" frameborder=\"0\" allow=\"accelerometer; autoplay; clipboard-write; encrypted-media; gyroscope; picture-in-picture; web-share\" allowfullscreen><\/iframe><\/p>\n<h2 id=\"par4\">Pomys\u0142 ko\u0144cowy<\/h2>\n<p>    Website Post Counter to skuteczne, bezp\u0142atne narz\u0119dzie oferowane przez Sitechecker, kt\u00f3re zlicza strony witryny, pomagaj\u0105c w \u015bledzeniu indeksowania i identyfikowaniu problem\u00f3w technicznych. Oferuje \u0142atwe w u\u017cyciu funkcje, takie jak filtrowanie wed\u0142ug typu i g\u0142\u0119boko\u015bci indeksowania. Kluczowe korzy\u015bci obejmuj\u0105 mo\u017cliwo\u015b\u0107 ustalenia ca\u0142kowitej liczby adres\u00f3w URL witryny, zidentyfikowania zaindeksowanych stron, sprawdzenia duplikat\u00f3w, wykrycia b\u0142\u0119d\u00f3w i strategicznego rozmieszczenia link\u00f3w. Pulpit nawigacyjny centralizuje dane techniczne, prezentuj\u0105c przyjazny dla u\u017cytkownika interfejs do analizy ruchu i pe\u0142ny zestaw narz\u0119dzi SEO w celu poprawy ranking\u00f3w SERP.<\/p>\n<div id=\"par5\"><\/div>\n<p><div class=\"front__faq-block\"><div class=\"faq__block-title\">FAQ<\/div><div class=\"panel-group\" id=\"faq-accordion\" itemscope itemtype=\"https:\/\/schema.org\/FAQPage\" role=\"tablist\" aria-multiselectable=\"true\"><div class=\"panel\" itemscope itemtype=\"https:\/\/schema.org\/Question\" itemprop=\"mainEntity\">\n                            <div class=\"panel-heading\" id=\"headingFaq-1\">\n                                <div class=\"panel-title\" data-toggle=\"collapse\" aria-expanded=\"false\" href=\"#collapseFaq-1\">\n                                    <h3 itemprop=\"name\">Jaki jest g\u0142\u00f3wny cel wyszukiwarki Licznika Stron?<\/h3>\n                                <\/div>\n                            <\/div>\n                            <div id=\"collapseFaq-1\" class=\"panel-collapse collapse\" itemprop=\"acceptedAnswer\" itemscope itemtype=\"http:\/\/schema.org\/Answer\">\n                                <div class=\"panel-body\" itemprop=\"text\">G\u0142\u00f3wnym celem narz\u0119dzia online Page Counter jest zliczenie ca\u0142kowitej liczby adres\u00f3w URL w Twojej witrynie, pomoc w \u015bledzeniu, kt\u00f3re adresy URL s\u0105 indeksowane przez wyszukiwarki, identyfikacja duplikat\u00f3w tre\u015bci, wykrywanie wszelkich b\u0142\u0119d\u00f3w i zapewnianie wgl\u0105du do optymalizacji powi\u0105za\u0107 dystrybucj\u0119 kapita\u0142u.<\/div>\n                            <\/div>\n                        <\/div><div class=\"panel\" itemscope itemtype=\"https:\/\/schema.org\/Question\" itemprop=\"mainEntity\">\n                            <div class=\"panel-heading\" id=\"headingFaq-2\">\n                                <div class=\"panel-title\" data-toggle=\"collapse\" aria-expanded=\"false\" href=\"#collapseFaq-2\">\n                                    <h3 itemprop=\"name\">Jak sprawdzi\u0107 liczb\u0119 stron witryny internetowej?<\/h3>\n                                <\/div>\n                            <\/div>\n                            <div id=\"collapseFaq-2\" class=\"panel-collapse collapse\" itemprop=\"acceptedAnswer\" itemscope itemtype=\"http:\/\/schema.org\/Answer\">\n                                <div class=\"panel-body\" itemprop=\"text\">U\u017cyj narz\u0119dzia do liczenia artyku\u0142\u00f3w w witrynie, takiego jak Sitechecker, wpisuj\u0105c domen\u0119 witryny, aby uzyska\u0107 pe\u0142n\u0105 liczb\u0119 wszystkich jej adres\u00f3w URL.<\/div>\n                            <\/div>\n                        <\/div><div class=\"panel\" itemscope itemtype=\"https:\/\/schema.org\/Question\" itemprop=\"mainEntity\">\n                            <div class=\"panel-heading\" id=\"headingFaq-3\">\n                                <div class=\"panel-title\" data-toggle=\"collapse\" aria-expanded=\"false\" href=\"#collapseFaq-3\">\n                                    <h3 itemprop=\"name\">Jak liczy\u0107 adresy URL w witrynie internetowej?<\/h3>\n                                <\/div>\n                            <\/div>\n                            <div id=\"collapseFaq-3\" class=\"panel-collapse collapse\" itemprop=\"acceptedAnswer\" itemscope itemtype=\"http:\/\/schema.org\/Answer\">\n                                <div class=\"panel-body\" itemprop=\"text\">U\u017cyj narz\u0119dzia do sprawdzania liczby stron w witrynie, wprowadzaj\u0105c nazw\u0119 swojej domeny, aby automatycznie zliczy\u0107 adresy URL.<\/div>\n                            <\/div>\n                        <\/div><div class=\"panel\" itemscope itemtype=\"https:\/\/schema.org\/Question\" itemprop=\"mainEntity\">\n                            <div class=\"panel-heading\" id=\"headingFaq-4\">\n                                <div class=\"panel-title\" data-toggle=\"collapse\" aria-expanded=\"false\" href=\"#collapseFaq-4\">\n                                    <h3 itemprop=\"name\">Ile adres\u00f3w URL ma typowa witryna?<\/h3>\n                                <\/div>\n                            <\/div>\n                            <div id=\"collapseFaq-4\" class=\"panel-collapse collapse\" itemprop=\"acceptedAnswer\" itemscope itemtype=\"http:\/\/schema.org\/Answer\">\n                                <div class=\"panel-body\" itemprop=\"text\">Typowa witryna internetowa mo\u017ce mie\u0107 od kilku do setek adres\u00f3w URL, w zale\u017cno\u015bci od jej przeznaczenia i skali. Na przyk\u0142ad ma\u0142e firmy cz\u0119sto maj\u0105 mniej ni\u017c 20 adres\u00f3w URL, podczas gdy wi\u0119ksze witryny i witryny handlu elektronicznego mog\u0105 mie\u0107 setki, a nawet tysi\u0105ce stron internetowych.<\/div>\n                            <\/div>\n                        <\/div><\/div><\/div><\/p>","protected":false},"excerpt":{"rendered":"Co to jest narz\u0119dzie do sprawdzania numer\u00f3w stron internetowych? Licznik stron to narz\u0119dzie, kt\u00f3re pomaga policzy\u0107 liczb\u0119 adres\u00f3w URL w witrynie. Mo\u017ce by\u0107 przydatne do \u015bledzenia stanu indeksowania i identyfikowania wszelkich problem\u00f3w technicznych. Narz\u0119dzie licznika adres\u00f3w URL witryny Sitechecker jest \u0142atwe w u\u017cyciu i zapewnia szereg funkcji. Sitechecker mo\u017ce pom\u00f3c w nast\u0119puj\u0105cych kwestiach Okre\u015blenie ca\u0142kowitej&#8230;","protected":false},"author":10504980,"featured_media":7945,"parent":0,"menu_order":0,"comment_status":"closed","ping_status":"closed","template":"pages-templates\/pages-minitools.php","meta":[],"categories":[73],"tags":[],"_links":{"self":[{"href":"https:\/\/sitechecker.pro\/pl\/wp-json\/wp\/v2\/pages\/7885"}],"collection":[{"href":"https:\/\/sitechecker.pro\/pl\/wp-json\/wp\/v2\/pages"}],"about":[{"href":"https:\/\/sitechecker.pro\/pl\/wp-json\/wp\/v2\/types\/page"}],"author":[{"embeddable":true,"href":"https:\/\/sitechecker.pro\/pl\/wp-json\/wp\/v2\/users\/10504980"}],"replies":[{"embeddable":true,"href":"https:\/\/sitechecker.pro\/pl\/wp-json\/wp\/v2\/comments?post=7885"}],"version-history":[{"count":84,"href":"https:\/\/sitechecker.pro\/pl\/wp-json\/wp\/v2\/pages\/7885\/revisions"}],"predecessor-version":[{"id":35343,"href":"https:\/\/sitechecker.pro\/pl\/wp-json\/wp\/v2\/pages\/7885\/revisions\/35343"}],"wp:featuredmedia":[{"embeddable":true,"href":"https:\/\/sitechecker.pro\/pl\/wp-json\/wp\/v2\/media\/7945"}],"wp:attachment":[{"href":"https:\/\/sitechecker.pro\/pl\/wp-json\/wp\/v2\/media?parent=7885"}],"wp:term":[{"taxonomy":"category","embeddable":true,"href":"https:\/\/sitechecker.pro\/pl\/wp-json\/wp\/v2\/categories?post=7885"},{"taxonomy":"post_tag","embeddable":true,"href":"https:\/\/sitechecker.pro\/pl\/wp-json\/wp\/v2\/tags?post=7885"}],"curies":[{"name":"wp","href":"https:\/\/api.w.org\/{rel}","templated":true}]}}