{"id":7873,"date":"2019-09-05T12:25:47","date_gmt":"2019-09-05T12:25:47","guid":{"rendered":"https:\/\/sitechecker.pro\/?page_id=7873"},"modified":"2026-02-20T12:10:45","modified_gmt":"2026-02-20T12:10:45","slug":"similar-websites","status":"publish","type":"page","link":"https:\/\/sitechecker.pro\/pl\/similar-websites\/","title":{"rendered":"Wyszukiwarka podobnych witryn | Konieczno\u015b\u0107 badania rynku \u1408"},"content":{"rendered":"<p>Chcesz za\u0142o\u017cy\u0107 witryn\u0119, a w ramach badania rynku musisz wiedzie\u0107, kim s\u0105 Twoi konkurenci. Je\u015bli ta sytuacja jest podobna do twojej i nie masz poj\u0119cia, jak si\u0119 do tego zabra\u0107, to jeste\u015b we w\u0142a\u015bciwym miejscu. Mo\u017cesz to zrobi\u0107 do\u015b\u0107 \u0142atwo za pomoc\u0105 podobnej wyszukiwarki witryn; w tym artykule powiemy Ci wszystko, co musisz wiedzie\u0107 o tym, jak skutecznie z nich korzysta\u0107.<\/p>\n<h2>Co to jest wyszukiwarka podobnych witryn?<\/h2>\n<p><b>podobna witryna <\/b><b>wyszukiwarka <\/b>to narz\u0119dzie, za pomoc\u0105 kt\u00f3rego mo\u017cna znale\u017a\u0107 inne witryny, kt\u00f3re zawieraj\u0105 tre\u015bci podobne do Twojej. Narz\u0119dzia te s\u0105 dost\u0119pne u wielu dostawc\u00f3w, wielu z nich jest bezp\u0142atne. Korzystaj\u0105c z tych narz\u0119dzi, mo\u017cesz przeprowadzi\u0107 ankiet\u0119 w\u015br\u00f3d konkurent\u00f3w i dowiedzie\u0107 si\u0119 wi\u0119cej o tym, jak dzia\u0142aj\u0105, co robi\u0105 dobrze i co z nich uzyskuj\u0105 u\u017cytkownicy. Absorbuj\u0105c wszystkie te informacje i odpowiednio planuj\u0105c, b\u0119dziesz w stanie wydoby\u0107 to, co najlepsze od wszystkich konkurent\u00f3w i wyeliminowa\u0107 wszystko, co nie dzia\u0142a.<\/p>\n<p>Opr\u00f3cz pomagania w znajdowaniu podobnych witryn, <a href=\"https:\/\/sitechecker.pro\/\">Sitechecker<\/a> ma o wiele wi\u0119cej do zaoferowania. Obejrzyj ten film, aby dowiedzie\u0107 si\u0119 wi\u0119cej o naszych us\u0142ugach:<\/p>\n<p><iframe title=\"Odtwarzacz wideo YouTube\" src=\"https:\/\/www.youtube.com\/embed\/iQWrmE-J-yU\" width=\"770\" height=\"350\" frameborder=\"0\" allowfullscreen=\"allowfullscreen\"><\/iframe><\/p>\n<h2>Korzystanie z wyszukiwarki podobnych witryn<\/h2>\n<p>Dowiedz si\u0119, jak korzysta\u0107 z naszej podobnej wyszukiwarki witryn.<\/p>\n<h3>Krok 1: Wstaw domen\u0119<\/h3>\n<p>Po prostu we\u017a adres URL swojej witryny, wklej go w pasku wyszukiwania i kliknij strza\u0142k\u0119 skierowan\u0105 w prawo.<br \/>\n<div class=\"content__img-wrap\"><img src=\"https:\/\/sitechecker.pro\/wp-content\/uploads\/2022\/02\/Sitecheckers-similar-website-finder.jpg\" alt=\"Wyszukiwarka podobnych witryn Sitechecker\" class=\"description-img description-img-zoom\" loading=\"lazy\" ><\/div><\/p>\n<h3>Krok 2: Analiza wynik\u00f3w<\/h3>\n<p>Witryna potrwa kilka sekund, aby znale\u017a\u0107 wszystkie witryny podobne do Twojej i wy\u015bwietli\u0107 je jako list\u0119.<br \/>\n<div class=\"content__img-wrap\"><img src=\"https:\/\/sitechecker.pro\/wp-content\/uploads\/2022\/02\/Sitecheckers-similar-website-finder-Results.jpg\" alt=\"Wyszukiwarka podobnych witryn Sitechecker: Wyniki\" class=\"description-img description-img-zoom\" loading=\"lazy\" ><\/div><\/p>\n<h2>Przypadki, w kt\u00f3rych potrzebna jest wyszukiwarka podobnych witryn<\/h2>\n<p>Zanim stworzysz witryn\u0119 i zaczniesz publikowa\u0107 tre\u015bci, powiniene\u015b dowiedzie\u0107 si\u0119, czy Twoje przedsi\u0119wzi\u0119cie jest op\u0142acalne. Na przyk\u0142ad, czy my\u015blisz, \u017ce ktokolwiek skorzysta\u0142by z platformy do udost\u0119pniania film\u00f3w z funkcjami podobnymi do YouTube, gdyby YouTube ju\u017c istnia\u0142? Nie. Rzeczy takie jak TikTok i Vimeo dzia\u0142aj\u0105 tylko dlatego, \u017ce oferuj\u0105 u\u017cytkownikom r\u00f3\u017cne podej\u015bcia i unikalne funkcje.<\/p>\n<p>Podobnie, je\u015bli zaczynasz bloga, musisz wiedzie\u0107, kto ju\u017c produkuje tre\u015bci podobne do Twojej. Jakie tre\u015bci tworz\u0105? Jaka jest ich baza odbiorc\u00f3w? Takie informacje s\u0105 niezb\u0119dne, aby powiedzie\u0107 Ci, jakie s\u0105 szanse na sukces. Je\u015bli ci konkurenci maj\u0105 monopol na rynku, nie ma \u017cadnego zysku z p\u00f3j\u015bcia naprz\u00f3d.<\/p>\n<p>Z drugiej strony, je\u015bli masz siedzib\u0119 w swojej <a href=\"https:\/\/sitechecker.pro\/dental-seo-marketing-tool\/\" target=\"_blank\" rel=\"noopener noreferrer\">niszy<\/a> bran\u017cy, musisz zawsze wypatrywa\u0107 nowicjuszy i nowych przedsi\u0119wzi\u0119\u0107. Miej oko na to, czy nabieraj\u0105 pary i ci\u0119 doganiaj\u0105. W ka\u017cdym razie trzymanie r\u0119ki na pulsie rynku i zrozumienie, gdzie wiej\u0105 wiatry, jest oznak\u0105 dojrza\u0142ego tw\u00f3rcy tre\u015bci.<\/p>\n<p>Studiuj\u0105c alternatywy, mo\u017cesz dowiedzie\u0107 si\u0119, co dzia\u0142a \/ nie dzia\u0142a i znale\u017a\u0107 sposoby na popraw\u0119. W ten spos\u00f3b stajesz si\u0119 lepszy i osi\u0105gasz wy\u017cszy poziom.<br \/>\n    <div class=\"blog__conversion blog__conversion-app element__logged_out\">\n        <div class=\"blog__conversion-inner\">\n            <p class=\"title\">Dowiedz si\u0119 nie tylko informacji o podobnych witrynach, ale tak\u017ce obecno\u015bci na nich b\u0142\u0119d\u00f3w technicznych!<\/p>\n            <p class=\"description\">Przeprowad\u017a pe\u0142ny audyt, aby znale\u017a\u0107 i naprawi\u0107 wszystkie problemy na poziomie witryny i strony w Twojej witrynie.<\/p>\n            <form id=\"audit__form\"\n                  class=\"article__seo-search audit__form Przeprowad\u017a pe\u0142ny audyt, aby znale\u017a\u0107 i naprawi\u0107 wszystkie problemy na poziomie witryny i strony w Twojej witrynie.\"\n                  action=\"\"\n                  method=\"POST\"\n                  autocomplete=\"off\">\n                <span class=\"error\"><\/span>\n                <div class=\"error__limits\">Something went wrong. Please, try again later.<\/div>\n                <input name=\"url\"\n                       type=\"text\"\n                       placeholder=\"Wprowad\u017a tutaj swoj\u0105 domen\u0119\">\n                                <button type=\"submit\"\n                        class=\"sitechecker__text\">\n                    <span>Uruchom audyt<\/span>\n                    <img src=\"\/wp-content\/themes\/sitechecker\/out\/img_design\/loading.svg\"\n                         width=\"31\"\n                         height=\"30\"\n                         class=\"loading\">\n                <\/button>\n            <\/form>\n        <\/div>\n    <\/div>\n    <\/p>\n<h2>Jak analizowa\u0107 podobne witryny<\/h2>\n<p>Wiesz ju\u017c, jak znale\u017a\u0107 wiele podobnych witryn, ale co zrobi\u0107 po ich znalezieniu? Oczywi\u015bcie, studiujesz je! To m\u0105dra rzecz i powiniene\u015b sprawdza\u0107 firmy, kt\u00f3re z tob\u0105 konkuruj\u0105. Mo\u017cesz si\u0119 za\u0142o\u017cy\u0107, \u017ce zrobi\u0105 to samo z tob\u0105.<\/p>\n<p>Ale czego szukasz?<\/p>\n<ul>\n<li>Jaka jest struktura witryny dost\u0119pnych alternatyw? Czy jest podobny do twojego? Lepszy? Jakich element\u00f3w strony u\u017cywaj\u0105, a kt\u00f3rych Ty nie i na odwr\u00f3t? Co mo\u017cesz ulepszy\u0107?<\/li>\n<li>Ile trafie\u0144 otrzymuj\u0105 codziennie? Kt\u00f3re z nich dzia\u0142aj\u0105 lepiej? Jaka jest ich wydajno\u015b\u0107 w por\u00f3wnaniu z tob\u0105? Co robi\u0105 inaczej?<\/li>\n<li>Jakiego rodzaju link\u00f3w zwrotnych u\u017cywaj\u0105? Jakie us\u0142ugi pojawiaj\u0105 si\u0119 najcz\u0119\u015bciej? Czy odnosz\u0105 si\u0119 do czego\u015b, czym nie jeste\u015b? Czy zawieraj\u0105 linki do rzeczy, kt\u00f3re ju\u017c robisz?<\/li>\n<li>Jakie s\u0105 ich s\u0142owa kluczowe? Jaka jest ich czytelno\u015b\u0107? Przeprowad\u017a ich witryny przez narz\u0119dzie do sprawdzania SEO i uzyskaj z nich jak najwi\u0119cej.<\/li>\n<\/ul>\n<h3>Korzystanie z narz\u0119dzia do sprawdzania ruchu w witrynie w celu lepszej analizy<\/h3>\n<p>Do analizy mo\u017cesz r\u00f3wnie\u017c skorzysta\u0107 z naszego narz\u0119dzia, kt\u00f3re sprawdza ruch na stronie. <a href=\"https:\/\/sitechecker.pro\/traffic-checker\/\">kontroler ruchu w witrynie <\/a> robi dok\u0142adnie to, co m\u00f3wi: oblicza du\u017co danych zwi\u0105zanych z ruchem. Na przyk\u0142ad, je\u015bli uruchomisz adres URL przez narz\u0119dzie do sprawdzania ruchu w witrynie, sprawdzisz:<\/p>\n<ol>\n<li>Tylko, ile ruchu ta strona uzyska\u0142a w ci\u0105gu co najmniej kilku miesi\u0119cy<\/li>\n<li>Jak du\u017cy ruch jest generowany z r\u00f3\u017cnych kraj\u00f3w<\/li>\n<li>Jaka ilo\u015b\u0107 ruchu jest generowana przez r\u00f3\u017cne kana\u0142y: bezp\u0142atne wyniki wyszukiwania, skierowania, wyszukiwanie bezpo\u015brednie itp.<\/li>\n<li>Najpopularniejsze s\u0142owa kluczowe u\u017cywane w witrynie, zar\u00f3wno w spos\u00f3b organiczny, jak i p\u0142atny<\/li>\n<\/ol>\n<p><div class=\"content__img-wrap\"><img src=\"https:\/\/sitechecker.pro\/wp-content\/uploads\/2022\/02\/Sitecheckers-traffic-checker.jpg\" alt=\"Sprawd\u017a ruch za pomoc\u0105 naszego narz\u0119dzia\" class=\"description-img description-img-zoom\" loading=\"lazy\" ><\/div><br \/>\n<div class=\"content__img-wrap\"><img src=\"https:\/\/sitechecker.pro\/wp-content\/uploads\/2022\/02\/Sitecheckers-traffic-checker-Result-1.jpg\" alt=\"Kontroler ruchu: Wyniki\" class=\"description-img description-img-zoom\" loading=\"lazy\" ><\/div><br \/>\n<div class=\"content__img-wrap\"><img src=\"https:\/\/sitechecker.pro\/wp-content\/uploads\/2022\/02\/Sitecheckers-traffic-checker-Result-2.jpg\" alt=\"Wyniki narz\u0119dzia (cd.)\" class=\"description-img description-img-zoom\" loading=\"lazy\" ><\/div><\/p>\n<p>Ju\u017c za kilka chwil b\u0119dziesz mie\u0107 wszystkie te dane na wyci\u0105gni\u0119cie r\u0119ki. Je\u015bli uruchomisz wszystkie podobne witryny, kt\u00f3re znalaz\u0142e\u015b za pomoc\u0105 tego narz\u0119dzia do sprawdzania ruchu, b\u0119dziesz mie\u0107 podobne dane dotycz\u0105ce wszystkich konkurent\u00f3w. Dowiesz si\u0119, w jakich niszach pracuj\u0105, sk\u0105d pochodzi ich ruch i jak ruch w ich witrynie wypada na tle Twojej. To \u015bwietne narz\u0119dzie do analizy rynku internetowego i dostosowywania strategii do tych wyzwa\u0144.<\/p>\n<h3>Audyt Sitechecker i amp; Analiza konkurencji na stronie<\/h3>\n<p>Audyt SEO to narz\u0119dzie, kt\u00f3re pokazuje, jak dobrze sobie radzisz z SEO i co mo\u017cesz poprawi\u0107. Celem jest doprowadzenie Twojej witryny na szczyt wynik\u00f3w wyszukiwania Google. To narz\u0119dzie pomo\u017ce Ci w tym zarz\u0105dza\u0107, sprawdzaj\u0105c ca\u0142\u0105 witryn\u0119 i strony \u2013 a tak\u017ce strony konkurencji, je\u015bli tak zdecydujesz \u2013 i daj\u0105c Ci szczeg\u00f3\u0142owy raport na temat wszystkiego, co dla nich maj\u0105. Mo\u017cesz uruchomi\u0107 nasze bezp\u0142atne <a href=\"https:\/\/sitechecker.pro\/on-page-seo-checker\/\">na stronie narz\u0119dzie do sprawdzania SEO<\/a> lub <a href=\"https:\/\/chrome.google .com\/webstore\/detail\/website-seo-checker-free\/nljcdkjpjnhlilgepggmmagnmebhadnk\">Sprawdzanie SEO witryn internetowych Google<\/a>.<\/p>\n<h3>Sitechecker Sprawdzanie link\u00f3w zwrotnych do analizy konkurencji<\/h3>\n<p>Potrzebujesz <a href=\"https:\/\/sitechecker.pro\/backlinks-checker\/\">kontrolera link\u00f3w zwrotnych<\/a>, aby upewni\u0107 si\u0119, \u017ce linki zwrotne s\u0105 u\u017cywane przez witryny, kt\u00f3re uzyskuj\u0105 du\u017cy ruch, i usun\u0105\u0107 je z witryn, kt\u00f3re nie s\u0105 ju\u017c istotne. Analizuj\u0105c w ten spos\u00f3b swoich konkurent\u00f3w, zyskujesz wgl\u0105d w ich wyniki i wiesz, co robi\u0107, czego unika\u0107 oraz z jakich s\u0142\u00f3w kluczowych, kotwic i tag\u00f3w powiniene\u015b korzysta\u0107.<br \/>\n<div class=\"content__img-wrap\"><img src=\"https:\/\/sitechecker.pro\/wp-content\/uploads\/2022\/02\/Sitecheckers-backlink-checker.jpg\" alt=\"Sprawd\u017a linki zwrotne za pomoc\u0105 naszego narz\u0119dzia\" class=\"description-img description-img-zoom\" loading=\"lazy\" ><\/div><\/p>\n<div class=\"content__img-wrap\"><img src=\"https:\/\/sitechecker.pro\/wp-content\/uploads\/2022\/02\/Sitecheckers-backlink-checker-Results-2.jpg\" alt=\"Sprawd\u017a linki wsteczne za pomoc\u0105 naszego narz\u0119dzia - Wyniki\" class=\"description-img description-img-zoom\" loading=\"lazy\" ><\/div>\n<p><div class=\"front__faq-block\"><div class=\"faq__block-title\">FAQ<\/div><div class=\"panel-group\" id=\"faq-accordion\" itemscope itemtype=\"https:\/\/schema.org\/FAQPage\" role=\"tablist\" aria-multiselectable=\"true\"><div class=\"panel\" itemscope itemtype=\"https:\/\/schema.org\/Question\" itemprop=\"mainEntity\">\n                            <div class=\"panel-heading\" id=\"headingFaq-1\">\n                                <div class=\"panel-title\" data-toggle=\"collapse\" aria-expanded=\"false\" href=\"#collapseFaq-1\">\n                                    <h3 itemprop=\"name\">Jak znale\u017a\u0107 podobne witryny w Google?<\/h3>\n                                <\/div>\n                            <\/div>\n                            <div id=\"collapseFaq-1\" class=\"panel-collapse collapse\" itemprop=\"acceptedAnswer\" itemscope itemtype=\"http:\/\/schema.org\/Answer\">\n                                <div class=\"panel-body\" itemprop=\"text\">Mo\u017cesz u\u017cy\u0107 powi\u0105zanego operatora, aby znale\u017a\u0107 podobne witryny w Google. Aby to zrobi\u0107, wpisz related: sitename.com w pasku adresu i naci\u015bnij Enter.<\/div>\n                            <\/div>\n                        <\/div><div class=\"panel\" itemscope itemtype=\"https:\/\/schema.org\/Question\" itemprop=\"mainEntity\">\n                            <div class=\"panel-heading\" id=\"headingFaq-2\">\n                                <div class=\"panel-title\" data-toggle=\"collapse\" aria-expanded=\"false\" href=\"#collapseFaq-2\">\n                                    <h3 itemprop=\"name\">Jak podobne witryny korzystaj\u0105 z rozszerze\u0144?<\/h3>\n                                <\/div>\n                            <\/div>\n                            <div id=\"collapseFaq-2\" class=\"panel-collapse collapse\" itemprop=\"acceptedAnswer\" itemscope itemtype=\"http:\/\/schema.org\/Answer\">\n                                <div class=\"panel-body\" itemprop=\"text\">Za ka\u017cdym razem, gdy odwiedzasz witryn\u0119, mo\u017cesz klikn\u0105\u0107 kart\u0119 rozszerzenia w Chrome, aby znale\u017a\u0107 inne witryny zwi\u0105zane z w\u0142a\u015bnie odwiedzonym wyszukiwaniem.<\/div>\n                            <\/div>\n                        <\/div><div class=\"panel\" itemscope itemtype=\"https:\/\/schema.org\/Question\" itemprop=\"mainEntity\">\n                            <div class=\"panel-heading\" id=\"headingFaq-3\">\n                                <div class=\"panel-title\" data-toggle=\"collapse\" aria-expanded=\"false\" href=\"#collapseFaq-3\">\n                                    <h3 itemprop=\"name\">Co to jest podobne wyszukiwanie?<\/h3>\n                                <\/div>\n                            <\/div>\n                            <div id=\"collapseFaq-3\" class=\"panel-collapse collapse\" itemprop=\"acceptedAnswer\" itemscope itemtype=\"http:\/\/schema.org\/Answer\">\n                                <div class=\"panel-body\" itemprop=\"text\">Znasz te osiem lub wi\u0119cej wynik\u00f3w wyszukiwania na samym dole strony wynik\u00f3w wyszukiwania Google? S\u0105 to wyszukiwania powi\u0105zane i s\u0105 generowane przez Google na podstawie algorytmu wyszukiwarki, aby pom\u00f3c Ci znale\u017a\u0107 wi\u0119cej powi\u0105zanych rzeczy do wyszukiwania.<\/div>\n                            <\/div>\n                        <\/div><\/div><\/div><\/p>","protected":false},"excerpt":{"rendered":"Chcesz za\u0142o\u017cy\u0107 witryn\u0119, a w ramach badania rynku musisz wiedzie\u0107, kim s\u0105 Twoi konkurenci. Je\u015bli ta sytuacja jest podobna do twojej i nie masz poj\u0119cia, jak si\u0119 do tego zabra\u0107, to jeste\u015b we w\u0142a\u015bciwym miejscu. Mo\u017cesz to zrobi\u0107 do\u015b\u0107 \u0142atwo za pomoc\u0105 podobnej wyszukiwarki witryn; w tym artykule powiemy Ci wszystko, co musisz wiedzie\u0107 o&#8230;","protected":false},"author":10504980,"featured_media":7956,"parent":0,"menu_order":0,"comment_status":"closed","ping_status":"closed","template":"pages-templates\/pages-minitools-2.php","meta":[],"categories":[75],"tags":[],"_links":{"self":[{"href":"https:\/\/sitechecker.pro\/pl\/wp-json\/wp\/v2\/pages\/7873"}],"collection":[{"href":"https:\/\/sitechecker.pro\/pl\/wp-json\/wp\/v2\/pages"}],"about":[{"href":"https:\/\/sitechecker.pro\/pl\/wp-json\/wp\/v2\/types\/page"}],"author":[{"embeddable":true,"href":"https:\/\/sitechecker.pro\/pl\/wp-json\/wp\/v2\/users\/10504980"}],"replies":[{"embeddable":true,"href":"https:\/\/sitechecker.pro\/pl\/wp-json\/wp\/v2\/comments?post=7873"}],"version-history":[{"count":18,"href":"https:\/\/sitechecker.pro\/pl\/wp-json\/wp\/v2\/pages\/7873\/revisions"}],"predecessor-version":[{"id":39391,"href":"https:\/\/sitechecker.pro\/pl\/wp-json\/wp\/v2\/pages\/7873\/revisions\/39391"}],"wp:featuredmedia":[{"embeddable":true,"href":"https:\/\/sitechecker.pro\/pl\/wp-json\/wp\/v2\/media\/7956"}],"wp:attachment":[{"href":"https:\/\/sitechecker.pro\/pl\/wp-json\/wp\/v2\/media?parent=7873"}],"wp:term":[{"taxonomy":"category","embeddable":true,"href":"https:\/\/sitechecker.pro\/pl\/wp-json\/wp\/v2\/categories?post=7873"},{"taxonomy":"post_tag","embeddable":true,"href":"https:\/\/sitechecker.pro\/pl\/wp-json\/wp\/v2\/tags?post=7873"}],"curies":[{"name":"wp","href":"https:\/\/api.w.org\/{rel}","templated":true}]}}