{"id":7871,"date":"2019-09-05T12:15:59","date_gmt":"2019-09-05T12:15:59","guid":{"rendered":"https:\/\/sitechecker.pro\/?page_id=7871"},"modified":"2024-10-28T16:12:31","modified_gmt":"2024-10-28T16:12:31","slug":"directory-scanner","status":"publish","type":"page","link":"https:\/\/sitechecker.pro\/pl\/directory-scanner\/","title":{"rendered":"Skaner katalog\u00f3w Witryn: Wy\u015bwietl Ukryte Pliki \u1408"},"content":{"rendered":"<p><\/p>\n<h2 id=\"par1\">Co to jest skaner katalog\u00f3w witryn internetowych?<\/h2>\n<p>Darmowy skaner katalog\u00f3w stron internetowych udost\u0119pniany przez Sitechecker to narz\u0119dzie przeznaczone do skanowania <a href=\"https:\/\/sitechecker.pro\/what-is-directory-website\/\" target=\"_blank\" rel=\"noopener noreferrer\">katalog\u00f3w witryn <\/a> i poufne pliki. Proces ten ma kluczowe znaczenie dla wykrywania poufnych lub ukrytych katalog\u00f3w w witrynie internetowej. Mo\u017ce skanowa\u0107 listy katalog\u00f3w online i znajdowa\u0107 pliki takie jak PHP, Robots.txt i inne poufne informacje.<\/p>\n<h3>Korzy\u015bci wynikaj\u0105ce z korzystania ze skanera katalog\u00f3w witryn online<\/h3>\n<p><strong>Dok\u0142adne wykrywanie hierarchii witryny: <\/strong>Skaner przeszukuje serwer sieciowy i oferuje podzielony widok hierarchii witryny, dziel\u0105c j\u0105 na \u0142atwe do zarz\u0105dzania sekcje, aby usprawni\u0107 nadz\u00f3r nad katalogami.<\/p>\n<p><strong>Wykrywanie brak\u00f3w w katalogach: <\/strong>Wyszukiwarka podkatalog\u00f3w umo\u017cliwia u\u017cytkownikom odnalezienie okre\u015blonego katalogu w witrynie oraz zidentyfikowanie i naprawienie konkretnych niedoci\u0105gni\u0119\u0107 w r\u00f3\u017cnych katalogach.<\/p>\n<p><strong>Inspekcja dostosowana do potrzeb: <\/strong>u\u017cytkownicy mog\u0105 dostosowa\u0107 swoj\u0105 analiz\u0119 za pomoc\u0105 pe\u0142nego zakresu filtr\u00f3w i ustawie\u0144, zapewniaj\u0105c szczeg\u00f3\u0142owe badanie element\u00f3w strukturalnych witryny, kt\u00f3re s\u0105 zgodne z ich celami SEO.<\/p>\n<h3>Kluczowe funkcje narz\u0119dzia do wyszukiwania katalog\u00f3w witryn<\/h3>\n<ul>\n<li><strong>Ujednolicony pulpit nawigacyjny: <\/strong>oferuje kompleksowy widok wska\u017anik\u00f3w SEO, takich jak ruch, s\u0142owa kluczowe i linki zwrotne, wykorzystuj\u0105c dane z Google Search Console i Google Analytics w celu uzyskania szczeg\u00f3\u0142owych informacji.<\/li>\n<li><strong>Przyjazny dla u\u017cytkownika interfejs: <\/strong>Zaprojektowany z my\u015bl\u0105 o \u0142atwo\u015bci u\u017cytkowania, umo\u017cliwiaj\u0105cy p\u0142ynn\u0105 nawigacj\u0119 i interpretacj\u0119 wska\u017anik\u00f3w witryny, jest odpowiedni dla u\u017cytkownik\u00f3w na ka\u017cdym poziomie technicznym.<\/li>\n<li><strong>Kompletny zestaw narz\u0119dzi SEO: <\/strong>zawiera r\u00f3\u017cnorodne narz\u0119dzia, takie jak przeszukiwanie witryny, monitorowanie witryny, modu\u0142 \u015bledzenia ranking\u00f3w i inne, umo\u017cliwiaj\u0105ce szczeg\u00f3\u0142ow\u0105 analiz\u0119 i optymalizacj\u0119 SEO oraz integrowanie danych z r\u00f3\u017cnych \u017ar\u00f3de\u0142 w celu uzyskania ca\u0142o\u015bciowego spojrzenia wydajno\u015bci SEO.<\/li>\n<\/ul>\n<h2 id=\"par2\">Jak efektywnie korzysta\u0107 ze skanera katalog\u00f3w online?<\/h2>\n<div class=\"content__img-wrap\"><img src=\"https:\/\/sitechecker.pro\/wp-content\/uploads\/2023\/11\/website-directory-scanner_655e1a56a5d9b.png\" alt=\"Skaner katalog\u00f3w witryn internetowych\" class=\"description-img description-img-zoom\" loading=\"lazy\" ><\/div>\n<div class=\"important-block\">Aby otrzyma\u0107 wyniki i dost\u0119p do funkcji Sitecheckera przez 14 dni, rozpocznij DARMOWY okres pr\u00f3bny. Rejestracja jest \u0142atwa za pomoc\u0105 konta e-mail, konta Google lub Facebooka. Nie jest wymagana \u017cadna karta kredytowa.<\/div>\n<p>Audyt witryny zapewnia kompleksowy interfejs do oceny SEO witryny, obejmuj\u0105cy informacje o domenie szybkiego dost\u0119pu, pulpit nawigacyjny ze wska\u017anikami SEO, narz\u0119dzie do \u015bledzenia problem\u00f3w zwi\u0105zanych z SEO, menu problem\u00f3w podzielone na kategorie w celu ustalenia priorytet\u00f3w oraz interaktywne elementy do dog\u0142\u0119bnej analizy i raportowania. Kliknij przycisk \u201eWy\u015bwietl wszystkie strony\u201d, aby wy\u015bwietli\u0107 ekran zawieraj\u0105cy list\u0119 wszystkich folder\u00f3w i podfolder\u00f3w Twojej witryny.<\/p>\n<div class=\"content__img-wrap\"><img src=\"https:\/\/sitechecker.pro\/wp-content\/uploads\/2023\/11\/directory-scanner-view-all-pages.png\" alt=\"Skaner katalog\u00f3w Wy\u015bwietl wszystkie strony\" class=\"description-img description-img-zoom\" loading=\"lazy\" ><\/div>\n<p>Wyszukiwarka ukrytych stron WWW zosta\u0142a zaprojektowana z my\u015bl\u0105 o \u0142atwo\u015bci u\u017cytkowania, umo\u017cliwiaj\u0105c zar\u00f3wno ekspertom SEO, jak i nowicjuszom skuteczn\u0105 ocen\u0119 i popraw\u0119 potencja\u0142u rankingowego ich witryny w wyszukiwarkach.<\/p>\n<p>Skaner katalog\u00f3w URL oferuje usprawniony interfejs do analizy struktury folder\u00f3w witryny:<\/p>\n<ul>\n<li>Przedstawia analiz\u0119 skupion\u0105 na folderach, z naciskiem na kart\u0119 \u201eStrony wed\u0142ug folder\u00f3w\u201d, kt\u00f3ra kategoryzuje strony internetowe na podstawie ich \u015bcie\u017cek do podfolder\u00f3w, pomagaj\u0105c organizowa\u0107 du\u017ce pliki i ustala\u0107 priorytety dzia\u0142a\u0144 SEO.<\/li>\n<li>Ta karta umo\u017cliwia szybki wgl\u0105d w architektur\u0119 witryny, sortowanie stron w folderach takich jak \u201e\/shop\/\u201d lub \u201e\/cart\/\u201d oraz umo\u017cliwia u\u017cytkownikom identyfikowanie i sortowanie problem\u00f3w wed\u0142ug ich wagi lub typu, podkre\u015blaj\u0105c w ten spos\u00f3b zdolno\u015b\u0107 narz\u0119dzia do analizowania i wy\u015bwietlania struktury witryny w celach optymalizacji.<\/li>\n<\/ul>\n<div class=\"content__img-wrap\"><img src=\"https:\/\/sitechecker.pro\/wp-content\/uploads\/2023\/11\/pages-by-folder.png\" alt=\"Strony skanera katalog\u00f3w wed\u0142ug folderu\" class=\"description-img description-img-zoom\" loading=\"lazy\" ><\/div>\n<p>Wyszukiwarka podfolder\u00f3w witryn usprawnia zarz\u0105dzanie SEO, skanuj\u0105c struktur\u0119 folder\u00f3w witryny, sortuj\u0105c listy folder\u00f3w w oddzielnych katalogach i opcjonalnie u\u0142atwiaj\u0105c ukierunkowan\u0105 analiz\u0119 sekcji witryny.<\/p>\n<div class=\"content__img-wrap\"><img src=\"https:\/\/sitechecker.pro\/wp-content\/uploads\/2023\/11\/data-display-options.png\" alt=\"Opcje wy\u015bwietlania danych skanera katalog\u00f3w\" class=\"description-img description-img-zoom\" loading=\"lazy\" ><\/div>\n<p>Ponadto skaner folder\u00f3w witryny internetowej zawiera szczeg\u00f3\u0142owe informacje na temat metryk i problem\u00f3w, oferuj\u0105c jednocze\u015bnie opcje dostosowywania wy\u015bwietlania danych. Ta funkcja jest kluczowa dla efektywnej struktury plik\u00f3w witryny, organizacji projektu i optymalizacji SEO.<\/p>\n<h2 id=\"par3\">Ostateczny pomys\u0142<\/h2>\n<p>Narz\u0119dzie Directory Finder Online firmy Sitechecker jest niezb\u0119dne do dog\u0142\u0119bnej analizy struktury witryny i optymalizacji SEO. Doskonale radzi sobie z ujawnianiem zar\u00f3wno widocznych, jak i ukrytych katalog\u00f3w witryn, umo\u017cliwiaj\u0105c szczeg\u00f3\u0142owy wgl\u0105d w architektur\u0119 witryny. Dzi\u0119ki funkcjom takim jak dok\u0142adne wykrywanie hierarchii, ulepszenia SEO dotycz\u0105ce poszczeg\u00f3lnych folder\u00f3w i konfigurowalne inspekcje, jest przeznaczony zar\u00f3wno dla ekspert\u00f3w, jak i nowicjuszy w ulepszaniu SEO witryny. Przyjazny dla u\u017cytkownika interfejs Website Directory Viewer w po\u0142\u0105czeniu z kompleksowym zestawem narz\u0119dzi SEO sprawia, \u017ce jest to cenny atut w skutecznym zarz\u0105dzaniu witryn\u0105 i optymalizacji.<\/p>\n<div id=\"par4\"><\/div>\n<p><div class=\"front__faq-block\"><div class=\"faq__block-title\">FAQ<\/div><div class=\"panel-group\" id=\"faq-accordion\" itemscope itemtype=\"https:\/\/schema.org\/FAQPage\" role=\"tablist\" aria-multiselectable=\"true\"><div class=\"panel\" itemscope itemtype=\"https:\/\/schema.org\/Question\" itemprop=\"mainEntity\">\n                            <div class=\"panel-heading\" id=\"headingFaq-1\">\n                                <div class=\"panel-title\" data-toggle=\"collapse\" aria-expanded=\"false\" href=\"#collapseFaq-1\">\n                                    <h3 itemprop=\"name\">Czy narz\u0119dzie Skaner drzewa witryn internetowych mo\u017ce zidentyfikowa\u0107 wszystkie typy znajdowania ukrytych plik\u00f3w na stronie internetowej?<\/h3>\n                                <\/div>\n                            <\/div>\n                            <div id=\"collapseFaq-1\" class=\"panel-collapse collapse\" itemprop=\"acceptedAnswer\" itemscope itemtype=\"http:\/\/schema.org\/Answer\">\n                                <div class=\"panel-body\" itemprop=\"text\">Wyszukiwarka katalog\u00f3w s\u0142u\u017cy do wyszukiwania r\u00f3\u017cnych ukrytych plik\u00f3w, w tym PHP i Robots.txt. Jednak mo\u017ce nie wykry\u0107 ka\u017cdego rodzaju ukrytego pliku, w zale\u017cno\u015bci od konfiguracji witryny i \u015brodk\u00f3w bezpiecze\u0144stwa.<\/div>\n                            <\/div>\n                        <\/div><div class=\"panel\" itemscope itemtype=\"https:\/\/schema.org\/Question\" itemprop=\"mainEntity\">\n                            <div class=\"panel-heading\" id=\"headingFaq-2\">\n                                <div class=\"panel-title\" data-toggle=\"collapse\" aria-expanded=\"false\" href=\"#collapseFaq-2\">\n                                    <h3 itemprop=\"name\">Co to jest fuzzer adres\u00f3w URL?<\/h3>\n                                <\/div>\n                            <\/div>\n                            <div id=\"collapseFaq-2\" class=\"panel-collapse collapse\" itemprop=\"acceptedAnswer\" itemscope itemtype=\"http:\/\/schema.org\/Answer\">\n                                <div class=\"panel-body\" itemprop=\"text\">To jest akcja wykrywania, kt\u00f3ra pozwala odkry\u0107 zasoby, kt\u00f3re nie powinny by\u0107 publiczne (np. \/backups, \/index.php.old, \/archive.tgz, \/source_code.zip itd.).<\/div>\n                            <\/div>\n                        <\/div><div class=\"panel\" itemscope itemtype=\"https:\/\/schema.org\/Question\" itemprop=\"mainEntity\">\n                            <div class=\"panel-heading\" id=\"headingFaq-3\">\n                                <div class=\"panel-title\" data-toggle=\"collapse\" aria-expanded=\"false\" href=\"#collapseFaq-3\">\n                                    <h3 itemprop=\"name\">Czy fa\u0142szowanie adres\u00f3w URL jest nielegalne?<\/h3>\n                                <\/div>\n                            <\/div>\n                            <div id=\"collapseFaq-3\" class=\"panel-collapse collapse\" itemprop=\"acceptedAnswer\" itemscope itemtype=\"http:\/\/schema.org\/Answer\">\n                                <div class=\"panel-body\" itemprop=\"text\">Zdecydowanie zalecamy, aby nie uruchamia\u0107 program\u00f3w test\u00f3w penetracyjnych w witrynie innej osoby bez pisemnej zgody webmastera. Mo\u017ce to mie\u0107 dla Ciebie niepo\u017c\u0105dane konsekwencje, w zale\u017cno\u015bci od przepis\u00f3w dotycz\u0105cych cyberbezpiecze\u0144stwa obowi\u0105zuj\u0105cych w Twoim kraju.<\/div>\n                            <\/div>\n                        <\/div><\/div><\/div><\/p>","protected":false},"excerpt":{"rendered":"Co to jest skaner katalog\u00f3w witryn internetowych? Darmowy skaner katalog\u00f3w stron internetowych udost\u0119pniany przez Sitechecker to narz\u0119dzie przeznaczone do skanowania katalog\u00f3w witryn i poufne pliki. Proces ten ma kluczowe znaczenie dla wykrywania poufnych lub ukrytych katalog\u00f3w w witrynie internetowej. Mo\u017ce skanowa\u0107 listy katalog\u00f3w online i znajdowa\u0107 pliki takie jak PHP, Robots.txt i inne poufne informacje&#8230;.","protected":false},"author":10504980,"featured_media":8390,"parent":0,"menu_order":0,"comment_status":"closed","ping_status":"closed","template":"pages-templates\/pages-minitools.php","meta":[],"categories":[73],"tags":[],"_links":{"self":[{"href":"https:\/\/sitechecker.pro\/pl\/wp-json\/wp\/v2\/pages\/7871"}],"collection":[{"href":"https:\/\/sitechecker.pro\/pl\/wp-json\/wp\/v2\/pages"}],"about":[{"href":"https:\/\/sitechecker.pro\/pl\/wp-json\/wp\/v2\/types\/page"}],"author":[{"embeddable":true,"href":"https:\/\/sitechecker.pro\/pl\/wp-json\/wp\/v2\/users\/10504980"}],"replies":[{"embeddable":true,"href":"https:\/\/sitechecker.pro\/pl\/wp-json\/wp\/v2\/comments?post=7871"}],"version-history":[{"count":87,"href":"https:\/\/sitechecker.pro\/pl\/wp-json\/wp\/v2\/pages\/7871\/revisions"}],"predecessor-version":[{"id":33994,"href":"https:\/\/sitechecker.pro\/pl\/wp-json\/wp\/v2\/pages\/7871\/revisions\/33994"}],"wp:featuredmedia":[{"embeddable":true,"href":"https:\/\/sitechecker.pro\/pl\/wp-json\/wp\/v2\/media\/8390"}],"wp:attachment":[{"href":"https:\/\/sitechecker.pro\/pl\/wp-json\/wp\/v2\/media?parent=7871"}],"wp:term":[{"taxonomy":"category","embeddable":true,"href":"https:\/\/sitechecker.pro\/pl\/wp-json\/wp\/v2\/categories?post=7871"},{"taxonomy":"post_tag","embeddable":true,"href":"https:\/\/sitechecker.pro\/pl\/wp-json\/wp\/v2\/tags?post=7871"}],"curies":[{"name":"wp","href":"https:\/\/api.w.org\/{rel}","templated":true}]}}