{"id":7844,"date":"2024-02-16T11:17:04","date_gmt":"2024-02-16T11:17:04","guid":{"rendered":"https:\/\/sitechecker.pro\/?page_id=7844"},"modified":"2026-01-16T18:54:47","modified_gmt":"2026-01-16T18:54:47","slug":"domain-to-ip","status":"publish","type":"page","link":"https:\/\/sitechecker.pro\/pl\/domain-to-ip\/","title":{"rendered":"Konwerter domeny na IP | Konwertuj adres URL witryny na adres IP \u2611"},"content":{"rendered":"<p><\/p>\n<h2 id=\"par1\">Czym jest konwerter nazwy domeny na adres IP?<\/h2>\n<p>Konwerter URL na adres IP od <a href=\"https:\/\/sitechecker.pro\/\" target=\"_blank\" rel=\"noopener noreferrer\">Sitechecker<\/a> to narz\u0119dzie, kt\u00f3re identyfikuje adres IP dowolnej nazwy domeny. Po wpisaniu adresu URL domeny narz\u0119dzie ustala jej adres IP serwera, co pomaga zrozumie\u0107, gdzie strona jest hostowana, jak jest skonfigurowana oraz umo\u017cliwia przeprowadzanie bardziej zaawansowanych kontroli technicznych i bezpiecze\u0144stwa.<\/p>\n<h3>Jak narz\u0119dzie mo\u017ce Ci pom\u00f3c<\/h3>\n<p><strong>Konwersja domeny na IP: <\/strong>natychmiast ustala adres IP powi\u0105zany z domen\u0105 i pokazuje, gdzie strona jest hostowana.<\/p>\n<p><strong>Potwierdzenie w\u0142asno\u015bci strony: <\/strong>pomaga zweryfikowa\u0107, czy strona nale\u017cy do Ciebie, i kieruje do w\u0142a\u015bciwego procesu \u2013 szczeg\u00f3\u0142owych danych domeny dla Twojej w\u0142asnej strony lub raportu bezpiecze\u0144stwa dla stron zewn\u0119trznych.<\/p>\n<p><strong>Sprawdzenie podstawowego bezpiecze\u0144stwa i konfiguracji serwera: <\/strong>identyfikuje problemy z konfiguracj\u0105 serwera, potencjalne podatno\u015bci i zapewnia dost\u0119p do bardziej szczeg\u00f3\u0142owej <a href=\"https:\/\/sitechecker.pro\/website-safety\/\" target=\"_blank\" rel=\"noopener noreferrer\">analizy bezpiecze\u0144stwa<\/a>.<\/p>\n<h3>Kluczowe funkcje narz\u0119dzia<\/h3>\n<p><strong>Jednolity panel: <\/strong>oferuje scentralizowany pulpit nawigacyjny, kt\u00f3ry zapewnia kompleksowy przegl\u0105d wydajno\u015bci SEO Twojej strony. Panel ten agreguje dane z r\u00f3\u017cnych analiz oraz <a href=\"https:\/\/sitechecker.pro\/website-monitoring\/\" target=\"_blank\" rel=\"noopener noreferrer\">monitoringu SEO<\/a>, prezentuj\u0105c je w czytelnej i \u0142atwej do zrozumienia formie.<\/p>\n<p><strong>Przyjazny interfejs u\u017cytkownika: <\/strong>zaprojektowany z my\u015bl\u0105 o wygodzie u\u017cytkownika, z intuicyjnym interfejsem, kt\u00f3ry u\u0142atwia nawigacj\u0119 i obs\u0142ug\u0119.<\/p>\n<p><strong>Kompletny zestaw narz\u0119dzi SEO: <\/strong>zapewnia pe\u0142en pakiet narz\u0119dzi SEO obejmuj\u0105cych ka\u017cdy aspekt optymalizacji strony internetowej.<\/p>\n<h2 id=\"par2\">Jak korzysta\u0107 z narz\u0119dzia<\/h2>\n<p>Po wej\u015bciu na stron\u0119 Website IP Checker zobaczysz pole, w kt\u00f3rym mo\u017cesz wpisa\u0107 nazw\u0119 domeny, kt\u00f3r\u0105 chcesz przekonwertowa\u0107. Wpisz nazw\u0119 domeny w to pole.<\/p>\n<p>Po wpisaniu nazwy domeny kliknij \u201eFind IP\u201d.<\/p>\n<div class=\"content__img-wrap\"><img src=\"https:\/\/sitechecker.pro\/wp-content\/uploads\/2025\/12\/domain-to-ip-converter.png\" alt=\"Domain Name to IP Address converter\" class=\"description-img description-img-zoom\" loading=\"lazy\" ><\/div>\n<p>Nast\u0119pnie zostaniesz zapytany, czy strona nale\u017cy do Ciebie. Wybierz \u201eYes, it\u2019s mine\u201d, je\u015bli chcesz przeprowadzi\u0107 pe\u0142n\u0105 analiz\u0119 bezpiecze\u0144stwa i audyt strony, lub \u201eNo, it\u2019s not\u201d, aby wy\u015bwietli\u0107 raport dla strony zewn\u0119trznej.<\/p>\n<div class=\"content__img-wrap\"><img src=\"https:\/\/sitechecker.pro\/wp-content\/uploads\/2025\/12\/is-it-your-own-site.png\" alt=\"Is it your own website?\" class=\"description-img description-img-zoom\" loading=\"lazy\" ><\/div>\n<h2 id=\"par3\">Konwerter domeny na IP dla Twojej strony<\/h2>\n<h3>Krok 1: Wybierz sprawdzenie w\u0142asnej strony<\/h3>\n<div class=\"content__img-wrap\"><img src=\"https:\/\/sitechecker.pro\/wp-content\/uploads\/2025\/12\/my-site.png\" alt=\"It is my own website\" class=\"description-img description-img-zoom\" loading=\"lazy\" ><\/div>\n<h3>Krok 2: Otrzymaj wyniki<\/h3>\n<p>Po wybraniu opcji, \u017ce strona nale\u017cy do Ciebie, zostaniesz przeniesiony do widoku Domain Info w ramach Twojego pierwszego projektu. Zobaczysz tam szczeg\u00f3\u0142owe dane hostingowe, w tym adres IP strony, lokalizacj\u0119 serwera, kraj, organizacj\u0119 oraz inne techniczne parametry na poziomie domeny.<\/p>\n<p>Te informacje pomagaj\u0105 zrozumie\u0107, gdzie Twoja strona jest hostowana i jak skonfigurowana jest jej infrastruktura.<\/p>\n<div class=\"content__img-wrap\"><img src=\"https:\/\/sitechecker.pro\/wp-content\/uploads\/2025\/12\/where-is-site-hosted-ip-adress.png\" alt=\"Where is site hosted, IP adress\" class=\"description-img description-img-zoom\" loading=\"lazy\" ><\/div>\n<div class=\"important-block\">Aby otrzyma\u0107 wyniki i uzyska\u0107 dost\u0119p do funkcji Sitechecker przez 14 dni, rozpocznij BEZP\u0141ATNY okres pr\u00f3bny. Rejestracja jest prosta \u2013 wystarczy e-mail, konto Google lub Facebook. Karta kredytowa nie jest wymagana.<\/div>\n<h3>Dodatkowe funkcje sprawdzania domeny na IP<\/h3>\n<p>Opr\u00f3cz identyfikacji adresu IP i lokalizacji hostingu strony, narz\u0119dzie zapewnia dost\u0119p do kompleksowego przegl\u0105du problem\u00f3w bezpiecze\u0144stwa w module Site Audit. Ta sekcja wskazuje podatno\u015bci zwi\u0105zane z HTTPS, konfiguracj\u0105 serwera, mieszanym contentem, ochron\u0105 przed XSS i clickjackingiem, wa\u017cno\u015bci\u0105 certyfikatu SSL oraz innymi czynnikami, kt\u00f3re mog\u0105 nara\u017ca\u0107 Twoj\u0105 stron\u0119 na ryzyko.<\/p>\n<div class=\"content__img-wrap\"><img src=\"https:\/\/sitechecker.pro\/wp-content\/uploads\/2025\/12\/site-audit-security-issues.png\" alt=\"Site audit security issues\" class=\"description-img description-img-zoom\" loading=\"lazy\" ><\/div>\n<p>Mo\u017cesz przeanalizowa\u0107 ka\u017cdy problem szczeg\u00f3\u0142owo, zrozumie\u0107 jego wp\u0142yw i otrzyma\u0107 rekomendacje dotycz\u0105ce jego naprawy, aby Twoja strona pozosta\u0142a bezpieczna i zgodna z wymaganiami.<\/p>\n<h2 id=\"par4\">Konwerter domeny na IP dla innej strony<\/h2>\n<h3>Krok 1: Wybierz, \u017ce sprawdzasz cudz\u0105 stron\u0119<\/h3>\n<div class=\"content__img-wrap\"><img src=\"https:\/\/sitechecker.pro\/wp-content\/uploads\/2025\/12\/not-my-site.png\" alt=\"It is not my own website?\" class=\"description-img description-img-zoom\" loading=\"lazy\" ><\/div>\n<h3>Krok 2: Otrzymaj wyniki<\/h3>\n<p>Zostaniesz przekierowany do Raportu Bezpiecze\u0144stwa Strony dla domeny, kt\u00f3r\u0105 sprawdzasz. Raport pokazuje adres IP strony, lokalizacj\u0119 serwera (w tym kraj, region i miasto) oraz <a href=\"https:\/\/sitechecker.pro\/hosting-checker\/\" target=\"_blank\" rel=\"noopener noreferrer\">organizacj\u0119 hostingow\u0105<\/a>.<\/p>\n<div class=\"content__img-wrap\"><img src=\"https:\/\/sitechecker.pro\/wp-content\/uploads\/2025\/12\/website-safety-report-ip-adress.png\" alt=\"Website safety report, IP adress\" class=\"description-img description-img-zoom\" loading=\"lazy\" ><\/div>\n<p>Zarejestruj si\u0119, aby otrzyma\u0107 wyniki dotycz\u0105ce bezpiecze\u0144stwa, w tym <a href=\"https:\/\/sitechecker.pro\/site-audit-issues\/https-http-mixed-content\/\" target=\"_blank\" rel=\"noopener noreferrer\">mixed content<\/a>, linki HTTP lub brakuj\u0105ce <a href=\"https:\/\/sitechecker.pro\/http-header-checker\/\" target=\"_blank\" rel=\"noopener noreferrer\">nag\u0142\u00f3wki ochronne<\/a>.<\/p>\n<h2 id=\"par5\">Podsumowanie<\/h2>\n<p>Konwerter domeny na IP to proste, ale pot\u0119\u017cne narz\u0119dzie do sprawdzania, gdzie dana strona jest hostowana i jak skonfigurowana jest jej infrastruktura. Niezale\u017cnie od tego, czy analizujesz w\u0142asn\u0105 stron\u0119, czy zewn\u0119trzn\u0105 domen\u0119, narz\u0119dzie dostarcza precyzyjnych danych hostingowych, informacji o adresie IP oraz kluczowych informacji dotycz\u0105cych bezpiecze\u0144stwa. Dla w\u0142a\u015bcicieli stron otwiera to mo\u017cliwo\u015b\u0107 przeprowadzenia bardziej szczeg\u00f3\u0142owego audytu technicznego i SEO, kt\u00f3ry pomaga poprawi\u0107 wydajno\u015b\u0107, bezpiecze\u0144stwo i niezawodno\u015b\u0107.<\/p>\n<p>Dla stron zewn\u0119trznych narz\u0119dzie zapewnia szybki przegl\u0105d bezpiecze\u0144stwa z mo\u017cliwo\u015bci\u0105 dok\u0142adniejszego zbadania problem\u00f3w.<\/p>\n<div id=\"par6\"><\/div>\n<p><div class=\"front__faq-block\"><div class=\"faq__block-title\">FAQ<\/div><div class=\"panel-group\" id=\"faq-accordion\" itemscope itemtype=\"https:\/\/schema.org\/FAQPage\" role=\"tablist\" aria-multiselectable=\"true\"><div class=\"panel\" itemscope itemtype=\"https:\/\/schema.org\/Question\" itemprop=\"mainEntity\">\n                            <div class=\"panel-heading\" id=\"headingFaq-1\">\n                                <div class=\"panel-title\" data-toggle=\"collapse\" aria-expanded=\"false\" href=\"#collapseFaq-1\">\n                                    <h3 itemprop=\"name\">Czy narz\u0119dzie Website to IP Converter mo\u017ce identyfikowa\u0107 wszystkie typy adres\u00f3w protoko\u0142u internetowego?<\/h3>\n                                <\/div>\n                            <\/div>\n                            <div id=\"collapseFaq-1\" class=\"panel-collapse collapse\" itemprop=\"acceptedAnswer\" itemscope itemtype=\"http:\/\/schema.org\/Answer\">\n                                <div class=\"panel-body\" itemprop=\"text\">Narz\u0119dzie zosta\u0142o zaprojektowane tak, aby identyfikowa\u0107 zar\u00f3wno adresy IPv4, jak i IPv6 powi\u0105zane ze stron\u0105 internetow\u0105, obejmuj\u0105c szeroki zakres typ\u00f3w adres\u00f3w IP.<\/div>\n                            <\/div>\n                        <\/div><div class=\"panel\" itemscope itemtype=\"https:\/\/schema.org\/Question\" itemprop=\"mainEntity\">\n                            <div class=\"panel-heading\" id=\"headingFaq-2\">\n                                <div class=\"panel-title\" data-toggle=\"collapse\" aria-expanded=\"false\" href=\"#collapseFaq-2\">\n                                    <h3 itemprop=\"name\">Jak dok\u0142adne s\u0105 informacje o geolokalizacji dostarczane przez konwerter domeny na IP?<\/h3>\n                                <\/div>\n                            <\/div>\n                            <div id=\"collapseFaq-2\" class=\"panel-collapse collapse\" itemprop=\"acceptedAnswer\" itemscope itemtype=\"http:\/\/schema.org\/Answer\">\n                                <div class=\"panel-body\" itemprop=\"text\">Informacje o geolokalizacji s\u0105 zazwyczaj dok\u0142adne, ale mog\u0105 si\u0119 r\u00f3\u017cni\u0107 w zale\u017cno\u015bci od precyzji bazy danych IP wykorzystywanej przez narz\u0119dzie. Zapewniaj\u0105 one dobre przybli\u017cenie fizycznej lokalizacji serwera.<\/div>\n                            <\/div>\n                        <\/div><div class=\"panel\" itemscope itemtype=\"https:\/\/schema.org\/Question\" itemprop=\"mainEntity\">\n                            <div class=\"panel-heading\" id=\"headingFaq-3\">\n                                <div class=\"panel-title\" data-toggle=\"collapse\" aria-expanded=\"false\" href=\"#collapseFaq-3\">\n                                    <h3 itemprop=\"name\">Jak aktualne s\u0105 dane dostarczane przez Website to IP Converter?<\/h3>\n                                <\/div>\n                            <\/div>\n                            <div id=\"collapseFaq-3\" class=\"panel-collapse collapse\" itemprop=\"acceptedAnswer\" itemscope itemtype=\"http:\/\/schema.org\/Answer\">\n                                <div class=\"panel-body\" itemprop=\"text\">Narz\u0119dzie dostarcza aktualne informacje na podstawie najnowszych dost\u0119pnych danych. Jednak ich aktualno\u015b\u0107 zale\u017cy od cz\u0119stotliwo\u015bci aktualizacji baz danych adres\u00f3w IP i geolokalizacji.<\/div>\n                            <\/div>\n                        <\/div><div class=\"panel\" itemscope itemtype=\"https:\/\/schema.org\/Question\" itemprop=\"mainEntity\">\n                            <div class=\"panel-heading\" id=\"headingFaq-4\">\n                                <div class=\"panel-title\" data-toggle=\"collapse\" aria-expanded=\"false\" href=\"#collapseFaq-4\">\n                                    <h3 itemprop=\"name\">Czy mog\u0119 u\u017cywa\u0107 konwertera domeny na IP do cel\u00f3w analizy bezpiecze\u0144stwa?<\/h3>\n                                <\/div>\n                            <\/div>\n                            <div id=\"collapseFaq-4\" class=\"panel-collapse collapse\" itemprop=\"acceptedAnswer\" itemscope itemtype=\"http:\/\/schema.org\/Answer\">\n                                <div class=\"panel-body\" itemprop=\"text\">Tak, narz\u0119dzie mo\u017ce by\u0107 u\u017cywane do wst\u0119pnej analizy bezpiecze\u0144stwa, na przyk\u0142ad do identyfikacji geograficznej lokalizacji serwera, co mo\u017ce pom\u00f3c w ocenie potencjalnych zagro\u017ce\u0144 lub w badaniu podejrzanych stron internetowych.<\/div>\n                            <\/div>\n                        <\/div><\/div><\/div><\/p>","protected":false},"excerpt":{"rendered":"Czym jest konwerter nazwy domeny na adres IP? Konwerter URL na adres IP od Sitechecker to narz\u0119dzie, kt\u00f3re identyfikuje adres IP dowolnej nazwy domeny. Po wpisaniu adresu URL domeny narz\u0119dzie ustala jej adres IP serwera, co pomaga zrozumie\u0107, gdzie strona jest hostowana, jak jest skonfigurowana oraz umo\u017cliwia przeprowadzanie bardziej zaawansowanych kontroli technicznych i bezpiecze\u0144stwa. Jak&#8230;","protected":false},"author":10409641,"featured_media":7907,"parent":0,"menu_order":0,"comment_status":"closed","ping_status":"closed","template":"pages-templates\/pages-minitools-3.php","meta":[],"categories":[73],"tags":[],"_links":{"self":[{"href":"https:\/\/sitechecker.pro\/pl\/wp-json\/wp\/v2\/pages\/7844"}],"collection":[{"href":"https:\/\/sitechecker.pro\/pl\/wp-json\/wp\/v2\/pages"}],"about":[{"href":"https:\/\/sitechecker.pro\/pl\/wp-json\/wp\/v2\/types\/page"}],"author":[{"embeddable":true,"href":"https:\/\/sitechecker.pro\/pl\/wp-json\/wp\/v2\/users\/10409641"}],"replies":[{"embeddable":true,"href":"https:\/\/sitechecker.pro\/pl\/wp-json\/wp\/v2\/comments?post=7844"}],"version-history":[{"count":46,"href":"https:\/\/sitechecker.pro\/pl\/wp-json\/wp\/v2\/pages\/7844\/revisions"}],"predecessor-version":[{"id":39196,"href":"https:\/\/sitechecker.pro\/pl\/wp-json\/wp\/v2\/pages\/7844\/revisions\/39196"}],"wp:featuredmedia":[{"embeddable":true,"href":"https:\/\/sitechecker.pro\/pl\/wp-json\/wp\/v2\/media\/7907"}],"wp:attachment":[{"href":"https:\/\/sitechecker.pro\/pl\/wp-json\/wp\/v2\/media?parent=7844"}],"wp:term":[{"taxonomy":"category","embeddable":true,"href":"https:\/\/sitechecker.pro\/pl\/wp-json\/wp\/v2\/categories?post=7844"},{"taxonomy":"post_tag","embeddable":true,"href":"https:\/\/sitechecker.pro\/pl\/wp-json\/wp\/v2\/tags?post=7844"}],"curies":[{"name":"wp","href":"https:\/\/api.w.org\/{rel}","templated":true}]}}