{"id":763,"date":"2017-12-14T16:06:09","date_gmt":"2017-12-14T16:06:09","guid":{"rendered":"https:\/\/sitechecker.pro\/?page_id=763"},"modified":"2026-02-18T15:56:52","modified_gmt":"2026-02-18T15:56:52","slug":"robots-txt-tester-use-online-free-tool-for-seo-sitechecker","status":"publish","type":"page","link":"https:\/\/sitechecker.pro\/pl\/robots-tester\/","title":{"rendered":"Tester pliku Robots.txt: U\u017cyj bezp\u0142atnego narz\u0119dzia online do SEO | Sitechecker"},"content":{"rendered":"<p><b>Plik robots.txt<\/b> to plik tekstowy umieszczany na stronach internetowych w celu informowania robot\u00f3w wyszukiwarek (takich jak <b>Google<\/b>), kt\u00f3re strony w tej domenie mog\u0105 by\u0107 <b>zindeksowane<\/b> . Je\u015bli Twoja witryna zawiera plik robots.txt, mo\u017cesz przeprowadzi\u0107 <b>weryfikacj\u0119 <\/b>za pomoc\u0105 naszego <b>bezp\u0142atnego <\/b>narz\u0119dzia <b>generatora robots.txt<\/b>. Mo\u017cesz <b>zintegrowa\u0107 <\/b>link do <b>mapy witryny XML<\/b> z plikiem robots.txt.<\/p>\n<p>Zanim <b>boty wyszukiwarek<\/b> zaindeksuj\u0105 Twoj\u0105 witryn\u0119, najpierw zlokalizuj\u0105 plik robots.txt tej witryny. W ten spos\u00f3b zobacz\u0105 instrukcje, kt\u00f3re strony witryny mog\u0105 by\u0107 indeksowane, a kt\u00f3re nie powinny by\u0107 <b>indeksowane <\/b>przez konsol\u0119 wyszukiwarki.<\/p>\n<p>Za pomoc\u0105 tego prostego pliku mo\u017cesz ustawi\u0107 opcje <b>przeszukiwania i indeksowania<\/b> dla robot\u00f3w wyszukiwarek. Aby sprawdzi\u0107, czy <a href=\"https:\/\/sitechecker.pro\/robots-txt-configure\/\" rel=\"noopener noreferrer\" target=\"_blank\">plik Robots.txt jest skonfigurowany<\/a> w Twojej witrynie, mo\u017cesz skorzysta\u0107 z naszych darmowych i prostych narz\u0119dzi testera Robots.txt. Z tego artyku\u0142u dowiesz si\u0119, jak zweryfikowa\u0107 plik za pomoc\u0105 tego narz\u0119dzia i dlaczego wa\u017cne jest, aby u\u017cywa\u0107 w witrynie <b>Tester pliku Robots.txt<\/b>.<\/p>\n<h2 id=\"ik_Guide\">Korzystanie z narz\u0119dzia do sprawdzania pliku Robots.txt: przewodnik krok po kroku<\/h2>\n<p><b>Testowanie pliku robots.txt<\/b> pomo\u017ce Ci przetestowa\u0107 plik robots.txt w Twojej <b>domenie <\/b>lub dowolnej innej domenie, kt\u00f3r\u0105 chcesz przeanalizowa\u0107.<\/p>\n<p>Narz\u0119dzie do sprawdzania pliku robots.txt szybko <b>wykryje b\u0142\u0119dy <\/b>w ustawieniach pliku robots.txt. Nasze <b>narz\u0119dzie do sprawdzania poprawno\u015bci<\/b> jest bardzo \u0142atwe w u\u017cyciu i mo\u017ce pom\u00f3c nawet niedo\u015bwiadczonemu profesjonali\u015bcie lub webmasterowi sprawdzi\u0107 plik Robots.txt w ich witrynie. <b>Wyniki <\/b> otrzymasz w ci\u0105gu kilku chwil.<\/p>\n<h3>Krok 1: Wstaw sw\u00f3j adres URL<\/h3>\n<p>Aby rozpocz\u0105\u0107 skanowanie, wystarczy wpisa\u0107 interesuj\u0105cy adres URL w pustym wierszu i klikn\u0105\u0107 przycisk z niebiesk\u0105 strza\u0142k\u0105. Narz\u0119dzie rozpocznie skanowanie i wygeneruje wyniki. Nie musisz rejestrowa\u0107 si\u0119 na naszej stronie, aby z niej korzysta\u0107.<\/p>\n<p>Jako przyk\u0142ad postanowili\u015bmy <b>przeanalizowa\u0107 <\/b> nasz\u0105 stron\u0119 https:\/\/sitechecker.pro. Na poni\u017cszych zrzutach ekranu mo\u017cna zobaczy\u0107 proces <b>skanowania <\/b> w naszym narz\u0119dziu witryny.<\/p>\n<div class=\"content__img-wrap\"><img src=\"https:\/\/sitechecker.pro\/wp-content\/uploads\/2022\/04\/robots.txt-tester-new-1-1.jpg\" alt=\"Robots.txt validator Start\" class=\"description-img description-img-zoom\" loading=\"lazy\" ><\/div>\n<h3>Krok 2: Interpretacja wynik\u00f3w testu robots.txt<\/h3>\n<p>Nast\u0119pnie, po zako\u0144czeniu skanowania, zobaczysz, czy plik <b>Robots.txt<\/b> umo\u017cliwia przeszukiwanie i indeksowanie okre\u015blonej dost\u0119pnej strony. W ten spos\u00f3b mo\u017cesz sprawdzi\u0107, czy Twoja strona internetowa b\u0119dzie otrzymywa\u0107 <b>ruch z wyszukiwarki<\/b>. Tutaj mo\u017cesz r\u00f3wnie\u017c uzyska\u0107 kilka <b>przydatnych<\/b> porad dotycz\u0105cych monitorowania.<\/p>\n<div class=\"content__img-wrap\"><img src=\"https:\/\/sitechecker.pro\/wp-content\/uploads\/2022\/04\/robots-txt-tester-new-2-1.jpg\" alt=\"Wynik testera Robots.txt\" class=\"description-img description-img-zoom\" loading=\"lazy\" ><\/div>\n<h2 id=\"ik_Cases\">Przypadki, gdy potrzebne jest narz\u0119dzie do sprawdzania pliku Robots.txt<\/h2>\n<p>Problemy z plikiem robots.txt lub jego brak mog\u0105 negatywnie wp\u0142yn\u0105\u0107 na rankingi w wyszukiwarkach. Mo\u017cesz straci\u0107 punkty rankingowe w <b>SERPach<\/b>. Przeanalizowanie tego pliku i jego znaczenia przed zindeksowaniem witryny oznacza, \u017ce \u200b\u200bmo\u017cesz unikn\u0105\u0107 problem\u00f3w z <b>indeksowaniem<\/b>. Mo\u017cesz tak\u017ce uniemo\u017cliwi\u0107 dodawanie tre\u015bci swojej witryny do <b>stron z wykluczeniem indeksu<\/b>, kt\u00f3rych nie chcesz indeksowa\u0107. U\u017cyj tego pliku, aby ograniczy\u0107 dost\u0119p do niekt\u00f3rych stron w Twojej witrynie. Je\u015bli plik jest pusty, mo\u017cesz uzyska\u0107 <a href=\"https:\/\/sitechecker.pro\/site-audit-issues\/robots-txt-not-found\/\">Problem z nieodnalezionym plikiem robots.txt<\/a> w Robot SEO.<\/p>\n<p>Mo\u017cesz utworzy\u0107 plik za pomoc\u0105 prostego edytora tekstu. Najpierw okre\u015bl agenta niestandardowego do wykonania instrukcji i umie\u015b\u0107 dyrektyw\u0119 blokuj\u0105c\u0105, tak\u0105 jak disallow, noindex. Nast\u0119pnie wymie\u0144 adresy URL, kt\u00f3re <b>ograniczasz do indeksowania<\/b>. Przed uruchomieniem pliku sprawd\u017a, czy jest poprawny. Nawet liter\u00f3wka mo\u017ce spowodowa\u0107, \u017ce <b>Googlebot <\/b>zignoruje Twoje <b>instrukcje<\/b> weryfikacji.<\/p>\n<h2 id=\"ik_What\"><strong>Jakie narz\u0119dzia do sprawdzania pliku robots.txt mog\u0105 pom\u00f3c<\/strong><\/h2>\n<p>Kiedy generujesz plik robots.txt, musisz sprawdzi\u0107, czy nie zawiera on b\u0142\u0119d\u00f3w. Istnieje kilka narz\u0119dzi, kt\u00f3re mog\u0105 pom\u00f3c Ci poradzi\u0107 sobie z tym zadaniem.<\/p>\n<h3><strong>Konsola wyszukiwania Google<\/strong><\/h3>\n<p>Teraz tylko stara wersja <a href=\"https:\/\/search.google.com\/search-console\">Google Search Console<\/a> ma narz\u0119dzie do testowania pliku robot\u00f3w. Zaloguj si\u0119 na konto w bie\u017c\u0105cej witrynie potwierdzonej na jej platformie i skorzystaj z tej \u015bcie\u017cki, aby znale\u017a\u0107 walidator.<\/p>\n<p><em>Stara wersja Google Search Console &gt; Indeksowanie &gt; Tester pliku robots.txt<\/em><\/p>\n<div class=\"content__img-wrap\"><img src=\"https:\/\/sitechecker.pro\/wp-content\/uploads\/2017\/12\/robots-txt-tester-in-Google-Webmaster-Tools.png\" alt=\"Tester pliku Robots.txt w Google Search Console \" class=\"description-img description-img-zoom\" loading=\"lazy\" ><\/div>\n<p>Ten test robota.txt umo\u017cliwia:<\/p>\n<ul>\n<li>wykryj wszystkie swoje b\u0142\u0119dy i mo\u017cliwe problemy naraz;<\/li>\n<li>sprawd\u017a b\u0142\u0119dy i wprowad\u017a niezb\u0119dne poprawki tutaj, aby zainstalowa\u0107 nowy plik w swojej witrynie bez dodatkowych weryfikacji;<\/li>\n<li>sprawd\u017a, czy odpowiednio zamkn\u0105\u0142e\u015b strony, kt\u00f3rych indeksowania chcesz unikn\u0105\u0107 i czy te, kt\u00f3re maj\u0105 zosta\u0107 poddane indeksacji, s\u0105 odpowiednio otwarte.<\/li>\n<\/ul>\n<h3><strong>Webmaster Yandex<\/strong><\/h3>\n<p>Zaloguj si\u0119 na konto <a href=\"https:\/\/webmaster.yandex.com\/welcome\/\">Yandex Webmaster<\/a> z potwierdzeniem bie\u017c\u0105cej witryny potwierdzone na swojej platformie i skorzystaj z tej \u015bcie\u017cki, aby znale\u017a\u0107 narz\u0119dzie.<\/p>\n<p><em>Yandex Webmaster &gt; Narz\u0119dzia &gt; Analiza pliku robots.txt<\/em><\/p>\n<div class=\"content__img-wrap\"><img src=\"https:\/\/sitechecker.pro\/wp-content\/uploads\/2017\/12\/robots-txt-tester-in-Yandex-Webmaster-Tools.png\" alt=\"Generator txt Robobts dla Yandex\" class=\"description-img description-img-zoom\" loading=\"lazy\" ><\/div>\n<p>Tester ten oferuje niemal r\u00f3wne mo\u017cliwo\u015bci weryfikacji, jak opisana powy\u017cej. R\u00f3\u017cnica polega na:<\/p>\n<ul>\n<li>tutaj nie musisz autoryzowa\u0107 ani udowadnia\u0107 praw do witryny, kt\u00f3ra oferuje natychmiastow\u0105 weryfikacj\u0119 Twojego pliku robots.txt;<\/li>\n<li>nie ma potrzeby wstawiania na stron\u0119: ca\u0142\u0105 list\u0119 stron mo\u017cna sprawdzi\u0107 w ci\u0105gu jednej sesji;<\/li>\n<li>mo\u017cesz upewni\u0107 si\u0119, \u017ce Yandex prawid\u0142owo zidentyfikowa\u0142 Twoje instrukcje.<\/li>\n<\/ul>\n<h3><strong>Przeszukiwarka witryny<\/strong><\/h3>\n<p>Jest to rozwi\u0105zanie do zbiorczego sprawdzania, je\u015bli chcesz <a href=\"https:\/\/sitechecker.pro\/website-crawler\/\">zindeksowa\u0107 witryn\u0119<\/a>. Nasz robot pomaga audytowa\u0107 ca\u0142\u0105 witryn\u0119 i wykrywa\u0107, kt\u00f3re adresy URL s\u0105 niedozwolone w pliku robots.txt, a kt\u00f3re s\u0105 wy\u0142\u0105czone z indeksowania za pomoc\u0105 metatagu noindex.<\/p>\n<div class=\"content__img-wrap\"><img src=\"https:\/\/sitechecker.pro\/wp-content\/uploads\/2017\/12\/google-robots.txt-tester.png\" alt=\"tester google robots.txt\" class=\"description-img description-img-zoom\" loading=\"lazy\" ><\/div>\n<p><em>Uwaga: aby wykry\u0107 niedozwolone strony, nale\u017cy zindeksowa\u0107 witryn\u0119 z ustawieniem <strong>\u201eignoruj \u200b\u200bplik robots.txt\u201d<\/strong>.<\/em><br \/>\n    <div class=\"blog__conversion blog__conversion-app element__logged_out\">\n        <div class=\"blog__conversion-inner\">\n            <p class=\"title\">Wykryj i przeanalizuj nie tylko plik robots.txt, ale tak\u017ce inne problemy zwi\u0105zane z SEO w Twojej witrynie!<\/p>\n            <p class=\"description\">Dokonaj pe\u0142nego audytu, aby znale\u017a\u0107 i naprawi\u0107 problemy z witryn\u0105 w celu poprawy wynik\u00f3w SERP.<\/p>\n            <form id=\"audit__form\"\n                  class=\"article__seo-search audit__form Dokonaj pe\u0142nego audytu, aby znale\u017a\u0107 i naprawi\u0107 problemy z witryn\u0105 w celu poprawy wynik\u00f3w SERP.\"\n                  action=\"\"\n                  method=\"POST\"\n                  autocomplete=\"off\">\n                <span class=\"error\"><\/span>\n                <div class=\"error__limits\">Something went wrong. Please, try again later.<\/div>\n                <input name=\"url\"\n                       type=\"text\"\n                       placeholder=\"Wprowad\u017a tutaj swoj\u0105 domen\u0119\">\n                                <button type=\"submit\"\n                        class=\"sitechecker__text\">\n                    <span>Uruchom audyt<\/span>\n                    <img src=\"\/wp-content\/themes\/sitechecker\/out\/img_design\/loading.svg\"\n                         width=\"31\"\n                         height=\"30\"\n                         class=\"loading\">\n                <\/button>\n            <\/form>\n        <\/div>\n    <\/div>\n    <\/p>\n<p><div class=\"front__faq-block\"><div class=\"faq__block-title\">Najcz\u0119\u015bciej zadawane pytania<\/div><div class=\"panel-group\" id=\"faq-accordion\" itemscope itemtype=\"https:\/\/schema.org\/FAQPage\" role=\"tablist\" aria-multiselectable=\"true\"><div class=\"panel\" itemscope itemtype=\"https:\/\/schema.org\/Question\" itemprop=\"mainEntity\">\n                            <div class=\"panel-heading\" id=\"headingFaq-1\">\n                                <div class=\"panel-title\" data-toggle=\"collapse\" aria-expanded=\"false\" href=\"#collapseFaq-1\">\n                                    <h3 itemprop=\"name\">Dlaczego musz\u0119 sprawdza\u0107 m\u00f3j plik Robots.txt?<\/h3>\n                                <\/div>\n                            <\/div>\n                            <div id=\"collapseFaq-1\" class=\"panel-collapse collapse\" itemprop=\"acceptedAnswer\" itemscope itemtype=\"http:\/\/schema.org\/Answer\">\n                                <div class=\"panel-body\" itemprop=\"text\"><\/p>\n<p>Robots.txt pokazuje wyszukiwarkom, kt\u00f3re adresy URL w Twojej witrynie mog\u0105 przeszukiwa\u0107 i indeksowa\u0107, g\u0142\u00f3wnie w celu unikni\u0119cia przeci\u0105\u017cenia witryny zapytaniami. <b>Sprawdzenie <\/b> tego prawid\u0142owego pliku jest zalecane w celu upewnienia si\u0119, \u017ce dzia\u0142a on poprawnie.<\/div>\n                            <\/div>\n                        <\/div><div class=\"panel\" itemscope itemtype=\"https:\/\/schema.org\/Question\" itemprop=\"mainEntity\">\n                            <div class=\"panel-heading\" id=\"headingFaq-2\">\n                                <div class=\"panel-title\" data-toggle=\"collapse\" aria-expanded=\"false\" href=\"#collapseFaq-2\">\n                                    <h3 itemprop=\"name\">Czy naruszanie pliku Robot's.txt jest nielegalne?<\/h3>\n                                <\/div>\n                            <\/div>\n                            <div id=\"collapseFaq-2\" class=\"panel-collapse collapse\" itemprop=\"acceptedAnswer\" itemscope itemtype=\"http:\/\/schema.org\/Answer\">\n                                <div class=\"panel-body\" itemprop=\"text\">Obecnie nie ma prawa nakazuj\u0105cego \u015bcis\u0142e przestrzeganie instrukcji w pliku. To nie jest wi\u0105\u017c\u0105ca umowa mi\u0119dzy<b> wyszukiwarkami a witrynami<\/b>. <\/div>\n                            <\/div>\n                        <\/div><div class=\"panel\" itemscope itemtype=\"https:\/\/schema.org\/Question\" itemprop=\"mainEntity\">\n                            <div class=\"panel-heading\" id=\"headingFaq-3\">\n                                <div class=\"panel-title\" data-toggle=\"collapse\" aria-expanded=\"false\" href=\"#collapseFaq-3\">\n                                    <h3 itemprop=\"name\">Co robi robots.txt?<\/h3>\n                                <\/div>\n                            <\/div>\n                            <div id=\"collapseFaq-3\" class=\"panel-collapse collapse\" itemprop=\"acceptedAnswer\" itemscope itemtype=\"http:\/\/schema.org\/Answer\">\n                                <div class=\"panel-body\" itemprop=\"text\">Robots.txt pokazuje agentom wyszukiwarek, kt\u00f3re strony w Twojej witrynie mog\u0105 by\u0107 przeszukiwane i indeksowane oraz kt\u00f3re strony zosta\u0142y wykluczone z <b>przegl\u0105dania<\/b>. Zezwalanie wyszukiwarkom na indeksowanie i <b>indeksowanie <\/b> niekt\u00f3rych stron w witrynie daje mo\u017cliwo\u015b\u0107 kontrolowania prywatno\u015bci niekt\u00f3rych stron. Jest to niezb\u0119dne do <b>optymalizacji witryny pod k\u0105tem wyszukiwarek<\/b>.<\/div>\n                            <\/div>\n                        <\/div><div class=\"panel\" itemscope itemtype=\"https:\/\/schema.org\/Question\" itemprop=\"mainEntity\">\n                            <div class=\"panel-heading\" id=\"headingFaq-4\">\n                                <div class=\"panel-title\" data-toggle=\"collapse\" aria-expanded=\"false\" href=\"#collapseFaq-4\">\n                                    <h3 itemprop=\"name\">Czy Robot.txt jest bezpieczny?<\/h3>\n                                <\/div>\n                            <\/div>\n                            <div id=\"collapseFaq-4\" class=\"panel-collapse collapse\" itemprop=\"acceptedAnswer\" itemscope itemtype=\"http:\/\/schema.org\/Answer\">\n                                <div class=\"panel-body\" itemprop=\"text\">Plik robots.txt nie zagra\u017ca bezpiecze\u0144stwu Twojej witryny, wi\u0119c prawid\u0142owe jego u\u017cywanie mo\u017ce by\u0107 doskona\u0142ym sposobem na <b>zabezpieczenie <\/b> poufnych stron w Twojej witrynie. Niemniej jednak nie oczekuj, \u017ce wszystkie roboty wyszukiwarek b\u0119d\u0105 post\u0119powa\u0107 zgodnie z instrukcjami zawartymi w tym pliku. U\u017cytkownicy atakuj\u0105cy b\u0119d\u0105 mogli wy\u0142\u0105czy\u0107 <b>instrukcje <\/b> i skanowa\u0107 zabronione strony.<\/div>\n                            <\/div>\n                        <\/div><\/div><\/div><\/p>","protected":false},"excerpt":{"rendered":"Plik robots.txt to plik tekstowy umieszczany na stronach internetowych w celu informowania robot\u00f3w wyszukiwarek (takich jak Google), kt\u00f3re strony w tej domenie mog\u0105 by\u0107 zindeksowane . Je\u015bli Twoja witryna zawiera plik robots.txt, mo\u017cesz przeprowadzi\u0107 weryfikacj\u0119 za pomoc\u0105 naszego bezp\u0142atnego narz\u0119dzia generatora robots.txt. Mo\u017cesz zintegrowa\u0107 link do mapy witryny XML z plikiem robots.txt. Zanim boty wyszukiwarek&#8230;","protected":false},"author":10409641,"featured_media":3355,"parent":0,"menu_order":0,"comment_status":"closed","ping_status":"closed","template":"pages-templates\/pages-minitools-3.php","meta":[],"categories":[73],"tags":[],"_links":{"self":[{"href":"https:\/\/sitechecker.pro\/pl\/wp-json\/wp\/v2\/pages\/763"}],"collection":[{"href":"https:\/\/sitechecker.pro\/pl\/wp-json\/wp\/v2\/pages"}],"about":[{"href":"https:\/\/sitechecker.pro\/pl\/wp-json\/wp\/v2\/types\/page"}],"author":[{"embeddable":true,"href":"https:\/\/sitechecker.pro\/pl\/wp-json\/wp\/v2\/users\/10409641"}],"replies":[{"embeddable":true,"href":"https:\/\/sitechecker.pro\/pl\/wp-json\/wp\/v2\/comments?post=763"}],"version-history":[{"count":88,"href":"https:\/\/sitechecker.pro\/pl\/wp-json\/wp\/v2\/pages\/763\/revisions"}],"predecessor-version":[{"id":39345,"href":"https:\/\/sitechecker.pro\/pl\/wp-json\/wp\/v2\/pages\/763\/revisions\/39345"}],"wp:featuredmedia":[{"embeddable":true,"href":"https:\/\/sitechecker.pro\/pl\/wp-json\/wp\/v2\/media\/3355"}],"wp:attachment":[{"href":"https:\/\/sitechecker.pro\/pl\/wp-json\/wp\/v2\/media?parent=763"}],"wp:term":[{"taxonomy":"category","embeddable":true,"href":"https:\/\/sitechecker.pro\/pl\/wp-json\/wp\/v2\/categories?post=763"},{"taxonomy":"post_tag","embeddable":true,"href":"https:\/\/sitechecker.pro\/pl\/wp-json\/wp\/v2\/tags?post=763"}],"curies":[{"name":"wp","href":"https:\/\/api.w.org\/{rel}","templated":true}]}}