{"id":7001,"date":"2019-05-28T07:48:33","date_gmt":"2019-05-28T07:48:33","guid":{"rendered":"https:\/\/sitechecker.pro\/?page_id=7001"},"modified":"2025-01-13T21:39:38","modified_gmt":"2025-01-13T21:39:38","slug":"domain-availability","status":"publish","type":"page","link":"https:\/\/sitechecker.pro\/pl\/domain-availability\/","title":{"rendered":"Sprawdzanie dost\u0119pno\u015bci domen: sprawd\u017a, czy adres strony internetowej jest dost\u0119pny"},"content":{"rendered":"<p><b>Nazwy<\/b><b> domen<\/b> s\u0105 tak wyj\u0105tkowe jak p\u0142atki \u015bniegu; znalezienie odpowiedniej dla siebie mo\u017ce by\u0107 trudne w przypadku tak wielu witryn. W tym artykule dowiemy si\u0119, jak wa\u017cne s\u0105 narz\u0119dzia do sprawdzania dost\u0119pno\u015bci nazw domen i jak u\u017cywa\u0107 ich do rozpocz\u0119cia procesu budowania marki.<\/p>\n<h2 id=\"ik_What\">Czym jest narz\u0119dzie do sprawdzania dost\u0119pno\u015bci domen?<\/h2>\n<p>Mo\u017cesz u\u017cy\u0107 naszego narz\u0119dzia do sprawdzania <b>dost\u0119pno\u015bci<\/b><b> nazw domen<\/b>, aby ustali\u0107, czy znacz\u0105ca nazwa jest dost\u0119pna w domenie a.tech. Nie musisz dokonywa\u0107 kompromisu w wyborze nazwy domeny. To pocz\u0105tek nowej ery domen, co oznacza, \u017ce \u200b\u200bteraz mo\u017cesz wyrazi\u0107 siebie kreatywnie po obu stronach \u201ekropki\u201d.<\/p>\n<p>Nasz jedyny w swoim rodzaju narz\u0119dzie do sprawdzania nazw domen lokalizuje dost\u0119pne nazwy domen dla przedsi\u0119biorstw technologicznych i startup\u00f3w. K\u0142ad\u0105c nacisk na dostarczanie nazw marek, kt\u00f3re ol\u015bni\u0105 Twoich wsp\u00f3\u0142pracownik\u00f3w i potencjalnych klient\u00f3w, nasze narz\u0119dzie do sprawdzania nazw sugeruje nazwy dost\u0119pne dla ka\u017cdej domeny. Mo\u017cesz u\u017cy\u0107 naszego bezp\u0142atnego narz\u0119dzia, aby sprawdzi\u0107 status witryny lub wyszuka\u0107 j\u0105 w bazie danych <a href=\"https:\/\/sitechecker.pro\/whois-lookup\/\" target=\"_blank\" rel=\"noopener noreferrer\">WHOis<\/a>.<\/p>\n<p>Dowiedz si\u0119, jak wybra\u0107 idealn\u0105 nazw\u0119 w dowolnej <a href=\"https:\/\/sitechecker.pro\/top-level-domain\/\">domenie najwy\u017cszego poziomu<\/a> w filmie <a href=\"https:\/\/www.youtube.com\/c\/WesMcDowellHQ\" target=\"_blank\" rel=\"noopener noreferrer\">Wesa McDowella<\/a>!<\/p>\n<p><iframe title=\"Odtwarzacz wideo YouTube\" src=\"https:\/\/www.youtube.com\/embed\/RUFV897DAGg\" width=\"770\" height=\"350\" frameborder=\"0\" allowfullscreen=\"allowfullscreen\"><\/iframe><\/p>\n<p>Jaka jest r\u00f3\u017cnica mi\u0119dzy kilkoma <b>domenami najwy\u017cszego<\/b><b> poziomu<\/b>? Jak zdecydowa\u0107, kt\u00f3ra jest najlepsza? Poniewa\u017c wi\u0119kszo\u015b\u0107 webmaster\u00f3w chce kupi\u0107 domen\u0119 .com dla swoich witryn, cena jest wy\u017csza lub zosta\u0142a ju\u017c zakupiona. Mo\u017cesz jednak wybra\u0107 spo\u015br\u00f3d kilku domen najwy\u017cszego poziomu, aby odkry\u0107 t\u0119, kt\u00f3ra jest najbardziej odpowiednia dla Twoich potrzeb. Na przyk\u0142ad mo\u017cesz wybra\u0107 .club dla dru\u017cyny sportowej swojego dziecka lub .ca dla swojej kanadyjskiej firmy. Wszystkie rozszerzenia witryn s\u0105 traktowane w ten sam spos\u00f3b dla cel\u00f3w SEO. Google nie b\u0119dzie faworyzowa\u0107 domeny najwy\u017cszego poziomu .com.<\/p>\n<h2 id=\"ik_Using\">U\u017cywanie narz\u0119dzia do sprawdzania dost\u0119pno\u015bci domeny<\/h2>\n<p>U\u017cywanie narz\u0119dzia do sprawdzania dost\u0119pno\u015bci domeny Sitechecker.pro jest proste!<\/p>\n<h3><b>Krok 1: Wprowad\u017a swoj\u0105 domen\u0119<\/b><\/h3>\n<p>Odwied\u017a nasz\u0105 witryn\u0119 i wpisz nazw\u0119 witryny, kt\u00f3r\u0105 chcesz zarejestrowa\u0107 w podanym bloku.<br \/>\n<div class=\"content__img-wrap\"><img src=\"https:\/\/sitechecker.pro\/wp-content\/uploads\/2022\/04\/Domain-availability-checker-new-1-1.jpg\" alt=\"Narz\u0119dzie do sprawdzania dost\u0119pno\u015bci witryny \u2014 znajd\u017a nazw\u0119 witryny do rejestracji domeny w sklepie internetowym\" class=\"description-img description-img-zoom\" loading=\"lazy\" ><\/div><\/p>\n<h3><b>Krok 2: Wyniki<\/b><\/h3>\n<p>Witryna wy\u015ble \u200b\u200bzestaw dost\u0119pnych i ju\u017c zarejestrowanych wynik\u00f3w, aby dokona\u0107 ostatecznego wyboru.<br \/>\n<div class=\"content__img-wrap\"><img src=\"https:\/\/sitechecker.pro\/wp-content\/uploads\/2022\/04\/Domain-availability-checker-new-2-1.jpg\" alt=\"Wyniki narz\u0119dzia do sprawdzania dost\u0119pno\u015bci nazw domen dla istniej\u0105cej witryny \u2014 za pomoc\u0105 narz\u0119dzia wyszukiwania\" class=\"description-img description-img-zoom\" loading=\"lazy\" ><\/div><\/p>\n<h2 id=\"ik_Why\">Dlaczego nale\u017cy sprawdza\u0107 dost\u0119pno\u015b\u0107 nazw domen?<\/h2>\n<p>Kiedy rozpoczynasz dzia\u0142alno\u015b\u0107 gospodarcz\u0105, rejestracja nazwy marki jest zazwyczaj ostatni\u0105 rzecz\u0105, o kt\u00f3rej my\u015blisz. A kiedy ju\u017c osi\u0105gniesz sukces, wi\u0105\u017ce si\u0119 z nim szereg nowych problem\u00f3w. Ludzie mog\u0105 najpierw kupi\u0107 nazwy domen, kt\u00f3re zawieraj\u0105 Twoj\u0105 mark\u0119 lub zarejestrowa\u0107 Tw\u00f3j znak towarowy. Aby unikn\u0105\u0107 tego problemu z prywatno\u015bci\u0105 lub przysz\u0142ym pozwem, zarejestruj r\u00f3\u017cne rozszerzenia domen, aby chroni\u0107 swoj\u0105 mark\u0119 przed cybersquatterami. Je\u015bli chcesz opracowa\u0107 najlepsz\u0105 nazw\u0119 dla swojej firmy, skontaktuj si\u0119 z nami i wypr\u00f3buj generator nazw witryn.<\/p>\n<h3><b>Czy nazwa domeny jest wa\u017cna dla SEO?<\/b><\/h3>\n<p>Wyb\u00f3r w\u0142a\u015bciwej nazwy domeny mo\u017ce da\u0107 Ci \u015bwietne informacje zwrotne na temat rankingu SEO. Jednak dzisiaj sprawy wygl\u0105daj\u0105 nieco inaczej. EMD (domen z dok\u0142adnym dopasowaniem) by\u0142y kiedy\u015b g\u0142\u00f3wnym zmartwieniem. Google podnios\u0142oby Twoje rankingi, poniewa\u017c s\u0142owa kluczowe by\u0142y natychmiast w domenie. To samo w sobie zapewni\u0142o witrynom wiarygodno\u015b\u0107 i si\u0142\u0119 rankingow\u0105.<\/p>\n<p>Na pierwszy rzut oka wydaje si\u0119 to mie\u0107 sens. Je\u015bli chcesz kupi\u0107 komputer i przeszukasz Google, wydaje si\u0119, \u017ce www.buyacomputer.com i www.bestcomputerdeals.com to najlepsze miejsca do szukania.<\/p>\n<p>Inni u\u017cywaj\u0105 subdomen i podfolder\u00f3w, aby upcha\u0107 jeszcze wi\u0119cej s\u0142\u00f3w kluczowych do ka\u017cdego adresu URL w nadziei na popraw\u0119 swoich ranking\u00f3w w wyszukiwarkach. Aby uzyska\u0107 szybkie wyniki SEO, witryna mo\u017ce doda\u0107 stron\u0119 z adresem URL www.abcelectronics.com\/buy-a-computer.<\/p>\n<p><a href=\"https:\/\/developers.google.com\/search\/blog\/2021\/04\/how-we-fought-search-spam-2020\">Google<\/a> uzna\u0142o, \u017ce autorytatywne witryny potrzebuj\u0105 czego\u015b wi\u0119cej ni\u017c tylko chwytliwej nazwy domeny, aby odnie\u015b\u0107 sukces. Algorytm wzi\u0105\u0142 pod uwag\u0119 kilka dodatkowych czynnik\u00f3w, takich jak witryny odsy\u0142aj\u0105ce i wiarygodne informacje.<\/p>\n<p>Na stronie wynik\u00f3w wyra\u017anie wida\u0107 warto\u015b\u0107 tre\u015bci witryny. Wcze\u015bniej Google wy\u015bwietla\u0142o szczeg\u00f3\u0142y, podkre\u015blaj\u0105c jednocze\u015bnie terminy w tagu tytu\u0142u, kt\u00f3ry cz\u0119sto obejmowa\u0142 domen\u0119. Podczas wyszukiwania zakupu komputera s\u0142owa kluczowe w pytaniu wyszukiwania s\u0105 pogrubione w znaczniku schematu lub w tre\u015bci witryny.<\/p>\n<h3><b>Znak towarowy i branding<\/b><\/h3>\n<p>Twoja nazwa domeny mo\u017ce zosta\u0107 utracona, je\u015bli koliduje z jedn\u0105 z milion\u00f3w istniej\u0105cych nazw firm i marek. Niew\u0105tpliwie, je\u015bli wyda\u0142e\u015b pieni\u0105dze i czas na marketing swojej witryny, ale jeste\u015b zmuszony zrezygnowa\u0107 z nazwy domeny, Tw\u00f3j biznes internetowy robi du\u017cy krok wstecz.<\/p>\n<p>Konflikt znaku towarowego jest ustalany na podstawie prawa znak\u00f3w towarowych, a oto podstawowe zasady, kt\u00f3re musisz zna\u0107.<\/p>\n<ul>\n<li>Znaki towarowe to oznaczenia u\u017cywane do identyfikacji \u017ar\u00f3d\u0142a towar\u00f3w lub us\u0142ug.<\/li>\n<li>Kreatywne, zapadaj\u0105ce w pami\u0119\u0107 lub sugeruj\u0105ce znaki towarowe s\u0105 chronione przez prawo federalne i stanowe.<\/li>\n<li>Opisowe znaki towarowe mog\u0105 by\u0107 chronione przez prawo federalne i stanowe.<\/li>\n<li>Problem prawny pojawia si\u0119, gdy oba znaki towarowe mog\u0105 wprowadza\u0107 wszystkich w b\u0142\u0105d co do produkt\u00f3w lub us\u0142ug.<\/li>\n<li>W sporze dotycz\u0105cym znaku towarowego w\u0142a\u015bcicielem znaku jest pierwszy u\u017cytkownik komercyjny.<\/li>\n<li>W przypadku sporu prawnego p\u00f3\u017aniejszy u\u017cytkownik mo\u017ce zosta\u0107 zobowi\u0105zany do zaprzestania u\u017cywania znaku i zap\u0142aty odszkodowania w\u0142a\u015bcicielowi znaku towarowego.<\/li>\n<\/ul>\n<h2 id=\"ik_Find\">Jak znale\u017a\u0107 odpowiedni\u0105 nazw\u0119 domeny<\/h2>\n<p>Jak zarezerwowa\u0107 idealn\u0105 nazw\u0119 domeny dla swojej firmy? Powinna ona reprezentowa\u0107 Twoj\u0105 mark\u0119 i jej cele w Internecie. Mo\u017cesz sp\u0119dzi\u0107 dni na poszukiwaniu idealnych opcji nazw, tylko po to, by spotka\u0107 si\u0119 z najgorszym rozczarowaniem, gdy w ko\u0144cu j\u0105 znajdziesz. Zosta\u0142a ju\u017c skradziona. Na pocz\u0105tku Twoje aspiracje do zyskownej obecno\u015bci w Internecie zostaj\u0105 zniweczone. W zwi\u0105zku z tym zdecydowanie zalecamy dwukrotne sprawdzenie, czy wybrana przez Ciebie strona internetowa jest dost\u0119pna. W zale\u017cno\u015bci od Twoich wymaga\u0144 mo\u017cesz wybiera\u0107 spo\u015br\u00f3d ponad 1000 mo\u017cliwych zweryfikowanych rozszerze\u0144 domen (.com, .net itd.).<\/p>\n<ul>\n<li><b>Zachowaj kr\u00f3tko\u015b\u0107 i prostot\u0119.<\/b> Maksymalna liczba znak\u00f3w w adresie URL strony internetowej wynosi 63. Minimalne minimum to jeden znak. Adres URL musi m\u00f3wi\u0107 o Twojej marce, ale nie powinien by\u0107 na tyle d\u0142ugi, aby odstrasza\u0107. Mo\u017cesz u\u017cy\u0107 naszego narz\u0119dzia, aby skr\u00f3ci\u0107 <a href=\"https:\/\/sitechecker.pro\/what-is-url\/\">adres URL<\/a>, zachowuj\u0105c jednocze\u015bnie warto\u015b\u0107 swojej marki.<\/li>\n<li>Czasami wiesz, w jakim kierunku chcesz, aby zmierza\u0142 Tw\u00f3j schemat nazewnictwa, ale nie mo\u017cesz wskaza\u0107, co pasuje. Mo\u017cesz <b>u\u017cy\u0107 <\/b><a href=\"https:\/\/kparser.com\/domain-name-generator\/\"><b>generatora nazw domen<\/b><\/a>, aby uzyska\u0107 kilka pomys\u0142\u00f3w.<\/li>\n<li>Mo\u017cesz <b>wybiera\u0107 spo\u015br\u00f3d wielu rozszerze\u0144 domen najwy\u017cszego poziomu, aby dotrze\u0107 do w\u0142a\u015bciwej grupy odbiorc\u00f3w<\/b>. Je\u015bli obs\u0142ugujesz wy\u0142\u0105cznie mieszka\u0144c\u00f3w Wielkiej Brytanii, rozwa\u017c co.uk zamiast .com. Wybierz za pomoc\u0105 naszego narz\u0119dzia do generowania nazw domen!<\/li>\n<\/ul>\n<p>    <div class=\"blog__conversion blog__conversion-app element__logged_out\">\n        <div class=\"blog__conversion-inner\">\n            <p class=\"title\">Sprawdzanie dost\u0119pno\u015bci domeny jest wa\u017cne, ale nie na tyle, aby uzyska\u0107 wystarczaj\u0105co dobr\u0105 pozycj\u0119!<\/p>\n            <p class=\"description\">Przeszukaj swoj\u0105 witryn\u0119 i znajd\u017a wszelkiego rodzaju problemy, kt\u00f3re mog\u0105 zaszkodzi\u0107 Twoim u\u017cytkownikom lub SEO Twojej witryny.<\/p>\n            <form id=\"audit__form\"\n                  class=\"article__seo-search audit__form Przeszukaj swoj\u0105 witryn\u0119 i znajd\u017a wszelkiego rodzaju problemy, kt\u00f3re mog\u0105 zaszkodzi\u0107 Twoim u\u017cytkownikom lub SEO Twojej witryny.\"\n                  action=\"\"\n                  method=\"POST\"\n                  autocomplete=\"off\">\n                <span class=\"error\"><\/span>\n                <div class=\"error__limits\">Something went wrong. Please, try again later.<\/div>\n                <input name=\"url\"\n                       type=\"text\"\n                       placeholder=\"Wprowad\u017a tutaj swoj\u0105 domen\u0119\">\n                                <button type=\"submit\"\n                        class=\"sitechecker__text\">\n                    <span>Uruchom audyt<\/span>\n                    <img src=\"\/wp-content\/themes\/sitechecker\/out\/img_design\/loading.svg\"\n                         width=\"31\"\n                         height=\"30\"\n                         class=\"loading\">\n                <\/button>\n            <\/form>\n        <\/div>\n    <\/div>\n    <\/p>","protected":false},"excerpt":{"rendered":"Nazwy domen s\u0105 tak wyj\u0105tkowe jak p\u0142atki \u015bniegu; znalezienie odpowiedniej dla siebie mo\u017ce by\u0107 trudne w przypadku tak wielu witryn. W tym artykule dowiemy si\u0119, jak wa\u017cne s\u0105 narz\u0119dzia do sprawdzania dost\u0119pno\u015bci nazw domen i jak u\u017cywa\u0107 ich do rozpocz\u0119cia procesu budowania marki. Czym jest narz\u0119dzie do sprawdzania dost\u0119pno\u015bci domen? Mo\u017cesz u\u017cy\u0107 naszego narz\u0119dzia do&#8230;","protected":false},"author":10409641,"featured_media":6982,"parent":0,"menu_order":0,"comment_status":"closed","ping_status":"closed","template":"pages.php","meta":[],"categories":[73],"tags":[],"_links":{"self":[{"href":"https:\/\/sitechecker.pro\/pl\/wp-json\/wp\/v2\/pages\/7001"}],"collection":[{"href":"https:\/\/sitechecker.pro\/pl\/wp-json\/wp\/v2\/pages"}],"about":[{"href":"https:\/\/sitechecker.pro\/pl\/wp-json\/wp\/v2\/types\/page"}],"author":[{"embeddable":true,"href":"https:\/\/sitechecker.pro\/pl\/wp-json\/wp\/v2\/users\/10409641"}],"replies":[{"embeddable":true,"href":"https:\/\/sitechecker.pro\/pl\/wp-json\/wp\/v2\/comments?post=7001"}],"version-history":[{"count":39,"href":"https:\/\/sitechecker.pro\/pl\/wp-json\/wp\/v2\/pages\/7001\/revisions"}],"predecessor-version":[{"id":34888,"href":"https:\/\/sitechecker.pro\/pl\/wp-json\/wp\/v2\/pages\/7001\/revisions\/34888"}],"wp:featuredmedia":[{"embeddable":true,"href":"https:\/\/sitechecker.pro\/pl\/wp-json\/wp\/v2\/media\/6982"}],"wp:attachment":[{"href":"https:\/\/sitechecker.pro\/pl\/wp-json\/wp\/v2\/media?parent=7001"}],"wp:term":[{"taxonomy":"category","embeddable":true,"href":"https:\/\/sitechecker.pro\/pl\/wp-json\/wp\/v2\/categories?post=7001"},{"taxonomy":"post_tag","embeddable":true,"href":"https:\/\/sitechecker.pro\/pl\/wp-json\/wp\/v2\/tags?post=7001"}],"curies":[{"name":"wp","href":"https:\/\/api.w.org\/{rel}","templated":true}]}}