{"id":6992,"date":"2019-05-27T14:19:09","date_gmt":"2019-05-27T14:19:09","guid":{"rendered":"https:\/\/sitechecker.pro\/?page_id=6992"},"modified":"2025-03-18T08:21:22","modified_gmt":"2025-03-18T08:21:22","slug":"website-safety","status":"publish","type":"page","link":"https:\/\/sitechecker.pro\/pl\/website-safety\/","title":{"rendered":"Kontrola Bezpiecze\u0144stwa Witryny \u2014 Czy ta Witryna Jest Bezpieczna?"},"content":{"rendered":"<p>Bezpiecze\u0144stwo Twojej witryny jest istotnym czynnikiem, kt\u00f3ry bezpo\u015brednio wp\u0142ywa na rankingi w wyszukiwarkach. Wyszukiwarki wol\u0105 pokazywa\u0107 u\u017cytkownikom trafne wyniki z bezpiecznych witryn. Dlatego warto pomy\u015ble\u0107 o sprawdzeniu bezpiecze\u0144stwa swojego zasobu.<\/p>\n<p>Sprawdzanie bezpiecze\u0144stwa witryny to proste narz\u0119dzie, kt\u00f3re pozwala bez wysi\u0142ku odpowiedzie\u0107 na pytanie \u201eCzy ta witryna jest bezpieczna?\u201d. Wskazuje r\u00f3wnie\u017c, kt\u00f3re obszary Twojej witryny s\u0105 potencjalnie nara\u017cone na atak cyberprzest\u0119pc\u00f3w.<\/p>\n<p>Skorzystaj z naszego narz\u0119dzia do sprawdzania reputacji witryny, aby zapobiec problemom z w\u0142amaniami. Do\u0142o\u017cyli\u015bmy wszelkich stara\u0144, aby stworzy\u0107 jak najwygodniejsze i najprostsze narz\u0119dzie. Przyjrzyjmy si\u0119 bli\u017cej, dlaczego bezpiecze\u0144stwo w Internecie jest niezb\u0119dne i jak mo\u017cesz teraz zabezpieczy\u0107 sw\u00f3j zas\u00f3b.<\/p>\n<h2 id=\"ik_Check\">Jak sprawdzi\u0107, czy witryna jest wiarygodna za pomoc\u0105 naszego narz\u0119dzia do sprawdzania bezpiecze\u0144stwa witryny?<\/h2>\n<p>Sprawd\u017a reputacj\u0119 witryny, poniewa\u017c ma to bezpo\u015bredni wp\u0142yw na to, jak cz\u0119sto wyszukiwarki b\u0119d\u0105 wy\u015bwietla\u0107 j\u0105 u\u017cytkownikom. Je\u015bli Twoja witryna ma nisk\u0105 reputacj\u0119, oznacza to, \u017ce gdzie\u015b pope\u0142ni\u0142e\u015b b\u0142\u0119dy.<br \/>\nTwoi konkurenci mog\u0105 celowo pr\u00f3bowa\u0107 obni\u017cy\u0107 reputacj\u0119 Twojego zasobu, \u0142\u0105cz\u0105c si\u0119 z Tob\u0105 w niebezpiecznych zasobach. Powiniene\u015b regularnie sprawdza\u0107 zewn\u0119trzne linki do swojej witryny i kontaktowa\u0107 si\u0119 z administratorami niebezpiecznych zasob\u00f3w, aby je usun\u0105\u0107. Skorzystaj z naszego niezawodnego hostingu z najlepszymi gwarancjami bezpiecze\u0144stwa strony! Ju\u017c teraz zadbaj o bezpiecze\u0144stwo swojego zasobu.<\/p>\n<p>Aby znale\u017a\u0107 s\u0142abe punkty, u\u017cyj skanera bezpiecze\u0144stwa witryny i sprawd\u017a stan witryny bezpiecznego przegl\u0105dania.<\/p>\n<h2 id=\"ik_Free\">Bezp\u0142atne funkcje specjalne sprawdzania bezpiecze\u0144stwa witryny<\/h2>\n<p>Jest to wygodny i niezawodny kontroler bezpiecze\u0144stwa witryny, kt\u00f3ry pozwoli Ci sprawdzi\u0107 wszystkie aspekty dotycz\u0105ce bezpiecze\u0144stwa Twojego zasobu. Przyjrzyjmy si\u0119 bli\u017cej kluczowym funkcjom narz\u0119dzia.<\/p>\n<h3>Sprawd\u017a<\/h3>\n<p>Sprawd\u017a bezpiecze\u0144stwo witryny pod k\u0105tem naszych list bezpiecznego przegl\u0105dania wed\u0142ug platformy i rodzaj\u00f3w mo\u017cliwych zagro\u017ce\u0144. Dzi\u0119ki niemu mo\u017cesz dowiedzie\u0107 si\u0119, jakie b\u0142\u0119dy bezpiecze\u0144stwa ju\u017c pope\u0142ni\u0142e\u015b.<\/p>\n<h3>Ostrze\u017cenie<\/h3>\n<p>Ostrzegaj u\u017cytkownik\u00f3w, zanim klikn\u0105 zewn\u0119trzne sprawdzanie bezpiecze\u0144stwa adres\u00f3w URL w Twoim zasobie, kt\u00f3re mog\u0105 prowadzi\u0107 do zainfekowanych stron. To \u0142atwy spos\u00f3b na zabezpieczenie u\u017cytkownik\u00f3w witryny przed potencjalnym z\u0142o\u015bliwym oprogramowaniem.<\/p>\n<h3>Zapobieganie<\/h3>\n<p>Mo\u017cesz uniemo\u017cliwi\u0107 u\u017cytkownikom publikowanie niebezpiecznych link\u00f3w do Twojej witryny. Mog\u0105 zosta\u0107 zainfekowane, co wp\u0142ynie na reputacj\u0119 twojego zasobu.<\/p>\n<h2 id=\"ik_Typical\">Typowe objawy zhakowanej witryny<\/h2>\n<p>Niekt\u00f3re czynniki mog\u0105 pom\u00f3c w szybkim rozpoznaniu, \u017ce dany zas\u00f3b zosta\u0142 naruszony lub nie jest godny zaufania. Jednym z powod\u00f3w mo\u017ce by\u0107 po prostu b\u0142\u0105d, ale je\u015bli zauwa\u017cysz kilka problem\u00f3w, warto zaanga\u017cowa\u0107 si\u0119 w popraw\u0119 zabezpiecze\u0144 swojego zasobu. Przyjrzyjmy si\u0119 im bli\u017cej.<\/p>\n<ul>\n<li>Us\u0142ugi kontroli bezpiecze\u0144stwa umie\u015bci\u0142y ten zas\u00f3b na czarnej li\u015bcie<\/a>.<\/li>\n<li>Dostawca hostingu wy\u0142\u0105czy\u0142 obs\u0142ug\u0119 zasobu.<\/li>\n<li>Czas \u0142adowania stron witryny znacznie si\u0119 wyd\u0142u\u017cy\u0142. Strony mog\u0105 w og\u00f3le si\u0119 nie \u0142adowa\u0107 i nie otwiera\u0107 si\u0119 dla u\u017cytkownik\u00f3w.<\/li>\n<li>Ostrze\u017cenia o mo\u017cliwym w\u0142amaniu i braku bezpiecze\u0144stwa pojawi\u0105 si\u0119 podczas pr\u00f3by otwarcia stron witryny.<\/li>\n<li>U\u017cytkownicy zauwa\u017cyli pojawienie si\u0119 dziwnych przekierowa\u0144 ze stron Twojej witryny.<\/li>\n<\/ul>\n<p>Je\u015bli Ty lub u\u017cytkownicy Twojego zasobu zauwa\u017cyli\u015bcie takie rzeczy, nale\u017cy przeprowadzi\u0107 kontrol\u0119 bezpiecze\u0144stwa witryny, aby ustali\u0107, czy oszust w\u0142ama\u0142 si\u0119 na Twoj\u0105 witryn\u0119. Je\u015bli tak, Twoje dane mog\u0105 by\u0107 zagro\u017cone dostaniem si\u0119 w r\u0119ce os\u00f3b trzecich, a reputacja Twojej witryny mo\u017ce zosta\u0107 na zawsze zniszczona przez wyszukiwarki. Aby temu zapobiec, mo\u017cesz skorzysta\u0107 z naszego narz\u0119dzia do sprawdzania zhakowanych witryn, aby wykry\u0107 wszelkiego rodzaju problemy z bezpiecze\u0144stwem.<\/p>\n<h2 id=\"ik_What\">Co to jest Bezpieczne przegl\u0105danie Google?<\/h2>\n<p>Bezpieczne przegl\u0105danie Google to ogromna lista zasob\u00f3w online, kt\u00f3re mog\u0105 wykra\u015b\u0107 dane lub informacje u\u017cytkownik\u00f3w z Twojej witryny. Za pomoc\u0105 tego narz\u0119dzia mo\u017cesz sprawdzi\u0107 \u201eCzy witryna jest bezpieczna?\u201d. Algorytmy Google regularnie sprawdzaj\u0105 bezpiecze\u0144stwo witryny pod k\u0105tem problem\u00f3w z bezpiecze\u0144stwem. Mo\u017cesz u\u017cy\u0107 tej listy, aby okre\u015bli\u0107, kt\u00f3rym witrynom nie nale\u017cy ufa\u0107. Daje Ci wygodny i prosty spos\u00f3b na znalezienie stron z oszustami i nie kontaktowanie si\u0119 z nimi w celu wsp\u00f3\u0142pracy. Powiniene\u015b sprawdzi\u0107 tutaj wszystkie strony internetowe, kt\u00f3re oferuj\u0105 wymian\u0119 tre\u015bci, wymian\u0119 link\u00f3w lub jak\u0105kolwiek inn\u0105 wsp\u00f3\u0142prac\u0119, aby nie wpa\u015b\u0107 na haker\u00f3w.<\/p>\n<p>Zawsze nale\u017cy zachowa\u0107 ostro\u017cno\u015b\u0107 podczas odwiedzania nieznanych witryn, poniewa\u017c cyberprzest\u0119pcy codziennie kradn\u0105 gigabajty informacji, infekuj\u0105 sprz\u0119t z\u0142o\u015bliwymi wirusami, powoduj\u0105c zamkni\u0119cie ca\u0142ych korporacji i wyciek danych u\u017cytkownik\u00f3w. Warto zwr\u00f3ci\u0107 maksymaln\u0105 uwag\u0119 na bezpiecze\u0144stwo, poniewa\u017c bezpo\u015brednio wp\u0142ywa to na reputacj\u0119 Twojego zasobu w\u015br\u00f3d u\u017cytkownik\u00f3w oraz w wyszukiwarkach.<\/p>\n<p><iframe width=\"770\" height=\"350\" src=\"https:\/\/www.youtube.com\/embed\/w8uNzQqsTrU\" title=\"YouTube video player\" frameborder=\"0\" allow=\"accelerometer; autoplay; clipboard-write; encrypted-media; gyroscope; picture-in-picture\" allowfullscreen><\/iframe><\/p>\n<h2 id=\"ik_When\">Kiedy u\u017cywa\u0107 Kontrolera Bezpiecznego przegl\u0105dania Google?<\/h2>\n<p>Mo\u017cesz u\u017cy\u0107 narz\u0119dzia do sprawdzania Bezpiecznego przegl\u0105dania Google, aby sprawdzi\u0107, czy witryna jest bezpieczna. W ten spos\u00f3b mo\u017cesz okre\u015bli\u0107, kt\u00f3re witryny mog\u0105 by\u0107 z\u0142o\u015bliwe, i uzyska\u0107 dost\u0119p do swoich informacji. Proste sprawdzenie w tej us\u0142udze szybko i bezp\u0142atnie uzyska informacje o tym, jak godny zaufania jest ten zas\u00f3b.<\/p>\n<p>Zanim klikniesz na nieznany link, zawsze zalecamy sprawdzenie go dla bezpiecze\u0144stwa. Za pomoc\u0105 tego narz\u0119dzia mo\u017cesz r\u00f3wnie\u017c sprawdzi\u0107, kt\u00f3re witryny o niskiej reputacji maj\u0105 wzmianki o Twojej witrynie. W ten spos\u00f3b atakuj\u0105cy mog\u0105 pr\u00f3bowa\u0107 obni\u017cy\u0107 pozycj\u0119 Twojego zasobu w wyszukiwarkach.<br \/>\n<div class=\"content__img-wrap\"><img src=\"https:\/\/sitechecker.pro\/wp-content\/uploads\/2022\/01\/web_security_check.png\" alt=\"wykonaj kontrol\u0119, aby wykluczy\u0107 wszystkie niebezpieczne strony internetowe\" class=\"description-img description-img-zoom\" loading=\"lazy\" ><\/div><\/p>\n<p>Po sprawdzeniu b\u0119dziesz m\u00f3g\u0142 pobra\u0107 plik PDF z raportem. Mo\u017cesz r\u00f3wnie\u017c skopiowa\u0107 raport do schowka w tym formacie:<\/p>\n<div class=\"article__quote\">\n                    <div class=\"quote-text\">URL witryny internetowej: copywritely.com<\/p>\n<p>\u2022 Stan bezpiecze\u0144stwa witryny: Witryna nie znajduje si\u0119 na czarnej li\u015bcie i wygl\u0105da na bezpieczn\u0105 w u\u017cyciu.<\/p>\n<p>\u2022 Rejestracja domeny: 12 grudnia 2015 r.<\/p>\n<p>\u2022 Adres IP: 148.251.238.57<\/p>\n<p>\u2022 Kraj: Niemcy<\/p>\n<p>\u2022 Region: SN<\/p>\n<p>\u2022 Miasto: Falkenstein<\/div><\/div>\n<p>Oczywi\u015bcie mo\u017cesz skorzysta\u0107 ze wszystkich funkcji naszego serwisu, aby wykona\u0107 pe\u0142ny audyt strony i sprawdzi\u0107 go pod k\u0105tem wszelkiego rodzaju problem\u00f3w z SEO.<\/p>\n<h2 id=\"ik_Top\">Najwa\u017cniejsze wskaz\u00f3wki dotycz\u0105ce sprawdzania bezpiecze\u0144stwa witryny<\/h2>\n<p>Oto kilka prostych wskaz\u00f3wek, jak skutecznie przeprowadzi\u0107 kontrol\u0119 bezpiecze\u0144stwa platformy. Ich wdro\u017cenie nie zajmie du\u017co czasu, ale mo\u017ce znacznie zwi\u0119kszy\u0107 szanse na ochron\u0119 przed wyciekami informacji.<\/p>\n<table class=\"table-classic table-td-3\">\n<g\u0142owa><\/p>\n<tr>\n<th>Wskaz\u00f3wki<\/th>\n<th>Wyja\u015bnienie<\/th>\n<\/tr>\n<p><\/head><\/p>\n<tbody>\n<tr>\n<td><strong>W\u0142\u0105cz HTTPS<\/strong><\/td>\n<td>HTTPS chroni dane przed przechwyceniem i wykorzystaniem do nieuczciwych cel\u00f3w. Konieczne jest, aby Twoja witryna przeprowadza\u0142a transakcje p\u0142atnicze. Po prze\u0142\u0105czeniu na HTTPS ikona \u201eniezabezpieczonego po\u0142\u0105czenia\u201d zmieni si\u0119 w zielon\u0105 ikon\u0119 \u201ebezpieczne\u201d. Na przyk\u0142ad Google Chrome wy\u015bwietla teraz witryny HTTP jako niezabezpieczone i b\u0119dzie to jeszcze bardziej podkre\u015bla\u0107 w przysz\u0142o\u015bci.<\/td>\n<\/tr>\n<tr>\n<td><strong>Wy\u0142\u0105cz\/usu\u0144 niepotrzebne wtyczki<\/strong><\/td>\n<td>je\u015bli masz wtyczki, kt\u00f3rych nie u\u017cywasz w swojej witrynie, zapomnij je zaktualizowa\u0107. Prowadzi to do luki w zabezpieczeniach twojego zasobu. Nie my\u015bl, \u017ce nieaktywne wtyczki nie stanowi\u0105 zagro\u017cenia, poniewa\u017c atakuj\u0105cy mog\u0105 wykorzysta\u0107 t\u0119 luk\u0119 i zaatakowa\u0107 Tw\u00f3j zas\u00f3b.<\/td>\n<\/tr>\n<tr>\n<td><strong>Pliki kopii zapasowych<\/strong><\/td>\n<td>Regularne kopie zapasowe mog\u0105 by\u0107 \u015bwietnym sposobem na zabezpieczenie witryny przed w\u0142amaniami. Zwr\u00f3\u0107 odpowiedni\u0105 uwag\u0119 na tworzenie kopii zapasowych plik\u00f3w w swojej witrynie, aby unikn\u0105\u0107 mo\u017cliwo\u015bci wycieku informacji do stron trzecich.<\/td>\n<\/tr>\n<tr>\n<td><strong>Automatycznie generuj has\u0142a<\/strong><\/td>\n<td>us\u0142ugi generowania losowych hase\u0142 zazwyczaj daj\u0105 mo\u017cliwo\u015b\u0107 stworzenia bezpiecznej kombinacji w celu ochrony Twojej witryny. U\u017cyj sprawdzonej witryny generowania, aby zabezpieczy\u0107 dane w swoim zasobie.<\/td>\n<\/tr>\n<tr>\n<td><strong>Aktualizuj wtyczki i inne oprogramowanie<\/strong><\/td>\n<td>je\u015bli b\u0119dziesz aktualizowa\u0107 wszystkie nieaktywne wtyczki, prawdopodobnie nie b\u0119dziesz mie\u0107 problem\u00f3w z bezpiecze\u0144stwem. Je\u015bli jednak nie instalujesz aktualizacji nieaktywnych wtyczek, najlepiej je ca\u0142kowicie usun\u0105\u0107. <\/td>\n<\/tr>\n<\/tbody>\n<\/table>\n<h2 id=\"ik_High\">Wysokie bezpiecze\u0144stwo witryny z najlepszymi dostawcami us\u0142ug hostingowych<\/h2>\n<p>Znalezienie bezpiecznego i niezawodnego dostawcy us\u0142ug hostingowych nie jest \u0142atwym zadaniem, poniewa\u017c bezpiecze\u0144stwo danych jest najwy\u017cszym priorytetem dla w\u0142a\u015bcicieli witryn.<\/p>\n<p>Nawet du\u017ce korporacje z ogromnymi bud\u017cetami na bezpiecze\u0144stwo danych staj\u0105 w obliczu regularnych atak\u00f3w i narusze\u0144 bezpiecze\u0144stwa danych. \u201eCzy to bezpieczna strona internetowa?\u201d. Nikt nie mo\u017ce da\u0107 100% pewno\u015bci, ale lepiej podj\u0105\u0107 wszelkie mo\u017cliwe \u015brodki, aby zapewni\u0107 bezpiecze\u0144stwo zasobom.<\/p>\n<p>Regularne skanowanie platformy w poszukiwaniu mo\u017cliwego ataku wirus\u00f3w, instalowanie certyfikat\u00f3w bezpiecze\u0144stwa i wybieranie niezawodnej us\u0142ugi hostingowej to niezb\u0119dne \u015brodki, aby zapobiec atakom intruz\u00f3w na Twoje zasoby. Wybieraj\u0105c us\u0142ug\u0119 hostingow\u0105, zwr\u00f3\u0107 uwag\u0119 na jej zabezpieczenia.<\/p>\n<p>Och, nie zapomnij sprawdzi\u0107 witryny pod k\u0105tem problem\u00f3w z SEO i z\u0142o\u015bliwego oprogramowania.<\/p>\n<p>    <div class=\"blog__conversion blog__conversion-app element__logged_out\">\n        <div class=\"blog__conversion-inner\">\n            <p class=\"title\">Wykryj nie tylko problemy z bezpiecze\u0144stwem, ale tak\u017ce inne problemy techniczne na swojej stronie!<\/p>\n            <p class=\"description\">Przeszukuj swoj\u0105 witryn\u0119 i znajd\u017a wszelkiego rodzaju problemy, kt\u00f3re mog\u0105 zaszkodzi\u0107 u\u017cytkownikom lub SEO witryny.<\/p>\n            <form id=\"audit__form\"\n                  class=\"article__seo-search audit__form Przeszukuj swoj\u0105 witryn\u0119 i znajd\u017a wszelkiego rodzaju problemy, kt\u00f3re mog\u0105 zaszkodzi\u0107 u\u017cytkownikom lub SEO witryny.\"\n                  action=\"\"\n                  method=\"POST\"\n                  autocomplete=\"off\">\n                <span class=\"error\"><\/span>\n                <div class=\"error__limits\">Something went wrong. Please, try again later.<\/div>\n                <input name=\"url\"\n                       type=\"text\"\n                       placeholder=\"Wprowad\u017a tutaj swoj\u0105 domen\u0119\">\n                                <button type=\"submit\"\n                        class=\"sitechecker__text\">\n                    <span>Uruchom audyt<\/span>\n                    <img src=\"\/wp-content\/themes\/sitechecker\/out\/img_design\/loading.svg\"\n                         width=\"31\"\n                         height=\"30\"\n                         class=\"loading\">\n                <\/button>\n            <\/form>\n        <\/div>\n    <\/div>\n    <\/p>","protected":false},"excerpt":{"rendered":"Bezpiecze\u0144stwo Twojej witryny jest istotnym czynnikiem, kt\u00f3ry bezpo\u015brednio wp\u0142ywa na rankingi w wyszukiwarkach. Wyszukiwarki wol\u0105 pokazywa\u0107 u\u017cytkownikom trafne wyniki z bezpiecznych witryn. Dlatego warto pomy\u015ble\u0107 o sprawdzeniu bezpiecze\u0144stwa swojego zasobu. Sprawdzanie bezpiecze\u0144stwa witryny to proste narz\u0119dzie, kt\u00f3re pozwala bez wysi\u0142ku odpowiedzie\u0107 na pytanie \u201eCzy ta witryna jest bezpieczna?\u201d. Wskazuje r\u00f3wnie\u017c, kt\u00f3re obszary Twojej witryny s\u0105&#8230;","protected":false},"author":10409641,"featured_media":6976,"parent":0,"menu_order":0,"comment_status":"closed","ping_status":"closed","template":"pages-templates\/pages-minitools.php","meta":[],"categories":[73],"tags":[],"_links":{"self":[{"href":"https:\/\/sitechecker.pro\/pl\/wp-json\/wp\/v2\/pages\/6992"}],"collection":[{"href":"https:\/\/sitechecker.pro\/pl\/wp-json\/wp\/v2\/pages"}],"about":[{"href":"https:\/\/sitechecker.pro\/pl\/wp-json\/wp\/v2\/types\/page"}],"author":[{"embeddable":true,"href":"https:\/\/sitechecker.pro\/pl\/wp-json\/wp\/v2\/users\/10409641"}],"replies":[{"embeddable":true,"href":"https:\/\/sitechecker.pro\/pl\/wp-json\/wp\/v2\/comments?post=6992"}],"version-history":[{"count":119,"href":"https:\/\/sitechecker.pro\/pl\/wp-json\/wp\/v2\/pages\/6992\/revisions"}],"predecessor-version":[{"id":36024,"href":"https:\/\/sitechecker.pro\/pl\/wp-json\/wp\/v2\/pages\/6992\/revisions\/36024"}],"wp:featuredmedia":[{"embeddable":true,"href":"https:\/\/sitechecker.pro\/pl\/wp-json\/wp\/v2\/media\/6976"}],"wp:attachment":[{"href":"https:\/\/sitechecker.pro\/pl\/wp-json\/wp\/v2\/media?parent=6992"}],"wp:term":[{"taxonomy":"category","embeddable":true,"href":"https:\/\/sitechecker.pro\/pl\/wp-json\/wp\/v2\/categories?post=6992"},{"taxonomy":"post_tag","embeddable":true,"href":"https:\/\/sitechecker.pro\/pl\/wp-json\/wp\/v2\/tags?post=6992"}],"curies":[{"name":"wp","href":"https:\/\/api.w.org\/{rel}","templated":true}]}}