{"id":6990,"date":"2019-05-27T14:14:52","date_gmt":"2019-05-27T14:14:52","guid":{"rendered":"https:\/\/sitechecker.pro\/?page_id=6990"},"modified":"2024-10-03T14:47:40","modified_gmt":"2024-10-03T14:47:40","slug":"alexa-rank","status":"publish","type":"page","link":"https:\/\/sitechecker.pro\/pl\/alexa-rank\/","title":{"rendered":"Alexa Rank Checker: Sprawd\u017a stron\u0119 internetow\u0105 Alexa Ranking"},"content":{"rendered":"<p><\/p>\n<h2><strong>Co to jest Alexa Rank?<\/strong><\/h2>\n<p>Alexa Rank to us\u0142uga oceny s\u0142u\u017c\u0105ca do oceny stron internetowych, kt\u00f3ra opiera si\u0119 na cz\u0119stotliwo\u015bci odwiedzin i liczbie wy\u015bwietle\u0144. Statystyki pochodz\u0105 od u\u017cytkownik\u00f3w, kt\u00f3rzy zainstalowali pasek narz\u0119dzi Alexa w swojej przegl\u0105darce. Obecna ocena konkretnego zasobu internetowego jest okre\u015blona przez stosunek frekwencji na tej stronie do innych. Im ni\u017cszy wska\u017anik &#8211; tym wi\u0119ksza popularno\u015b\u0107 witryny.<\/p>\n<p>&nbsp;<\/p>\n<h2><strong>Jak dzia\u0142a Alexa Rank?<\/strong><\/h2>\n<p>W przypadku Alexa Rank przeprowadzane jest ci\u0105g\u0142e zbieranie danych, co przyczynia si\u0119 do systematycznej aktualizacji informacji i ruchu stron internetowych w rankingu. Aby \u0142atwo uzyska\u0107 informacje o witrynach, mo\u017cesz pobra\u0107 specjalny pasek narz\u0119dzi.<\/p>\n<p>Wszystkie informacje s\u0105 opracowywane na podstawie takich danych:<\/p>\n<ul>\n<li>ruch z wyszukiwania;<\/li>\n<li>liczba odwiedzin na stronach zasob\u00f3w;<\/li>\n<li>Czas sp\u0119dzony;<\/li>\n<li>\u0142\u0105czna liczba przegl\u0105danych stron;<\/li>\n<li>Wsp\u00f3\u0142czynnik odrzuce\u0144.<\/li>\n<\/ul>\n<h2><strong>Funkcje narz\u0119dzia Alexa Rank Checker:<\/strong><\/h2>\n<p>Teraz ca\u0142kowicie zrozumiesz, dlaczego potrzebujesz sprawdzania rangi Alexa. Po pierwsze, jest doskona\u0142ym narz\u0119dziem, kt\u00f3re dostarcza danych, kt\u00f3re mo\u017cna wykorzysta\u0107 do analizy konkurencji. \u0141atwo jest dowiedzie\u0107 si\u0119, jaka liczba u\u017cytkownik\u00f3w odwiedza stron\u0119 miesi\u0119cznie ca\u0142kowicie za darmo. Jedno klikni\u0119cie, a otrzymasz wszystkie potrzebne informacje o swojej stronie. Ale co jeszcze?<\/p>\n<ul>\n<li><strong>Twoja analiza strony.<\/strong> Nie jest to nic wa\u017cniejszego dla w\u0142a\u015bciciela witryny ni\u017c wiedza o tym, ile u\u017cytkownik\u00f3w codziennie odwiedza ich witryn\u0119. Aby nie straci\u0107 popularno\u015bci, mo\u017cesz monitorowa\u0107 ranking witryn internetowych Alexa w zakresie post\u0119p\u00f3w w witrynach.<\/li>\n<li><strong>Analiza konkurencji.<\/strong> To \u015bwietna okazja, aby por\u00f3wna\u0107 swoj\u0105 stron\u0119 i pozycj\u0119 konkurencyjn\u0105 Alexy. Witryny mo\u017cna klasyfikowa\u0107 wed\u0142ug parametr\u00f3w \u201eGlobalny\u201d, \u201eKraj\u201d i \u201eKategoria\u201d.<\/li>\n<li><strong>Analiza ruchu.<\/strong> Dowiesz si\u0119 z \u0142atwo\u015bci\u0105, z jakich kraj\u00f3w Twoja strona ma najwi\u0119kszy odsetek u\u017cytkownik\u00f3w. Jest to r\u00f3wnie\u017c dodatkowa okazja do sprawdzenia swoich konkurent\u00f3w i dopuszczenia nowych \u017ar\u00f3de\u0142 ruchu na swojej stronie.<\/li>\n<\/ul>\n<p><\/p>","protected":false},"excerpt":{"rendered":"Co to jest Alexa Rank? Alexa Rank to us\u0142uga oceny s\u0142u\u017c\u0105ca do oceny stron internetowych, kt\u00f3ra opiera si\u0119 na cz\u0119stotliwo\u015bci odwiedzin i liczbie wy\u015bwietle\u0144. Statystyki pochodz\u0105 od u\u017cytkownik\u00f3w, kt\u00f3rzy zainstalowali pasek narz\u0119dzi Alexa w swojej przegl\u0105darce. Obecna ocena konkretnego zasobu internetowego jest okre\u015blona przez stosunek frekwencji na tej stronie do innych. Im ni\u017cszy wska\u017anik &#8211;&#8230;","protected":false},"author":10409641,"featured_media":6970,"parent":0,"menu_order":0,"comment_status":"closed","ping_status":"closed","template":"pages-templates\/pages-minitools.php","meta":[],"categories":[30],"tags":[],"_links":{"self":[{"href":"https:\/\/sitechecker.pro\/pl\/wp-json\/wp\/v2\/pages\/6990"}],"collection":[{"href":"https:\/\/sitechecker.pro\/pl\/wp-json\/wp\/v2\/pages"}],"about":[{"href":"https:\/\/sitechecker.pro\/pl\/wp-json\/wp\/v2\/types\/page"}],"author":[{"embeddable":true,"href":"https:\/\/sitechecker.pro\/pl\/wp-json\/wp\/v2\/users\/10409641"}],"replies":[{"embeddable":true,"href":"https:\/\/sitechecker.pro\/pl\/wp-json\/wp\/v2\/comments?post=6990"}],"version-history":[{"count":17,"href":"https:\/\/sitechecker.pro\/pl\/wp-json\/wp\/v2\/pages\/6990\/revisions"}],"predecessor-version":[{"id":33656,"href":"https:\/\/sitechecker.pro\/pl\/wp-json\/wp\/v2\/pages\/6990\/revisions\/33656"}],"wp:featuredmedia":[{"embeddable":true,"href":"https:\/\/sitechecker.pro\/pl\/wp-json\/wp\/v2\/media\/6970"}],"wp:attachment":[{"href":"https:\/\/sitechecker.pro\/pl\/wp-json\/wp\/v2\/media?parent=6990"}],"wp:term":[{"taxonomy":"category","embeddable":true,"href":"https:\/\/sitechecker.pro\/pl\/wp-json\/wp\/v2\/categories?post=6990"},{"taxonomy":"post_tag","embeddable":true,"href":"https:\/\/sitechecker.pro\/pl\/wp-json\/wp\/v2\/tags?post=6990"}],"curies":[{"name":"wp","href":"https:\/\/api.w.org\/{rel}","templated":true}]}}