{"id":645,"date":"2017-12-11T09:48:13","date_gmt":"2017-12-11T09:48:13","guid":{"rendered":"https:\/\/sitechecker.pro\/?page_id=645"},"modified":"2026-02-13T17:39:36","modified_gmt":"2026-02-13T17:39:36","slug":"alt-tags","status":"publish","type":"page","link":"https:\/\/sitechecker.pro\/pl\/alt-tags\/","title":{"rendered":"Co to jest Alt Text (Alt Tags) i jak go u\u017cywa\u0107 w SEO?"},"content":{"rendered":"<p><\/p>\n<h2><strong>Co oznacza alt tag<\/strong><\/h2>\n<p><span data-sheets-value=\"{&quot;1&quot;:2,&quot;2&quot;:&quot;alt co to&quot;}\" data-sheets-userformat=\"{&quot;2&quot;:1063425,&quot;3&quot;:{&quot;1&quot;:0},&quot;12&quot;:0,&quot;14&quot;:[null,2,0],&quot;15&quot;:&quot;\\&quot;Helvetica Neue\\&quot;, Helvetica, Arial, sans-serif&quot;,&quot;16&quot;:11,&quot;23&quot;:2}\">Alt co to?\u00a0<\/span>Atrybut alt\u00a0to opis obrazu sk\u0142adaj\u0105cy si\u0119 z kilku s\u0142\u00f3w, odczytywanych przez przeszukiwacza podczas indeksowania strony. Je\u015bli u\u017cytkownik wy\u0142\u0105czy\u0142 funkcj\u0119 obs\u0142ugi grafiki w przegl\u0105darce, zamiast obrazu zostanie wy\u015bwietlona zawarto\u015b\u0107 znacznika. Tekst tego atrybutu nie powinien by\u0107 zbyt d\u0142ugi.<\/p>\n<p>Atrybut tytu\u0142u to opis u\u017cytkownika. Je\u015bli u\u017cytkownik przytrzyma kursor myszy na obrazie przez kilka sekund, pojawi si\u0119 atrybut tytu\u0142u. Zwykle do wype\u0142nienia tego tagu u\u017cywany jest szczeg\u00f3\u0142owy opis 1-2 propozycji.<\/p>\n<h2><strong>Dlaczego potrzebujemy tag\u00f3w alt?<\/strong><\/h2>\n<p>Bez w\u0105tpienia obraz graficzny za\u0142aduje si\u0119 poprawnie, nawet je\u015bli tagi obrazu nie maj\u0105 obrazu i tytu\u0142u. Ale w tym przypadku mo\u017cliwo\u015bci obraz\u00f3w SEO pozostan\u0105 nieaktywne. Po sp\u0119dzeniu troch\u0119 czasu na tworzeniu alternatywnego opisu webmaster b\u0119dzie m\u00f3g\u0142:<\/p>\n<ul>\n<li>przekaza\u0107 niezb\u0119dne dane do robota wyszukuj\u0105cego;<\/li>\n<li>przyci\u0105gn\u0105\u0107 nowych go\u015bci;<\/li>\n<li>zwi\u0119kszy\u0107 lojalno\u015b\u0107 czytelnik\u00f3w.<\/li>\n<\/ul>\n<p>Wyszukiwarki badaj\u0105 niepowtarzalno\u015b\u0107 obraz\u00f3w graficznych, ale nie s\u0105 w stanie analizowa\u0107 ich to\u017csamo\u015bci tematycznej. Dlatego je\u015bli webmaster chce, aby robot skategoryzowa\u0142 obraz, powinien utworzy\u0107 tekst dla znacznika alt.<\/p>\n<p>Opr\u00f3cz wyszukiwania g\u0142\u00f3wnego Google i Yandex maj\u0105 r\u00f3wnie\u017c us\u0142ug\u0119 \u201eobraz\u00f3w\u201d. Tworz\u0105c zoptymalizowane opisy tag\u00f3w image, webmaster zwi\u0119ksza szanse, \u017ce internauci b\u0119d\u0105 mogli odwiedzi\u0107 jego stron\u0119 internetow\u0105 za pomoc\u0105 tej us\u0142ugi. W rezultacie zapewniony zostanie wzrost ruchu.<\/p>\n<h2><strong>Jak u\u017cywa\u0107 tag\u00f3w w promocji SEO?<\/strong><\/h2>\n<p>Aby przyci\u0105gn\u0105\u0107 potencjalnych klient\u00f3w do promowanych \u017c\u0105da\u0144, webmaster musi tworzy\u0107 opisy przy u\u017cyciu fraz kluczowych dla alty i tytu\u0142. Tekst utworzony dla tagu alt mo\u017ce wygl\u0105da\u0107 nast\u0119puj\u0105co: \u201e<span style=\"font-weight: 400;\">adjective + key phrase<\/span>\u201d. Dla atrybutu tytu\u0142u zaleca si\u0119 utworzenie zdania z\u0142o\u017conego \u201e<span style=\"font-weight: 400;\">adjective + key + addition<\/span>\u201d.<\/p>\n<p>We\u017amy na przyk\u0142ad kluczow\u0105 \u201e<span style=\"font-weight: 400;\">New York real estate<\/span>\u201d. W przypadku takiego klucza mo\u017cesz narysowa\u0107 opis \u201e<span style=\"font-weight: 400;\">New York real estate luxury<\/span>\u201d, a tak\u017ce tytu\u0142 \u201eluksusowe nieruchomo\u015bci na Manhattanie w Nowym Jorku\u201d. Zoptymalizowany opis obrazu powinien zawiera\u0107 takie s\u0142owa, jak \u201e<span style=\"font-weight: 400;\">photo<\/span>\u201d, \u201e<span style=\"font-weight: 400;\">picture<\/span>\u201d.<\/p>","protected":false},"excerpt":{"rendered":"Co oznacza alt tag Alt co to?\u00a0Atrybut alt\u00a0to opis obrazu sk\u0142adaj\u0105cy si\u0119 z kilku s\u0142\u00f3w, odczytywanych przez przeszukiwacza podczas indeksowania strony. Je\u015bli u\u017cytkownik wy\u0142\u0105czy\u0142 funkcj\u0119 obs\u0142ugi grafiki w przegl\u0105darce, zamiast obrazu zostanie wy\u015bwietlona zawarto\u015b\u0107 znacznika. Tekst tego atrybutu nie powinien by\u0107 zbyt d\u0142ugi. Atrybut tytu\u0142u to opis u\u017cytkownika. Je\u015bli u\u017cytkownik przytrzyma kursor myszy na obrazie&#8230;","protected":false},"author":10504980,"featured_media":3419,"parent":0,"menu_order":0,"comment_status":"closed","ping_status":"closed","template":"pages-templates\/pages-minitools-3.php","meta":[],"categories":[74],"tags":[],"_links":{"self":[{"href":"https:\/\/sitechecker.pro\/pl\/wp-json\/wp\/v2\/pages\/645"}],"collection":[{"href":"https:\/\/sitechecker.pro\/pl\/wp-json\/wp\/v2\/pages"}],"about":[{"href":"https:\/\/sitechecker.pro\/pl\/wp-json\/wp\/v2\/types\/page"}],"author":[{"embeddable":true,"href":"https:\/\/sitechecker.pro\/pl\/wp-json\/wp\/v2\/users\/10504980"}],"replies":[{"embeddable":true,"href":"https:\/\/sitechecker.pro\/pl\/wp-json\/wp\/v2\/comments?post=645"}],"version-history":[{"count":52,"href":"https:\/\/sitechecker.pro\/pl\/wp-json\/wp\/v2\/pages\/645\/revisions"}],"predecessor-version":[{"id":39277,"href":"https:\/\/sitechecker.pro\/pl\/wp-json\/wp\/v2\/pages\/645\/revisions\/39277"}],"wp:featuredmedia":[{"embeddable":true,"href":"https:\/\/sitechecker.pro\/pl\/wp-json\/wp\/v2\/media\/3419"}],"wp:attachment":[{"href":"https:\/\/sitechecker.pro\/pl\/wp-json\/wp\/v2\/media?parent=645"}],"wp:term":[{"taxonomy":"category","embeddable":true,"href":"https:\/\/sitechecker.pro\/pl\/wp-json\/wp\/v2\/categories?post=645"},{"taxonomy":"post_tag","embeddable":true,"href":"https:\/\/sitechecker.pro\/pl\/wp-json\/wp\/v2\/tags?post=645"}],"curies":[{"name":"wp","href":"https:\/\/api.w.org\/{rel}","templated":true}]}}