{"id":6404,"date":"2020-07-18T11:19:35","date_gmt":"2020-07-18T09:19:35","guid":{"rendered":"https:\/\/sitechecker.pro\/?page_id=6404"},"modified":"2026-02-19T14:46:56","modified_gmt":"2026-02-19T14:46:56","slug":"traffic-checker","status":"publish","type":"page","link":"https:\/\/sitechecker.pro\/pl\/traffic-checker\/","title":{"rendered":"Sprawdzanie ruchu na stronie: szacowanie statystyk ruchu wed\u0142ug kana\u0142\u00f3w i dat"},"content":{"rendered":"<p><\/p>\n<h2 id=\"ik_traff_esimator\">Co to jest Narz\u0119dzie prognozy ruchu w witrynie?<\/h2>\n<p>Jest to niezb\u0119dne narz\u0119dzie dla ka\u017cdego w\u0142a\u015bciciela witryny lub marketera, kt\u00f3ry chce zoptymalizowa\u0107 swoj\u0105 obecno\u015b\u0107 w Internecie. Nasz <a href=\"https:\/\/sitechecker.pro\/what-is-website-traffic\/\" rel=\"noopener noreferrer\" target=\"_blank\">kontroler ruchu w witrynie<\/a> to wszechstronne i wydajne narz\u0119dzie do analizy danych zaprojektowany, aby pom\u00f3c Ci \u015bledzi\u0107, analizowa\u0107 i optymalizowa\u0107 wydajno\u015b\u0107 Twojej witryny.<\/p>\n<h3>Kluczowe funkcje narz\u0119dzia do sprawdzania ruchu w domenie:<\/h3>\n<ul>\n<li><strong>Kompleksowy pulpit nawigacyjny: <\/strong>Uzyskuj dost\u0119p do kompleksowych danych z Google Analytics, Google Search Console i SERP w jednym wygodnym miejscu, oszcz\u0119dzaj\u0105c czas i wysi\u0142ek.<\/li>\n<li><strong>\u0141atwy w obs\u0142udze interfejs: <\/strong>Dzi\u0119ki przyjaznym dla u\u017cytkownika pulpitom nawigacyjnym nasze wyszukiwanie ruchu w sieci u\u0142atwia p\u0142ynne poruszanie si\u0119 mi\u0119dzy danymi Twojej witryny i odkrywanie mo\u017cliwo\u015bci rozwoju.<\/li>\n<li><strong>Analiza konkurencji: <\/strong>wyprzed\u017a konkurencj\u0119, analizuj\u0105c <a href=\"https:\/\/sitechecker.pro\/what-is-organic-traffic\/\" rel=\"noopener noreferrer\" target=\"_blank\">dane ruchu organicznego<\/a>, widoczno\u015b\u0107 SERP i s\u0142owa kluczowe konkurencji, kt\u00f3re generuj\u0105 najwi\u0119kszy ruch. Wykorzystaj te informacje, aby zoptymalizowa\u0107 swoj\u0105 witryn\u0119 i przewy\u017cszy\u0107 rywali.<\/li>\n<li><strong>Funkcje globalnej platformy SEO: <\/strong>Nasza globalna platforma SEO oferuje znacznie wi\u0119cej ni\u017c tylko analiz\u0119 danych o ruchu. <a href=\"https:\/\/sitechecker.pro\/pl\/\" rel=\"noopener noreferrer\" target=\"_blank\">Sitechecker<\/a> obejmuje r\u00f3\u017cne funkcje, takie jak audyty SEO (na stronie i poza ni\u0105), <a href=\"https:\/\/sitechecker.pro\/rank-tracker\/\" rel=\"noopener noreferrer\" target=\"_blank\">\u015bledzenie rankingu<\/a>, monitorowanie witryny i nie tylko. Dzi\u0119ki tak przydatnej analizie danych mo\u017cesz \u0142atwo eliminowa\u0107 zagro\u017cenia i przewidywa\u0107 szanse.<\/li>\n<\/ul>\n<h2 id=\"ik_Importance\">Znaczenie analizy i monitorowania ruchu internetowego<\/h2>\n<p>Analiza danych o ruchu w Twojej witrynie ma kluczowe znaczenie dla promowania obecno\u015bci w Internecie oraz zwi\u0119kszania liczby bezp\u0142atnych wynik\u00f3w wyszukiwania i sprzeda\u017cy. Niezale\u017cnie od rozmiaru witryny lub liczby u\u017cytkownik\u00f3w, <a href=\"https:\/\/sitechecker.pro\/pages-per-session-metric\/\" rel=\"noopener noreferrer\" target=\"_blank\">sesja zwyk\u0142ego u\u017cytkownika <\/a> audyty s\u0105 niezb\u0119dne.<\/p>\n<p>Nasze narz\u0119dzie dostarcza cennych informacji o u\u017cytkownikach Twojej witryny, w tym ich \u017ar\u00f3d\u0142ach (bezp\u0142atne, <a href=\"https:\/\/sitechecker.pro\/what-is-direct-traffic\/\" rel=\"noopener noreferrer\" target=\"_blank\"> bezpo\u015bredni<\/a>, <a href=\"https:\/\/sitechecker.pro\/what-is-paid-traffic\/\" rel=\"noopener noreferrer\" target=\"_blank\">p\u0142atny<\/a>, <a href=\"\/\/sitechecker.pro\/what-is-social-traffic\/\u201d\" rel=\"noopener noreferrer\" target=\"_blank\">spo\u0142eczno\u015bci<\/a>, <a href=\"https:\/\/sitechecker.pro\/what -is-referral-traffic\/\" rel=\"noopener noreferrer\" target=\"_blank\">referral<\/a>, e-mail itp.) i zachowania, a tak\u017ce oferuje wgl\u0105d w optymalizacj\u0119 witryny poprzez identyfikacj\u0119 obszar\u00f3w wymagaj\u0105cych poprawy. Im bardziej szczeg\u00f3\u0142owe dane przetwarzasz, tym lepsze i dok\u0142adniejsze wyniki otrzymasz.<\/p>\n<p>Je\u015bli nie monitorujesz wydajno\u015bci i rankingu swojej witryny, stale tracisz potencjalnych go\u015bci i nowych u\u017cytkownik\u00f3w. Ka\u017cdego dnia pojawiaj\u0105 si\u0119 nowe wska\u017aniki zaanga\u017cowania, kt\u00f3re mierz\u0105 sukces witryny, ale podstawy kontroli ruchu w witrynie pozostaj\u0105 kluczowe.<\/p>\n<p>Stworzyli\u015bmy przewodnik wideo, kt\u00f3ry pomo\u017ce Ci bardziej zag\u0142\u0119bi\u0107 si\u0119 w szacowanie ruchu iw pe\u0142ni wykorzysta\u0107 wszystkie funkcje oferowane przez nasz\u0105 wyszukiwark\u0119 ruchu.<\/p>\n<p><iframe width=\"700\" height=\"350\" src=\"https:\/\/www.youtube.com\/embed\/AWQ_s7QLjsE\" title=\"YouTube video player\" frameborder=\"0\" allow=\"accelerometer; autoplay; clipboard-write; encrypted-media; gyroscope; picture-in-picture; web-share\" allowfullscreen><\/iframe><\/p>\n<h2 id=\"ik_how_to\">Jak korzysta\u0107 z narz\u0119dzia?<\/h2>\n<h3>Krok 1: Wprowad\u017a domen\u0119, dla kt\u00f3rej chcesz sprawdzi\u0107 ruch, a nast\u0119pnie kliknij przycisk \u201eSprawd\u017a ruch\u201d<\/h3>\n<div class=\"content__img-wrap\"><img src=\"https:\/\/sitechecker.pro\/wp-content\/uploads\/2023\/06\/traffic_checker_start.png\" alt=\"Jak korzysta\u0107 z narz\u0119dzia do sprawdzania ruchu w sieci, krok 1\" class=\"description-img description-img-zoom\" loading=\"lazy\" ><\/div>\n<div class=\"important-block\">Uwaga: Aby otrzyma\u0107 wyniki i uzyska\u0107 dost\u0119p do funkcji Sitechecker przez 14 dni, rozpocznij BEZP\u0141ATNY okres pr\u00f3bny. Rejestracja jest \u0142atwa za pomoc\u0105 adresu e-mail, konta Google lub Facebook. Karta kredytowa nie jest wymagana.<\/div>\n<h3>Krok 2: Okre\u015bl witryn\u0119, dla kt\u00f3rej chcesz uzyska\u0107 dost\u0119p do danych o ruchu<\/h3>\n<p>Nasze pot\u0119\u017cne narz\u0119dzie zapewnia \u0142atwy dost\u0119p do danych o ruchu zar\u00f3wno dla Twojej w\u0142asnej strony internetowej, jak i dla Twojej konkurencji. Zawarli\u015bmy r\u00f3wnie\u017c szereg cennych funkcji, kt\u00f3re pomog\u0105 Ci uzyska\u0107 g\u0142\u0119bszy wgl\u0105d w oba scenariusze. Korzystanie z tych funkcji zapewnia lepsze zrozumienie wydajno\u015bci online i przewag\u0119 konkurencyjn\u0105 w Twojej bran\u017cy. Odpowiadaj\u0105c, czy to Twoja witryna, czy nie, pomagasz nam przygotowa\u0107 odpowiedni dashboard dla Twoich potrzeb.<\/p>\n<div class=\"content__img-wrap\"><img src=\"https:\/\/sitechecker.pro\/wp-content\/uploads\/2023\/03\/traffic_checker_site_choose.png\" alt=\"Jak korzysta\u0107 z narz\u0119dzia do sprawdzania ruchu w sieci, krok 2 \u2014 okre\u015bl witryn\u0119\" class=\"description-img description-img-zoom\" loading=\"lazy\" ><\/div>\n<h3>Krok 3: Uzyskaj dost\u0119p do swoich wynik\u00f3w i skorzystaj z naszych zaawansowanych funkcji<\/h3>\n<h3 id=\"ik_own_website\">W\u0142asna witryna<\/h3>\n<p>Aby uzyska\u0107 dost\u0119p do danych w\u0142asnej witryny, po prostu wybierz <strong>\u201eTak, to jest moje\u201d<\/strong> i po\u0142\u0105cz swoje konta GA i GSC. Ta fantastyczna funkcja mo\u017ce si\u0119 naprawd\u0119 przyda\u0107 administratorom witryn, SEO i marketerom. Pozwala monitorowa\u0107 ruch na stronie z dw\u00f3ch najlepszych platform analitycznych, wszystko w jednym miejscu. Stworzyli\u015bmy r\u00f3wnie\u017c niestandardowe pulpity nawigacyjne z cennymi spostrze\u017ceniami.<\/p>\n<div class=\"content__img-wrap\"><img src=\"https:\/\/sitechecker.pro\/wp-content\/uploads\/2023\/03\/traffic_checker_own_site.png\" alt=\"Kontroler ruchu \u2014 po\u0142\u0105cz GA i GSC\" class=\"description-img description-img-zoom\" loading=\"lazy\" ><\/div>\n<p>Przyjrzyj si\u0119 naszym og\u00f3lnym pulpitom nawigacyjnym, kt\u00f3re zapewniaj\u0105 wgl\u0105d w wszystkich odwiedzaj\u0105cych i ruch organiczny z Google Analytics. Dane reprezentowane w widoczno\u015bci s\u0105 oparte na Twoich s\u0142owach kluczowych zajmuj\u0105cych najwy\u017csz\u0105 pozycj\u0119 w rankingu, podczas gdy inne, takie jak wy\u015bwietlenia, klikni\u0119cia, wsp\u00f3\u0142czynniki klikalno\u015bci (CTR), pozycje i s\u0142owa kluczowe w rankingu, s\u0105 oparte na najwy\u017cszych danych z Google Search Console.<\/p>\n<div class=\"content__img-wrap\"><img src=\"https:\/\/sitechecker.pro\/wp-content\/uploads\/2023\/05\/traffic_step_3-1.png\" alt=\"Kontroler ruchu \u2014 u\u017cyj pulpit\u00f3w nawigacyjnych\" class=\"description-img description-img-zoom\" loading=\"lazy\" ><\/div>\n<p>Aby p\u0142ynnie \u015bledzi\u0107 dynamik\u0119 Twojej witryny, nasze pulpity nawigacyjne zawieraj\u0105 r\u00f3wnie\u017c wiele innych szczeg\u00f3\u0142owych informacji z przyjaznym dla u\u017cytkownika interfejsem. Na przyk\u0142ad, je\u015bli masz dane e-commerce w Google Analytics, mo\u017cesz uzyska\u0107 dost\u0119p do danych sprzeda\u017cy i korelacji z ruchem. Daje to pe\u0142ny obraz wynik\u00f3w osi\u0105ganych przez witryn\u0119 internetow\u0105. Co wi\u0119cej, \u0142atwo jest sprawdzi\u0107 dane dla okre\u015blonego przedzia\u0142u czasowego, czy to dziennego, tygodniowego czy miesi\u0119cznego.<\/p>\n<div class=\"content__img-wrap\"><img src=\"https:\/\/sitechecker.pro\/wp-content\/uploads\/2023\/05\/traffic_step_3-2.png\" alt=\"Kontroler ruchu \u2014 dane GA\" class=\"description-img description-img-zoom\" loading=\"lazy\" ><\/div>\n<p>Je\u015bli interesuj\u0105 Ci\u0119 statystyki GSC, sprawd\u017a tablic\u0119 zawieraj\u0105c\u0105 informacje o skuteczno\u015bci, pozycjach, widoczno\u015bci, 100 najlepszych s\u0142\u00f3w kluczowych i 100 najlepszych stronach docelowych.<\/p>\n<div class=\"content__img-wrap\"><img src=\"https:\/\/sitechecker.pro\/wp-content\/uploads\/2023\/05\/traffic_step_3-3.png\" alt=\"Kontroler ruchu \u2014 dane GSC\" class=\"description-img description-img-zoom\" loading=\"lazy\" ><\/div>\n<p>Podobna tablica jest przeznaczona dla s\u0142\u00f3w kluczowych z narz\u0119dzia do \u015bledzenia pozycji.<\/p>\n<div class=\"content__img-wrap\"><img src=\"https:\/\/sitechecker.pro\/wp-content\/uploads\/2023\/05\/traffic_step_3-4.png\" alt=\"Kontroler ruchu \u2014 dane Rank Tracker\" class=\"description-img description-img-zoom\" loading=\"lazy\" ><\/div>\n<p>Je\u015bli posiadasz wiele witryn internetowych, pracujesz dla agencji SEO lub zarz\u0105dzasz du\u017c\u0105 witryn\u0105 internetow\u0105 dla przedsi\u0119biorc\u00f3w, nasze narz\u0119dzie ma okre\u015blon\u0105 funkcj\u0119, kt\u00f3r\u0105 docenisz. Pulpit nawigacyjny projektu umo\u017cliwia \u015bledzenie ruchu i innych wska\u017anik\u00f3w wydajno\u015bci dla wi\u0119kszo\u015bci witryn posiadanych przez Ciebie lub Twoich klient\u00f3w. Alternatywnie mo\u017cesz na przyk\u0142ad podzieli\u0107 du\u017cy projekt na okre\u015blone cz\u0119\u015bci lub j\u0119zyki i \u015bledzi\u0107 je indywidualnie.<\/p>\n<div class=\"content__img-wrap\"><img src=\"https:\/\/sitechecker.pro\/wp-content\/uploads\/2023\/05\/traffic_step_3-5.png\" alt=\"Kontroler ruchu - r\u00f3\u017cne projekty\" class=\"description-img description-img-zoom\" loading=\"lazy\" ><\/div>\n<p>Je\u015bli potrzebujesz sporz\u0105dza\u0107 raporty dla swoich klient\u00f3w, mamy to dla Ciebie. Stworzyli\u015bmy je ju\u017c dla Ciebie, wi\u0119c wystarczy je pobra\u0107 lub udost\u0119pni\u0107.<\/p>\n<div class=\"content__img-wrap\"><img src=\"https:\/\/sitechecker.pro\/wp-content\/uploads\/2023\/05\/traffic_step_3-6.png\" alt=\"Kontroler ruchu - raporty\" class=\"description-img description-img-zoom\" loading=\"lazy\" ><\/div>\n<h3 id=\"ik_competitors_website\">Do analizy witryn konkurencji<\/h3>\n<p>Po pierwsze, zalecamy wybranie konkretnego regionu, aby upewni\u0107 si\u0119, \u017ce dane s\u0105 przejrzyste, aktualne i zapewniaj\u0105 wgl\u0105d w sytuacj\u0119 na lokalnym rynku do analizy.<\/p>\n<div class=\"content__img-wrap\"><img src=\"https:\/\/sitechecker.pro\/wp-content\/uploads\/2023\/05\/traffic_checker_competitor.png\" alt=\"Test konkurencji sprawdzania ruchu\" class=\"description-img description-img-zoom\" loading=\"lazy\" ><\/div>\n<p>Przyjrzyjmy si\u0119 bli\u017cej g\u0142\u00f3wnym elementom narz\u0119dzia do szacowania ruchu na stronie i zastan\u00f3wmy si\u0119, w jaki spos\u00f3b pomagaj\u0105 one oceni\u0107 konkurencj\u0119.<\/p>\n<div class=\"content__img-wrap\"><img src=\"https:\/\/sitechecker.pro\/wp-content\/uploads\/2023\/05\/traffic_checker_competitor_results.png\" alt=\"Wyniki konkurencji w sprawdzaniu ruchu\" class=\"description-img description-img-zoom\" loading=\"lazy\" ><\/div>\n<p><strong>Ruch organiczny:<\/strong> jest generowany na podstawie wsp\u00f3\u0142czynnika klikalno\u015bci (CTR) i liczby operacji wyszukiwania zwi\u0105zanych z ka\u017cdym s\u0142owem kluczowym, dla kt\u00f3rego domena zajmuje pozycj\u0119 w rankingu.<\/p>\n<p><strong>Warto\u015b\u0107 ruchu:<\/strong> przedstawia koszt zwi\u0105zany ze zwi\u0119kszeniem szacowanego miesi\u0119cznego nat\u0119\u017cenia ruchu organicznego dzi\u0119ki reklamom p\u0142atnym za klikni\u0119cie (PPC) w wyszukiwarce Google. Pozwala to zrozumie\u0107 potencjaln\u0105 warto\u015b\u0107 finansow\u0105 ruchu.<\/p>\n<p><strong>Pozycje na stronie wynik\u00f3w wyszukiwania organicznego (SERP):<\/strong> Ten wska\u017anik pokazuje liczb\u0119 s\u0142\u00f3w kluczowych, dla kt\u00f3rych konkurent plasuje si\u0119 na r\u00f3\u017cnych pozycjach w SERP: g\u00f3ra 1, 2-3, 4-10, 11-20, 21 -30, 31-50, 51-70 i 71-100. Daje wgl\u0105d w og\u00f3ln\u0105 widoczno\u015b\u0107 konkurenta w wynikach wyszukiwania.<\/p>\n<p>Ponadto prognoza ruchu naszego konkurenta obejmuje dodatkow\u0105 funkcj\u0119, najwa\u017cniejsze s\u0142owa kluczowe. Ta funkcja umo\u017cliwia sprawdzenie ponad 30 najlepszych s\u0142\u00f3w kluczowych, dla kt\u00f3rych witryna zajmuje pozycj\u0119 w rankingu. Ka\u017cdemu s\u0142owu kluczowemu towarzyszy odpowiedni adres URL w SERP, pozycja w wynikach wyszukiwania, \u015brednia miesi\u0119czna liczba wyszukiwa\u0144, koszt klikni\u0119cia (CPC) z Google Ads oraz najlepsze lokalizacje geograficzne, w kt\u00f3rych witryna zajmuje pozycj\u0119 dla s\u0142owa kluczowego.<\/p>\n<div class=\"content__img-wrap\"><img src=\"https:\/\/sitechecker.pro\/wp-content\/uploads\/2023\/05\/traffic_checker_competitor_keywords.png\" alt=\"S\u0142owa kluczowe konkurencji w sprawdzaniu ruchu\" class=\"description-img description-img-zoom\" loading=\"lazy\" ><\/div>\n<p>Je\u015bli jeste\u015b zainteresowany nie tylko obliczaniem liczby odwiedzaj\u0105cych witryn\u0119 konkurencji, ale tak\u017ce ocen\u0105 ich technicznej wydajno\u015bci SEO, mo\u017cesz skorzysta\u0107 z naszej funkcji audytu SEO.<\/p>\n<div class=\"content__img-wrap\"><img src=\"https:\/\/sitechecker.pro\/wp-content\/uploads\/2023\/05\/traffic_checker_competitor_audit.png\" alt=\"Funkcja kontroli konkurencji w sprawdzaniu ruchu\" class=\"description-img description-img-zoom\" loading=\"lazy\" ><\/div>\n    <div class=\"blog__conversion blog__conversion-app element__logged_out\">\n        <div class=\"blog__conversion-inner\">\n            <p class=\"title\">Odblokuj moc wydajno\u015bci swojej witryny dzi\u0119ki naszemu narz\u0119dziu do sprawdzania ruchu!<\/p>\n            <p class=\"description\">Zanurz si\u0119 g\u0142\u0119boko w wydajno\u015b\u0107 swojej witryny i wyprzed\u017a konkurencj\u0119 dzi\u0119ki naszemu zaawansowanemu narz\u0119dziu do sprawdzania ruchu.<\/p>\n            <form id=\"audit__form\"\n                  class=\"article__seo-search audit__form Zanurz si\u0119 g\u0142\u0119boko w wydajno\u015b\u0107 swojej witryny i wyprzed\u017a konkurencj\u0119 dzi\u0119ki naszemu zaawansowanemu narz\u0119dziu do sprawdzania ruchu.\"\n                  action=\"\"\n                  method=\"POST\"\n                  autocomplete=\"off\">\n                <span class=\"error\"><\/span>\n                <div class=\"error__limits\">Something went wrong. Please, try again later.<\/div>\n                <input name=\"url\"\n                       type=\"text\"\n                       placeholder=\"\">\n                <input name=\"register_url\" type=\"hidden\" value=\"traffic-checker\">                <button type=\"submit\"\n                        class=\"sitechecker__text\">\n                    <span>Sprawd\u017a ruch<\/span>\n                    <img src=\"\/wp-content\/themes\/sitechecker\/out\/img_design\/loading.svg\"\n                         width=\"31\"\n                         height=\"30\"\n                         class=\"loading\">\n                <\/button>\n            <\/form>\n        <\/div>\n    <\/div>\n    \n<h2 id=\"ik_Final\">Ostateczne przemy\u015blenia na temat narz\u0119dzia do sprawdzania odwiedzaj\u0105cych witryn\u0119<\/h2>\n<p>Nasze narz\u0119dzie jest uniwersalnym rozwi\u0105zaniem dla r\u00f3\u017cnych potrzeb analizy odwiedzaj\u0105cych. Mo\u017cesz go u\u017cy\u0107 do agregowania danych z GA, GSC i SERP w jednym miejscu. Dzi\u0119ki w pe\u0142ni automatycznym konfigurowalnym pulpitom nawigacyjnym mo\u017cesz uzyska\u0107 przydatne informacje i skoncentrowa\u0107 si\u0119 na danych, kt\u00f3re zapewni\u0105 najlepsze wyniki. Dodatkowo mo\u017cesz go u\u017cy\u0107 do analizy rynku i kontroli konkurencji, w tym szacowania ruchu organicznego i oceny cen. Dowiedz si\u0119, kt\u00f3re s\u0142owa kluczowe zapewniaj\u0105 Twoim rywalom najlepsz\u0105 widoczno\u015b\u0107 i wyniki ruchu, aby poprawi\u0107 swoj\u0105 skuteczno\u015b\u0107. Mo\u017ce by\u0107 \u015bwietnym rozwi\u0105zaniem do kontrolowania i analizowania ruchu w jednym miejscu.<\/p>\n<div id=\"FAQ\"><\/div>\n<p><div class=\"front__faq-block\"><div class=\"faq__block-title\">FAQ<\/div><div class=\"panel-group\" id=\"faq-accordion\" itemscope itemtype=\"https:\/\/schema.org\/FAQPage\" role=\"tablist\" aria-multiselectable=\"true\"><div class=\"panel\" itemscope itemtype=\"https:\/\/schema.org\/Question\" itemprop=\"mainEntity\">\n                            <div class=\"panel-heading\" id=\"headingFaq-1\">\n                                <div class=\"panel-title\" data-toggle=\"collapse\" aria-expanded=\"false\" href=\"#collapseFaq-1\">\n                                    <h3 itemprop=\"name\">Czy mog\u0119 bezp\u0142atnie sprawdzi\u0107 ruch w witrynie?<\/h3>\n                                <\/div>\n                            <\/div>\n                            <div id=\"collapseFaq-1\" class=\"panel-collapse collapse\" itemprop=\"acceptedAnswer\" itemscope itemtype=\"http:\/\/schema.org\/Answer\">\n                                <div class=\"panel-body\" itemprop=\"text\">Tak! Dzi\u0119ki naszemu analizatorowi ruchu w witrynie mo\u017cesz rozpocz\u0105\u0107 bezp\u0142atny okres pr\u00f3bny na 14 dni i uzyska\u0107 pe\u0142ny dost\u0119p do funkcji naszego narz\u0119dzia. Je\u015bli jednak po zako\u0144czeniu okresu pr\u00f3bnego chcesz nadal monitorowa\u0107 swoje dane i uzyska\u0107 dost\u0119p do dodatkowych funkcji, takich jak audyt i monitorowanie witryny itp. Musisz przej\u015b\u0107 na p\u0142atny plan.<\/div>\n                            <\/div>\n                        <\/div><div class=\"panel\" itemscope itemtype=\"https:\/\/schema.org\/Question\" itemprop=\"mainEntity\">\n                            <div class=\"panel-heading\" id=\"headingFaq-2\">\n                                <div class=\"panel-title\" data-toggle=\"collapse\" aria-expanded=\"false\" href=\"#collapseFaq-2\">\n                                    <h3 itemprop=\"name\">Jak sprawdzi\u0107 ruch w mojej witrynie?<\/h3>\n                                <\/div>\n                            <\/div>\n                            <div id=\"collapseFaq-2\" class=\"panel-collapse collapse\" itemprop=\"acceptedAnswer\" itemscope itemtype=\"http:\/\/schema.org\/Answer\">\n                                <div class=\"panel-body\" itemprop=\"text\">Po prostu wprowad\u017a nazw\u0119 domeny swojej witryny i rozpocznij bezp\u0142atny okres pr\u00f3bny. Nast\u0119pnie wybierz opcj\u0119 sprawdzenia w\u0142asnej witryny. Otrzymasz pe\u0142ny pakiet danych z GSC, GA i SERP.<\/div>\n                            <\/div>\n                        <\/div><div class=\"panel\" itemscope itemtype=\"https:\/\/schema.org\/Question\" itemprop=\"mainEntity\">\n                            <div class=\"panel-heading\" id=\"headingFaq-3\">\n                                <div class=\"panel-title\" data-toggle=\"collapse\" aria-expanded=\"false\" href=\"#collapseFaq-3\">\n                                    <h3 itemprop=\"name\">Jak znale\u017a\u0107 ruch na stronie konkurencji?<\/h3>\n                                <\/div>\n                            <\/div>\n                            <div id=\"collapseFaq-3\" class=\"panel-collapse collapse\" itemprop=\"acceptedAnswer\" itemscope itemtype=\"http:\/\/schema.org\/Answer\">\n                                <div class=\"panel-body\" itemprop=\"text\">Po prostu wprowad\u017a nazw\u0119 domeny konkurencji i rozpocznij bezp\u0142atny okres pr\u00f3bny. Nast\u0119pnie wybierz opcj\u0119 sprawdzenia witryn konkurencji. W ci\u0105gu kilku sekund otrzymasz dane o ruchu organicznym konkurencji, warto\u015b\u0107 ruchu, pozycje w organicznych SERP i top s\u0142owa kluczowe generuj\u0105ce odwiedzaj\u0105cych.<\/div>\n                            <\/div>\n                        <\/div><div class=\"panel\" itemscope itemtype=\"https:\/\/schema.org\/Question\" itemprop=\"mainEntity\">\n                            <div class=\"panel-heading\" id=\"headingFaq-4\">\n                                <div class=\"panel-title\" data-toggle=\"collapse\" aria-expanded=\"false\" href=\"#collapseFaq-4\">\n                                    <h3 itemprop=\"name\">Czy mog\u0119 zobaczy\u0107 histori\u0119 ruchu w witrynie za pomoc\u0105 tego narz\u0119dzia?<\/h3>\n                                <\/div>\n                            <\/div>\n                            <div id=\"collapseFaq-4\" class=\"panel-collapse collapse\" itemprop=\"acceptedAnswer\" itemscope itemtype=\"http:\/\/schema.org\/Answer\">\n                                <div class=\"panel-body\" itemprop=\"text\">Po po\u0142\u0105czeniu kont Google Analytics i Google Search Console z Sitecheckerem uzyskasz dost\u0119p do danych historycznych dotycz\u0105cych Twojej witryny.<\/div>\n                            <\/div>\n                        <\/div><div class=\"panel\" itemscope itemtype=\"https:\/\/schema.org\/Question\" itemprop=\"mainEntity\">\n                            <div class=\"panel-heading\" id=\"headingFaq-5\">\n                                <div class=\"panel-title\" data-toggle=\"collapse\" aria-expanded=\"false\" href=\"#collapseFaq-5\">\n                                    <h3 itemprop=\"name\">Co to jest analiza ruchu w witrynie?<\/h3>\n                                <\/div>\n                            <\/div>\n                            <div id=\"collapseFaq-5\" class=\"panel-collapse collapse\" itemprop=\"acceptedAnswer\" itemscope itemtype=\"http:\/\/schema.org\/Answer\">\n                                <div class=\"panel-body\" itemprop=\"text\">Analiza ruchu w witrynie polega na gromadzeniu i interpretowaniu (analizowaniu) danych o osobach odwiedzaj\u0105cych Twoj\u0105 witryn\u0119 w celu zrozumienia ich zachowania.<\/div>\n                            <\/div>\n                        <\/div><div class=\"panel\" itemscope itemtype=\"https:\/\/schema.org\/Question\" itemprop=\"mainEntity\">\n                            <div class=\"panel-heading\" id=\"headingFaq-6\">\n                                <div class=\"panel-title\" data-toggle=\"collapse\" aria-expanded=\"false\" href=\"#collapseFaq-6\">\n                                    <h3 itemprop=\"name\">Czy mog\u0119 \u015bledzi\u0107 ruch w witrynie?<\/h3>\n                                <\/div>\n                            <\/div>\n                            <div id=\"collapseFaq-6\" class=\"panel-collapse collapse\" itemprop=\"acceptedAnswer\" itemscope itemtype=\"http:\/\/schema.org\/Answer\">\n                                <div class=\"panel-body\" itemprop=\"text\">Dzi\u0119ki naszemu narz\u0119dziu mo\u017cesz \u0142atwo i regularnie zbiera\u0107 i \u015bledzi\u0107 statystyki ruchu w witrynie z Google Search Console, Google Analytics i stron wynik\u00f3w wyszukiwania (SERP).<\/div>\n                            <\/div>\n                        <\/div><\/div><\/div><\/p>","protected":false},"excerpt":{"rendered":"Co to jest Narz\u0119dzie prognozy ruchu w witrynie? Jest to niezb\u0119dne narz\u0119dzie dla ka\u017cdego w\u0142a\u015bciciela witryny lub marketera, kt\u00f3ry chce zoptymalizowa\u0107 swoj\u0105 obecno\u015b\u0107 w Internecie. Nasz kontroler ruchu w witrynie to wszechstronne i wydajne narz\u0119dzie do analizy danych zaprojektowany, aby pom\u00f3c Ci \u015bledzi\u0107, analizowa\u0107 i optymalizowa\u0107 wydajno\u015b\u0107 Twojej witryny. Kluczowe funkcje narz\u0119dzia do sprawdzania ruchu&#8230;","protected":false},"author":10504980,"featured_media":6981,"parent":0,"menu_order":0,"comment_status":"closed","ping_status":"closed","template":"pages-templates\/pages-minitools-3.php","meta":[],"categories":[75],"tags":[],"_links":{"self":[{"href":"https:\/\/sitechecker.pro\/pl\/wp-json\/wp\/v2\/pages\/6404"}],"collection":[{"href":"https:\/\/sitechecker.pro\/pl\/wp-json\/wp\/v2\/pages"}],"about":[{"href":"https:\/\/sitechecker.pro\/pl\/wp-json\/wp\/v2\/types\/page"}],"author":[{"embeddable":true,"href":"https:\/\/sitechecker.pro\/pl\/wp-json\/wp\/v2\/users\/10504980"}],"replies":[{"embeddable":true,"href":"https:\/\/sitechecker.pro\/pl\/wp-json\/wp\/v2\/comments?post=6404"}],"version-history":[{"count":222,"href":"https:\/\/sitechecker.pro\/pl\/wp-json\/wp\/v2\/pages\/6404\/revisions"}],"predecessor-version":[{"id":39361,"href":"https:\/\/sitechecker.pro\/pl\/wp-json\/wp\/v2\/pages\/6404\/revisions\/39361"}],"wp:featuredmedia":[{"embeddable":true,"href":"https:\/\/sitechecker.pro\/pl\/wp-json\/wp\/v2\/media\/6981"}],"wp:attachment":[{"href":"https:\/\/sitechecker.pro\/pl\/wp-json\/wp\/v2\/media?parent=6404"}],"wp:term":[{"taxonomy":"category","embeddable":true,"href":"https:\/\/sitechecker.pro\/pl\/wp-json\/wp\/v2\/categories?post=6404"},{"taxonomy":"post_tag","embeddable":true,"href":"https:\/\/sitechecker.pro\/pl\/wp-json\/wp\/v2\/tags?post=6404"}],"curies":[{"name":"wp","href":"https:\/\/api.w.org\/{rel}","templated":true}]}}