{"id":622,"date":"2020-06-25T08:38:54","date_gmt":"2020-06-25T06:38:54","guid":{"rendered":"https:\/\/sitechecker.pro\/?page_id=622"},"modified":"2024-09-25T10:51:37","modified_gmt":"2024-09-25T10:51:37","slug":"what-is-url","status":"publish","type":"page","link":"https:\/\/sitechecker.pro\/pl\/what-is-url\/","title":{"rendered":"URL Checker: maksymalny limit d\u0142ugo\u015bci przyjaznego"},"content":{"rendered":"<p>Jedn\u0105 z najlepszych praktyk w tworzeniu stron internetowych jest utrzymywanie kr\u00f3tkich i zwi\u0119z\u0142ych adres\u00f3w URL. U\u0142atwia to zapami\u0119tanie, gdzie znajduj\u0105 si\u0119 okre\u015blone tre\u015bci w Twojej witrynie, i przyspiesza \u0142adowanie stron, poniewa\u017c wysy\u0142asz mniej danych przez internet. <strong>Narz\u0119dzie do sprawdzania d\u0142ugo\u015bci adresu URL<\/strong> zmierzy d\u0142ugo\u015b\u0107 dowolnego adresu URL i okre\u015bli, czy spe\u0142nia on wymagania Google, Yahoo, Bing i innych wyszukiwarek \u2014 a tak\u017ce serwis\u00f3w spo\u0142eczno\u015bciowych, takich jak Facebook i \u015awiergot.<\/p>\n<h2 id=\"what_is\">Co to jest narz\u0119dzie do sprawdzania d\u0142ugo\u015bci adresu URL?<\/h2>\n<p>Sprawdzanie d\u0142ugo\u015bci adresu URL to narz\u0119dzie, kt\u00f3re pozwala wy\u015bwietli\u0107 liczb\u0119 znak\u00f3w w adresie URL. W ten spos\u00f3b mo\u017cesz sprawdzi\u0107, czy spe\u0142nia limit d\u0142ugo\u015bci adresu URL wyszukiwarek i wprowadzi\u0107 niezb\u0119dne zmiany w celu lepszej optymalizacji witryny. Wi\u0119kszo\u015b\u0107 wyszukiwarek dopuszcza maksymaln\u0105 d\u0142ugo\u015b\u0107 tekstu adresu URL wynosz\u0105c\u0105 2000-2500 znak\u00f3w. Jednak d\u0142ugie adresy URL s\u0105 r\u00f3wnie\u017c za\u015bmiecone my\u015blnikami i podkre\u015bleniami, co mo\u017ce utrudnia\u0107 ich czytanie i rzadziej pojawia\u0107 si\u0119 na stronie wynik\u00f3w wyszukiwania ni\u017c kr\u00f3tsze alternatywy.<\/p>\n<p>Mo\u017ce zaj\u015b\u0107 potrzeba podzielenia d\u0142ugich adres\u00f3w URL na kilka cz\u0119\u015bci (na przyk\u0142ad, zamieniaj\u0105c \/about-us\/ na \/about\/, \/history\/ i \/requests\/) lub mo\u017ce si\u0119 okaza\u0107, \u017ce u\u017cywasz kotwicy zamiast \u015bcie\u017cki (np. #top) dzia\u0142a lepiej w przypadku wy\u015bwietlania d\u0142ugich informacji na jednej stronie internetowej. Tak wi\u0119c struktura adresu URL jest wa\u017cna.<\/p>\n<p>Sprawd\u017a, jak wygl\u0105da Tw\u00f3j adres URL w r\u00f3\u017cnych przegl\u0105darkach w r\u00f3\u017cnych systemach operacyjnych i jak wygl\u0105da dla u\u017cytkownik\u00f3w mobilnych. Na przyk\u0142ad Mozilla Firefox ma limit 65 583 znak\u00f3w adresu URL, znacznie wi\u0119cej ni\u017c jakakolwiek wyszukiwarka, co oznacza, \u017ce \u200b\u200bTw\u00f3j adres URL mo\u017ce mie\u0107 inn\u0105 pozycj\u0119.<\/p>\n<h2 id=\"how_to\">Jak korzysta\u0107 ze sprawdzania d\u0142ugo\u015bci adresu URL?<\/h2>\n<p>Sitechecker pozwala \u015bledzi\u0107, jak d\u0142ugie s\u0105 Twoje adresy URL, dzi\u0119ki czemu masz dobr\u0105 opini\u0119 w Google. Chocia\u017c nie ma okre\u015blonej liczby, po przekroczeniu kt\u00f3rej mo\u017cesz ponie\u015b\u0107 kar\u0119 od Google, najlepiej zachowa\u0107 ostro\u017cno\u015b\u0107. Oto jak sprawdzi\u0107 d\u0142ugo\u015b\u0107 adresu URL za pomoc\u0105 narz\u0119dzia Sitechecker:<\/p>\n<h3>Krok 1: Wstaw sw\u00f3j adres URL<\/h3>\n<div class=\"content__img-wrap\"><img src=\"https:\/\/sitechecker.pro\/wp-content\/uploads\/2022\/02\/url_lenght_checker_1.png\" alt=\"URL http lub https sprawdzanie d\u0142ugo\u015bci\" class=\"description-img description-img-zoom\" loading=\"lazy\" ><\/div>\n<p>Mo\u017cesz wpisa\u0107 dowolny adres URL w tym pasku lokalizatora adres\u00f3w URL i klikn\u0105\u0107 strza\u0142k\u0119, aby wygenerowa\u0107 wyniki.<\/p>\n<h3>Krok 2: Uzyskaj wynik<\/h3>\n<div class=\"content__img-wrap\"><img src=\"https:\/\/sitechecker.pro\/wp-content\/uploads\/2022\/02\/url_lenght_checker_2.png\" alt=\"Wyniki sprawdzania adres\u00f3w URL - stw\u00f3rz przyjazne SEO dla bot\u00f3w wyszukiwarek\" class=\"description-img description-img-zoom\" loading=\"lazy\" ><\/div>\n<h2 id=\"URL_max\">Ograniczenia maksymalnej d\u0142ugo\u015bci adresu URL<\/h2>\n<p>Wi\u0119kszo\u015b\u0107 wyszukiwarek ma <strong>limit znak\u00f3w adresu URL<\/strong> wynosz\u0105cy 2000-2500 znak\u00f3w. D\u0142ugie limity adres\u00f3w URL s\u0105 do\u015b\u0107 powszechne w wielu us\u0142ugach internetowych (szczeg\u00f3lnie w serwisach spo\u0142eczno\u015bciowych), ale nadal s\u0105 uci\u0105\u017cliwe. Limit mo\u017ce by\u0107 szczeg\u00f3lnie z\u0142y, je\u015bli jeste\u015b fotografem lub chcesz udost\u0119pnia\u0107 linki w miejscach takich jak Reddit i Imgur, gdzie d\u0142ugie adresy URL po prostu nie dzia\u0142aj\u0105 dobrze.<\/p>\n<h2 id=\"seo_friendly\">Czy d\u0142ugo\u015b\u0107 adresu URL sprawia, \u017ce \u200b\u200bjest on przyjazny dla SEO?<\/h2>\n<h3>Co m\u00f3wi Google?<\/h3>\n<div class=\"article__testimonial\">\n<p><em>Bezpo\u015brednia odpowied\u017a brzmi: nie. D\u0142ugo\u015b\u0107 adresu URL nie ma znaczenia. U\u017cywamy adres\u00f3w URL jako identyfikator\u00f3w, nie ma znaczenia, jak d\u0142ugie s\u0105. Osobi\u015bcie staram si\u0119, aby by\u0142y kr\u00f3tsze ni\u017c 1000 znak\u00f3w, ale to tylko po to, aby u\u0142atwi\u0107 monitorowanie. Liczba uko\u015bnik\u00f3w r\u00f3wnie\u017c nie ma znaczenia.<\/em><\/p>\n<p><em><strong>John Mueller, rzecznik wyszukiwarki Google<\/strong><\/em><\/p>\n<\/div>\n<p>Ponadto mamy szczeg\u00f3\u0142owy przewodnik: \u201e<a href=\"https:\/\/sitechecker.pro\/pl\/what-is-seo-friendly-url\/\" target=\"_blank\" rel=\"noopener noreferrer\">Co to jest adres URL: definicja, struktura i przyk\u0142ady oraz jak sprawi\u0107, by by\u0142a przyjazna dla SEO?<\/a>\u201d po prostu to sprawd\u017a.<\/p>\n<h3>Co jest naprawd\u0119 wa\u017cne w adresie URL dla Google?<\/h3>\n<p>Google Chrome informuje, \u017ce wszystkie strony internetowe wykorzystuj\u0105 https:\/\/. Nazwa hosta to adres Twojej witryny, kt\u00f3ry zwykle jest taki sam jak adres e-mail. Google rozr\u00f3\u017cnia wersje witryny z www i bez www (na przyk\u0142ad www.example.com lub tylko example.com). Eksperci zalecaj\u0105 dodanie do Search Console zar\u00f3wno wersji http:\/\/, jak i https:\/\/ swojej witryny, a tak\u017ce wariant\u00f3w z www i bez www.<\/p>\n<p>\u015acie\u017cka, nazwa pliku i ci\u0105g zapytania okre\u015blaj\u0105, do jakiego materia\u0142u mo\u017cna uzyska\u0107 dost\u0119p z serwera WWW. Poniewa\u017c w tych trzech elementach rozr\u00f3\u017cniana jest wielko\u015b\u0107 liter, adres URL tytu\u0142u TITLE b\u0119dzie inny ni\u017c adres URL tytu\u0142u. W nazwie hosta i protokole nie jest rozr\u00f3\u017cniana wielko\u015b\u0107 liter; dlatego wielko\u015b\u0107 liter nie ma znaczenia.<\/p>\n<p>Fragment, na przyk\u0142ad #info, wskazuje, dok\u0105d przegl\u0105darka przewinie si\u0119 na stronie. Poniewa\u017c materia\u0142 jest zwykle taki sam, niezale\u017cnie od u\u017cytego fragmentu, wyszukiwarki zwykle go ignoruj\u0105. Uko\u015bnik na ko\u0144cu nazwy hosta jest opcjonalny w przypadku linku do strony g\u0142\u00f3wnej, poniewa\u017c prowadzi do tej samej tre\u015bci (https:\/\/example.com\/ to to samo, co https:\/\/example.com). Ko\u0144cowy uko\u015bnik w \u015bcie\u017cce i nazwie pliku jest interpretowany jako odr\u0119bny adres URL (wskazuj\u0105cy plik lub katalog); dlatego https:\/\/example.com\/fish to nie to samo co https:\/\/example.com\/fish\/.<\/p>\n    <div class=\"blog__conversion blog__conversion-app element__logged_out\">\n        <div class=\"blog__conversion-inner\">\n            <p class=\"title\">Wykryj nie tylko problem z limitem d\u0142ugo\u015bci adresu URL, ale wszystkie rodzaje problem\u00f3w z adresami URL!<\/p>\n            <p class=\"description\">Przeszukaj witryn\u0119 i znajd\u017a wszystkie adresy URL z problemami, kt\u00f3re mog\u0105 zaszkodzi\u0107 u\u017cytkownikom lub SEO witryny.<\/p>\n            <form id=\"audit__form\"\n                  class=\"article__seo-search audit__form Przeszukaj witryn\u0119 i znajd\u017a wszystkie adresy URL z problemami, kt\u00f3re mog\u0105 zaszkodzi\u0107 u\u017cytkownikom lub SEO witryny.\"\n                  action=\"\"\n                  method=\"POST\"\n                  autocomplete=\"off\">\n                <span class=\"error\"><\/span>\n                <div class=\"error__limits\">Something went wrong. Please, try again later.<\/div>\n                <input name=\"url\"\n                       type=\"text\"\n                       placeholder=\"Wklej tutaj swoj\u0105 nazw\u0119 domeny\">\n                                <button type=\"submit\"\n                        class=\"sitechecker__text\">\n                    <span>Rozpocznij audyt<\/span>\n                    <img src=\"\/wp-content\/themes\/sitechecker\/out\/img_design\/loading.svg\"\n                         width=\"31\"\n                         height=\"30\"\n                         class=\"loading\">\n                <\/button>\n            <\/form>\n        <\/div>\n    <\/div>\n    \n<h3 id=\"experts\">Co m\u00f3wi\u0105 eksperci SEO?<\/h3>\n<p>D\u0142ugo\u015b\u0107 adresu URL jest wa\u017cnym czynnikiem okre\u015blaj\u0105cym, czy jest on przyjazny dla u\u017cytkownika i czytelny, zw\u0142aszcza w mediach spo\u0142eczno\u015bciowych. W przypadku optymalizacji pod k\u0105tem wyszukiwarek, d\u0142ugi adres URL mo\u017ce mie\u0107 pewne zalety SEO, takie jak upychanie adresu URL przez s\u0142owa kluczowe, zostan\u0105 one wyr\u00f3\u017cnione i mog\u0105 zapewni\u0107 dodatkowe znaczenie. Mo\u017ce te\u017c wp\u0142ywa\u0107 na wsp\u00f3\u0142czynnik klikalno\u015bci. Ale og\u00f3lnie rzecz bior\u0105c, nie jest to g\u0142\u00f3wny czynnik i mo\u017ce zaszkodzi\u0107 u\u017cyteczno\u015bci Twojej witryny, wi\u0119c powiniene\u015b zachowa\u0107 r\u00f3wnowag\u0119. W tym filmie uzyskasz wyczerpuj\u0105ce wyja\u015bnienie najlepszych praktyk SEO dotycz\u0105cych d\u0142ugo\u015bci adresu URL:<\/p>\n<p><iframe width=\"770\" height=\"350\" src=\"https:\/\/www.youtube.com\/embed\/7wB_7O1049c\" title=\"YouTube video player\" frameborder=\"0\" allow=\"accelerometer; autoplay; clipboard-write; encrypted-media; gyroscope; picture-in-picture\" allowfullscreen><\/iframe><\/p>\n<p>Wi\u0119kszo\u015b\u0107 ekspert\u00f3w zgadza si\u0119, \u017ce w kontek\u015bcie d\u0142ugo\u015bci adresu URL nale\u017cy <strong>skoncentrowa\u0107 si\u0119 na:<\/strong><\/p>\n<h4>Oce\u0144 klikni\u0119\u0107<\/h4>\n<p>Wsp\u00f3\u0142czynnik klikalno\u015bci, czyli CTR, jest niezwykle wa\u017cny w SEO. CTR odnosi si\u0119 do odsetka os\u00f3b, kt\u00f3re klikn\u0119\u0142y Tw\u00f3j fragment w SERP. Niski CTR mo\u017ce wskazywa\u0107 na z\u0142\u0105 trafno\u015b\u0107 Twojego fragmentu w stosunku do s\u0142\u00f3w kluczowych i by\u0107 przyczyn\u0105 obni\u017cenia pozycji.<\/p>\n<p>Poprawa CTR jest jedn\u0105 z niezawodnych technik poprawiaj\u0105cych ranking SEO. Zainwestowanie w niego mo\u017ce przynie\u015b\u0107 wiele korzy\u015bci, w tym wy\u017csze pozycje w SERP, wi\u0119kszy ruch i wi\u0119cej konwersji. Kr\u00f3tsze adresy URL mog\u0105 prowadzi\u0107 do wysokich wsp\u00f3\u0142czynnik\u00f3w klikalno\u015bci.<\/p>\n<h4>Wy\u015bwietlanie w mediach spo\u0142eczno\u015bciowych<\/h4>\n<p>Znajomo\u015b\u0107 liczby postaci w mediach spo\u0142eczno\u015bciowych pomaga uzyska\u0107 wi\u0119kszy zasi\u0119g i anga\u017cowa\u0107 odwiedzaj\u0105cych w posty. Jednak ka\u017cda platforma spo\u0142eczno\u015bciowa ma swoje w\u0142asne wymagania. Na przyk\u0142ad Facebook dopuszcza limit 63 206 znak\u00f3w w zwyk\u0142ych postach, podczas gdy Instagram pozwala tylko na 2200 znak\u00f3w. Mimo to kr\u00f3tsze posty s\u0105 zawsze bardziej anga\u017cuj\u0105ce, a wielu ekspert\u00f3w zgadza si\u0119, \u017ce posty na Facebooku powinny mie\u0107 mniej ni\u017c 50 znak\u00f3w.<\/p>\n<p>Ale przeprowadzanie eksperyment\u00f3w jest jedynym prawid\u0142owym sposobem sprawdzenia informacji i uzyskania w\u0142asnych wynik\u00f3w.<\/p>","protected":false},"excerpt":{"rendered":"Jedn\u0105 z najlepszych praktyk w tworzeniu stron internetowych jest utrzymywanie kr\u00f3tkich i zwi\u0119z\u0142ych adres\u00f3w URL. U\u0142atwia to zapami\u0119tanie, gdzie znajduj\u0105 si\u0119 okre\u015blone tre\u015bci w Twojej witrynie, i przyspiesza \u0142adowanie stron, poniewa\u017c wysy\u0142asz mniej danych przez internet. Narz\u0119dzie do sprawdzania d\u0142ugo\u015bci adresu URL zmierzy d\u0142ugo\u015b\u0107 dowolnego adresu URL i okre\u015bli, czy spe\u0142nia on wymagania Google, Yahoo,&#8230;","protected":false},"author":10409641,"featured_media":3347,"parent":0,"menu_order":0,"comment_status":"closed","ping_status":"closed","template":"pages.php","meta":[],"categories":[74],"tags":[],"_links":{"self":[{"href":"https:\/\/sitechecker.pro\/pl\/wp-json\/wp\/v2\/pages\/622"}],"collection":[{"href":"https:\/\/sitechecker.pro\/pl\/wp-json\/wp\/v2\/pages"}],"about":[{"href":"https:\/\/sitechecker.pro\/pl\/wp-json\/wp\/v2\/types\/page"}],"author":[{"embeddable":true,"href":"https:\/\/sitechecker.pro\/pl\/wp-json\/wp\/v2\/users\/10409641"}],"replies":[{"embeddable":true,"href":"https:\/\/sitechecker.pro\/pl\/wp-json\/wp\/v2\/comments?post=622"}],"version-history":[{"count":100,"href":"https:\/\/sitechecker.pro\/pl\/wp-json\/wp\/v2\/pages\/622\/revisions"}],"predecessor-version":[{"id":33591,"href":"https:\/\/sitechecker.pro\/pl\/wp-json\/wp\/v2\/pages\/622\/revisions\/33591"}],"wp:featuredmedia":[{"embeddable":true,"href":"https:\/\/sitechecker.pro\/pl\/wp-json\/wp\/v2\/media\/3347"}],"wp:attachment":[{"href":"https:\/\/sitechecker.pro\/pl\/wp-json\/wp\/v2\/media?parent=622"}],"wp:term":[{"taxonomy":"category","embeddable":true,"href":"https:\/\/sitechecker.pro\/pl\/wp-json\/wp\/v2\/categories?post=622"},{"taxonomy":"post_tag","embeddable":true,"href":"https:\/\/sitechecker.pro\/pl\/wp-json\/wp\/v2\/tags?post=622"}],"curies":[{"name":"wp","href":"https:\/\/api.w.org\/{rel}","templated":true}]}}