{"id":543,"date":"2020-07-20T12:39:04","date_gmt":"2020-07-20T10:39:04","guid":{"rendered":"https:\/\/sitechecker.pro\/?page_id=543"},"modified":"2026-02-13T17:47:15","modified_gmt":"2026-02-13T17:47:15","slug":"meta-title","status":"publish","type":"page","link":"https:\/\/sitechecker.pro\/pl\/meta-title\/","title":{"rendered":"Kontroler Tytu\u0142\u00f3w Meta | Ustaw tag tytu\u0142owy w 100% przyjazny dla SEO \u1408"},"content":{"rendered":"<p><\/p>\n<h2 id=\"what\"><strong>Co to jest tytu\u0142 meta<\/strong><\/h2>\n<p><strong>Tag tytu\u0142u<\/strong> to tytu\u0142 strony, kt\u00f3ry jest prawie zawsze u\u017cywany w wynikach wyszukiwania. To bardzo wa\u017cna cz\u0119\u015b\u0107 SEO, poniewa\u017c wyszukiwarki okre\u015blaj\u0105, czy strona jest odpowiednia dla zapyta\u0144 okre\u015blonych u\u017cytkownik\u00f3w. Tagi tytu\u0142owe w SEO s\u0142u\u017c\u0105 r\u00f3wnie\u017c do przyci\u0105gni\u0119cia uwagi u\u017cytkownik\u00f3w, pomagaj\u0105 zrozumie\u0107, jakie informacje b\u0119d\u0105 wy\u015bwietlane na stronie. Ale ranking SERPS to nie tylko miejsce, w kt\u00f3rym u\u017cytkownicy widz\u0105 tytu\u0142 strony. I niezwykle wa\u017cne jest, aby zrozumie\u0107.<\/p>\n<h3><strong>1. Tytu\u0142 w kodzie HTML<\/strong><\/h3>\n<p>Oto jak tytu\u0142 i tytu\u0142 meta wygl\u0105daj\u0105 w kodzie. Mo\u017cesz go skopiowa\u0107 jednym klikni\u0119ciem.<\/p>\n<div class=\"code\"><code>&lt;html&gt;<br \/>\n&lt;g\u0142owa&gt;<br \/>\n&lt;meta name=\"title\" content =\"Bezp\u0142atne narz\u0119dzie do sprawdzania SEO na stronie \u2014 uzyskaj teraz sw\u00f3j wynik SEO\"&gt;<br \/>\n&lt;title&gt;Bezp\u0142atne narz\u0119dzie do sprawdzania SEO na stronie \u2014 uzyskaj teraz sw\u00f3j wynik SEO&lt;\/title&gt;<br \/>\n&lt;\/g\u0142owa&gt;<br \/>\n&lt;\/html&gt;<br \/>\n<\/code><\/div>\n<h3><strong>2. Tytu\u0142 w SERP<\/strong><\/h3>\n<p>SERP mo\u017ce by\u0107 najwa\u017cniejszym miejscem, poniewa\u017c organiczne wyszukiwania s\u0105 jednym z najwi\u0119kszych \u017ar\u00f3de\u0142 odpowiedniego ruchu na stronie.<\/p>\n<div class=\"content__img-wrap\"><img src=\"https:\/\/sitechecker.pro\/wp-content\/uploads\/2017\/12\/title-tag-in-serp.png\" alt=\"tag tytu\u0142u w serp\" class=\"description-img description-img-zoom\" loading=\"lazy\" ><\/div>\n<h3><strong>3. Tytu\u0142 w mediach spo\u0142eczno\u015bciowych<\/strong><\/h3>\n<p>Pami\u0119taj, \u017ce ludzie mog\u0105 udost\u0119pnia\u0107 Twoje tre\u015bci w mediach spo\u0142eczno\u015bciowych. Ile os\u00f3b odwiedzi te linki, zale\u017cy od tego, jak dobry jest Tw\u00f3j tytu\u0142. Zachowanie u\u017cytkownik\u00f3w w wyszukiwarkach i mediach spo\u0142eczno\u015bciowych jest r\u00f3\u017cne. U\u017cytkownicy widz\u0105 okre\u015blony SERP w wyszukiwarce w zale\u017cno\u015bci od wprowadzonych przez nich zapyta\u0144. Ale chocia\u017c korzystaj\u0105 z medi\u00f3w spo\u0142eczno\u015bciowych, cz\u0119sto nie maj\u0105 jasnego celu. Dlatego czasami lepiej ustawi\u0107 inny tytu\u0142 w tagach Open Graph.<\/p>\n<div class=\"content__img-wrap\"><img src=\"https:\/\/sitechecker.pro\/wp-content\/uploads\/2017\/12\/title-tag-in-social-media.png\" alt=\"tag tytu\u0142u w mediach spo\u0142eczno\u015bciowych\" class=\"description-img description-img-zoom\" loading=\"lazy\" ><\/div>\n<h3><strong>4. Tytu\u0142 na karcie przegl\u0105darki<\/strong><\/h3>\n<p>Wi\u0119cej otwartych kart u\u017cytkownik ma podczas pracy w przegl\u0105darce, wa\u017cniejsze jest dla niego szybkie poruszanie si\u0119 mi\u0119dzy nimi. I s\u0105 dwa punkty, kt\u00f3re mu w tym pomagaj\u0105: favicon i tytu\u0142 strony.<\/p>\n<div class=\"content__img-wrap\"><img src=\"https:\/\/sitechecker.pro\/wp-content\/uploads\/2017\/12\/title-tag-in-browser-tab.png\" alt=\"tag tytu\u0142u na karcie przegl\u0105darki\" class=\"description-img description-img-zoom\" loading=\"lazy\" ><\/div>\n<h3><strong>5. Tytu\u0142 w zak\u0142adkach przegl\u0105darki<\/strong><\/h3>\n<p>Przydatne linki s\u0105 zapisywane w zak\u0142adkach przegl\u0105darki. Z du\u017cym prawdopodobie\u0144stwem, je\u015bli u\u017cytkownik ma du\u017co zak\u0142adek, zapomni o czym jest strona. Dlatego te\u017c w tym przypadku konieczny jest wyra\u017any tytu\u0142.<\/p>\n<div class=\"content__img-wrap\"><img src=\"https:\/\/sitechecker.pro\/wp-content\/uploads\/2017\/12\/title-tag-in-browser-bookmark.png\" alt=\"tag tytu\u0142u w zak\u0142adkach przegl\u0105darki\" class=\"description-img description-img-zoom\" loading=\"lazy\" ><\/div>\n<h2 id=\"wh\u043d\"><strong>Dlaczego tytu\u0142 jest wa\u017cny<\/strong><\/h2>\n<p>Tag tytu\u0142u jest wa\u017cny z dw\u00f3ch powod\u00f3w.<\/p>\n<ul>\n<li><strong>Czynnik rankingowy.<\/strong> Jako jeden z 200 czynnik\u00f3w rankingowych tytu\u0142 ma wp\u0142yw na to, czy Twoja strona b\u0119dzie wy\u015bwietlana na g\u00f3rze wed\u0142ug s\u0142\u00f3w kluczowych, czy nie. Wp\u0142yw tytu\u0142u zale\u017cy od tego, czy zawiera s\u0142owo kluczowe, czy nie (i lepiej, je\u015bli tytu\u0142 zaczyna si\u0119 od tego s\u0142owa kluczowego).<\/li>\n<li><strong>Wsp\u00f3\u0142czynnik konwersji.<\/strong> Jest to \u015bredni CTR (wsp\u00f3\u0142czynnik klikalno\u015bci) Twojej strony. T\u0119 metryk\u0119 mo\u017cemy uzyska\u0107, sumuj\u0105c CTR ze wszystkich \u017ar\u00f3de\u0142: wynik\u00f3w wyszukiwania organicznego, medi\u00f3w spo\u0142eczno\u015bciowych, kart przegl\u0105darki, komunikator\u00f3w itp. Poruszanie si\u0119 po stronie u\u017cytkownika powoduje wiele decyzji. Za ka\u017cdym razem, gdy odwiedza stron\u0119, odpowiada na pytania: <em>\u201eczy jest to, czego teraz potrzebuj\u0119?\u201d<\/em> i <em>\u201edlaczego ta strona, a nie inna?\u201d<\/em>. Je\u015bli Tw\u00f3j tytu\u0142 jest nudny, nieistotny i zbyt d\u0142ugi, istnieje du\u017ce ryzyko, \u017ce nikt go nie kliknie.<\/li>\n<\/ul>\n<h2 id=\"howtouse\"><strong>Jak sprawdzi\u0107 metatag tytu\u0142u za pomoc\u0105 naszego narz\u0119dzia do testowania?<\/strong><\/h2>\n<p>Nasz kontroler to \u0142atwy spos\u00f3b na przetestowanie meta tytu\u0142u ju\u017c teraz na stronie. Wystarczy wpisa\u0107 adres URL i nacisn\u0105\u0107 przycisk, a po kilku sekundach otrzymasz raport.<\/p>\n<div class=\"content__img-wrap\"><img src=\"https:\/\/sitechecker.pro\/wp-content\/uploads\/2022\/01\/title_checker_step_1.png\" alt=\"Sprawdzanie tag\u00f3w tytu\u0142u SEO w celu u\u0142atwienia optymalizacji pod k\u0105tem wyszukiwarek\" class=\"description-img description-img-zoom\" loading=\"lazy\" ><\/div>\n<p>Po zako\u0144czeniu skanowania otrzymasz tekst tytu\u0142u sprawdzaj\u0105cego adresu URL. Dane dotycz\u0105ce d\u0142ugo\u015bci tytu\u0142u, aw przypadku wydania podpowied\u017a, jak to naprawi\u0107.<\/p>\n<div class=\"content__img-wrap\"><img src=\"https:\/\/sitechecker.pro\/wp-content\/uploads\/2022\/01\/title_checker_step_2.png\" alt=\"raport o wy\u015bwietlaniu tytu\u0142u w wynikach wyszukiwania Google\" class=\"description-img description-img-zoom\" loading=\"lazy\" ><\/div>\n<h2 id=\"howtocreate\"><strong>Jak stworzy\u0107 dobry tytu\u0142 metatagu<\/strong><\/h2>\n<h3><strong>1. Dost\u0119pno\u015b\u0107<\/strong><\/h3>\n<p>Wiersz tytu\u0142u witryny musi by\u0107 wype\u0142niony! W przeciwnym razie strona nie zostanie sklasyfikowana. Problem z brakuj\u0105cym tytu\u0142em musi zosta\u0107 wykryty i naprawiony na czas.<\/p>\n<h3><strong>2. D\u0142ugo\u015b\u0107<\/strong><\/h3>\n<p>Optymalna d\u0142ugo\u015b\u0107 tytu\u0142u meta wynosi od 60 do 120 symboli, ale poniewa\u017c u\u017cytkownik nie mo\u017ce wy\u015bwietli\u0107 wi\u0119cej ni\u017c 60 znak\u00f3w na stronie wynik\u00f3w wyszukiwania zdecydowanie zalecamy tworzenie tytu\u0142\u00f3w, kt\u00f3re nie przekraczaj\u0105 tego limitu. Problem polegaj\u0105cy na tym, \u017ce tytu\u0142 SEO jest za kr\u00f3tki lub tag tytu\u0142u jest za d\u0142ugi, musi zosta\u0107 naprawiony.<\/p>\n<div class=\"content__img-wrap\"><img src=\"https:\/\/sitechecker.pro\/wp-content\/uploads\/2017\/12\/meta-title-length.png\" alt=\"d\u0142ugo\u015b\u0107 tytu\u0142u meta\" class=\"description-img description-img-zoom\" loading=\"lazy\" ><\/div>\n<h3><strong>3. Trafno\u015b\u0107<\/strong><\/h3>\n<p>Tytu\u0142 musi odzwierciedla\u0107 cel tej strony, to znaczy powinien odpowiada\u0107 jej zawarto\u015bci. W przeciwnym razie popularne wyszukiwarki mog\u0105 wybra\u0107 je samodzielnie.<\/p>\n<h3><strong>4. U\u017cycie s\u0142owa kluczowego<\/strong><\/h3>\n<p>W tytule metatagu nale\u017cy umie\u015bci\u0107 najcz\u0119\u015bciej u\u017cywane s\u0142owo kluczowe (w bezpo\u015brednim wpisie) spo\u015br\u00f3d os\u00f3b bior\u0105cych udzia\u0142 w promocji strony. Z regu\u0142y istnieje zalecenie, aby umie\u015bci\u0107 go jak najbli\u017cej pocz\u0105tku tekstu. Jest to problem, gdy w tytule strony nie znaleziono \u017cadnych s\u0142\u00f3w kluczowych.<\/p>\n<div class=\"article__testimonial\">\n<p><em>Unikaj <strong>upychania si\u0119 s\u0142\u00f3w kluczowych<\/strong>. Czasami przydaje si\u0119 kilka opisowych termin\u00f3w w tytule, ale nie ma powodu, aby te same s\u0142owa lub wyra\u017cenia pojawia\u0142y si\u0119 wielokrotnie. Upychanie s\u0142\u00f3w kluczowych mo\u017ce sprawi\u0107, \u017ce Twoje wyniki b\u0119d\u0105 wygl\u0105da\u0107 jak spam dla Google i u\u017cytkownik\u00f3w.<\/em><\/p>\n<p><em>Google Search Console<\/em><\/p>\n<\/div>\n<h3><strong>5. Brak duplikat\u00f3w na stronie<\/strong><\/h3>\n<p>Tag \u201etitle\u201d powinien by\u0107 u\u017cyty na stronie tylko raz, a jego miejsce znajduje si\u0119 w bloku kodu \u201ehead\u201d, a nie \u201ebody\u201d! Nale\u017cy naprawi\u0107 problem polegaj\u0105cy na znalezieniu wielu tag\u00f3w tytu\u0142u.<\/p>\n<h3><strong>6. Brak duplikat\u00f3w na stronie<\/strong><\/h3>\n<p>Je\u015bli to mo\u017cliwe, stw\u00f3rz unikalny tytu\u0142 dla ka\u017cdej strony serwisu. Mo\u017cesz sprawdzi\u0107 wyj\u0105tkowo\u015b\u0107 za pomoc\u0105 Google, wystarczy wpisa\u0107 tekst w bezpo\u015brednim dopasowaniu w pasku wyszukiwania i przegl\u0105da\u0107 wyniki. Niezb\u0119dne jest poprawienie zduplikowanych tytu\u0142\u00f3w stron w serwisie.<\/p>\n    <div class=\"blog__conversion blog__conversion-app element__logged_out\">\n        <div class=\"blog__conversion-inner\">\n            <p class=\"title\">Wykryj zduplikowane tytu\u0142y w Twojej witrynie<\/p>\n            <p class=\"description\">Przeszukaj witryn\u0119 i dowiedz si\u0119, kt\u00f3re strony maj\u0105 zduplikowane tytu\u0142y<\/p>\n            <form id=\"audit__form\"\n                  class=\"article__seo-search audit__form Przeszukaj witryn\u0119 i dowiedz si\u0119, kt\u00f3re strony maj\u0105 zduplikowane tytu\u0142y\"\n                  action=\"\"\n                  method=\"POST\"\n                  autocomplete=\"off\">\n                <span class=\"error\"><\/span>\n                <div class=\"error__limits\">Something went wrong. Please, try again later.<\/div>\n                <input name=\"url\"\n                       type=\"text\"\n                       placeholder=\"Wprowad\u017a tutaj swoj\u0105 domen\u0119\">\n                                <button type=\"submit\"\n                        class=\"sitechecker__text\">\n                    <span>Uruchom audyt<\/span>\n                    <img src=\"\/wp-content\/themes\/sitechecker\/out\/img_design\/loading.svg\"\n                         width=\"31\"\n                         height=\"30\"\n                         class=\"loading\">\n                <\/button>\n            <\/form>\n        <\/div>\n    <\/div>\n    \n<h3><strong>7. Atrakcyjno\u015b\u0107<\/strong><\/h3>\n<p>Meta tytu\u0142 jest wy\u015bwietlany jako nag\u0142\u00f3wek artyku\u0142u w wynikach zapytania (nad adresem strony). Potencjalni odwiedzaj\u0105cy Twoj\u0105 stron\u0119 zdecyduj\u0105 si\u0119 aktywowa\u0107 link lub nie, w zale\u017cno\u015bci od tego, jak pouczaj\u0105cy i atrakcyjny jest tytu\u0142. Dlatego tytu\u0142 metatagu musi przyci\u0105ga\u0107 odbiorc\u00f3w, aby pom\u00f3c Ci w sprzeda\u017cy. W tym przypadku najlepsza jest formu\u0142a zawieraj\u0105ca cz\u0105stki \u201ejak\u201d, \u201egdzie\u201d i zalety us\u0142ug lub towar\u00f3w.<\/p>\n<h2 id=\"titleish1\"><strong>Tytu\u0142 = H1<\/strong><\/h2>\n<p>Wa\u017cne pytanie brzmi, czy tag tytu\u0142owy i tag h1 mog\u0105 by\u0107 takie same. Zdecydowanie zaleca si\u0119 u\u017cywanie tych samych s\u0142\u00f3w i kombinacji s\u0142\u00f3w dla tag\u00f3w \u201etitle\u201d i \u201eh1\u201d. Ale pami\u0119taj, lepiej nie u\u017cywa\u0107 tego samego tekstu dla obu z nich.<\/p>\n<p>Tak. Istnieje wiele witryn WordPress, kt\u00f3re maj\u0105 dobre rankingi w wynikach organicznych, nawet z tym samym tytu\u0142em i h1 na stronie. Ale powiniene\u015b zrozumie\u0107, \u017ce te tagi maj\u0105 r\u00f3\u017cne cele.<\/p>\n<p>Tag tytu\u0142owy to tre\u015b\u0107, kt\u00f3ra pomaga u\u017cytkownikowi wybra\u0107 mi\u0119dzy innymi Twoj\u0105 stron\u0119. Tutaj mo\u017cesz u\u017cy\u0107 nazwy swojej marki, danych geograficznych i ceny.<\/p>\n<p>Tag H1 to tre\u015b\u0107, kt\u00f3ra pomaga u\u017cytkownikowi jedynie wyja\u015bni\u0107, o czym jest strona. Nie ma potrzeby umieszczania tutaj nazwy marki i ceny. U\u017cytkownik ju\u017c Ci\u0119 wybra\u0142.<\/p>\n<p>Wyszukiwarki nie b\u0119d\u0105 wi\u0119c kara\u0107 Twojej strony, je\u015bli tytu\u0142 i h1 b\u0119d\u0105 takie same. Ale odwiedzaj\u0105cy witryn\u0119 mog\u0105 w niekt\u00f3rych przypadkach by\u0107 zdezorientowani.<\/p>\n<h2 id=\"anothertitle\"><strong>Dlaczego Google mo\u017ce pokazywa\u0107 inny tytu\u0142<\/strong><\/h2>\n<p>Czasami Google u\u017cywa innej tre\u015bci do tworzenia fragmentu strony, a nie tre\u015bci z tagu tytu\u0142u. Mo\u017cesz by\u0107 z tego powodu zdenerwowany. Pami\u0119taj jednak, \u017ce Google zbiera mn\u00f3stwo danych. Mog\u0105 istnie\u0107 zapytania, dla kt\u00f3rych Twoja strona jest odpowiednia, ale tytu\u0142 nie. Nie mo\u017cesz przewidzie\u0107 wszystkich przypadk\u00f3w.<\/p>\n<div class=\"article__testimonial\">\n<p><em>Je\u015bli wykryjemy, \u017ce okre\u015blony wynik ma jeden z powy\u017cszych problem\u00f3w z tytu\u0142em, mo\u017cemy spr\u00f3bowa\u0107 wygenerowa\u0107 ulepszony tytu\u0142 z kotwic, tekstu na stronie lub innych \u017ar\u00f3de\u0142. Czasami jednak nawet strony z dobrze sformu\u0142owanymi, zwi\u0119z\u0142ymi, opisowymi tytu\u0142ami b\u0119d\u0105 zawiera\u0142y r\u00f3\u017cne tytu\u0142y w naszych wynikach wyszukiwania, aby lepiej wskaza\u0107 ich trafno\u015b\u0107 dla zapytania. Pow\u00f3d jest prosty: tag tytu\u0142u okre\u015blony przez webmastera jest ograniczony do statyki i jest sta\u0142y niezale\u017cnie od zapytania.<\/em><\/p>\n<p><em>Kiedy znamy zapytanie u\u017cytkownika, cz\u0119sto mo\u017cemy znale\u017a\u0107 alternatywny tekst ze strony, kt\u00f3ry lepiej wyja\u015bnia, dlaczego ten wynik jest trafny. U\u017cywanie tego alternatywnego tekstu jako tytu\u0142u pomaga u\u017cytkownikowi, a tak\u017ce mo\u017ce pom\u00f3c Twojej witrynie. U\u017cytkownicy szukaj\u0105 w wynikach hase\u0142 zapyta\u0144 lub innych oznak trafno\u015bci, a tytu\u0142 dostosowany do zapytania mo\u017ce zwi\u0119kszy\u0107 szanse, \u017ce klikn\u0105.<\/em><br \/>\n<em>Pomoc Google Search Console<\/em><\/p>\n<\/div>\n<p>W poni\u017cszym filmie Matt Cutts szczeg\u00f3\u0142owo wyja\u015bnia, w jaki spos\u00f3b Google tworzy fragment kodu na podstawie tre\u015bci strony.<\/p>\n<p><iframe src=\"https:\/\/www.youtube-nocookie.com\/embed\/L3HX_8BAhB4?controls=0\" width=\"770\" height=\"350\" frameborder=\"0\" allowfullscreen=\"allowfullscreen\"><\/iframe><\/p>\n<h2 id=\"howtoaudit\"><strong>Jak przeprowadzi\u0107 audyt witryny pod k\u0105tem tytu\u0142u problemy z reklam\u0105<\/strong><\/h2>\n<p>Pami\u0119taj, \u017ce istnieje bardzo ma\u0142a liczba stron internetowych, kt\u00f3re nie maj\u0105 problem\u00f3w technicznych. Najprawdopodobniej Twoja witryna ma problemy z tytu\u0142ami. Aby je wykry\u0107, uruchom audyt w powy\u017cszym formularzu. Po zako\u0144czeniu otrzymasz raport podobny do tego obrazka.<\/p>\n<div class=\"content__img-wrap\"><img src=\"https:\/\/sitechecker.pro\/wp-content\/uploads\/2017\/12\/crawl-website-for-titles-and-descriptions.png\" alt=\"przeszukuj stron\u0119 internetow\u0105 dla tytu\u0142\u00f3w i opis\u00f3w\" class=\"description-img description-img-zoom\" loading=\"lazy\" ><\/div>\n<p>Zbadaj swoje problemy i zwr\u00f3\u0107 uwag\u0119 na najcenniejsze strony na pocz\u0105tku, korzystaj\u0105c z oprogramowania do monitorowania SEO.<\/p>\n<h2 id=\"gsc\"><strong>Jak Google Search Console mo\u017ce pom\u00f3c<\/strong><\/h2>\n<p>Google Search Console mo\u017ce pom\u00f3c w ustaleniu, kt\u00f3re s\u0142owa kluczowe s\u0105 najbardziej odpowiednie dla Twojego tytu\u0142u. Przed opublikowaniem nowej strony prawdopodobnie przeprowadzi\u0142e\u015b analiz\u0119 s\u0142\u00f3w kluczowych. Po opublikowaniu strony mo\u017cesz odkry\u0107, \u017ce Google rankinguje Twoj\u0105 stron\u0119 wed\u0142ug s\u0142\u00f3w kluczowych, kt\u00f3rych si\u0119 nie spodziewa\u0142e\u015b.<\/p>\n<div class=\"content__img-wrap\"><img src=\"https:\/\/sitechecker.pro\/wp-content\/uploads\/2017\/12\/seo-page-title-tool.png\" alt=\"narz\u0119dzie seo tytu\u0142 strony\" class=\"description-img description-img-zoom\" loading=\"lazy\" ><\/div>\n<p>Na przyk\u0142ad pierwszy tytu\u0142 czytanej teraz strony nie zawiera s\u0142owa kluczowego <em>\u201eseo\u201d<\/em>. Odkryli\u015bmy jednak, \u017ce ta strona zaczyna by\u0107 uszeregowana wed\u0142ug fraz zawieraj\u0105cych to s\u0142owo kluczowe. Od\u015bwie\u017cyli\u015bmy wi\u0119c tytu\u0142 i dodali\u015bmy nowe s\u0142owo kluczowe.<\/p>","protected":false},"excerpt":{"rendered":"Co to jest tytu\u0142 meta Tag tytu\u0142u to tytu\u0142 strony, kt\u00f3ry jest prawie zawsze u\u017cywany w wynikach wyszukiwania. To bardzo wa\u017cna cz\u0119\u015b\u0107 SEO, poniewa\u017c wyszukiwarki okre\u015blaj\u0105, czy strona jest odpowiednia dla zapyta\u0144 okre\u015blonych u\u017cytkownik\u00f3w. Tagi tytu\u0142owe w SEO s\u0142u\u017c\u0105 r\u00f3wnie\u017c do przyci\u0105gni\u0119cia uwagi u\u017cytkownik\u00f3w, pomagaj\u0105 zrozumie\u0107, jakie informacje b\u0119d\u0105 wy\u015bwietlane na stronie. Ale ranking SERPS&#8230;","protected":false},"author":10409641,"featured_media":3432,"parent":0,"menu_order":0,"comment_status":"closed","ping_status":"closed","template":"pages-templates\/pages-minitools-3.php","meta":[],"categories":[70],"tags":[],"_links":{"self":[{"href":"https:\/\/sitechecker.pro\/pl\/wp-json\/wp\/v2\/pages\/543"}],"collection":[{"href":"https:\/\/sitechecker.pro\/pl\/wp-json\/wp\/v2\/pages"}],"about":[{"href":"https:\/\/sitechecker.pro\/pl\/wp-json\/wp\/v2\/types\/page"}],"author":[{"embeddable":true,"href":"https:\/\/sitechecker.pro\/pl\/wp-json\/wp\/v2\/users\/10409641"}],"replies":[{"embeddable":true,"href":"https:\/\/sitechecker.pro\/pl\/wp-json\/wp\/v2\/comments?post=543"}],"version-history":[{"count":77,"href":"https:\/\/sitechecker.pro\/pl\/wp-json\/wp\/v2\/pages\/543\/revisions"}],"predecessor-version":[{"id":39279,"href":"https:\/\/sitechecker.pro\/pl\/wp-json\/wp\/v2\/pages\/543\/revisions\/39279"}],"wp:featuredmedia":[{"embeddable":true,"href":"https:\/\/sitechecker.pro\/pl\/wp-json\/wp\/v2\/media\/3432"}],"wp:attachment":[{"href":"https:\/\/sitechecker.pro\/pl\/wp-json\/wp\/v2\/media?parent=543"}],"wp:term":[{"taxonomy":"category","embeddable":true,"href":"https:\/\/sitechecker.pro\/pl\/wp-json\/wp\/v2\/categories?post=543"},{"taxonomy":"post_tag","embeddable":true,"href":"https:\/\/sitechecker.pro\/pl\/wp-json\/wp\/v2\/tags?post=543"}],"curies":[{"name":"wp","href":"https:\/\/api.w.org\/{rel}","templated":true}]}}