{"id":5313,"date":"2019-02-08T12:18:57","date_gmt":"2019-02-08T12:18:57","guid":{"rendered":"https:\/\/sitechecker.pro\/?page_id=5313"},"modified":"2025-02-27T15:18:49","modified_gmt":"2025-02-27T15:18:49","slug":"redirect-checker","status":"publish","type":"page","link":"https:\/\/sitechecker.pro\/pl\/redirect-checker\/","title":{"rendered":"Darmowy Redirect Checker Narz\u0119dzie: Przegl\u0105daj przekierowanie"},"content":{"rendered":"<p><\/p>\n<h2 id=\"par1\">Czym jest Redirect Checker?<\/h2>\n<p>URL Redirect Checker to narz\u0119dzie s\u0142u\u017c\u0105ce do identyfikowania i analizowania ca\u0142ej \u015bcie\u017cki, do kt\u00f3rej prowadzi przekierowany adres URL. Bada kody statusu HTTP, takie jak 301 lub 302, aby okre\u015bli\u0107 typ przekierowania (sta\u0142e lub tymczasowe) i pomaga w identyfikowaniu <a href=\"https:\/\/sitechecker.pro\/what-are-3xx-status-codes\/\" target=\"_blank\" rel=\"noopener noreferrer\">\u0142a\u0144cuch\u00f3w 3xx<\/a> przekierowa\u0144.<\/p>\n<p>Narz\u0119dzie umo\u017cliwia analiz\u0119 wszystkich adres\u00f3w URL witryn lub oddzielnych adres\u00f3w URL.<\/p>\n<h3>Redirect Chain Checker mo\u017ce pom\u00f3c na wiele sposob\u00f3w:<\/h3>\n<ul>\n<li><strong>Zapewnij prawid\u0142owe przekierowanie. <\/strong>Niekt\u00f3re, takie jak 301 lub 302, wskazuj\u0105 na zmian\u0119 adresu URL strony internetowej. To narz\u0119dzie sprawdza kody statusu i identyfikuje dok\u0142adny typ przekierowania, zapewniaj\u0105c, \u017ce stare adresy URL prawid\u0142owo prowadz\u0105 do nowych, aby zatrzyma\u0107 ruch.<\/li>\n<li><strong>Wykrywanie i rozwi\u0105zywanie problem\u00f3w z przekierowaniami. <\/strong>Mo\u017cesz u\u017cy\u0107 tego narz\u0119dzia do diagnozowania i rozwi\u0105zywania problem\u00f3w, takich jak p\u0119tle zmiany \u015bcie\u017cki lub \u0142a\u0144cuchy, kt\u00f3re s\u0105 zbyt d\u0142ugie, co mo\u017ce negatywnie wp\u0142yn\u0105\u0107 zar\u00f3wno na wra\u017cenia u\u017cytkownika, jak i SEO.<\/li>\n<li><strong>Analiza link\u00f3w stron trzecich. <\/strong>Je\u015bli linkujesz do witryny zewn\u0119trznej, mo\u017cesz u\u017cy\u0107 tego narz\u0119dzia, aby zobaczy\u0107, dok\u0105d faktycznie prowadzi ten adres URL. Czasami adres URL mo\u017ce przej\u015b\u0107 przez kilka adres\u00f3w przekierowuj\u0105cych przed dotarciem do strony ko\u0144cowej, a strona ta mo\u017ce r\u00f3\u017cni\u0107 si\u0119 od oczekiwanej.<\/li>\n<li><strong>Zapobieganie zagro\u017ceniom bezpiecze\u0144stwa. <\/strong>Mo\u017cesz u\u017cy\u0107 tego narz\u0119dzia, aby upewni\u0107 si\u0119, \u017ce Twoja witryna nie zostanie przekierowana na z\u0142o\u015bliwe witryny, co mo\u017ce si\u0119 zdarzy\u0107, je\u015bli Twoja witryna zostanie zhakowana.<\/li>\n<li><strong>Przekierowanie HTTP do HTTPS. <\/strong>Mo\u017ce potwierdzi\u0107, \u017ce ca\u0142y ruch HTTP jest prawid\u0142owo przekierowywany do HTTPS. Jest to niezb\u0119dne do zabezpieczenia danych u\u017cytkownika i budowania zaufania u\u017cytkownik\u00f3w.<\/li>\n<li><strong>Kompleksowa analiza przekierowa\u0144. <\/strong>To narz\u0119dzie mo\u017ce w pe\u0142ni zweryfikowa\u0107 wszystkie wewn\u0119trzne i zewn\u0119trzne linki w Twojej witrynie. Skanuj\u0105c ka\u017cdy link, zapewnia, \u017ce \u200b\u200bwszystkie przekierowania dzia\u0142aj\u0105 poprawnie i wydajnie, pomagaj\u0105c zoptymalizowa\u0107 og\u00f3ln\u0105 wydajno\u015b\u0107 witryny.<\/li>\n<\/ul>\n<h3>Kluczowe funkcje narz\u0119dzia do sprawdzania przekierowa\u0144 URL:<\/h3>\n<ol>\n<li><strong>Ujednolicony pulpit nawigacyjny. <\/strong>Ta funkcja zapewnia centralne miejsce, w kt\u00f3rym mo\u017cesz monitorowa\u0107 wszystkie wa\u017cne dane i spostrze\u017cenia dotycz\u0105ce przekierowa\u0144 Twojej witryny. Mo\u017ce zawiera\u0107 szczeg\u00f3\u0142owe informacje o Twoich adresach zwrotnych, raporty o b\u0142\u0119dach, wizualizacje danych itp. Ujednolicony pulpit nawigacyjny jest niezb\u0119dny do wydajnego i \u0142atwego zarz\u0105dzania.<\/li>\n<li><strong>Przyjazny dla u\u017cytkownika interfejs. <\/strong>Dzi\u0119ki temu narz\u0119dzie jest \u0142atwe w u\u017cyciu, nawet dla os\u00f3b bez wiedzy technicznej. Mo\u017ce to obejmowa\u0107 intuicyjn\u0105 nawigacj\u0119, jasne etykietowanie, pomocne podpowiedzi i wiele wi\u0119cej. Przyjazny dla u\u017cytkownika interfejs u\u0142atwia znalezienie i korzystanie z potrzebnych funkcji.<\/li>\n<li><strong>Prezentuje pe\u0142n\u0105 \u015bcie\u017ck\u0119 przekierowania, <\/strong>ilustruj\u0105c ca\u0142\u0105 podr\u00f3\u017c u\u017cytkownika lub bota wyszukiwarki. Ponadto identyfikacja typu relokacji, czy to HTTP, JavaScript, czy Meta Refresh, jest r\u00f3wnie\u017c istotna ze wzgl\u0119du na ich r\u00f3\u017cne skutki. Ponadto uwzgl\u0119dnienie informacji o adresie IP serwera mo\u017ce pom\u00f3c w identyfikacji i rozwi\u0105zywaniu problem\u00f3w na poziomie serwera.<\/li>\n<li><strong>Kompletny zestaw narz\u0119dzi SEO. <\/strong>Opr\u00f3cz sprawdzania przekierowa\u0144, kompleksowy zestaw narz\u0119dzi SEO mo\u017ce obejmowa\u0107 funkcje badania s\u0142\u00f3w kluczowych, analizy link\u00f3w przychodz\u0105cych, <a href=\"https:\/\/sitechecker.pro\/on-page-seo-checker\/\" target=\"_blank\" rel=\"noopener noreferrer\">analizy SEO na stronie<\/a>, <a href=\"https:\/\/sitechecker.pro\/rank-tracker\/\" target=\"_blank\" rel=\"noopener noreferrer\">\u015bledzenia pozycji<\/a>, <a href=\"https:\/\/sitechecker.pro\/\" target=\"_blank\" rel=\"noopener noreferrer\">audyt\u00f3w witryn<\/a> i wiele innych. Te funkcje mog\u0105 pom\u00f3c poprawi\u0107 widoczno\u015b\u0107 Twojej witryny w wynikach wyszukiwania, kieruj\u0105c wi\u0119cej <a href=\"https:\/\/sitechecker.pro\/what-is-organic-traffic\/\" target=\"_blank\" rel=\"noopener noreferrer\">ruchu organicznego<\/a> do Twojej witryny.<\/li>\n<\/ol>\n<h2 id=\"par2\">Jak korzysta\u0107 z narz\u0119dzia Redirection Checker<\/h2>\n<p>Narz\u0119dzie Redirection Checker 301 umo\u017cliwia sprawdzenie zar\u00f3wno konkretnych adres\u00f3w URL, jak i ca\u0142ej witryny pod k\u0105tem zmian \u015bcie\u017cki i przekierowa\u0144. Skanowanie zajmie tylko kilka sekund. Po jego zako\u0144czeniu b\u0119dziesz mie\u0107 mo\u017cliwo\u015b\u0107 zobaczenia i \u015bledzenia wszelkich wykrytych problem\u00f3w, oferuj\u0105c kompleksowy widok zar\u00f3wno poszczeg\u00f3lnych adres\u00f3w URL, jak i ca\u0142ej witryny.<\/p>\n<div class=\"content__img-wrap\"><img src=\"https:\/\/sitechecker.pro\/wp-content\/uploads\/2024\/08\/Selector-General-min.png\" alt=\"URL Redirect Checker Domain\" class=\"description-img description-img-zoom\" loading=\"lazy\" ><\/div>\n<h2 id=\"par3\">Domain Check<\/h2>\n<h3>Krok 1: Wpisz swoj\u0105 domen\u0119 w pasku wyszukiwania<\/h3>\n<p>Aby sprawdzi\u0107 domen\u0119, naci\u015bnij przycisk \u201echeck domain\u201d, wprowad\u017a nazw\u0119 domeny i naci\u015bnij przycisk \u201eCheck redirect\u201d:<\/p>\n<div class=\"content__img-wrap\"><img src=\"https:\/\/sitechecker.pro\/wp-content\/uploads\/2024\/08\/2-Websire-redirect-Check-min.png\" alt=\"URL Redirect Checker\" class=\"description-img description-img-zoom\" loading=\"lazy\" ><\/div>\n<div class=\"important-block\">Rozpocznij BEZP\u0141ATN\u0104 wersj\u0119 pr\u00f3bn\u0105, aby uzyska\u0107 wyniki i uzyska\u0107 dost\u0119p do funkcji Sitechecker przez 14 dni. \u0141atwo zarejestruj si\u0119 za pomoc\u0105 swojego adresu e-mail, konta Google lub Facebook. Karta kredytowa nie jest wymagana.<\/div>\n<h3>Krok 2: Interpretacja wynik\u00f3w sprawdzania przekierowania domeny<\/h3>\n<p>Przeprowadzone skanowanie wygeneruje audyt witryny dla wprowadzonej domeny, ujawniaj\u0105c r\u00f3\u017cne problemy, takie jak 301, HTTPS do HTTP, zmiany \u015bcie\u017cki 302 itp.<\/p>\n<div class=\"content__img-wrap\"><img src=\"https:\/\/sitechecker.pro\/wp-content\/uploads\/2023\/08\/site-audit-redirects.png\" alt=\"Przekierowania audytu witryny\" class=\"description-img description-img-zoom\" loading=\"lazy\" ><\/div>\n<p>Po prostu kliknij \u201eStrona ma wewn\u0119trzne linki do stron 3xx\u201d, a b\u0119dziesz mie\u0107 mo\u017cliwo\u015b\u0107 wy\u015bwietlenia listy:<\/p>\n<div class=\"content__img-wrap\"><img src=\"https:\/\/sitechecker.pro\/wp-content\/uploads\/2023\/08\/internal-3xx-links.png\" alt=\"Wewn\u0119trzne linki 3xx\" class=\"description-img description-img-zoom\" loading=\"lazy\" ><\/div>\n<p>Nast\u0119pnie kliknij przycisk \u201eWy\u015bwietl wewn\u0119trzne linki\u201d, aby otworzy\u0107 list\u0119 stron witryny ze statusem kody:<\/p>\n<div class=\"content__img-wrap\"><img src=\"https:\/\/sitechecker.pro\/wp-content\/uploads\/2023\/08\/internal-links-status-code.png\" alt=\"Kod statusu link\u00f3w wewn\u0119trznych\" class=\"description-img description-img-zoom\" loading=\"lazy\" ><\/div>\n<h3>Dodatkowe funkcje narz\u0119dzia do sprawdzania przekierowa\u0144 witryny<\/h3>\n<p>Po sprawdzeniu domeny otrzymasz pe\u0142ny raport z audytu witryny, kt\u00f3ry pomo\u017ce zidentyfikowa\u0107 r\u00f3\u017cne rodzaje problem\u00f3w. Raport zawiera r\u00f3wnie\u017c instrukcje dotycz\u0105ce sposobu rozwi\u0105zania zidentyfikowanych problem\u00f3w. Ponadto mo\u017cesz obserwowa\u0107 problemy wed\u0142ug typu lub kategorii problemu, co pozwala szybko okre\u015bli\u0107 i rozwi\u0105za\u0107 najwa\u017cniejsze problemy dla sukcesu Twojej witryny.<\/p>\n<div class=\"content__img-wrap\"><img src=\"https:\/\/sitechecker.pro\/wp-content\/uploads\/2023\/08\/issues-list.png\" alt=\"Lista problem\u00f3w\" class=\"description-img description-img-zoom\" loading=\"lazy\" ><\/div>\n<p>Zaawansowany program do sprawdzania p\u0119tli przekierowa\u0144 zawiera zestaw dodatkowych funkcji, kt\u00f3re u\u0142atwiaj\u0105 kompleksowy audyt adres\u00f3w przekierowa\u0144 Twojej witryny.<\/p>\n<p>Po wybraniu opcji \u201eWy\u015bwietl wszystkie dotkni\u0119te strony\u201d:<\/p>\n<div class=\"content__img-wrap\"><img src=\"https:\/\/sitechecker.pro\/wp-content\/uploads\/2023\/08\/all-affected-pages.png\" alt=\"Wszystkie dotkni\u0119te strony\" class=\"description-img description-img-zoom\" loading=\"lazy\" ><\/div>\n<p>Narz\u0119dzie przedstawia szczeg\u00f3\u0142ow\u0105 list\u0119 wszystkich adres\u00f3w URL witryny wraz z wszelkimi powi\u0105zanymi problemami.<\/p>\n<div class=\"content__img-wrap\"><img src=\"https:\/\/sitechecker.pro\/wp-content\/uploads\/2023\/08\/all-html-pages_64d265269e204.png\" alt=\"Wszystkie strony HTML\" class=\"description-img description-img-zoom\" loading=\"lazy\" ><\/div>\n<p>Mo\u017cesz wykry\u0107 wszystkie informacje o linkach (wewn\u0119trznych i zewn\u0119trznych), trafno\u015bci tre\u015bci, szybko\u015bci strony, indeksowalno\u015bci, przekierowaniach, ruchu wyszukiwania itp.<\/p>\n<p>Problemy s\u0105 r\u00f3wnie\u017c klasyfikowane wed\u0142ug typ\u00f3w, takich jak Krytyczne, Ostrze\u017cenia, Mo\u017cliwo\u015bci i Powiadomienia. Ta klasyfikacja pomaga szybko zidentyfikowa\u0107 powag\u0119 ka\u017cdego problemu i skutecznie przydzieli\u0107 zasoby. Krytyczne mog\u0105 by\u0107 pilnymi problemami z przekierowaniem, kt\u00f3re wymagaj\u0105 natychmiastowego rozwi\u0105zania, podczas gdy szanse mog\u0105 by\u0107 obszarami, w kt\u00f3rych strategia przekierowania mo\u017ce zosta\u0107 ulepszona.<\/p>\n<div class=\"content__img-wrap\"><img src=\"https:\/\/sitechecker.pro\/wp-content\/uploads\/2023\/08\/all-html-pages-issue-type.png\" alt=\"Typ problemu ze wszystkimi stronami HTML\" class=\"description-img description-img-zoom\" loading=\"lazy\" ><\/div>\n<p>Ten ustrukturyzowany przegl\u0105d i klasyfikacja problem\u00f3w u\u0142atwiaj\u0105 skupienie si\u0119 na rozwi\u0105zywaniu problem\u00f3w maj\u0105cych najwi\u0119kszy wp\u0142yw na wydajno\u015b\u0107 Twojej witryny.<\/p>\n<p>Masz mo\u017cliwo\u015b\u0107 dostrojenia interakcji z adresami URL poprzez stosowanie filtr\u00f3w lub integrowanie dodatkowych danych dla poszczeg\u00f3lnych stron, aby u\u0142atwi\u0107 proces pracy.<\/p>\n<div class=\"content__img-wrap\"><img src=\"https:\/\/sitechecker.pro\/wp-content\/uploads\/2023\/08\/all-html-pages-manage-columns.png\" alt=\"All HTML Pages Manage Columns\" class=\"description-img description-img-zoom\" loading=\"lazy\" ><\/div>\n<p>Co wi\u0119cej, narz\u0119dzie zapewnia elastyczno\u015b\u0107 przechwytywania i przesy\u0142ania wynik\u00f3w indeksowania poprzez pobieranie ich do format\u00f3w PDF lub CSV, przesy\u0142anie ich do Arkuszy Google lub \u0142atwe kopiowanie ich zgodnie z wymaganiami.<\/p>\n<div class=\"content__img-wrap\"><img src=\"https:\/\/sitechecker.pro\/wp-content\/uploads\/2023\/08\/export-data.png\" alt=\"Eksportuj dane\" class=\"description-img description-img-zoom\" loading=\"lazy\" ><\/div>\n<p>Mo\u017cliwo\u015b\u0107 pobierania i eksportowania wynik\u00f3w indeksowania w r\u00f3\u017cnych formatach okazuje si\u0119 korzystna dla freelancer\u00f3w i mened\u017cer\u00f3w SEO, dostarczaj\u0105c elastyczne dane do przegl\u0105du i dostosowania.<\/p>\n<p>Ta cecha pomaga w tworzeniu szczeg\u00f3\u0142owych raport\u00f3w dla klient\u00f3w lub kluczowych graczy, zwi\u0119kszaj\u0105c przejrzysto\u015b\u0107 odkry\u0107 i nadchodz\u0105cych plan\u00f3w.<\/p>\n<h2 id=\"par4\">Sprawdzanie strony<\/h2>\n<h3>Krok 1: Wprowad\u017a sw\u00f3j adres URL i rozpocznij \u201eSprawd\u017a przekierowanie\u201d<\/h3>\n<p>Aby wybra\u0107 stron\u0119 do sprawdzenia, kliknij odpowiedni przycisk w selektorze i rozpocznij audyt.<\/p>\n<div class=\"content__img-wrap\"><img src=\"https:\/\/sitechecker.pro\/wp-content\/uploads\/2024\/08\/2-Check-Page-Redirect-min.png\" alt=\"Strona sprawdzaj\u0105ca przekierowanie URL\" class=\"description-img description-img-zoom\" loading=\"lazy\" ><\/div>\n<h3>Krok 2: Interpretacja wynik\u00f3w sprawdzania strony<\/h3>\n<p>Narz\u0119dzie zapewnia natychmiastow\u0105 informacj\u0119 zwrotn\u0105 na temat kodu statusu HTTP okre\u015blonej strony, potwierdzaj\u0105c jej pomy\u015blne pobranie za pomoc\u0105 statusu przekierowania lub komunikatu \u201e200 OK\u201d.<\/p>\n<div class=\"content__img-wrap\"><img src=\"https:\/\/sitechecker.pro\/wp-content\/uploads\/2024\/08\/Redirect-Page-Result.png\" alt=\"Przegl\u0105d szczeg\u00f3\u0142\u00f3w strony\" class=\"description-img description-img-zoom\" loading=\"lazy\" ><\/div>\n<p>Je\u015bli status zwr\u00f3ci warto\u015b\u0107 <a href=\"https:\/\/sitechecker.pro\/what-are-2xx-status-codes\/\" target=\"_blank\" rel=\"noopener noreferrer\">200<\/a> zamiast kodu 3xx, sprawdzanie zar\u00f3wno link\u00f3w wewn\u0119trznych, jak i zewn\u0119trznych pozostaje niezb\u0119dne. Zapewnia to brak niezamierzonych po\u0142\u0105cze\u0144 z przekierowaniami na innych stronach internetowych lub w wewn\u0119trznej strukturze Twojej witryny.<\/p>\n<h3>Dodatkowe funkcje Redirect Checker online<\/h3>\n<p>Redirect Checker zapewnia panel sterowania SEO do analizy i optymalizacji link\u00f3w. Ocenia linki wewn\u0119trzne i zewn\u0119trzne, identyfikuje problemy SEO i sugeruje ulepszenia tre\u015bci w celu lepszego zaanga\u017cowania u\u017cytkownik\u00f3w i trafno\u015bci wyszukiwania. Narz\u0119dzie optymalizuje r\u00f3wnie\u017c tre\u015bci wizualne i strukturyzuje dane w celu lepszej interpretacji przez wyszukiwark\u0119. Dzi\u0119ki PageSpeed \u200b\u200bInsights ocenia wydajno\u015b\u0107 witryny, co jest kluczowe dla do\u015bwiadczenia u\u017cytkownika i rankingu.<\/p>\n<div class=\"content__img-wrap\"><img src=\"https:\/\/sitechecker.pro\/wp-content\/uploads\/2024\/08\/Issue-overview-min.png\" alt=\"Szczeg\u00f3\u0142y strony\" class=\"description-img description-img-zoom\" loading=\"lazy\" ><\/div>\n<p>Ten pakiet \u0142\u0105cznie oferuje dog\u0142\u0119bny audyt SEO z praktycznymi spostrze\u017ceniami w celu zwi\u0119kszenia obecno\u015bci w wyszukiwarkach.<\/p>\n<h2 id=\"par5\">Rozszerzenie Sitechecker Chrome do wykrywania przekierowa\u0144<\/h2>\n<p><a href=\"https:\/\/chrome.google.com\/webstore\/detail\/website-seo-checker-free\/nljcdkjpjnhlilgepggmmagnmebhadnk\" target=\"_blank\" rel=\"nofollow noopener noreferrer\">Rozszerzenie Sitechecker Chrome<\/a> oferuje funkcj\u0119 specjalnie zaprojektowan\u0105 do wykrywania link\u00f3w przekierowuj\u0105cych bezpo\u015brednio w przegl\u0105darce. W\u0142\u0105czaj\u0105c t\u0119 \u200b\u200bfunkcj\u0119, mo\u017cesz szybko analizowa\u0107 dowoln\u0105 stron\u0119 internetow\u0105, skupiaj\u0105c si\u0119 na statusie link\u00f3w, a w szczeg\u00f3lno\u015bci identyfikuj\u0105c linki za pomoc\u0105 kod\u00f3w statusu <a href=\"https:\/\/sitechecker.pro\/301-redirect\/\" target=\"_blank\" rel=\"noopener noreferrer\">301 (Przeniesiony na sta\u0142e)<\/a> i 302 (Znaleziony).<\/p>\n<p>Ta funkcja doskonale sprawdza si\u0119 w wykrywaniu i naprawianiu <a href=\"https:\/\/sitechecker.pro\/broken-links\/\" target=\"_blank\" rel=\"noopener noreferrer\">uszkodzonych<\/a> lub nieprawid\u0142owych przekierowa\u0144 w witrynie. Po aktywacji w przegl\u0105darce Chrome mo\u017cesz bez wysi\u0142ku przeskanowa\u0107 dowoln\u0105 stron\u0119 internetow\u0105, oceniaj\u0105c wszystkie linki pod k\u0105tem ich statusu i wa\u017cno\u015bci.<\/p>\n<div class=\"content__img-wrap\"><img src=\"https:\/\/sitechecker.pro\/wp-content\/uploads\/2023\/08\/sitechecker-extension.png\" alt=\"Rozszerzenie Sitechecker\" class=\"description-img description-img-zoom\" loading=\"lazy\" ><\/div>\n<p>Mo\u017ce to by\u0107 niezwykle korzystne dla utrzymania optymalnego do\u015bwiadczenia u\u017cytkownika i skutecznych praktyk SEO, poniewa\u017c pozwala szybko identyfikowa\u0107 i rozwi\u0105zywa\u0107 problemy, kt\u00f3re mog\u0105 mie\u0107 wp\u0142yw na wydajno\u015b\u0107 lub rankingi witryny.<\/p>\n<h2 id=\"par6\">Ostateczna koncepcja<\/h2>\n<p>Kontroler przekierowa\u0144 domeny to kluczowe narz\u0119dzie dla programist\u00f3w stron internetowych i ekspert\u00f3w SEO, umo\u017cliwiaj\u0105ce badanie readres\u00f3w URL, w tym kod\u00f3w statusu 301 i 302. Pomaga zapewni\u0107 prawid\u0142ow\u0105 zmian\u0119 \u015bcie\u017cki, diagnozowa\u0107 problemy, sprawdza\u0107 \u0142\u0105cza stron trzecich i utrzymywa\u0107 bezpiecze\u0144stwo. Kluczowe funkcje obejmuj\u0105 ujednolicony pulpit nawigacyjny, przyjazny dla u\u017cytkownika interfejs, kompletny zestaw narz\u0119dzi SEO i mo\u017cliwo\u015b\u0107 przeprowadzania szczeg\u00f3\u0142owych audyt\u00f3w.<\/p>\n<p>Dodatkowe funkcjonalno\u015bci, takie jak rozszerzenie Sitechecker Chrome, oferuj\u0105 ulepszone wykrywanie i korygowanie link\u00f3w przekierowuj\u0105cych.<\/p>\n<div id=\"par7\"><\/div>\n<p><div class=\"front__faq-block\"><div class=\"faq__block-title\">FAQ<\/div><div class=\"panel-group\" id=\"faq-accordion\" itemscope itemtype=\"https:\/\/schema.org\/FAQPage\" role=\"tablist\" aria-multiselectable=\"true\"><div class=\"panel\" itemscope itemtype=\"https:\/\/schema.org\/Question\" itemprop=\"mainEntity\">\n                            <div class=\"panel-heading\" id=\"headingFaq-1\">\n                                <div class=\"panel-title\" data-toggle=\"collapse\" aria-expanded=\"false\" href=\"#collapseFaq-1\">\n                                    <h3 itemprop=\"name\">W jaki spos\u00f3b narz\u0119dzie sprawdzaj\u0105ce przekierowania HTTPS pomaga w przekierowaniu HTTPS?<\/h3>\n                                <\/div>\n                            <\/div>\n                            <div id=\"collapseFaq-1\" class=\"panel-collapse collapse\" itemprop=\"acceptedAnswer\" itemscope itemtype=\"http:\/\/schema.org\/Answer\">\n                                <div class=\"panel-body\" itemprop=\"text\">Narz\u0119dzie mo\u017ce potwierdzi\u0107, \u017ce ca\u0142y ruch HTTP jest prawid\u0142owo przekierowywany do HTTPS, co jest niezb\u0119dne do zabezpieczenia danych u\u017cytkownika i budowania zaufania.<\/div>\n                            <\/div>\n                        <\/div><div class=\"panel\" itemscope itemtype=\"https:\/\/schema.org\/Question\" itemprop=\"mainEntity\">\n                            <div class=\"panel-heading\" id=\"headingFaq-2\">\n                                <div class=\"panel-title\" data-toggle=\"collapse\" aria-expanded=\"false\" href=\"#collapseFaq-2\">\n                                    <h3 itemprop=\"name\">Jakie typy przekierowa\u0144 mo\u017ce zidentyfikowa\u0107 narz\u0119dzie sprawdzaj\u0105ce przekierowania URL?<\/h3>\n                                <\/div>\n                            <\/div>\n                            <div id=\"collapseFaq-2\" class=\"panel-collapse collapse\" itemprop=\"acceptedAnswer\" itemscope itemtype=\"http:\/\/schema.org\/Answer\">\n                                <div class=\"panel-body\" itemprop=\"text\">Narz\u0119dzie mo\u017ce identyfikowa\u0107 r\u00f3\u017cne przekierowania, w tym HTTP, JavaScript, Meta Refresh i kody statusu, takie jak 301 (Przeniesiony trwale), 302 (Znaleziony), 307 (Tymczasowe przekierowanie) itp.<\/div>\n                            <\/div>\n                        <\/div><div class=\"panel\" itemscope itemtype=\"https:\/\/schema.org\/Question\" itemprop=\"mainEntity\">\n                            <div class=\"panel-heading\" id=\"headingFaq-3\">\n                                <div class=\"panel-title\" data-toggle=\"collapse\" aria-expanded=\"false\" href=\"#collapseFaq-3\">\n                                    <h3 itemprop=\"name\">Jak sprawdzi\u0107 przekierowanie witryny?<\/h3>\n                                <\/div>\n                            <\/div>\n                            <div id=\"collapseFaq-3\" class=\"panel-collapse collapse\" itemprop=\"acceptedAnswer\" itemscope itemtype=\"http:\/\/schema.org\/Answer\">\n                                <div class=\"panel-body\" itemprop=\"text\">Aby sprawdzi\u0107 witryn\u0119 pod k\u0105tem przekierowa\u0144 301-302, mo\u017cesz u\u017cy\u0107 narz\u0119dzia Website Redirect Checker. Po prostu wprowad\u017a adres URL, kt\u00f3ry chcesz sprawdzi\u0107, do narz\u0119dzia, a ono pod\u0105\u017cy \u015bcie\u017ck\u0105 przekierowa\u0144, wy\u015bwietlaj\u0105c informacje, takie jak typ kod\u00f3w statusu readdress i miejsce docelowe adresu URL. Niekt\u00f3re narz\u0119dzia oferuj\u0105 r\u00f3wnie\u017c rozszerzenia przegl\u0105darki do szybkiej analizy bezpo\u015brednio z przegl\u0105darki.<\/div>\n                            <\/div>\n                        <\/div><\/div><\/div><\/p>","protected":false},"excerpt":{"rendered":"Czym jest Redirect Checker? URL Redirect Checker to narz\u0119dzie s\u0142u\u017c\u0105ce do identyfikowania i analizowania ca\u0142ej \u015bcie\u017cki, do kt\u00f3rej prowadzi przekierowany adres URL. Bada kody statusu HTTP, takie jak 301 lub 302, aby okre\u015bli\u0107 typ przekierowania (sta\u0142e lub tymczasowe) i pomaga w identyfikowaniu \u0142a\u0144cuch\u00f3w 3xx przekierowa\u0144. Narz\u0119dzie umo\u017cliwia analiz\u0119 wszystkich adres\u00f3w URL witryn lub oddzielnych adres\u00f3w&#8230;","protected":false},"author":10504980,"featured_media":5325,"parent":0,"menu_order":0,"comment_status":"closed","ping_status":"closed","template":"pages-templates\/pages-minitools-3.php","meta":[],"categories":[72],"tags":[],"_links":{"self":[{"href":"https:\/\/sitechecker.pro\/pl\/wp-json\/wp\/v2\/pages\/5313"}],"collection":[{"href":"https:\/\/sitechecker.pro\/pl\/wp-json\/wp\/v2\/pages"}],"about":[{"href":"https:\/\/sitechecker.pro\/pl\/wp-json\/wp\/v2\/types\/page"}],"author":[{"embeddable":true,"href":"https:\/\/sitechecker.pro\/pl\/wp-json\/wp\/v2\/users\/10504980"}],"replies":[{"embeddable":true,"href":"https:\/\/sitechecker.pro\/pl\/wp-json\/wp\/v2\/comments?post=5313"}],"version-history":[{"count":69,"href":"https:\/\/sitechecker.pro\/pl\/wp-json\/wp\/v2\/pages\/5313\/revisions"}],"predecessor-version":[{"id":35765,"href":"https:\/\/sitechecker.pro\/pl\/wp-json\/wp\/v2\/pages\/5313\/revisions\/35765"}],"wp:featuredmedia":[{"embeddable":true,"href":"https:\/\/sitechecker.pro\/pl\/wp-json\/wp\/v2\/media\/5325"}],"wp:attachment":[{"href":"https:\/\/sitechecker.pro\/pl\/wp-json\/wp\/v2\/media?parent=5313"}],"wp:term":[{"taxonomy":"category","embeddable":true,"href":"https:\/\/sitechecker.pro\/pl\/wp-json\/wp\/v2\/categories?post=5313"},{"taxonomy":"post_tag","embeddable":true,"href":"https:\/\/sitechecker.pro\/pl\/wp-json\/wp\/v2\/tags?post=5313"}],"curies":[{"name":"wp","href":"https:\/\/api.w.org\/{rel}","templated":true}]}}