{"id":37680,"date":"2025-07-02T10:53:33","date_gmt":"2025-07-02T10:53:33","guid":{"rendered":"https:\/\/sitechecker.pro\/?page_id=37680"},"modified":"2026-03-04T18:00:11","modified_gmt":"2026-03-04T18:00:11","slug":"free-looker-studio-template-analyze-traffic-ai-chats","status":"publish","type":"page","link":"https:\/\/sitechecker.pro\/pl\/looker-studio-template-analyze-traffic-ai-chats\/","title":{"rendered":"Free Looker Studio template to analyze traffic from AI chats"},"content":{"rendered":"<p class=\"qtranxs-available-languages-message qtranxs-available-languages-message-pl\">Przepraszamy, ten wpis jest dost\u0119pny tylko w j\u0119zyku <a href=\"https:\/\/sitechecker.pro\/en\/wp-json\/wp\/v2\/pages\/37680\" class=\"qtranxs-available-language-link qtranxs-available-language-link-en\" title=\"English\">English<\/a>, <a href=\"https:\/\/sitechecker.pro\/es\/wp-json\/wp\/v2\/pages\/37680\" class=\"qtranxs-available-language-link qtranxs-available-language-link-es\" title=\"Espa\u00f1ol\">Espa\u00f1ol<\/a> i <a href=\"https:\/\/sitechecker.pro\/pt\/wp-json\/wp\/v2\/pages\/37680\" class=\"qtranxs-available-language-link qtranxs-available-language-link-pt\" title=\"Portugu\u00eas\">Portugu\u00eas<\/a>.<\/p>","protected":false},"excerpt":{"rendered":"Przepraszamy, ten wpis jest dost\u0119pny tylko w j\u0119zyku English, Espa\u00f1ol i Portugu\u00eas.","protected":false},"author":10409641,"featured_media":37693,"parent":0,"menu_order":0,"comment_status":"closed","ping_status":"closed","template":"pages-templates\/pages-v2.php","meta":[],"categories":[31],"tags":[],"_links":{"self":[{"href":"https:\/\/sitechecker.pro\/pl\/wp-json\/wp\/v2\/pages\/37680"}],"collection":[{"href":"https:\/\/sitechecker.pro\/pl\/wp-json\/wp\/v2\/pages"}],"about":[{"href":"https:\/\/sitechecker.pro\/pl\/wp-json\/wp\/v2\/types\/page"}],"author":[{"embeddable":true,"href":"https:\/\/sitechecker.pro\/pl\/wp-json\/wp\/v2\/users\/10409641"}],"replies":[{"embeddable":true,"href":"https:\/\/sitechecker.pro\/pl\/wp-json\/wp\/v2\/comments?post=37680"}],"version-history":[{"count":10,"href":"https:\/\/sitechecker.pro\/pl\/wp-json\/wp\/v2\/pages\/37680\/revisions"}],"predecessor-version":[{"id":37708,"href":"https:\/\/sitechecker.pro\/pl\/wp-json\/wp\/v2\/pages\/37680\/revisions\/37708"}],"wp:featuredmedia":[{"embeddable":true,"href":"https:\/\/sitechecker.pro\/pl\/wp-json\/wp\/v2\/media\/37693"}],"wp:attachment":[{"href":"https:\/\/sitechecker.pro\/pl\/wp-json\/wp\/v2\/media?parent=37680"}],"wp:term":[{"taxonomy":"category","embeddable":true,"href":"https:\/\/sitechecker.pro\/pl\/wp-json\/wp\/v2\/categories?post=37680"},{"taxonomy":"post_tag","embeddable":true,"href":"https:\/\/sitechecker.pro\/pl\/wp-json\/wp\/v2\/tags?post=37680"}],"curies":[{"name":"wp","href":"https:\/\/api.w.org\/{rel}","templated":true}]}}