{"id":349,"date":"2017-11-20T12:28:18","date_gmt":"2017-11-20T12:28:18","guid":{"rendered":"https:\/\/sitechecker.pro\/?page_id=349"},"modified":"2026-02-18T14:52:40","modified_gmt":"2026-02-18T14:52:40","slug":"h1-tag","status":"publish","type":"page","link":"https:\/\/sitechecker.pro\/pl\/h1-tag\/","title":{"rendered":"Darmowy kontroler tag\u00f3w H1 | Ustaw tag nag\u0142\u00f3wka w 100% przyjazny dla SEO \u1408"},"content":{"rendered":"<p>Ka\u017cda strona w Twojej witrynie ma okre\u015blon\u0105 struktur\u0119. Pierwszy nag\u0142\u00f3wek ka\u017cdej strony musi zawiera\u0107 tag H1 w kodzie HTML. Bez tego tagu H1 Google b\u0119dzie mia\u0142 trudno\u015bci z ustaleniem priorytetu tre\u015bci w Twojej witrynie. Mo\u017cemy wi\u0119c wywnioskowa\u0107, \u017ce H1 jest g\u0142\u00f3wnym tagiem nag\u0142\u00f3wka na ka\u017cdej stronie internetowej znajduj\u0105cej si\u0119 w nag\u0142\u00f3wku artyku\u0142u. Stworzyli\u015bmy unikalne, bezp\u0142atne narz\u0119dzie do wyszukiwania H1, kt\u00f3re bez rejestracji pozwoli Ci sprawdzi\u0107, czy na danej stronie jest ustawiony nag\u0142\u00f3wek pierwszego poziomu lub czy <a href=\"https:\/\/sitechecker.pro\/site-audit-issues\/h1-is-empty\/\">pusty problem h1<\/a> jest tam i czym jest wype\u0142niony ten tag.<\/p>\n<p>Unikalny tag tytu\u0142owy H1 dla ka\u017cdej strony jest wymogiem wyszukiwarek w wielu witrynach. Utw\u00f3rz tag, kt\u00f3ry dok\u0142adnie opisuje zawarto\u015b\u0107 Twojej strony. Pami\u0119taj, \u017ce dobry tytu\u0142 H1 zawiera ukierunkowane s\u0142owa kluczowe. Dzieje si\u0119 tak, aby roboty wyszukiwarek zrozumia\u0142y zawarto\u015b\u0107 strony i aby Twoi czytelnicy od razu wiedzieli, o czym jest Twoja tre\u015b\u0107. Wyszukiwarki zwracaj\u0105 uwag\u0119 na to, ile czasu u\u017cytkownicy sp\u0119dzaj\u0105 na Twoich stronach. Im wy\u017csza jest ta liczba, tym wy\u017csza pozycja w rankingach wyszukiwarek.<\/p>\n<p>Uporz\u0105dkowane znaki tekstowe przyci\u0105gn\u0105 wi\u0119ksz\u0105 uwag\u0119 u\u017cytkownik\u00f3w, a tym samym pomog\u0105 utrzyma\u0107 ich na Twoim blogu lub stronie sklepu internetowego na d\u0142u\u017cej. Wa\u017cne jest, aby u\u017cywa\u0107 tylko jednego nag\u0142\u00f3wka pierwszego poziomu. Skanuj\u0105c swoj\u0105 witryn\u0119 w narz\u0119dziach rozszerze\u0144 SEO, mo\u017cesz natkn\u0105\u0107 si\u0119 na brakuj\u0105cy H1 \u2013 <a href=\"https:\/\/sitechecker.pro\/site-audit-issues\/h1-duplicates\/\">problem z duplikatem h1<\/a>. Wyeliminuj ten b\u0142\u0105d, aby wprowadzi\u0107 w b\u0142\u0105d u\u017cytkownik\u00f3w i roboty wyszukiwarek za pomoc\u0105 testera H1.<\/p>\n<p>Roboty wyszukiwarek analizuj\u0105 tag H1, aby pozna\u0107 tematyk\u0119 Twojej strony i obecno\u015b\u0107 s\u0142owa kluczowego. Skorzystaj z naszego bezp\u0142atnego testu H1 Checker, aby sprawdzi\u0107 obecno\u015b\u0107 znacznika. Z tego artyku\u0142u dowiesz si\u0119, jak korzysta\u0107 z naszego narz\u0119dzia i dlaczego warto sprawdza\u0107 nag\u0142\u00f3wki h1 na swoich stronach internetowych.<\/p>\n<h2 id=\"ik_Guide\">Zastosowanie kontrolera H1: przewodnik krok po kroku<\/h2>\n<p>H1 Checker to narz\u0119dzie online do sprawdzania obecno\u015bci znacznika H1, kt\u00f3re r\u00f3wnie\u017c analizuje i oblicza jego d\u0142ugo\u015b\u0107. Mo\u017cesz r\u00f3wnie\u017c przekaza\u0107 informacje o s\u0142owach kluczowych, aby uszeregowa\u0107 stron\u0119.<\/p>\n<h3>Krok 1: Wstaw sw\u00f3j adres URL<\/h3>\n<p>Pami\u0119taj, \u017ce <a href=\"https:\/\/sitechecker.pro\/h1-tag-requirements-writing-properly\/\" rel=\"noopener noreferrer\" target=\"_blank\">dodanie tagu H1<\/a> na ka\u017cdej stronie jest zalecane do optymalizacji. Na przyk\u0142ad postanowili\u015bmy pokaza\u0107, jak narz\u0119dzie dzia\u0142a na stronie g\u0142\u00f3wnej w por\u00f3wnaniu z nasz\u0105 witryn\u0105 sitechecker.pro. Wpisz wi\u0119c stron\u0119, kt\u00f3r\u0105 chcesz sprawdzi\u0107 w pustym polu i kliknij przycisk strza\u0142ki. Poni\u017cej znajdziesz zrzuty ekranu.<\/p>\n<div class=\"content__img-wrap\"><img src=\"https:\/\/sitechecker.pro\/wp-content\/uploads\/2022\/04\/h1-checker-new-1-1.jpg\" alt=\"Strona g\u0142\u00f3wna H1 Checker\" class=\"description-img description-img-zoom\" loading=\"lazy\" ><\/div>\n<h3>Krok 2: Interpretacja wynik\u00f3w sprawdzania tag\u00f3w H1<\/h3>\n<p>Po zako\u0144czeniu skanowania w analizatorze otrzymasz pe\u0142n\u0105 informacj\u0119 o tagu H1 na konkretnej stronie skanowanej witryny. Ponadto nale\u017cy pami\u0119ta\u0107, \u017ce podczas skanowania mo\u017cna sprawdzi\u0107 tylko jedn\u0105 stron\u0119, a nie wszystkie strony domeny naraz.<\/p>\n<p>Ot\u00f3\u017c \u200b\u200bna stronie wynik\u00f3w po zako\u0144czeniu skanowania zobaczysz nie tylko tag H1, ale tak\u017ce ich liczb\u0119, d\u0142ugo\u015b\u0107, limit oraz czy tag pasuje do tytu\u0142u Twojej strony.<\/p>\n<div class=\"content__img-wrap\"><img src=\"https:\/\/sitechecker.pro\/wp-content\/uploads\/2022\/04\/h1-checker-new-2-1.jpg\" alt=\"H1 Checker wyniki\" class=\"description-img description-img-zoom\" loading=\"lazy\" ><\/div>\n<h2 id=\"ik_Cases\">Przypadki, w kt\u00f3rych potrzebny jest kontroler H1<\/h2>\n<p>Przyjrzyjmy si\u0119, kiedy nale\u017cy sprawdzi\u0107 strony witryny pod k\u0105tem tagu H1.<\/p>\n<ul>\n<li>Chcesz zoptymalizowa\u0107 zawarto\u015b\u0107 swojej witryny.<\/li>\n<li>Chcesz przeanalizowa\u0107 zawarto\u015b\u0107 stron konkurencji.<\/li>\n<li>Ponadto chcesz sprawdzi\u0107, czy tag H1 jest obecny na stronach Twojej witryny.<\/li>\n<\/ul>\n<p>Jak widzisz, mo\u017cesz u\u017cy\u0107 naszego narz\u0119dzia, aby sprawdzi\u0107 strony swojej witryny i sprawdzi\u0107 strony witryn konkurencji.<\/p>\n    <div class=\"blog__conversion blog__conversion-app element__logged_out\">\n        <div class=\"blog__conversion-inner\">\n            <p class=\"title\">Dowiedz si\u0119 nie tylko tagu H1, ale tak\u017ce obecno\u015bci na nim b\u0142\u0119d\u00f3w technicznych!<\/p>\n            <p class=\"description\">Przeprowad\u017a pe\u0142ny audyt, aby znale\u017a\u0107 i naprawi\u0107 wszystkie problemy na poziomie witryny i strony w Twojej witrynie.<\/p>\n            <form id=\"audit__form\"\n                  class=\"article__seo-search audit__form Przeprowad\u017a pe\u0142ny audyt, aby znale\u017a\u0107 i naprawi\u0107 wszystkie problemy na poziomie witryny i strony w Twojej witrynie.\"\n                  action=\"\"\n                  method=\"POST\"\n                  autocomplete=\"off\">\n                <span class=\"error\"><\/span>\n                <div class=\"error__limits\">Something went wrong. Please, try again later.<\/div>\n                <input name=\"url\"\n                       type=\"text\"\n                       placeholder=\"Wprowad\u017a tutaj swoj\u0105 domen\u0119\">\n                                <button type=\"submit\"\n                        class=\"sitechecker__text\">\n                    <span>Uruchom audyt<\/span>\n                    <img src=\"\/wp-content\/themes\/sitechecker\/out\/img_design\/loading.svg\"\n                         width=\"31\"\n                         height=\"30\"\n                         class=\"loading\">\n                <\/button>\n            <\/form>\n        <\/div>\n    <\/div>\n    \n<p><div class=\"front__faq-block\"><div class=\"faq__block-title\">Najcz\u0119\u015bciej zadawane pytania<\/div><div class=\"panel-group\" id=\"faq-accordion\" itemscope itemtype=\"https:\/\/schema.org\/FAQPage\" role=\"tablist\" aria-multiselectable=\"true\"><div class=\"panel\" itemscope itemtype=\"https:\/\/schema.org\/Question\" itemprop=\"mainEntity\">\n                            <div class=\"panel-heading\" id=\"headingFaq-1\">\n                                <div class=\"panel-title\" data-toggle=\"collapse\" aria-expanded=\"false\" href=\"#collapseFaq-1\">\n                                    <h3 itemprop=\"name\">Co oznacza H1?<\/h3>\n                                <\/div>\n                            <\/div>\n                            <div id=\"collapseFaq-1\" class=\"panel-collapse collapse\" itemprop=\"acceptedAnswer\" itemscope itemtype=\"http:\/\/schema.org\/Answer\">\n                                <div class=\"panel-body\" itemprop=\"text\">Kilka nag\u0142\u00f3wk\u00f3w na ka\u017cdej stronie witryny umo\u017cliwia uporz\u0105dkowanie tre\u015bci. Niemniej jednak istnieje tylko jeden g\u0142\u00f3wny tag nag\u0142\u00f3wka. H1 to tag HTML, kt\u00f3ry liczy si\u0119 jako nag\u0142\u00f3wek na stronie internetowej. Mo\u017cesz go por\u00f3wna\u0107 z nag\u0142\u00f3wkiem w Dziennik.<\/div>\n                            <\/div>\n                        <\/div><div class=\"panel\" itemscope itemtype=\"https:\/\/schema.org\/Question\" itemprop=\"mainEntity\">\n                            <div class=\"panel-heading\" id=\"headingFaq-2\">\n                                <div class=\"panel-title\" data-toggle=\"collapse\" aria-expanded=\"false\" href=\"#collapseFaq-2\">\n                                    <h3 itemprop=\"name\">Jaka jest warto\u015b\u0107 H1?<\/h3>\n                                <\/div>\n                            <\/div>\n                            <div id=\"collapseFaq-2\" class=\"panel-collapse collapse\" itemprop=\"acceptedAnswer\" itemscope itemtype=\"http:\/\/schema.org\/Answer\">\n                                <div class=\"panel-body\" itemprop=\"text\">Tag &lt;H1&gt; HTML jest pierwszym tagiem nag\u0142\u00f3wka na stronie, a gdy jest wy\u015bwietlany w kodzie HTML chrome, warto\u015b\u0107 H1 jest zawarta w tagach &lt;h1&gt;&lt;\/h1&gt;.<\/div>\n                            <\/div>\n                        <\/div><div class=\"panel\" itemscope itemtype=\"https:\/\/schema.org\/Question\" itemprop=\"mainEntity\">\n                            <div class=\"panel-heading\" id=\"headingFaq-3\">\n                                <div class=\"panel-title\" data-toggle=\"collapse\" aria-expanded=\"false\" href=\"#collapseFaq-3\">\n                                    <h3 itemprop=\"name\">Jakie s\u0105 inne sposoby sprawdzania H1?<\/h3>\n                                <\/div>\n                            <\/div>\n                            <div id=\"collapseFaq-3\" class=\"panel-collapse collapse\" itemprop=\"acceptedAnswer\" itemscope itemtype=\"http:\/\/schema.org\/Answer\">\n                                <div class=\"panel-body\" itemprop=\"text\">Tw\u00f3j tag H1 musi znajdowa\u0107 si\u0119 na g\u00f3rze tre\u015bci strony. Mo\u017cesz przejrze\u0107 kod CSS i sprawdzi\u0107 obecno\u015b\u0107 tagu. Mo\u017cesz tak\u017ce u\u017cy\u0107 narz\u0119dzi SEO, aby sprawdzi\u0107 tag.<\/div>\n                            <\/div>\n                        <\/div><div class=\"panel\" itemscope itemtype=\"https:\/\/schema.org\/Question\" itemprop=\"mainEntity\">\n                            <div class=\"panel-heading\" id=\"headingFaq-4\">\n                                <div class=\"panel-title\" data-toggle=\"collapse\" aria-expanded=\"false\" href=\"#collapseFaq-4\">\n                                    <h3 itemprop=\"name\">Jakie znaczenie ma tag nag\u0142\u00f3wka H1?<\/h3>\n                                <\/div>\n                            <\/div>\n                            <div id=\"collapseFaq-4\" class=\"panel-collapse collapse\" itemprop=\"acceptedAnswer\" itemscope itemtype=\"http:\/\/schema.org\/Answer\">\n                                <div class=\"panel-body\" itemprop=\"text\">H1 informuje wyszukiwark\u0119 i u\u017cytkownik\u00f3w witryny, o czym jest Twoja strona internetowa. H1 powinien dok\u0142adnie odzwierciedla\u0107 zawarto\u015b\u0107 strony.<\/div>\n                            <\/div>\n                        <\/div><\/div><\/div><\/p>","protected":false},"excerpt":{"rendered":"Ka\u017cda strona w Twojej witrynie ma okre\u015blon\u0105 struktur\u0119. Pierwszy nag\u0142\u00f3wek ka\u017cdej strony musi zawiera\u0107 tag H1 w kodzie HTML. Bez tego tagu H1 Google b\u0119dzie mia\u0142 trudno\u015bci z ustaleniem priorytetu tre\u015bci w Twojej witrynie. Mo\u017cemy wi\u0119c wywnioskowa\u0107, \u017ce H1 jest g\u0142\u00f3wnym tagiem nag\u0142\u00f3wka na ka\u017cdej stronie internetowej znajduj\u0105cej si\u0119 w nag\u0142\u00f3wku artyku\u0142u. Stworzyli\u015bmy unikalne, bezp\u0142atne&#8230;","protected":false},"author":11474150,"featured_media":3427,"parent":0,"menu_order":0,"comment_status":"closed","ping_status":"closed","template":"pages-templates\/pages-minitools-3.php","meta":[],"categories":[70],"tags":[],"_links":{"self":[{"href":"https:\/\/sitechecker.pro\/pl\/wp-json\/wp\/v2\/pages\/349"}],"collection":[{"href":"https:\/\/sitechecker.pro\/pl\/wp-json\/wp\/v2\/pages"}],"about":[{"href":"https:\/\/sitechecker.pro\/pl\/wp-json\/wp\/v2\/types\/page"}],"author":[{"embeddable":true,"href":"https:\/\/sitechecker.pro\/pl\/wp-json\/wp\/v2\/users\/11474150"}],"replies":[{"embeddable":true,"href":"https:\/\/sitechecker.pro\/pl\/wp-json\/wp\/v2\/comments?post=349"}],"version-history":[{"count":48,"href":"https:\/\/sitechecker.pro\/pl\/wp-json\/wp\/v2\/pages\/349\/revisions"}],"predecessor-version":[{"id":39341,"href":"https:\/\/sitechecker.pro\/pl\/wp-json\/wp\/v2\/pages\/349\/revisions\/39341"}],"wp:featuredmedia":[{"embeddable":true,"href":"https:\/\/sitechecker.pro\/pl\/wp-json\/wp\/v2\/media\/3427"}],"wp:attachment":[{"href":"https:\/\/sitechecker.pro\/pl\/wp-json\/wp\/v2\/media?parent=349"}],"wp:term":[{"taxonomy":"category","embeddable":true,"href":"https:\/\/sitechecker.pro\/pl\/wp-json\/wp\/v2\/categories?post=349"},{"taxonomy":"post_tag","embeddable":true,"href":"https:\/\/sitechecker.pro\/pl\/wp-json\/wp\/v2\/tags?post=349"}],"curies":[{"name":"wp","href":"https:\/\/api.w.org\/{rel}","templated":true}]}}