{"id":29818,"date":"2024-01-22T16:09:06","date_gmt":"2024-01-22T16:09:06","guid":{"rendered":"https:\/\/sitechecker.pro\/?page_id=29818"},"modified":"2026-02-18T15:58:04","modified_gmt":"2026-02-18T15:58:04","slug":"nofollow-link-checker-detect-nofollow-attributes-website","status":"publish","type":"page","link":"https:\/\/sitechecker.pro\/pl\/nofollow-link-checker\/","title":{"rendered":"Nofollow Link Checker | Wykrywanie atrybut\u00f3w Nofollow w witrynie internetowej"},"content":{"rendered":"<p><\/p>\n<h2 id=\"par1\">Czym jest narz\u0119dzie Nofollow Link Checker?<\/h2>\n<p>Nofollow Link Checker to narz\u0119dzie, kt\u00f3re analizuje stron\u0119 internetow\u0105 i identyfikuje atrybut rel=&#8221;nofollow&#8221; wszystkich link\u00f3w oraz dyrektywy indeksowania. Wykrywa ustawienia Robots meta oraz <a href=\"https:\/\/sitechecker.pro\/meta-robots-tag\/\" target=\"_blank\" rel=\"noopener noreferrer\">X-Robots-Tag<\/a>, sprawdza <a href=\"https:\/\/sitechecker.pro\/link-attributes\/\" target=\"_blank\" rel=\"noopener noreferrer\">atrybuty nofollow<\/a>, pokazuje wewn\u0119trzne i zewn\u0119trzne linki dofollow\/nofollow, dostarcza pe\u0142n\u0105 list\u0119 anchor\u00f3w oraz zwraca <a href=\"https:\/\/sitechecker.pro\/http-status-codes-list\/\" target=\"_blank\" rel=\"noopener noreferrer\">kody statusu<\/a> dla ka\u017cdego URL.<\/p>\n<h3>Jak narz\u0119dzie mo\u017ce Ci pom\u00f3c<\/h3>\n<p><strong>Identyfikacja regu\u0142 Robots i X-Robots-Tag: <\/strong>sprawdza, czy strona zawiera dyrektywy Robots meta lub X-Robots-Tag, pomagaj\u0105c wykry\u0107 noindex, nofollow lub inne regu\u0142y, kt\u00f3re mog\u0105 ogranicza\u0107 <a href=\"https:\/\/sitechecker.pro\/website-crawler\/\" target=\"_blank\" rel=\"noopener noreferrer\">crawlowanie<\/a> lub <a href=\"https:\/\/sitechecker.pro\/google-index\/\" target=\"_blank\" rel=\"noopener noreferrer\">indeksowanie<\/a>.<\/p>\n<p><strong>Wykrywanie wewn\u0119trznych i zewn\u0119trznych link\u00f3w nofollow: <\/strong>identyfikuje wszystkie atrybuty dofollow i nofollow w linkach wewn\u0119trznych i zewn\u0119trznych, zapewniaj\u0105c pe\u0142n\u0105 widoczno\u015b\u0107 przep\u0142ywu mocy link\u00f3w na stronie.<\/p>\n<p><strong>Pe\u0142ny raport anchor\u00f3w i status\u00f3w link\u00f3w: <\/strong>dostarcza uporz\u0105dkowan\u0105 list\u0119 wszystkich anchor\u00f3w oraz weryfikuje kody statusu ka\u017cdej URL, co pozwala wykry\u0107 <a href=\"https:\/\/sitechecker.pro\/broken-links\/\" target=\"_blank\" rel=\"noopener noreferrer\">niedzia\u0142aj\u0105ce linki<\/a>, <a href=\"https:\/\/sitechecker.pro\/redirect-checker\/\" target=\"_blank\" rel=\"noopener noreferrer\">przekierowania<\/a> i inne problemy, kt\u00f3re mog\u0105 wp\u0142ywa\u0107 na wydajno\u015b\u0107 SEO.<\/p>\n<h3>Kluczowe funkcje narz\u0119dzia<\/h3>\n<p><strong>Ujednolicony panel: <\/strong>zapewnia centralny panel, kt\u00f3ry oferuje kompleksowy widok r\u00f3\u017cnych metryk SEO oraz wska\u017anik\u00f3w wydajno\u015bci strony.<\/p>\n<p><strong>Przyjazny interfejs: <\/strong>zaprojektowany z my\u015bl\u0105 o wygodzie u\u017cytkownika, dzi\u0119ki czemu interfejs jest intuicyjny i \u0142atwy w nawigacji.<\/p>\n<p><strong>Kompletny zestaw narz\u0119dzi SEO: <\/strong>obejmuje pe\u0142n\u0105 gam\u0119 narz\u0119dzi SEO, w tym funkcje do badania s\u0142\u00f3w kluczowych, optymalizacji <a href=\"https:\/\/sitechecker.pro\/on-page-seo-checker\/\" target=\"_blank\" rel=\"noopener noreferrer\">SEO on-page<\/a>, <a href=\"https:\/\/sitechecker.pro\/seo-site-audit\/\" target=\"_blank\" rel=\"noopener noreferrer\">audyt\u00f3w strony<\/a> i wiele wi\u0119cej.<\/p>\n<h2 id=\"par2\">Jak korzysta\u0107 z Nofollow Links Checker<\/h2>\n<p>Mo\u017cesz sprawdzi\u0107, czy strona zawiera dyrektywy Robots lub X-Robots-Tag, albo przeanalizowa\u0107 wszystkie statusy follow\/nofollow link\u00f3w na stronie. Wybierz opcj\u0119 najlepiej dopasowan\u0105 do Twojego celu i rozpocznij audyt, aby natychmiast otrzyma\u0107 raport.<\/p>\n<div class=\"content__img-wrap\"><img src=\"https:\/\/sitechecker.pro\/wp-content\/uploads\/2025\/11\/choose-an-audit-option.png\" alt=\"Choose an audit option\" class=\"description-img description-img-zoom\" loading=\"lazy\" ><\/div>\n<h2 id=\"par3\">Sprawd\u017a atrybut nofollow w Robots meta i X-Robots-Tag<\/h2>\n<h3>Krok 1: Wybierz inspekcj\u0119<\/h3>\n<div class=\"content__img-wrap\"><img src=\"https:\/\/sitechecker.pro\/wp-content\/uploads\/2025\/11\/test-robots-meta-x-robots-tag.png\" alt=\"Test Robots meta and X-Robots-tag\" class=\"description-img description-img-zoom\" loading=\"lazy\" ><\/div>\n<h3>Krok 2: Odbierz wyniki<\/h3>\n<p>W wynikach zobaczysz, jak strona zachowuje si\u0119 pod wzgl\u0119dem indeksowania na podstawie kilku sygna\u0142\u00f3w:<\/p>\n<p><strong>Tag Robots meta<\/strong> \u2013 czy zawiera dyrektywy takie jak index, noindex, follow lub nofollow.<\/p>\n<p><strong>X-Robots-Tag<\/strong> \u2013 regu\u0142y indeksowania na poziomie serwera zwracane w nag\u0142\u00f3wkach HTTP.<\/p>\n<p><strong>Plik <a href=\"https:\/\/sitechecker.pro\/robots-tester\/\" target=\"_blank\" rel=\"noopener noreferrer\">robots.txt<\/a><\/strong> \u2013 czy crawlowanie jest dozwolone lub ograniczone dla tej URL.<\/p>\n<p><strong>Tag noindex<\/strong> \u2013 czy w tre\u015bci strony wyst\u0119puj\u0105 dyrektywy noindex.<\/p>\n<p>Ten audyt pozwala szybko zrozumie\u0107, jak wyszukiwarki s\u0105 instruowane do crawlowania i indeksowania strony.<\/p>\n<div class=\"content__img-wrap\"><img src=\"https:\/\/sitechecker.pro\/wp-content\/uploads\/2025\/11\/on-page-seo-checker-indexation.png\" alt=\"On-page SEO Checker indexation\" class=\"description-img description-img-zoom\" loading=\"lazy\" ><\/div>\n<h3>Dodatkowe funkcje sprawdzania Robots meta i X-Robots-Tag<\/h3>\n<p>Opr\u00f3cz sprawdzania atrybut\u00f3w nofollow i regu\u0142 indeksowania, narz\u0119dzie zapewnia tak\u017ce szybki podgl\u0105d innych problem\u00f3w on-page. Mo\u017cesz zidentyfikowa\u0107 problemy krytyczne, ostrze\u017cenia oraz sygna\u0142y techniczne, takie jak problemy z <a href=\"https:\/\/sitechecker.pro\/speed-test\/\" target=\"_blank\" rel=\"noopener noreferrer\">szybko\u015bci\u0105 strony<\/a>, b\u0142\u0119dy 404, kody statusu, rozmiar HTML oraz jako\u015b\u0107 metadanych.<\/p>\n<p>Pozwala to jednocze\u015bnie przeanalizowa\u0107 atrybuty link\u00f3w i zdiagnozowa\u0107 og\u00f3lne problemy SEO na tej samej stronie w jednym skanowaniu.<\/p>\n<div class=\"content__img-wrap\"><img src=\"https:\/\/sitechecker.pro\/wp-content\/uploads\/2025\/11\/issues-overview.png\" alt=\"Issues overview\" class=\"description-img description-img-zoom\" loading=\"lazy\" ><\/div>\n<h2 id=\"par4\">Sprawd\u017a statusy follow link\u00f3w na stronie<\/h2>\n<h3>Krok 1: Wybierz opcj\u0119 \u201eLinks follow statuses on the page\u201d<\/h3>\n<div class=\"content__img-wrap\"><img src=\"https:\/\/sitechecker.pro\/wp-content\/uploads\/2025\/11\/links-follow-statuses-on-the-page.png\" alt=\"Links follow statuses on the page\" class=\"description-img description-img-zoom\" loading=\"lazy\" ><\/div>\n<h3>Krok 2: Odbierz wyniki<\/h3>\n<p>W wyniku tego audytu mo\u017cesz przejrze\u0107 wszystkie linki wewn\u0119trzne i zewn\u0119trzne znalezione na stronie. Raport pokazuje ka\u017cd\u0105 URL, do kt\u00f3rej strona prowadzi \u2013 zar\u00f3wno wewn\u0105trz Twojej witryny, jak i poza ni\u0105. Dla ka\u017cdego linku mo\u017cesz sprawdzi\u0107 kod statusu HTTP, atrybut follow\/nofollow oraz tekst anchor.<\/p>\n<p>Mo\u017cesz filtrowa\u0107 i sortowa\u0107 te dane wed\u0142ug potrzeb, eksportowa\u0107 je do dalszej analizy lub pobra\u0107 pe\u0142ny raport.<\/p>\n<div class=\"content__img-wrap\"><img src=\"https:\/\/sitechecker.pro\/wp-content\/uploads\/2025\/11\/on-page-audit-internal-links.png\" alt=\"On-page audit internal links\" class=\"description-img description-img-zoom\" loading=\"lazy\" ><\/div>\n<h3>Dodatkowe funkcje<\/h3>\n<p>Na poziomie ca\u0142ej witryny mo\u017cesz r\u00f3wnie\u017c wykrywa\u0107 problemy zwi\u0105zane z linkami nofollow, takie jak strony, kt\u00f3re niew\u0142a\u015bciwie u\u017cywaj\u0105 nofollow, maj\u0105 wy\u0142\u0105cznie wewn\u0119trzne linki nofollow lub zawieraj\u0105 mieszane atrybuty follow\/nofollow.<\/p>\n<div class=\"content__img-wrap\"><img src=\"https:\/\/sitechecker.pro\/wp-content\/uploads\/2025\/11\/site-audit-nofollow-issues.png\" alt=\"Site audit nofollow issues\" class=\"description-img description-img-zoom\" loading=\"lazy\" ><\/div>\n<div class=\"important-block\">Aby otrzyma\u0107 wyniki i uzyska\u0107 dost\u0119p do funkcji Sitechecker przez 14 dni, rozpocznij BEZP\u0141ATNY okres pr\u00f3bny. Rejestracja jest prosta \u2013 przez e-mail, konto Google lub Facebook. Karta kredytowa nie jest wymagana.<\/div>\n<h2 id=\"par5\">Podsumowanie<\/h2>\n<p>Nofollow Link Checker pomaga szybko zrozumie\u0107, jak strona obs\u0142uguje atrybuty nofollow, regu\u0142y indeksowania i zachowanie link\u00f3w. Narz\u0119dzie wy\u015bwietla dyrektywy Robots meta i X-Robots-Tag, wewn\u0119trzne i zewn\u0119trzne linki follow\/nofollow, anchory oraz kody statusu w jednym, czytelnym raporcie. Mo\u017cesz tak\u017ce wykrywa\u0107 dodatkowe problemy on-page i problemy z nofollow w skali ca\u0142ej witryny, upewniaj\u0105c si\u0119, \u017ce strona jest crawlowana i indeksowana zgodnie z za\u0142o\u017ceniami.<\/p>\n<div id=\"par6\"><\/div>\n<p><div class=\"front__faq-block\"><div class=\"faq__block-title\">FAQ<\/div><div class=\"panel-group\" id=\"faq-accordion\" itemscope itemtype=\"https:\/\/schema.org\/FAQPage\" role=\"tablist\" aria-multiselectable=\"true\"><div class=\"panel\" itemscope itemtype=\"https:\/\/schema.org\/Question\" itemprop=\"mainEntity\">\n                            <div class=\"panel-heading\" id=\"headingFaq-1\">\n                                <div class=\"panel-title\" data-toggle=\"collapse\" aria-expanded=\"false\" href=\"#collapseFaq-1\">\n                                    <h3 itemprop=\"name\">Kiedy powinienem u\u017cywa\u0107 linku nofollow na swojej stronie?<\/h3>\n                                <\/div>\n                            <\/div>\n                            <div id=\"collapseFaq-1\" class=\"panel-collapse collapse\" itemprop=\"acceptedAnswer\" itemscope itemtype=\"http:\/\/schema.org\/Answer\">\n                                <div class=\"panel-body\" itemprop=\"text\">U\u017cywaj nofollow podczas linkowania do niezweryfikowanych \u017ar\u00f3de\u0142, tre\u015bci generowanych przez u\u017cytkownik\u00f3w, p\u0142atnych publikacji lub stron, kt\u00f3rych nie chcesz wspiera\u0107 moc\u0105 link\u00f3w.<\/div>\n                            <\/div>\n                        <\/div><div class=\"panel\" itemscope itemtype=\"https:\/\/schema.org\/Question\" itemprop=\"mainEntity\">\n                            <div class=\"panel-heading\" id=\"headingFaq-2\">\n                                <div class=\"panel-title\" data-toggle=\"collapse\" aria-expanded=\"false\" href=\"#collapseFaq-2\">\n                                    <h3 itemprop=\"name\">Czy linki nofollow mog\u0105 wp\u0142ywa\u0107 na moje pozycje?<\/h3>\n                                <\/div>\n                            <\/div>\n                            <div id=\"collapseFaq-2\" class=\"panel-collapse collapse\" itemprop=\"acceptedAnswer\" itemscope itemtype=\"http:\/\/schema.org\/Answer\">\n                                <div class=\"panel-body\" itemprop=\"text\">Nie przekazuj\u0105 PageRank, ale nadal pomagaj\u0105 wyszukiwarkom zrozumie\u0107 kontekst, odkrywa\u0107 nowe adresy URL i utrzyma\u0107 naturalny profil link\u00f3w.<\/div>\n                            <\/div>\n                        <\/div><div class=\"panel\" itemscope itemtype=\"https:\/\/schema.org\/Question\" itemprop=\"mainEntity\">\n                            <div class=\"panel-heading\" id=\"headingFaq-3\">\n                                <div class=\"panel-title\" data-toggle=\"collapse\" aria-expanded=\"false\" href=\"#collapseFaq-3\">\n                                    <h3 itemprop=\"name\">Czy linki wewn\u0119trzne powinny by\u0107 nofollow?<\/h3>\n                                <\/div>\n                            <\/div>\n                            <div id=\"collapseFaq-3\" class=\"panel-collapse collapse\" itemprop=\"acceptedAnswer\" itemscope itemtype=\"http:\/\/schema.org\/Answer\">\n                                <div class=\"panel-body\" itemprop=\"text\">W wi\u0119kszo\u015bci przypadk\u00f3w nie. Wewn\u0119trzne linki nofollow mog\u0105 przerywa\u0107 \u015bcie\u017cki crawlowania i obni\u017ca\u0107 efektywno\u015b\u0107 indeksowania, chyba \u017ce celowo chcesz zablokowa\u0107 okre\u015blone sekcje.<\/div>\n                            <\/div>\n                        <\/div><div class=\"panel\" itemscope itemtype=\"https:\/\/schema.org\/Question\" itemprop=\"mainEntity\">\n                            <div class=\"panel-heading\" id=\"headingFaq-4\">\n                                <div class=\"panel-title\" data-toggle=\"collapse\" aria-expanded=\"false\" href=\"#collapseFaq-4\">\n                                    <h3 itemprop=\"name\">Czy Google zawsze respektuje atrybut nofollow?<\/h3>\n                                <\/div>\n                            <\/div>\n                            <div id=\"collapseFaq-4\" class=\"panel-collapse collapse\" itemprop=\"acceptedAnswer\" itemscope itemtype=\"http:\/\/schema.org\/Answer\">\n                                <div class=\"panel-body\" itemprop=\"text\">Google traktuje nofollow jako wskaz\u00f3wk\u0119, a nie \u015bcis\u0142\u0105 dyrektyw\u0119. Mo\u017ce mimo to crawlow\u0105\u0107 lub zaindeksowa\u0107 URL, je\u015bli uzna go za istotny.<\/div>\n                            <\/div>\n                        <\/div><div class=\"panel\" itemscope itemtype=\"https:\/\/schema.org\/Question\" itemprop=\"mainEntity\">\n                            <div class=\"panel-heading\" id=\"headingFaq-5\">\n                                <div class=\"panel-title\" data-toggle=\"collapse\" aria-expanded=\"false\" href=\"#collapseFaq-5\">\n                                    <h3 itemprop=\"name\">Jak cz\u0119sto powinienem audytowa\u0107 strony pod k\u0105tem problem\u00f3w z nofollow?<\/h3>\n                                <\/div>\n                            <\/div>\n                            <div id=\"collapseFaq-5\" class=\"panel-collapse collapse\" itemprop=\"acceptedAnswer\" itemscope itemtype=\"http:\/\/schema.org\/Answer\">\n                                <div class=\"panel-body\" itemprop=\"text\">Po aktualizacjach tre\u015bci, redesignach, zmianach CMS, migracjach lub przy nag\u0142ym spadku ruchu \u2013 to najcz\u0119stsze momenty, gdy pojawiaj\u0105 si\u0119 b\u0142\u0119dy nofollow.<\/div>\n                            <\/div>\n                        <\/div><\/div><\/div><\/p>","protected":false},"excerpt":{"rendered":"Czym jest narz\u0119dzie Nofollow Link Checker? Nofollow Link Checker to narz\u0119dzie, kt\u00f3re analizuje stron\u0119 internetow\u0105 i identyfikuje atrybut rel=&#8221;nofollow&#8221; wszystkich link\u00f3w oraz dyrektywy indeksowania. Wykrywa ustawienia Robots meta oraz X-Robots-Tag, sprawdza atrybuty nofollow, pokazuje wewn\u0119trzne i zewn\u0119trzne linki dofollow\/nofollow, dostarcza pe\u0142n\u0105 list\u0119 anchor\u00f3w oraz zwraca kody statusu dla ka\u017cdego URL. Jak narz\u0119dzie mo\u017ce Ci pom\u00f3c&#8230;","protected":false},"author":10409641,"featured_media":0,"parent":0,"menu_order":0,"comment_status":"closed","ping_status":"closed","template":"pages-templates\/pages-minitools-3.php","meta":[],"categories":[72],"tags":[],"_links":{"self":[{"href":"https:\/\/sitechecker.pro\/pl\/wp-json\/wp\/v2\/pages\/29818"}],"collection":[{"href":"https:\/\/sitechecker.pro\/pl\/wp-json\/wp\/v2\/pages"}],"about":[{"href":"https:\/\/sitechecker.pro\/pl\/wp-json\/wp\/v2\/types\/page"}],"author":[{"embeddable":true,"href":"https:\/\/sitechecker.pro\/pl\/wp-json\/wp\/v2\/users\/10409641"}],"replies":[{"embeddable":true,"href":"https:\/\/sitechecker.pro\/pl\/wp-json\/wp\/v2\/comments?post=29818"}],"version-history":[{"count":6,"href":"https:\/\/sitechecker.pro\/pl\/wp-json\/wp\/v2\/pages\/29818\/revisions"}],"predecessor-version":[{"id":39346,"href":"https:\/\/sitechecker.pro\/pl\/wp-json\/wp\/v2\/pages\/29818\/revisions\/39346"}],"wp:attachment":[{"href":"https:\/\/sitechecker.pro\/pl\/wp-json\/wp\/v2\/media?parent=29818"}],"wp:term":[{"taxonomy":"category","embeddable":true,"href":"https:\/\/sitechecker.pro\/pl\/wp-json\/wp\/v2\/categories?post=29818"},{"taxonomy":"post_tag","embeddable":true,"href":"https:\/\/sitechecker.pro\/pl\/wp-json\/wp\/v2\/tags?post=29818"}],"curies":[{"name":"wp","href":"https:\/\/api.w.org\/{rel}","templated":true}]}}