{"id":29810,"date":"2024-01-22T15:46:39","date_gmt":"2024-01-22T15:46:39","guid":{"rendered":"https:\/\/sitechecker.pro\/?page_id=29810"},"modified":"2026-02-19T15:12:39","modified_gmt":"2026-02-19T15:12:39","slug":"dofollow-link-checker-detect-follow-links-link-errors","status":"publish","type":"page","link":"https:\/\/sitechecker.pro\/pl\/dofollow-link-checker\/","title":{"rendered":"Narz\u0119dzie do sprawdzania link\u00f3w dofollow | Wykrywanie link\u00f3w dofollow i b\u0142\u0119d\u00f3w w linkach"},"content":{"rendered":"<p><\/p>\n<h2 id=\"par1\">Czym jest Dofollow Link Checker?<\/h2>\n<p> Dofollow Link Detector od <a href=\"https:\/\/sitechecker.pro\/\" target=\"_blank\" rel=\"noopener noreferrer\">Sitechecker<\/a> to narz\u0119dzie do identyfikowania i analizowania link\u00f3w <a href=\"https:\/\/sitechecker.pro\/what-is-dofollow-link\/\" target=\"_blank\" rel=\"noopener noreferrer\">dofollow<\/a> na stronie internetowej lub na konkretnej podstronie.<\/p>\n<p>To narz\u0119dzie u\u0142atwia r\u00f3wnie\u017c sprawdzanie kod\u00f3w statusu wewn\u0119trznych adres\u00f3w URL oraz analiz\u0119 ich tekst\u00f3w kotwicz\u0105cych. Dodatkowo przeprowadza audyt techniczny Twojej strony, identyfikuj\u0105c i raportuj\u0105c wszelkie problemy zwi\u0105zane z jej podstronami. Obejmuje to tak\u017ce ocen\u0119 wp\u0142ywu i jako\u015bci poszczeg\u00f3lnych stron.<\/p>\n<h3>Narz\u0119dzie mo\u017ce pom\u00f3c na wiele sposob\u00f3w<\/h3>\n<p> <strong>Identyfikacja link\u00f3w Dofollow: <\/strong>zaprojektowane do wykrywania i wyliczania wszystkich adres\u00f3w URL na stronie, kt\u00f3re nie posiadaj\u0105 atrybutu rel=&#8221;<a href=\"https:\/\/sitechecker.pro\/nofollow-link-checker\/\" target=\"_blank\" rel=\"noopener noreferrer\">nofollow<\/a>&#8220;. Dzi\u0119ki temu mo\u017cesz okre\u015bli\u0107, kt\u00f3re URL-e potencjalnie przekazuj\u0105 autorytet strony na potrzeby SEO.<\/p>\n<p><strong>Weryfikacja kod\u00f3w statusu dla wewn\u0119trznych URL-i Dofollow: <\/strong>sprawdzaj kody statusu HTTP wewn\u0119trznych adres\u00f3w URL na swojej stronie, kt\u00f3re s\u0105 oznaczone jako dofollow.<\/p>\n<p><strong>Identyfikowanie i raportowanie b\u0142\u0119d\u00f3w lub problem\u00f3w zwi\u0105zanych z linkami Follow: <\/strong>ukierunkowane na wykrywanie i zg\u0142aszanie b\u0142\u0119d\u00f3w lub problem\u00f3w bezpo\u015brednio powi\u0105zanych z atrybutami follow. Obejmuje to uszkodzone URL-e, nieprawid\u0142owe struktury oraz inne powi\u0105zane b\u0142\u0119dy.<\/p>\n<h3>Kluczowe funkcje narz\u0119dzia<\/h3>\n<p> <strong>Ujednolicony panel: <\/strong>ta funkcja pozwala monitorowa\u0107 wszystkie istotne metryki w jednym, \u0142atwym w nawigacji panelu. Centralizacja upraszcza analiz\u0119 i testowanie nowych hipotez SEO oraz zapewnia pe\u0142ny obraz wydajno\u015bci strony.<\/p>\n<p><strong>Przyjazny interfejs: <\/strong>narz\u0119dzie zosta\u0142o zaprojektowane z my\u015bl\u0105 o wygodzie u\u017cytkownika, dzi\u0119ki czemu nawet osoby bez zaawansowanej wiedzy SEO mog\u0105 skutecznie korzysta\u0107 z jego funkcji. Obejmuje to czyteln\u0105 prezentacj\u0119 danych oraz instrukcje krok po kroku do rozwi\u0105zywania wykrytych problem\u00f3w.<\/p>\n<p><strong>Kompletny zestaw narz\u0119dzi SEO: <\/strong>oferuje rozbudowany pakiet narz\u0119dzi SEO, skupiony w dw\u00f3ch kluczowych funkcjach: Rank Tracker, kt\u00f3ry importuje i aktualizuje s\u0142owa kluczowe rankingowe, obs\u0142uguje wiele wyszukiwarek i dostarcza informacji o najlepiej dzia\u0142aj\u0105cych stronach; oraz Site Monitoring, kt\u00f3ry skanuje strony w poszukiwaniu aktualizacji, takich jak zmiany tre\u015bci i uszkodzone URL-e, co jest kluczowe do \u015bledzenia modyfikacji zwi\u0105zanych z CMS, motywami i wtyczkami itp.<\/p>\n<h2 id=\"par2\">Jak korzysta\u0107 z narz\u0119dzia<\/h2>\n<h3>Krok 1: Aby rozpocz\u0105\u0107 analiz\u0119, wystarczy wprowadzi\u0107 nazw\u0119 domeny lub adres URL konkretnej strony i poczeka\u0107 na wynik<\/h3>\n<div class=\"content__img-wrap\"><img src=\"https:\/\/sitechecker.pro\/wp-content\/uploads\/2024\/01\/dofollow-link-checker.png\" alt=\"Dofollow Link Checker\" class=\"description-img description-img-zoom\" loading=\"lazy\" ><\/div>\n<h3>Krok 2: Otrzymanie wynik\u00f3w<\/h3>\n<p> Dofollow Link Finder oferuje szczeg\u00f3\u0142ow\u0105 analiz\u0119 link\u00f3w wewn\u0119trznych i zewn\u0119trznych strony. Pokazuje ka\u017cdy adres URL oraz odpowiadaj\u0105cy mu kod statusu HTTP, identyfikuj\u0105c przekierowania lub uszkodzone URL-e. Narz\u0119dzie rozr\u00f3\u017cnia tak\u017ce linki \u201edofollow\u201d i \u201enofollow\u201d, co pomaga zachowa\u0107 warto\u015b\u0107 SEO. Ponadto analizuje teksty kotwicz\u0105ce, aby upewni\u0107 si\u0119, \u017ce wspieraj\u0105 SEO, co ma kluczowe znaczenie dla poprawy pozycji strony w wynikach wyszukiwania.<\/p>\n<div class=\"content__img-wrap\"><img src=\"https:\/\/sitechecker.pro\/wp-content\/uploads\/2024\/01\/page-details-dofollow.png\" alt=\"Page Details Dofollow\" class=\"description-img description-img-zoom\" loading=\"lazy\" ><\/div>\n<h2 id=\"par3\">Dodatkowe funkcje<\/h2>\n<p> Sekcja Site Audit zapewnia kompleksowy przegl\u0105d kondycji SEO strony, prezentuj\u0105c wa\u017cne metryki, takie jak liczba krytycznych problem\u00f3w, ostrze\u017ce\u0144, mo\u017cliwo\u015bci optymalizacji oraz powiadomie\u0144. Website Score daje szybki, wizualny obraz aktualnej wydajno\u015bci SEO strony.<\/p>\n<p>Narz\u0119dzie identyfikuje niezindeksowane URL-e, kt\u00f3re zosta\u0142y b\u0142\u0119dnie oznaczone jako \u201efollow\u201d, zapobiegaj\u0105c niew\u0142a\u015bciwemu kierowaniu robot\u00f3w wyszukiwarek. Wykrywa tak\u017ce strony otrzymuj\u0105ce mieszane sygna\u0142y \u201efollow\u201d i \u201enofollow\u201d, co u\u0142atwia okre\u015blenie autorytetu strony dla wyszukiwarek. Wyr\u00f3\u017cnia strony z niewielk\u0105 liczb\u0105 wewn\u0119trznych URL-i \u201efollow\u201d, co mo\u017ce ogranicza\u0107 ich potencja\u0142 rankingowy. Dodatkowo checker dba o to, aby teksty kotwicz\u0105ce dla atrybut\u00f3w \u201efollow\u201d by\u0142y opisowe, pomagaj\u0105c wyszukiwarkom lepiej zrozumie\u0107 kontekst linkowanej tre\u015bci. Dzi\u0119ki tym informacjom webmasterzy mog\u0105 precyzyjnie dostosowa\u0107 strategi\u0119 swojej strony, aby osi\u0105ga\u0107 lepsze wyniki SEO.<\/p>\n<div class=\"content__img-wrap\"><img src=\"https:\/\/sitechecker.pro\/wp-content\/uploads\/2024\/01\/follow-links-issues.png\" alt=\"Follow Links Issues\" class=\"description-img description-img-zoom\" loading=\"lazy\" ><\/div>\n<h2 id=\"par4\">Podsumowanie<\/h2>\n<p> Dofollow Link Analyzer to kompleksowe narz\u0119dzie zaprojektowane do identyfikowania atrybut\u00f3w \u201edofollow\u201d, kt\u00f3re wp\u0142ywaj\u0105 na autorytet SEO. Usprawnia audyt strony dzi\u0119ki ujednoliconemu panelowi do \u0142atwego monitorowania metryk SEO oraz oferuje przyjazny interfejs, odpowiedni nawet dla u\u017cytkownik\u00f3w z ograniczonym do\u015bwiadczeniem w SEO. Rozbudowany zestaw narz\u0119dzi SEO, w tym Rank Tracker i Site Monitoring, pomaga optymalizowa\u0107 strategi\u0119 linkowania strony oraz poprawia pozycje w wyszukiwarkach poprzez rozwi\u0105zywanie problem\u00f3w takich jak niezindeksowane URL-e \u201efollow\u201d i mieszane sygna\u0142y \u201efollow\u201d i \u201enofollow\u201d. Dofollow Link Checker jest niezb\u0119dnym narz\u0119dziem dla webmaster\u00f3w, kt\u00f3rzy chc\u0105 skutecznie poprawi\u0107 wydajno\u015b\u0107 SEO swojej strony. <\/p>\n<div id=\"par5\"><\/div>\n<p> <div class=\"front__faq-block\"><div class=\"faq__block-title\">FAQ<\/div><div class=\"panel-group\" id=\"faq-accordion\" itemscope itemtype=\"https:\/\/schema.org\/FAQPage\" role=\"tablist\" aria-multiselectable=\"true\"><div class=\"panel\" itemscope itemtype=\"https:\/\/schema.org\/Question\" itemprop=\"mainEntity\">\n                            <div class=\"panel-heading\" id=\"headingFaq-1\">\n                                <div class=\"panel-title\" data-toggle=\"collapse\" aria-expanded=\"false\" href=\"#collapseFaq-1\">\n                                    <h3 itemprop=\"name\">Jakie typy link\u00f3w mo\u017ce analizowa\u0107 Dofollow Link Checker?<\/h3>\n                                <\/div>\n                            <\/div>\n                            <div id=\"collapseFaq-1\" class=\"panel-collapse collapse\" itemprop=\"acceptedAnswer\" itemscope itemtype=\"http:\/\/schema.org\/Answer\">\n                                <div class=\"panel-body\" itemprop=\"text\">Dofollow URL Checker mo\u017ce analizowa\u0107 zar\u00f3wno wewn\u0119trzne, jak i zewn\u0119trzne strony \u201edofollow\u201d w obr\u0119bie witryny, w tym ich kody statusu HTTP oraz teksty kotwicz\u0105ce.<\/div>\n                            <\/div>\n                        <\/div><div class=\"panel\" itemscope itemtype=\"https:\/\/schema.org\/Question\" itemprop=\"mainEntity\">\n                            <div class=\"panel-heading\" id=\"headingFaq-2\">\n                                <div class=\"panel-title\" data-toggle=\"collapse\" aria-expanded=\"false\" href=\"#collapseFaq-2\">\n                                    <h3 itemprop=\"name\">Czy narz\u0119dzie online Dofollow Link Checker potrafi wykrywa\u0107 uszkodzone linki?<\/h3>\n                                <\/div>\n                            <\/div>\n                            <div id=\"collapseFaq-2\" class=\"panel-collapse collapse\" itemprop=\"acceptedAnswer\" itemscope itemtype=\"http:\/\/schema.org\/Answer\">\n                                <div class=\"panel-body\" itemprop=\"text\">Tak, potrafi identyfikowa\u0107 uszkodzone URL-e poprzez sprawdzanie kod\u00f3w statusu HTTP adres\u00f3w URL oznaczonych jako \u201edofollow\u201d.<\/div>\n                            <\/div>\n                        <\/div><div class=\"panel\" itemscope itemtype=\"https:\/\/schema.org\/Question\" itemprop=\"mainEntity\">\n                            <div class=\"panel-heading\" id=\"headingFaq-3\">\n                                <div class=\"panel-title\" data-toggle=\"collapse\" aria-expanded=\"false\" href=\"#collapseFaq-3\">\n                                    <h3 itemprop=\"name\">Jak cz\u0119sto nale\u017cy przeprowadza\u0107 audyt strony za pomoc\u0105 Dofollow Link Checker?<\/h3>\n                                <\/div>\n                            <\/div>\n                            <div id=\"collapseFaq-3\" class=\"panel-collapse collapse\" itemprop=\"acceptedAnswer\" itemscope itemtype=\"http:\/\/schema.org\/Answer\">\n                                <div class=\"panel-body\" itemprop=\"text\">Zalecane s\u0105 regularne audyty, szczeg\u00f3lnie po du\u017cych aktualizacjach tre\u015bci, przebudowie struktury strony lub gdy zauwa\u017calne s\u0105 zmiany w ruchu. Niekt\u00f3rzy planuj\u0105 audyty co miesi\u0105c lub co kwarta\u0142, w zale\u017cno\u015bci od wielko\u015bci i dynamiki witryny.<\/div>\n                            <\/div>\n                        <\/div><\/div><\/div><\/p>","protected":false},"excerpt":{"rendered":"Czym jest Dofollow Link Checker? Dofollow Link Detector od Sitechecker to narz\u0119dzie do identyfikowania i analizowania link\u00f3w dofollow na stronie internetowej lub na konkretnej podstronie. To narz\u0119dzie u\u0142atwia r\u00f3wnie\u017c sprawdzanie kod\u00f3w statusu wewn\u0119trznych adres\u00f3w URL oraz analiz\u0119 ich tekst\u00f3w kotwicz\u0105cych. Dodatkowo przeprowadza audyt techniczny Twojej strony, identyfikuj\u0105c i raportuj\u0105c wszelkie problemy zwi\u0105zane z jej podstronami&#8230;.","protected":false},"author":10409641,"featured_media":0,"parent":0,"menu_order":0,"comment_status":"closed","ping_status":"closed","template":"pages-templates\/pages-minitools-3.php","meta":[],"categories":[72],"tags":[],"_links":{"self":[{"href":"https:\/\/sitechecker.pro\/pl\/wp-json\/wp\/v2\/pages\/29810"}],"collection":[{"href":"https:\/\/sitechecker.pro\/pl\/wp-json\/wp\/v2\/pages"}],"about":[{"href":"https:\/\/sitechecker.pro\/pl\/wp-json\/wp\/v2\/types\/page"}],"author":[{"embeddable":true,"href":"https:\/\/sitechecker.pro\/pl\/wp-json\/wp\/v2\/users\/10409641"}],"replies":[{"embeddable":true,"href":"https:\/\/sitechecker.pro\/pl\/wp-json\/wp\/v2\/comments?post=29810"}],"version-history":[{"count":8,"href":"https:\/\/sitechecker.pro\/pl\/wp-json\/wp\/v2\/pages\/29810\/revisions"}],"predecessor-version":[{"id":39378,"href":"https:\/\/sitechecker.pro\/pl\/wp-json\/wp\/v2\/pages\/29810\/revisions\/39378"}],"wp:attachment":[{"href":"https:\/\/sitechecker.pro\/pl\/wp-json\/wp\/v2\/media?parent=29810"}],"wp:term":[{"taxonomy":"category","embeddable":true,"href":"https:\/\/sitechecker.pro\/pl\/wp-json\/wp\/v2\/categories?post=29810"},{"taxonomy":"post_tag","embeddable":true,"href":"https:\/\/sitechecker.pro\/pl\/wp-json\/wp\/v2\/tags?post=29810"}],"curies":[{"name":"wp","href":"https:\/\/api.w.org\/{rel}","templated":true}]}}