{"id":2833,"date":"2019-01-25T09:12:58","date_gmt":"2019-01-25T09:12:58","guid":{"rendered":"https:\/\/sitechecker.pro\/?page_id=2833"},"modified":"2024-09-25T10:24:57","modified_gmt":"2024-09-25T10:24:57","slug":"backlinks-checker","status":"publish","type":"page","link":"https:\/\/sitechecker.pro\/pl\/backlinks-checker\/","title":{"rendered":"Backlink Checker &#038; Tracker: Analizuj Backlinki \u1408"},"content":{"rendered":"<p>Gdy tworzysz <b>link <\/b>do innej witryny na stronach swojej witryny, nazywa si\u0119 to <b>linkiem zwrotnym<\/b>. Strony internetowe wymieniaj\u0105 si\u0119 takimi linkami, aby przekaza\u0107 wag\u0119 link\u00f3w i ruch u\u017cytkownik\u00f3w. Niemniej jednak nie wszystkie linki mog\u0105 pozytywnie wp\u0142yn\u0105\u0107 na ranking Twojej witryny w wyszukiwarkach. Podczas <b>linkowania wstecznego <\/b>swojego linku nale\u017cy zwraca\u0107 uwag\u0119 na autorytet witryn i ich temat. Je\u015bli otrzymujesz linki zwrotne z witryn o niskiej jako\u015bci, <b>wyszukiwarka<\/b> mo\u017ce r\u00f3wnie\u017c uzna\u0107 Twoj\u0105 witryn\u0119 za s\u0142ab\u0105. Dlatego wa\u017cne jest, aby sprawdzi\u0107 linki wsteczne i zobaczy\u0107, kt\u00f3re witryny linkuj\u0105 do Ciebie i do jakich witryn linkujesz.<\/p>\n<p>Opracowali\u015bmy bezp\u0142atne narz\u0119dzie o nazwie <b>Kontroler link\u00f3w wstecznych<\/b>, kt\u00f3re analizuje ca\u0142y profil link\u00f3w wstecznych witryny, do kt\u00f3rej prowadzisz link. Mo\u017cesz go u\u017cywa\u0107 za darmo do przeprowadzania audyt\u00f3w link\u00f3w zwrotnych u konkurencji. Twoje badania marketingowe mog\u0105 czerpa\u0107 korzy\u015bci z informacji o linkach zwrotnych Twojej konkurencji, wi\u0119c nasze narz\u0119dzie r\u00f3wnie\u017c przyda si\u0119 do tego zadania. Powiemy Ci, jak i dlaczego sprawdzasz linki zwrotne za pomoc\u0105 naszego <b>narz\u0119dzia do testowania link\u00f3w zwrotnych.<\/b><\/p>\n<h2 id=\"ik_Guide\">Spos\u00f3b sprawdzania link\u00f3w zwrotnych: przewodnik krok po kroku<\/h2>\n<p>Aby uzyska\u0107 kompetentn\u0105 promocj\u0119 w wyszukiwarkach, nale\u017cy zwr\u00f3ci\u0107 uwag\u0119 na wiele czynnik\u00f3w. Jednym z istotnych czynnik\u00f3w jest jako\u015b\u0107 i ilo\u015b\u0107 link\u00f3w zwrotnych. Wyszukiwarki zalecaj\u0105 usuni\u0119cie z Twojej witryny link\u00f3w do witryn o niskiej jako\u015bci i toksycznych. W przeciwnym razie mo\u017cesz zosta\u0107 ukarany przez wyszukiwark\u0119 i podlega\u0107 sankcjom. Wtedy stracisz potencjalny ruch i klient\u00f3w swojej witryny, a tak\u017ce wypadniesz z wynik\u00f3w wyszukiwania.<\/p>\n<p>Opracowali\u015bmy bezp\u0142atne narz\u0119dzie testowe Backlink Checker, aby przeprowadzi\u0107 dok\u0142adny audyt link\u00f3w wstecznych Twojej witryny. G\u0142\u00f3wnym celem naszego oprogramowania \u015bledz\u0105cego jest sprawdzanie link\u00f3w wstecznych i wyszukiwanie profilu link\u00f3w wstecznych dowolnego<b>URL<\/b>.<\/p>\n<p>C\u00f3\u017c, nasze nowe narz\u0119dzia do analizowania s\u0105 bardzo \u0142atwe w u\u017cyciu. Korzystanie z naszego<b> narz\u0119dzia do sprawdzania witryn. <\/b>profesjonalny przyk\u0142ad poni\u017cej, poka\u017cemy Ci, jak w dw\u00f3ch prostych krokach mo\u017cesz wykona\u0107 skanowanie i analiz\u0119 link\u00f3w wstecznych w swojej witrynie.<\/p>\n<h3>Krok 1: Wstaw sw\u00f3j adres URL<\/h3>\n<p>Wprowad\u017a w naszym narz\u0119dziu <b>stron\u0119 URL<\/b>, kt\u00f3ra Ci\u0119 interesuje. Mo\u017ce to by\u0107 Twoja witryna lub witryny konkurencji. Nast\u0119pnie kliknij przycisk strza\u0142ki i rozpocznij <b>analiz\u0119<\/b>.<br \/>\n<div class=\"content__img-wrap\"><img src=\"https:\/\/sitechecker.pro\/wp-content\/uploads\/2022\/04\/backlink-checker-new--1.jpg\" alt=\"Skanowanie robota indeksuj\u0105cego link\u00f3w zwrotnych - u\u017cyj narz\u0119dzia do sprawdzania link\u00f3w wstecznych, aby uzyska\u0107 skuteczne strategie budowania link\u00f3w\" class=\"description-img description-img-zoom\" loading=\"lazy\" ><\/div><\/p>\n<h3>Krok 2: Interpretacja wynik\u00f3w bezp\u0142atnego sprawdzania link\u00f3w zwrotnych<\/h3>\n<p>Po zako\u0144czeniu skanowania zobaczysz szczeg\u00f3\u0142owy raport o stanie link\u00f3w zwrotnych. B\u0119d\u0105 zar\u00f3wno linki <b>dofollow, jak i nofollow<\/b> oraz ca\u0142kowita liczba link\u00f3w wstecznych i <b>domeny odsy\u0142aj\u0105ce<\/b>. Przeanalizuj te informacje i pozb\u0105d\u017a si\u0119 link\u00f3w zwrotnych niskiej jako\u015bci, aby nie zaszkodzi\u0107 promocji Twojej witryny w<b> wyszukiwarkach.<\/b> Mo\u017cesz nawet pobra\u0107 swoje i konkurencyjne <b>wyniki<\/b>.<br \/>\n<div class=\"content__img-wrap\"><img src=\"https:\/\/sitechecker.pro\/wp-content\/uploads\/2022\/05\/backlinks_checker_result.png\" alt=\"Backlink Checker Link Counter - u\u017cyj narz\u0119dzia do sprawdzania link\u00f3w wstecznych do analizy link\u00f3w zwrotnych w celu wykrycia spamerskich link\u00f3w dla udane budowanie link\u00f3w\" class=\"description-img description-img-zoom\" loading=\"lazy\" ><\/div><\/p>\n<p>Pami\u0119taj, \u017ce linki zwrotne s\u0105 niezb\u0119dne do SEO. Wysokiej jako\u015bci linki mog\u0105 pom\u00f3c Ci w wy\u015bcigu o ruch z konkurencj\u0105. Dzi\u0119ki bezp\u0142atnemu <b>narz\u0119dziu do skanowania link\u00f3w zwrotnych<\/b> mo\u017cesz bez wysi\u0142ku przegl\u0105da\u0107 linki zwrotne.<\/p>\n<h2 id=\"ik_Cases\">Przypadki, w kt\u00f3rych potrzebne jest sprawdzanie link\u00f3w zwrotnych<\/h2>\n<p>Linki zwrotne do Twojej witryny informuj\u0105 wyszukiwarki, \u017ce inne witryny uwa\u017caj\u0105 Twoj\u0105 witryn\u0119 za <b>autorytatywn\u0105<\/b>. Je\u015bli wiele dobrych witryn zawiera linki do Twojej witryny, wyszukiwarka uzna Twoj\u0105 witryn\u0119 za dobr\u0105 i zapewni Ci wy\u017csz\u0105 pozycj\u0119 w rankingu. Je\u015bli Twoja tre\u015b\u0107 zawiera link, Twoja witryna jest przydatna dla u\u017cytkownik\u00f3w i mo\u017ce by\u0107 wy\u015bwietlana w wyszukiwarce dla <b>zapyta\u0144 generowanych przez u\u017cytkownik\u00f3w<\/b>. Pozyskiwanie link\u00f3w zwrotnych ma pozytywny wp\u0142yw na <b>mo\u017cliwo\u015bci<\/b> Twojej witryny i wielko\u015b\u0107 ruchu u\u017cytkownik\u00f3w.<\/p>\n<p>Kiedy wi\u0119c mo\u017cesz skorzysta\u0107 z <b>strategii rozwoju<\/b> witryny z linkami zwrotnymi? Mo\u017cesz zarabia\u0107 na linkach zewn\u0119trznych, ale zajmie to du\u017co czasu. Aby utworzy\u0107 profil link\u00f3w witryny, musisz <b>okre\u015bli\u0107 <\/b>przydatne tre\u015bci, kt\u00f3re u\u017cytkownicy b\u0119d\u0105 chcieli udost\u0119pnia\u0107 w swoich <b>sieciach spo\u0142eczno\u015bciowych<\/b> w swoich witrynach. Tylko tre\u015b\u0107 tekstowa <b>jako\u015bci<\/b> przyci\u0105ga uwag\u0119 u\u017cytkownik\u00f3w i w\u0142a\u015bcicieli innych witryn.<\/p>\n<p>Jak zdoby\u0107 linki? Tw\u00f3rz przydatne dane i tre\u015bci, a linki zwrotne Ci\u0119 znajd\u0105. Wymieniaj si\u0119 linkami ze swoimi <b>partnerami<\/b>. Pisz <b>posty go\u015bci<\/b> i oferuj je redaktorom popularnych witryn. Wielu tw\u00f3rc\u00f3w stron internetowych z przyjemno\u015bci\u0105 akceptuje wysokiej jako\u015bci tre\u015bci i umieszcza linki do Twojej witryny ca\u0142kowicie za darmo za pomoc\u0105 kotwicy s\u0142\u00f3w kluczowych! Inn\u0105 opcj\u0105 jest kupowanie link\u00f3w. Nawet w tej opcji musisz \u015bledzi\u0107 okre\u015blone strony internetowe.<\/p>\n<p>Musisz <b>sprawdzi\u0107 <\/b> ilo\u015b\u0107 i jako\u015b\u0107 link\u00f3w zwrotnych, poniewa\u017c nie wszystkie z nich s\u0105 jednakowo przydatne dla Twojej witryny. Zdarza si\u0119, \u017ce <b>konkurenci <\/b> mog\u0105 kupowa\u0107 linki do Twojej witryny o niskiej jako\u015bci wyniku dr oraz z\u0142ych i zawieraj\u0105cych spam zasob\u00f3w, aby zaszkodzi\u0107 promocji Twojej witryny. Linki zwrotne z renomowanych i nie spamuj\u0105cych zasob\u00f3w przynios\u0105 korzy\u015bci i pozytywnie wp\u0142yn\u0105 na pozycj\u0119 w wyszukiwarce. Otrzymujesz ruch przychodz\u0105cy u\u017cytkownik\u00f3w, podczas gdy u\u017cytkownicy b\u0119d\u0105 pod\u0105\u017ca\u0107 za linkiem do Twojej witryny. Ponadto, nawet je\u015bli nie, otrzymasz wag\u0119 linku. Uzyskaj wzmianki o <b>reputowanych witrynach<\/b> i zwi\u0119ksz pozycj\u0119 swojej witryny w <b>rankingach wyszukiwarek.<\/b><\/p>\n<p>Aby uzyska\u0107 wysok\u0105 pozycj\u0119 w wynikach wyszukiwania i uzyska\u0107 wi\u0119kszy ruch organiczny na swojej stronie, zaleca si\u0119 monitorowanie ilo\u015bci i jako\u015bci link\u00f3w zwrotnych. U\u017cyj wyszukiwarki link\u00f3w wstecznych, aby przeanalizowa\u0107 sw\u00f3j profil link\u00f3w, tak jak mo\u017cesz to zrobi\u0107 za pomoc\u0105 ahrefs. Jest to ca\u0142kowicie darmowy spos\u00f3b sprawdzania i analizowania link\u00f3w zwrotnych, wi\u0119c nie zapomnij regularnie sprawdza\u0107 indeksu witryny za pomoc\u0105 kontroler\u00f3w.<\/p>\n<p><div class=\"front__faq-block\"><div class=\"faq__block-title\">Najcz\u0119\u015bciej zadawane pytania<\/div><div class=\"panel-group\" id=\"faq-accordion\" itemscope itemtype=\"https:\/\/schema.org\/FAQPage\" role=\"tablist\" aria-multiselectable=\"true\"><div class=\"panel\" itemscope itemtype=\"https:\/\/schema.org\/Question\" itemprop=\"mainEntity\">\n                            <div class=\"panel-heading\" id=\"headingFaq-1\">\n                                <div class=\"panel-title\" data-toggle=\"collapse\" aria-expanded=\"false\" href=\"#collapseFaq-1\">\n                                    <h3 itemprop=\"name\">Jak znale\u017a\u0107 linki zwrotne mojej konkurencji?<\/h3>\n                                <\/div>\n                            <\/div>\n                            <div id=\"collapseFaq-1\" class=\"panel-collapse collapse\" itemprop=\"acceptedAnswer\" itemscope itemtype=\"http:\/\/schema.org\/Answer\">\n                                <div class=\"panel-body\" itemprop=\"text\">Podczas analizowania strategii kupowania link\u00f3w zwrotnych u konkurencji, mo\u017cesz znale\u017a\u0107 przydatne witryny, kt\u00f3re mog\u0105 r\u00f3wnie\u017c umie\u015bci\u0107 Tw\u00f3j link. Nasz darmowy program do sprawdzania pomo\u017ce Ci uzyska\u0107 te informacje i wykorzysta\u0107 je do zwi\u0119kszenia warto\u015bci Twojej witryny.<\/div>\n                            <\/div>\n                        <\/div><div class=\"panel\" itemscope itemtype=\"https:\/\/schema.org\/Question\" itemprop=\"mainEntity\">\n                            <div class=\"panel-heading\" id=\"headingFaq-2\">\n                                <div class=\"panel-title\" data-toggle=\"collapse\" aria-expanded=\"false\" href=\"#collapseFaq-2\">\n                                    <h3 itemprop=\"name\">Ile rodzaj\u00f3w link\u00f3w zwrotnych jest w SEO?<\/h3>\n                                <\/div>\n                            <\/div>\n                            <div id=\"collapseFaq-2\" class=\"panel-collapse collapse\" itemprop=\"acceptedAnswer\" itemscope itemtype=\"http:\/\/schema.org\/Answer\">\n                                <div class=\"panel-body\" itemprop=\"text\">Linki zwrotne to linki w innych witrynach, kt\u00f3re prowadz\u0105 do Twojej witryny. Wyszukiwarki analizuj\u0105 liczb\u0119 i jako\u015b\u0107 link\u00f3w przychodz\u0105cych, kt\u00f3re prowadz\u0105 do Twojej witryny. Tw\u00f3j ranking jest bezpo\u015brednio zwi\u0105zany z jako\u015bci\u0105 link\u00f3w zwrotnych. Im wi\u0119cej (jako\u015bci) link\u00f3w zwrotnych mie\u0107, tym wi\u0119cej mo\u017cesz uzyska\u0107 w rankingu wyszukiwarek. Google i inne wyszukiwarki analizuj\u0105 ka\u017cdy najlepszy link zwrotny i przyjmuj\u0105 dobre linki jako odniesienie. W rezultacie, im wi\u0119ksza liczba link\u00f3w zwrotnych, tym bardziej niezawodne i u\u017cyteczne wyszukiwarki rozwa\u017c\u0105 Twoj\u0105 witryn\u0119. I ostatecznie, tym lepszy b\u0119dzie tw\u00f3j ranking.<\/div>\n                            <\/div>\n                        <\/div><div class=\"panel\" itemscope itemtype=\"https:\/\/schema.org\/Question\" itemprop=\"mainEntity\">\n                            <div class=\"panel-heading\" id=\"headingFaq-3\">\n                                <div class=\"panel-title\" data-toggle=\"collapse\" aria-expanded=\"false\" href=\"#collapseFaq-3\">\n                                    <h3 itemprop=\"name\">Jak dzia\u0142a link zwrotny?<\/h3>\n                                <\/div>\n                            <\/div>\n                            <div id=\"collapseFaq-3\" class=\"panel-collapse collapse\" itemprop=\"acceptedAnswer\" itemscope itemtype=\"http:\/\/schema.org\/Answer\">\n                                <div class=\"panel-body\" itemprop=\"text\">Link zwrotny przenosi niewielk\u0105 wag\u0119 linku z jednej witryny do drugiej. <\/div>\n                            <\/div>\n                        <\/div><\/div><\/div><\/p>","protected":false},"excerpt":{"rendered":"Gdy tworzysz link do innej witryny na stronach swojej witryny, nazywa si\u0119 to linkiem zwrotnym. Strony internetowe wymieniaj\u0105 si\u0119 takimi linkami, aby przekaza\u0107 wag\u0119 link\u00f3w i ruch u\u017cytkownik\u00f3w. Niemniej jednak nie wszystkie linki mog\u0105 pozytywnie wp\u0142yn\u0105\u0107 na ranking Twojej witryny w wyszukiwarkach. Podczas linkowania wstecznego swojego linku nale\u017cy zwraca\u0107 uwag\u0119 na autorytet witryn i ich&#8230;","protected":false},"author":10409641,"featured_media":3764,"parent":0,"menu_order":0,"comment_status":"closed","ping_status":"closed","template":"front-page.php","meta":[],"categories":[30],"tags":[],"_links":{"self":[{"href":"https:\/\/sitechecker.pro\/pl\/wp-json\/wp\/v2\/pages\/2833"}],"collection":[{"href":"https:\/\/sitechecker.pro\/pl\/wp-json\/wp\/v2\/pages"}],"about":[{"href":"https:\/\/sitechecker.pro\/pl\/wp-json\/wp\/v2\/types\/page"}],"author":[{"embeddable":true,"href":"https:\/\/sitechecker.pro\/pl\/wp-json\/wp\/v2\/users\/10409641"}],"replies":[{"embeddable":true,"href":"https:\/\/sitechecker.pro\/pl\/wp-json\/wp\/v2\/comments?post=2833"}],"version-history":[{"count":134,"href":"https:\/\/sitechecker.pro\/pl\/wp-json\/wp\/v2\/pages\/2833\/revisions"}],"predecessor-version":[{"id":33589,"href":"https:\/\/sitechecker.pro\/pl\/wp-json\/wp\/v2\/pages\/2833\/revisions\/33589"}],"wp:featuredmedia":[{"embeddable":true,"href":"https:\/\/sitechecker.pro\/pl\/wp-json\/wp\/v2\/media\/3764"}],"wp:attachment":[{"href":"https:\/\/sitechecker.pro\/pl\/wp-json\/wp\/v2\/media?parent=2833"}],"wp:term":[{"taxonomy":"category","embeddable":true,"href":"https:\/\/sitechecker.pro\/pl\/wp-json\/wp\/v2\/categories?post=2833"},{"taxonomy":"post_tag","embeddable":true,"href":"https:\/\/sitechecker.pro\/pl\/wp-json\/wp\/v2\/tags?post=2833"}],"curies":[{"name":"wp","href":"https:\/\/api.w.org\/{rel}","templated":true}]}}